{"id":13839,"date":"2023-05-12T15:41:54","date_gmt":"2023-05-12T15:41:54","guid":{"rendered":"https:\/libro\/viaje-a-ladakh-el-pequeno-tibet\/"},"modified":"2023-05-27T15:18:35","modified_gmt":"2023-05-27T15:18:35","slug":"viaje-a-ladakh-el-pequeno-tibet","status":"publish","type":"product","link":"https:\/\/www.laertes.es\/ca\/llibre\/viaje-a-ladakh-el-pequeno-tibet\/","title":{"rendered":"Viaje a Ladakh, el peque\u00f1o T\u00edbet"},"content":{"rendered":"<p>Viaje a Ladakh, el peque\u00f1o T\u00edbet<\/p>\n<p>Viaje a Ladakh, el peque\u00f1o T\u00edbet Ladakh, regi\u00f3n situada en la vertiente norte del Himalaya indio, posee un enorme atractivo para el viajero. A la belleza abrupta de sus inmensas monta\u00f1as y valles se une la riqueza y originalidad de una cultura, la tibetana, conservada con una pureza dif\u00edcil de hallar en el propio T\u00edbet central. La hospitalidad y simpat\u00eda de sus habitantes, todav\u00eda no contaminados por el turismo masivo, hacen del viaje una continua invitaci\u00f3n al disfrute, al aprendizaje, a la reflexi\u00f3n.<br \/>\n<strong>\u00a0 \u00a0 \u00a0<\/strong>Con Marta Torres visitaremos Dharamsala y el sue\u00f1o del exilio tibetano, cruzaremos la Gran Cordillera por el Rothang Pass con los moteros que hacen la \u00abManali-Leh Road\u00bb y nos dejaremos rodear por las cabras pashminas del altiplano tibetano. Llegaremos al valle del Indo, cuna del reino de Ladakh, y nos adentraremos en el misterio de sus monasterios budistas. Adem\u00e1s, el valle de Nubra y sus dunas de arena dorada, los espectaculares mandalas de Alchi o el conflicto en Cachemira ser\u00e1n otros hitos del viaje.<br \/>\n<strong>\u00a0 \u00a0 \u00a0<\/strong>La autora va acompa\u00f1ada en su camino de monjes recitando mantras, moteros y camioneros, camellos bactrianos perdidos, n\u00f3madas pastoreando sus cabras, misioneros con una Biblia en las manos, viajeras extravagantes, artistas, militares, exploradores, esp\u00edas y escritores que, juntos, constituyen un variado paisaje humano en un viaje que no acaba al cerrar las p\u00e1ginas del libro.<strong>\u00a0<\/strong>Con Marta Torres visitaremos Dharamsala y el sue\u00f1o del exilio tibetano, cruzaremos la Gran Cordillera por el Rothang Pass con los moteros que hacen la \u00abManali-Leh Road\u00bb y nos dejaremos rodear por las cabras pashminas del altiplano tibetano. Llegaremos al valle del Indo, cuna del reino de Ladakh, y nos adentraremos en el misterio de sus monasterios budistas. Adem\u00e1s, el valle de Nubra y sus dunas de arena dorada, los espectaculares mandalas de Alchi o el conflicto en Cachemira ser\u00e1n otros hitos del viaje.<br \/>\n<strong>\u00a0 \u00a0 \u00a0<\/strong>La autora va acompa\u00f1ada en su camino de monjes recitando mantras, moteros y camioneros, camellos bactrianos perdidos, n\u00f3madas pastoreando sus cabras, misioneros con una Biblia en las manos, viajeras extravagantes, artistas, militares, exploradores, esp\u00edas y escritores que, juntos, constituyen un variado paisaje humano en un viaje que no acaba al cerrar las p\u00e1ginas del libro.<\/p>\n","protected":false},"excerpt":{"rendered":"<p>Viaje a Ladakh, el peque\u00f1o T\u00edbet Viaje a Ladakh, el peque\u00f1o T\u00edbet Ladakh, regi\u00f3n situada en la vertiente norte del<\/p>\n","protected":false},"featured_media":13969,"template":"","meta":[],"product_brand":[],"product_cat":[339],"product_tag":[812,711,818,815,867,843],"autores":[810],"formatos":[355],"materias":[375],"class_list":{"0":"post-13839","1":"product","2":"type-product","3":"status-publish","4":"has-post-thumbnail","6":"product_cat-nan-shan-ca","7":"product_tag-antropologia-ca","8":"product_tag-aventura-ca","9":"product_tag-cronicas-de-viaje-ca","10":"product_tag-mochilero-ca","11":"product_tag-turismo-ca","12":"product_tag-vacaciones-ca","13":"autores-torres-santo-domingo-marta-ca","14":"formatos-llibre","15":"materias-literatura-de-viajes-ca","17":"first","18":"instock","19":"taxable","20":"shipping-taxable","21":"purchasable","22":"product-type-simple"},"yoast_head":"<!-- This site is optimized with the Yoast SEO plugin v27.3 - https:\/\/yoast.com\/product\/yoast-seo-wordpress\/ -->\n<title>Viaje a Ladakh, el peque\u00f1o T\u00edbet | Laertes ediciones<\/title>\n<meta name=\"description\" content=\"Ladakh, regi\u00f3n situada en la vertiente norte del Himalaya indio, posee un enorme atractivo para el viajero. | Viaje a Ladakh, el peque\u00f1o T\u00edbet\" \/>\n<meta name=\"robots\" content=\"index, follow, max-snippet:-1, max-image-preview:large, max-video-preview:-1\" \/>\n<link rel=\"canonical\" href=\"https:\/\/www.laertes.es\/ca\/llibre\/viaje-a-ladakh-el-pequeno-tibet\/\" \/>\n<meta property=\"og:locale\" content=\"ca_ES\" \/>\n<meta property=\"og:type\" content=\"article\" \/>\n<meta property=\"og:title\" content=\"Viaje a Ladakh, el peque\u00f1o T\u00edbet | Laertes ediciones\" \/>\n<meta property=\"og:description\" content=\"Ladakh, regi\u00f3n situada en la vertiente norte del Himalaya indio, posee un enorme atractivo para el viajero. | Viaje a Ladakh, el peque\u00f1o T\u00edbet\" \/>\n<meta property=\"og:url\" content=\"https:\/\/www.laertes.es\/ca\/llibre\/viaje-a-ladakh-el-pequeno-tibet\/\" \/>\n<meta property=\"og:site_name\" content=\"Laertes ediciones\" \/>\n<meta property=\"article:modified_time\" content=\"2023-05-27T15:18:35+00:00\" \/>\n<meta property=\"og:image\" content=\"https:\/\/www.laertes.es\/wp-content\/uploads\/2023\/05\/NAN089.webp\" \/>\n\t<meta property=\"og:image:width\" content=\"802\" \/>\n\t<meta property=\"og:image:height\" content=\"1200\" \/>\n\t<meta property=\"og:image:type\" content=\"image\/webp\" \/>\n<script type=\"application\/ld+json\" class=\"yoast-schema-graph\">{\"@context\":\"https:\\\/\\\/schema.org\",\"@graph\":[{\"@type\":\"WebPage\",\"@id\":\"https:\\\/\\\/www.laertes.es\\\/ca\\\/llibre\\\/viaje-a-ladakh-el-pequeno-tibet\\\/\",\"url\":\"https:\\\/\\\/www.laertes.es\\\/ca\\\/llibre\\\/viaje-a-ladakh-el-pequeno-tibet\\\/\",\"name\":\"Viaje a Ladakh, el peque\u00f1o T\u00edbet | Laertes ediciones\",\"isPartOf\":{\"@id\":\"https:\\\/\\\/www.laertes.es\\\/ca\\\/#website\"},\"primaryImageOfPage\":{\"@id\":\"https:\\\/\\\/www.laertes.es\\\/ca\\\/llibre\\\/viaje-a-ladakh-el-pequeno-tibet\\\/#primaryimage\"},\"image\":{\"@id\":\"https:\\\/\\\/www.laertes.es\\\/ca\\\/llibre\\\/viaje-a-ladakh-el-pequeno-tibet\\\/#primaryimage\"},\"thumbnailUrl\":\"https:\\\/\\\/www.laertes.es\\\/wp-content\\\/uploads\\\/2023\\\/05\\\/NAN089.webp\",\"datePublished\":\"2023-05-12T15:41:54+00:00\",\"dateModified\":\"2023-05-27T15:18:35+00:00\",\"description\":\"Ladakh, regi\u00f3n situada en la vertiente norte del Himalaya indio, posee un enorme atractivo para el viajero. | Viaje a Ladakh, el peque\u00f1o T\u00edbet\",\"breadcrumb\":{\"@id\":\"https:\\\/\\\/www.laertes.es\\\/ca\\\/llibre\\\/viaje-a-ladakh-el-pequeno-tibet\\\/#breadcrumb\"},\"inLanguage\":\"ca\",\"potentialAction\":[{\"@type\":\"ReadAction\",\"target\":[\"https:\\\/\\\/www.laertes.es\\\/ca\\\/llibre\\\/viaje-a-ladakh-el-pequeno-tibet\\\/\"]}]},{\"@type\":\"ImageObject\",\"inLanguage\":\"ca\",\"@id\":\"https:\\\/\\\/www.laertes.es\\\/ca\\\/llibre\\\/viaje-a-ladakh-el-pequeno-tibet\\\/#primaryimage\",\"url\":\"https:\\\/\\\/www.laertes.es\\\/wp-content\\\/uploads\\\/2023\\\/05\\\/NAN089.webp\",\"contentUrl\":\"https:\\\/\\\/www.laertes.es\\\/wp-content\\\/uploads\\\/2023\\\/05\\\/NAN089.webp\",\"width\":802,\"height\":1200,\"caption\":\"Viaje a Ladakh, el peque\u00f1o T\u00edbet\"},{\"@type\":\"BreadcrumbList\",\"@id\":\"https:\\\/\\\/www.laertes.es\\\/ca\\\/llibre\\\/viaje-a-ladakh-el-pequeno-tibet\\\/#breadcrumb\",\"itemListElement\":[{\"@type\":\"ListItem\",\"position\":1,\"name\":\"Portada\",\"item\":\"https:\\\/\\\/www.laertes.es\\\/ca\\\/\"},{\"@type\":\"ListItem\",\"position\":2,\"name\":\"Tienda\",\"item\":\"https:\\\/\\\/www.laertes.es\\\/tienda\\\/\"},{\"@type\":\"ListItem\",\"position\":3,\"name\":\"Viaje a Ladakh, el peque\u00f1o T\u00edbet\"}]},{\"@type\":\"WebSite\",\"@id\":\"https:\\\/\\\/www.laertes.es\\\/ca\\\/#website\",\"url\":\"https:\\\/\\\/www.laertes.es\\\/ca\\\/\",\"name\":\"Laertes Ediciones\",\"description\":\"Editorial independiente desde 1975\",\"alternateName\":\"Laertes\",\"potentialAction\":[{\"@type\":\"SearchAction\",\"target\":{\"@type\":\"EntryPoint\",\"urlTemplate\":\"https:\\\/\\\/www.laertes.es\\\/ca\\\/?s={search_term_string}\"},\"query-input\":{\"@type\":\"PropertyValueSpecification\",\"valueRequired\":true,\"valueName\":\"search_term_string\"}}],\"inLanguage\":\"ca\"}]}<\/script>\n<!-- \/ Yoast SEO plugin. -->","yoast_head_json":{"title":"Viaje a Ladakh, el peque\u00f1o T\u00edbet | Laertes ediciones","description":"Ladakh, regi\u00f3n situada en la vertiente norte del Himalaya indio, posee un enorme atractivo para el viajero. | Viaje a Ladakh, el peque\u00f1o T\u00edbet","robots":{"index":"index","follow":"follow","max-snippet":"max-snippet:-1","max-image-preview":"max-image-preview:large","max-video-preview":"max-video-preview:-1"},"canonical":"https:\/\/www.laertes.es\/ca\/llibre\/viaje-a-ladakh-el-pequeno-tibet\/","og_locale":"ca_ES","og_type":"article","og_title":"Viaje a Ladakh, el peque\u00f1o T\u00edbet | Laertes ediciones","og_description":"Ladakh, regi\u00f3n situada en la vertiente norte del Himalaya indio, posee un enorme atractivo para el viajero. | Viaje a Ladakh, el peque\u00f1o T\u00edbet","og_url":"https:\/\/www.laertes.es\/ca\/llibre\/viaje-a-ladakh-el-pequeno-tibet\/","og_site_name":"Laertes ediciones","article_modified_time":"2023-05-27T15:18:35+00:00","og_image":[{"width":802,"height":1200,"url":"https:\/\/www.laertes.es\/wp-content\/uploads\/2023\/05\/NAN089.webp","type":"image\/webp"}],"schema":{"@context":"https:\/\/schema.org","@graph":[{"@type":"WebPage","@id":"https:\/\/www.laertes.es\/ca\/llibre\/viaje-a-ladakh-el-pequeno-tibet\/","url":"https:\/\/www.laertes.es\/ca\/llibre\/viaje-a-ladakh-el-pequeno-tibet\/","name":"Viaje a Ladakh, el peque\u00f1o T\u00edbet | Laertes ediciones","isPartOf":{"@id":"https:\/\/www.laertes.es\/ca\/#website"},"primaryImageOfPage":{"@id":"https:\/\/www.laertes.es\/ca\/llibre\/viaje-a-ladakh-el-pequeno-tibet\/#primaryimage"},"image":{"@id":"https:\/\/www.laertes.es\/ca\/llibre\/viaje-a-ladakh-el-pequeno-tibet\/#primaryimage"},"thumbnailUrl":"https:\/\/www.laertes.es\/wp-content\/uploads\/2023\/05\/NAN089.webp","datePublished":"2023-05-12T15:41:54+00:00","dateModified":"2023-05-27T15:18:35+00:00","description":"Ladakh, regi\u00f3n situada en la vertiente norte del Himalaya indio, posee un enorme atractivo para el viajero. | Viaje a Ladakh, el peque\u00f1o T\u00edbet","breadcrumb":{"@id":"https:\/\/www.laertes.es\/ca\/llibre\/viaje-a-ladakh-el-pequeno-tibet\/#breadcrumb"},"inLanguage":"ca","potentialAction":[{"@type":"ReadAction","target":["https:\/\/www.laertes.es\/ca\/llibre\/viaje-a-ladakh-el-pequeno-tibet\/"]}]},{"@type":"ImageObject","inLanguage":"ca","@id":"https:\/\/www.laertes.es\/ca\/llibre\/viaje-a-ladakh-el-pequeno-tibet\/#primaryimage","url":"https:\/\/www.laertes.es\/wp-content\/uploads\/2023\/05\/NAN089.webp","contentUrl":"https:\/\/www.laertes.es\/wp-content\/uploads\/2023\/05\/NAN089.webp","width":802,"height":1200,"caption":"Viaje a Ladakh, el peque\u00f1o T\u00edbet"},{"@type":"BreadcrumbList","@id":"https:\/\/www.laertes.es\/ca\/llibre\/viaje-a-ladakh-el-pequeno-tibet\/#breadcrumb","itemListElement":[{"@type":"ListItem","position":1,"name":"Portada","item":"https:\/\/www.laertes.es\/ca\/"},{"@type":"ListItem","position":2,"name":"Tienda","item":"https:\/\/www.laertes.es\/tienda\/"},{"@type":"ListItem","position":3,"name":"Viaje a Ladakh, el peque\u00f1o T\u00edbet"}]},{"@type":"WebSite","@id":"https:\/\/www.laertes.es\/ca\/#website","url":"https:\/\/www.laertes.es\/ca\/","name":"Laertes Ediciones","description":"Editorial independiente desde 1975","alternateName":"Laertes","potentialAction":[{"@type":"SearchAction","target":{"@type":"EntryPoint","urlTemplate":"https:\/\/www.laertes.es\/ca\/?s={search_term_string}"},"query-input":{"@type":"PropertyValueSpecification","valueRequired":true,"valueName":"search_term_string"}}],"inLanguage":"ca"}]}},"_links":{"self":[{"href":"https:\/\/www.laertes.es\/ca\/wp-json\/wp\/v2\/product\/13839","targetHints":{"allow":["GET"]}}],"collection":[{"href":"https:\/\/www.laertes.es\/ca\/wp-json\/wp\/v2\/product"}],"about":[{"href":"https:\/\/www.laertes.es\/ca\/wp-json\/wp\/v2\/types\/product"}],"version-history":[{"count":1,"href":"https:\/\/www.laertes.es\/ca\/wp-json\/wp\/v2\/product\/13839\/revisions"}],"predecessor-version":[{"id":13972,"href":"https:\/\/www.laertes.es\/ca\/wp-json\/wp\/v2\/product\/13839\/revisions\/13972"}],"wp:featuredmedia":[{"embeddable":true,"href":"https:\/\/www.laertes.es\/ca\/wp-json\/wp\/v2\/media\/13969"}],"wp:attachment":[{"href":"https:\/\/www.laertes.es\/ca\/wp-json\/wp\/v2\/media?parent=13839"}],"wp:term":[{"taxonomy":"product_brand","embeddable":true,"href":"https:\/\/www.laertes.es\/ca\/wp-json\/wp\/v2\/product_brand?post=13839"},{"taxonomy":"product_cat","embeddable":true,"href":"https:\/\/www.laertes.es\/ca\/wp-json\/wp\/v2\/product_cat?post=13839"},{"taxonomy":"product_tag","embeddable":true,"href":"https:\/\/www.laertes.es\/ca\/wp-json\/wp\/v2\/product_tag?post=13839"},{"taxonomy":"autores","embeddable":true,"href":"https:\/\/www.laertes.es\/ca\/wp-json\/wp\/v2\/autores?post=13839"},{"taxonomy":"formatos","embeddable":true,"href":"https:\/\/www.laertes.es\/ca\/wp-json\/wp\/v2\/formatos?post=13839"},{"taxonomy":"materias","embeddable":true,"href":"https:\/\/www.laertes.es\/ca\/wp-json\/wp\/v2\/materias?post=13839"}],"curies":[{"name":"wp","href":"https:\/\/api.w.org\/{rel}","templated":true}]}}