{"id":13834,"date":"2023-05-12T15:30:29","date_gmt":"2023-05-12T15:30:29","guid":{"rendered":"https:\/libro\/la-cultura-de-las-series\/"},"modified":"2023-05-18T11:03:18","modified_gmt":"2023-05-18T11:03:18","slug":"la-cultura-de-las-series","status":"publish","type":"product","link":"https:\/\/www.laertes.es\/ca\/llibre\/la-cultura-de-las-series\/","title":{"rendered":"La cultura de las series"},"content":{"rendered":"<p>La cultura de las series Este ensayo realiza un recorrido por los diferentes aspectos de la cultura de las series, explicando c\u00f3mo los cambios experimentados por la televisi\u00f3n contempor\u00e1nea han modificado la manera de producirlas y consumirlas. En lo que se denomina la nueva edad de oro de la televisi\u00f3n, los creadores de series son nombres populares y sus creaciones, comparadas en t\u00e9rminos favorables con el cine y hasta con la literatura, protagonistas de festivales. Y, aunque sobre todo se habla y escribe sobre series norteamericanas, poco a poco esta reivindicaci\u00f3n va llegando a Europa y particularmente a Espa\u00f1a. El prop\u00f3sito del libro, en suma, es prestar atenci\u00f3n al esfuerzo de las series por la conquista de su legitimidad, con la premisa de que esta indagaci\u00f3n nos revelar\u00e1 aspectos sobre la manera en la que construyen jerarqu\u00edas culturales en el actual periodo de transformaci\u00f3n social.Este ensayo realiza un recorrido por los diferentes aspectos de la cultura de las series, explicando c\u00f3mo los cambios experimentados por la televisi\u00f3n contempor\u00e1nea han modificado la manera de producirlas y consumirlas. En lo que se denomina la nueva edad de oro de la televisi\u00f3n, los creadores de series son nombres populares y sus creaciones, comparadas en t\u00e9rminos favorables con el cine y hasta con la literatura, protagonistas de festivales. Y, aunque sobre todo se habla y escribe sobre series norteamericanas, poco a poco esta reivindicaci\u00f3n va llegando a Europa y particularmente a Espa\u00f1a. El prop\u00f3sito del libro, en suma, es prestar atenci\u00f3n al esfuerzo de las series por la conquista de su legitimidad, con la premisa de que esta indagaci\u00f3n nos revelar\u00e1 aspectos sobre la manera en la que construyen jerarqu\u00edas culturales en el actual periodo de transformaci\u00f3n social.<\/p>\n<p>Este ensayo realiza un recorrido por los diferentes aspectos de la cultura de las series, explicando c\u00f3mo los cambios experimentados por la televisi\u00f3n contempor\u00e1nea han modificado la manera de producirlas y consumirlas. En lo que se denomina la nueva edad de oro de la televisi\u00f3n, los creadores de series son nombres populares y sus creaciones, comparadas en t\u00e9rminos favorables con el cine y hasta con la literatura, protagonistas de festivales. Y, aunque sobre todo se habla y escribe sobre series norteamericanas, poco a poco esta reivindicaci\u00f3n va llegando a Europa y particularmente a Espa\u00f1a. El prop\u00f3sito del libro, en suma, es prestar atenci\u00f3n al esfuerzo de las series por la conquista de su legitimidad, con la premisa de que esta indagaci\u00f3n nos revelar\u00e1 aspectos sobre la manera en la que construyen jerarqu\u00edas culturales en el actual periodo de transformaci\u00f3n social.<\/p>\n","protected":false},"excerpt":{"rendered":"<p>La cultura de las series Este ensayo realiza un recorrido por los diferentes aspectos de la cultura de las series,<\/p>\n","protected":false},"featured_media":13979,"template":"","meta":[],"product_brand":[],"product_cat":[333],"product_tag":[753,759,657,1214,1215,1083],"autores":[1216],"formatos":[355],"materias":[362,363,366],"class_list":{"0":"post-13834","1":"product","2":"type-product","3":"status-publish","4":"has-post-thumbnail","6":"product_cat-kaplan-ca","7":"product_tag-cine-ca","8":"product_tag-cine-estilos-y-generos-ca","9":"product_tag-ensayo-ca","10":"product_tag-estilo-narrativos-ca","11":"product_tag-series-de-tv-ca","12":"product_tag-television-ca","13":"autores-cascajosa-virino-concepcion-ca","14":"formatos-llibre","15":"materias-cine-y-tv-ca","16":"materias-comunicacion-ca","17":"materias-ensayo-ca","19":"first","20":"instock","21":"taxable","22":"shipping-taxable","23":"purchasable","24":"product-type-simple"},"yoast_head":"<!-- This site is optimized with the Yoast SEO plugin v27.4 - https:\/\/yoast.com\/product\/yoast-seo-wordpress\/ -->\n<title>La cultura de las series | Laertes ediciones<\/title>\n<meta name=\"description\" content=\"Este ensayo realiza un recorrido por los diferentes aspectos de la cultura de las series. | La cultura de las series | Laertes ediciones\" \/>\n<meta name=\"robots\" content=\"index, follow, max-snippet:-1, max-image-preview:large, max-video-preview:-1\" \/>\n<link rel=\"canonical\" href=\"https:\/\/www.laertes.es\/ca\/llibre\/la-cultura-de-las-series\/\" \/>\n<meta property=\"og:locale\" content=\"ca_ES\" \/>\n<meta property=\"og:type\" content=\"article\" \/>\n<meta property=\"og:title\" content=\"La cultura de las series | Laertes ediciones\" \/>\n<meta property=\"og:description\" content=\"Este ensayo realiza un recorrido por los diferentes aspectos de la cultura de las series. | La cultura de las series | Laertes ediciones\" \/>\n<meta property=\"og:url\" content=\"https:\/\/www.laertes.es\/ca\/llibre\/la-cultura-de-las-series\/\" \/>\n<meta property=\"og:site_name\" content=\"Laertes ediciones\" \/>\n<meta property=\"article:modified_time\" content=\"2023-05-18T11:03:18+00:00\" \/>\n<meta property=\"og:image\" content=\"https:\/\/www.laertes.es\/wp-content\/uploads\/2023\/05\/KAP045.webp\" \/>\n\t<meta property=\"og:image:width\" content=\"802\" \/>\n\t<meta property=\"og:image:height\" content=\"1200\" \/>\n\t<meta property=\"og:image:type\" content=\"image\/webp\" \/>\n<script type=\"application\/ld+json\" class=\"yoast-schema-graph\">{\"@context\":\"https:\\\/\\\/schema.org\",\"@graph\":[{\"@type\":\"WebPage\",\"@id\":\"https:\\\/\\\/www.laertes.es\\\/ca\\\/llibre\\\/la-cultura-de-las-series\\\/\",\"url\":\"https:\\\/\\\/www.laertes.es\\\/ca\\\/llibre\\\/la-cultura-de-las-series\\\/\",\"name\":\"La cultura de las series | Laertes ediciones\",\"isPartOf\":{\"@id\":\"https:\\\/\\\/www.laertes.es\\\/ca\\\/#website\"},\"primaryImageOfPage\":{\"@id\":\"https:\\\/\\\/www.laertes.es\\\/ca\\\/llibre\\\/la-cultura-de-las-series\\\/#primaryimage\"},\"image\":{\"@id\":\"https:\\\/\\\/www.laertes.es\\\/ca\\\/llibre\\\/la-cultura-de-las-series\\\/#primaryimage\"},\"thumbnailUrl\":\"https:\\\/\\\/www.laertes.es\\\/wp-content\\\/uploads\\\/2023\\\/05\\\/KAP045.webp\",\"datePublished\":\"2023-05-12T15:30:29+00:00\",\"dateModified\":\"2023-05-18T11:03:18+00:00\",\"description\":\"Este ensayo realiza un recorrido por los diferentes aspectos de la cultura de las series. | La cultura de las series | Laertes ediciones\",\"breadcrumb\":{\"@id\":\"https:\\\/\\\/www.laertes.es\\\/ca\\\/llibre\\\/la-cultura-de-las-series\\\/#breadcrumb\"},\"inLanguage\":\"ca\",\"potentialAction\":[{\"@type\":\"ReadAction\",\"target\":[\"https:\\\/\\\/www.laertes.es\\\/ca\\\/llibre\\\/la-cultura-de-las-series\\\/\"]}]},{\"@type\":\"ImageObject\",\"inLanguage\":\"ca\",\"@id\":\"https:\\\/\\\/www.laertes.es\\\/ca\\\/llibre\\\/la-cultura-de-las-series\\\/#primaryimage\",\"url\":\"https:\\\/\\\/www.laertes.es\\\/wp-content\\\/uploads\\\/2023\\\/05\\\/KAP045.webp\",\"contentUrl\":\"https:\\\/\\\/www.laertes.es\\\/wp-content\\\/uploads\\\/2023\\\/05\\\/KAP045.webp\",\"width\":802,\"height\":1200,\"caption\":\"La cultura de las series\"},{\"@type\":\"BreadcrumbList\",\"@id\":\"https:\\\/\\\/www.laertes.es\\\/ca\\\/llibre\\\/la-cultura-de-las-series\\\/#breadcrumb\",\"itemListElement\":[{\"@type\":\"ListItem\",\"position\":1,\"name\":\"Portada\",\"item\":\"https:\\\/\\\/www.laertes.es\\\/ca\\\/\"},{\"@type\":\"ListItem\",\"position\":2,\"name\":\"Tienda\",\"item\":\"https:\\\/\\\/www.laertes.es\\\/tienda\\\/\"},{\"@type\":\"ListItem\",\"position\":3,\"name\":\"La cultura de las series\"}]},{\"@type\":\"WebSite\",\"@id\":\"https:\\\/\\\/www.laertes.es\\\/ca\\\/#website\",\"url\":\"https:\\\/\\\/www.laertes.es\\\/ca\\\/\",\"name\":\"Laertes Ediciones\",\"description\":\"Editorial independiente desde 1975\",\"alternateName\":\"Laertes\",\"potentialAction\":[{\"@type\":\"SearchAction\",\"target\":{\"@type\":\"EntryPoint\",\"urlTemplate\":\"https:\\\/\\\/www.laertes.es\\\/ca\\\/?s={search_term_string}\"},\"query-input\":{\"@type\":\"PropertyValueSpecification\",\"valueRequired\":true,\"valueName\":\"search_term_string\"}}],\"inLanguage\":\"ca\"}]}<\/script>\n<!-- \/ Yoast SEO plugin. -->","yoast_head_json":{"title":"La cultura de las series | Laertes ediciones","description":"Este ensayo realiza un recorrido por los diferentes aspectos de la cultura de las series. | La cultura de las series | Laertes ediciones","robots":{"index":"index","follow":"follow","max-snippet":"max-snippet:-1","max-image-preview":"max-image-preview:large","max-video-preview":"max-video-preview:-1"},"canonical":"https:\/\/www.laertes.es\/ca\/llibre\/la-cultura-de-las-series\/","og_locale":"ca_ES","og_type":"article","og_title":"La cultura de las series | Laertes ediciones","og_description":"Este ensayo realiza un recorrido por los diferentes aspectos de la cultura de las series. | La cultura de las series | Laertes ediciones","og_url":"https:\/\/www.laertes.es\/ca\/llibre\/la-cultura-de-las-series\/","og_site_name":"Laertes ediciones","article_modified_time":"2023-05-18T11:03:18+00:00","og_image":[{"width":802,"height":1200,"url":"https:\/\/www.laertes.es\/wp-content\/uploads\/2023\/05\/KAP045.webp","type":"image\/webp"}],"schema":{"@context":"https:\/\/schema.org","@graph":[{"@type":"WebPage","@id":"https:\/\/www.laertes.es\/ca\/llibre\/la-cultura-de-las-series\/","url":"https:\/\/www.laertes.es\/ca\/llibre\/la-cultura-de-las-series\/","name":"La cultura de las series | Laertes ediciones","isPartOf":{"@id":"https:\/\/www.laertes.es\/ca\/#website"},"primaryImageOfPage":{"@id":"https:\/\/www.laertes.es\/ca\/llibre\/la-cultura-de-las-series\/#primaryimage"},"image":{"@id":"https:\/\/www.laertes.es\/ca\/llibre\/la-cultura-de-las-series\/#primaryimage"},"thumbnailUrl":"https:\/\/www.laertes.es\/wp-content\/uploads\/2023\/05\/KAP045.webp","datePublished":"2023-05-12T15:30:29+00:00","dateModified":"2023-05-18T11:03:18+00:00","description":"Este ensayo realiza un recorrido por los diferentes aspectos de la cultura de las series. | La cultura de las series | Laertes ediciones","breadcrumb":{"@id":"https:\/\/www.laertes.es\/ca\/llibre\/la-cultura-de-las-series\/#breadcrumb"},"inLanguage":"ca","potentialAction":[{"@type":"ReadAction","target":["https:\/\/www.laertes.es\/ca\/llibre\/la-cultura-de-las-series\/"]}]},{"@type":"ImageObject","inLanguage":"ca","@id":"https:\/\/www.laertes.es\/ca\/llibre\/la-cultura-de-las-series\/#primaryimage","url":"https:\/\/www.laertes.es\/wp-content\/uploads\/2023\/05\/KAP045.webp","contentUrl":"https:\/\/www.laertes.es\/wp-content\/uploads\/2023\/05\/KAP045.webp","width":802,"height":1200,"caption":"La cultura de las series"},{"@type":"BreadcrumbList","@id":"https:\/\/www.laertes.es\/ca\/llibre\/la-cultura-de-las-series\/#breadcrumb","itemListElement":[{"@type":"ListItem","position":1,"name":"Portada","item":"https:\/\/www.laertes.es\/ca\/"},{"@type":"ListItem","position":2,"name":"Tienda","item":"https:\/\/www.laertes.es\/tienda\/"},{"@type":"ListItem","position":3,"name":"La cultura de las series"}]},{"@type":"WebSite","@id":"https:\/\/www.laertes.es\/ca\/#website","url":"https:\/\/www.laertes.es\/ca\/","name":"Laertes Ediciones","description":"Editorial independiente desde 1975","alternateName":"Laertes","potentialAction":[{"@type":"SearchAction","target":{"@type":"EntryPoint","urlTemplate":"https:\/\/www.laertes.es\/ca\/?s={search_term_string}"},"query-input":{"@type":"PropertyValueSpecification","valueRequired":true,"valueName":"search_term_string"}}],"inLanguage":"ca"}]}},"_links":{"self":[{"href":"https:\/\/www.laertes.es\/ca\/wp-json\/wp\/v2\/product\/13834","targetHints":{"allow":["GET"]}}],"collection":[{"href":"https:\/\/www.laertes.es\/ca\/wp-json\/wp\/v2\/product"}],"about":[{"href":"https:\/\/www.laertes.es\/ca\/wp-json\/wp\/v2\/types\/product"}],"version-history":[{"count":1,"href":"https:\/\/www.laertes.es\/ca\/wp-json\/wp\/v2\/product\/13834\/revisions"}],"predecessor-version":[{"id":13982,"href":"https:\/\/www.laertes.es\/ca\/wp-json\/wp\/v2\/product\/13834\/revisions\/13982"}],"wp:featuredmedia":[{"embeddable":true,"href":"https:\/\/www.laertes.es\/ca\/wp-json\/wp\/v2\/media\/13979"}],"wp:attachment":[{"href":"https:\/\/www.laertes.es\/ca\/wp-json\/wp\/v2\/media?parent=13834"}],"wp:term":[{"taxonomy":"product_brand","embeddable":true,"href":"https:\/\/www.laertes.es\/ca\/wp-json\/wp\/v2\/product_brand?post=13834"},{"taxonomy":"product_cat","embeddable":true,"href":"https:\/\/www.laertes.es\/ca\/wp-json\/wp\/v2\/product_cat?post=13834"},{"taxonomy":"product_tag","embeddable":true,"href":"https:\/\/www.laertes.es\/ca\/wp-json\/wp\/v2\/product_tag?post=13834"},{"taxonomy":"autores","embeddable":true,"href":"https:\/\/www.laertes.es\/ca\/wp-json\/wp\/v2\/autores?post=13834"},{"taxonomy":"formatos","embeddable":true,"href":"https:\/\/www.laertes.es\/ca\/wp-json\/wp\/v2\/formatos?post=13834"},{"taxonomy":"materias","embeddable":true,"href":"https:\/\/www.laertes.es\/ca\/wp-json\/wp\/v2\/materias?post=13834"}],"curies":[{"name":"wp","href":"https:\/\/api.w.org\/{rel}","templated":true}]}}