{"id":13824,"date":"2023-05-11T16:35:42","date_gmt":"2023-05-11T16:35:42","guid":{"rendered":"https:\/?post_type=product&#038;p=13824"},"modified":"2023-05-18T11:07:20","modified_gmt":"2023-05-18T11:07:20","slug":"daisy-miller","status":"publish","type":"product","link":"https:\/\/www.laertes.es\/ca\/llibre\/daisy-miller\/","title":{"rendered":"Daisy Miller"},"content":{"rendered":"<p>Daisy Miller\u00a0Miss Daisy, una muchacha americana hermosa y libre de mediados del siglo XIX, pasa unas semanas en Suiza para continuar despu\u00e9s su periplo europeo en Roma. Su belleza y comportamiento desenfadado deslumbran al joven Winterboune, a la par que irritan a la t\u00eda del chico, paradigma de la r\u00edgida sociedad de la \u00e9poca. La libertad alegre de Miss Daisy, tan adelantada a su \u00e9poca, es para el c\u00edrculo de norteamericanos de Roma de un libertinaje y vulgaridad aberrante, lo cual sume a Winterboune en el desconcierto de tomar partido entre la valent\u00eda y la cobard\u00eda, entre el esc\u00e1ndalo y el tedio.<br \/>\n<strong>\u00a0 \u00a0 \u00a0<\/strong> Henry James, con la sutileza que caracteriza los genios de la literatura, describe en <em>Daisy Miller<\/em> el choque de dos maneras de entender el mundo, con un domino de la psicolog\u00eda de los personajes abrumador. Hay novelas cortas que perduran en la memoria del lector durante largo tiempo. He aqu\u00ed uno de los ejemplos m\u00e1s brillantes y m\u00e1s exactos.<\/p>\n<p>Miss Daisy, una muchacha americana hermosa y libre de mediados del siglo XIX, pasa unas semanas en Suiza para continuar despu\u00e9s su periplo europeo en Roma. Su belleza y comportamiento desenfadado deslumbran al joven Winterboune, a la par que irritan a la t\u00eda del chico, paradigma de la r\u00edgida sociedad de la \u00e9poca. La libertad alegre de Miss Daisy, tan adelantada a su \u00e9poca, es para el c\u00edrculo de norteamericanos de Roma de un libertinaje y vulgaridad aberrante, lo cual sume a Winterboune en el desconcierto de tomar partido entre la valent\u00eda y la cobard\u00eda, entre el esc\u00e1ndalo y el tedio.<br \/>\n<strong>\u00a0 \u00a0 \u00a0<\/strong> Henry James, con la sutileza que caracteriza los genios de la literatura, describe en <em>Daisy Miller<\/em> el choque de dos maneras de entender el mundo, con un domino de la psicolog\u00eda de los personajes abrumador. Hay novelas cortas que perduran en la memoria del lector durante largo tiempo. He aqu\u00ed uno de los ejemplos m\u00e1s brillantes y m\u00e1s exactos.<\/p>\n","protected":false},"excerpt":{"rendered":"<p>Daisy Miller\u00a0Miss Daisy, una muchacha americana hermosa y libre de mediados del siglo XIX, pasa unas semanas en Suiza para<\/p>\n","protected":false},"featured_media":13983,"template":"","meta":[],"product_brand":[],"product_cat":[280],"product_tag":[1210,1208,1200,1201,1209],"autores":[243],"formatos":[139],"materias":[323,314],"class_list":{"0":"post-13824","1":"product","2":"type-product","3":"status-publish","4":"has-post-thumbnail","6":"product_cat-camelot","7":"product_tag-estadounidenses-en-el-extranjero","8":"product_tag-la-senorita-rebelde","9":"product_tag-literatura","10":"product_tag-literatura-en-lengua-inglesa","11":"product_tag-peter-bogdanovich","12":"autores-james-henry","13":"formatos-libro","14":"materias-cuentos-clasicos-de-generos-fantasticos","15":"materias-literatura","17":"first","18":"instock","19":"taxable","20":"shipping-taxable","21":"purchasable","22":"product-type-simple"},"yoast_head":"<!-- This site is optimized with the Yoast SEO plugin v27.3 - https:\/\/yoast.com\/product\/yoast-seo-wordpress\/ -->\n<title>Daisy Miller | Laertes ediciones<\/title>\n<meta name=\"description\" content=\"Henry James, con la sutileza que caracteriza los genios de la literatura, describe en Daisy Miller el choque de dos maneras de entender el mundo.\" \/>\n<meta name=\"robots\" content=\"index, follow, max-snippet:-1, max-image-preview:large, max-video-preview:-1\" \/>\n<link rel=\"canonical\" href=\"https:\/\/www.laertes.es\/ca\/llibre\/daisy-miller\/\" \/>\n<meta property=\"og:locale\" content=\"ca_ES\" \/>\n<meta property=\"og:type\" content=\"article\" \/>\n<meta property=\"og:title\" content=\"Daisy Miller | Laertes ediciones\" \/>\n<meta property=\"og:description\" content=\"Henry James, con la sutileza que caracteriza los genios de la literatura, describe en Daisy Miller el choque de dos maneras de entender el mundo.\" \/>\n<meta property=\"og:url\" content=\"https:\/\/www.laertes.es\/ca\/llibre\/daisy-miller\/\" \/>\n<meta property=\"og:site_name\" content=\"Laertes ediciones\" \/>\n<meta property=\"article:modified_time\" content=\"2023-05-18T11:07:20+00:00\" \/>\n<meta property=\"og:image\" content=\"https:\/\/www.laertes.es\/wp-content\/uploads\/2023\/05\/CAM023.webp\" \/>\n\t<meta property=\"og:image:width\" content=\"802\" \/>\n\t<meta property=\"og:image:height\" content=\"1200\" \/>\n\t<meta property=\"og:image:type\" content=\"image\/webp\" \/>\n<meta name=\"twitter:label1\" content=\"Temps estimat de lectura\" \/>\n\t<meta name=\"twitter:data1\" content=\"2 minuts\" \/>\n<script type=\"application\/ld+json\" class=\"yoast-schema-graph\">{\"@context\":\"https:\\\/\\\/schema.org\",\"@graph\":[{\"@type\":\"WebPage\",\"@id\":\"https:\\\/\\\/www.laertes.es\\\/ca\\\/llibre\\\/daisy-miller\\\/\",\"url\":\"https:\\\/\\\/www.laertes.es\\\/ca\\\/llibre\\\/daisy-miller\\\/\",\"name\":\"Daisy Miller | Laertes ediciones\",\"isPartOf\":{\"@id\":\"https:\\\/\\\/www.laertes.es\\\/ca\\\/#website\"},\"primaryImageOfPage\":{\"@id\":\"https:\\\/\\\/www.laertes.es\\\/ca\\\/llibre\\\/daisy-miller\\\/#primaryimage\"},\"image\":{\"@id\":\"https:\\\/\\\/www.laertes.es\\\/ca\\\/llibre\\\/daisy-miller\\\/#primaryimage\"},\"thumbnailUrl\":\"https:\\\/\\\/www.laertes.es\\\/wp-content\\\/uploads\\\/2023\\\/05\\\/CAM023.webp\",\"datePublished\":\"2023-05-11T16:35:42+00:00\",\"dateModified\":\"2023-05-18T11:07:20+00:00\",\"description\":\"Henry James, con la sutileza que caracteriza los genios de la literatura, describe en Daisy Miller el choque de dos maneras de entender el mundo.\",\"breadcrumb\":{\"@id\":\"https:\\\/\\\/www.laertes.es\\\/ca\\\/llibre\\\/daisy-miller\\\/#breadcrumb\"},\"inLanguage\":\"ca\",\"potentialAction\":[{\"@type\":\"ReadAction\",\"target\":[\"https:\\\/\\\/www.laertes.es\\\/ca\\\/llibre\\\/daisy-miller\\\/\"]}]},{\"@type\":\"ImageObject\",\"inLanguage\":\"ca\",\"@id\":\"https:\\\/\\\/www.laertes.es\\\/ca\\\/llibre\\\/daisy-miller\\\/#primaryimage\",\"url\":\"https:\\\/\\\/www.laertes.es\\\/wp-content\\\/uploads\\\/2023\\\/05\\\/CAM023.webp\",\"contentUrl\":\"https:\\\/\\\/www.laertes.es\\\/wp-content\\\/uploads\\\/2023\\\/05\\\/CAM023.webp\",\"width\":802,\"height\":1200,\"caption\":\"Daisy Miller\"},{\"@type\":\"BreadcrumbList\",\"@id\":\"https:\\\/\\\/www.laertes.es\\\/ca\\\/llibre\\\/daisy-miller\\\/#breadcrumb\",\"itemListElement\":[{\"@type\":\"ListItem\",\"position\":1,\"name\":\"Portada\",\"item\":\"https:\\\/\\\/www.laertes.es\\\/ca\\\/\"},{\"@type\":\"ListItem\",\"position\":2,\"name\":\"Tienda\",\"item\":\"https:\\\/\\\/www.laertes.es\\\/tienda\\\/\"},{\"@type\":\"ListItem\",\"position\":3,\"name\":\"Daisy Miller\"}]},{\"@type\":\"WebSite\",\"@id\":\"https:\\\/\\\/www.laertes.es\\\/ca\\\/#website\",\"url\":\"https:\\\/\\\/www.laertes.es\\\/ca\\\/\",\"name\":\"Laertes Ediciones\",\"description\":\"Editorial independiente desde 1975\",\"alternateName\":\"Laertes\",\"potentialAction\":[{\"@type\":\"SearchAction\",\"target\":{\"@type\":\"EntryPoint\",\"urlTemplate\":\"https:\\\/\\\/www.laertes.es\\\/ca\\\/?s={search_term_string}\"},\"query-input\":{\"@type\":\"PropertyValueSpecification\",\"valueRequired\":true,\"valueName\":\"search_term_string\"}}],\"inLanguage\":\"ca\"}]}<\/script>\n<!-- \/ Yoast SEO plugin. -->","yoast_head_json":{"title":"Daisy Miller | Laertes ediciones","description":"Henry James, con la sutileza que caracteriza los genios de la literatura, describe en Daisy Miller el choque de dos maneras de entender el mundo.","robots":{"index":"index","follow":"follow","max-snippet":"max-snippet:-1","max-image-preview":"max-image-preview:large","max-video-preview":"max-video-preview:-1"},"canonical":"https:\/\/www.laertes.es\/ca\/llibre\/daisy-miller\/","og_locale":"ca_ES","og_type":"article","og_title":"Daisy Miller | Laertes ediciones","og_description":"Henry James, con la sutileza que caracteriza los genios de la literatura, describe en Daisy Miller el choque de dos maneras de entender el mundo.","og_url":"https:\/\/www.laertes.es\/ca\/llibre\/daisy-miller\/","og_site_name":"Laertes ediciones","article_modified_time":"2023-05-18T11:07:20+00:00","og_image":[{"width":802,"height":1200,"url":"https:\/\/www.laertes.es\/wp-content\/uploads\/2023\/05\/CAM023.webp","type":"image\/webp"}],"twitter_misc":{"Temps estimat de lectura":"2 minuts"},"schema":{"@context":"https:\/\/schema.org","@graph":[{"@type":"WebPage","@id":"https:\/\/www.laertes.es\/ca\/llibre\/daisy-miller\/","url":"https:\/\/www.laertes.es\/ca\/llibre\/daisy-miller\/","name":"Daisy Miller | Laertes ediciones","isPartOf":{"@id":"https:\/\/www.laertes.es\/ca\/#website"},"primaryImageOfPage":{"@id":"https:\/\/www.laertes.es\/ca\/llibre\/daisy-miller\/#primaryimage"},"image":{"@id":"https:\/\/www.laertes.es\/ca\/llibre\/daisy-miller\/#primaryimage"},"thumbnailUrl":"https:\/\/www.laertes.es\/wp-content\/uploads\/2023\/05\/CAM023.webp","datePublished":"2023-05-11T16:35:42+00:00","dateModified":"2023-05-18T11:07:20+00:00","description":"Henry James, con la sutileza que caracteriza los genios de la literatura, describe en Daisy Miller el choque de dos maneras de entender el mundo.","breadcrumb":{"@id":"https:\/\/www.laertes.es\/ca\/llibre\/daisy-miller\/#breadcrumb"},"inLanguage":"ca","potentialAction":[{"@type":"ReadAction","target":["https:\/\/www.laertes.es\/ca\/llibre\/daisy-miller\/"]}]},{"@type":"ImageObject","inLanguage":"ca","@id":"https:\/\/www.laertes.es\/ca\/llibre\/daisy-miller\/#primaryimage","url":"https:\/\/www.laertes.es\/wp-content\/uploads\/2023\/05\/CAM023.webp","contentUrl":"https:\/\/www.laertes.es\/wp-content\/uploads\/2023\/05\/CAM023.webp","width":802,"height":1200,"caption":"Daisy Miller"},{"@type":"BreadcrumbList","@id":"https:\/\/www.laertes.es\/ca\/llibre\/daisy-miller\/#breadcrumb","itemListElement":[{"@type":"ListItem","position":1,"name":"Portada","item":"https:\/\/www.laertes.es\/ca\/"},{"@type":"ListItem","position":2,"name":"Tienda","item":"https:\/\/www.laertes.es\/tienda\/"},{"@type":"ListItem","position":3,"name":"Daisy Miller"}]},{"@type":"WebSite","@id":"https:\/\/www.laertes.es\/ca\/#website","url":"https:\/\/www.laertes.es\/ca\/","name":"Laertes Ediciones","description":"Editorial independiente desde 1975","alternateName":"Laertes","potentialAction":[{"@type":"SearchAction","target":{"@type":"EntryPoint","urlTemplate":"https:\/\/www.laertes.es\/ca\/?s={search_term_string}"},"query-input":{"@type":"PropertyValueSpecification","valueRequired":true,"valueName":"search_term_string"}}],"inLanguage":"ca"}]}},"_links":{"self":[{"href":"https:\/\/www.laertes.es\/ca\/wp-json\/wp\/v2\/product\/13824","targetHints":{"allow":["GET"]}}],"collection":[{"href":"https:\/\/www.laertes.es\/ca\/wp-json\/wp\/v2\/product"}],"about":[{"href":"https:\/\/www.laertes.es\/ca\/wp-json\/wp\/v2\/types\/product"}],"version-history":[{"count":3,"href":"https:\/\/www.laertes.es\/ca\/wp-json\/wp\/v2\/product\/13824\/revisions"}],"predecessor-version":[{"id":13986,"href":"https:\/\/www.laertes.es\/ca\/wp-json\/wp\/v2\/product\/13824\/revisions\/13986"}],"wp:featuredmedia":[{"embeddable":true,"href":"https:\/\/www.laertes.es\/ca\/wp-json\/wp\/v2\/media\/13983"}],"wp:attachment":[{"href":"https:\/\/www.laertes.es\/ca\/wp-json\/wp\/v2\/media?parent=13824"}],"wp:term":[{"taxonomy":"product_brand","embeddable":true,"href":"https:\/\/www.laertes.es\/ca\/wp-json\/wp\/v2\/product_brand?post=13824"},{"taxonomy":"product_cat","embeddable":true,"href":"https:\/\/www.laertes.es\/ca\/wp-json\/wp\/v2\/product_cat?post=13824"},{"taxonomy":"product_tag","embeddable":true,"href":"https:\/\/www.laertes.es\/ca\/wp-json\/wp\/v2\/product_tag?post=13824"},{"taxonomy":"autores","embeddable":true,"href":"https:\/\/www.laertes.es\/ca\/wp-json\/wp\/v2\/autores?post=13824"},{"taxonomy":"formatos","embeddable":true,"href":"https:\/\/www.laertes.es\/ca\/wp-json\/wp\/v2\/formatos?post=13824"},{"taxonomy":"materias","embeddable":true,"href":"https:\/\/www.laertes.es\/ca\/wp-json\/wp\/v2\/materias?post=13824"}],"curies":[{"name":"wp","href":"https:\/\/api.w.org\/{rel}","templated":true}]}}