{"id":13770,"date":"2023-05-10T09:47:53","date_gmt":"2023-05-10T09:47:53","guid":{"rendered":"https:\/libro\/la-escuela-en-tiempos-del-cambio-climatico\/"},"modified":"2023-06-09T16:21:51","modified_gmt":"2023-06-09T16:21:51","slug":"la-escuela-en-tiempos-del-cambio-climatico","status":"publish","type":"product","link":"https:\/\/www.laertes.es\/ca\/llibre\/la-escuela-en-tiempos-del-cambio-climatico\/","title":{"rendered":"La escuela en tiempos del cambio clim\u00e1tico"},"content":{"rendered":"<p>En la <em>Escuela en tiempos de cambio clim\u00e1tico<\/em> P\u00edo Maceda expone los nuevos retos a los que se enfrenta la escuela en la sociedad actual, relaciona los hitos m\u00e1s importantes de la historia de nuestra educaci\u00f3n, y expone una serie de propuestas institucionales y docentes para mejorar las pr\u00e1cticas educativas.<br \/>\n<strong>\u00a0 \u00a0<\/strong> Los argumentos del autor invitan tanto a la adaptaci\u00f3n del curr\u00edculo escolar a las nuevas exigencias educacionales como a la observaci\u00f3n y recuperaci\u00f3n de aquellos proyectos aplicables en la actualidad y que quedaron anulados con el devenir de la historia.<br \/>\n<strong>\u00a0 \u00a0 \u00a0<\/strong> Un interesante ensayo y de un valor muy notable, dirigido tanto a docentes e instituciones educativas como al p\u00fablico en general.<\/p>\n<p>En la <em>Escuela en tiempos de cambio clim\u00e1tico<\/em> P\u00edo Maceda expone los nuevos retos a los que se enfrenta la escuela en la sociedad actual, relaciona los hitos m\u00e1s importantes de la historia de nuestra educaci\u00f3n, y expone una serie de propuestas institucionales y docentes para mejorar las pr\u00e1cticas educativas.<br \/>\n<strong>\u00a0 \u00a0<\/strong> Los argumentos del autor invitan tanto a la adaptaci\u00f3n del curr\u00edculo escolar a las nuevas exigencias educacionales como a la observaci\u00f3n y recuperaci\u00f3n de aquellos proyectos aplicables en la actualidad y que quedaron anulados con el devenir de la historia.<br \/>\n<strong>\u00a0 \u00a0 \u00a0<\/strong> Un interesante ensayo y de un valor muy notable, dirigido tanto a docentes e instituciones educativas como al p\u00fablico en general.<\/p>\n","protected":false},"excerpt":{"rendered":"<p>En la Escuela en tiempos de cambio clim\u00e1tico P\u00edo Maceda expone los nuevos retos a los que se enfrenta la<\/p>\n","protected":false},"featured_media":13989,"template":"","meta":[],"product_brand":[],"product_cat":[330],"product_tag":[656,657,949,1144],"autores":[658],"formatos":[355],"materias":[365],"class_list":{"0":"post-13770","1":"product","2":"type-product","3":"status-publish","4":"has-post-thumbnail","6":"product_cat-educacion-ca","7":"product_tag-educacion-ca","8":"product_tag-ensayo-ca","9":"product_tag-ensenanza-ca","10":"product_tag-filosofia-y-teoria-de-la-educacion-ca","11":"autores-maceda-pio-ca","12":"formatos-llibre","13":"materias-educacion-ca","15":"first","16":"instock","17":"taxable","18":"shipping-taxable","19":"purchasable","20":"product-type-simple"},"yoast_head":"<!-- This site is optimized with the Yoast SEO plugin v27.4 - https:\/\/yoast.com\/product\/yoast-seo-wordpress\/ -->\n<title>La escuela en tiempos del cambio clim\u00e1tico | Laertes ediciones<\/title>\n<meta name=\"description\" content=\"Un interesante ensayo dirigido tanto a docentes e instituciones educativas como al p\u00fablico en general. | La escuela en tiempos del cambio clim\u00e1tico\" \/>\n<meta name=\"robots\" content=\"index, follow, max-snippet:-1, max-image-preview:large, max-video-preview:-1\" \/>\n<link rel=\"canonical\" href=\"https:\/\/www.laertes.es\/ca\/llibre\/la-escuela-en-tiempos-del-cambio-climatico\/\" \/>\n<meta property=\"og:locale\" content=\"ca_ES\" \/>\n<meta property=\"og:type\" content=\"article\" \/>\n<meta property=\"og:title\" content=\"La escuela en tiempos del cambio clim\u00e1tico | Laertes ediciones\" \/>\n<meta property=\"og:description\" content=\"Un interesante ensayo dirigido tanto a docentes e instituciones educativas como al p\u00fablico en general. | La escuela en tiempos del cambio clim\u00e1tico\" \/>\n<meta property=\"og:url\" content=\"https:\/\/www.laertes.es\/ca\/llibre\/la-escuela-en-tiempos-del-cambio-climatico\/\" \/>\n<meta property=\"og:site_name\" content=\"Laertes ediciones\" \/>\n<meta property=\"article:modified_time\" content=\"2023-06-09T16:21:51+00:00\" \/>\n<meta property=\"og:image\" content=\"https:\/\/www.laertes.es\/wp-content\/uploads\/2023\/05\/escuelacambio.webp\" \/>\n\t<meta property=\"og:image:width\" content=\"802\" \/>\n\t<meta property=\"og:image:height\" content=\"1200\" \/>\n\t<meta property=\"og:image:type\" content=\"image\/webp\" \/>\n<script type=\"application\/ld+json\" class=\"yoast-schema-graph\">{\"@context\":\"https:\\\/\\\/schema.org\",\"@graph\":[{\"@type\":\"WebPage\",\"@id\":\"https:\\\/\\\/www.laertes.es\\\/ca\\\/llibre\\\/la-escuela-en-tiempos-del-cambio-climatico\\\/\",\"url\":\"https:\\\/\\\/www.laertes.es\\\/ca\\\/llibre\\\/la-escuela-en-tiempos-del-cambio-climatico\\\/\",\"name\":\"La escuela en tiempos del cambio clim\u00e1tico | Laertes ediciones\",\"isPartOf\":{\"@id\":\"https:\\\/\\\/www.laertes.es\\\/ca\\\/#website\"},\"primaryImageOfPage\":{\"@id\":\"https:\\\/\\\/www.laertes.es\\\/ca\\\/llibre\\\/la-escuela-en-tiempos-del-cambio-climatico\\\/#primaryimage\"},\"image\":{\"@id\":\"https:\\\/\\\/www.laertes.es\\\/ca\\\/llibre\\\/la-escuela-en-tiempos-del-cambio-climatico\\\/#primaryimage\"},\"thumbnailUrl\":\"https:\\\/\\\/www.laertes.es\\\/wp-content\\\/uploads\\\/2023\\\/05\\\/escuelacambio.webp\",\"datePublished\":\"2023-05-10T09:47:53+00:00\",\"dateModified\":\"2023-06-09T16:21:51+00:00\",\"description\":\"Un interesante ensayo dirigido tanto a docentes e instituciones educativas como al p\u00fablico en general. | La escuela en tiempos del cambio clim\u00e1tico\",\"breadcrumb\":{\"@id\":\"https:\\\/\\\/www.laertes.es\\\/ca\\\/llibre\\\/la-escuela-en-tiempos-del-cambio-climatico\\\/#breadcrumb\"},\"inLanguage\":\"ca\",\"potentialAction\":[{\"@type\":\"ReadAction\",\"target\":[\"https:\\\/\\\/www.laertes.es\\\/ca\\\/llibre\\\/la-escuela-en-tiempos-del-cambio-climatico\\\/\"]}]},{\"@type\":\"ImageObject\",\"inLanguage\":\"ca\",\"@id\":\"https:\\\/\\\/www.laertes.es\\\/ca\\\/llibre\\\/la-escuela-en-tiempos-del-cambio-climatico\\\/#primaryimage\",\"url\":\"https:\\\/\\\/www.laertes.es\\\/wp-content\\\/uploads\\\/2023\\\/05\\\/escuelacambio.webp\",\"contentUrl\":\"https:\\\/\\\/www.laertes.es\\\/wp-content\\\/uploads\\\/2023\\\/05\\\/escuelacambio.webp\",\"width\":802,\"height\":1200,\"caption\":\"La escuela en tiempos del cambio clim\u00e1tico\"},{\"@type\":\"BreadcrumbList\",\"@id\":\"https:\\\/\\\/www.laertes.es\\\/ca\\\/llibre\\\/la-escuela-en-tiempos-del-cambio-climatico\\\/#breadcrumb\",\"itemListElement\":[{\"@type\":\"ListItem\",\"position\":1,\"name\":\"Portada\",\"item\":\"https:\\\/\\\/www.laertes.es\\\/ca\\\/\"},{\"@type\":\"ListItem\",\"position\":2,\"name\":\"Tienda\",\"item\":\"https:\\\/\\\/www.laertes.es\\\/tienda\\\/\"},{\"@type\":\"ListItem\",\"position\":3,\"name\":\"La escuela en tiempos del cambio clim\u00e1tico\"}]},{\"@type\":\"WebSite\",\"@id\":\"https:\\\/\\\/www.laertes.es\\\/ca\\\/#website\",\"url\":\"https:\\\/\\\/www.laertes.es\\\/ca\\\/\",\"name\":\"Laertes Ediciones\",\"description\":\"Editorial independiente desde 1975\",\"alternateName\":\"Laertes\",\"potentialAction\":[{\"@type\":\"SearchAction\",\"target\":{\"@type\":\"EntryPoint\",\"urlTemplate\":\"https:\\\/\\\/www.laertes.es\\\/ca\\\/?s={search_term_string}\"},\"query-input\":{\"@type\":\"PropertyValueSpecification\",\"valueRequired\":true,\"valueName\":\"search_term_string\"}}],\"inLanguage\":\"ca\"}]}<\/script>\n<!-- \/ Yoast SEO plugin. -->","yoast_head_json":{"title":"La escuela en tiempos del cambio clim\u00e1tico | Laertes ediciones","description":"Un interesante ensayo dirigido tanto a docentes e instituciones educativas como al p\u00fablico en general. | La escuela en tiempos del cambio clim\u00e1tico","robots":{"index":"index","follow":"follow","max-snippet":"max-snippet:-1","max-image-preview":"max-image-preview:large","max-video-preview":"max-video-preview:-1"},"canonical":"https:\/\/www.laertes.es\/ca\/llibre\/la-escuela-en-tiempos-del-cambio-climatico\/","og_locale":"ca_ES","og_type":"article","og_title":"La escuela en tiempos del cambio clim\u00e1tico | Laertes ediciones","og_description":"Un interesante ensayo dirigido tanto a docentes e instituciones educativas como al p\u00fablico en general. | La escuela en tiempos del cambio clim\u00e1tico","og_url":"https:\/\/www.laertes.es\/ca\/llibre\/la-escuela-en-tiempos-del-cambio-climatico\/","og_site_name":"Laertes ediciones","article_modified_time":"2023-06-09T16:21:51+00:00","og_image":[{"width":802,"height":1200,"url":"https:\/\/www.laertes.es\/wp-content\/uploads\/2023\/05\/escuelacambio.webp","type":"image\/webp"}],"schema":{"@context":"https:\/\/schema.org","@graph":[{"@type":"WebPage","@id":"https:\/\/www.laertes.es\/ca\/llibre\/la-escuela-en-tiempos-del-cambio-climatico\/","url":"https:\/\/www.laertes.es\/ca\/llibre\/la-escuela-en-tiempos-del-cambio-climatico\/","name":"La escuela en tiempos del cambio clim\u00e1tico | Laertes ediciones","isPartOf":{"@id":"https:\/\/www.laertes.es\/ca\/#website"},"primaryImageOfPage":{"@id":"https:\/\/www.laertes.es\/ca\/llibre\/la-escuela-en-tiempos-del-cambio-climatico\/#primaryimage"},"image":{"@id":"https:\/\/www.laertes.es\/ca\/llibre\/la-escuela-en-tiempos-del-cambio-climatico\/#primaryimage"},"thumbnailUrl":"https:\/\/www.laertes.es\/wp-content\/uploads\/2023\/05\/escuelacambio.webp","datePublished":"2023-05-10T09:47:53+00:00","dateModified":"2023-06-09T16:21:51+00:00","description":"Un interesante ensayo dirigido tanto a docentes e instituciones educativas como al p\u00fablico en general. | La escuela en tiempos del cambio clim\u00e1tico","breadcrumb":{"@id":"https:\/\/www.laertes.es\/ca\/llibre\/la-escuela-en-tiempos-del-cambio-climatico\/#breadcrumb"},"inLanguage":"ca","potentialAction":[{"@type":"ReadAction","target":["https:\/\/www.laertes.es\/ca\/llibre\/la-escuela-en-tiempos-del-cambio-climatico\/"]}]},{"@type":"ImageObject","inLanguage":"ca","@id":"https:\/\/www.laertes.es\/ca\/llibre\/la-escuela-en-tiempos-del-cambio-climatico\/#primaryimage","url":"https:\/\/www.laertes.es\/wp-content\/uploads\/2023\/05\/escuelacambio.webp","contentUrl":"https:\/\/www.laertes.es\/wp-content\/uploads\/2023\/05\/escuelacambio.webp","width":802,"height":1200,"caption":"La escuela en tiempos del cambio clim\u00e1tico"},{"@type":"BreadcrumbList","@id":"https:\/\/www.laertes.es\/ca\/llibre\/la-escuela-en-tiempos-del-cambio-climatico\/#breadcrumb","itemListElement":[{"@type":"ListItem","position":1,"name":"Portada","item":"https:\/\/www.laertes.es\/ca\/"},{"@type":"ListItem","position":2,"name":"Tienda","item":"https:\/\/www.laertes.es\/tienda\/"},{"@type":"ListItem","position":3,"name":"La escuela en tiempos del cambio clim\u00e1tico"}]},{"@type":"WebSite","@id":"https:\/\/www.laertes.es\/ca\/#website","url":"https:\/\/www.laertes.es\/ca\/","name":"Laertes Ediciones","description":"Editorial independiente desde 1975","alternateName":"Laertes","potentialAction":[{"@type":"SearchAction","target":{"@type":"EntryPoint","urlTemplate":"https:\/\/www.laertes.es\/ca\/?s={search_term_string}"},"query-input":{"@type":"PropertyValueSpecification","valueRequired":true,"valueName":"search_term_string"}}],"inLanguage":"ca"}]}},"_links":{"self":[{"href":"https:\/\/www.laertes.es\/ca\/wp-json\/wp\/v2\/product\/13770","targetHints":{"allow":["GET"]}}],"collection":[{"href":"https:\/\/www.laertes.es\/ca\/wp-json\/wp\/v2\/product"}],"about":[{"href":"https:\/\/www.laertes.es\/ca\/wp-json\/wp\/v2\/types\/product"}],"version-history":[{"count":1,"href":"https:\/\/www.laertes.es\/ca\/wp-json\/wp\/v2\/product\/13770\/revisions"}],"predecessor-version":[{"id":13991,"href":"https:\/\/www.laertes.es\/ca\/wp-json\/wp\/v2\/product\/13770\/revisions\/13991"}],"wp:featuredmedia":[{"embeddable":true,"href":"https:\/\/www.laertes.es\/ca\/wp-json\/wp\/v2\/media\/13989"}],"wp:attachment":[{"href":"https:\/\/www.laertes.es\/ca\/wp-json\/wp\/v2\/media?parent=13770"}],"wp:term":[{"taxonomy":"product_brand","embeddable":true,"href":"https:\/\/www.laertes.es\/ca\/wp-json\/wp\/v2\/product_brand?post=13770"},{"taxonomy":"product_cat","embeddable":true,"href":"https:\/\/www.laertes.es\/ca\/wp-json\/wp\/v2\/product_cat?post=13770"},{"taxonomy":"product_tag","embeddable":true,"href":"https:\/\/www.laertes.es\/ca\/wp-json\/wp\/v2\/product_tag?post=13770"},{"taxonomy":"autores","embeddable":true,"href":"https:\/\/www.laertes.es\/ca\/wp-json\/wp\/v2\/autores?post=13770"},{"taxonomy":"formatos","embeddable":true,"href":"https:\/\/www.laertes.es\/ca\/wp-json\/wp\/v2\/formatos?post=13770"},{"taxonomy":"materias","embeddable":true,"href":"https:\/\/www.laertes.es\/ca\/wp-json\/wp\/v2\/materias?post=13770"}],"curies":[{"name":"wp","href":"https:\/\/api.w.org\/{rel}","templated":true}]}}