{"id":13751,"date":"2023-05-10T05:31:21","date_gmt":"2023-05-10T05:31:21","guid":{"rendered":"https:\/libro\/peyote\/"},"modified":"2023-05-18T13:21:47","modified_gmt":"2023-05-18T13:21:47","slug":"peyote","status":"publish","type":"product","link":"https:\/\/www.laertes.es\/ca\/llibre\/peyote\/","title":{"rendered":"Peyote"},"content":{"rendered":"<p>El peyote, el cactus divino de los nativos mesoamericanos del norte, se localiza en los alrededores de Real de Catorce, en el Estado de San Luis de Potos\u00ed (M\u00e9xico). Los huicholes de la Sierra Madre Occidental (hoy en los Estados de Nayarit y parte de Jalisco) realizan cada a\u00f1o y desde tiempos inmemoriales peregrinaciones a esta zona, a la que llaman &#8220;Wirikuta&#8221; para recolectar esta planta. El peyote, de alrededor de 5 cm de di\u00e1metro y que apenas sobresale del suelo, es redondo, de color verdiazul, con una leve depresi\u00f3n en el centro, de la que radian nueve surcos; estas nervaduras, entre los surcos, tienen peque\u00f1os racimos de los que crecen pelos, pero no espinas. Su mayor parte permanece oculta en el suelo: una enorme ra\u00edz en forma de nabo.<br \/>\n<strong>\u00a0 \u00a0 \u00a0<\/strong>Los religiosos espa\u00f1oles se refer\u00edan a esta planta como &#8220;g\u00fcisqui seco&#8221;, &#8220;hierba divina&#8221;, &#8220;ra\u00edz del diablo&#8221; o &#8220;medicina de Dios&#8221;. Los botanistas la conocen como <em>Lophophora williamsii<\/em>. Esta planta, para muchos nativos norteamericanos, conlleva la habilidad de abandonar la existencia f\u00edsica para comunicarse con los esp\u00edritus, y &#8220;alcanzar la plenitud&#8221;.<br \/>\n<strong>\u00a0 \u00a0 \u00a0<\/strong>\u00bfQu\u00e9 hay en el peyote que causa tales inusuales efectos? \u00bfPuede la medicina moderna aprender algo del uso que los nativos norteamericanos hac\u00edan del peyote para guarecer una extensa variedad de dolencias? \u00bfTiene alguien el derecho legal de usar drogas o sustancias controladas en sus ceremonias religiosas? Considerado un cl\u00e1sico imprescindible sobre el amplio universo que rodea al peyote, <em>Peyote. El cactus divino<\/em>, se presenta por primera vez al lector de habla hispana.<br \/>\n<strong>\u00a0 \u00a0 El peyote, <\/strong>Escrito con pasi\u00f3n, objetividad y evidente \u00e1nimo multidisciplinar, Edward F. Anderson ahonda en la historia, los usos religiosos pasados y presentes, la etnobot\u00e1nica, la farmacolog\u00eda y la situaci\u00f3n legal de la planta sagrada de la Iglesia Nativa Americana, el famoso <em>Lophophora williamsii<\/em>.<\/p>\n","protected":false},"excerpt":{"rendered":"<p>El peyote, el cactus divino de los nativos mesoamericanos del norte, se localiza en los alrededores de Real de Catorce,<\/p>\n","protected":false},"featured_media":13998,"template":"","meta":[],"product_brand":[],"product_cat":[345],"product_tag":[812,1164,657,1165,1166,1167,1168,1072,1169,1170],"autores":[1171],"formatos":[355],"materias":[358,381],"class_list":{"0":"post-13751","1":"product","2":"type-product","3":"status-publish","4":"has-post-thumbnail","6":"product_cat-kin-ik-ca","7":"product_tag-antropologia-ca","8":"product_tag-cactus-ca","9":"product_tag-ensayo-ca","10":"product_tag-hierba-divina-ca","11":"product_tag-lophophora-williamsii-ca","12":"product_tag-medicina-tradicional-ca","13":"product_tag-real-de-catorce-ca","14":"product_tag-religion-ca","15":"product_tag-san-luis-potosi-ca","16":"product_tag-wirikuta-ca","17":"autores-anderson-edward-f-ca","18":"formatos-llibre","19":"materias-antropologia-ca","20":"materias-religion-ca","22":"first","23":"instock","24":"taxable","25":"shipping-taxable","26":"purchasable","27":"product-type-simple"},"yoast_head":"<!-- This site is optimized with the Yoast SEO plugin v27.3 - https:\/\/yoast.com\/product\/yoast-seo-wordpress\/ -->\n<title>Peyote | Laertes ediciones<\/title>\n<meta name=\"description\" content=\"El peyote, el cactus divino de los nativos mesoamericanos del norte, se localiza en los alrededores de Real de Catorce, en el Estado de San Luis de Potos\u00ed\" \/>\n<meta name=\"robots\" content=\"index, follow, max-snippet:-1, max-image-preview:large, max-video-preview:-1\" \/>\n<link rel=\"canonical\" href=\"https:\/\/www.laertes.es\/ca\/llibre\/peyote\/\" \/>\n<meta property=\"og:locale\" content=\"ca_ES\" \/>\n<meta property=\"og:type\" content=\"article\" \/>\n<meta property=\"og:title\" content=\"Peyote | Laertes ediciones\" \/>\n<meta property=\"og:description\" content=\"El peyote, el cactus divino de los nativos mesoamericanos del norte, se localiza en los alrededores de Real de Catorce, en el Estado de San Luis de Potos\u00ed\" \/>\n<meta property=\"og:url\" content=\"https:\/\/www.laertes.es\/ca\/llibre\/peyote\/\" \/>\n<meta property=\"og:site_name\" content=\"Laertes ediciones\" \/>\n<meta property=\"article:modified_time\" content=\"2023-05-18T13:21:47+00:00\" \/>\n<meta property=\"og:image\" content=\"https:\/\/www.laertes.es\/wp-content\/uploads\/2023\/05\/KN009.webp\" \/>\n\t<meta property=\"og:image:width\" content=\"802\" \/>\n\t<meta property=\"og:image:height\" content=\"1200\" \/>\n\t<meta property=\"og:image:type\" content=\"image\/webp\" \/>\n<script type=\"application\/ld+json\" class=\"yoast-schema-graph\">{\"@context\":\"https:\\\/\\\/schema.org\",\"@graph\":[{\"@type\":\"WebPage\",\"@id\":\"https:\\\/\\\/www.laertes.es\\\/ca\\\/llibre\\\/peyote\\\/\",\"url\":\"https:\\\/\\\/www.laertes.es\\\/ca\\\/llibre\\\/peyote\\\/\",\"name\":\"Peyote | Laertes ediciones\",\"isPartOf\":{\"@id\":\"https:\\\/\\\/www.laertes.es\\\/ca\\\/#website\"},\"primaryImageOfPage\":{\"@id\":\"https:\\\/\\\/www.laertes.es\\\/ca\\\/llibre\\\/peyote\\\/#primaryimage\"},\"image\":{\"@id\":\"https:\\\/\\\/www.laertes.es\\\/ca\\\/llibre\\\/peyote\\\/#primaryimage\"},\"thumbnailUrl\":\"https:\\\/\\\/www.laertes.es\\\/wp-content\\\/uploads\\\/2023\\\/05\\\/KN009.webp\",\"datePublished\":\"2023-05-10T05:31:21+00:00\",\"dateModified\":\"2023-05-18T13:21:47+00:00\",\"description\":\"El peyote, el cactus divino de los nativos mesoamericanos del norte, se localiza en los alrededores de Real de Catorce, en el Estado de San Luis de Potos\u00ed\",\"breadcrumb\":{\"@id\":\"https:\\\/\\\/www.laertes.es\\\/ca\\\/llibre\\\/peyote\\\/#breadcrumb\"},\"inLanguage\":\"ca\",\"potentialAction\":[{\"@type\":\"ReadAction\",\"target\":[\"https:\\\/\\\/www.laertes.es\\\/ca\\\/llibre\\\/peyote\\\/\"]}]},{\"@type\":\"ImageObject\",\"inLanguage\":\"ca\",\"@id\":\"https:\\\/\\\/www.laertes.es\\\/ca\\\/llibre\\\/peyote\\\/#primaryimage\",\"url\":\"https:\\\/\\\/www.laertes.es\\\/wp-content\\\/uploads\\\/2023\\\/05\\\/KN009.webp\",\"contentUrl\":\"https:\\\/\\\/www.laertes.es\\\/wp-content\\\/uploads\\\/2023\\\/05\\\/KN009.webp\",\"width\":802,\"height\":1200,\"caption\":\"Peyote\"},{\"@type\":\"BreadcrumbList\",\"@id\":\"https:\\\/\\\/www.laertes.es\\\/ca\\\/llibre\\\/peyote\\\/#breadcrumb\",\"itemListElement\":[{\"@type\":\"ListItem\",\"position\":1,\"name\":\"Portada\",\"item\":\"https:\\\/\\\/www.laertes.es\\\/ca\\\/\"},{\"@type\":\"ListItem\",\"position\":2,\"name\":\"Tienda\",\"item\":\"https:\\\/\\\/www.laertes.es\\\/tienda\\\/\"},{\"@type\":\"ListItem\",\"position\":3,\"name\":\"Peyote\"}]},{\"@type\":\"WebSite\",\"@id\":\"https:\\\/\\\/www.laertes.es\\\/ca\\\/#website\",\"url\":\"https:\\\/\\\/www.laertes.es\\\/ca\\\/\",\"name\":\"Laertes Ediciones\",\"description\":\"Editorial independiente desde 1975\",\"alternateName\":\"Laertes\",\"potentialAction\":[{\"@type\":\"SearchAction\",\"target\":{\"@type\":\"EntryPoint\",\"urlTemplate\":\"https:\\\/\\\/www.laertes.es\\\/ca\\\/?s={search_term_string}\"},\"query-input\":{\"@type\":\"PropertyValueSpecification\",\"valueRequired\":true,\"valueName\":\"search_term_string\"}}],\"inLanguage\":\"ca\"}]}<\/script>\n<!-- \/ Yoast SEO plugin. -->","yoast_head_json":{"title":"Peyote | Laertes ediciones","description":"El peyote, el cactus divino de los nativos mesoamericanos del norte, se localiza en los alrededores de Real de Catorce, en el Estado de San Luis de Potos\u00ed","robots":{"index":"index","follow":"follow","max-snippet":"max-snippet:-1","max-image-preview":"max-image-preview:large","max-video-preview":"max-video-preview:-1"},"canonical":"https:\/\/www.laertes.es\/ca\/llibre\/peyote\/","og_locale":"ca_ES","og_type":"article","og_title":"Peyote | Laertes ediciones","og_description":"El peyote, el cactus divino de los nativos mesoamericanos del norte, se localiza en los alrededores de Real de Catorce, en el Estado de San Luis de Potos\u00ed","og_url":"https:\/\/www.laertes.es\/ca\/llibre\/peyote\/","og_site_name":"Laertes ediciones","article_modified_time":"2023-05-18T13:21:47+00:00","og_image":[{"width":802,"height":1200,"url":"https:\/\/www.laertes.es\/wp-content\/uploads\/2023\/05\/KN009.webp","type":"image\/webp"}],"schema":{"@context":"https:\/\/schema.org","@graph":[{"@type":"WebPage","@id":"https:\/\/www.laertes.es\/ca\/llibre\/peyote\/","url":"https:\/\/www.laertes.es\/ca\/llibre\/peyote\/","name":"Peyote | Laertes ediciones","isPartOf":{"@id":"https:\/\/www.laertes.es\/ca\/#website"},"primaryImageOfPage":{"@id":"https:\/\/www.laertes.es\/ca\/llibre\/peyote\/#primaryimage"},"image":{"@id":"https:\/\/www.laertes.es\/ca\/llibre\/peyote\/#primaryimage"},"thumbnailUrl":"https:\/\/www.laertes.es\/wp-content\/uploads\/2023\/05\/KN009.webp","datePublished":"2023-05-10T05:31:21+00:00","dateModified":"2023-05-18T13:21:47+00:00","description":"El peyote, el cactus divino de los nativos mesoamericanos del norte, se localiza en los alrededores de Real de Catorce, en el Estado de San Luis de Potos\u00ed","breadcrumb":{"@id":"https:\/\/www.laertes.es\/ca\/llibre\/peyote\/#breadcrumb"},"inLanguage":"ca","potentialAction":[{"@type":"ReadAction","target":["https:\/\/www.laertes.es\/ca\/llibre\/peyote\/"]}]},{"@type":"ImageObject","inLanguage":"ca","@id":"https:\/\/www.laertes.es\/ca\/llibre\/peyote\/#primaryimage","url":"https:\/\/www.laertes.es\/wp-content\/uploads\/2023\/05\/KN009.webp","contentUrl":"https:\/\/www.laertes.es\/wp-content\/uploads\/2023\/05\/KN009.webp","width":802,"height":1200,"caption":"Peyote"},{"@type":"BreadcrumbList","@id":"https:\/\/www.laertes.es\/ca\/llibre\/peyote\/#breadcrumb","itemListElement":[{"@type":"ListItem","position":1,"name":"Portada","item":"https:\/\/www.laertes.es\/ca\/"},{"@type":"ListItem","position":2,"name":"Tienda","item":"https:\/\/www.laertes.es\/tienda\/"},{"@type":"ListItem","position":3,"name":"Peyote"}]},{"@type":"WebSite","@id":"https:\/\/www.laertes.es\/ca\/#website","url":"https:\/\/www.laertes.es\/ca\/","name":"Laertes Ediciones","description":"Editorial independiente desde 1975","alternateName":"Laertes","potentialAction":[{"@type":"SearchAction","target":{"@type":"EntryPoint","urlTemplate":"https:\/\/www.laertes.es\/ca\/?s={search_term_string}"},"query-input":{"@type":"PropertyValueSpecification","valueRequired":true,"valueName":"search_term_string"}}],"inLanguage":"ca"}]}},"_links":{"self":[{"href":"https:\/\/www.laertes.es\/ca\/wp-json\/wp\/v2\/product\/13751","targetHints":{"allow":["GET"]}}],"collection":[{"href":"https:\/\/www.laertes.es\/ca\/wp-json\/wp\/v2\/product"}],"about":[{"href":"https:\/\/www.laertes.es\/ca\/wp-json\/wp\/v2\/types\/product"}],"version-history":[{"count":1,"href":"https:\/\/www.laertes.es\/ca\/wp-json\/wp\/v2\/product\/13751\/revisions"}],"predecessor-version":[{"id":14001,"href":"https:\/\/www.laertes.es\/ca\/wp-json\/wp\/v2\/product\/13751\/revisions\/14001"}],"wp:featuredmedia":[{"embeddable":true,"href":"https:\/\/www.laertes.es\/ca\/wp-json\/wp\/v2\/media\/13998"}],"wp:attachment":[{"href":"https:\/\/www.laertes.es\/ca\/wp-json\/wp\/v2\/media?parent=13751"}],"wp:term":[{"taxonomy":"product_brand","embeddable":true,"href":"https:\/\/www.laertes.es\/ca\/wp-json\/wp\/v2\/product_brand?post=13751"},{"taxonomy":"product_cat","embeddable":true,"href":"https:\/\/www.laertes.es\/ca\/wp-json\/wp\/v2\/product_cat?post=13751"},{"taxonomy":"product_tag","embeddable":true,"href":"https:\/\/www.laertes.es\/ca\/wp-json\/wp\/v2\/product_tag?post=13751"},{"taxonomy":"autores","embeddable":true,"href":"https:\/\/www.laertes.es\/ca\/wp-json\/wp\/v2\/autores?post=13751"},{"taxonomy":"formatos","embeddable":true,"href":"https:\/\/www.laertes.es\/ca\/wp-json\/wp\/v2\/formatos?post=13751"},{"taxonomy":"materias","embeddable":true,"href":"https:\/\/www.laertes.es\/ca\/wp-json\/wp\/v2\/materias?post=13751"}],"curies":[{"name":"wp","href":"https:\/\/api.w.org\/{rel}","templated":true}]}}