{"id":13735,"date":"2023-05-09T10:46:54","date_gmt":"2023-05-09T10:46:54","guid":{"rendered":"https:\/libro\/la-gobernanta-ama-de-llaves\/"},"modified":"2023-05-19T07:57:00","modified_gmt":"2023-05-19T07:57:00","slug":"la-gobernanta-ama-de-llaves","status":"publish","type":"product","link":"https:\/\/www.laertes.es\/ca\/llibre\/la-gobernanta-ama-de-llaves\/","title":{"rendered":"La gobernanta (Ama de llaves)"},"content":{"rendered":"<p>La gobernanta (Ama de llaves)<\/p>\n<p>La gobernanta (Ama de llaves) El puesto de gobernanta, tambi\u00e9n llamado ama de llaves en otros pa\u00edses, es vital para el buen desarrollo de un establecimiento hotelero. Para el cliente ha de significar, entre otras cosas, un servicio amable y discreto, adem\u00e1s de una habitaci\u00f3n limpia y c\u00f3moda y que ofrezca una imagen atractiva y acogedora. La figura profesional de la gobernanta ha ido evolucionando y adquiriendo una mayor responsabilidad en la gesti\u00f3n del departamento de pisos, por lo que cada vez es m\u00e1s necesario el aprendizaje continuo. La lectura de esta obra ayudar\u00e1 tanto al profesional seriamente involucrado en su trabajo como al estudiante interesado en labrarse un camino s\u00f3lido en esa fascinante actividad que es la hosteler\u00eda internacional.<br \/>\n<strong>\u00a0 \u00a0 \u00a0<\/strong>Se explica, en primer lugar, en qu\u00e9 consiste el trabajo de gobernanta, la estructura de su departamento y sus distintos \u00e1mbitos de actuaci\u00f3n; despu\u00e9s la Lencer\u00eda, coraz\u00f3n de la actividad diaria; el Servicio a las habitaciones o c\u00f3mo mantener un control constante de su perfecto estado y disponibilidad de alquiler; la Limpieza, imprescindible para mantener la imagen de excelencia de un hotel; la Lavander\u00eda, espacio de vital importancia para un establecimiento de alta calidad; la Administraci\u00f3n y el Personal, expresi\u00f3n de una buena organizaci\u00f3n y de la eficacia de toda la empresa hotelera, y, por \u00faltimo, Calidad y Formaci\u00f3n, consideraciones vitales para mantener y mejorar la competitividad.<br \/>\n<strong>\u00a0 \u00a0 \u00a0<\/strong> La obra se cierra con dos anexos referentes a Decoraci\u00f3n y L\u00e9xico profesional. El puesto de gobernanta, tambi\u00e9n llamado ama de llaves en otros pa\u00edses, es vital para el buen desarrollo de un establecimiento hotelero. Para el cliente ha de significar, entre otras cosas, un servicio amable y discreto, adem\u00e1s de una habitaci\u00f3n limpia y c\u00f3moda y que ofrezca una imagen atractiva y acogedora. La figura profesional de la gobernanta ha ido evolucionando y adquiriendo una mayor responsabilidad en la gesti\u00f3n del departamento de pisos, por lo que cada vez es m\u00e1s necesario el aprendizaje continuo. La lectura de esta obra ayudar\u00e1 tanto al profesional seriamente involucrado en su trabajo como al estudiante interesado en labrarse un camino s\u00f3lido en esa fascinante actividad que es la hosteler\u00eda internacional.<br \/>\n<strong>\u00a0 \u00a0\u00a0<\/strong><\/p>\n","protected":false},"excerpt":{"rendered":"<p>La gobernanta (Ama de llaves) La gobernanta (Ama de llaves) El puesto de gobernanta, tambi\u00e9n llamado ama de llaves en<\/p>\n","protected":false},"featured_media":14013,"template":"","meta":[],"product_brand":[],"product_cat":[348],"product_tag":[656,865,1154,1155,867],"autores":[869],"formatos":[355],"materias":[365,383],"class_list":{"0":"post-13735","1":"product","2":"type-product","3":"status-publish","4":"has-post-thumbnail","6":"product_cat-turismo-ca","7":"product_tag-educacion-ca","8":"product_tag-formacion-profesional-ca","9":"product_tag-hosteleria-y-servicios-ca","10":"product_tag-servicios-turisticos-ca","11":"product_tag-turismo-ca","12":"autores-mesalles-canals-lluis-ca","13":"formatos-llibre","14":"materias-educacion-ca","15":"materias-turismo-ca","17":"first","18":"instock","19":"taxable","20":"shipping-taxable","21":"purchasable","22":"product-type-simple"},"yoast_head":"<!-- This site is optimized with the Yoast SEO plugin v27.4 - https:\/\/yoast.com\/product\/yoast-seo-wordpress\/ -->\n<title>La gobernanta (Ama de llaves) | Laertes ediciones<\/title>\n<meta name=\"description\" content=\"El puesto de gobernanta, tambi\u00e9n llamado ama de llaves en otros pa\u00edses, es vital para el buen desarrollo de un establecimiento hotelero.\" \/>\n<meta name=\"robots\" content=\"index, follow, max-snippet:-1, max-image-preview:large, max-video-preview:-1\" \/>\n<link rel=\"canonical\" href=\"https:\/\/www.laertes.es\/ca\/llibre\/la-gobernanta-ama-de-llaves\/\" \/>\n<meta property=\"og:locale\" content=\"ca_ES\" \/>\n<meta property=\"og:type\" content=\"article\" \/>\n<meta property=\"og:title\" content=\"La gobernanta (Ama de llaves) | Laertes ediciones\" \/>\n<meta property=\"og:description\" content=\"El puesto de gobernanta, tambi\u00e9n llamado ama de llaves en otros pa\u00edses, es vital para el buen desarrollo de un establecimiento hotelero.\" \/>\n<meta property=\"og:url\" content=\"https:\/\/www.laertes.es\/ca\/llibre\/la-gobernanta-ama-de-llaves\/\" \/>\n<meta property=\"og:site_name\" content=\"Laertes ediciones\" \/>\n<meta property=\"article:modified_time\" content=\"2023-05-19T07:57:00+00:00\" \/>\n<meta property=\"og:image\" content=\"https:\/\/www.laertes.es\/wp-content\/uploads\/2023\/05\/ENS005.webp\" \/>\n\t<meta property=\"og:image:width\" content=\"802\" \/>\n\t<meta property=\"og:image:height\" content=\"1200\" \/>\n\t<meta property=\"og:image:type\" content=\"image\/webp\" \/>\n<script type=\"application\/ld+json\" class=\"yoast-schema-graph\">{\"@context\":\"https:\\\/\\\/schema.org\",\"@graph\":[{\"@type\":\"WebPage\",\"@id\":\"https:\\\/\\\/www.laertes.es\\\/ca\\\/llibre\\\/la-gobernanta-ama-de-llaves\\\/\",\"url\":\"https:\\\/\\\/www.laertes.es\\\/ca\\\/llibre\\\/la-gobernanta-ama-de-llaves\\\/\",\"name\":\"La gobernanta (Ama de llaves) | Laertes ediciones\",\"isPartOf\":{\"@id\":\"https:\\\/\\\/www.laertes.es\\\/ca\\\/#website\"},\"primaryImageOfPage\":{\"@id\":\"https:\\\/\\\/www.laertes.es\\\/ca\\\/llibre\\\/la-gobernanta-ama-de-llaves\\\/#primaryimage\"},\"image\":{\"@id\":\"https:\\\/\\\/www.laertes.es\\\/ca\\\/llibre\\\/la-gobernanta-ama-de-llaves\\\/#primaryimage\"},\"thumbnailUrl\":\"https:\\\/\\\/www.laertes.es\\\/wp-content\\\/uploads\\\/2023\\\/05\\\/ENS005.webp\",\"datePublished\":\"2023-05-09T10:46:54+00:00\",\"dateModified\":\"2023-05-19T07:57:00+00:00\",\"description\":\"El puesto de gobernanta, tambi\u00e9n llamado ama de llaves en otros pa\u00edses, es vital para el buen desarrollo de un establecimiento hotelero.\",\"breadcrumb\":{\"@id\":\"https:\\\/\\\/www.laertes.es\\\/ca\\\/llibre\\\/la-gobernanta-ama-de-llaves\\\/#breadcrumb\"},\"inLanguage\":\"ca\",\"potentialAction\":[{\"@type\":\"ReadAction\",\"target\":[\"https:\\\/\\\/www.laertes.es\\\/ca\\\/llibre\\\/la-gobernanta-ama-de-llaves\\\/\"]}]},{\"@type\":\"ImageObject\",\"inLanguage\":\"ca\",\"@id\":\"https:\\\/\\\/www.laertes.es\\\/ca\\\/llibre\\\/la-gobernanta-ama-de-llaves\\\/#primaryimage\",\"url\":\"https:\\\/\\\/www.laertes.es\\\/wp-content\\\/uploads\\\/2023\\\/05\\\/ENS005.webp\",\"contentUrl\":\"https:\\\/\\\/www.laertes.es\\\/wp-content\\\/uploads\\\/2023\\\/05\\\/ENS005.webp\",\"width\":802,\"height\":1200,\"caption\":\"La gobernanta (Ama de llaves)\"},{\"@type\":\"BreadcrumbList\",\"@id\":\"https:\\\/\\\/www.laertes.es\\\/ca\\\/llibre\\\/la-gobernanta-ama-de-llaves\\\/#breadcrumb\",\"itemListElement\":[{\"@type\":\"ListItem\",\"position\":1,\"name\":\"Portada\",\"item\":\"https:\\\/\\\/www.laertes.es\\\/ca\\\/\"},{\"@type\":\"ListItem\",\"position\":2,\"name\":\"Tienda\",\"item\":\"https:\\\/\\\/www.laertes.es\\\/tienda\\\/\"},{\"@type\":\"ListItem\",\"position\":3,\"name\":\"La gobernanta (Ama de llaves)\"}]},{\"@type\":\"WebSite\",\"@id\":\"https:\\\/\\\/www.laertes.es\\\/ca\\\/#website\",\"url\":\"https:\\\/\\\/www.laertes.es\\\/ca\\\/\",\"name\":\"Laertes Ediciones\",\"description\":\"Editorial independiente desde 1975\",\"alternateName\":\"Laertes\",\"potentialAction\":[{\"@type\":\"SearchAction\",\"target\":{\"@type\":\"EntryPoint\",\"urlTemplate\":\"https:\\\/\\\/www.laertes.es\\\/ca\\\/?s={search_term_string}\"},\"query-input\":{\"@type\":\"PropertyValueSpecification\",\"valueRequired\":true,\"valueName\":\"search_term_string\"}}],\"inLanguage\":\"ca\"}]}<\/script>\n<!-- \/ Yoast SEO plugin. -->","yoast_head_json":{"title":"La gobernanta (Ama de llaves) | Laertes ediciones","description":"El puesto de gobernanta, tambi\u00e9n llamado ama de llaves en otros pa\u00edses, es vital para el buen desarrollo de un establecimiento hotelero.","robots":{"index":"index","follow":"follow","max-snippet":"max-snippet:-1","max-image-preview":"max-image-preview:large","max-video-preview":"max-video-preview:-1"},"canonical":"https:\/\/www.laertes.es\/ca\/llibre\/la-gobernanta-ama-de-llaves\/","og_locale":"ca_ES","og_type":"article","og_title":"La gobernanta (Ama de llaves) | Laertes ediciones","og_description":"El puesto de gobernanta, tambi\u00e9n llamado ama de llaves en otros pa\u00edses, es vital para el buen desarrollo de un establecimiento hotelero.","og_url":"https:\/\/www.laertes.es\/ca\/llibre\/la-gobernanta-ama-de-llaves\/","og_site_name":"Laertes ediciones","article_modified_time":"2023-05-19T07:57:00+00:00","og_image":[{"width":802,"height":1200,"url":"https:\/\/www.laertes.es\/wp-content\/uploads\/2023\/05\/ENS005.webp","type":"image\/webp"}],"schema":{"@context":"https:\/\/schema.org","@graph":[{"@type":"WebPage","@id":"https:\/\/www.laertes.es\/ca\/llibre\/la-gobernanta-ama-de-llaves\/","url":"https:\/\/www.laertes.es\/ca\/llibre\/la-gobernanta-ama-de-llaves\/","name":"La gobernanta (Ama de llaves) | Laertes ediciones","isPartOf":{"@id":"https:\/\/www.laertes.es\/ca\/#website"},"primaryImageOfPage":{"@id":"https:\/\/www.laertes.es\/ca\/llibre\/la-gobernanta-ama-de-llaves\/#primaryimage"},"image":{"@id":"https:\/\/www.laertes.es\/ca\/llibre\/la-gobernanta-ama-de-llaves\/#primaryimage"},"thumbnailUrl":"https:\/\/www.laertes.es\/wp-content\/uploads\/2023\/05\/ENS005.webp","datePublished":"2023-05-09T10:46:54+00:00","dateModified":"2023-05-19T07:57:00+00:00","description":"El puesto de gobernanta, tambi\u00e9n llamado ama de llaves en otros pa\u00edses, es vital para el buen desarrollo de un establecimiento hotelero.","breadcrumb":{"@id":"https:\/\/www.laertes.es\/ca\/llibre\/la-gobernanta-ama-de-llaves\/#breadcrumb"},"inLanguage":"ca","potentialAction":[{"@type":"ReadAction","target":["https:\/\/www.laertes.es\/ca\/llibre\/la-gobernanta-ama-de-llaves\/"]}]},{"@type":"ImageObject","inLanguage":"ca","@id":"https:\/\/www.laertes.es\/ca\/llibre\/la-gobernanta-ama-de-llaves\/#primaryimage","url":"https:\/\/www.laertes.es\/wp-content\/uploads\/2023\/05\/ENS005.webp","contentUrl":"https:\/\/www.laertes.es\/wp-content\/uploads\/2023\/05\/ENS005.webp","width":802,"height":1200,"caption":"La gobernanta (Ama de llaves)"},{"@type":"BreadcrumbList","@id":"https:\/\/www.laertes.es\/ca\/llibre\/la-gobernanta-ama-de-llaves\/#breadcrumb","itemListElement":[{"@type":"ListItem","position":1,"name":"Portada","item":"https:\/\/www.laertes.es\/ca\/"},{"@type":"ListItem","position":2,"name":"Tienda","item":"https:\/\/www.laertes.es\/tienda\/"},{"@type":"ListItem","position":3,"name":"La gobernanta (Ama de llaves)"}]},{"@type":"WebSite","@id":"https:\/\/www.laertes.es\/ca\/#website","url":"https:\/\/www.laertes.es\/ca\/","name":"Laertes Ediciones","description":"Editorial independiente desde 1975","alternateName":"Laertes","potentialAction":[{"@type":"SearchAction","target":{"@type":"EntryPoint","urlTemplate":"https:\/\/www.laertes.es\/ca\/?s={search_term_string}"},"query-input":{"@type":"PropertyValueSpecification","valueRequired":true,"valueName":"search_term_string"}}],"inLanguage":"ca"}]}},"_links":{"self":[{"href":"https:\/\/www.laertes.es\/ca\/wp-json\/wp\/v2\/product\/13735","targetHints":{"allow":["GET"]}}],"collection":[{"href":"https:\/\/www.laertes.es\/ca\/wp-json\/wp\/v2\/product"}],"about":[{"href":"https:\/\/www.laertes.es\/ca\/wp-json\/wp\/v2\/types\/product"}],"version-history":[{"count":1,"href":"https:\/\/www.laertes.es\/ca\/wp-json\/wp\/v2\/product\/13735\/revisions"}],"predecessor-version":[{"id":14016,"href":"https:\/\/www.laertes.es\/ca\/wp-json\/wp\/v2\/product\/13735\/revisions\/14016"}],"wp:featuredmedia":[{"embeddable":true,"href":"https:\/\/www.laertes.es\/ca\/wp-json\/wp\/v2\/media\/14013"}],"wp:attachment":[{"href":"https:\/\/www.laertes.es\/ca\/wp-json\/wp\/v2\/media?parent=13735"}],"wp:term":[{"taxonomy":"product_brand","embeddable":true,"href":"https:\/\/www.laertes.es\/ca\/wp-json\/wp\/v2\/product_brand?post=13735"},{"taxonomy":"product_cat","embeddable":true,"href":"https:\/\/www.laertes.es\/ca\/wp-json\/wp\/v2\/product_cat?post=13735"},{"taxonomy":"product_tag","embeddable":true,"href":"https:\/\/www.laertes.es\/ca\/wp-json\/wp\/v2\/product_tag?post=13735"},{"taxonomy":"autores","embeddable":true,"href":"https:\/\/www.laertes.es\/ca\/wp-json\/wp\/v2\/autores?post=13735"},{"taxonomy":"formatos","embeddable":true,"href":"https:\/\/www.laertes.es\/ca\/wp-json\/wp\/v2\/formatos?post=13735"},{"taxonomy":"materias","embeddable":true,"href":"https:\/\/www.laertes.es\/ca\/wp-json\/wp\/v2\/materias?post=13735"}],"curies":[{"name":"wp","href":"https:\/\/api.w.org\/{rel}","templated":true}]}}