{"id":13730,"date":"2023-05-09T10:36:24","date_gmt":"2023-05-09T10:36:24","guid":{"rendered":"https:\/libro\/viaje-al-japon\/"},"modified":"2023-05-22T15:28:59","modified_gmt":"2023-05-22T15:28:59","slug":"viaje-al-japon","status":"publish","type":"product","link":"https:\/\/www.laertes.es\/ca\/llibre\/viaje-al-japon\/","title":{"rendered":"Viaje al Jap\u00f3n"},"content":{"rendered":"<p>Viaje al Jap\u00f3n<\/p>\n<p>Viaje al Jap\u00f3n El texto de Kipling sobre el Jap\u00f3n, una joya de la escritura tur\u00edstica, de una amenidad extraordinaria, mantiene una actualidad pasmosa gracias a la casualidad que hizo de Kipling uno de los poqu\u00edsimos grandes escritores occidentales que pudieron contemplar y describir el Jap\u00f3n moderno en los momentos mismos de su gestaci\u00f3n, en pleno per\u00edodo revolucionario Meiji. Con un ritmo magistralmente medido para cautivar al lector, mediante una combinaci\u00f3n sostenida de efectos c\u00f3micos y de brillantes pinceladas descriptivas, Kipling contrasta el Jap\u00f3n tradicional, rebosante de refinada belleza, con las reformas modernizadoras de un pa\u00eds que, sin perder conciencia de su riqueza est\u00e9tica y su originalidad, adopta a marchas forzadas modelos occidentales.<br \/>\n<strong>\u00a0 \u00a0 \u00a0<\/strong>Con el ensayo introductorio y las notas, el novelista y ensayista Emili Olcina, autor tambi\u00e9n de la traducci\u00f3n, ensancha y enriquece el panorama del conjunto del libro situando el viaje de Kipling al Jap\u00f3n en sus varios contextos: hist\u00f3rico, pol\u00edtico, biogr\u00e1fico y literario. El texto de Kipling sobre el Jap\u00f3n, una joya de la escritura tur\u00edstica, de una amenidad extraordinaria, mantiene una actualidad pasmosa gracias a la casualidad que hizo de Kipling uno de los poqu\u00edsimos grandes escritores occidentales que pudieron contemplar y describir el Jap\u00f3n moderno en los momentos mismos de su gestaci\u00f3n, en pleno per\u00edodo revolucionario Meiji. Con un ritmo magistralmente medido para cautivar al lector, mediante una combinaci\u00f3n sostenida de efectos c\u00f3micos y de brillantes pinceladas descriptivas, Kipling contrasta el Jap\u00f3n tradicional, rebosante de refinada belleza, con las reformas modernizadoras de un pa\u00eds que, sin perder conciencia de su riqueza est\u00e9tica y su originalidad, adopta a marchas forzadas modelos occidentales.<br \/>\n<strong>\u00a0 \u00a0 \u00a0<\/strong>Con el ensayo introductorio y las notas, el novelista y ensayista Emili Olcina, autor tambi\u00e9n de la traducci\u00f3n, ensancha y enriquece el panorama del conjunto del libro situando el viaje de Kipling al Jap\u00f3n en sus varios contextos: hist\u00f3rico, pol\u00edtico, biogr\u00e1fico y literario.<\/p>\n","protected":false},"excerpt":{"rendered":"<p>Viaje al Jap\u00f3n Viaje al Jap\u00f3n El texto de Kipling sobre el Jap\u00f3n, una joya de la escritura tur\u00edstica, de<\/p>\n","protected":false},"featured_media":14031,"template":"","meta":[],"product_brand":[],"product_cat":[339],"product_tag":[812,711,818,1149,1150,641,1151],"autores":[406],"formatos":[355],"materias":[358,374,375],"class_list":{"0":"post-13730","1":"product","2":"type-product","3":"status-publish","4":"has-post-thumbnail","6":"product_cat-nan-shan-ca","7":"product_tag-antropologia-ca","8":"product_tag-aventura-ca","9":"product_tag-cronicas-de-viaje-ca","10":"product_tag-era-meiji-ca","11":"product_tag-japon-ca","12":"product_tag-literatura-de-viajes-ca","13":"product_tag-premio-nobel-ca","14":"autores-kipling-rudyard-ca","15":"formatos-llibre","16":"materias-antropologia-ca","17":"materias-literatura-ca","18":"materias-literatura-de-viajes-ca","20":"first","21":"instock","22":"taxable","23":"shipping-taxable","24":"purchasable","25":"product-type-simple"},"yoast_head":"<!-- This site is optimized with the Yoast SEO plugin v27.4 - https:\/\/yoast.com\/product\/yoast-seo-wordpress\/ -->\n<title>Viaje al Jap\u00f3n | Laertes ediciones<\/title>\n<meta name=\"description\" content=\"Con un estilo magistral, el autor describe la belleza tradicional del pa\u00eds y su transformaci\u00f3n revolucionaria hacia modelos occidentales. | Viaje al Jap\u00f3n\" \/>\n<meta name=\"robots\" content=\"index, follow, max-snippet:-1, max-image-preview:large, max-video-preview:-1\" \/>\n<link rel=\"canonical\" href=\"https:\/\/www.laertes.es\/ca\/llibre\/viaje-al-japon\/\" \/>\n<meta property=\"og:locale\" content=\"ca_ES\" \/>\n<meta property=\"og:type\" content=\"article\" \/>\n<meta property=\"og:title\" content=\"Viaje al Jap\u00f3n | Laertes ediciones\" \/>\n<meta property=\"og:description\" content=\"Con un estilo magistral, el autor describe la belleza tradicional del pa\u00eds y su transformaci\u00f3n revolucionaria hacia modelos occidentales. | Viaje al Jap\u00f3n\" \/>\n<meta property=\"og:url\" content=\"https:\/\/www.laertes.es\/ca\/llibre\/viaje-al-japon\/\" \/>\n<meta property=\"og:site_name\" content=\"Laertes ediciones\" \/>\n<meta property=\"article:modified_time\" content=\"2023-05-22T15:28:59+00:00\" \/>\n<meta property=\"og:image\" content=\"https:\/\/aliceblue-magpie-467488.hostingersite.com\/wp-content\/uploads\/2023\/05\/NAN032.webp\" \/>\n\t<meta property=\"og:image:width\" content=\"802\" \/>\n\t<meta property=\"og:image:height\" content=\"1200\" \/>\n\t<meta property=\"og:image:type\" content=\"image\/webp\" \/>\n<script type=\"application\/ld+json\" class=\"yoast-schema-graph\">{\"@context\":\"https:\\\/\\\/schema.org\",\"@graph\":[{\"@type\":\"WebPage\",\"@id\":\"https:\\\/\\\/www.laertes.es\\\/ca\\\/llibre\\\/viaje-al-japon\\\/\",\"url\":\"https:\\\/\\\/www.laertes.es\\\/ca\\\/llibre\\\/viaje-al-japon\\\/\",\"name\":\"Viaje al Jap\u00f3n | Laertes ediciones\",\"isPartOf\":{\"@id\":\"https:\\\/\\\/www.laertes.es\\\/ca\\\/#website\"},\"primaryImageOfPage\":{\"@id\":\"https:\\\/\\\/www.laertes.es\\\/ca\\\/llibre\\\/viaje-al-japon\\\/#primaryimage\"},\"image\":{\"@id\":\"https:\\\/\\\/www.laertes.es\\\/ca\\\/llibre\\\/viaje-al-japon\\\/#primaryimage\"},\"thumbnailUrl\":\"https:\\\/\\\/www.laertes.es\\\/wp-content\\\/uploads\\\/2023\\\/05\\\/NAN032.webp\",\"datePublished\":\"2023-05-09T10:36:24+00:00\",\"dateModified\":\"2023-05-22T15:28:59+00:00\",\"description\":\"Con un estilo magistral, el autor describe la belleza tradicional del pa\u00eds y su transformaci\u00f3n revolucionaria hacia modelos occidentales. | Viaje al Jap\u00f3n\",\"breadcrumb\":{\"@id\":\"https:\\\/\\\/www.laertes.es\\\/ca\\\/llibre\\\/viaje-al-japon\\\/#breadcrumb\"},\"inLanguage\":\"ca\",\"potentialAction\":[{\"@type\":\"ReadAction\",\"target\":[\"https:\\\/\\\/www.laertes.es\\\/ca\\\/llibre\\\/viaje-al-japon\\\/\"]}]},{\"@type\":\"ImageObject\",\"inLanguage\":\"ca\",\"@id\":\"https:\\\/\\\/www.laertes.es\\\/ca\\\/llibre\\\/viaje-al-japon\\\/#primaryimage\",\"url\":\"https:\\\/\\\/www.laertes.es\\\/wp-content\\\/uploads\\\/2023\\\/05\\\/NAN032.webp\",\"contentUrl\":\"https:\\\/\\\/www.laertes.es\\\/wp-content\\\/uploads\\\/2023\\\/05\\\/NAN032.webp\",\"width\":802,\"height\":1200,\"caption\":\"Viaje al Jap\u00f3n\"},{\"@type\":\"BreadcrumbList\",\"@id\":\"https:\\\/\\\/www.laertes.es\\\/ca\\\/llibre\\\/viaje-al-japon\\\/#breadcrumb\",\"itemListElement\":[{\"@type\":\"ListItem\",\"position\":1,\"name\":\"Portada\",\"item\":\"https:\\\/\\\/www.laertes.es\\\/ca\\\/\"},{\"@type\":\"ListItem\",\"position\":2,\"name\":\"Tienda\",\"item\":\"https:\\\/\\\/www.laertes.es\\\/tienda\\\/\"},{\"@type\":\"ListItem\",\"position\":3,\"name\":\"Viaje al Jap\u00f3n\"}]},{\"@type\":\"WebSite\",\"@id\":\"https:\\\/\\\/www.laertes.es\\\/ca\\\/#website\",\"url\":\"https:\\\/\\\/www.laertes.es\\\/ca\\\/\",\"name\":\"Laertes Ediciones\",\"description\":\"Editorial independiente desde 1975\",\"alternateName\":\"Laertes\",\"potentialAction\":[{\"@type\":\"SearchAction\",\"target\":{\"@type\":\"EntryPoint\",\"urlTemplate\":\"https:\\\/\\\/www.laertes.es\\\/ca\\\/?s={search_term_string}\"},\"query-input\":{\"@type\":\"PropertyValueSpecification\",\"valueRequired\":true,\"valueName\":\"search_term_string\"}}],\"inLanguage\":\"ca\"}]}<\/script>\n<!-- \/ Yoast SEO plugin. -->","yoast_head_json":{"title":"Viaje al Jap\u00f3n | Laertes ediciones","description":"Con un estilo magistral, el autor describe la belleza tradicional del pa\u00eds y su transformaci\u00f3n revolucionaria hacia modelos occidentales. | Viaje al Jap\u00f3n","robots":{"index":"index","follow":"follow","max-snippet":"max-snippet:-1","max-image-preview":"max-image-preview:large","max-video-preview":"max-video-preview:-1"},"canonical":"https:\/\/www.laertes.es\/ca\/llibre\/viaje-al-japon\/","og_locale":"ca_ES","og_type":"article","og_title":"Viaje al Jap\u00f3n | Laertes ediciones","og_description":"Con un estilo magistral, el autor describe la belleza tradicional del pa\u00eds y su transformaci\u00f3n revolucionaria hacia modelos occidentales. | Viaje al Jap\u00f3n","og_url":"https:\/\/www.laertes.es\/ca\/llibre\/viaje-al-japon\/","og_site_name":"Laertes ediciones","article_modified_time":"2023-05-22T15:28:59+00:00","og_image":[{"width":802,"height":1200,"url":"https:\/\/aliceblue-magpie-467488.hostingersite.com\/wp-content\/uploads\/2023\/05\/NAN032.webp","type":"image\/webp"}],"schema":{"@context":"https:\/\/schema.org","@graph":[{"@type":"WebPage","@id":"https:\/\/www.laertes.es\/ca\/llibre\/viaje-al-japon\/","url":"https:\/\/www.laertes.es\/ca\/llibre\/viaje-al-japon\/","name":"Viaje al Jap\u00f3n | Laertes ediciones","isPartOf":{"@id":"https:\/\/www.laertes.es\/ca\/#website"},"primaryImageOfPage":{"@id":"https:\/\/www.laertes.es\/ca\/llibre\/viaje-al-japon\/#primaryimage"},"image":{"@id":"https:\/\/www.laertes.es\/ca\/llibre\/viaje-al-japon\/#primaryimage"},"thumbnailUrl":"https:\/\/www.laertes.es\/wp-content\/uploads\/2023\/05\/NAN032.webp","datePublished":"2023-05-09T10:36:24+00:00","dateModified":"2023-05-22T15:28:59+00:00","description":"Con un estilo magistral, el autor describe la belleza tradicional del pa\u00eds y su transformaci\u00f3n revolucionaria hacia modelos occidentales. | Viaje al Jap\u00f3n","breadcrumb":{"@id":"https:\/\/www.laertes.es\/ca\/llibre\/viaje-al-japon\/#breadcrumb"},"inLanguage":"ca","potentialAction":[{"@type":"ReadAction","target":["https:\/\/www.laertes.es\/ca\/llibre\/viaje-al-japon\/"]}]},{"@type":"ImageObject","inLanguage":"ca","@id":"https:\/\/www.laertes.es\/ca\/llibre\/viaje-al-japon\/#primaryimage","url":"https:\/\/www.laertes.es\/wp-content\/uploads\/2023\/05\/NAN032.webp","contentUrl":"https:\/\/www.laertes.es\/wp-content\/uploads\/2023\/05\/NAN032.webp","width":802,"height":1200,"caption":"Viaje al Jap\u00f3n"},{"@type":"BreadcrumbList","@id":"https:\/\/www.laertes.es\/ca\/llibre\/viaje-al-japon\/#breadcrumb","itemListElement":[{"@type":"ListItem","position":1,"name":"Portada","item":"https:\/\/www.laertes.es\/ca\/"},{"@type":"ListItem","position":2,"name":"Tienda","item":"https:\/\/www.laertes.es\/tienda\/"},{"@type":"ListItem","position":3,"name":"Viaje al Jap\u00f3n"}]},{"@type":"WebSite","@id":"https:\/\/www.laertes.es\/ca\/#website","url":"https:\/\/www.laertes.es\/ca\/","name":"Laertes Ediciones","description":"Editorial independiente desde 1975","alternateName":"Laertes","potentialAction":[{"@type":"SearchAction","target":{"@type":"EntryPoint","urlTemplate":"https:\/\/www.laertes.es\/ca\/?s={search_term_string}"},"query-input":{"@type":"PropertyValueSpecification","valueRequired":true,"valueName":"search_term_string"}}],"inLanguage":"ca"}]}},"_links":{"self":[{"href":"https:\/\/www.laertes.es\/ca\/wp-json\/wp\/v2\/product\/13730","targetHints":{"allow":["GET"]}}],"collection":[{"href":"https:\/\/www.laertes.es\/ca\/wp-json\/wp\/v2\/product"}],"about":[{"href":"https:\/\/www.laertes.es\/ca\/wp-json\/wp\/v2\/types\/product"}],"version-history":[{"count":2,"href":"https:\/\/www.laertes.es\/ca\/wp-json\/wp\/v2\/product\/13730\/revisions"}],"predecessor-version":[{"id":14034,"href":"https:\/\/www.laertes.es\/ca\/wp-json\/wp\/v2\/product\/13730\/revisions\/14034"}],"wp:featuredmedia":[{"embeddable":true,"href":"https:\/\/www.laertes.es\/ca\/wp-json\/wp\/v2\/media\/14031"}],"wp:attachment":[{"href":"https:\/\/www.laertes.es\/ca\/wp-json\/wp\/v2\/media?parent=13730"}],"wp:term":[{"taxonomy":"product_brand","embeddable":true,"href":"https:\/\/www.laertes.es\/ca\/wp-json\/wp\/v2\/product_brand?post=13730"},{"taxonomy":"product_cat","embeddable":true,"href":"https:\/\/www.laertes.es\/ca\/wp-json\/wp\/v2\/product_cat?post=13730"},{"taxonomy":"product_tag","embeddable":true,"href":"https:\/\/www.laertes.es\/ca\/wp-json\/wp\/v2\/product_tag?post=13730"},{"taxonomy":"autores","embeddable":true,"href":"https:\/\/www.laertes.es\/ca\/wp-json\/wp\/v2\/autores?post=13730"},{"taxonomy":"formatos","embeddable":true,"href":"https:\/\/www.laertes.es\/ca\/wp-json\/wp\/v2\/formatos?post=13730"},{"taxonomy":"materias","embeddable":true,"href":"https:\/\/www.laertes.es\/ca\/wp-json\/wp\/v2\/materias?post=13730"}],"curies":[{"name":"wp","href":"https:\/\/api.w.org\/{rel}","templated":true}]}}