{"id":13699,"date":"2023-05-09T05:50:34","date_gmt":"2023-05-09T05:50:34","guid":{"rendered":"https:\/libro\/tirant-lo-blanc-2\/"},"modified":"2023-05-10T00:38:19","modified_gmt":"2023-05-10T00:38:19","slug":"tirant-lo-blanc-2","status":"publish","type":"product","link":"https:\/\/www.laertes.es\/ca\/llibre\/tirant-lo-blanc-2\/","title":{"rendered":"Tirant lo Blanc"},"content":{"rendered":"<p><em>Tirant lo Blanc Selecci\u00f3<\/em><\/p>\n<p>Escrita a partir de 1460 i publicada per primera vegada el 1490, <em>Tirant lo Blanc<\/em> de Joanot Martorell \u00e9s una novel\u00b7la cavalleresca que narra les aventures d&#8217;armes i d&#8217;amor del seu protagonista, Tirant, al servei d&#8217;un bell ideal: alliberar l&#8217;Imperi Grec, Constantinoble, del setge dels turcs. Qualificada de novela total (alhora de cavalleria, cortesana, militar, er\u00f2tica i, en cert sentit, psicol\u00f2gica) per Vargas Llosa, la seva versemblan\u00e7a l&#8217;allunya de les novel\u00b7les de cavalleria de l&#8217;Edat Mitjana; i la seva trama, variada i rica en registres (des del to greu fins a l&#8217;humor; des de la crueltat fins al sensualisme), la fan una lectura plaent i divertida, que ha resistit el pas del temps. \u00c9s, no res menys, una de les millors novel\u00b7les europees del moment i de tots els temps.<br \/>\nAquesta edici\u00f3 recull tots els cap\u00edtols del <em>Tirant lo Blanc<\/em> que el Disseny Curricular de Batxillerat estableix com a lectura obligat\u00f2ria de la Literatura Catalana de modalitat. El llibre va precedit per una extensa introducci\u00f3 a la vida i l&#8217;\u00e8poca de Joanot Martorell, aix\u00ed com a l&#8217;argument, les caracter\u00edstiques t\u00e8cniques, estil\u00edstiques i ling\u00fc\u00edstiques de la novel\u00b7la. Aquesta introducci\u00f3 es complementa amb la bibliografia m\u00e9s important sobre l&#8217;obra. Finalment, per facilitar-ne la lectura i el comentari, s&#8217;ofereix als joves lectors i estudiants un glossari de termes, altres textos afins o complementaris, un comentari que pot servir de model, i un seguit de propostes de treball per analitzar i aprofundir els aspectes m\u00e9s rellevants del text. <em>Tirant lo Blanc Selecci\u00f3<\/em><\/p>\n<p>Aquesta edici\u00f3 recull tots els cap\u00edtols del <em>Tirant lo Blanc<\/em> que el Disseny Curricular de Batxillerat estableix com a lectura obligat\u00f2ria de la Literatura Catalana de modalitat. El llibre va precedit per una extensa introducci\u00f3 a la vida i l&#8217;\u00e8poca de Joanot Martorell, aix\u00ed com a l&#8217;argument, les caracter\u00edstiques t\u00e8cniques, estil\u00edstiques i ling\u00fc\u00edstiques de la novel\u00b7la. Aquesta introducci\u00f3 es complementa amb la bibliografia m\u00e9s important sobre l&#8217;obra. Finalment, per facilitar-ne la lectura i el comentari, s&#8217;ofereix als joves lectors i estudiants un glossari de termes, altres textos afins o complementaris, un comentari que pot servir de model, i un seguit de propostes de treball per analitzar i aprofundir els aspectes m\u00e9s rellevants del text.<em>Tirant lo Blanc Selecci\u00f3<\/em><\/p>\n","protected":false},"excerpt":{"rendered":"<p>Tirant lo Blanc Selecci\u00f3 Escrita a partir de 1460 i publicada per primera vegada el 1490, Tirant lo Blanc de<\/p>\n","protected":false},"featured_media":13743,"template":"","meta":[],"product_brand":[],"product_cat":[337],"product_tag":[1139,1140,682,1141,799],"autores":[801],"formatos":[355],"materias":[356,365,367,374],"class_list":{"0":"post-13699","1":"product","2":"type-product","3":"status-publish","4":"has-post-thumbnail","6":"product_cat-lectures-i-itineraris-ca","7":"product_tag-batxillerat-ca","8":"product_tag-ensenyament-ca","9":"product_tag-espasa-i-bruixeria-ca","10":"product_tag-literatura-catalana-ca","11":"product_tag-literatura-clasica-catalana-ca","12":"autores-martorell-joanot-ca","13":"formatos-llibre","14":"materias-cuentos-clasicos-de-generos-fantasticos-ca","15":"materias-educacion-ca","16":"materias-ensenanza-y-literatura-ca","17":"materias-literatura-ca","19":"first","20":"instock","21":"taxable","22":"shipping-taxable","23":"purchasable","24":"product-type-simple"},"yoast_head":"<!-- This site is optimized with the Yoast SEO plugin v27.5 - https:\/\/yoast.com\/product\/yoast-seo-wordpress\/ -->\n<title>Tirant lo Blanc | Laertes ediciones<\/title>\n<meta name=\"description\" content=\"Tirant lo Blanc Selecci\u00f3 de Joanot Martorell \u00e9s una novel\u00b7la cavalleresca que narra les aventures d&#039;armes i d&#039;amor del seu protagonista\" \/>\n<meta name=\"robots\" content=\"index, follow, max-snippet:-1, max-image-preview:large, max-video-preview:-1\" \/>\n<link rel=\"canonical\" href=\"https:\/\/www.laertes.es\/ca\/llibre\/tirant-lo-blanc-2\/\" \/>\n<meta property=\"og:locale\" content=\"ca_ES\" \/>\n<meta property=\"og:type\" content=\"article\" \/>\n<meta property=\"og:title\" content=\"Tirant lo Blanc | Laertes ediciones\" \/>\n<meta property=\"og:description\" content=\"Tirant lo Blanc Selecci\u00f3 de Joanot Martorell \u00e9s una novel\u00b7la cavalleresca que narra les aventures d&#039;armes i d&#039;amor del seu protagonista\" \/>\n<meta property=\"og:url\" content=\"https:\/\/www.laertes.es\/ca\/llibre\/tirant-lo-blanc-2\/\" \/>\n<meta property=\"og:site_name\" content=\"Laertes ediciones\" \/>\n<meta property=\"article:modified_time\" content=\"2023-05-10T00:38:19+00:00\" \/>\n<meta property=\"og:image\" content=\"https:\/\/www.laertes.es\/wp-content\/uploads\/2023\/05\/LEC031.webp\" \/>\n\t<meta property=\"og:image:width\" content=\"802\" \/>\n\t<meta property=\"og:image:height\" content=\"1200\" \/>\n\t<meta property=\"og:image:type\" content=\"image\/webp\" \/>\n<script type=\"application\/ld+json\" class=\"yoast-schema-graph\">{\"@context\":\"https:\\\/\\\/schema.org\",\"@graph\":[{\"@type\":\"WebPage\",\"@id\":\"https:\\\/\\\/www.laertes.es\\\/ca\\\/llibre\\\/tirant-lo-blanc-2\\\/\",\"url\":\"https:\\\/\\\/www.laertes.es\\\/ca\\\/llibre\\\/tirant-lo-blanc-2\\\/\",\"name\":\"Tirant lo Blanc | Laertes ediciones\",\"isPartOf\":{\"@id\":\"https:\\\/\\\/www.laertes.es\\\/ca\\\/#website\"},\"primaryImageOfPage\":{\"@id\":\"https:\\\/\\\/www.laertes.es\\\/ca\\\/llibre\\\/tirant-lo-blanc-2\\\/#primaryimage\"},\"image\":{\"@id\":\"https:\\\/\\\/www.laertes.es\\\/ca\\\/llibre\\\/tirant-lo-blanc-2\\\/#primaryimage\"},\"thumbnailUrl\":\"https:\\\/\\\/www.laertes.es\\\/wp-content\\\/uploads\\\/2023\\\/05\\\/LEC031.webp\",\"datePublished\":\"2023-05-09T05:50:34+00:00\",\"dateModified\":\"2023-05-10T00:38:19+00:00\",\"description\":\"Tirant lo Blanc Selecci\u00f3 de Joanot Martorell \u00e9s una novel\u00b7la cavalleresca que narra les aventures d'armes i d'amor del seu protagonista\",\"breadcrumb\":{\"@id\":\"https:\\\/\\\/www.laertes.es\\\/ca\\\/llibre\\\/tirant-lo-blanc-2\\\/#breadcrumb\"},\"inLanguage\":\"ca\",\"potentialAction\":[{\"@type\":\"ReadAction\",\"target\":[\"https:\\\/\\\/www.laertes.es\\\/ca\\\/llibre\\\/tirant-lo-blanc-2\\\/\"]}]},{\"@type\":\"ImageObject\",\"inLanguage\":\"ca\",\"@id\":\"https:\\\/\\\/www.laertes.es\\\/ca\\\/llibre\\\/tirant-lo-blanc-2\\\/#primaryimage\",\"url\":\"https:\\\/\\\/www.laertes.es\\\/wp-content\\\/uploads\\\/2023\\\/05\\\/LEC031.webp\",\"contentUrl\":\"https:\\\/\\\/www.laertes.es\\\/wp-content\\\/uploads\\\/2023\\\/05\\\/LEC031.webp\",\"width\":802,\"height\":1200,\"caption\":\"Tirant lo Blanc\"},{\"@type\":\"BreadcrumbList\",\"@id\":\"https:\\\/\\\/www.laertes.es\\\/ca\\\/llibre\\\/tirant-lo-blanc-2\\\/#breadcrumb\",\"itemListElement\":[{\"@type\":\"ListItem\",\"position\":1,\"name\":\"Portada\",\"item\":\"https:\\\/\\\/www.laertes.es\\\/ca\\\/\"},{\"@type\":\"ListItem\",\"position\":2,\"name\":\"Tienda\",\"item\":\"https:\\\/\\\/www.laertes.es\\\/tienda\\\/\"},{\"@type\":\"ListItem\",\"position\":3,\"name\":\"Tirant lo Blanc\"}]},{\"@type\":\"WebSite\",\"@id\":\"https:\\\/\\\/www.laertes.es\\\/ca\\\/#website\",\"url\":\"https:\\\/\\\/www.laertes.es\\\/ca\\\/\",\"name\":\"Laertes Ediciones\",\"description\":\"Editorial independiente desde 1975\",\"alternateName\":\"Laertes\",\"potentialAction\":[{\"@type\":\"SearchAction\",\"target\":{\"@type\":\"EntryPoint\",\"urlTemplate\":\"https:\\\/\\\/www.laertes.es\\\/ca\\\/?s={search_term_string}\"},\"query-input\":{\"@type\":\"PropertyValueSpecification\",\"valueRequired\":true,\"valueName\":\"search_term_string\"}}],\"inLanguage\":\"ca\"}]}<\/script>\n<!-- \/ Yoast SEO plugin. -->","yoast_head_json":{"title":"Tirant lo Blanc | Laertes ediciones","description":"Tirant lo Blanc Selecci\u00f3 de Joanot Martorell \u00e9s una novel\u00b7la cavalleresca que narra les aventures d'armes i d'amor del seu protagonista","robots":{"index":"index","follow":"follow","max-snippet":"max-snippet:-1","max-image-preview":"max-image-preview:large","max-video-preview":"max-video-preview:-1"},"canonical":"https:\/\/www.laertes.es\/ca\/llibre\/tirant-lo-blanc-2\/","og_locale":"ca_ES","og_type":"article","og_title":"Tirant lo Blanc | Laertes ediciones","og_description":"Tirant lo Blanc Selecci\u00f3 de Joanot Martorell \u00e9s una novel\u00b7la cavalleresca que narra les aventures d'armes i d'amor del seu protagonista","og_url":"https:\/\/www.laertes.es\/ca\/llibre\/tirant-lo-blanc-2\/","og_site_name":"Laertes ediciones","article_modified_time":"2023-05-10T00:38:19+00:00","og_image":[{"width":802,"height":1200,"url":"https:\/\/www.laertes.es\/wp-content\/uploads\/2023\/05\/LEC031.webp","type":"image\/webp"}],"schema":{"@context":"https:\/\/schema.org","@graph":[{"@type":"WebPage","@id":"https:\/\/www.laertes.es\/ca\/llibre\/tirant-lo-blanc-2\/","url":"https:\/\/www.laertes.es\/ca\/llibre\/tirant-lo-blanc-2\/","name":"Tirant lo Blanc | Laertes ediciones","isPartOf":{"@id":"https:\/\/www.laertes.es\/ca\/#website"},"primaryImageOfPage":{"@id":"https:\/\/www.laertes.es\/ca\/llibre\/tirant-lo-blanc-2\/#primaryimage"},"image":{"@id":"https:\/\/www.laertes.es\/ca\/llibre\/tirant-lo-blanc-2\/#primaryimage"},"thumbnailUrl":"https:\/\/www.laertes.es\/wp-content\/uploads\/2023\/05\/LEC031.webp","datePublished":"2023-05-09T05:50:34+00:00","dateModified":"2023-05-10T00:38:19+00:00","description":"Tirant lo Blanc Selecci\u00f3 de Joanot Martorell \u00e9s una novel\u00b7la cavalleresca que narra les aventures d'armes i d'amor del seu protagonista","breadcrumb":{"@id":"https:\/\/www.laertes.es\/ca\/llibre\/tirant-lo-blanc-2\/#breadcrumb"},"inLanguage":"ca","potentialAction":[{"@type":"ReadAction","target":["https:\/\/www.laertes.es\/ca\/llibre\/tirant-lo-blanc-2\/"]}]},{"@type":"ImageObject","inLanguage":"ca","@id":"https:\/\/www.laertes.es\/ca\/llibre\/tirant-lo-blanc-2\/#primaryimage","url":"https:\/\/www.laertes.es\/wp-content\/uploads\/2023\/05\/LEC031.webp","contentUrl":"https:\/\/www.laertes.es\/wp-content\/uploads\/2023\/05\/LEC031.webp","width":802,"height":1200,"caption":"Tirant lo Blanc"},{"@type":"BreadcrumbList","@id":"https:\/\/www.laertes.es\/ca\/llibre\/tirant-lo-blanc-2\/#breadcrumb","itemListElement":[{"@type":"ListItem","position":1,"name":"Portada","item":"https:\/\/www.laertes.es\/ca\/"},{"@type":"ListItem","position":2,"name":"Tienda","item":"https:\/\/www.laertes.es\/tienda\/"},{"@type":"ListItem","position":3,"name":"Tirant lo Blanc"}]},{"@type":"WebSite","@id":"https:\/\/www.laertes.es\/ca\/#website","url":"https:\/\/www.laertes.es\/ca\/","name":"Laertes Ediciones","description":"Editorial independiente desde 1975","alternateName":"Laertes","potentialAction":[{"@type":"SearchAction","target":{"@type":"EntryPoint","urlTemplate":"https:\/\/www.laertes.es\/ca\/?s={search_term_string}"},"query-input":{"@type":"PropertyValueSpecification","valueRequired":true,"valueName":"search_term_string"}}],"inLanguage":"ca"}]}},"_links":{"self":[{"href":"https:\/\/www.laertes.es\/ca\/wp-json\/wp\/v2\/product\/13699","targetHints":{"allow":["GET"]}}],"collection":[{"href":"https:\/\/www.laertes.es\/ca\/wp-json\/wp\/v2\/product"}],"about":[{"href":"https:\/\/www.laertes.es\/ca\/wp-json\/wp\/v2\/types\/product"}],"version-history":[{"count":1,"href":"https:\/\/www.laertes.es\/ca\/wp-json\/wp\/v2\/product\/13699\/revisions"}],"predecessor-version":[{"id":13746,"href":"https:\/\/www.laertes.es\/ca\/wp-json\/wp\/v2\/product\/13699\/revisions\/13746"}],"wp:featuredmedia":[{"embeddable":true,"href":"https:\/\/www.laertes.es\/ca\/wp-json\/wp\/v2\/media\/13743"}],"wp:attachment":[{"href":"https:\/\/www.laertes.es\/ca\/wp-json\/wp\/v2\/media?parent=13699"}],"wp:term":[{"taxonomy":"product_brand","embeddable":true,"href":"https:\/\/www.laertes.es\/ca\/wp-json\/wp\/v2\/product_brand?post=13699"},{"taxonomy":"product_cat","embeddable":true,"href":"https:\/\/www.laertes.es\/ca\/wp-json\/wp\/v2\/product_cat?post=13699"},{"taxonomy":"product_tag","embeddable":true,"href":"https:\/\/www.laertes.es\/ca\/wp-json\/wp\/v2\/product_tag?post=13699"},{"taxonomy":"autores","embeddable":true,"href":"https:\/\/www.laertes.es\/ca\/wp-json\/wp\/v2\/autores?post=13699"},{"taxonomy":"formatos","embeddable":true,"href":"https:\/\/www.laertes.es\/ca\/wp-json\/wp\/v2\/formatos?post=13699"},{"taxonomy":"materias","embeddable":true,"href":"https:\/\/www.laertes.es\/ca\/wp-json\/wp\/v2\/materias?post=13699"}],"curies":[{"name":"wp","href":"https:\/\/api.w.org\/{rel}","templated":true}]}}