{"id":13682,"date":"2023-05-08T14:59:34","date_gmt":"2023-05-08T14:59:34","guid":{"rendered":"https:\/libro\/llibre-de-les-dones\/"},"modified":"2023-05-10T00:35:01","modified_gmt":"2023-05-10T00:35:01","slug":"llibre-de-les-dones","status":"publish","type":"product","link":"https:\/\/www.laertes.es\/ca\/llibre\/llibre-de-les-dones\/","title":{"rendered":"Llibre de les dones"},"content":{"rendered":"<p>El <em>Llibre de les dones<\/em> consta de 396 cap\u00edtols, dividits en cinc parts, despr\u00e9s d\u2019una introducci\u00f3 general. Aquestes cinc parts corresponen als diversos estats de la dona: xiqueta, donzella, casada, v\u00eddua i monja.<br \/>\n<strong>\u00a0 \u00a0<\/strong> El protagonista de l&#8217;obra, que s&#8217;identifica com a Jaume Roig, s&#8217;adre\u00e7a a Baltasar Bou, nebot segon seu, per explicar-li com l&#8217;han maltractat les dones al llarg de la seva vida i per conv\u00e8ncer-lo que n&#8217;ha de viure al marge per obtenir la salvaci\u00f3.<br \/>\n<strong>\u00a0 \u00a0<\/strong> Introdu\u00efda i anotada amb rigor, aquesta acurada i fidel prosificaci\u00f3 modernitzada del <em>Llibre de les dones<\/em> a c\u00e0rrec de Jordi Ti\u00f1ena posa per primera vegada a l&#8217;abast lector una de les obres m\u00e9s riques, divertides i representatives de la narrativa catalana del segle d&#8217;or. Amb aix\u00f2, i amb els fragments de l&#8217;original i una s\u00e8rie de propostes de treball, no es pret\u00e9n fer altra cosa que el que la majoria de lleng\u00fces de cultura han fet des de fa temps amb les obres antigues i cl\u00e0ssiques: facilitar-ne l&#8217;acc\u00e9s al seu p\u00fablic natural. El <em>Llibre de les dones<\/em> consta de 396 cap\u00edtols, dividits en cinc parts, despr\u00e9s d\u2019una introducci\u00f3 general. Aquestes cinc parts corresponen als diversos estats de la dona: xiqueta, donzella, casada, v\u00eddua i monja.<br \/>\n<strong>\u00a0 \u00a0<\/strong> El protagonista de l&#8217;obra, que s&#8217;identifica com a Jaume Roig, s&#8217;adre\u00e7a a Baltasar Bou, nebot segon seu, per explicar-li com l&#8217;han maltractat les dones al llarg de la seva vida i per conv\u00e8ncer-lo que n&#8217;ha de viure al marge per obtenir la salvaci\u00f3.<br \/>\n<strong>\u00a0 \u00a0<\/strong> Introdu\u00efda i anotada amb rigor, aquesta acurada i fidel prosificaci\u00f3 modernitzada del <em>Llibre de les dones<\/em> a c\u00e0rrec de Jordi Ti\u00f1ena posa per primera vegada a l&#8217;abast lector una de les obres m\u00e9s riques, divertides i representatives de la narrativa catalana del segle d&#8217;or. Amb aix\u00f2, i amb els fragments de l&#8217;original i una s\u00e8rie de propostes de treball, no es pret\u00e9n fer altra cosa que el que la majoria de lleng\u00fces de cultura han fet des de fa temps amb les obres antigues i cl\u00e0ssiques: facilitar-ne l&#8217;acc\u00e9s al seu p\u00fablic natural.<\/p>\n","protected":false},"excerpt":{"rendered":"<p>El Llibre de les dones consta de 396 cap\u00edtols, dividits en cinc parts, despr\u00e9s d\u2019una introducci\u00f3 general. Aquestes cinc parts<\/p>\n","protected":false},"featured_media":13739,"template":"","meta":[],"product_brand":[],"product_cat":[337],"product_tag":[1130,1131,1132,1133,1134],"autores":[1135],"formatos":[355],"materias":[356,367,374],"class_list":{"0":"post-13682","1":"product","2":"type-product","3":"status-publish","4":"has-post-thumbnail","6":"product_cat-lectures-i-itineraris-ca","7":"product_tag-classics-literatura-catalana-ca","8":"product_tag-edat-mitjana-ca","9":"product_tag-educacio-femenina-ca","10":"product_tag-ficcio-classica-ca","11":"product_tag-segle-dor-ca","12":"autores-roig-jaume-ca","13":"formatos-llibre","14":"materias-cuentos-clasicos-de-generos-fantasticos-ca","15":"materias-ensenanza-y-literatura-ca","16":"materias-literatura-ca","18":"first","19":"instock","20":"taxable","21":"shipping-taxable","22":"purchasable","23":"product-type-simple"},"yoast_head":"<!-- This site is optimized with the Yoast SEO plugin v27.4 - https:\/\/yoast.com\/product\/yoast-seo-wordpress\/ -->\n<title>Llibre de les dones | Laertes ediciones<\/title>\n<meta name=\"description\" content=\"El Llibre de les dones consta de 396 cap\u00edtols, dividits en cinc parts, despr\u00e9s d\u2019una introducci\u00f3 general. | Laertes ediciones Llibre de les dones |\" \/>\n<meta name=\"robots\" content=\"index, follow, max-snippet:-1, max-image-preview:large, max-video-preview:-1\" \/>\n<link rel=\"canonical\" href=\"https:\/\/www.laertes.es\/ca\/llibre\/llibre-de-les-dones\/\" \/>\n<meta property=\"og:locale\" content=\"ca_ES\" \/>\n<meta property=\"og:type\" content=\"article\" \/>\n<meta property=\"og:title\" content=\"Llibre de les dones | Laertes ediciones\" \/>\n<meta property=\"og:description\" content=\"El Llibre de les dones consta de 396 cap\u00edtols, dividits en cinc parts, despr\u00e9s d\u2019una introducci\u00f3 general. | Laertes ediciones Llibre de les dones |\" \/>\n<meta property=\"og:url\" content=\"https:\/\/www.laertes.es\/ca\/llibre\/llibre-de-les-dones\/\" \/>\n<meta property=\"og:site_name\" content=\"Laertes ediciones\" \/>\n<meta property=\"article:modified_time\" content=\"2023-05-10T00:35:01+00:00\" \/>\n<meta property=\"og:image\" content=\"https:\/\/www.laertes.es\/wp-content\/uploads\/2023\/05\/LEC002.webp\" \/>\n\t<meta property=\"og:image:width\" content=\"802\" \/>\n\t<meta property=\"og:image:height\" content=\"1200\" \/>\n\t<meta property=\"og:image:type\" content=\"image\/webp\" \/>\n<script type=\"application\/ld+json\" class=\"yoast-schema-graph\">{\"@context\":\"https:\\\/\\\/schema.org\",\"@graph\":[{\"@type\":\"WebPage\",\"@id\":\"https:\\\/\\\/www.laertes.es\\\/ca\\\/llibre\\\/llibre-de-les-dones\\\/\",\"url\":\"https:\\\/\\\/www.laertes.es\\\/ca\\\/llibre\\\/llibre-de-les-dones\\\/\",\"name\":\"Llibre de les dones | Laertes ediciones\",\"isPartOf\":{\"@id\":\"https:\\\/\\\/www.laertes.es\\\/ca\\\/#website\"},\"primaryImageOfPage\":{\"@id\":\"https:\\\/\\\/www.laertes.es\\\/ca\\\/llibre\\\/llibre-de-les-dones\\\/#primaryimage\"},\"image\":{\"@id\":\"https:\\\/\\\/www.laertes.es\\\/ca\\\/llibre\\\/llibre-de-les-dones\\\/#primaryimage\"},\"thumbnailUrl\":\"https:\\\/\\\/www.laertes.es\\\/wp-content\\\/uploads\\\/2023\\\/05\\\/LEC002.webp\",\"datePublished\":\"2023-05-08T14:59:34+00:00\",\"dateModified\":\"2023-05-10T00:35:01+00:00\",\"description\":\"El Llibre de les dones consta de 396 cap\u00edtols, dividits en cinc parts, despr\u00e9s d\u2019una introducci\u00f3 general. | Laertes ediciones Llibre de les dones |\",\"breadcrumb\":{\"@id\":\"https:\\\/\\\/www.laertes.es\\\/ca\\\/llibre\\\/llibre-de-les-dones\\\/#breadcrumb\"},\"inLanguage\":\"ca\",\"potentialAction\":[{\"@type\":\"ReadAction\",\"target\":[\"https:\\\/\\\/www.laertes.es\\\/ca\\\/llibre\\\/llibre-de-les-dones\\\/\"]}]},{\"@type\":\"ImageObject\",\"inLanguage\":\"ca\",\"@id\":\"https:\\\/\\\/www.laertes.es\\\/ca\\\/llibre\\\/llibre-de-les-dones\\\/#primaryimage\",\"url\":\"https:\\\/\\\/www.laertes.es\\\/wp-content\\\/uploads\\\/2023\\\/05\\\/LEC002.webp\",\"contentUrl\":\"https:\\\/\\\/www.laertes.es\\\/wp-content\\\/uploads\\\/2023\\\/05\\\/LEC002.webp\",\"width\":802,\"height\":1200,\"caption\":\"El llibre de les dones\"},{\"@type\":\"BreadcrumbList\",\"@id\":\"https:\\\/\\\/www.laertes.es\\\/ca\\\/llibre\\\/llibre-de-les-dones\\\/#breadcrumb\",\"itemListElement\":[{\"@type\":\"ListItem\",\"position\":1,\"name\":\"Portada\",\"item\":\"https:\\\/\\\/www.laertes.es\\\/ca\\\/\"},{\"@type\":\"ListItem\",\"position\":2,\"name\":\"Tienda\",\"item\":\"https:\\\/\\\/www.laertes.es\\\/tienda\\\/\"},{\"@type\":\"ListItem\",\"position\":3,\"name\":\"Llibre de les dones\"}]},{\"@type\":\"WebSite\",\"@id\":\"https:\\\/\\\/www.laertes.es\\\/ca\\\/#website\",\"url\":\"https:\\\/\\\/www.laertes.es\\\/ca\\\/\",\"name\":\"Laertes Ediciones\",\"description\":\"Editorial independiente desde 1975\",\"alternateName\":\"Laertes\",\"potentialAction\":[{\"@type\":\"SearchAction\",\"target\":{\"@type\":\"EntryPoint\",\"urlTemplate\":\"https:\\\/\\\/www.laertes.es\\\/ca\\\/?s={search_term_string}\"},\"query-input\":{\"@type\":\"PropertyValueSpecification\",\"valueRequired\":true,\"valueName\":\"search_term_string\"}}],\"inLanguage\":\"ca\"}]}<\/script>\n<!-- \/ Yoast SEO plugin. -->","yoast_head_json":{"title":"Llibre de les dones | Laertes ediciones","description":"El Llibre de les dones consta de 396 cap\u00edtols, dividits en cinc parts, despr\u00e9s d\u2019una introducci\u00f3 general. | Laertes ediciones Llibre de les dones |","robots":{"index":"index","follow":"follow","max-snippet":"max-snippet:-1","max-image-preview":"max-image-preview:large","max-video-preview":"max-video-preview:-1"},"canonical":"https:\/\/www.laertes.es\/ca\/llibre\/llibre-de-les-dones\/","og_locale":"ca_ES","og_type":"article","og_title":"Llibre de les dones | Laertes ediciones","og_description":"El Llibre de les dones consta de 396 cap\u00edtols, dividits en cinc parts, despr\u00e9s d\u2019una introducci\u00f3 general. | Laertes ediciones Llibre de les dones |","og_url":"https:\/\/www.laertes.es\/ca\/llibre\/llibre-de-les-dones\/","og_site_name":"Laertes ediciones","article_modified_time":"2023-05-10T00:35:01+00:00","og_image":[{"width":802,"height":1200,"url":"https:\/\/www.laertes.es\/wp-content\/uploads\/2023\/05\/LEC002.webp","type":"image\/webp"}],"schema":{"@context":"https:\/\/schema.org","@graph":[{"@type":"WebPage","@id":"https:\/\/www.laertes.es\/ca\/llibre\/llibre-de-les-dones\/","url":"https:\/\/www.laertes.es\/ca\/llibre\/llibre-de-les-dones\/","name":"Llibre de les dones | Laertes ediciones","isPartOf":{"@id":"https:\/\/www.laertes.es\/ca\/#website"},"primaryImageOfPage":{"@id":"https:\/\/www.laertes.es\/ca\/llibre\/llibre-de-les-dones\/#primaryimage"},"image":{"@id":"https:\/\/www.laertes.es\/ca\/llibre\/llibre-de-les-dones\/#primaryimage"},"thumbnailUrl":"https:\/\/www.laertes.es\/wp-content\/uploads\/2023\/05\/LEC002.webp","datePublished":"2023-05-08T14:59:34+00:00","dateModified":"2023-05-10T00:35:01+00:00","description":"El Llibre de les dones consta de 396 cap\u00edtols, dividits en cinc parts, despr\u00e9s d\u2019una introducci\u00f3 general. | Laertes ediciones Llibre de les dones |","breadcrumb":{"@id":"https:\/\/www.laertes.es\/ca\/llibre\/llibre-de-les-dones\/#breadcrumb"},"inLanguage":"ca","potentialAction":[{"@type":"ReadAction","target":["https:\/\/www.laertes.es\/ca\/llibre\/llibre-de-les-dones\/"]}]},{"@type":"ImageObject","inLanguage":"ca","@id":"https:\/\/www.laertes.es\/ca\/llibre\/llibre-de-les-dones\/#primaryimage","url":"https:\/\/www.laertes.es\/wp-content\/uploads\/2023\/05\/LEC002.webp","contentUrl":"https:\/\/www.laertes.es\/wp-content\/uploads\/2023\/05\/LEC002.webp","width":802,"height":1200,"caption":"El llibre de les dones"},{"@type":"BreadcrumbList","@id":"https:\/\/www.laertes.es\/ca\/llibre\/llibre-de-les-dones\/#breadcrumb","itemListElement":[{"@type":"ListItem","position":1,"name":"Portada","item":"https:\/\/www.laertes.es\/ca\/"},{"@type":"ListItem","position":2,"name":"Tienda","item":"https:\/\/www.laertes.es\/tienda\/"},{"@type":"ListItem","position":3,"name":"Llibre de les dones"}]},{"@type":"WebSite","@id":"https:\/\/www.laertes.es\/ca\/#website","url":"https:\/\/www.laertes.es\/ca\/","name":"Laertes Ediciones","description":"Editorial independiente desde 1975","alternateName":"Laertes","potentialAction":[{"@type":"SearchAction","target":{"@type":"EntryPoint","urlTemplate":"https:\/\/www.laertes.es\/ca\/?s={search_term_string}"},"query-input":{"@type":"PropertyValueSpecification","valueRequired":true,"valueName":"search_term_string"}}],"inLanguage":"ca"}]}},"_links":{"self":[{"href":"https:\/\/www.laertes.es\/ca\/wp-json\/wp\/v2\/product\/13682","targetHints":{"allow":["GET"]}}],"collection":[{"href":"https:\/\/www.laertes.es\/ca\/wp-json\/wp\/v2\/product"}],"about":[{"href":"https:\/\/www.laertes.es\/ca\/wp-json\/wp\/v2\/types\/product"}],"version-history":[{"count":1,"href":"https:\/\/www.laertes.es\/ca\/wp-json\/wp\/v2\/product\/13682\/revisions"}],"predecessor-version":[{"id":13741,"href":"https:\/\/www.laertes.es\/ca\/wp-json\/wp\/v2\/product\/13682\/revisions\/13741"}],"wp:featuredmedia":[{"embeddable":true,"href":"https:\/\/www.laertes.es\/ca\/wp-json\/wp\/v2\/media\/13739"}],"wp:attachment":[{"href":"https:\/\/www.laertes.es\/ca\/wp-json\/wp\/v2\/media?parent=13682"}],"wp:term":[{"taxonomy":"product_brand","embeddable":true,"href":"https:\/\/www.laertes.es\/ca\/wp-json\/wp\/v2\/product_brand?post=13682"},{"taxonomy":"product_cat","embeddable":true,"href":"https:\/\/www.laertes.es\/ca\/wp-json\/wp\/v2\/product_cat?post=13682"},{"taxonomy":"product_tag","embeddable":true,"href":"https:\/\/www.laertes.es\/ca\/wp-json\/wp\/v2\/product_tag?post=13682"},{"taxonomy":"autores","embeddable":true,"href":"https:\/\/www.laertes.es\/ca\/wp-json\/wp\/v2\/autores?post=13682"},{"taxonomy":"formatos","embeddable":true,"href":"https:\/\/www.laertes.es\/ca\/wp-json\/wp\/v2\/formatos?post=13682"},{"taxonomy":"materias","embeddable":true,"href":"https:\/\/www.laertes.es\/ca\/wp-json\/wp\/v2\/materias?post=13682"}],"curies":[{"name":"wp","href":"https:\/\/api.w.org\/{rel}","templated":true}]}}