{"id":13559,"date":"2023-05-08T05:39:13","date_gmt":"2023-05-08T05:39:13","guid":{"rendered":"https:\/libro\/infancia-entre-educacion-y-filosofia\/"},"modified":"2023-06-09T16:20:58","modified_gmt":"2023-06-09T16:20:58","slug":"infancia-entre-educacion-y-filosofia","status":"publish","type":"product","link":"https:\/\/www.laertes.es\/ca\/llibre\/infancia-entre-educacion-y-filosofia\/","title":{"rendered":"Infancia. Entre educaci\u00f3n y filosof\u00eda"},"content":{"rendered":"<h1>Infancia. Entre educaci\u00f3n y filosof\u00eda<\/h1>\n<p>Infancia. Entre educaci\u00f3n y filosof\u00eda El tema principal de este libro es la infancia, y su sentido principal es transformar nuestra relaci\u00f3n con la infancia a trav\u00e9s de la filosof\u00eda y la educaci\u00f3n. En la primera parte se estudia -con Plat\u00f3n, Foucault y Lipman- c\u00f3mo se ha constituido hist\u00f3ricamente un cierto mito educacional en torno de la infancia. En una segunda parte se afirma -con Her\u00e1clito y S\u00f3crates, Ranci\u00e8re y Deleuze- otra idea de infancia: ya no como edad cronol\u00f3gica, sino como posibilidad afirmativa del pensar, como met\u00e1fora de un nuevo pensar. Por \u00faltimo, en el ep\u00edlogo, se justifica con Agamben, la idea de infancia explicitada en esa segunda parte. As\u00ed, se abre la infancia a otra pol\u00edtica y, tal vez, a un nuevo porvenir en filosof\u00eda y en educaci\u00f3n o, mejor, entre ellas.<br \/>\n<strong>\u00a0\u00a0\u00a0\u00a0\u00a0<\/strong>Este es un libro en el que, en relaci\u00f3n con la infancia, es la filosof\u00eda misma la que se indisciplina, la que se convierte en otra cosa, la que recupera su propia infancia, la infancia del pensamiento, aquella que, quiz\u00e1 sin que lo sepamos, ha acompa\u00f1ado la historia entera del pensar.<\/p>\n<p>El tema principal de este libro es la infancia, y su sentido principal es transformar nuestra relaci\u00f3n con la infancia a trav\u00e9s de la filosof\u00eda y la educaci\u00f3n. En la primera parte se estudia -con Plat\u00f3n, Foucault y Lipman- c\u00f3mo se ha constituido hist\u00f3ricamente un cierto mito educacional en torno de la infancia. En una segunda parte se afirma -con Her\u00e1clito y S\u00f3crates, Ranci\u00e8re y Deleuze- otra idea de infancia: ya no como edad cronol\u00f3gica sino como posibilidad afirmativa del pensar, como met\u00e1fora de un nuevo pensar. Por \u00faltimo, en el ep\u00edlogo, se justifica con Agamben, la idea de infancia explicitada en esa segunda parte. As\u00ed, se abre la infancia a otra pol\u00edtica y, tal vez, a un nuevo porvenir en filosof\u00eda y en educaci\u00f3n o, mejor, entre ellas.<br \/>\n<strong>\u00a0\u00a0\u00a0\u00a0\u00a0<\/strong>Este es un libro en el que, en relaci\u00f3n con la infancia, es la filosof\u00eda misma la que se indisciplina, la que se convierte en otra cosa, la que recupera su propia infancia, la infancia del pensamiento, aquella que, quiz\u00e1 sin que lo sepamos, ha acompa\u00f1ado la historia entera del pensar.<\/p>\n","protected":false},"excerpt":{"rendered":"<p>Infancia. Entre educaci\u00f3n y filosof\u00eda Infancia. Entre educaci\u00f3n y filosof\u00eda El tema principal de este libro es la infancia, y<\/p>\n","protected":false},"featured_media":13574,"template":"","meta":[],"product_brand":[],"product_cat":[330],"product_tag":[656,737,657,806,1099,1100,1101],"autores":[1102],"formatos":[355],"materias":[365,368],"class_list":{"0":"post-13559","1":"product","2":"type-product","3":"status-publish","4":"has-post-thumbnail","6":"product_cat-educacion-ca","7":"product_tag-educacion-ca","8":"product_tag-educacion-universitaria-ca","9":"product_tag-ensayo-ca","10":"product_tag-filosofia-ca","11":"product_tag-filosofia-de-la-educacion-ca","12":"product_tag-psicologia-de-la-educacion-ca","13":"product_tag-teoria-de-la-educacion-ca","14":"autores-kohan-walter-omar-ca","15":"formatos-llibre","16":"materias-educacion-ca","17":"materias-filosofia-ca-ca","19":"first","20":"instock","21":"taxable","22":"shipping-taxable","23":"purchasable","24":"product-type-simple"},"yoast_head":"<!-- This site is optimized with the Yoast SEO plugin v27.3 - https:\/\/yoast.com\/product\/yoast-seo-wordpress\/ -->\n<title>Infancia. Entre educaci\u00f3n y filosof\u00eda | Laertes ediciones<\/title>\n<meta name=\"description\" content=\"El tema principal de este libro es la infancia, y su sentido es transformar nuestra relaci\u00f3n con la infancia a trav\u00e9s de la filosof\u00eda y la educaci\u00f3n.\" \/>\n<meta name=\"robots\" content=\"index, follow, max-snippet:-1, max-image-preview:large, max-video-preview:-1\" \/>\n<link rel=\"canonical\" href=\"https:\/\/www.laertes.es\/ca\/llibre\/infancia-entre-educacion-y-filosofia\/\" \/>\n<meta property=\"og:locale\" content=\"ca_ES\" \/>\n<meta property=\"og:type\" content=\"article\" \/>\n<meta property=\"og:title\" content=\"Infancia. Entre educaci\u00f3n y filosof\u00eda | Laertes ediciones\" \/>\n<meta property=\"og:description\" content=\"El tema principal de este libro es la infancia, y su sentido es transformar nuestra relaci\u00f3n con la infancia a trav\u00e9s de la filosof\u00eda y la educaci\u00f3n.\" \/>\n<meta property=\"og:url\" content=\"https:\/\/www.laertes.es\/ca\/llibre\/infancia-entre-educacion-y-filosofia\/\" \/>\n<meta property=\"og:site_name\" content=\"Laertes ediciones\" \/>\n<meta property=\"article:modified_time\" content=\"2023-06-09T16:20:58+00:00\" \/>\n<meta property=\"og:image\" content=\"https:\/\/www.laertes.es\/wp-content\/uploads\/2023\/05\/EDU112.webp\" \/>\n\t<meta property=\"og:image:width\" content=\"802\" \/>\n\t<meta property=\"og:image:height\" content=\"1200\" \/>\n\t<meta property=\"og:image:type\" content=\"image\/webp\" \/>\n<script type=\"application\/ld+json\" class=\"yoast-schema-graph\">{\"@context\":\"https:\\\/\\\/schema.org\",\"@graph\":[{\"@type\":\"WebPage\",\"@id\":\"https:\\\/\\\/www.laertes.es\\\/ca\\\/llibre\\\/infancia-entre-educacion-y-filosofia\\\/\",\"url\":\"https:\\\/\\\/www.laertes.es\\\/ca\\\/llibre\\\/infancia-entre-educacion-y-filosofia\\\/\",\"name\":\"Infancia. Entre educaci\u00f3n y filosof\u00eda | Laertes ediciones\",\"isPartOf\":{\"@id\":\"https:\\\/\\\/www.laertes.es\\\/ca\\\/#website\"},\"primaryImageOfPage\":{\"@id\":\"https:\\\/\\\/www.laertes.es\\\/ca\\\/llibre\\\/infancia-entre-educacion-y-filosofia\\\/#primaryimage\"},\"image\":{\"@id\":\"https:\\\/\\\/www.laertes.es\\\/ca\\\/llibre\\\/infancia-entre-educacion-y-filosofia\\\/#primaryimage\"},\"thumbnailUrl\":\"https:\\\/\\\/www.laertes.es\\\/wp-content\\\/uploads\\\/2023\\\/05\\\/EDU112.webp\",\"datePublished\":\"2023-05-08T05:39:13+00:00\",\"dateModified\":\"2023-06-09T16:20:58+00:00\",\"description\":\"El tema principal de este libro es la infancia, y su sentido es transformar nuestra relaci\u00f3n con la infancia a trav\u00e9s de la filosof\u00eda y la educaci\u00f3n.\",\"breadcrumb\":{\"@id\":\"https:\\\/\\\/www.laertes.es\\\/ca\\\/llibre\\\/infancia-entre-educacion-y-filosofia\\\/#breadcrumb\"},\"inLanguage\":\"ca\",\"potentialAction\":[{\"@type\":\"ReadAction\",\"target\":[\"https:\\\/\\\/www.laertes.es\\\/ca\\\/llibre\\\/infancia-entre-educacion-y-filosofia\\\/\"]}]},{\"@type\":\"ImageObject\",\"inLanguage\":\"ca\",\"@id\":\"https:\\\/\\\/www.laertes.es\\\/ca\\\/llibre\\\/infancia-entre-educacion-y-filosofia\\\/#primaryimage\",\"url\":\"https:\\\/\\\/www.laertes.es\\\/wp-content\\\/uploads\\\/2023\\\/05\\\/EDU112.webp\",\"contentUrl\":\"https:\\\/\\\/www.laertes.es\\\/wp-content\\\/uploads\\\/2023\\\/05\\\/EDU112.webp\",\"width\":802,\"height\":1200,\"caption\":\"Infancia. Entre educaci\u00f3n y filosof\u00eda\"},{\"@type\":\"BreadcrumbList\",\"@id\":\"https:\\\/\\\/www.laertes.es\\\/ca\\\/llibre\\\/infancia-entre-educacion-y-filosofia\\\/#breadcrumb\",\"itemListElement\":[{\"@type\":\"ListItem\",\"position\":1,\"name\":\"Portada\",\"item\":\"https:\\\/\\\/www.laertes.es\\\/ca\\\/\"},{\"@type\":\"ListItem\",\"position\":2,\"name\":\"Tienda\",\"item\":\"https:\\\/\\\/www.laertes.es\\\/tienda\\\/\"},{\"@type\":\"ListItem\",\"position\":3,\"name\":\"Infancia. Entre educaci\u00f3n y filosof\u00eda\"}]},{\"@type\":\"WebSite\",\"@id\":\"https:\\\/\\\/www.laertes.es\\\/ca\\\/#website\",\"url\":\"https:\\\/\\\/www.laertes.es\\\/ca\\\/\",\"name\":\"Laertes Ediciones\",\"description\":\"Editorial independiente desde 1975\",\"alternateName\":\"Laertes\",\"potentialAction\":[{\"@type\":\"SearchAction\",\"target\":{\"@type\":\"EntryPoint\",\"urlTemplate\":\"https:\\\/\\\/www.laertes.es\\\/ca\\\/?s={search_term_string}\"},\"query-input\":{\"@type\":\"PropertyValueSpecification\",\"valueRequired\":true,\"valueName\":\"search_term_string\"}}],\"inLanguage\":\"ca\"}]}<\/script>\n<!-- \/ Yoast SEO plugin. -->","yoast_head_json":{"title":"Infancia. Entre educaci\u00f3n y filosof\u00eda | Laertes ediciones","description":"El tema principal de este libro es la infancia, y su sentido es transformar nuestra relaci\u00f3n con la infancia a trav\u00e9s de la filosof\u00eda y la educaci\u00f3n.","robots":{"index":"index","follow":"follow","max-snippet":"max-snippet:-1","max-image-preview":"max-image-preview:large","max-video-preview":"max-video-preview:-1"},"canonical":"https:\/\/www.laertes.es\/ca\/llibre\/infancia-entre-educacion-y-filosofia\/","og_locale":"ca_ES","og_type":"article","og_title":"Infancia. Entre educaci\u00f3n y filosof\u00eda | Laertes ediciones","og_description":"El tema principal de este libro es la infancia, y su sentido es transformar nuestra relaci\u00f3n con la infancia a trav\u00e9s de la filosof\u00eda y la educaci\u00f3n.","og_url":"https:\/\/www.laertes.es\/ca\/llibre\/infancia-entre-educacion-y-filosofia\/","og_site_name":"Laertes ediciones","article_modified_time":"2023-06-09T16:20:58+00:00","og_image":[{"width":802,"height":1200,"url":"https:\/\/www.laertes.es\/wp-content\/uploads\/2023\/05\/EDU112.webp","type":"image\/webp"}],"schema":{"@context":"https:\/\/schema.org","@graph":[{"@type":"WebPage","@id":"https:\/\/www.laertes.es\/ca\/llibre\/infancia-entre-educacion-y-filosofia\/","url":"https:\/\/www.laertes.es\/ca\/llibre\/infancia-entre-educacion-y-filosofia\/","name":"Infancia. Entre educaci\u00f3n y filosof\u00eda | Laertes ediciones","isPartOf":{"@id":"https:\/\/www.laertes.es\/ca\/#website"},"primaryImageOfPage":{"@id":"https:\/\/www.laertes.es\/ca\/llibre\/infancia-entre-educacion-y-filosofia\/#primaryimage"},"image":{"@id":"https:\/\/www.laertes.es\/ca\/llibre\/infancia-entre-educacion-y-filosofia\/#primaryimage"},"thumbnailUrl":"https:\/\/www.laertes.es\/wp-content\/uploads\/2023\/05\/EDU112.webp","datePublished":"2023-05-08T05:39:13+00:00","dateModified":"2023-06-09T16:20:58+00:00","description":"El tema principal de este libro es la infancia, y su sentido es transformar nuestra relaci\u00f3n con la infancia a trav\u00e9s de la filosof\u00eda y la educaci\u00f3n.","breadcrumb":{"@id":"https:\/\/www.laertes.es\/ca\/llibre\/infancia-entre-educacion-y-filosofia\/#breadcrumb"},"inLanguage":"ca","potentialAction":[{"@type":"ReadAction","target":["https:\/\/www.laertes.es\/ca\/llibre\/infancia-entre-educacion-y-filosofia\/"]}]},{"@type":"ImageObject","inLanguage":"ca","@id":"https:\/\/www.laertes.es\/ca\/llibre\/infancia-entre-educacion-y-filosofia\/#primaryimage","url":"https:\/\/www.laertes.es\/wp-content\/uploads\/2023\/05\/EDU112.webp","contentUrl":"https:\/\/www.laertes.es\/wp-content\/uploads\/2023\/05\/EDU112.webp","width":802,"height":1200,"caption":"Infancia. Entre educaci\u00f3n y filosof\u00eda"},{"@type":"BreadcrumbList","@id":"https:\/\/www.laertes.es\/ca\/llibre\/infancia-entre-educacion-y-filosofia\/#breadcrumb","itemListElement":[{"@type":"ListItem","position":1,"name":"Portada","item":"https:\/\/www.laertes.es\/ca\/"},{"@type":"ListItem","position":2,"name":"Tienda","item":"https:\/\/www.laertes.es\/tienda\/"},{"@type":"ListItem","position":3,"name":"Infancia. Entre educaci\u00f3n y filosof\u00eda"}]},{"@type":"WebSite","@id":"https:\/\/www.laertes.es\/ca\/#website","url":"https:\/\/www.laertes.es\/ca\/","name":"Laertes Ediciones","description":"Editorial independiente desde 1975","alternateName":"Laertes","potentialAction":[{"@type":"SearchAction","target":{"@type":"EntryPoint","urlTemplate":"https:\/\/www.laertes.es\/ca\/?s={search_term_string}"},"query-input":{"@type":"PropertyValueSpecification","valueRequired":true,"valueName":"search_term_string"}}],"inLanguage":"ca"}]}},"_links":{"self":[{"href":"https:\/\/www.laertes.es\/ca\/wp-json\/wp\/v2\/product\/13559","targetHints":{"allow":["GET"]}}],"collection":[{"href":"https:\/\/www.laertes.es\/ca\/wp-json\/wp\/v2\/product"}],"about":[{"href":"https:\/\/www.laertes.es\/ca\/wp-json\/wp\/v2\/types\/product"}],"version-history":[{"count":1,"href":"https:\/\/www.laertes.es\/ca\/wp-json\/wp\/v2\/product\/13559\/revisions"}],"predecessor-version":[{"id":13576,"href":"https:\/\/www.laertes.es\/ca\/wp-json\/wp\/v2\/product\/13559\/revisions\/13576"}],"wp:featuredmedia":[{"embeddable":true,"href":"https:\/\/www.laertes.es\/ca\/wp-json\/wp\/v2\/media\/13574"}],"wp:attachment":[{"href":"https:\/\/www.laertes.es\/ca\/wp-json\/wp\/v2\/media?parent=13559"}],"wp:term":[{"taxonomy":"product_brand","embeddable":true,"href":"https:\/\/www.laertes.es\/ca\/wp-json\/wp\/v2\/product_brand?post=13559"},{"taxonomy":"product_cat","embeddable":true,"href":"https:\/\/www.laertes.es\/ca\/wp-json\/wp\/v2\/product_cat?post=13559"},{"taxonomy":"product_tag","embeddable":true,"href":"https:\/\/www.laertes.es\/ca\/wp-json\/wp\/v2\/product_tag?post=13559"},{"taxonomy":"autores","embeddable":true,"href":"https:\/\/www.laertes.es\/ca\/wp-json\/wp\/v2\/autores?post=13559"},{"taxonomy":"formatos","embeddable":true,"href":"https:\/\/www.laertes.es\/ca\/wp-json\/wp\/v2\/formatos?post=13559"},{"taxonomy":"materias","embeddable":true,"href":"https:\/\/www.laertes.es\/ca\/wp-json\/wp\/v2\/materias?post=13559"}],"curies":[{"name":"wp","href":"https:\/\/api.w.org\/{rel}","templated":true}]}}