{"id":13534,"date":"2023-05-06T15:21:27","date_gmt":"2023-05-06T15:21:27","guid":{"rendered":"https:\/libro\/chipre\/"},"modified":"2023-05-31T08:18:45","modified_gmt":"2023-05-31T08:18:45","slug":"chipre","status":"publish","type":"product","link":"https:\/\/www.laertes.es\/ca\/llibre\/chipre\/","title":{"rendered":"Chipre"},"content":{"rendered":"<h1>Chipre<\/h1>\n<p>Chipre La isla de Chipre re\u00fane muchas de las esencias del Mediterr\u00e1neo; por un lado, las playas v\u00edrgenes de la pen\u00ednsula de Karpas, en el norte, los mosaicos de Pafos, en el sur, la ciudad de Nicosia con su arraigada tradici\u00f3n hist\u00f3rica, las mezquitas, las numerosas iglesias ortodoxas, la cocina mixta mediterr\u00e1neo-oriental; por el otro, la cicatriz del conflicto turco-chipriota que divide su capital. Pero no sufra el viajero, Chipre sigue respirando el sosiego y la serenidad propia de una isla, y la historia reciente no ha logrado borrar las huellas que los fenicios, griegos, romanos, \u00e1rabes, cruzados, genoveses, turcos e ingleses dejaron a su paso.<\/p>\n<p>La isla de Chipre re\u00fane muchas de las esencias del Mediterr\u00e1neo; por un lado, las playas v\u00edrgenes de la pen\u00ednsula de Karpas, en el norte, los mosaicos de Pafos, en el sur, la ciudad de Nicosia con su arraigada tradici\u00f3n hist\u00f3rica, las mezquitas, las numerosas iglesias ortodoxas, la cocina mixta mediterr\u00e1neo-oriental; por el otro, la cicatriz del conflicto turco-chipriota que divide su capital. Pero no sufra el viajero, Chipre sigue respirando el sosiego y la serenidad propia de una isla, y la historia reciente no ha logrado borrar las huellas que los fenicios, griegos, romanos, \u00e1rabes, cruzados, genoveses, turcos e ingleses dejaron a su paso.<\/p>\n<p>La isla de Chipre re\u00fane muchas de las esencias del Mediterr\u00e1neo; por un lado, las playas v\u00edrgenes de la pen\u00ednsula de Karpas, en el norte, los mosaicos de Pafos, en el sur, la ciudad de Nicosia con su arraigada tradici\u00f3n hist\u00f3rica, las mezquitas, las numerosas iglesias ortodoxas, la cocina mixta mediterr\u00e1neo-oriental; por el otro, la cicatriz del conflicto turco-chipriota que divide su capital. Pero no sufra el viajero, Chipre sigue respirando el sosiego y la serenidad propia de una isla, y la historia reciente no ha logrado borrar las huellas que los fenicios, griegos, romanos, \u00e1rabes, cruzados, genoveses, turcos e ingleses dejaron a su paso.<\/p>\n<p>&nbsp;<\/p>\n","protected":false},"excerpt":{"rendered":"<p>Chipre Chipre La isla de Chipre re\u00fane muchas de las esencias del Mediterr\u00e1neo; por un lado, las playas v\u00edrgenes de<\/p>\n","protected":false},"featured_media":13531,"template":"","meta":[],"product_brand":[],"product_cat":[344],"product_tag":[812,1085,1086,818,836,1087,1088,641,1089,1090,867,843],"autores":[649],"formatos":[355],"materias":[370,375,383],"class_list":{"0":"post-13534","1":"product","2":"type-product","3":"status-publish","4":"has-post-thumbnail","6":"product_cat-rumbo-a-ca","7":"product_tag-antropologia-ca","8":"product_tag-chipre-ca","9":"product_tag-chipriota-ca","10":"product_tag-cronicas-de-viaje-ca","11":"product_tag-guia-de-viajes-ca","12":"product_tag-iglesia-ortodoxa-griega-ca","13":"product_tag-larnaka-ca","14":"product_tag-literatura-de-viajes-ca","15":"product_tag-nicosia-ca","16":"product_tag-turcochipriota-ca","17":"product_tag-turismo-ca","18":"product_tag-vacaciones-ca","19":"autores-romero-garcia-eladi-ca","20":"formatos-llibre","21":"materias-guias-de-viajes-ca","22":"materias-literatura-de-viajes-ca","23":"materias-turismo-ca","25":"first","26":"instock","27":"taxable","28":"shipping-taxable","29":"purchasable","30":"product-type-simple"},"yoast_head":"<!-- This site is optimized with the Yoast SEO plugin v27.3 - https:\/\/yoast.com\/product\/yoast-seo-wordpress\/ -->\n<title>Chipre | Laertes ediciones<\/title>\n<meta name=\"description\" content=\"Chipre sigue respirando el sosiego y la serenidad propia de una isla, y la historia reciente no ha logrado borrar las huellas que los fenicios, griegos...\" \/>\n<meta name=\"robots\" content=\"index, follow, max-snippet:-1, max-image-preview:large, max-video-preview:-1\" \/>\n<link rel=\"canonical\" href=\"https:\/\/www.laertes.es\/ca\/llibre\/chipre\/\" \/>\n<meta property=\"og:locale\" content=\"ca_ES\" \/>\n<meta property=\"og:type\" content=\"article\" \/>\n<meta property=\"og:title\" content=\"Chipre | Laertes ediciones\" \/>\n<meta property=\"og:description\" content=\"Chipre sigue respirando el sosiego y la serenidad propia de una isla, y la historia reciente no ha logrado borrar las huellas que los fenicios, griegos...\" \/>\n<meta property=\"og:url\" content=\"https:\/\/www.laertes.es\/ca\/llibre\/chipre\/\" \/>\n<meta property=\"og:site_name\" content=\"Laertes ediciones\" \/>\n<meta property=\"article:modified_time\" content=\"2023-05-31T08:18:45+00:00\" \/>\n<meta property=\"og:image\" content=\"https:\/\/www.laertes.es\/wp-content\/uploads\/2023\/05\/RUM017.webp\" \/>\n\t<meta property=\"og:image:width\" content=\"802\" \/>\n\t<meta property=\"og:image:height\" content=\"1200\" \/>\n\t<meta property=\"og:image:type\" content=\"image\/webp\" \/>\n<meta name=\"twitter:label1\" content=\"Temps estimat de lectura\" \/>\n\t<meta name=\"twitter:data1\" content=\"2 minuts\" \/>\n<script type=\"application\/ld+json\" class=\"yoast-schema-graph\">{\"@context\":\"https:\\\/\\\/schema.org\",\"@graph\":[{\"@type\":\"WebPage\",\"@id\":\"https:\\\/\\\/www.laertes.es\\\/ca\\\/llibre\\\/chipre\\\/\",\"url\":\"https:\\\/\\\/www.laertes.es\\\/ca\\\/llibre\\\/chipre\\\/\",\"name\":\"Chipre | Laertes ediciones\",\"isPartOf\":{\"@id\":\"https:\\\/\\\/www.laertes.es\\\/ca\\\/#website\"},\"primaryImageOfPage\":{\"@id\":\"https:\\\/\\\/www.laertes.es\\\/ca\\\/llibre\\\/chipre\\\/#primaryimage\"},\"image\":{\"@id\":\"https:\\\/\\\/www.laertes.es\\\/ca\\\/llibre\\\/chipre\\\/#primaryimage\"},\"thumbnailUrl\":\"https:\\\/\\\/www.laertes.es\\\/wp-content\\\/uploads\\\/2023\\\/05\\\/RUM017.webp\",\"datePublished\":\"2023-05-06T15:21:27+00:00\",\"dateModified\":\"2023-05-31T08:18:45+00:00\",\"description\":\"Chipre sigue respirando el sosiego y la serenidad propia de una isla, y la historia reciente no ha logrado borrar las huellas que los fenicios, griegos...\",\"breadcrumb\":{\"@id\":\"https:\\\/\\\/www.laertes.es\\\/ca\\\/llibre\\\/chipre\\\/#breadcrumb\"},\"inLanguage\":\"ca\",\"potentialAction\":[{\"@type\":\"ReadAction\",\"target\":[\"https:\\\/\\\/www.laertes.es\\\/ca\\\/llibre\\\/chipre\\\/\"]}]},{\"@type\":\"ImageObject\",\"inLanguage\":\"ca\",\"@id\":\"https:\\\/\\\/www.laertes.es\\\/ca\\\/llibre\\\/chipre\\\/#primaryimage\",\"url\":\"https:\\\/\\\/www.laertes.es\\\/wp-content\\\/uploads\\\/2023\\\/05\\\/RUM017.webp\",\"contentUrl\":\"https:\\\/\\\/www.laertes.es\\\/wp-content\\\/uploads\\\/2023\\\/05\\\/RUM017.webp\",\"width\":802,\"height\":1200,\"caption\":\"Chipre\"},{\"@type\":\"BreadcrumbList\",\"@id\":\"https:\\\/\\\/www.laertes.es\\\/ca\\\/llibre\\\/chipre\\\/#breadcrumb\",\"itemListElement\":[{\"@type\":\"ListItem\",\"position\":1,\"name\":\"Portada\",\"item\":\"https:\\\/\\\/www.laertes.es\\\/ca\\\/\"},{\"@type\":\"ListItem\",\"position\":2,\"name\":\"Tienda\",\"item\":\"https:\\\/\\\/www.laertes.es\\\/tienda\\\/\"},{\"@type\":\"ListItem\",\"position\":3,\"name\":\"Chipre\"}]},{\"@type\":\"WebSite\",\"@id\":\"https:\\\/\\\/www.laertes.es\\\/ca\\\/#website\",\"url\":\"https:\\\/\\\/www.laertes.es\\\/ca\\\/\",\"name\":\"Laertes Ediciones\",\"description\":\"Editorial independiente desde 1975\",\"alternateName\":\"Laertes\",\"potentialAction\":[{\"@type\":\"SearchAction\",\"target\":{\"@type\":\"EntryPoint\",\"urlTemplate\":\"https:\\\/\\\/www.laertes.es\\\/ca\\\/?s={search_term_string}\"},\"query-input\":{\"@type\":\"PropertyValueSpecification\",\"valueRequired\":true,\"valueName\":\"search_term_string\"}}],\"inLanguage\":\"ca\"}]}<\/script>\n<!-- \/ Yoast SEO plugin. -->","yoast_head_json":{"title":"Chipre | Laertes ediciones","description":"Chipre sigue respirando el sosiego y la serenidad propia de una isla, y la historia reciente no ha logrado borrar las huellas que los fenicios, griegos...","robots":{"index":"index","follow":"follow","max-snippet":"max-snippet:-1","max-image-preview":"max-image-preview:large","max-video-preview":"max-video-preview:-1"},"canonical":"https:\/\/www.laertes.es\/ca\/llibre\/chipre\/","og_locale":"ca_ES","og_type":"article","og_title":"Chipre | Laertes ediciones","og_description":"Chipre sigue respirando el sosiego y la serenidad propia de una isla, y la historia reciente no ha logrado borrar las huellas que los fenicios, griegos...","og_url":"https:\/\/www.laertes.es\/ca\/llibre\/chipre\/","og_site_name":"Laertes ediciones","article_modified_time":"2023-05-31T08:18:45+00:00","og_image":[{"width":802,"height":1200,"url":"https:\/\/www.laertes.es\/wp-content\/uploads\/2023\/05\/RUM017.webp","type":"image\/webp"}],"twitter_misc":{"Temps estimat de lectura":"2 minuts"},"schema":{"@context":"https:\/\/schema.org","@graph":[{"@type":"WebPage","@id":"https:\/\/www.laertes.es\/ca\/llibre\/chipre\/","url":"https:\/\/www.laertes.es\/ca\/llibre\/chipre\/","name":"Chipre | Laertes ediciones","isPartOf":{"@id":"https:\/\/www.laertes.es\/ca\/#website"},"primaryImageOfPage":{"@id":"https:\/\/www.laertes.es\/ca\/llibre\/chipre\/#primaryimage"},"image":{"@id":"https:\/\/www.laertes.es\/ca\/llibre\/chipre\/#primaryimage"},"thumbnailUrl":"https:\/\/www.laertes.es\/wp-content\/uploads\/2023\/05\/RUM017.webp","datePublished":"2023-05-06T15:21:27+00:00","dateModified":"2023-05-31T08:18:45+00:00","description":"Chipre sigue respirando el sosiego y la serenidad propia de una isla, y la historia reciente no ha logrado borrar las huellas que los fenicios, griegos...","breadcrumb":{"@id":"https:\/\/www.laertes.es\/ca\/llibre\/chipre\/#breadcrumb"},"inLanguage":"ca","potentialAction":[{"@type":"ReadAction","target":["https:\/\/www.laertes.es\/ca\/llibre\/chipre\/"]}]},{"@type":"ImageObject","inLanguage":"ca","@id":"https:\/\/www.laertes.es\/ca\/llibre\/chipre\/#primaryimage","url":"https:\/\/www.laertes.es\/wp-content\/uploads\/2023\/05\/RUM017.webp","contentUrl":"https:\/\/www.laertes.es\/wp-content\/uploads\/2023\/05\/RUM017.webp","width":802,"height":1200,"caption":"Chipre"},{"@type":"BreadcrumbList","@id":"https:\/\/www.laertes.es\/ca\/llibre\/chipre\/#breadcrumb","itemListElement":[{"@type":"ListItem","position":1,"name":"Portada","item":"https:\/\/www.laertes.es\/ca\/"},{"@type":"ListItem","position":2,"name":"Tienda","item":"https:\/\/www.laertes.es\/tienda\/"},{"@type":"ListItem","position":3,"name":"Chipre"}]},{"@type":"WebSite","@id":"https:\/\/www.laertes.es\/ca\/#website","url":"https:\/\/www.laertes.es\/ca\/","name":"Laertes Ediciones","description":"Editorial independiente desde 1975","alternateName":"Laertes","potentialAction":[{"@type":"SearchAction","target":{"@type":"EntryPoint","urlTemplate":"https:\/\/www.laertes.es\/ca\/?s={search_term_string}"},"query-input":{"@type":"PropertyValueSpecification","valueRequired":true,"valueName":"search_term_string"}}],"inLanguage":"ca"}]}},"_links":{"self":[{"href":"https:\/\/www.laertes.es\/ca\/wp-json\/wp\/v2\/product\/13534","targetHints":{"allow":["GET"]}}],"collection":[{"href":"https:\/\/www.laertes.es\/ca\/wp-json\/wp\/v2\/product"}],"about":[{"href":"https:\/\/www.laertes.es\/ca\/wp-json\/wp\/v2\/types\/product"}],"version-history":[{"count":1,"href":"https:\/\/www.laertes.es\/ca\/wp-json\/wp\/v2\/product\/13534\/revisions"}],"predecessor-version":[{"id":14222,"href":"https:\/\/www.laertes.es\/ca\/wp-json\/wp\/v2\/product\/13534\/revisions\/14222"}],"wp:featuredmedia":[{"embeddable":true,"href":"https:\/\/www.laertes.es\/ca\/wp-json\/wp\/v2\/media\/13531"}],"wp:attachment":[{"href":"https:\/\/www.laertes.es\/ca\/wp-json\/wp\/v2\/media?parent=13534"}],"wp:term":[{"taxonomy":"product_brand","embeddable":true,"href":"https:\/\/www.laertes.es\/ca\/wp-json\/wp\/v2\/product_brand?post=13534"},{"taxonomy":"product_cat","embeddable":true,"href":"https:\/\/www.laertes.es\/ca\/wp-json\/wp\/v2\/product_cat?post=13534"},{"taxonomy":"product_tag","embeddable":true,"href":"https:\/\/www.laertes.es\/ca\/wp-json\/wp\/v2\/product_tag?post=13534"},{"taxonomy":"autores","embeddable":true,"href":"https:\/\/www.laertes.es\/ca\/wp-json\/wp\/v2\/autores?post=13534"},{"taxonomy":"formatos","embeddable":true,"href":"https:\/\/www.laertes.es\/ca\/wp-json\/wp\/v2\/formatos?post=13534"},{"taxonomy":"materias","embeddable":true,"href":"https:\/\/www.laertes.es\/ca\/wp-json\/wp\/v2\/materias?post=13534"}],"curies":[{"name":"wp","href":"https:\/\/api.w.org\/{rel}","templated":true}]}}