{"id":13519,"date":"2023-05-07T16:10:48","date_gmt":"2023-05-07T16:10:48","guid":{"rendered":"https:\/libro\/la-mente-narradora\/"},"modified":"2023-05-07T18:50:03","modified_gmt":"2023-05-07T18:50:03","slug":"la-mente-narradora","status":"publish","type":"product","link":"https:\/\/www.laertes.es\/ca\/llibre\/la-mente-narradora\/","title":{"rendered":"La mente narradora"},"content":{"rendered":"<h1>La mente narradora<\/h1>\n<p>La mente narradora Este ensayo analiza las relaciones entre mente y escritura cinematogr\u00e1fica a trav\u00e9s de una perspectiva neurocient\u00edfica particularmente centrada en la psicolog\u00eda cognitiva y la narratolog\u00eda. A partir de una selecci\u00f3n de pel\u00edculas de cineastas de finales del siglo XX e inicios del XXI de la cinematograf\u00eda <em>indie<\/em> norteamericana (Tarantino, Jonze, Lynch, Linklater, Gonz\u00e1lez I\u00f1\u00e1rritu, Nolan&#8230;) y adentr\u00e1ndonos en la subversi\u00f3n de la construcci\u00f3n de sus relatos, descubriremos nuevos dispositivos de escritura cinematogr\u00e1fica para seguir atrapando igualmente al espectador.<br \/>\n<strong>\u00a0\u00a0\u00a0\u00a0<\/strong>Mediante el viaje por estas pel\u00edculas y por los derroteros de la mente humana, el libro no tan solo aborda los elementos b\u00e1sicos que necesita un guion cinematogr\u00e1fico para conectar con su p\u00fablico, sino tambi\u00e9n c\u00f3mo las caracter\u00edsticas esenciales del cine cl\u00e1sico perviven bajo estos filmes de apariencia poco cl\u00e1sica, al ser, al fin y al cabo, un perfecto resumen de como nosotros, los humanos, animales narradores excepcionales, sentimos, experimentamos y comprendemos el mundo.<br \/>\n<strong>\u00a0\u00a0\u00a0\u00a0<\/strong>Amantes del cine y de la narrativa, as\u00ed como aquellos interesados en la comprensi\u00f3n del funcionamiento de la mente, disfrutar\u00e1n a partes iguales de este interesante libro.<\/p>\n<p>Este ensayo analiza las relaciones entre mente y escritura cinematogr\u00e1fica a trav\u00e9s de una perspectiva neurocient\u00edfica particularmente centrada en la psicolog\u00eda cognitiva y la narratolog\u00eda. A partir de una selecci\u00f3n de pel\u00edculas de cineastas de finales del siglo XX e inicios del XXI de la cinematograf\u00eda <em>indie<\/em> norteamericana (Tarantino, Jonze, Lynch, Linklater, Gonz\u00e1lez I\u00f1\u00e1rritu, Nolan&#8230;) y adentr\u00e1ndonos en la subversi\u00f3n de la construcci\u00f3n de sus relatos, descubriremos nuevos dispositivos de escritura cinematogr\u00e1fica para seguir atrapando igualmente al espectador.<br \/>\n<strong>\u00a0\u00a0\u00a0\u00a0<\/strong>Mediante el viaje por estas pel\u00edculas y por los derroteros de la mente humana, el libro no tan solo aborda los elementos b\u00e1sicos que necesita un guion cinematogr\u00e1fico para conectar con su p\u00fablico, sino tambi\u00e9n c\u00f3mo las caracter\u00edsticas esenciales del cine cl\u00e1sico perviven bajo estos filmes de apariencia poco cl\u00e1sica, al ser, al fin y al cabo, un perfecto resumen de como nosotros, los humanos, animales narradores excepcionales, sentimos, experimentamos y comprendemos el mundo.<br \/>\n<strong>\u00a0\u00a0\u00a0\u00a0<\/strong>Amantes del cine y de la narrativa, as\u00ed como aquellos interesados en la comprensi\u00f3n del funcionamiento de la mente, disfrutar\u00e1n a partes iguales de este interesante libro.<\/p>\n","protected":false},"excerpt":{"rendered":"<p>La mente narradora La mente narradora Este ensayo analiza las relaciones entre mente y escritura cinematogr\u00e1fica a trav\u00e9s de una<\/p>\n","protected":false},"featured_media":13522,"template":"","meta":[],"product_brand":[],"product_cat":[333],"product_tag":[753,751,1080,737,657,911,1081,1082,752,1083],"autores":[1084],"formatos":[355],"materias":[359,362,363,365,366],"class_list":{"0":"post-13519","1":"product","2":"type-product","3":"status-publish","4":"has-post-thumbnail","6":"product_cat-kaplan-ca","7":"product_tag-cine-ca","8":"product_tag-cine-clasico-ca","9":"product_tag-cine-moderno-ca","10":"product_tag-educacion-universitaria-ca","11":"product_tag-ensayo-ca","12":"product_tag-guion-cinematografico-ca","13":"product_tag-mente-narradora-ca","14":"product_tag-neurociencia-ca","15":"product_tag-peliculas-ca","16":"product_tag-television-ca","17":"autores-grau-rafel-marta-ca","18":"formatos-llibre","19":"materias-arte-ca","20":"materias-cine-y-tv-ca","21":"materias-comunicacion-ca","22":"materias-educacion-ca","23":"materias-ensayo-ca","25":"first","26":"instock","27":"taxable","28":"shipping-taxable","29":"purchasable","30":"product-type-simple"},"yoast_head":"<!-- This site is optimized with the Yoast SEO plugin v27.5 - https:\/\/yoast.com\/product\/yoast-seo-wordpress\/ -->\n<title>La mente narradora | Laertes ediciones<\/title>\n<meta name=\"description\" content=\"La mente narradora | Este ensayo analiza las relaciones entre mente y escritura cinematogr\u00e1fica a trav\u00e9s de una perspectiva neurocient\u00edfica\" \/>\n<meta name=\"robots\" content=\"index, follow, max-snippet:-1, max-image-preview:large, max-video-preview:-1\" \/>\n<link rel=\"canonical\" href=\"https:\/\/www.laertes.es\/ca\/llibre\/la-mente-narradora\/\" \/>\n<meta property=\"og:locale\" content=\"ca_ES\" \/>\n<meta property=\"og:type\" content=\"article\" \/>\n<meta property=\"og:title\" content=\"La mente narradora | Laertes ediciones\" \/>\n<meta property=\"og:description\" content=\"La mente narradora | Este ensayo analiza las relaciones entre mente y escritura cinematogr\u00e1fica a trav\u00e9s de una perspectiva neurocient\u00edfica\" \/>\n<meta property=\"og:url\" content=\"https:\/\/www.laertes.es\/ca\/llibre\/la-mente-narradora\/\" \/>\n<meta property=\"og:site_name\" content=\"Laertes ediciones\" \/>\n<meta property=\"article:modified_time\" content=\"2023-05-07T18:50:03+00:00\" \/>\n<meta property=\"og:image\" content=\"https:\/\/www.laertes.es\/wp-content\/uploads\/2023\/05\/KAP048.webp\" \/>\n\t<meta property=\"og:image:width\" content=\"1000\" \/>\n\t<meta property=\"og:image:height\" content=\"1482\" \/>\n\t<meta property=\"og:image:type\" content=\"image\/webp\" \/>\n<script type=\"application\/ld+json\" class=\"yoast-schema-graph\">{\"@context\":\"https:\\\/\\\/schema.org\",\"@graph\":[{\"@type\":\"WebPage\",\"@id\":\"https:\\\/\\\/www.laertes.es\\\/ca\\\/llibre\\\/la-mente-narradora\\\/\",\"url\":\"https:\\\/\\\/www.laertes.es\\\/ca\\\/llibre\\\/la-mente-narradora\\\/\",\"name\":\"La mente narradora | Laertes ediciones\",\"isPartOf\":{\"@id\":\"https:\\\/\\\/www.laertes.es\\\/ca\\\/#website\"},\"primaryImageOfPage\":{\"@id\":\"https:\\\/\\\/www.laertes.es\\\/ca\\\/llibre\\\/la-mente-narradora\\\/#primaryimage\"},\"image\":{\"@id\":\"https:\\\/\\\/www.laertes.es\\\/ca\\\/llibre\\\/la-mente-narradora\\\/#primaryimage\"},\"thumbnailUrl\":\"https:\\\/\\\/www.laertes.es\\\/wp-content\\\/uploads\\\/2023\\\/05\\\/KAP048.webp\",\"datePublished\":\"2023-05-07T16:10:48+00:00\",\"dateModified\":\"2023-05-07T18:50:03+00:00\",\"description\":\"La mente narradora | Este ensayo analiza las relaciones entre mente y escritura cinematogr\u00e1fica a trav\u00e9s de una perspectiva neurocient\u00edfica\",\"breadcrumb\":{\"@id\":\"https:\\\/\\\/www.laertes.es\\\/ca\\\/llibre\\\/la-mente-narradora\\\/#breadcrumb\"},\"inLanguage\":\"ca\",\"potentialAction\":[{\"@type\":\"ReadAction\",\"target\":[\"https:\\\/\\\/www.laertes.es\\\/ca\\\/llibre\\\/la-mente-narradora\\\/\"]}]},{\"@type\":\"ImageObject\",\"inLanguage\":\"ca\",\"@id\":\"https:\\\/\\\/www.laertes.es\\\/ca\\\/llibre\\\/la-mente-narradora\\\/#primaryimage\",\"url\":\"https:\\\/\\\/www.laertes.es\\\/wp-content\\\/uploads\\\/2023\\\/05\\\/KAP048.webp\",\"contentUrl\":\"https:\\\/\\\/www.laertes.es\\\/wp-content\\\/uploads\\\/2023\\\/05\\\/KAP048.webp\",\"width\":1000,\"height\":1482,\"caption\":\"la mente narradora\"},{\"@type\":\"BreadcrumbList\",\"@id\":\"https:\\\/\\\/www.laertes.es\\\/ca\\\/llibre\\\/la-mente-narradora\\\/#breadcrumb\",\"itemListElement\":[{\"@type\":\"ListItem\",\"position\":1,\"name\":\"Portada\",\"item\":\"https:\\\/\\\/www.laertes.es\\\/ca\\\/\"},{\"@type\":\"ListItem\",\"position\":2,\"name\":\"Tienda\",\"item\":\"https:\\\/\\\/www.laertes.es\\\/tienda\\\/\"},{\"@type\":\"ListItem\",\"position\":3,\"name\":\"La mente narradora\"}]},{\"@type\":\"WebSite\",\"@id\":\"https:\\\/\\\/www.laertes.es\\\/ca\\\/#website\",\"url\":\"https:\\\/\\\/www.laertes.es\\\/ca\\\/\",\"name\":\"Laertes Ediciones\",\"description\":\"Editorial independiente desde 1975\",\"alternateName\":\"Laertes\",\"potentialAction\":[{\"@type\":\"SearchAction\",\"target\":{\"@type\":\"EntryPoint\",\"urlTemplate\":\"https:\\\/\\\/www.laertes.es\\\/ca\\\/?s={search_term_string}\"},\"query-input\":{\"@type\":\"PropertyValueSpecification\",\"valueRequired\":true,\"valueName\":\"search_term_string\"}}],\"inLanguage\":\"ca\"}]}<\/script>\n<!-- \/ Yoast SEO plugin. -->","yoast_head_json":{"title":"La mente narradora | Laertes ediciones","description":"La mente narradora | Este ensayo analiza las relaciones entre mente y escritura cinematogr\u00e1fica a trav\u00e9s de una perspectiva neurocient\u00edfica","robots":{"index":"index","follow":"follow","max-snippet":"max-snippet:-1","max-image-preview":"max-image-preview:large","max-video-preview":"max-video-preview:-1"},"canonical":"https:\/\/www.laertes.es\/ca\/llibre\/la-mente-narradora\/","og_locale":"ca_ES","og_type":"article","og_title":"La mente narradora | Laertes ediciones","og_description":"La mente narradora | Este ensayo analiza las relaciones entre mente y escritura cinematogr\u00e1fica a trav\u00e9s de una perspectiva neurocient\u00edfica","og_url":"https:\/\/www.laertes.es\/ca\/llibre\/la-mente-narradora\/","og_site_name":"Laertes ediciones","article_modified_time":"2023-05-07T18:50:03+00:00","og_image":[{"width":1000,"height":1482,"url":"https:\/\/www.laertes.es\/wp-content\/uploads\/2023\/05\/KAP048.webp","type":"image\/webp"}],"schema":{"@context":"https:\/\/schema.org","@graph":[{"@type":"WebPage","@id":"https:\/\/www.laertes.es\/ca\/llibre\/la-mente-narradora\/","url":"https:\/\/www.laertes.es\/ca\/llibre\/la-mente-narradora\/","name":"La mente narradora | Laertes ediciones","isPartOf":{"@id":"https:\/\/www.laertes.es\/ca\/#website"},"primaryImageOfPage":{"@id":"https:\/\/www.laertes.es\/ca\/llibre\/la-mente-narradora\/#primaryimage"},"image":{"@id":"https:\/\/www.laertes.es\/ca\/llibre\/la-mente-narradora\/#primaryimage"},"thumbnailUrl":"https:\/\/www.laertes.es\/wp-content\/uploads\/2023\/05\/KAP048.webp","datePublished":"2023-05-07T16:10:48+00:00","dateModified":"2023-05-07T18:50:03+00:00","description":"La mente narradora | Este ensayo analiza las relaciones entre mente y escritura cinematogr\u00e1fica a trav\u00e9s de una perspectiva neurocient\u00edfica","breadcrumb":{"@id":"https:\/\/www.laertes.es\/ca\/llibre\/la-mente-narradora\/#breadcrumb"},"inLanguage":"ca","potentialAction":[{"@type":"ReadAction","target":["https:\/\/www.laertes.es\/ca\/llibre\/la-mente-narradora\/"]}]},{"@type":"ImageObject","inLanguage":"ca","@id":"https:\/\/www.laertes.es\/ca\/llibre\/la-mente-narradora\/#primaryimage","url":"https:\/\/www.laertes.es\/wp-content\/uploads\/2023\/05\/KAP048.webp","contentUrl":"https:\/\/www.laertes.es\/wp-content\/uploads\/2023\/05\/KAP048.webp","width":1000,"height":1482,"caption":"la mente narradora"},{"@type":"BreadcrumbList","@id":"https:\/\/www.laertes.es\/ca\/llibre\/la-mente-narradora\/#breadcrumb","itemListElement":[{"@type":"ListItem","position":1,"name":"Portada","item":"https:\/\/www.laertes.es\/ca\/"},{"@type":"ListItem","position":2,"name":"Tienda","item":"https:\/\/www.laertes.es\/tienda\/"},{"@type":"ListItem","position":3,"name":"La mente narradora"}]},{"@type":"WebSite","@id":"https:\/\/www.laertes.es\/ca\/#website","url":"https:\/\/www.laertes.es\/ca\/","name":"Laertes Ediciones","description":"Editorial independiente desde 1975","alternateName":"Laertes","potentialAction":[{"@type":"SearchAction","target":{"@type":"EntryPoint","urlTemplate":"https:\/\/www.laertes.es\/ca\/?s={search_term_string}"},"query-input":{"@type":"PropertyValueSpecification","valueRequired":true,"valueName":"search_term_string"}}],"inLanguage":"ca"}]}},"_links":{"self":[{"href":"https:\/\/www.laertes.es\/ca\/wp-json\/wp\/v2\/product\/13519","targetHints":{"allow":["GET"]}}],"collection":[{"href":"https:\/\/www.laertes.es\/ca\/wp-json\/wp\/v2\/product"}],"about":[{"href":"https:\/\/www.laertes.es\/ca\/wp-json\/wp\/v2\/types\/product"}],"version-history":[{"count":1,"href":"https:\/\/www.laertes.es\/ca\/wp-json\/wp\/v2\/product\/13519\/revisions"}],"predecessor-version":[{"id":13524,"href":"https:\/\/www.laertes.es\/ca\/wp-json\/wp\/v2\/product\/13519\/revisions\/13524"}],"wp:featuredmedia":[{"embeddable":true,"href":"https:\/\/www.laertes.es\/ca\/wp-json\/wp\/v2\/media\/13522"}],"wp:attachment":[{"href":"https:\/\/www.laertes.es\/ca\/wp-json\/wp\/v2\/media?parent=13519"}],"wp:term":[{"taxonomy":"product_brand","embeddable":true,"href":"https:\/\/www.laertes.es\/ca\/wp-json\/wp\/v2\/product_brand?post=13519"},{"taxonomy":"product_cat","embeddable":true,"href":"https:\/\/www.laertes.es\/ca\/wp-json\/wp\/v2\/product_cat?post=13519"},{"taxonomy":"product_tag","embeddable":true,"href":"https:\/\/www.laertes.es\/ca\/wp-json\/wp\/v2\/product_tag?post=13519"},{"taxonomy":"autores","embeddable":true,"href":"https:\/\/www.laertes.es\/ca\/wp-json\/wp\/v2\/autores?post=13519"},{"taxonomy":"formatos","embeddable":true,"href":"https:\/\/www.laertes.es\/ca\/wp-json\/wp\/v2\/formatos?post=13519"},{"taxonomy":"materias","embeddable":true,"href":"https:\/\/www.laertes.es\/ca\/wp-json\/wp\/v2\/materias?post=13519"}],"curies":[{"name":"wp","href":"https:\/\/api.w.org\/{rel}","templated":true}]}}