{"id":13514,"date":"2023-05-07T15:49:16","date_gmt":"2023-05-07T15:49:16","guid":{"rendered":"https:\/libro\/la-religion-del-antiguo-egipto\/"},"modified":"2023-05-08T04:32:17","modified_gmt":"2023-05-08T04:32:17","slug":"la-religion-del-antiguo-egipto","status":"publish","type":"product","link":"https:\/\/www.laertes.es\/ca\/llibre\/la-religion-del-antiguo-egipto\/","title":{"rendered":"La religi\u00f3n del Antiguo Egipto"},"content":{"rendered":"<h1>La religi\u00f3n del Antiguo Egipto<\/h1>\n<p>La religi\u00f3n del Antiguo Egipto Henri Frankfort abord\u00f3 en su madurez intelectual la religi\u00f3n y la cultura en dos importantes monograf\u00edas: <em>Reyes y dioses<\/em> y <em>La religi\u00f3n del Antiguo Egipto<\/em>. La profusi\u00f3n erudita de la primera abre paso en la segunda a los aspectos interpretativos. La enorme distancia cultural entre el Antiguo Egipto y el hombre moderno no radica tanto en el tiempo como en la mentalidad. La cultura egipcia ofrece una unidad ling\u00fc\u00edstica y cultural que, arguye Frankfort, se plasma plenamente en su mentalidad religiosa. En su amplio estudio introductorio, Francesc Ballesteros contextualiza documentadamente la obra en la historia de la egiptolog\u00eda.<\/p>\n<p>Henri Frankfort abord\u00f3 en su madurez intelectual la religi\u00f3n y la cultura en dos importantes monograf\u00edas: <em>Reyes y dioses<\/em> y <em>La religi\u00f3n del Antiguo Egipto<\/em>. La profusi\u00f3n erudita de la primera abre paso en la segunda a los aspectos interpretativos. La enorme distancia cultural entre el Antiguo Egipto y el hombre moderno no radica tanto en el tiempo como en la mentalidad. La cultura egipcia ofrece una unidad ling\u00fc\u00edstica y cultural que, arguye Frankfort, se plasma plenamente en su mentalidad religiosa. En su amplio estudio introductorio, Francesc Ballesteros contextualiza documentadamente la obra en la historia de la egiptolog\u00eda.<\/p>\n<p>Henri Frankfort abord\u00f3 en su madurez intelectual la religi\u00f3n y la cultura en dos importantes monograf\u00edas: <em>Reyes y dioses<\/em> y <em>La religi\u00f3n del Antiguo Egipto<\/em>. La profusi\u00f3n erudita de la primera abre paso en la segunda a los aspectos interpretativos. La enorme distancia cultural entre el Antiguo Egipto y el hombre moderno no radica tanto en el tiempo como en la mentalidad. La cultura egipcia ofrece una unidad ling\u00fc\u00edstica y cultural que, arguye Frankfort, se plasma plenamente en su mentalidad religiosa. En su amplio estudio introductorio, Francesc Ballesteros contextualiza documentadamente la obra en la historia de la egiptolog\u00eda.<\/p>\n","protected":false},"excerpt":{"rendered":"<p>La religi\u00f3n del Antiguo Egipto La religi\u00f3n del Antiguo Egipto Henri Frankfort abord\u00f3 en su madurez intelectual la religi\u00f3n y<\/p>\n","protected":false},"featured_media":13526,"template":"","meta":[],"product_brand":[],"product_cat":[345],"product_tag":[835,1069,812,657,1070,1071,1072,1073],"autores":[1074],"formatos":[355],"materias":[358,366,372,381],"class_list":{"0":"post-13514","1":"product","2":"type-product","3":"status-publish","4":"has-post-thumbnail","6":"product_cat-kin-ik-ca","7":"product_tag-africa-ca","8":"product_tag-antiguo-egipto-ca","9":"product_tag-antropologia-ca","10":"product_tag-ensayo-ca","11":"product_tag-historia-del-mundo-antiguo-ca","12":"product_tag-mitologia-ca","13":"product_tag-religion-ca","14":"product_tag-religiones-no-cristianas-ca","15":"autores-frankfort-henri-ca","16":"formatos-llibre","17":"materias-antropologia-ca","18":"materias-ensayo-ca","19":"materias-historia-ca","20":"materias-religion-ca","22":"first","23":"instock","24":"taxable","25":"shipping-taxable","26":"purchasable","27":"product-type-simple"},"yoast_head":"<!-- This site is optimized with the Yoast SEO plugin v27.5 - https:\/\/yoast.com\/product\/yoast-seo-wordpress\/ -->\n<title>La religi\u00f3n del Antiguo Egipto | Laertes ediciones<\/title>\n<meta name=\"description\" content=\"Henri Frankfort abord\u00f3 en su madurez intelectual la religi\u00f3n y la cultura en dos importantes monograf\u00edas: Reyes y dioses y La religi\u00f3n del Antiguo Egipto.\" \/>\n<meta name=\"robots\" content=\"index, follow, max-snippet:-1, max-image-preview:large, max-video-preview:-1\" \/>\n<link rel=\"canonical\" href=\"https:\/\/www.laertes.es\/ca\/llibre\/la-religion-del-antiguo-egipto\/\" \/>\n<meta property=\"og:locale\" content=\"ca_ES\" \/>\n<meta property=\"og:type\" content=\"article\" \/>\n<meta property=\"og:title\" content=\"La religi\u00f3n del Antiguo Egipto | Laertes ediciones\" \/>\n<meta property=\"og:description\" content=\"Henri Frankfort abord\u00f3 en su madurez intelectual la religi\u00f3n y la cultura en dos importantes monograf\u00edas: Reyes y dioses y La religi\u00f3n del Antiguo Egipto.\" \/>\n<meta property=\"og:url\" content=\"https:\/\/www.laertes.es\/ca\/llibre\/la-religion-del-antiguo-egipto\/\" \/>\n<meta property=\"og:site_name\" content=\"Laertes ediciones\" \/>\n<meta property=\"article:modified_time\" content=\"2023-05-08T04:32:17+00:00\" \/>\n<meta property=\"og:image\" content=\"https:\/\/www.laertes.es\/wp-content\/uploads\/2023\/05\/KN007.webp\" \/>\n\t<meta property=\"og:image:width\" content=\"802\" \/>\n\t<meta property=\"og:image:height\" content=\"1200\" \/>\n\t<meta property=\"og:image:type\" content=\"image\/webp\" \/>\n<script type=\"application\/ld+json\" class=\"yoast-schema-graph\">{\"@context\":\"https:\\\/\\\/schema.org\",\"@graph\":[{\"@type\":\"WebPage\",\"@id\":\"https:\\\/\\\/www.laertes.es\\\/ca\\\/llibre\\\/la-religion-del-antiguo-egipto\\\/\",\"url\":\"https:\\\/\\\/www.laertes.es\\\/ca\\\/llibre\\\/la-religion-del-antiguo-egipto\\\/\",\"name\":\"La religi\u00f3n del Antiguo Egipto | Laertes ediciones\",\"isPartOf\":{\"@id\":\"https:\\\/\\\/www.laertes.es\\\/ca\\\/#website\"},\"primaryImageOfPage\":{\"@id\":\"https:\\\/\\\/www.laertes.es\\\/ca\\\/llibre\\\/la-religion-del-antiguo-egipto\\\/#primaryimage\"},\"image\":{\"@id\":\"https:\\\/\\\/www.laertes.es\\\/ca\\\/llibre\\\/la-religion-del-antiguo-egipto\\\/#primaryimage\"},\"thumbnailUrl\":\"https:\\\/\\\/www.laertes.es\\\/wp-content\\\/uploads\\\/2023\\\/05\\\/KN007.webp\",\"datePublished\":\"2023-05-07T15:49:16+00:00\",\"dateModified\":\"2023-05-08T04:32:17+00:00\",\"description\":\"Henri Frankfort abord\u00f3 en su madurez intelectual la religi\u00f3n y la cultura en dos importantes monograf\u00edas: Reyes y dioses y La religi\u00f3n del Antiguo Egipto.\",\"breadcrumb\":{\"@id\":\"https:\\\/\\\/www.laertes.es\\\/ca\\\/llibre\\\/la-religion-del-antiguo-egipto\\\/#breadcrumb\"},\"inLanguage\":\"ca\",\"potentialAction\":[{\"@type\":\"ReadAction\",\"target\":[\"https:\\\/\\\/www.laertes.es\\\/ca\\\/llibre\\\/la-religion-del-antiguo-egipto\\\/\"]}]},{\"@type\":\"ImageObject\",\"inLanguage\":\"ca\",\"@id\":\"https:\\\/\\\/www.laertes.es\\\/ca\\\/llibre\\\/la-religion-del-antiguo-egipto\\\/#primaryimage\",\"url\":\"https:\\\/\\\/www.laertes.es\\\/wp-content\\\/uploads\\\/2023\\\/05\\\/KN007.webp\",\"contentUrl\":\"https:\\\/\\\/www.laertes.es\\\/wp-content\\\/uploads\\\/2023\\\/05\\\/KN007.webp\",\"width\":802,\"height\":1200,\"caption\":\"la religi\u00f3n del antiguo egipto\"},{\"@type\":\"BreadcrumbList\",\"@id\":\"https:\\\/\\\/www.laertes.es\\\/ca\\\/llibre\\\/la-religion-del-antiguo-egipto\\\/#breadcrumb\",\"itemListElement\":[{\"@type\":\"ListItem\",\"position\":1,\"name\":\"Portada\",\"item\":\"https:\\\/\\\/www.laertes.es\\\/ca\\\/\"},{\"@type\":\"ListItem\",\"position\":2,\"name\":\"Tienda\",\"item\":\"https:\\\/\\\/www.laertes.es\\\/tienda\\\/\"},{\"@type\":\"ListItem\",\"position\":3,\"name\":\"La religi\u00f3n del Antiguo Egipto\"}]},{\"@type\":\"WebSite\",\"@id\":\"https:\\\/\\\/www.laertes.es\\\/ca\\\/#website\",\"url\":\"https:\\\/\\\/www.laertes.es\\\/ca\\\/\",\"name\":\"Laertes Ediciones\",\"description\":\"Editorial independiente desde 1975\",\"alternateName\":\"Laertes\",\"potentialAction\":[{\"@type\":\"SearchAction\",\"target\":{\"@type\":\"EntryPoint\",\"urlTemplate\":\"https:\\\/\\\/www.laertes.es\\\/ca\\\/?s={search_term_string}\"},\"query-input\":{\"@type\":\"PropertyValueSpecification\",\"valueRequired\":true,\"valueName\":\"search_term_string\"}}],\"inLanguage\":\"ca\"}]}<\/script>\n<!-- \/ Yoast SEO plugin. -->","yoast_head_json":{"title":"La religi\u00f3n del Antiguo Egipto | Laertes ediciones","description":"Henri Frankfort abord\u00f3 en su madurez intelectual la religi\u00f3n y la cultura en dos importantes monograf\u00edas: Reyes y dioses y La religi\u00f3n del Antiguo Egipto.","robots":{"index":"index","follow":"follow","max-snippet":"max-snippet:-1","max-image-preview":"max-image-preview:large","max-video-preview":"max-video-preview:-1"},"canonical":"https:\/\/www.laertes.es\/ca\/llibre\/la-religion-del-antiguo-egipto\/","og_locale":"ca_ES","og_type":"article","og_title":"La religi\u00f3n del Antiguo Egipto | Laertes ediciones","og_description":"Henri Frankfort abord\u00f3 en su madurez intelectual la religi\u00f3n y la cultura en dos importantes monograf\u00edas: Reyes y dioses y La religi\u00f3n del Antiguo Egipto.","og_url":"https:\/\/www.laertes.es\/ca\/llibre\/la-religion-del-antiguo-egipto\/","og_site_name":"Laertes ediciones","article_modified_time":"2023-05-08T04:32:17+00:00","og_image":[{"width":802,"height":1200,"url":"https:\/\/www.laertes.es\/wp-content\/uploads\/2023\/05\/KN007.webp","type":"image\/webp"}],"schema":{"@context":"https:\/\/schema.org","@graph":[{"@type":"WebPage","@id":"https:\/\/www.laertes.es\/ca\/llibre\/la-religion-del-antiguo-egipto\/","url":"https:\/\/www.laertes.es\/ca\/llibre\/la-religion-del-antiguo-egipto\/","name":"La religi\u00f3n del Antiguo Egipto | Laertes ediciones","isPartOf":{"@id":"https:\/\/www.laertes.es\/ca\/#website"},"primaryImageOfPage":{"@id":"https:\/\/www.laertes.es\/ca\/llibre\/la-religion-del-antiguo-egipto\/#primaryimage"},"image":{"@id":"https:\/\/www.laertes.es\/ca\/llibre\/la-religion-del-antiguo-egipto\/#primaryimage"},"thumbnailUrl":"https:\/\/www.laertes.es\/wp-content\/uploads\/2023\/05\/KN007.webp","datePublished":"2023-05-07T15:49:16+00:00","dateModified":"2023-05-08T04:32:17+00:00","description":"Henri Frankfort abord\u00f3 en su madurez intelectual la religi\u00f3n y la cultura en dos importantes monograf\u00edas: Reyes y dioses y La religi\u00f3n del Antiguo Egipto.","breadcrumb":{"@id":"https:\/\/www.laertes.es\/ca\/llibre\/la-religion-del-antiguo-egipto\/#breadcrumb"},"inLanguage":"ca","potentialAction":[{"@type":"ReadAction","target":["https:\/\/www.laertes.es\/ca\/llibre\/la-religion-del-antiguo-egipto\/"]}]},{"@type":"ImageObject","inLanguage":"ca","@id":"https:\/\/www.laertes.es\/ca\/llibre\/la-religion-del-antiguo-egipto\/#primaryimage","url":"https:\/\/www.laertes.es\/wp-content\/uploads\/2023\/05\/KN007.webp","contentUrl":"https:\/\/www.laertes.es\/wp-content\/uploads\/2023\/05\/KN007.webp","width":802,"height":1200,"caption":"la religi\u00f3n del antiguo egipto"},{"@type":"BreadcrumbList","@id":"https:\/\/www.laertes.es\/ca\/llibre\/la-religion-del-antiguo-egipto\/#breadcrumb","itemListElement":[{"@type":"ListItem","position":1,"name":"Portada","item":"https:\/\/www.laertes.es\/ca\/"},{"@type":"ListItem","position":2,"name":"Tienda","item":"https:\/\/www.laertes.es\/tienda\/"},{"@type":"ListItem","position":3,"name":"La religi\u00f3n del Antiguo Egipto"}]},{"@type":"WebSite","@id":"https:\/\/www.laertes.es\/ca\/#website","url":"https:\/\/www.laertes.es\/ca\/","name":"Laertes Ediciones","description":"Editorial independiente desde 1975","alternateName":"Laertes","potentialAction":[{"@type":"SearchAction","target":{"@type":"EntryPoint","urlTemplate":"https:\/\/www.laertes.es\/ca\/?s={search_term_string}"},"query-input":{"@type":"PropertyValueSpecification","valueRequired":true,"valueName":"search_term_string"}}],"inLanguage":"ca"}]}},"_links":{"self":[{"href":"https:\/\/www.laertes.es\/ca\/wp-json\/wp\/v2\/product\/13514","targetHints":{"allow":["GET"]}}],"collection":[{"href":"https:\/\/www.laertes.es\/ca\/wp-json\/wp\/v2\/product"}],"about":[{"href":"https:\/\/www.laertes.es\/ca\/wp-json\/wp\/v2\/types\/product"}],"version-history":[{"count":1,"href":"https:\/\/www.laertes.es\/ca\/wp-json\/wp\/v2\/product\/13514\/revisions"}],"predecessor-version":[{"id":13529,"href":"https:\/\/www.laertes.es\/ca\/wp-json\/wp\/v2\/product\/13514\/revisions\/13529"}],"wp:featuredmedia":[{"embeddable":true,"href":"https:\/\/www.laertes.es\/ca\/wp-json\/wp\/v2\/media\/13526"}],"wp:attachment":[{"href":"https:\/\/www.laertes.es\/ca\/wp-json\/wp\/v2\/media?parent=13514"}],"wp:term":[{"taxonomy":"product_brand","embeddable":true,"href":"https:\/\/www.laertes.es\/ca\/wp-json\/wp\/v2\/product_brand?post=13514"},{"taxonomy":"product_cat","embeddable":true,"href":"https:\/\/www.laertes.es\/ca\/wp-json\/wp\/v2\/product_cat?post=13514"},{"taxonomy":"product_tag","embeddable":true,"href":"https:\/\/www.laertes.es\/ca\/wp-json\/wp\/v2\/product_tag?post=13514"},{"taxonomy":"autores","embeddable":true,"href":"https:\/\/www.laertes.es\/ca\/wp-json\/wp\/v2\/autores?post=13514"},{"taxonomy":"formatos","embeddable":true,"href":"https:\/\/www.laertes.es\/ca\/wp-json\/wp\/v2\/formatos?post=13514"},{"taxonomy":"materias","embeddable":true,"href":"https:\/\/www.laertes.es\/ca\/wp-json\/wp\/v2\/materias?post=13514"}],"curies":[{"name":"wp","href":"https:\/\/api.w.org\/{rel}","templated":true}]}}