{"id":13504,"date":"2023-05-06T15:03:06","date_gmt":"2023-05-06T15:03:06","guid":{"rendered":"https:\/libro\/iran\/"},"modified":"2023-05-31T08:20:51","modified_gmt":"2023-05-31T08:20:51","slug":"iran","status":"publish","type":"product","link":"https:\/\/www.laertes.es\/ca\/llibre\/iran\/","title":{"rendered":"Ir\u00e1n"},"content":{"rendered":"<h1>Ir\u00e1n<\/h1>\n<p>Viajar por Ir\u00e1n, la antigua Persia, es adentrarse en un pa\u00eds cuna de civilizaciones: elamitas, hurritas, sumerios, medas, aquem\u00e9nidas, sas\u00e1nidas, sely\u00facidas&#8230;; Dar\u00edo el Grande, Artajerjes, Alejandro el Magno, Gengis Kan, Tamerl\u00e1n, Abbas I, y, \u00a1c\u00f3mo no!, la Anglo-Iranian Oil Company. Yacimientos como los de Susa o Pers\u00e9polis har\u00e1n las delicias de aquellos que se emocionan ante los vestigios de la antig\u00fcedad. No ser\u00e1 dif\u00edcil evocar la m\u00edtica Ruta de la Seda en ciudades como Isfah\u00e1n, Yazd, Shiraz o la misma Kerm\u00e1n. Sencillas pero \u00fatiles y ecol\u00f3gicas construcciones de adobe, c\u00fapulas recubiertas de cer\u00e1micas brillando al sol, la presencia de Zoroastro, altos y esbeltos minaretes, mausoleos&#8230; Preciosas alfombras, tranquilas y acogedoras casas de t\u00e9, miniaturas -, bazares, pero sobre todas las maravillas, la hospitalidad y la amabilidad de los iran\u00edes, en boca un\u00e1nime de los afortunados viajeros que han recorrido el pa\u00eds.<\/p>\n<p>Viajar por Ir\u00e1n, la antigua Persia, es adentrarse en un pa\u00eds cuna de civilizaciones: elamitas, hurritas, sumerios, medas, aquem\u00e9nidas, sas\u00e1nidas, sely\u00facidas&#8230;; Dar\u00edo el Grande, Artajerjes, Alejandro el Magno, Gengis Kan, Tamerl\u00e1n, Abbas I, y, \u00a1c\u00f3mo no!, la Anglo-Iranian Oil Company. Yacimientos como los de Susa o Pers\u00e9polis har\u00e1n las delicias de aquellos que se emocionan ante los vestigios de la antig\u00fcedad. No ser\u00e1 dif\u00edcil evocar la m\u00edtica Ruta de la Seda en ciudades como Isfah\u00e1n, Yazd, Shiraz o la misma Kerm\u00e1n. Sencillas pero \u00fatiles y ecol\u00f3gicas construcciones de adobe, c\u00fapulas recubiertas de cer\u00e1micas brillando al sol, la presencia de Zoroastro, altos y esbeltos minaretes, mausoleos&#8230; Preciosas alfombras, tranquilas y acogedoras casas de t\u00e9, miniaturas -, bazares, pero sobre todas las maravillas, la hospitalidad y la amabilidad de los iran\u00edes, en boca un\u00e1nime de los afortunados viajeros que han recorrido el pa\u00eds.<\/p>\n<p>Viajar por Ir\u00e1n, la antigua Persia, es adentrarse en un pa\u00eds cuna de civilizaciones: elamitas, hurritas, sumerios, medas, aquem\u00e9nidas, sas\u00e1nidas, sely\u00facidas&#8230;; Dar\u00edo el Grande, Artajerjes, Alejandro el Magno, Gengis Kan, Tamerl\u00e1n, Abbas I, y, \u00a1c\u00f3mo no!, la Anglo-Iranian Oil Company. Yacimientos como los de Susa o Pers\u00e9polis har\u00e1n las delicias de aquellos que se emocionan ante los vestigios de la antig\u00fcedad. No ser\u00e1 dif\u00edcil evocar la m\u00edtica Ruta de la Seda en ciudades como Isfah\u00e1n, Yazd, Shiraz o la misma Kerm\u00e1n. Sencillas pero \u00fatiles y ecol\u00f3gicas construcciones de adobe, c\u00fapulas recubiertas de cer\u00e1micas brillando al sol, la presencia de Zoroastro, altos y esbeltos minaretes, mausoleos&#8230; Preciosas alfombras, tranquilas y acogedoras casas de t\u00e9, miniaturas -, bazares, pero sobre todas las maravillas, la hospitalidad y la amabilidad de los iran\u00edes, en boca un\u00e1nime de los afortunados viajeros que han recorrido el pa\u00eds.<\/p>\n","protected":false},"excerpt":{"rendered":"<p>Ir\u00e1n Viajar por Ir\u00e1n, la antigua Persia, es adentrarse en un pa\u00eds cuna de civilizaciones: elamitas, hurritas, sumerios, medas, aquem\u00e9nidas,<\/p>\n","protected":false},"featured_media":13537,"template":"","meta":[],"product_brand":[],"product_cat":[344],"product_tag":[812,836,888,1051,1052,641,1053,1054,1055,867,843],"autores":[1056],"formatos":[355],"materias":[370,375,383],"class_list":{"0":"post-13504","1":"product","2":"type-product","3":"status-publish","4":"has-post-thumbnail","6":"product_cat-rumbo-a-ca","7":"product_tag-antropologia-ca","8":"product_tag-guia-de-viajes-ca","9":"product_tag-iran-ca","10":"product_tag-isfahan-ca","11":"product_tag-jomeini-ca","12":"product_tag-literatura-de-viajes-ca","13":"product_tag-mashad-ca","14":"product_tag-qom-ca","15":"product_tag-republica-islamica-ca","16":"product_tag-turismo-ca","17":"product_tag-vacaciones-ca","18":"autores-vives-roig-toni-ca","19":"formatos-llibre","20":"materias-guias-de-viajes-ca","21":"materias-literatura-de-viajes-ca","22":"materias-turismo-ca","24":"first","25":"instock","26":"taxable","27":"shipping-taxable","28":"purchasable","29":"product-type-simple"},"yoast_head":"<!-- This site is optimized with the Yoast SEO plugin v27.3 - https:\/\/yoast.com\/product\/yoast-seo-wordpress\/ -->\n<title>Ir\u00e1n | Laertes ediciones<\/title>\n<meta name=\"description\" content=\"Viajar por Ir\u00e1n, la antigua Persia, es adentrarse en un pa\u00eds cuna de civilizaciones: elamitas, hurritas, sumerios, medas, aquem\u00e9nidas, sas\u00e1nidas...\" \/>\n<meta name=\"robots\" content=\"index, follow, max-snippet:-1, max-image-preview:large, max-video-preview:-1\" \/>\n<link rel=\"canonical\" href=\"https:\/\/www.laertes.es\/ca\/llibre\/iran\/\" \/>\n<meta property=\"og:locale\" content=\"ca_ES\" \/>\n<meta property=\"og:type\" content=\"article\" \/>\n<meta property=\"og:title\" content=\"Ir\u00e1n | Laertes ediciones\" \/>\n<meta property=\"og:description\" content=\"Viajar por Ir\u00e1n, la antigua Persia, es adentrarse en un pa\u00eds cuna de civilizaciones: elamitas, hurritas, sumerios, medas, aquem\u00e9nidas, sas\u00e1nidas...\" \/>\n<meta property=\"og:url\" content=\"https:\/\/www.laertes.es\/ca\/llibre\/iran\/\" \/>\n<meta property=\"og:site_name\" content=\"Laertes ediciones\" \/>\n<meta property=\"article:modified_time\" content=\"2023-05-31T08:20:51+00:00\" \/>\n<meta property=\"og:image\" content=\"https:\/\/www.laertes.es\/wp-content\/uploads\/2023\/05\/RUM053.webp\" \/>\n\t<meta property=\"og:image:width\" content=\"802\" \/>\n\t<meta property=\"og:image:height\" content=\"1200\" \/>\n\t<meta property=\"og:image:type\" content=\"image\/webp\" \/>\n<script type=\"application\/ld+json\" class=\"yoast-schema-graph\">{\"@context\":\"https:\\\/\\\/schema.org\",\"@graph\":[{\"@type\":\"WebPage\",\"@id\":\"https:\\\/\\\/www.laertes.es\\\/ca\\\/llibre\\\/iran\\\/\",\"url\":\"https:\\\/\\\/www.laertes.es\\\/ca\\\/llibre\\\/iran\\\/\",\"name\":\"Ir\u00e1n | Laertes ediciones\",\"isPartOf\":{\"@id\":\"https:\\\/\\\/www.laertes.es\\\/ca\\\/#website\"},\"primaryImageOfPage\":{\"@id\":\"https:\\\/\\\/www.laertes.es\\\/ca\\\/llibre\\\/iran\\\/#primaryimage\"},\"image\":{\"@id\":\"https:\\\/\\\/www.laertes.es\\\/ca\\\/llibre\\\/iran\\\/#primaryimage\"},\"thumbnailUrl\":\"https:\\\/\\\/www.laertes.es\\\/wp-content\\\/uploads\\\/2023\\\/05\\\/RUM053.webp\",\"datePublished\":\"2023-05-06T15:03:06+00:00\",\"dateModified\":\"2023-05-31T08:20:51+00:00\",\"description\":\"Viajar por Ir\u00e1n, la antigua Persia, es adentrarse en un pa\u00eds cuna de civilizaciones: elamitas, hurritas, sumerios, medas, aquem\u00e9nidas, sas\u00e1nidas...\",\"breadcrumb\":{\"@id\":\"https:\\\/\\\/www.laertes.es\\\/ca\\\/llibre\\\/iran\\\/#breadcrumb\"},\"inLanguage\":\"ca\",\"potentialAction\":[{\"@type\":\"ReadAction\",\"target\":[\"https:\\\/\\\/www.laertes.es\\\/ca\\\/llibre\\\/iran\\\/\"]}]},{\"@type\":\"ImageObject\",\"inLanguage\":\"ca\",\"@id\":\"https:\\\/\\\/www.laertes.es\\\/ca\\\/llibre\\\/iran\\\/#primaryimage\",\"url\":\"https:\\\/\\\/www.laertes.es\\\/wp-content\\\/uploads\\\/2023\\\/05\\\/RUM053.webp\",\"contentUrl\":\"https:\\\/\\\/www.laertes.es\\\/wp-content\\\/uploads\\\/2023\\\/05\\\/RUM053.webp\",\"width\":802,\"height\":1200,\"caption\":\"Ir\u00e1n\"},{\"@type\":\"BreadcrumbList\",\"@id\":\"https:\\\/\\\/www.laertes.es\\\/ca\\\/llibre\\\/iran\\\/#breadcrumb\",\"itemListElement\":[{\"@type\":\"ListItem\",\"position\":1,\"name\":\"Portada\",\"item\":\"https:\\\/\\\/www.laertes.es\\\/ca\\\/\"},{\"@type\":\"ListItem\",\"position\":2,\"name\":\"Tienda\",\"item\":\"https:\\\/\\\/www.laertes.es\\\/tienda\\\/\"},{\"@type\":\"ListItem\",\"position\":3,\"name\":\"Ir\u00e1n\"}]},{\"@type\":\"WebSite\",\"@id\":\"https:\\\/\\\/www.laertes.es\\\/ca\\\/#website\",\"url\":\"https:\\\/\\\/www.laertes.es\\\/ca\\\/\",\"name\":\"Laertes Ediciones\",\"description\":\"Editorial independiente desde 1975\",\"alternateName\":\"Laertes\",\"potentialAction\":[{\"@type\":\"SearchAction\",\"target\":{\"@type\":\"EntryPoint\",\"urlTemplate\":\"https:\\\/\\\/www.laertes.es\\\/ca\\\/?s={search_term_string}\"},\"query-input\":{\"@type\":\"PropertyValueSpecification\",\"valueRequired\":true,\"valueName\":\"search_term_string\"}}],\"inLanguage\":\"ca\"}]}<\/script>\n<!-- \/ Yoast SEO plugin. -->","yoast_head_json":{"title":"Ir\u00e1n | Laertes ediciones","description":"Viajar por Ir\u00e1n, la antigua Persia, es adentrarse en un pa\u00eds cuna de civilizaciones: elamitas, hurritas, sumerios, medas, aquem\u00e9nidas, sas\u00e1nidas...","robots":{"index":"index","follow":"follow","max-snippet":"max-snippet:-1","max-image-preview":"max-image-preview:large","max-video-preview":"max-video-preview:-1"},"canonical":"https:\/\/www.laertes.es\/ca\/llibre\/iran\/","og_locale":"ca_ES","og_type":"article","og_title":"Ir\u00e1n | Laertes ediciones","og_description":"Viajar por Ir\u00e1n, la antigua Persia, es adentrarse en un pa\u00eds cuna de civilizaciones: elamitas, hurritas, sumerios, medas, aquem\u00e9nidas, sas\u00e1nidas...","og_url":"https:\/\/www.laertes.es\/ca\/llibre\/iran\/","og_site_name":"Laertes ediciones","article_modified_time":"2023-05-31T08:20:51+00:00","og_image":[{"width":802,"height":1200,"url":"https:\/\/www.laertes.es\/wp-content\/uploads\/2023\/05\/RUM053.webp","type":"image\/webp"}],"schema":{"@context":"https:\/\/schema.org","@graph":[{"@type":"WebPage","@id":"https:\/\/www.laertes.es\/ca\/llibre\/iran\/","url":"https:\/\/www.laertes.es\/ca\/llibre\/iran\/","name":"Ir\u00e1n | Laertes ediciones","isPartOf":{"@id":"https:\/\/www.laertes.es\/ca\/#website"},"primaryImageOfPage":{"@id":"https:\/\/www.laertes.es\/ca\/llibre\/iran\/#primaryimage"},"image":{"@id":"https:\/\/www.laertes.es\/ca\/llibre\/iran\/#primaryimage"},"thumbnailUrl":"https:\/\/www.laertes.es\/wp-content\/uploads\/2023\/05\/RUM053.webp","datePublished":"2023-05-06T15:03:06+00:00","dateModified":"2023-05-31T08:20:51+00:00","description":"Viajar por Ir\u00e1n, la antigua Persia, es adentrarse en un pa\u00eds cuna de civilizaciones: elamitas, hurritas, sumerios, medas, aquem\u00e9nidas, sas\u00e1nidas...","breadcrumb":{"@id":"https:\/\/www.laertes.es\/ca\/llibre\/iran\/#breadcrumb"},"inLanguage":"ca","potentialAction":[{"@type":"ReadAction","target":["https:\/\/www.laertes.es\/ca\/llibre\/iran\/"]}]},{"@type":"ImageObject","inLanguage":"ca","@id":"https:\/\/www.laertes.es\/ca\/llibre\/iran\/#primaryimage","url":"https:\/\/www.laertes.es\/wp-content\/uploads\/2023\/05\/RUM053.webp","contentUrl":"https:\/\/www.laertes.es\/wp-content\/uploads\/2023\/05\/RUM053.webp","width":802,"height":1200,"caption":"Ir\u00e1n"},{"@type":"BreadcrumbList","@id":"https:\/\/www.laertes.es\/ca\/llibre\/iran\/#breadcrumb","itemListElement":[{"@type":"ListItem","position":1,"name":"Portada","item":"https:\/\/www.laertes.es\/ca\/"},{"@type":"ListItem","position":2,"name":"Tienda","item":"https:\/\/www.laertes.es\/tienda\/"},{"@type":"ListItem","position":3,"name":"Ir\u00e1n"}]},{"@type":"WebSite","@id":"https:\/\/www.laertes.es\/ca\/#website","url":"https:\/\/www.laertes.es\/ca\/","name":"Laertes Ediciones","description":"Editorial independiente desde 1975","alternateName":"Laertes","potentialAction":[{"@type":"SearchAction","target":{"@type":"EntryPoint","urlTemplate":"https:\/\/www.laertes.es\/ca\/?s={search_term_string}"},"query-input":{"@type":"PropertyValueSpecification","valueRequired":true,"valueName":"search_term_string"}}],"inLanguage":"ca"}]}},"_links":{"self":[{"href":"https:\/\/www.laertes.es\/ca\/wp-json\/wp\/v2\/product\/13504","targetHints":{"allow":["GET"]}}],"collection":[{"href":"https:\/\/www.laertes.es\/ca\/wp-json\/wp\/v2\/product"}],"about":[{"href":"https:\/\/www.laertes.es\/ca\/wp-json\/wp\/v2\/types\/product"}],"version-history":[{"count":1,"href":"https:\/\/www.laertes.es\/ca\/wp-json\/wp\/v2\/product\/13504\/revisions"}],"predecessor-version":[{"id":13539,"href":"https:\/\/www.laertes.es\/ca\/wp-json\/wp\/v2\/product\/13504\/revisions\/13539"}],"wp:featuredmedia":[{"embeddable":true,"href":"https:\/\/www.laertes.es\/ca\/wp-json\/wp\/v2\/media\/13537"}],"wp:attachment":[{"href":"https:\/\/www.laertes.es\/ca\/wp-json\/wp\/v2\/media?parent=13504"}],"wp:term":[{"taxonomy":"product_brand","embeddable":true,"href":"https:\/\/www.laertes.es\/ca\/wp-json\/wp\/v2\/product_brand?post=13504"},{"taxonomy":"product_cat","embeddable":true,"href":"https:\/\/www.laertes.es\/ca\/wp-json\/wp\/v2\/product_cat?post=13504"},{"taxonomy":"product_tag","embeddable":true,"href":"https:\/\/www.laertes.es\/ca\/wp-json\/wp\/v2\/product_tag?post=13504"},{"taxonomy":"autores","embeddable":true,"href":"https:\/\/www.laertes.es\/ca\/wp-json\/wp\/v2\/autores?post=13504"},{"taxonomy":"formatos","embeddable":true,"href":"https:\/\/www.laertes.es\/ca\/wp-json\/wp\/v2\/formatos?post=13504"},{"taxonomy":"materias","embeddable":true,"href":"https:\/\/www.laertes.es\/ca\/wp-json\/wp\/v2\/materias?post=13504"}],"curies":[{"name":"wp","href":"https:\/\/api.w.org\/{rel}","templated":true}]}}