{"id":13440,"date":"2023-05-06T06:19:28","date_gmt":"2023-05-06T06:19:28","guid":{"rendered":"https:\/libro\/madagascar\/"},"modified":"2023-06-12T18:25:30","modified_gmt":"2023-06-12T18:25:30","slug":"madagascar","status":"publish","type":"product","link":"https:\/\/www.laertes.es\/ca\/llibre\/madagascar\/","title":{"rendered":"Madagascar"},"content":{"rendered":"<h1>Madagascar<\/h1>\n<p>Madagascar, el destino muchas veces so\u00f1ado por muchos: una fauna impresionante (el pa\u00eds figura entre los diez primeros lugares del mundo por diversidad biol\u00f3gica), bellamente representada por los l\u00e9mures, una no menos impresionante flora (en este caso singularizada por los imponentes baobabs), resguardadas en distintos parques nacionales (Andringitra, Bemaraha, Isalo, Ranomafana), poblado por gentes de diversos or\u00edgenes (\u00e1rabes, suajili, malayos, polinesios), amable y comprensiva con el visitante. Y paisajes, variados paisajes, desde la gran aglomeraci\u00f3n urbana de Antananarivo (Tana, para abreviar), la capital del pa\u00eds, a la placidez de las aldeas zafimaniry, el bullicio de Tul\u00e9ar (Toliara) y el mar de Nosy Be e isla Sainte Marie conforman una m\u00ednima parte del atractivo de Madagascar.<\/p>\n<p>Madagascar, el destino muchas veces so\u00f1ado por muchos: una fauna impresionante (el pa\u00eds figura entre los diez primeros lugares del mundo por diversidad biol\u00f3gica), bellamente representada por los l\u00e9mures, una no menos impresionante flora (en este caso singularizada por los imponentes baobabs), resguardadas en distintos parques nacionales (Andringitra, Bemaraha, Isalo, Ranomafana), poblado por gentes de diversos or\u00edgenes (\u00e1rabes, suajili, malayos, polinesios), amable y comprensiva con el visitante. Y paisajes, variados paisajes, desde la gran aglomeraci\u00f3n urbana de Antananarivo (Tana, para abreviar), la capital del pa\u00eds, a la placidez de las aldeas zafimaniry, el bullicio de Tul\u00e9ar (Toliara) y el mar de Nosy Be e isla Sainte Marie conforman una m\u00ednima parte del atractivo de Madagascar.<\/p>\n<p>Madagascar, el destino muchas veces so\u00f1ado por muchos: una fauna impresionante (el pa\u00eds figura entre los diez primeros lugares del mundo por diversidad biol\u00f3gica), bellamente representada por los l\u00e9mures, una no menos impresionante flora (en este caso singularizada por los imponentes baobabs), resguardadas en distintos parques nacionales (Andringitra, Bemaraha, Isalo, Ranomafana), poblado por gentes de diversos or\u00edgenes (\u00e1rabes, suajili, malayos, polinesios), amable y comprensiva con el visitante. Y paisajes, variados paisajes, desde la gran aglomeraci\u00f3n urbana de Antananarivo (Tana, para abreviar), la capital del pa\u00eds, a la placidez de las aldeas zafimaniry, el bullicio de Tul\u00e9ar (Toliara) y el mar de Nosy Be e isla Sainte Marie conforman una m\u00ednima parte del atractivo de Madagascar.<\/p>\n","protected":false},"excerpt":{"rendered":"<p>Madagascar Madagascar, el destino muchas veces so\u00f1ado por muchos: una fauna impresionante (el pa\u00eds figura entre los diez primeros lugares<\/p>\n","protected":false},"featured_media":13546,"template":"","meta":[],"product_brand":[],"product_cat":[344],"product_tag":[835,1004,812,1005,818,836,1006,641,1007,815,1008,1009,1010,1011,867,843],"autores":[837],"formatos":[355],"materias":[370,378,383],"class_list":{"0":"post-13440","1":"product","2":"type-product","3":"status-publish","4":"has-post-thumbnail","6":"product_cat-rumbo-a-ca","7":"product_tag-africa-ca","8":"product_tag-antananarivo-ca","9":"product_tag-antropologia-ca","10":"product_tag-baobabs-ca","11":"product_tag-cronicas-de-viaje-ca","12":"product_tag-guia-de-viajes-ca","13":"product_tag-lemures-ca","14":"product_tag-literatura-de-viajes-ca","15":"product_tag-madagascar-ca","16":"product_tag-mochilero-ca","17":"product_tag-sainte-marie-ca","18":"product_tag-tana-ca","19":"product_tag-toliara-ca","20":"product_tag-tulear-ca","21":"product_tag-turismo-ca","22":"product_tag-vacaciones-ca","23":"autores-aznar-fernandez-jose-luis-ca","24":"formatos-llibre","25":"materias-guias-de-viajes-ca","26":"materias-natura-ca","27":"materias-turismo-ca","29":"first","30":"instock","31":"taxable","32":"shipping-taxable","33":"purchasable","34":"product-type-simple"},"yoast_head":"<!-- This site is optimized with the Yoast SEO plugin v27.5 - https:\/\/yoast.com\/product\/yoast-seo-wordpress\/ -->\n<title>Madagascar | Laertes ediciones<\/title>\n<meta name=\"description\" content=\"Madagascar, el destino muchas veces so\u00f1ado por muchos: una fauna, flora, resguardadas en distintos parques nacionales, poblado por gentes.\" \/>\n<meta name=\"robots\" content=\"index, follow, max-snippet:-1, max-image-preview:large, max-video-preview:-1\" \/>\n<link rel=\"canonical\" href=\"https:\/\/www.laertes.es\/ca\/llibre\/madagascar\/\" \/>\n<meta property=\"og:locale\" content=\"ca_ES\" \/>\n<meta property=\"og:type\" content=\"article\" \/>\n<meta property=\"og:title\" content=\"Madagascar | Laertes ediciones\" \/>\n<meta property=\"og:description\" content=\"Madagascar, el destino muchas veces so\u00f1ado por muchos: una fauna, flora, resguardadas en distintos parques nacionales, poblado por gentes.\" \/>\n<meta property=\"og:url\" content=\"https:\/\/www.laertes.es\/ca\/llibre\/madagascar\/\" \/>\n<meta property=\"og:site_name\" content=\"Laertes ediciones\" \/>\n<meta property=\"article:modified_time\" content=\"2023-06-12T18:25:30+00:00\" \/>\n<meta property=\"og:image\" content=\"https:\/\/aliceblue-magpie-467488.hostingersite.com\/wp-content\/uploads\/2023\/05\/RUM082.webp\" \/>\n\t<meta property=\"og:image:width\" content=\"802\" \/>\n\t<meta property=\"og:image:height\" content=\"1200\" \/>\n\t<meta property=\"og:image:type\" content=\"image\/webp\" \/>\n<script type=\"application\/ld+json\" class=\"yoast-schema-graph\">{\"@context\":\"https:\\\/\\\/schema.org\",\"@graph\":[{\"@type\":\"WebPage\",\"@id\":\"https:\\\/\\\/www.laertes.es\\\/ca\\\/llibre\\\/madagascar\\\/\",\"url\":\"https:\\\/\\\/www.laertes.es\\\/ca\\\/llibre\\\/madagascar\\\/\",\"name\":\"Madagascar | Laertes ediciones\",\"isPartOf\":{\"@id\":\"https:\\\/\\\/www.laertes.es\\\/ca\\\/#website\"},\"primaryImageOfPage\":{\"@id\":\"https:\\\/\\\/www.laertes.es\\\/ca\\\/llibre\\\/madagascar\\\/#primaryimage\"},\"image\":{\"@id\":\"https:\\\/\\\/www.laertes.es\\\/ca\\\/llibre\\\/madagascar\\\/#primaryimage\"},\"thumbnailUrl\":\"https:\\\/\\\/www.laertes.es\\\/wp-content\\\/uploads\\\/2023\\\/05\\\/RUM082.webp\",\"datePublished\":\"2023-05-06T06:19:28+00:00\",\"dateModified\":\"2023-06-12T18:25:30+00:00\",\"description\":\"Madagascar, el destino muchas veces so\u00f1ado por muchos: una fauna, flora, resguardadas en distintos parques nacionales, poblado por gentes.\",\"breadcrumb\":{\"@id\":\"https:\\\/\\\/www.laertes.es\\\/ca\\\/llibre\\\/madagascar\\\/#breadcrumb\"},\"inLanguage\":\"ca\",\"potentialAction\":[{\"@type\":\"ReadAction\",\"target\":[\"https:\\\/\\\/www.laertes.es\\\/ca\\\/llibre\\\/madagascar\\\/\"]}]},{\"@type\":\"ImageObject\",\"inLanguage\":\"ca\",\"@id\":\"https:\\\/\\\/www.laertes.es\\\/ca\\\/llibre\\\/madagascar\\\/#primaryimage\",\"url\":\"https:\\\/\\\/www.laertes.es\\\/wp-content\\\/uploads\\\/2023\\\/05\\\/RUM082.webp\",\"contentUrl\":\"https:\\\/\\\/www.laertes.es\\\/wp-content\\\/uploads\\\/2023\\\/05\\\/RUM082.webp\",\"width\":802,\"height\":1200,\"caption\":\"Madagascar\"},{\"@type\":\"BreadcrumbList\",\"@id\":\"https:\\\/\\\/www.laertes.es\\\/ca\\\/llibre\\\/madagascar\\\/#breadcrumb\",\"itemListElement\":[{\"@type\":\"ListItem\",\"position\":1,\"name\":\"Portada\",\"item\":\"https:\\\/\\\/www.laertes.es\\\/ca\\\/\"},{\"@type\":\"ListItem\",\"position\":2,\"name\":\"Tienda\",\"item\":\"https:\\\/\\\/www.laertes.es\\\/tienda\\\/\"},{\"@type\":\"ListItem\",\"position\":3,\"name\":\"Madagascar\"}]},{\"@type\":\"WebSite\",\"@id\":\"https:\\\/\\\/www.laertes.es\\\/ca\\\/#website\",\"url\":\"https:\\\/\\\/www.laertes.es\\\/ca\\\/\",\"name\":\"Laertes Ediciones\",\"description\":\"Editorial independiente desde 1975\",\"alternateName\":\"Laertes\",\"potentialAction\":[{\"@type\":\"SearchAction\",\"target\":{\"@type\":\"EntryPoint\",\"urlTemplate\":\"https:\\\/\\\/www.laertes.es\\\/ca\\\/?s={search_term_string}\"},\"query-input\":{\"@type\":\"PropertyValueSpecification\",\"valueRequired\":true,\"valueName\":\"search_term_string\"}}],\"inLanguage\":\"ca\"}]}<\/script>\n<!-- \/ Yoast SEO plugin. -->","yoast_head_json":{"title":"Madagascar | Laertes ediciones","description":"Madagascar, el destino muchas veces so\u00f1ado por muchos: una fauna, flora, resguardadas en distintos parques nacionales, poblado por gentes.","robots":{"index":"index","follow":"follow","max-snippet":"max-snippet:-1","max-image-preview":"max-image-preview:large","max-video-preview":"max-video-preview:-1"},"canonical":"https:\/\/www.laertes.es\/ca\/llibre\/madagascar\/","og_locale":"ca_ES","og_type":"article","og_title":"Madagascar | Laertes ediciones","og_description":"Madagascar, el destino muchas veces so\u00f1ado por muchos: una fauna, flora, resguardadas en distintos parques nacionales, poblado por gentes.","og_url":"https:\/\/www.laertes.es\/ca\/llibre\/madagascar\/","og_site_name":"Laertes ediciones","article_modified_time":"2023-06-12T18:25:30+00:00","og_image":[{"width":802,"height":1200,"url":"https:\/\/aliceblue-magpie-467488.hostingersite.com\/wp-content\/uploads\/2023\/05\/RUM082.webp","type":"image\/webp"}],"schema":{"@context":"https:\/\/schema.org","@graph":[{"@type":"WebPage","@id":"https:\/\/www.laertes.es\/ca\/llibre\/madagascar\/","url":"https:\/\/www.laertes.es\/ca\/llibre\/madagascar\/","name":"Madagascar | Laertes ediciones","isPartOf":{"@id":"https:\/\/www.laertes.es\/ca\/#website"},"primaryImageOfPage":{"@id":"https:\/\/www.laertes.es\/ca\/llibre\/madagascar\/#primaryimage"},"image":{"@id":"https:\/\/www.laertes.es\/ca\/llibre\/madagascar\/#primaryimage"},"thumbnailUrl":"https:\/\/www.laertes.es\/wp-content\/uploads\/2023\/05\/RUM082.webp","datePublished":"2023-05-06T06:19:28+00:00","dateModified":"2023-06-12T18:25:30+00:00","description":"Madagascar, el destino muchas veces so\u00f1ado por muchos: una fauna, flora, resguardadas en distintos parques nacionales, poblado por gentes.","breadcrumb":{"@id":"https:\/\/www.laertes.es\/ca\/llibre\/madagascar\/#breadcrumb"},"inLanguage":"ca","potentialAction":[{"@type":"ReadAction","target":["https:\/\/www.laertes.es\/ca\/llibre\/madagascar\/"]}]},{"@type":"ImageObject","inLanguage":"ca","@id":"https:\/\/www.laertes.es\/ca\/llibre\/madagascar\/#primaryimage","url":"https:\/\/www.laertes.es\/wp-content\/uploads\/2023\/05\/RUM082.webp","contentUrl":"https:\/\/www.laertes.es\/wp-content\/uploads\/2023\/05\/RUM082.webp","width":802,"height":1200,"caption":"Madagascar"},{"@type":"BreadcrumbList","@id":"https:\/\/www.laertes.es\/ca\/llibre\/madagascar\/#breadcrumb","itemListElement":[{"@type":"ListItem","position":1,"name":"Portada","item":"https:\/\/www.laertes.es\/ca\/"},{"@type":"ListItem","position":2,"name":"Tienda","item":"https:\/\/www.laertes.es\/tienda\/"},{"@type":"ListItem","position":3,"name":"Madagascar"}]},{"@type":"WebSite","@id":"https:\/\/www.laertes.es\/ca\/#website","url":"https:\/\/www.laertes.es\/ca\/","name":"Laertes Ediciones","description":"Editorial independiente desde 1975","alternateName":"Laertes","potentialAction":[{"@type":"SearchAction","target":{"@type":"EntryPoint","urlTemplate":"https:\/\/www.laertes.es\/ca\/?s={search_term_string}"},"query-input":{"@type":"PropertyValueSpecification","valueRequired":true,"valueName":"search_term_string"}}],"inLanguage":"ca"}]}},"_links":{"self":[{"href":"https:\/\/www.laertes.es\/ca\/wp-json\/wp\/v2\/product\/13440","targetHints":{"allow":["GET"]}}],"collection":[{"href":"https:\/\/www.laertes.es\/ca\/wp-json\/wp\/v2\/product"}],"about":[{"href":"https:\/\/www.laertes.es\/ca\/wp-json\/wp\/v2\/types\/product"}],"version-history":[{"count":1,"href":"https:\/\/www.laertes.es\/ca\/wp-json\/wp\/v2\/product\/13440\/revisions"}],"predecessor-version":[{"id":13549,"href":"https:\/\/www.laertes.es\/ca\/wp-json\/wp\/v2\/product\/13440\/revisions\/13549"}],"wp:featuredmedia":[{"embeddable":true,"href":"https:\/\/www.laertes.es\/ca\/wp-json\/wp\/v2\/media\/13546"}],"wp:attachment":[{"href":"https:\/\/www.laertes.es\/ca\/wp-json\/wp\/v2\/media?parent=13440"}],"wp:term":[{"taxonomy":"product_brand","embeddable":true,"href":"https:\/\/www.laertes.es\/ca\/wp-json\/wp\/v2\/product_brand?post=13440"},{"taxonomy":"product_cat","embeddable":true,"href":"https:\/\/www.laertes.es\/ca\/wp-json\/wp\/v2\/product_cat?post=13440"},{"taxonomy":"product_tag","embeddable":true,"href":"https:\/\/www.laertes.es\/ca\/wp-json\/wp\/v2\/product_tag?post=13440"},{"taxonomy":"autores","embeddable":true,"href":"https:\/\/www.laertes.es\/ca\/wp-json\/wp\/v2\/autores?post=13440"},{"taxonomy":"formatos","embeddable":true,"href":"https:\/\/www.laertes.es\/ca\/wp-json\/wp\/v2\/formatos?post=13440"},{"taxonomy":"materias","embeddable":true,"href":"https:\/\/www.laertes.es\/ca\/wp-json\/wp\/v2\/materias?post=13440"}],"curies":[{"name":"wp","href":"https:\/\/api.w.org\/{rel}","templated":true}]}}