{"id":13338,"date":"2023-05-05T14:53:30","date_gmt":"2023-05-05T14:53:30","guid":{"rendered":"https:\/libro\/creta-y-atenas\/"},"modified":"2023-05-31T08:19:41","modified_gmt":"2023-05-31T08:19:41","slug":"creta-y-atenas","status":"publish","type":"product","link":"https:\/\/www.laertes.es\/ca\/llibre\/creta-y-atenas\/","title":{"rendered":"Creta y Atenas"},"content":{"rendered":"<h1>Creta y Atenas<\/h1>\n<p>Creta y Atenas Equidistante de Europa, Asia y \u00c1frica, Creta es rica en vicisitudes hist\u00f3ricas provocadas por las influencias e invasiones llegadas desde dichos continentes. Quiz\u00e1 la &#8220;invasi\u00f3n&#8221; m\u00e1s curiosa sea la protagonizada por los andalus\u00edes expulsados de Alejandr\u00eda en el siglo IX. Adem\u00e1s, la civilizaci\u00f3n cretense o minoica hunde sus ra\u00edces en los mitos griegos, el m\u00e1s famoso de los cuales es el del rey Minos y su palacio, conocido como Laberinto, y el monstruo que en \u00e9l habitaba: el Minotauro, abatido por Teseo con la ayuda de D\u00e9dalo y el ovillo m\u00e1gico de Ariadna, mito que se evoca en el yacimiento de Knoss\u00f3s. Pero Creta es esto y mucho m\u00e1s: monasterios (Arkadi, Goni\u00e1s&#8230;), cuevas de ensue\u00f1o como la Dikta\u00edon Andron, mitol\u00f3gica cuna de Zeus, ciudades y pueblitos tranquilos y playas, muchas playas en las que descansar y degustar la sabrosa gastronom\u00eda cretense.<\/p>\n<p>Equidistante de Europa, Asia y \u00c1frica, Creta es rica en vicisitudes hist\u00f3ricas provocadas por las influencias e invasiones llegadas desde dichos continentes. Quiz\u00e1 la &#8220;invasi\u00f3n&#8221; m\u00e1s curiosa sea la protagonizada por los andalus\u00edes expulsados de Alejandr\u00eda en el siglo IX. Adem\u00e1s, la civilizaci\u00f3n cretense o minoica hunde sus ra\u00edces en los mitos griegos, el m\u00e1s famoso de los cuales es el del rey Minos y su palacio, conocido como Laberinto, y el monstruo que en \u00e9l habitaba: el Minotauro, abatido por Teseo con la ayuda de D\u00e9dalo y el ovillo m\u00e1gico de Ariadna, mito que se evoca en el yacimiento de Knoss\u00f3s. Pero Creta es esto y mucho m\u00e1s: monasterios (Arkadi, Goni\u00e1s&#8230;), cuevas de ensue\u00f1o como la Dikta\u00edon Andron, mitol\u00f3gica cuna de Zeus, ciudades y pueblitos tranquilos y playas, muchas playas en las que descansar y degustar la sabrosa gastronom\u00eda cretense.<\/p>\n<p>Equidistante de Europa, Asia y \u00c1frica, Creta es rica en vicisitudes hist\u00f3ricas provocadas por las influencias e invasiones llegadas desde dichos continentes. Quiz\u00e1 la &#8220;invasi\u00f3n&#8221; m\u00e1s curiosa sea la protagonizada por los andalus\u00edes expulsados de Alejandr\u00eda en el siglo IX. Adem\u00e1s, la civilizaci\u00f3n cretense o minoica hunde sus ra\u00edces en los mitos griegos, el m\u00e1s famoso de los cuales es el del rey Minos y su palacio, conocido como Laberinto, y el monstruo que en \u00e9l habitaba: el Minotauro, abatido por Teseo con la ayuda de D\u00e9dalo y el ovillo m\u00e1gico de Ariadna, mito que se evoca en el yacimiento de Knoss\u00f3s. Pero Creta es esto y mucho m\u00e1s: monasterios (Arkadi, Goni\u00e1s&#8230;), cuevas de ensue\u00f1o como la Dikta\u00edon Andron, mitol\u00f3gica cuna de Zeus, ciudades y pueblitos tranquilos y playas, muchas playas en las que descansar y degustar la sabrosa gastronom\u00eda cretense.<\/p>\n","protected":false},"excerpt":{"rendered":"<p>Creta y Atenas Creta y Atenas Equidistante de Europa, Asia y \u00c1frica, Creta es rica en vicisitudes hist\u00f3ricas provocadas por<\/p>\n","protected":false},"featured_media":13348,"template":"","meta":[],"product_brand":[],"product_cat":[344],"product_tag":[962,963,818,780,836,964,641,867,965,843],"autores":[649],"formatos":[355],"materias":[370,375,383],"class_list":{"0":"post-13338","1":"product","2":"type-product","3":"status-publish","4":"has-post-thumbnail","6":"product_cat-rumbo-a-ca","7":"product_tag-atenas-ca","8":"product_tag-creta-ca","9":"product_tag-cronicas-de-viaje-ca","10":"product_tag-grecia-ca","11":"product_tag-guia-de-viajes-ca","12":"product_tag-helenismo-ca","13":"product_tag-literatura-de-viajes-ca","14":"product_tag-turismo-ca","15":"product_tag-turquia-ca","16":"product_tag-vacaciones-ca","17":"autores-romero-garcia-eladi-ca","18":"formatos-llibre","19":"materias-guias-de-viajes-ca","20":"materias-literatura-de-viajes-ca","21":"materias-turismo-ca","23":"first","24":"instock","25":"taxable","26":"shipping-taxable","27":"purchasable","28":"product-type-simple"},"yoast_head":"<!-- This site is optimized with the Yoast SEO plugin v27.3 - https:\/\/yoast.com\/product\/yoast-seo-wordpress\/ -->\n<title>Creta y Atenas | Laertes ediciones<\/title>\n<meta name=\"description\" content=\"Creta y Atenas Equidistante de Europa, Asia y \u00c1frica, Creta es rica en vicisitudes hist\u00f3ricas provocadas por las influencias e invasiones desde continentes.\" \/>\n<meta name=\"robots\" content=\"index, follow, max-snippet:-1, max-image-preview:large, max-video-preview:-1\" \/>\n<link rel=\"canonical\" href=\"https:\/\/www.laertes.es\/ca\/llibre\/creta-y-atenas\/\" \/>\n<meta property=\"og:locale\" content=\"ca_ES\" \/>\n<meta property=\"og:type\" content=\"article\" \/>\n<meta property=\"og:title\" content=\"Creta y Atenas | Laertes ediciones\" \/>\n<meta property=\"og:description\" content=\"Creta y Atenas Equidistante de Europa, Asia y \u00c1frica, Creta es rica en vicisitudes hist\u00f3ricas provocadas por las influencias e invasiones desde continentes.\" \/>\n<meta property=\"og:url\" content=\"https:\/\/www.laertes.es\/ca\/llibre\/creta-y-atenas\/\" \/>\n<meta property=\"og:site_name\" content=\"Laertes ediciones\" \/>\n<meta property=\"article:modified_time\" content=\"2023-05-31T08:19:41+00:00\" \/>\n<meta property=\"og:image\" content=\"https:\/\/www.laertes.es\/wp-content\/uploads\/2023\/05\/RUM084.webp\" \/>\n\t<meta property=\"og:image:width\" content=\"802\" \/>\n\t<meta property=\"og:image:height\" content=\"1200\" \/>\n\t<meta property=\"og:image:type\" content=\"image\/webp\" \/>\n<script type=\"application\/ld+json\" class=\"yoast-schema-graph\">{\"@context\":\"https:\\\/\\\/schema.org\",\"@graph\":[{\"@type\":\"WebPage\",\"@id\":\"https:\\\/\\\/www.laertes.es\\\/ca\\\/llibre\\\/creta-y-atenas\\\/\",\"url\":\"https:\\\/\\\/www.laertes.es\\\/ca\\\/llibre\\\/creta-y-atenas\\\/\",\"name\":\"Creta y Atenas | Laertes ediciones\",\"isPartOf\":{\"@id\":\"https:\\\/\\\/www.laertes.es\\\/ca\\\/#website\"},\"primaryImageOfPage\":{\"@id\":\"https:\\\/\\\/www.laertes.es\\\/ca\\\/llibre\\\/creta-y-atenas\\\/#primaryimage\"},\"image\":{\"@id\":\"https:\\\/\\\/www.laertes.es\\\/ca\\\/llibre\\\/creta-y-atenas\\\/#primaryimage\"},\"thumbnailUrl\":\"https:\\\/\\\/www.laertes.es\\\/wp-content\\\/uploads\\\/2023\\\/05\\\/RUM084.webp\",\"datePublished\":\"2023-05-05T14:53:30+00:00\",\"dateModified\":\"2023-05-31T08:19:41+00:00\",\"description\":\"Creta y Atenas Equidistante de Europa, Asia y \u00c1frica, Creta es rica en vicisitudes hist\u00f3ricas provocadas por las influencias e invasiones desde continentes.\",\"breadcrumb\":{\"@id\":\"https:\\\/\\\/www.laertes.es\\\/ca\\\/llibre\\\/creta-y-atenas\\\/#breadcrumb\"},\"inLanguage\":\"ca\",\"potentialAction\":[{\"@type\":\"ReadAction\",\"target\":[\"https:\\\/\\\/www.laertes.es\\\/ca\\\/llibre\\\/creta-y-atenas\\\/\"]}]},{\"@type\":\"ImageObject\",\"inLanguage\":\"ca\",\"@id\":\"https:\\\/\\\/www.laertes.es\\\/ca\\\/llibre\\\/creta-y-atenas\\\/#primaryimage\",\"url\":\"https:\\\/\\\/www.laertes.es\\\/wp-content\\\/uploads\\\/2023\\\/05\\\/RUM084.webp\",\"contentUrl\":\"https:\\\/\\\/www.laertes.es\\\/wp-content\\\/uploads\\\/2023\\\/05\\\/RUM084.webp\",\"width\":802,\"height\":1200,\"caption\":\"Creta y Atenas\"},{\"@type\":\"BreadcrumbList\",\"@id\":\"https:\\\/\\\/www.laertes.es\\\/ca\\\/llibre\\\/creta-y-atenas\\\/#breadcrumb\",\"itemListElement\":[{\"@type\":\"ListItem\",\"position\":1,\"name\":\"Portada\",\"item\":\"https:\\\/\\\/www.laertes.es\\\/ca\\\/\"},{\"@type\":\"ListItem\",\"position\":2,\"name\":\"Tienda\",\"item\":\"https:\\\/\\\/www.laertes.es\\\/tienda\\\/\"},{\"@type\":\"ListItem\",\"position\":3,\"name\":\"Creta y Atenas\"}]},{\"@type\":\"WebSite\",\"@id\":\"https:\\\/\\\/www.laertes.es\\\/ca\\\/#website\",\"url\":\"https:\\\/\\\/www.laertes.es\\\/ca\\\/\",\"name\":\"Laertes Ediciones\",\"description\":\"Editorial independiente desde 1975\",\"alternateName\":\"Laertes\",\"potentialAction\":[{\"@type\":\"SearchAction\",\"target\":{\"@type\":\"EntryPoint\",\"urlTemplate\":\"https:\\\/\\\/www.laertes.es\\\/ca\\\/?s={search_term_string}\"},\"query-input\":{\"@type\":\"PropertyValueSpecification\",\"valueRequired\":true,\"valueName\":\"search_term_string\"}}],\"inLanguage\":\"ca\"}]}<\/script>\n<!-- \/ Yoast SEO plugin. -->","yoast_head_json":{"title":"Creta y Atenas | Laertes ediciones","description":"Creta y Atenas Equidistante de Europa, Asia y \u00c1frica, Creta es rica en vicisitudes hist\u00f3ricas provocadas por las influencias e invasiones desde continentes.","robots":{"index":"index","follow":"follow","max-snippet":"max-snippet:-1","max-image-preview":"max-image-preview:large","max-video-preview":"max-video-preview:-1"},"canonical":"https:\/\/www.laertes.es\/ca\/llibre\/creta-y-atenas\/","og_locale":"ca_ES","og_type":"article","og_title":"Creta y Atenas | Laertes ediciones","og_description":"Creta y Atenas Equidistante de Europa, Asia y \u00c1frica, Creta es rica en vicisitudes hist\u00f3ricas provocadas por las influencias e invasiones desde continentes.","og_url":"https:\/\/www.laertes.es\/ca\/llibre\/creta-y-atenas\/","og_site_name":"Laertes ediciones","article_modified_time":"2023-05-31T08:19:41+00:00","og_image":[{"width":802,"height":1200,"url":"https:\/\/www.laertes.es\/wp-content\/uploads\/2023\/05\/RUM084.webp","type":"image\/webp"}],"schema":{"@context":"https:\/\/schema.org","@graph":[{"@type":"WebPage","@id":"https:\/\/www.laertes.es\/ca\/llibre\/creta-y-atenas\/","url":"https:\/\/www.laertes.es\/ca\/llibre\/creta-y-atenas\/","name":"Creta y Atenas | Laertes ediciones","isPartOf":{"@id":"https:\/\/www.laertes.es\/ca\/#website"},"primaryImageOfPage":{"@id":"https:\/\/www.laertes.es\/ca\/llibre\/creta-y-atenas\/#primaryimage"},"image":{"@id":"https:\/\/www.laertes.es\/ca\/llibre\/creta-y-atenas\/#primaryimage"},"thumbnailUrl":"https:\/\/www.laertes.es\/wp-content\/uploads\/2023\/05\/RUM084.webp","datePublished":"2023-05-05T14:53:30+00:00","dateModified":"2023-05-31T08:19:41+00:00","description":"Creta y Atenas Equidistante de Europa, Asia y \u00c1frica, Creta es rica en vicisitudes hist\u00f3ricas provocadas por las influencias e invasiones desde continentes.","breadcrumb":{"@id":"https:\/\/www.laertes.es\/ca\/llibre\/creta-y-atenas\/#breadcrumb"},"inLanguage":"ca","potentialAction":[{"@type":"ReadAction","target":["https:\/\/www.laertes.es\/ca\/llibre\/creta-y-atenas\/"]}]},{"@type":"ImageObject","inLanguage":"ca","@id":"https:\/\/www.laertes.es\/ca\/llibre\/creta-y-atenas\/#primaryimage","url":"https:\/\/www.laertes.es\/wp-content\/uploads\/2023\/05\/RUM084.webp","contentUrl":"https:\/\/www.laertes.es\/wp-content\/uploads\/2023\/05\/RUM084.webp","width":802,"height":1200,"caption":"Creta y Atenas"},{"@type":"BreadcrumbList","@id":"https:\/\/www.laertes.es\/ca\/llibre\/creta-y-atenas\/#breadcrumb","itemListElement":[{"@type":"ListItem","position":1,"name":"Portada","item":"https:\/\/www.laertes.es\/ca\/"},{"@type":"ListItem","position":2,"name":"Tienda","item":"https:\/\/www.laertes.es\/tienda\/"},{"@type":"ListItem","position":3,"name":"Creta y Atenas"}]},{"@type":"WebSite","@id":"https:\/\/www.laertes.es\/ca\/#website","url":"https:\/\/www.laertes.es\/ca\/","name":"Laertes Ediciones","description":"Editorial independiente desde 1975","alternateName":"Laertes","potentialAction":[{"@type":"SearchAction","target":{"@type":"EntryPoint","urlTemplate":"https:\/\/www.laertes.es\/ca\/?s={search_term_string}"},"query-input":{"@type":"PropertyValueSpecification","valueRequired":true,"valueName":"search_term_string"}}],"inLanguage":"ca"}]}},"_links":{"self":[{"href":"https:\/\/www.laertes.es\/ca\/wp-json\/wp\/v2\/product\/13338","targetHints":{"allow":["GET"]}}],"collection":[{"href":"https:\/\/www.laertes.es\/ca\/wp-json\/wp\/v2\/product"}],"about":[{"href":"https:\/\/www.laertes.es\/ca\/wp-json\/wp\/v2\/types\/product"}],"version-history":[{"count":1,"href":"https:\/\/www.laertes.es\/ca\/wp-json\/wp\/v2\/product\/13338\/revisions"}],"predecessor-version":[{"id":13351,"href":"https:\/\/www.laertes.es\/ca\/wp-json\/wp\/v2\/product\/13338\/revisions\/13351"}],"wp:featuredmedia":[{"embeddable":true,"href":"https:\/\/www.laertes.es\/ca\/wp-json\/wp\/v2\/media\/13348"}],"wp:attachment":[{"href":"https:\/\/www.laertes.es\/ca\/wp-json\/wp\/v2\/media?parent=13338"}],"wp:term":[{"taxonomy":"product_brand","embeddable":true,"href":"https:\/\/www.laertes.es\/ca\/wp-json\/wp\/v2\/product_brand?post=13338"},{"taxonomy":"product_cat","embeddable":true,"href":"https:\/\/www.laertes.es\/ca\/wp-json\/wp\/v2\/product_cat?post=13338"},{"taxonomy":"product_tag","embeddable":true,"href":"https:\/\/www.laertes.es\/ca\/wp-json\/wp\/v2\/product_tag?post=13338"},{"taxonomy":"autores","embeddable":true,"href":"https:\/\/www.laertes.es\/ca\/wp-json\/wp\/v2\/autores?post=13338"},{"taxonomy":"formatos","embeddable":true,"href":"https:\/\/www.laertes.es\/ca\/wp-json\/wp\/v2\/formatos?post=13338"},{"taxonomy":"materias","embeddable":true,"href":"https:\/\/www.laertes.es\/ca\/wp-json\/wp\/v2\/materias?post=13338"}],"curies":[{"name":"wp","href":"https:\/\/api.w.org\/{rel}","templated":true}]}}