{"id":13333,"date":"2023-05-05T14:05:39","date_gmt":"2023-05-05T14:05:39","guid":{"rendered":"https:\/libro\/belgrado\/"},"modified":"2023-06-12T18:24:28","modified_gmt":"2023-06-12T18:24:28","slug":"belgrado","status":"publish","type":"product","link":"https:\/\/www.laertes.es\/ca\/llibre\/belgrado\/","title":{"rendered":"Belgrado"},"content":{"rendered":"<h1>Belgrado<\/h1>\n<p>Ciudad tradicional y a la vez moderna y din\u00e1mica, Belgrado est\u00e1 promocion\u00e1ndose mostrando sus bellezas, sus numerosos museos, sus barrios donde la m\u00fasica suena constantemente por las calles, sus modernos festivales musicales, sus riberas danubianas o situadas junto al r\u00edo Sava, su dilatada historia y su cultura eslava. Vale la pena dedicar algunos d\u00edas a esta ciudad, muy t\u00edpicamente centroeuropea en algunos aspectos (por ejemplo, en sus edificios decimon\u00f3nicos, vinculados a la arquitectura del Imperio austriaco), pero muy eslava en otros (como sus fiestas o su cultura gastron\u00f3mica). Una mezcla amable y a la vez agradable, donde destacan una agitada vida nocturna, la m\u00fasica callejera, los numerosos caf\u00e9s con terraza, los variados museos y el aire melanc\u00f3lico de oto\u00f1o.<\/p>\n<p>Ciudad tradicional y a la vez moderna y din\u00e1mica, Belgrado est\u00e1 promocion\u00e1ndose mostrando sus bellezas, sus numerosos museos, sus barrios donde la m\u00fasica suena constantemente por las calles, sus modernos festivales musicales, sus riberas danubianas o situadas junto al r\u00edo Sava, su dilatada historia y su cultura eslava. Vale la pena dedicar algunos d\u00edas a esta ciudad, muy t\u00edpicamente centroeuropea en algunos aspectos (por ejemplo, en sus edificios decimon\u00f3nicos, vinculados a la arquitectura del Imperio austriaco), pero muy eslava en otros (como sus fiestas o su cultura gastron\u00f3mica). Una mezcla amable y a la vez agradable, donde destacan una agitada vida nocturna, la m\u00fasica callejera, los numerosos caf\u00e9s con terraza, los variados museos y el aire melanc\u00f3lico de oto\u00f1o.Ciudad tradicional y a la vez moderna y din\u00e1mica, Belgrado est\u00e1 promocion\u00e1ndose mostrando sus bellezas, sus numerosos museos, sus barrios donde la m\u00fasica suena constantemente por las calles, sus modernos festivales musicales, sus riberas danubianas o situadas junto al r\u00edo Sava, su dilatada historia y su cultura eslava. Vale la pena dedicar algunos d\u00edas a esta ciudad, muy t\u00edpicamente centroeuropea en algunos aspectos (por ejemplo, en sus edificios decimon\u00f3nicos, vinculados a la arquitectura del Imperio austriaco), pero muy eslava en otros (como sus fiestas o su cultura gastron\u00f3mica). Una mezcla amable y a la vez agradable, donde destacan una agitada vida nocturna, la m\u00fasica callejera, los numerosos caf\u00e9s con terraza, los variados museos y el aire melanc\u00f3lico de oto\u00f1o.<\/p>\n","protected":false},"excerpt":{"rendered":"<p>Belgrado Ciudad tradicional y a la vez moderna y din\u00e1mica, Belgrado est\u00e1 promocion\u00e1ndose mostrando sus bellezas, sus numerosos museos, sus<\/p>\n","protected":false},"featured_media":13341,"template":"","meta":[],"product_brand":[],"product_cat":[344],"product_tag":[954,955,817,956,836,641,957,867,843],"class_list":{"0":"post-13333","1":"product","2":"type-product","3":"status-publish","4":"has-post-thumbnail","6":"product_cat-rumbo-a-ca","7":"product_tag-balcanes-ca","8":"product_tag-belgrado-ca","9":"product_tag-conflictos-belicos-ca","10":"product_tag-eslavos-ca","11":"product_tag-guia-de-viajes-ca","12":"product_tag-literatura-de-viajes-ca","13":"product_tag-serbia-ca","14":"product_tag-turismo-ca","15":"product_tag-vacaciones-ca","17":"first","18":"instock","19":"taxable","20":"shipping-taxable","21":"purchasable","22":"product-type-simple"},"yoast_head":"<!-- This site is optimized with the Yoast SEO plugin v27.3 - https:\/\/yoast.com\/product\/yoast-seo-wordpress\/ -->\n<title>Belgrado | Laertes ediciones<\/title>\n<meta name=\"description\" content=\"Belgrado Ciudad tradicional y a la vez moderna y din\u00e1mica, Belgrado est\u00e1 promocion\u00e1ndose mostrando sus bellezas, sus numerosos museos, sus barrios...\" \/>\n<meta name=\"robots\" content=\"index, follow, max-snippet:-1, max-image-preview:large, max-video-preview:-1\" \/>\n<link rel=\"canonical\" href=\"https:\/\/www.laertes.es\/ca\/llibre\/belgrado\/\" \/>\n<meta property=\"og:locale\" content=\"ca_ES\" \/>\n<meta property=\"og:type\" content=\"article\" \/>\n<meta property=\"og:title\" content=\"Belgrado | Laertes ediciones\" \/>\n<meta property=\"og:description\" content=\"Belgrado Ciudad tradicional y a la vez moderna y din\u00e1mica, Belgrado est\u00e1 promocion\u00e1ndose mostrando sus bellezas, sus numerosos museos, sus barrios...\" \/>\n<meta property=\"og:url\" content=\"https:\/\/www.laertes.es\/ca\/llibre\/belgrado\/\" \/>\n<meta property=\"og:site_name\" content=\"Laertes ediciones\" \/>\n<meta property=\"article:modified_time\" content=\"2023-06-12T18:24:28+00:00\" \/>\n<meta property=\"og:image\" content=\"https:\/\/www.laertes.es\/wp-content\/uploads\/2023\/05\/RUM085.webp\" \/>\n\t<meta property=\"og:image:width\" content=\"802\" \/>\n\t<meta property=\"og:image:height\" content=\"1200\" \/>\n\t<meta property=\"og:image:type\" content=\"image\/webp\" \/>\n<script type=\"application\/ld+json\" class=\"yoast-schema-graph\">{\"@context\":\"https:\\\/\\\/schema.org\",\"@graph\":[{\"@type\":\"WebPage\",\"@id\":\"https:\\\/\\\/www.laertes.es\\\/ca\\\/llibre\\\/belgrado\\\/\",\"url\":\"https:\\\/\\\/www.laertes.es\\\/ca\\\/llibre\\\/belgrado\\\/\",\"name\":\"Belgrado | Laertes ediciones\",\"isPartOf\":{\"@id\":\"https:\\\/\\\/www.laertes.es\\\/ca\\\/#website\"},\"primaryImageOfPage\":{\"@id\":\"https:\\\/\\\/www.laertes.es\\\/ca\\\/llibre\\\/belgrado\\\/#primaryimage\"},\"image\":{\"@id\":\"https:\\\/\\\/www.laertes.es\\\/ca\\\/llibre\\\/belgrado\\\/#primaryimage\"},\"thumbnailUrl\":\"https:\\\/\\\/www.laertes.es\\\/wp-content\\\/uploads\\\/2023\\\/05\\\/RUM085.webp\",\"datePublished\":\"2023-05-05T14:05:39+00:00\",\"dateModified\":\"2023-06-12T18:24:28+00:00\",\"description\":\"Belgrado Ciudad tradicional y a la vez moderna y din\u00e1mica, Belgrado est\u00e1 promocion\u00e1ndose mostrando sus bellezas, sus numerosos museos, sus barrios...\",\"breadcrumb\":{\"@id\":\"https:\\\/\\\/www.laertes.es\\\/ca\\\/llibre\\\/belgrado\\\/#breadcrumb\"},\"inLanguage\":\"ca\",\"potentialAction\":[{\"@type\":\"ReadAction\",\"target\":[\"https:\\\/\\\/www.laertes.es\\\/ca\\\/llibre\\\/belgrado\\\/\"]}]},{\"@type\":\"ImageObject\",\"inLanguage\":\"ca\",\"@id\":\"https:\\\/\\\/www.laertes.es\\\/ca\\\/llibre\\\/belgrado\\\/#primaryimage\",\"url\":\"https:\\\/\\\/www.laertes.es\\\/wp-content\\\/uploads\\\/2023\\\/05\\\/RUM085.webp\",\"contentUrl\":\"https:\\\/\\\/www.laertes.es\\\/wp-content\\\/uploads\\\/2023\\\/05\\\/RUM085.webp\",\"width\":802,\"height\":1200,\"caption\":\"Belgrado\"},{\"@type\":\"BreadcrumbList\",\"@id\":\"https:\\\/\\\/www.laertes.es\\\/ca\\\/llibre\\\/belgrado\\\/#breadcrumb\",\"itemListElement\":[{\"@type\":\"ListItem\",\"position\":1,\"name\":\"Portada\",\"item\":\"https:\\\/\\\/www.laertes.es\\\/ca\\\/\"},{\"@type\":\"ListItem\",\"position\":2,\"name\":\"Tienda\",\"item\":\"https:\\\/\\\/www.laertes.es\\\/tienda\\\/\"},{\"@type\":\"ListItem\",\"position\":3,\"name\":\"Belgrado\"}]},{\"@type\":\"WebSite\",\"@id\":\"https:\\\/\\\/www.laertes.es\\\/ca\\\/#website\",\"url\":\"https:\\\/\\\/www.laertes.es\\\/ca\\\/\",\"name\":\"Laertes Ediciones\",\"description\":\"Editorial independiente desde 1975\",\"alternateName\":\"Laertes\",\"potentialAction\":[{\"@type\":\"SearchAction\",\"target\":{\"@type\":\"EntryPoint\",\"urlTemplate\":\"https:\\\/\\\/www.laertes.es\\\/ca\\\/?s={search_term_string}\"},\"query-input\":{\"@type\":\"PropertyValueSpecification\",\"valueRequired\":true,\"valueName\":\"search_term_string\"}}],\"inLanguage\":\"ca\"}]}<\/script>\n<!-- \/ Yoast SEO plugin. -->","yoast_head_json":{"title":"Belgrado | Laertes ediciones","description":"Belgrado Ciudad tradicional y a la vez moderna y din\u00e1mica, Belgrado est\u00e1 promocion\u00e1ndose mostrando sus bellezas, sus numerosos museos, sus barrios...","robots":{"index":"index","follow":"follow","max-snippet":"max-snippet:-1","max-image-preview":"max-image-preview:large","max-video-preview":"max-video-preview:-1"},"canonical":"https:\/\/www.laertes.es\/ca\/llibre\/belgrado\/","og_locale":"ca_ES","og_type":"article","og_title":"Belgrado | Laertes ediciones","og_description":"Belgrado Ciudad tradicional y a la vez moderna y din\u00e1mica, Belgrado est\u00e1 promocion\u00e1ndose mostrando sus bellezas, sus numerosos museos, sus barrios...","og_url":"https:\/\/www.laertes.es\/ca\/llibre\/belgrado\/","og_site_name":"Laertes ediciones","article_modified_time":"2023-06-12T18:24:28+00:00","og_image":[{"width":802,"height":1200,"url":"https:\/\/www.laertes.es\/wp-content\/uploads\/2023\/05\/RUM085.webp","type":"image\/webp"}],"schema":{"@context":"https:\/\/schema.org","@graph":[{"@type":"WebPage","@id":"https:\/\/www.laertes.es\/ca\/llibre\/belgrado\/","url":"https:\/\/www.laertes.es\/ca\/llibre\/belgrado\/","name":"Belgrado | Laertes ediciones","isPartOf":{"@id":"https:\/\/www.laertes.es\/ca\/#website"},"primaryImageOfPage":{"@id":"https:\/\/www.laertes.es\/ca\/llibre\/belgrado\/#primaryimage"},"image":{"@id":"https:\/\/www.laertes.es\/ca\/llibre\/belgrado\/#primaryimage"},"thumbnailUrl":"https:\/\/www.laertes.es\/wp-content\/uploads\/2023\/05\/RUM085.webp","datePublished":"2023-05-05T14:05:39+00:00","dateModified":"2023-06-12T18:24:28+00:00","description":"Belgrado Ciudad tradicional y a la vez moderna y din\u00e1mica, Belgrado est\u00e1 promocion\u00e1ndose mostrando sus bellezas, sus numerosos museos, sus barrios...","breadcrumb":{"@id":"https:\/\/www.laertes.es\/ca\/llibre\/belgrado\/#breadcrumb"},"inLanguage":"ca","potentialAction":[{"@type":"ReadAction","target":["https:\/\/www.laertes.es\/ca\/llibre\/belgrado\/"]}]},{"@type":"ImageObject","inLanguage":"ca","@id":"https:\/\/www.laertes.es\/ca\/llibre\/belgrado\/#primaryimage","url":"https:\/\/www.laertes.es\/wp-content\/uploads\/2023\/05\/RUM085.webp","contentUrl":"https:\/\/www.laertes.es\/wp-content\/uploads\/2023\/05\/RUM085.webp","width":802,"height":1200,"caption":"Belgrado"},{"@type":"BreadcrumbList","@id":"https:\/\/www.laertes.es\/ca\/llibre\/belgrado\/#breadcrumb","itemListElement":[{"@type":"ListItem","position":1,"name":"Portada","item":"https:\/\/www.laertes.es\/ca\/"},{"@type":"ListItem","position":2,"name":"Tienda","item":"https:\/\/www.laertes.es\/tienda\/"},{"@type":"ListItem","position":3,"name":"Belgrado"}]},{"@type":"WebSite","@id":"https:\/\/www.laertes.es\/ca\/#website","url":"https:\/\/www.laertes.es\/ca\/","name":"Laertes Ediciones","description":"Editorial independiente desde 1975","alternateName":"Laertes","potentialAction":[{"@type":"SearchAction","target":{"@type":"EntryPoint","urlTemplate":"https:\/\/www.laertes.es\/ca\/?s={search_term_string}"},"query-input":{"@type":"PropertyValueSpecification","valueRequired":true,"valueName":"search_term_string"}}],"inLanguage":"ca"}]}},"_links":{"self":[{"href":"https:\/\/www.laertes.es\/ca\/wp-json\/wp\/v2\/product\/13333","targetHints":{"allow":["GET"]}}],"collection":[{"href":"https:\/\/www.laertes.es\/ca\/wp-json\/wp\/v2\/product"}],"about":[{"href":"https:\/\/www.laertes.es\/ca\/wp-json\/wp\/v2\/types\/product"}],"version-history":[{"count":1,"href":"https:\/\/www.laertes.es\/ca\/wp-json\/wp\/v2\/product\/13333\/revisions"}],"predecessor-version":[{"id":13343,"href":"https:\/\/www.laertes.es\/ca\/wp-json\/wp\/v2\/product\/13333\/revisions\/13343"}],"wp:featuredmedia":[{"embeddable":true,"href":"https:\/\/www.laertes.es\/ca\/wp-json\/wp\/v2\/media\/13341"}],"wp:attachment":[{"href":"https:\/\/www.laertes.es\/ca\/wp-json\/wp\/v2\/media?parent=13333"}],"wp:term":[{"taxonomy":"product_brand","embeddable":true,"href":"https:\/\/www.laertes.es\/ca\/wp-json\/wp\/v2\/product_brand?post=13333"},{"taxonomy":"product_cat","embeddable":true,"href":"https:\/\/www.laertes.es\/ca\/wp-json\/wp\/v2\/product_cat?post=13333"},{"taxonomy":"product_tag","embeddable":true,"href":"https:\/\/www.laertes.es\/ca\/wp-json\/wp\/v2\/product_tag?post=13333"}],"curies":[{"name":"wp","href":"https:\/\/api.w.org\/{rel}","templated":true}]}}