{"id":13265,"date":"2023-05-05T05:18:54","date_gmt":"2023-05-05T05:18:54","guid":{"rendered":"https:\/libro\/frankenstein-educador\/"},"modified":"2023-06-09T16:20:08","modified_gmt":"2023-06-09T16:20:08","slug":"frankenstein-educador","status":"publish","type":"product","link":"https:\/\/www.laertes.es\/ca\/llibre\/frankenstein-educador\/","title":{"rendered":"Frankenstein educador"},"content":{"rendered":"<p><em>Frankenstein Educador <\/em><\/p>\n<p>En la historia de la educaci\u00f3n es frecuente el mito de la fabricaci\u00f3n de un ser humano nuevo. El doctor Frankenstein y su monstruo (como Pigmali\u00f3n y su estatua, o Gepeto y su Pinocho) son ejemplos de esos ensue\u00f1os educativos que todav\u00eda hoy perduran en obras de ciencia-ficci\u00f3n. Philippe Meirieu, reconocida autoridad en pedagog\u00eda, parte del mito de Frankenstein para cuestionar la concepci\u00f3n de la educaci\u00f3n como el proyecto de dominio del educando y de control completo de su destino. Expone que esa perspectiva conduce a un fracaso destructivo, postula que el pedagogo, en vez de ponerse a &#8220;fabricar&#8221; a nadie, debe operar con las condiciones que permitan al otro &#8220;hacerse obra a s\u00ed mismo&#8221; (seg\u00fan f\u00f3rmula de Pestalozzi ya en 1797), y ofrece proposiciones concretas orientadas a ese fin de educar sin &#8220;fabricar&#8221;. <em>Frankenstein Educador<\/em><\/p>\n<p>En la historia de la educaci\u00f3n es frecuente el mito de la fabricaci\u00f3n de un ser humano nuevo. El doctor Frankenstein y su monstruo (como Pigmali\u00f3n y su estatua, o Gepeto y su Pinocho) son ejemplos de esos ensue\u00f1os educativos que todav\u00eda hoy perduran en obras de ciencia-ficci\u00f3n. Philippe Meirieu, reconocida autoridad en pedagog\u00eda, parte del mito de Frankenstein para cuestionar la concepci\u00f3n de la educaci\u00f3n como el proyecto de dominio del educando y de control completo de su destino. Expone que esa perspectiva conduce a un fracaso destructivo, postula que el pedagogo, en vez de ponerse a &#8220;fabricar&#8221; a nadie, debe operar con las condiciones que permitan al otro &#8220;hacerse obra a s\u00ed mismo&#8221; (seg\u00fan f\u00f3rmula de Pestalozzi ya en 1797), y ofrece proposiciones concretas orientadas a ese fin de educar sin &#8220;fabricar&#8221;. <em>Frankenstein Educador<\/em><\/p>\n<p>En la historia de la educaci\u00f3n es frecuente el mito de la fabricaci\u00f3n de un ser humano nuevo. El doctor Frankenstein y su monstruo (como Pigmali\u00f3n y su estatua, o Gepeto y su Pinocho) son ejemplos de esos ensue\u00f1os educativos que<\/p>\n","protected":false},"excerpt":{"rendered":"<p>Frankenstein Educador En la historia de la educaci\u00f3n es frecuente el mito de la fabricaci\u00f3n de un ser humano nuevo.<\/p>\n","protected":false},"featured_media":13309,"template":"","meta":[],"product_brand":[],"product_cat":[330],"product_tag":[922,656,737,657,865,923,924,925],"autores":[926],"formatos":[355],"materias":[365],"class_list":{"0":"post-13265","1":"product","2":"type-product","3":"status-publish","4":"has-post-thumbnail","6":"product_cat-educacion-ca","7":"product_tag-ciencias-de-la-educacion-ca","8":"product_tag-educacion-ca","9":"product_tag-educacion-universitaria-ca","10":"product_tag-ensayo-ca","11":"product_tag-formacion-profesional-ca","12":"product_tag-pedagogia-ca","13":"product_tag-reforma-pedagogica-ca","14":"product_tag-sociologia-de-la-educacion-ca","15":"autores-meirieu-philippe-ca","16":"formatos-llibre","17":"materias-educacion-ca","19":"first","20":"instock","21":"taxable","22":"shipping-taxable","23":"purchasable","24":"product-type-simple"},"yoast_head":"<!-- This site is optimized with the Yoast SEO plugin v27.4 - https:\/\/yoast.com\/product\/yoast-seo-wordpress\/ -->\n<title>Frankenstein educador | Laertes ediciones<\/title>\n<meta name=\"description\" content=\"Frankenstein educador. Meirieu parte del mito de Frankenstein para cuestionar la concepci\u00f3n de la educaci\u00f3n como el proyecto de dominio y de control.\" \/>\n<meta name=\"robots\" content=\"index, follow, max-snippet:-1, max-image-preview:large, max-video-preview:-1\" \/>\n<link rel=\"canonical\" href=\"https:\/\/www.laertes.es\/ca\/llibre\/frankenstein-educador\/\" \/>\n<meta property=\"og:locale\" content=\"ca_ES\" \/>\n<meta property=\"og:type\" content=\"article\" \/>\n<meta property=\"og:title\" content=\"Frankenstein educador | Laertes ediciones\" \/>\n<meta property=\"og:description\" content=\"Frankenstein educador. Meirieu parte del mito de Frankenstein para cuestionar la concepci\u00f3n de la educaci\u00f3n como el proyecto de dominio y de control.\" \/>\n<meta property=\"og:url\" content=\"https:\/\/www.laertes.es\/ca\/llibre\/frankenstein-educador\/\" \/>\n<meta property=\"og:site_name\" content=\"Laertes ediciones\" \/>\n<meta property=\"article:modified_time\" content=\"2023-06-09T16:20:08+00:00\" \/>\n<meta property=\"og:image\" content=\"https:\/\/www.laertes.es\/wp-content\/uploads\/2023\/05\/EDU087.webp\" \/>\n\t<meta property=\"og:image:width\" content=\"802\" \/>\n\t<meta property=\"og:image:height\" content=\"1200\" \/>\n\t<meta property=\"og:image:type\" content=\"image\/webp\" \/>\n<script type=\"application\/ld+json\" class=\"yoast-schema-graph\">{\"@context\":\"https:\\\/\\\/schema.org\",\"@graph\":[{\"@type\":\"WebPage\",\"@id\":\"https:\\\/\\\/www.laertes.es\\\/ca\\\/llibre\\\/frankenstein-educador\\\/\",\"url\":\"https:\\\/\\\/www.laertes.es\\\/ca\\\/llibre\\\/frankenstein-educador\\\/\",\"name\":\"Frankenstein educador | Laertes ediciones\",\"isPartOf\":{\"@id\":\"https:\\\/\\\/www.laertes.es\\\/ca\\\/#website\"},\"primaryImageOfPage\":{\"@id\":\"https:\\\/\\\/www.laertes.es\\\/ca\\\/llibre\\\/frankenstein-educador\\\/#primaryimage\"},\"image\":{\"@id\":\"https:\\\/\\\/www.laertes.es\\\/ca\\\/llibre\\\/frankenstein-educador\\\/#primaryimage\"},\"thumbnailUrl\":\"https:\\\/\\\/www.laertes.es\\\/wp-content\\\/uploads\\\/2023\\\/05\\\/EDU087.webp\",\"datePublished\":\"2023-05-05T05:18:54+00:00\",\"dateModified\":\"2023-06-09T16:20:08+00:00\",\"description\":\"Frankenstein educador. Meirieu parte del mito de Frankenstein para cuestionar la concepci\u00f3n de la educaci\u00f3n como el proyecto de dominio y de control.\",\"breadcrumb\":{\"@id\":\"https:\\\/\\\/www.laertes.es\\\/ca\\\/llibre\\\/frankenstein-educador\\\/#breadcrumb\"},\"inLanguage\":\"ca\",\"potentialAction\":[{\"@type\":\"ReadAction\",\"target\":[\"https:\\\/\\\/www.laertes.es\\\/ca\\\/llibre\\\/frankenstein-educador\\\/\"]}]},{\"@type\":\"ImageObject\",\"inLanguage\":\"ca\",\"@id\":\"https:\\\/\\\/www.laertes.es\\\/ca\\\/llibre\\\/frankenstein-educador\\\/#primaryimage\",\"url\":\"https:\\\/\\\/www.laertes.es\\\/wp-content\\\/uploads\\\/2023\\\/05\\\/EDU087.webp\",\"contentUrl\":\"https:\\\/\\\/www.laertes.es\\\/wp-content\\\/uploads\\\/2023\\\/05\\\/EDU087.webp\",\"width\":802,\"height\":1200,\"caption\":\"Frankenstein educador\"},{\"@type\":\"BreadcrumbList\",\"@id\":\"https:\\\/\\\/www.laertes.es\\\/ca\\\/llibre\\\/frankenstein-educador\\\/#breadcrumb\",\"itemListElement\":[{\"@type\":\"ListItem\",\"position\":1,\"name\":\"Portada\",\"item\":\"https:\\\/\\\/www.laertes.es\\\/ca\\\/\"},{\"@type\":\"ListItem\",\"position\":2,\"name\":\"Tienda\",\"item\":\"https:\\\/\\\/www.laertes.es\\\/tienda\\\/\"},{\"@type\":\"ListItem\",\"position\":3,\"name\":\"Frankenstein educador\"}]},{\"@type\":\"WebSite\",\"@id\":\"https:\\\/\\\/www.laertes.es\\\/ca\\\/#website\",\"url\":\"https:\\\/\\\/www.laertes.es\\\/ca\\\/\",\"name\":\"Laertes Ediciones\",\"description\":\"Editorial independiente desde 1975\",\"alternateName\":\"Laertes\",\"potentialAction\":[{\"@type\":\"SearchAction\",\"target\":{\"@type\":\"EntryPoint\",\"urlTemplate\":\"https:\\\/\\\/www.laertes.es\\\/ca\\\/?s={search_term_string}\"},\"query-input\":{\"@type\":\"PropertyValueSpecification\",\"valueRequired\":true,\"valueName\":\"search_term_string\"}}],\"inLanguage\":\"ca\"}]}<\/script>\n<!-- \/ Yoast SEO plugin. -->","yoast_head_json":{"title":"Frankenstein educador | Laertes ediciones","description":"Frankenstein educador. Meirieu parte del mito de Frankenstein para cuestionar la concepci\u00f3n de la educaci\u00f3n como el proyecto de dominio y de control.","robots":{"index":"index","follow":"follow","max-snippet":"max-snippet:-1","max-image-preview":"max-image-preview:large","max-video-preview":"max-video-preview:-1"},"canonical":"https:\/\/www.laertes.es\/ca\/llibre\/frankenstein-educador\/","og_locale":"ca_ES","og_type":"article","og_title":"Frankenstein educador | Laertes ediciones","og_description":"Frankenstein educador. Meirieu parte del mito de Frankenstein para cuestionar la concepci\u00f3n de la educaci\u00f3n como el proyecto de dominio y de control.","og_url":"https:\/\/www.laertes.es\/ca\/llibre\/frankenstein-educador\/","og_site_name":"Laertes ediciones","article_modified_time":"2023-06-09T16:20:08+00:00","og_image":[{"width":802,"height":1200,"url":"https:\/\/www.laertes.es\/wp-content\/uploads\/2023\/05\/EDU087.webp","type":"image\/webp"}],"schema":{"@context":"https:\/\/schema.org","@graph":[{"@type":"WebPage","@id":"https:\/\/www.laertes.es\/ca\/llibre\/frankenstein-educador\/","url":"https:\/\/www.laertes.es\/ca\/llibre\/frankenstein-educador\/","name":"Frankenstein educador | Laertes ediciones","isPartOf":{"@id":"https:\/\/www.laertes.es\/ca\/#website"},"primaryImageOfPage":{"@id":"https:\/\/www.laertes.es\/ca\/llibre\/frankenstein-educador\/#primaryimage"},"image":{"@id":"https:\/\/www.laertes.es\/ca\/llibre\/frankenstein-educador\/#primaryimage"},"thumbnailUrl":"https:\/\/www.laertes.es\/wp-content\/uploads\/2023\/05\/EDU087.webp","datePublished":"2023-05-05T05:18:54+00:00","dateModified":"2023-06-09T16:20:08+00:00","description":"Frankenstein educador. Meirieu parte del mito de Frankenstein para cuestionar la concepci\u00f3n de la educaci\u00f3n como el proyecto de dominio y de control.","breadcrumb":{"@id":"https:\/\/www.laertes.es\/ca\/llibre\/frankenstein-educador\/#breadcrumb"},"inLanguage":"ca","potentialAction":[{"@type":"ReadAction","target":["https:\/\/www.laertes.es\/ca\/llibre\/frankenstein-educador\/"]}]},{"@type":"ImageObject","inLanguage":"ca","@id":"https:\/\/www.laertes.es\/ca\/llibre\/frankenstein-educador\/#primaryimage","url":"https:\/\/www.laertes.es\/wp-content\/uploads\/2023\/05\/EDU087.webp","contentUrl":"https:\/\/www.laertes.es\/wp-content\/uploads\/2023\/05\/EDU087.webp","width":802,"height":1200,"caption":"Frankenstein educador"},{"@type":"BreadcrumbList","@id":"https:\/\/www.laertes.es\/ca\/llibre\/frankenstein-educador\/#breadcrumb","itemListElement":[{"@type":"ListItem","position":1,"name":"Portada","item":"https:\/\/www.laertes.es\/ca\/"},{"@type":"ListItem","position":2,"name":"Tienda","item":"https:\/\/www.laertes.es\/tienda\/"},{"@type":"ListItem","position":3,"name":"Frankenstein educador"}]},{"@type":"WebSite","@id":"https:\/\/www.laertes.es\/ca\/#website","url":"https:\/\/www.laertes.es\/ca\/","name":"Laertes Ediciones","description":"Editorial independiente desde 1975","alternateName":"Laertes","potentialAction":[{"@type":"SearchAction","target":{"@type":"EntryPoint","urlTemplate":"https:\/\/www.laertes.es\/ca\/?s={search_term_string}"},"query-input":{"@type":"PropertyValueSpecification","valueRequired":true,"valueName":"search_term_string"}}],"inLanguage":"ca"}]}},"_links":{"self":[{"href":"https:\/\/www.laertes.es\/ca\/wp-json\/wp\/v2\/product\/13265","targetHints":{"allow":["GET"]}}],"collection":[{"href":"https:\/\/www.laertes.es\/ca\/wp-json\/wp\/v2\/product"}],"about":[{"href":"https:\/\/www.laertes.es\/ca\/wp-json\/wp\/v2\/types\/product"}],"version-history":[{"count":1,"href":"https:\/\/www.laertes.es\/ca\/wp-json\/wp\/v2\/product\/13265\/revisions"}],"predecessor-version":[{"id":13311,"href":"https:\/\/www.laertes.es\/ca\/wp-json\/wp\/v2\/product\/13265\/revisions\/13311"}],"wp:featuredmedia":[{"embeddable":true,"href":"https:\/\/www.laertes.es\/ca\/wp-json\/wp\/v2\/media\/13309"}],"wp:attachment":[{"href":"https:\/\/www.laertes.es\/ca\/wp-json\/wp\/v2\/media?parent=13265"}],"wp:term":[{"taxonomy":"product_brand","embeddable":true,"href":"https:\/\/www.laertes.es\/ca\/wp-json\/wp\/v2\/product_brand?post=13265"},{"taxonomy":"product_cat","embeddable":true,"href":"https:\/\/www.laertes.es\/ca\/wp-json\/wp\/v2\/product_cat?post=13265"},{"taxonomy":"product_tag","embeddable":true,"href":"https:\/\/www.laertes.es\/ca\/wp-json\/wp\/v2\/product_tag?post=13265"},{"taxonomy":"autores","embeddable":true,"href":"https:\/\/www.laertes.es\/ca\/wp-json\/wp\/v2\/autores?post=13265"},{"taxonomy":"formatos","embeddable":true,"href":"https:\/\/www.laertes.es\/ca\/wp-json\/wp\/v2\/formatos?post=13265"},{"taxonomy":"materias","embeddable":true,"href":"https:\/\/www.laertes.es\/ca\/wp-json\/wp\/v2\/materias?post=13265"}],"curies":[{"name":"wp","href":"https:\/\/api.w.org\/{rel}","templated":true}]}}