{"id":13241,"date":"2023-05-04T13:11:34","date_gmt":"2023-05-04T13:11:34","guid":{"rendered":"https:\/?post_type=product&#038;p=13241"},"modified":"2023-05-28T15:46:14","modified_gmt":"2023-05-28T15:46:14","slug":"voluntarios-por-la-revolucion","status":"publish","type":"product","link":"https:\/\/www.laertes.es\/ca\/llibre\/voluntarios-por-la-revolucion\/","title":{"rendered":"Voluntarios por la revoluci\u00f3n"},"content":{"rendered":"<h1>Voluntarios por la revoluci\u00f3n<\/h1>\n<p>La participaci\u00f3n de miles de voluntarios internacionales al lado de la Rep\u00fablica durante la Guerra Civil es conocida como uno de los ejemplos m\u00e1s \u00e9picos del internacionalismo en la historia del movimiento obrero. Mucho menos conocida, con la notable excepci\u00f3n de George Orwell, es la presencia de unos quinientos combatientes extranjeros en las filas del Partido Obrero de Unificaci\u00f3n Marxista. Este libro sit\u00faa su experiencia en el contexto de la pol\u00edtica militar del POUM; las caracter\u00edsticas y situaci\u00f3n de las fuerzas militares bajo el control del partido; la realidad de su presencia en el frente de Arag\u00f3n; y el papel de las milicianas.<br \/>\n<strong>\u00a0\u00a0\u00a0<\/strong>Producto de un estudio exhaustivo de las fuentes disponibles, el libro examina los antecedentes sociales y pol\u00edticos de estos voluntarios y voluntarias, en muchos casos, refugiados antifascistas; su participaci\u00f3n en las milicias del POUM; como ser\u00edan v\u00edctimas de las calumnias y de la represi\u00f3n desatada contra el partido en la zona republicana; su paso por los campos de concentraci\u00f3n y la resistencia antinazi durante la Segunda Guerra Mundial; y su destino en los a\u00f1os de la posguerra. Por \u00faltimo, ofrece una refutaci\u00f3n detallada de la acusaci\u00f3n, predominante durante la Guerra Civil, y que ha resurgido recientemente en algunos textos hist\u00f3ricos, de que, de alguna manera, el POUM y sus simpatizantes extranjeros colaboraron con el enemigo.<strong>\u00a0\u00a0\u00a0<\/strong>Producto de un estudio exhaustivo de las fuentes disponibles, el libro examina los antecedentes sociales y pol\u00edticos de estos voluntarios y voluntarias, en muchos casos, refugiados antifascistas; su participaci\u00f3n en las milicias del POUM; como ser\u00edan v\u00edctimas de las calumnias y de la represi\u00f3n desatada contra el partido en la zona republicana; su paso por los campos de concentraci\u00f3n y la resistencia antinazi durante la Segunda Guerra Mundial; y su destino en los a\u00f1os de la posguerra. Voluntarios por la revoluci\u00f3n Por \u00faltimo, ofrece una refutaci\u00f3n detallada de la acusaci\u00f3n, predominante durante la Guerra Civil, y que ha resurgido recientemente en algunos textos hist\u00f3ricos, de que, de alguna manera, el POUM y sus simpatizantes extranjeros colaboraron con el enemigo.<\/p>\n","protected":false},"excerpt":{"rendered":"<p>Voluntarios por la revoluci\u00f3n La participaci\u00f3n de miles de voluntarios internacionales al lado de la Rep\u00fablica durante la Guerra Civil<\/p>\n","protected":false},"featured_media":13242,"template":"","meta":[],"product_brand":[],"product_cat":[273],"product_tag":[577,478,907,906,908],"autores":[905],"formatos":[139],"materias":[312,313],"class_list":{"0":"post-13241","1":"product","2":"type-product","3":"status-publish","4":"has-post-thumbnail","6":"product_cat-laertes","7":"product_tag-espana","8":"product_tag-guerra-civil","9":"product_tag-historia-cultural","10":"product_tag-historia-social","11":"product_tag-poum","12":"autores-durgan-andy","13":"formatos-libro","14":"materias-historia","15":"materias-historia-contemporanea","17":"first","18":"instock","19":"taxable","20":"shipping-taxable","21":"purchasable","22":"product-type-simple"},"yoast_head":"<!-- This site is optimized with the Yoast SEO plugin v27.4 - https:\/\/yoast.com\/product\/yoast-seo-wordpress\/ -->\n<title>Voluntarios por la revoluci\u00f3n | Laertes ediciones<\/title>\n<meta name=\"description\" content=\"Voluntarios por la revoluci\u00f3n. La participaci\u00f3n de miles de voluntarios es conocida como uno de los ejemplos m\u00e1s \u00e9picos del movimiento obrero.\" \/>\n<meta name=\"robots\" content=\"index, follow, max-snippet:-1, max-image-preview:large, max-video-preview:-1\" \/>\n<link rel=\"canonical\" href=\"https:\/\/www.laertes.es\/ca\/llibre\/voluntarios-por-la-revolucion\/\" \/>\n<meta property=\"og:locale\" content=\"ca_ES\" \/>\n<meta property=\"og:type\" content=\"article\" \/>\n<meta property=\"og:title\" content=\"Voluntarios por la revoluci\u00f3n | Laertes ediciones\" \/>\n<meta property=\"og:description\" content=\"Voluntarios por la revoluci\u00f3n. La participaci\u00f3n de miles de voluntarios es conocida como uno de los ejemplos m\u00e1s \u00e9picos del movimiento obrero.\" \/>\n<meta property=\"og:url\" content=\"https:\/\/www.laertes.es\/ca\/llibre\/voluntarios-por-la-revolucion\/\" \/>\n<meta property=\"og:site_name\" content=\"Laertes ediciones\" \/>\n<meta property=\"article:modified_time\" content=\"2023-05-28T15:46:14+00:00\" \/>\n<meta property=\"og:image\" content=\"https:\/\/www.laertes.es\/wp-content\/uploads\/2023\/05\/LAE136.webp\" \/>\n\t<meta property=\"og:image:width\" content=\"802\" \/>\n\t<meta property=\"og:image:height\" content=\"1200\" \/>\n\t<meta property=\"og:image:type\" content=\"image\/webp\" \/>\n<meta name=\"twitter:label1\" content=\"Temps estimat de lectura\" \/>\n\t<meta name=\"twitter:data1\" content=\"2 minuts\" \/>\n<script type=\"application\/ld+json\" class=\"yoast-schema-graph\">{\"@context\":\"https:\\\/\\\/schema.org\",\"@graph\":[{\"@type\":\"WebPage\",\"@id\":\"https:\\\/\\\/www.laertes.es\\\/ca\\\/llibre\\\/voluntarios-por-la-revolucion\\\/\",\"url\":\"https:\\\/\\\/www.laertes.es\\\/ca\\\/llibre\\\/voluntarios-por-la-revolucion\\\/\",\"name\":\"Voluntarios por la revoluci\u00f3n | Laertes ediciones\",\"isPartOf\":{\"@id\":\"https:\\\/\\\/www.laertes.es\\\/ca\\\/#website\"},\"primaryImageOfPage\":{\"@id\":\"https:\\\/\\\/www.laertes.es\\\/ca\\\/llibre\\\/voluntarios-por-la-revolucion\\\/#primaryimage\"},\"image\":{\"@id\":\"https:\\\/\\\/www.laertes.es\\\/ca\\\/llibre\\\/voluntarios-por-la-revolucion\\\/#primaryimage\"},\"thumbnailUrl\":\"https:\\\/\\\/www.laertes.es\\\/wp-content\\\/uploads\\\/2023\\\/05\\\/LAE136.webp\",\"datePublished\":\"2023-05-04T13:11:34+00:00\",\"dateModified\":\"2023-05-28T15:46:14+00:00\",\"description\":\"Voluntarios por la revoluci\u00f3n. La participaci\u00f3n de miles de voluntarios es conocida como uno de los ejemplos m\u00e1s \u00e9picos del movimiento obrero.\",\"breadcrumb\":{\"@id\":\"https:\\\/\\\/www.laertes.es\\\/ca\\\/llibre\\\/voluntarios-por-la-revolucion\\\/#breadcrumb\"},\"inLanguage\":\"ca\",\"potentialAction\":[{\"@type\":\"ReadAction\",\"target\":[\"https:\\\/\\\/www.laertes.es\\\/ca\\\/llibre\\\/voluntarios-por-la-revolucion\\\/\"]}]},{\"@type\":\"ImageObject\",\"inLanguage\":\"ca\",\"@id\":\"https:\\\/\\\/www.laertes.es\\\/ca\\\/llibre\\\/voluntarios-por-la-revolucion\\\/#primaryimage\",\"url\":\"https:\\\/\\\/www.laertes.es\\\/wp-content\\\/uploads\\\/2023\\\/05\\\/LAE136.webp\",\"contentUrl\":\"https:\\\/\\\/www.laertes.es\\\/wp-content\\\/uploads\\\/2023\\\/05\\\/LAE136.webp\",\"width\":802,\"height\":1200,\"caption\":\"Voluntarios por la revoluci\u00f3n\"},{\"@type\":\"BreadcrumbList\",\"@id\":\"https:\\\/\\\/www.laertes.es\\\/ca\\\/llibre\\\/voluntarios-por-la-revolucion\\\/#breadcrumb\",\"itemListElement\":[{\"@type\":\"ListItem\",\"position\":1,\"name\":\"Portada\",\"item\":\"https:\\\/\\\/www.laertes.es\\\/ca\\\/\"},{\"@type\":\"ListItem\",\"position\":2,\"name\":\"Tienda\",\"item\":\"https:\\\/\\\/www.laertes.es\\\/tienda\\\/\"},{\"@type\":\"ListItem\",\"position\":3,\"name\":\"Voluntarios por la revoluci\u00f3n\"}]},{\"@type\":\"WebSite\",\"@id\":\"https:\\\/\\\/www.laertes.es\\\/ca\\\/#website\",\"url\":\"https:\\\/\\\/www.laertes.es\\\/ca\\\/\",\"name\":\"Laertes Ediciones\",\"description\":\"Editorial independiente desde 1975\",\"alternateName\":\"Laertes\",\"potentialAction\":[{\"@type\":\"SearchAction\",\"target\":{\"@type\":\"EntryPoint\",\"urlTemplate\":\"https:\\\/\\\/www.laertes.es\\\/ca\\\/?s={search_term_string}\"},\"query-input\":{\"@type\":\"PropertyValueSpecification\",\"valueRequired\":true,\"valueName\":\"search_term_string\"}}],\"inLanguage\":\"ca\"}]}<\/script>\n<!-- \/ Yoast SEO plugin. -->","yoast_head_json":{"title":"Voluntarios por la revoluci\u00f3n | Laertes ediciones","description":"Voluntarios por la revoluci\u00f3n. La participaci\u00f3n de miles de voluntarios es conocida como uno de los ejemplos m\u00e1s \u00e9picos del movimiento obrero.","robots":{"index":"index","follow":"follow","max-snippet":"max-snippet:-1","max-image-preview":"max-image-preview:large","max-video-preview":"max-video-preview:-1"},"canonical":"https:\/\/www.laertes.es\/ca\/llibre\/voluntarios-por-la-revolucion\/","og_locale":"ca_ES","og_type":"article","og_title":"Voluntarios por la revoluci\u00f3n | Laertes ediciones","og_description":"Voluntarios por la revoluci\u00f3n. La participaci\u00f3n de miles de voluntarios es conocida como uno de los ejemplos m\u00e1s \u00e9picos del movimiento obrero.","og_url":"https:\/\/www.laertes.es\/ca\/llibre\/voluntarios-por-la-revolucion\/","og_site_name":"Laertes ediciones","article_modified_time":"2023-05-28T15:46:14+00:00","og_image":[{"width":802,"height":1200,"url":"https:\/\/www.laertes.es\/wp-content\/uploads\/2023\/05\/LAE136.webp","type":"image\/webp"}],"twitter_misc":{"Temps estimat de lectura":"2 minuts"},"schema":{"@context":"https:\/\/schema.org","@graph":[{"@type":"WebPage","@id":"https:\/\/www.laertes.es\/ca\/llibre\/voluntarios-por-la-revolucion\/","url":"https:\/\/www.laertes.es\/ca\/llibre\/voluntarios-por-la-revolucion\/","name":"Voluntarios por la revoluci\u00f3n | Laertes ediciones","isPartOf":{"@id":"https:\/\/www.laertes.es\/ca\/#website"},"primaryImageOfPage":{"@id":"https:\/\/www.laertes.es\/ca\/llibre\/voluntarios-por-la-revolucion\/#primaryimage"},"image":{"@id":"https:\/\/www.laertes.es\/ca\/llibre\/voluntarios-por-la-revolucion\/#primaryimage"},"thumbnailUrl":"https:\/\/www.laertes.es\/wp-content\/uploads\/2023\/05\/LAE136.webp","datePublished":"2023-05-04T13:11:34+00:00","dateModified":"2023-05-28T15:46:14+00:00","description":"Voluntarios por la revoluci\u00f3n. La participaci\u00f3n de miles de voluntarios es conocida como uno de los ejemplos m\u00e1s \u00e9picos del movimiento obrero.","breadcrumb":{"@id":"https:\/\/www.laertes.es\/ca\/llibre\/voluntarios-por-la-revolucion\/#breadcrumb"},"inLanguage":"ca","potentialAction":[{"@type":"ReadAction","target":["https:\/\/www.laertes.es\/ca\/llibre\/voluntarios-por-la-revolucion\/"]}]},{"@type":"ImageObject","inLanguage":"ca","@id":"https:\/\/www.laertes.es\/ca\/llibre\/voluntarios-por-la-revolucion\/#primaryimage","url":"https:\/\/www.laertes.es\/wp-content\/uploads\/2023\/05\/LAE136.webp","contentUrl":"https:\/\/www.laertes.es\/wp-content\/uploads\/2023\/05\/LAE136.webp","width":802,"height":1200,"caption":"Voluntarios por la revoluci\u00f3n"},{"@type":"BreadcrumbList","@id":"https:\/\/www.laertes.es\/ca\/llibre\/voluntarios-por-la-revolucion\/#breadcrumb","itemListElement":[{"@type":"ListItem","position":1,"name":"Portada","item":"https:\/\/www.laertes.es\/ca\/"},{"@type":"ListItem","position":2,"name":"Tienda","item":"https:\/\/www.laertes.es\/tienda\/"},{"@type":"ListItem","position":3,"name":"Voluntarios por la revoluci\u00f3n"}]},{"@type":"WebSite","@id":"https:\/\/www.laertes.es\/ca\/#website","url":"https:\/\/www.laertes.es\/ca\/","name":"Laertes Ediciones","description":"Editorial independiente desde 1975","alternateName":"Laertes","potentialAction":[{"@type":"SearchAction","target":{"@type":"EntryPoint","urlTemplate":"https:\/\/www.laertes.es\/ca\/?s={search_term_string}"},"query-input":{"@type":"PropertyValueSpecification","valueRequired":true,"valueName":"search_term_string"}}],"inLanguage":"ca"}]}},"_links":{"self":[{"href":"https:\/\/www.laertes.es\/ca\/wp-json\/wp\/v2\/product\/13241","targetHints":{"allow":["GET"]}}],"collection":[{"href":"https:\/\/www.laertes.es\/ca\/wp-json\/wp\/v2\/product"}],"about":[{"href":"https:\/\/www.laertes.es\/ca\/wp-json\/wp\/v2\/types\/product"}],"version-history":[{"count":3,"href":"https:\/\/www.laertes.es\/ca\/wp-json\/wp\/v2\/product\/13241\/revisions"}],"predecessor-version":[{"id":13320,"href":"https:\/\/www.laertes.es\/ca\/wp-json\/wp\/v2\/product\/13241\/revisions\/13320"}],"wp:featuredmedia":[{"embeddable":true,"href":"https:\/\/www.laertes.es\/ca\/wp-json\/wp\/v2\/media\/13242"}],"wp:attachment":[{"href":"https:\/\/www.laertes.es\/ca\/wp-json\/wp\/v2\/media?parent=13241"}],"wp:term":[{"taxonomy":"product_brand","embeddable":true,"href":"https:\/\/www.laertes.es\/ca\/wp-json\/wp\/v2\/product_brand?post=13241"},{"taxonomy":"product_cat","embeddable":true,"href":"https:\/\/www.laertes.es\/ca\/wp-json\/wp\/v2\/product_cat?post=13241"},{"taxonomy":"product_tag","embeddable":true,"href":"https:\/\/www.laertes.es\/ca\/wp-json\/wp\/v2\/product_tag?post=13241"},{"taxonomy":"autores","embeddable":true,"href":"https:\/\/www.laertes.es\/ca\/wp-json\/wp\/v2\/autores?post=13241"},{"taxonomy":"formatos","embeddable":true,"href":"https:\/\/www.laertes.es\/ca\/wp-json\/wp\/v2\/formatos?post=13241"},{"taxonomy":"materias","embeddable":true,"href":"https:\/\/www.laertes.es\/ca\/wp-json\/wp\/v2\/materias?post=13241"}],"curies":[{"name":"wp","href":"https:\/\/api.w.org\/{rel}","templated":true}]}}