{"id":13168,"date":"2023-05-02T10:00:39","date_gmt":"2023-05-02T10:00:39","guid":{"rendered":"https:\/libro\/lhome-minvant\/"},"modified":"2023-05-06T03:31:01","modified_gmt":"2023-05-06T03:31:01","slug":"home-minvant","status":"publish","type":"product","link":"https:\/\/www.laertes.es\/ca\/llibre\/home-minvant\/","title":{"rendered":"L&#8217;home minvant"},"content":{"rendered":"<h1 style=\"text-align: justify\">L&#8217;home minvant<\/h1>\n<p style=\"text-align: justify\">Scott Carey mesura poc m\u00e9s de dos cent\u00edmetres i cada dia que passa es va encongint encara m\u00e9s. Ha quedat tancat a un soterrani on trobar menjar i fugir dels depredadors \u2014aranyes, gats, ocells\u2014, convertir\u00e0 el seu dia a dia en una lluita a vida o mort.<br \/>\n<strong>\u00a0\u00a0\u00a0<\/strong>Les aventures d\u2019aquest personatge obstinat a sobreviure es van intercalant amb la hist\u00f2ria de com, de mica en mica, es va anar empetitint des del metre vuitanta fins a gaireb\u00e9 el no-res. La constant p\u00e8rdua de mida li anir\u00e0 ocasionant problemes conjugals, laborals, econ\u00f2mics, paternals&#8230; i la humiliaci\u00f3 constant per no estar a l\u2019altura amb la seva fam\u00edlia.<br \/>\n<strong>\u00a0\u00a0\u00a0<\/strong>Amb fragments propers al realisme brut, per\u00f2 sense perdre la textura pr\u00f2pia del g\u00e8nere fant\u00e0stic <em>L\u2019home minvant<\/em> \u00e9s molt m\u00e9s que una novel\u00b7la d\u2019aventures.<br \/>\n<strong>\u00a0\u00a0\u00a0<\/strong>Richard Matheson en estat pur.<\/p>\n<p style=\"text-align: center\">\u201cUna obra mestra de l\u2019horror subtil, i Richard Matheson \u00e9s un dels millors escriptors de terror del segle xx.\u201d<br \/>\nDean Koontz<\/p>\n<p style=\"text-align: justify\">Scott Carey mesura poc m\u00e9s de dos cent\u00edmetres i cada dia que passa es va encongint encara m\u00e9s. Ha quedat tancat a un soterrani on trobar menjar i fugir dels depredadors \u2014aranyes, gats, ocells\u2014, convertir\u00e0 el seu dia a dia en una lluita a vida o mort.<br \/>\n<strong>\u00a0\u00a0\u00a0<\/strong>Les aventures d\u2019aquest personatge obstinat a sobreviure es van intercalant amb la hist\u00f2ria de com, de mica en mica, es va anar empetitint des del metre vuitanta fins a gaireb\u00e9 el no-res. La constant p\u00e8rdua de mida li anir\u00e0 ocasionant problemes conjugals, laborals, econ\u00f2mics, paternals&#8230; i la humiliaci\u00f3 constant per no estar a l\u2019altura amb la seva fam\u00edlia.<br \/>\n<strong>\u00a0\u00a0\u00a0<\/strong>Amb fragments propers al realisme brut, per\u00f2 sense perdre la textura pr\u00f2pia del g\u00e8nere fant\u00e0stic <em>L\u2019home minvant<\/em> \u00e9s molt m\u00e9s que una novel\u00b7la d\u2019aventures.<br \/>\n<strong>\u00a0\u00a0\u00a0<\/strong>Richard Matheson en estat pur.<\/p>\n<p style=\"text-align: center\">\u201cUna obra mestra de l\u2019horror subtil, i Richard Matheson \u00e9s un dels millors escriptors de terror del segle xx.\u201d<br \/>\nDean Koontz<\/p>\n","protected":false},"excerpt":{"rendered":"<p>L&#8217;home minvant Scott Carey mesura poc m\u00e9s de dos cent\u00edmetres i cada dia que passa es va encongint encara m\u00e9s.<\/p>\n","protected":false},"featured_media":13021,"template":"","meta":[],"product_brand":[],"product_cat":[296],"product_tag":[711,676,875],"autores":[405],"formatos":[355],"materias":[356],"class_list":{"0":"post-13168","1":"product","2":"type-product","3":"status-publish","4":"has-post-thumbnail","6":"product_cat-larca-ca","7":"product_tag-aventura-ca","8":"product_tag-ciencia-ficcio-ca","9":"product_tag-superacio-ca","10":"autores-matheson-richard-ca","11":"formatos-llibre","12":"materias-cuentos-clasicos-de-generos-fantasticos-ca","14":"first","15":"instock","16":"taxable","17":"shipping-taxable","18":"purchasable","19":"product-type-simple"},"yoast_head":"<!-- This site is optimized with the Yoast SEO plugin v27.4 - https:\/\/yoast.com\/product\/yoast-seo-wordpress\/ -->\n<title>L&#039;home minvant | Laertes ediciones<\/title>\n<meta name=\"description\" content=\"L&#039;home minvant |\u00a0Les aventures d\u2019aquest personatge obstinat a sobreviure. \u00c9s molt m\u00e9s que una novel\u00b7la d\u2019aventures.| L&#039;Arc\u00e0. | Laertes ediciones\" \/>\n<meta name=\"robots\" content=\"index, follow, max-snippet:-1, max-image-preview:large, max-video-preview:-1\" \/>\n<link rel=\"canonical\" href=\"https:\/\/www.laertes.es\/ca\/llibre\/home-minvant\/\" \/>\n<meta property=\"og:locale\" content=\"ca_ES\" \/>\n<meta property=\"og:type\" content=\"article\" \/>\n<meta property=\"og:title\" content=\"L&#039;home minvant | Laertes ediciones\" \/>\n<meta property=\"og:description\" content=\"L&#039;home minvant |\u00a0Les aventures d\u2019aquest personatge obstinat a sobreviure. \u00c9s molt m\u00e9s que una novel\u00b7la d\u2019aventures.| L&#039;Arc\u00e0. | Laertes ediciones\" \/>\n<meta property=\"og:url\" content=\"https:\/\/www.laertes.es\/ca\/llibre\/home-minvant\/\" \/>\n<meta property=\"og:site_name\" content=\"Laertes ediciones\" \/>\n<meta property=\"article:modified_time\" content=\"2023-05-06T03:31:01+00:00\" \/>\n<meta property=\"og:image\" content=\"https:\/\/www.laertes.es\/wp-content\/uploads\/2023\/05\/ARC110.webp\" \/>\n\t<meta property=\"og:image:width\" content=\"802\" \/>\n\t<meta property=\"og:image:height\" content=\"1200\" \/>\n\t<meta property=\"og:image:type\" content=\"image\/webp\" \/>\n<script type=\"application\/ld+json\" class=\"yoast-schema-graph\">{\"@context\":\"https:\\\/\\\/schema.org\",\"@graph\":[{\"@type\":\"WebPage\",\"@id\":\"https:\\\/\\\/www.laertes.es\\\/ca\\\/llibre\\\/home-minvant\\\/\",\"url\":\"https:\\\/\\\/www.laertes.es\\\/ca\\\/llibre\\\/home-minvant\\\/\",\"name\":\"L'home minvant | Laertes ediciones\",\"isPartOf\":{\"@id\":\"https:\\\/\\\/www.laertes.es\\\/ca\\\/#website\"},\"primaryImageOfPage\":{\"@id\":\"https:\\\/\\\/www.laertes.es\\\/ca\\\/llibre\\\/home-minvant\\\/#primaryimage\"},\"image\":{\"@id\":\"https:\\\/\\\/www.laertes.es\\\/ca\\\/llibre\\\/home-minvant\\\/#primaryimage\"},\"thumbnailUrl\":\"https:\\\/\\\/www.laertes.es\\\/wp-content\\\/uploads\\\/2023\\\/05\\\/ARC110.webp\",\"datePublished\":\"2023-05-02T10:00:39+00:00\",\"dateModified\":\"2023-05-06T03:31:01+00:00\",\"description\":\"L'home minvant |\u00a0Les aventures d\u2019aquest personatge obstinat a sobreviure. \u00c9s molt m\u00e9s que una novel\u00b7la d\u2019aventures.| L'Arc\u00e0. | Laertes ediciones\",\"breadcrumb\":{\"@id\":\"https:\\\/\\\/www.laertes.es\\\/ca\\\/llibre\\\/home-minvant\\\/#breadcrumb\"},\"inLanguage\":\"ca\",\"potentialAction\":[{\"@type\":\"ReadAction\",\"target\":[\"https:\\\/\\\/www.laertes.es\\\/ca\\\/llibre\\\/home-minvant\\\/\"]}]},{\"@type\":\"ImageObject\",\"inLanguage\":\"ca\",\"@id\":\"https:\\\/\\\/www.laertes.es\\\/ca\\\/llibre\\\/home-minvant\\\/#primaryimage\",\"url\":\"https:\\\/\\\/www.laertes.es\\\/wp-content\\\/uploads\\\/2023\\\/05\\\/ARC110.webp\",\"contentUrl\":\"https:\\\/\\\/www.laertes.es\\\/wp-content\\\/uploads\\\/2023\\\/05\\\/ARC110.webp\",\"width\":802,\"height\":1200,\"caption\":\"L'home minvant\"},{\"@type\":\"BreadcrumbList\",\"@id\":\"https:\\\/\\\/www.laertes.es\\\/ca\\\/llibre\\\/home-minvant\\\/#breadcrumb\",\"itemListElement\":[{\"@type\":\"ListItem\",\"position\":1,\"name\":\"Portada\",\"item\":\"https:\\\/\\\/www.laertes.es\\\/ca\\\/\"},{\"@type\":\"ListItem\",\"position\":2,\"name\":\"Tienda\",\"item\":\"https:\\\/\\\/www.laertes.es\\\/tienda\\\/\"},{\"@type\":\"ListItem\",\"position\":3,\"name\":\"L&#8217;home minvant\"}]},{\"@type\":\"WebSite\",\"@id\":\"https:\\\/\\\/www.laertes.es\\\/ca\\\/#website\",\"url\":\"https:\\\/\\\/www.laertes.es\\\/ca\\\/\",\"name\":\"Laertes Ediciones\",\"description\":\"Editorial independiente desde 1975\",\"alternateName\":\"Laertes\",\"potentialAction\":[{\"@type\":\"SearchAction\",\"target\":{\"@type\":\"EntryPoint\",\"urlTemplate\":\"https:\\\/\\\/www.laertes.es\\\/ca\\\/?s={search_term_string}\"},\"query-input\":{\"@type\":\"PropertyValueSpecification\",\"valueRequired\":true,\"valueName\":\"search_term_string\"}}],\"inLanguage\":\"ca\"}]}<\/script>\n<!-- \/ Yoast SEO plugin. -->","yoast_head_json":{"title":"L'home minvant | Laertes ediciones","description":"L'home minvant |\u00a0Les aventures d\u2019aquest personatge obstinat a sobreviure. \u00c9s molt m\u00e9s que una novel\u00b7la d\u2019aventures.| L'Arc\u00e0. | Laertes ediciones","robots":{"index":"index","follow":"follow","max-snippet":"max-snippet:-1","max-image-preview":"max-image-preview:large","max-video-preview":"max-video-preview:-1"},"canonical":"https:\/\/www.laertes.es\/ca\/llibre\/home-minvant\/","og_locale":"ca_ES","og_type":"article","og_title":"L'home minvant | Laertes ediciones","og_description":"L'home minvant |\u00a0Les aventures d\u2019aquest personatge obstinat a sobreviure. \u00c9s molt m\u00e9s que una novel\u00b7la d\u2019aventures.| L'Arc\u00e0. | Laertes ediciones","og_url":"https:\/\/www.laertes.es\/ca\/llibre\/home-minvant\/","og_site_name":"Laertes ediciones","article_modified_time":"2023-05-06T03:31:01+00:00","og_image":[{"width":802,"height":1200,"url":"https:\/\/www.laertes.es\/wp-content\/uploads\/2023\/05\/ARC110.webp","type":"image\/webp"}],"schema":{"@context":"https:\/\/schema.org","@graph":[{"@type":"WebPage","@id":"https:\/\/www.laertes.es\/ca\/llibre\/home-minvant\/","url":"https:\/\/www.laertes.es\/ca\/llibre\/home-minvant\/","name":"L'home minvant | Laertes ediciones","isPartOf":{"@id":"https:\/\/www.laertes.es\/ca\/#website"},"primaryImageOfPage":{"@id":"https:\/\/www.laertes.es\/ca\/llibre\/home-minvant\/#primaryimage"},"image":{"@id":"https:\/\/www.laertes.es\/ca\/llibre\/home-minvant\/#primaryimage"},"thumbnailUrl":"https:\/\/www.laertes.es\/wp-content\/uploads\/2023\/05\/ARC110.webp","datePublished":"2023-05-02T10:00:39+00:00","dateModified":"2023-05-06T03:31:01+00:00","description":"L'home minvant |\u00a0Les aventures d\u2019aquest personatge obstinat a sobreviure. \u00c9s molt m\u00e9s que una novel\u00b7la d\u2019aventures.| L'Arc\u00e0. | Laertes ediciones","breadcrumb":{"@id":"https:\/\/www.laertes.es\/ca\/llibre\/home-minvant\/#breadcrumb"},"inLanguage":"ca","potentialAction":[{"@type":"ReadAction","target":["https:\/\/www.laertes.es\/ca\/llibre\/home-minvant\/"]}]},{"@type":"ImageObject","inLanguage":"ca","@id":"https:\/\/www.laertes.es\/ca\/llibre\/home-minvant\/#primaryimage","url":"https:\/\/www.laertes.es\/wp-content\/uploads\/2023\/05\/ARC110.webp","contentUrl":"https:\/\/www.laertes.es\/wp-content\/uploads\/2023\/05\/ARC110.webp","width":802,"height":1200,"caption":"L'home minvant"},{"@type":"BreadcrumbList","@id":"https:\/\/www.laertes.es\/ca\/llibre\/home-minvant\/#breadcrumb","itemListElement":[{"@type":"ListItem","position":1,"name":"Portada","item":"https:\/\/www.laertes.es\/ca\/"},{"@type":"ListItem","position":2,"name":"Tienda","item":"https:\/\/www.laertes.es\/tienda\/"},{"@type":"ListItem","position":3,"name":"L&#8217;home minvant"}]},{"@type":"WebSite","@id":"https:\/\/www.laertes.es\/ca\/#website","url":"https:\/\/www.laertes.es\/ca\/","name":"Laertes Ediciones","description":"Editorial independiente desde 1975","alternateName":"Laertes","potentialAction":[{"@type":"SearchAction","target":{"@type":"EntryPoint","urlTemplate":"https:\/\/www.laertes.es\/ca\/?s={search_term_string}"},"query-input":{"@type":"PropertyValueSpecification","valueRequired":true,"valueName":"search_term_string"}}],"inLanguage":"ca"}]}},"_links":{"self":[{"href":"https:\/\/www.laertes.es\/ca\/wp-json\/wp\/v2\/product\/13168","targetHints":{"allow":["GET"]}}],"collection":[{"href":"https:\/\/www.laertes.es\/ca\/wp-json\/wp\/v2\/product"}],"about":[{"href":"https:\/\/www.laertes.es\/ca\/wp-json\/wp\/v2\/types\/product"}],"version-history":[{"count":1,"href":"https:\/\/www.laertes.es\/ca\/wp-json\/wp\/v2\/product\/13168\/revisions"}],"predecessor-version":[{"id":13327,"href":"https:\/\/www.laertes.es\/ca\/wp-json\/wp\/v2\/product\/13168\/revisions\/13327"}],"wp:featuredmedia":[{"embeddable":true,"href":"https:\/\/www.laertes.es\/ca\/wp-json\/wp\/v2\/media\/13021"}],"wp:attachment":[{"href":"https:\/\/www.laertes.es\/ca\/wp-json\/wp\/v2\/media?parent=13168"}],"wp:term":[{"taxonomy":"product_brand","embeddable":true,"href":"https:\/\/www.laertes.es\/ca\/wp-json\/wp\/v2\/product_brand?post=13168"},{"taxonomy":"product_cat","embeddable":true,"href":"https:\/\/www.laertes.es\/ca\/wp-json\/wp\/v2\/product_cat?post=13168"},{"taxonomy":"product_tag","embeddable":true,"href":"https:\/\/www.laertes.es\/ca\/wp-json\/wp\/v2\/product_tag?post=13168"},{"taxonomy":"autores","embeddable":true,"href":"https:\/\/www.laertes.es\/ca\/wp-json\/wp\/v2\/autores?post=13168"},{"taxonomy":"formatos","embeddable":true,"href":"https:\/\/www.laertes.es\/ca\/wp-json\/wp\/v2\/formatos?post=13168"},{"taxonomy":"materias","embeddable":true,"href":"https:\/\/www.laertes.es\/ca\/wp-json\/wp\/v2\/materias?post=13168"}],"curies":[{"name":"wp","href":"https:\/\/api.w.org\/{rel}","templated":true}]}}