{"id":13142,"date":"2023-03-08T09:39:56","date_gmt":"2023-03-08T09:39:56","guid":{"rendered":"https:\/libro\/bosnia-y-herzegovina\/"},"modified":"2023-06-08T09:29:19","modified_gmt":"2023-06-08T09:29:19","slug":"bosnia-y-herzegovina","status":"publish","type":"product","link":"https:\/\/www.laertes.es\/ca\/llibre\/bosnia-y-herzegovina\/","title":{"rendered":"Bosnia y Herzegovina"},"content":{"rendered":"<h1>Bosnia y Herzegovina<\/h1>\n<p>Bosnia y Herzegovina, un peque\u00f1o pa\u00eds balc\u00e1nico, multicultural y con una tr\u00e1gica historia reciente, es un pa\u00eds hermoso. Incluso podr\u00eda afirmarse que amable y hospitalario. Su naturaleza es espectacular, con paisajes monta\u00f1osos de enorme belleza, ca\u00f1ones fluviales muy aptos para el deporte, y llanuras colmadas de vi\u00f1edos. Adem\u00e1s de sus bellezas naturales y art\u00edsticas, pueden encontrarse curiosidades como un muy visitado centro mariano, famoso por las apariciones de la Virgen (Medjugorje), unas extra\u00f1\u00edsimas pir\u00e1mides en Visoko (una de ellas m\u00e1s alta que la de Keops), e incluso la posible ubicaci\u00f3n de la Troya hom\u00e9rica (en Gabele). Pasen, pasen, lean y viajen, Bosnia les sorprender\u00e1.<\/p>\n<p>Bosnia y Herzegovina, un peque\u00f1o pa\u00eds balc\u00e1nico, multicultural y con una tr\u00e1gica historia reciente, es un pa\u00eds hermoso. Incluso podr\u00eda afirmarse que amable y hospitalario. Su naturaleza es espectacular, con paisajes monta\u00f1osos de enorme belleza, ca\u00f1ones fluviales muy aptos para el deporte, y llanuras colmadas de vi\u00f1edos. Adem\u00e1s de sus bellezas naturales y art\u00edsticas, pueden encontrarse curiosidades como un muy visitado centro mariano, famoso por las apariciones de la Virgen (Medjugorje), unas extra\u00f1\u00edsimas pir\u00e1mides en Visoko (una de ellas m\u00e1s alta que la de Keops), e incluso la posible ubicaci\u00f3n de la Troya hom\u00e9rica (en Gabele). Pasen, pasen, lean y viajen, Bosnia les sorprender\u00e1.<\/p>\n<p>Bosnia y Herzegovina, un peque\u00f1o pa\u00eds balc\u00e1nico, multicultural y con una tr\u00e1gica historia reciente, es un pa\u00eds hermoso. Incluso podr\u00eda afirmarse que amable y hospitalario. Su naturaleza es espectacular, con paisajes monta\u00f1osos de enorme belleza, ca\u00f1ones fluviales muy aptos para el deporte, y llanuras colmadas de vi\u00f1edos. Adem\u00e1s de sus bellezas naturales y art\u00edsticas, pueden encontrarse curiosidades como un muy visitado centro mariano, famoso por las apariciones de la Virgen (Medjugorje), unas extra\u00f1\u00edsimas pir\u00e1mides en Visoko (una de ellas m\u00e1s alta que la de Keops), e incluso la posible ubicaci\u00f3n de la Troya hom\u00e9rica (en Gabele). Pasen, pasen, lean y viajen, Bosnia les sorprender\u00e1.<\/p>\n","protected":false},"excerpt":{"rendered":"<p>Bosnia y Herzegovina Bosnia y Herzegovina, un peque\u00f1o pa\u00eds balc\u00e1nico, multicultural y con una tr\u00e1gica historia reciente, es un pa\u00eds<\/p>\n","protected":false},"featured_media":14367,"template":"","meta":[],"product_brand":[],"product_cat":[344],"product_tag":[842,843],"autores":[649],"formatos":[355],"materias":[370],"class_list":{"0":"post-13142","1":"product","2":"type-product","3":"status-publish","4":"has-post-thumbnail","6":"product_cat-rumbo-a-ca","7":"product_tag-guia-deviajes-ca","8":"product_tag-vacaciones-ca","9":"autores-romero-garcia-eladi-ca","10":"formatos-llibre","11":"materias-guias-de-viajes-ca","13":"first","14":"instock","15":"taxable","16":"shipping-taxable","17":"purchasable","18":"product-type-simple"},"yoast_head":"<!-- This site is optimized with the Yoast SEO plugin v27.3 - https:\/\/yoast.com\/product\/yoast-seo-wordpress\/ -->\n<title>Bosnia y Herzegovina | Laertes ediciones<\/title>\n<meta name=\"description\" content=\"Bosnia y Herzegovina, un peque\u00f1o pa\u00eds balc\u00e1nico, multicultural y con una tr\u00e1gica historia reciente, es un pa\u00eds hermoso. | Laertes ediciones\" \/>\n<meta name=\"robots\" content=\"index, follow, max-snippet:-1, max-image-preview:large, max-video-preview:-1\" \/>\n<link rel=\"canonical\" href=\"https:\/\/www.laertes.es\/ca\/llibre\/bosnia-y-herzegovina\/\" \/>\n<meta property=\"og:locale\" content=\"ca_ES\" \/>\n<meta property=\"og:type\" content=\"article\" \/>\n<meta property=\"og:title\" content=\"Bosnia y Herzegovina | Laertes ediciones\" \/>\n<meta property=\"og:description\" content=\"Bosnia y Herzegovina, un peque\u00f1o pa\u00eds balc\u00e1nico, multicultural y con una tr\u00e1gica historia reciente, es un pa\u00eds hermoso. | Laertes ediciones\" \/>\n<meta property=\"og:url\" content=\"https:\/\/www.laertes.es\/ca\/llibre\/bosnia-y-herzegovina\/\" \/>\n<meta property=\"og:site_name\" content=\"Laertes ediciones\" \/>\n<meta property=\"article:modified_time\" content=\"2023-06-08T09:29:19+00:00\" \/>\n<meta property=\"og:image\" content=\"https:\/\/www.laertes.es\/wp-content\/uploads\/2023\/03\/RUM087.webp\" \/>\n\t<meta property=\"og:image:width\" content=\"802\" \/>\n\t<meta property=\"og:image:height\" content=\"1200\" \/>\n\t<meta property=\"og:image:type\" content=\"image\/webp\" \/>\n<script type=\"application\/ld+json\" class=\"yoast-schema-graph\">{\"@context\":\"https:\\\/\\\/schema.org\",\"@graph\":[{\"@type\":\"WebPage\",\"@id\":\"https:\\\/\\\/www.laertes.es\\\/ca\\\/llibre\\\/bosnia-y-herzegovina\\\/\",\"url\":\"https:\\\/\\\/www.laertes.es\\\/ca\\\/llibre\\\/bosnia-y-herzegovina\\\/\",\"name\":\"Bosnia y Herzegovina | Laertes ediciones\",\"isPartOf\":{\"@id\":\"https:\\\/\\\/www.laertes.es\\\/ca\\\/#website\"},\"primaryImageOfPage\":{\"@id\":\"https:\\\/\\\/www.laertes.es\\\/ca\\\/llibre\\\/bosnia-y-herzegovina\\\/#primaryimage\"},\"image\":{\"@id\":\"https:\\\/\\\/www.laertes.es\\\/ca\\\/llibre\\\/bosnia-y-herzegovina\\\/#primaryimage\"},\"thumbnailUrl\":\"https:\\\/\\\/www.laertes.es\\\/wp-content\\\/uploads\\\/2023\\\/03\\\/RUM087.webp\",\"datePublished\":\"2023-03-08T09:39:56+00:00\",\"dateModified\":\"2023-06-08T09:29:19+00:00\",\"description\":\"Bosnia y Herzegovina, un peque\u00f1o pa\u00eds balc\u00e1nico, multicultural y con una tr\u00e1gica historia reciente, es un pa\u00eds hermoso. | Laertes ediciones\",\"breadcrumb\":{\"@id\":\"https:\\\/\\\/www.laertes.es\\\/ca\\\/llibre\\\/bosnia-y-herzegovina\\\/#breadcrumb\"},\"inLanguage\":\"ca\",\"potentialAction\":[{\"@type\":\"ReadAction\",\"target\":[\"https:\\\/\\\/www.laertes.es\\\/ca\\\/llibre\\\/bosnia-y-herzegovina\\\/\"]}]},{\"@type\":\"ImageObject\",\"inLanguage\":\"ca\",\"@id\":\"https:\\\/\\\/www.laertes.es\\\/ca\\\/llibre\\\/bosnia-y-herzegovina\\\/#primaryimage\",\"url\":\"https:\\\/\\\/www.laertes.es\\\/wp-content\\\/uploads\\\/2023\\\/03\\\/RUM087.webp\",\"contentUrl\":\"https:\\\/\\\/www.laertes.es\\\/wp-content\\\/uploads\\\/2023\\\/03\\\/RUM087.webp\",\"width\":802,\"height\":1200,\"caption\":\"Bosnia y Herzegovina\"},{\"@type\":\"BreadcrumbList\",\"@id\":\"https:\\\/\\\/www.laertes.es\\\/ca\\\/llibre\\\/bosnia-y-herzegovina\\\/#breadcrumb\",\"itemListElement\":[{\"@type\":\"ListItem\",\"position\":1,\"name\":\"Portada\",\"item\":\"https:\\\/\\\/www.laertes.es\\\/ca\\\/\"},{\"@type\":\"ListItem\",\"position\":2,\"name\":\"Tienda\",\"item\":\"https:\\\/\\\/www.laertes.es\\\/tienda\\\/\"},{\"@type\":\"ListItem\",\"position\":3,\"name\":\"Bosnia y Herzegovina\"}]},{\"@type\":\"WebSite\",\"@id\":\"https:\\\/\\\/www.laertes.es\\\/ca\\\/#website\",\"url\":\"https:\\\/\\\/www.laertes.es\\\/ca\\\/\",\"name\":\"Laertes Ediciones\",\"description\":\"Editorial independiente desde 1975\",\"alternateName\":\"Laertes\",\"potentialAction\":[{\"@type\":\"SearchAction\",\"target\":{\"@type\":\"EntryPoint\",\"urlTemplate\":\"https:\\\/\\\/www.laertes.es\\\/ca\\\/?s={search_term_string}\"},\"query-input\":{\"@type\":\"PropertyValueSpecification\",\"valueRequired\":true,\"valueName\":\"search_term_string\"}}],\"inLanguage\":\"ca\"}]}<\/script>\n<!-- \/ Yoast SEO plugin. -->","yoast_head_json":{"title":"Bosnia y Herzegovina | Laertes ediciones","description":"Bosnia y Herzegovina, un peque\u00f1o pa\u00eds balc\u00e1nico, multicultural y con una tr\u00e1gica historia reciente, es un pa\u00eds hermoso. | Laertes ediciones","robots":{"index":"index","follow":"follow","max-snippet":"max-snippet:-1","max-image-preview":"max-image-preview:large","max-video-preview":"max-video-preview:-1"},"canonical":"https:\/\/www.laertes.es\/ca\/llibre\/bosnia-y-herzegovina\/","og_locale":"ca_ES","og_type":"article","og_title":"Bosnia y Herzegovina | Laertes ediciones","og_description":"Bosnia y Herzegovina, un peque\u00f1o pa\u00eds balc\u00e1nico, multicultural y con una tr\u00e1gica historia reciente, es un pa\u00eds hermoso. | Laertes ediciones","og_url":"https:\/\/www.laertes.es\/ca\/llibre\/bosnia-y-herzegovina\/","og_site_name":"Laertes ediciones","article_modified_time":"2023-06-08T09:29:19+00:00","og_image":[{"width":802,"height":1200,"url":"https:\/\/www.laertes.es\/wp-content\/uploads\/2023\/03\/RUM087.webp","type":"image\/webp"}],"schema":{"@context":"https:\/\/schema.org","@graph":[{"@type":"WebPage","@id":"https:\/\/www.laertes.es\/ca\/llibre\/bosnia-y-herzegovina\/","url":"https:\/\/www.laertes.es\/ca\/llibre\/bosnia-y-herzegovina\/","name":"Bosnia y Herzegovina | Laertes ediciones","isPartOf":{"@id":"https:\/\/www.laertes.es\/ca\/#website"},"primaryImageOfPage":{"@id":"https:\/\/www.laertes.es\/ca\/llibre\/bosnia-y-herzegovina\/#primaryimage"},"image":{"@id":"https:\/\/www.laertes.es\/ca\/llibre\/bosnia-y-herzegovina\/#primaryimage"},"thumbnailUrl":"https:\/\/www.laertes.es\/wp-content\/uploads\/2023\/03\/RUM087.webp","datePublished":"2023-03-08T09:39:56+00:00","dateModified":"2023-06-08T09:29:19+00:00","description":"Bosnia y Herzegovina, un peque\u00f1o pa\u00eds balc\u00e1nico, multicultural y con una tr\u00e1gica historia reciente, es un pa\u00eds hermoso. | Laertes ediciones","breadcrumb":{"@id":"https:\/\/www.laertes.es\/ca\/llibre\/bosnia-y-herzegovina\/#breadcrumb"},"inLanguage":"ca","potentialAction":[{"@type":"ReadAction","target":["https:\/\/www.laertes.es\/ca\/llibre\/bosnia-y-herzegovina\/"]}]},{"@type":"ImageObject","inLanguage":"ca","@id":"https:\/\/www.laertes.es\/ca\/llibre\/bosnia-y-herzegovina\/#primaryimage","url":"https:\/\/www.laertes.es\/wp-content\/uploads\/2023\/03\/RUM087.webp","contentUrl":"https:\/\/www.laertes.es\/wp-content\/uploads\/2023\/03\/RUM087.webp","width":802,"height":1200,"caption":"Bosnia y Herzegovina"},{"@type":"BreadcrumbList","@id":"https:\/\/www.laertes.es\/ca\/llibre\/bosnia-y-herzegovina\/#breadcrumb","itemListElement":[{"@type":"ListItem","position":1,"name":"Portada","item":"https:\/\/www.laertes.es\/ca\/"},{"@type":"ListItem","position":2,"name":"Tienda","item":"https:\/\/www.laertes.es\/tienda\/"},{"@type":"ListItem","position":3,"name":"Bosnia y Herzegovina"}]},{"@type":"WebSite","@id":"https:\/\/www.laertes.es\/ca\/#website","url":"https:\/\/www.laertes.es\/ca\/","name":"Laertes Ediciones","description":"Editorial independiente desde 1975","alternateName":"Laertes","potentialAction":[{"@type":"SearchAction","target":{"@type":"EntryPoint","urlTemplate":"https:\/\/www.laertes.es\/ca\/?s={search_term_string}"},"query-input":{"@type":"PropertyValueSpecification","valueRequired":true,"valueName":"search_term_string"}}],"inLanguage":"ca"}]}},"_links":{"self":[{"href":"https:\/\/www.laertes.es\/ca\/wp-json\/wp\/v2\/product\/13142","targetHints":{"allow":["GET"]}}],"collection":[{"href":"https:\/\/www.laertes.es\/ca\/wp-json\/wp\/v2\/product"}],"about":[{"href":"https:\/\/www.laertes.es\/ca\/wp-json\/wp\/v2\/types\/product"}],"version-history":[{"count":1,"href":"https:\/\/www.laertes.es\/ca\/wp-json\/wp\/v2\/product\/13142\/revisions"}],"predecessor-version":[{"id":14369,"href":"https:\/\/www.laertes.es\/ca\/wp-json\/wp\/v2\/product\/13142\/revisions\/14369"}],"wp:featuredmedia":[{"embeddable":true,"href":"https:\/\/www.laertes.es\/ca\/wp-json\/wp\/v2\/media\/14367"}],"wp:attachment":[{"href":"https:\/\/www.laertes.es\/ca\/wp-json\/wp\/v2\/media?parent=13142"}],"wp:term":[{"taxonomy":"product_brand","embeddable":true,"href":"https:\/\/www.laertes.es\/ca\/wp-json\/wp\/v2\/product_brand?post=13142"},{"taxonomy":"product_cat","embeddable":true,"href":"https:\/\/www.laertes.es\/ca\/wp-json\/wp\/v2\/product_cat?post=13142"},{"taxonomy":"product_tag","embeddable":true,"href":"https:\/\/www.laertes.es\/ca\/wp-json\/wp\/v2\/product_tag?post=13142"},{"taxonomy":"autores","embeddable":true,"href":"https:\/\/www.laertes.es\/ca\/wp-json\/wp\/v2\/autores?post=13142"},{"taxonomy":"formatos","embeddable":true,"href":"https:\/\/www.laertes.es\/ca\/wp-json\/wp\/v2\/formatos?post=13142"},{"taxonomy":"materias","embeddable":true,"href":"https:\/\/www.laertes.es\/ca\/wp-json\/wp\/v2\/materias?post=13142"}],"curies":[{"name":"wp","href":"https:\/\/api.w.org\/{rel}","templated":true}]}}