{"id":13138,"date":"2023-03-24T09:18:14","date_gmt":"2023-03-24T09:18:14","guid":{"rendered":"https:\/libro\/benin\/"},"modified":"2023-08-28T07:56:14","modified_gmt":"2023-08-28T07:56:14","slug":"benin","status":"publish","type":"product","link":"https:\/\/www.laertes.es\/ca\/llibre\/benin\/","title":{"rendered":"Ben\u00edn"},"content":{"rendered":"<h1>Ben\u00edn<\/h1>\n<p>Ben\u00edn es la parte que explica el todo africano. Tal y como cuenta Joan Riera en la presentaci\u00f3n de la gu\u00eda: visitar Ben\u00edn es como leer la edad de un tronco de \u00e1rbol varias veces centenario. Al igual que los aros del \u00e1rbol, las gentes, pueblos, mercados y paisajes son la historia viva del continente africano. As\u00ed, uno no debe sorprenderse de las pr\u00e1cticas rituales vud\u00fas de sus gentes, de sus tatuajes tribales o de las prendas coloristas de sus ropajes. Adem\u00e1s, est\u00e1 la riqueza de su historia, presencia silenciosa de su pasado colonial. Ninguna otra costa africana simboliza tan bien la fusi\u00f3n de las culturas europea y africana.<br \/>\n<em>\u00a0 \u00a0 <\/em>El rigor cient\u00edfico (el autor es antrop\u00f3logo), unido a su pasi\u00f3n y amor por el continente negro hacen de este libro no solo una gu\u00eda de viajes, sino un acto inmenso de homenaje a un pueblo, el de Ben\u00edn, que es paradigma de lo m\u00e1s aut\u00e9ntico de \u00c1frica.<\/p>\n<p>Ben\u00edn es la parte que explica el todo africano. Tal y como cuenta Joan Riera en la presentaci\u00f3n de la gu\u00eda: visitar Ben\u00edn es como leer la edad de un tronco de \u00e1rbol varias veces centenario. Al igual que los aros del \u00e1rbol, las gentes, pueblos, mercados y paisajes son la historia viva del continente africano. As\u00ed, uno no debe sorprenderse de las pr\u00e1cticas rituales vud\u00fas de sus gentes, de sus tatuajes tribales o de las prendas coloristas de sus ropajes. Adem\u00e1s, est\u00e1 la riqueza de su historia, presencia silenciosa de su pasado colonial. Ninguna otra costa africana simboliza tan bien la fusi\u00f3n de las culturas europea y africana.<br \/>\n<em>\u00a0 \u00a0 <\/em>El rigor cient\u00edfico (el autor es antrop\u00f3logo), unido a su pasi\u00f3n y amor por el continente negro hacen de este libro no solo una gu\u00eda de viajes, sino un acto inmenso de homenaje a un pueblo, el de Ben\u00edn, que es paradigma de lo m\u00e1s aut\u00e9ntico de \u00c1frica.<\/p>\n","protected":false},"excerpt":{"rendered":"<p>Ben\u00edn Ben\u00edn es la parte que explica el todo africano. Tal y como cuenta Joan Riera en la presentaci\u00f3n de<\/p>\n","protected":false},"featured_media":14357,"template":"","meta":[],"product_brand":[],"product_cat":[344],"product_tag":[835,836],"autores":[841],"formatos":[355],"materias":[370],"class_list":{"0":"post-13138","1":"product","2":"type-product","3":"status-publish","4":"has-post-thumbnail","6":"product_cat-rumbo-a-ca","7":"product_tag-africa-ca","8":"product_tag-guia-de-viajes-ca","9":"autores-riera-joan-ca","10":"formatos-llibre","11":"materias-guias-de-viajes-ca","13":"first","14":"outofstock","15":"taxable","16":"shipping-taxable","17":"purchasable","18":"product-type-simple"},"yoast_head":"<!-- This site is optimized with the Yoast SEO plugin v27.3 - https:\/\/yoast.com\/product\/yoast-seo-wordpress\/ -->\n<title>Ben\u00edn | Laertes ediciones<\/title>\n<meta name=\"description\" content=\"Tal y como cuenta Joan Riera en la presentaci\u00f3n de la gu\u00eda: visitar Ben\u00edn es como leer la edad de un tronco de \u00e1rbol varias veces centenario.\" \/>\n<meta name=\"robots\" content=\"index, follow, max-snippet:-1, max-image-preview:large, max-video-preview:-1\" \/>\n<link rel=\"canonical\" href=\"https:\/\/www.laertes.es\/ca\/llibre\/benin\/\" \/>\n<meta property=\"og:locale\" content=\"ca_ES\" \/>\n<meta property=\"og:type\" content=\"article\" \/>\n<meta property=\"og:title\" content=\"Ben\u00edn | Laertes ediciones\" \/>\n<meta property=\"og:description\" content=\"Tal y como cuenta Joan Riera en la presentaci\u00f3n de la gu\u00eda: visitar Ben\u00edn es como leer la edad de un tronco de \u00e1rbol varias veces centenario.\" \/>\n<meta property=\"og:url\" content=\"https:\/\/www.laertes.es\/ca\/llibre\/benin\/\" \/>\n<meta property=\"og:site_name\" content=\"Laertes ediciones\" \/>\n<meta property=\"article:modified_time\" content=\"2023-08-28T07:56:14+00:00\" \/>\n<meta property=\"og:image\" content=\"https:\/\/www.laertes.es\/wp-content\/uploads\/2023\/03\/RUM079.webp\" \/>\n\t<meta property=\"og:image:width\" content=\"802\" \/>\n\t<meta property=\"og:image:height\" content=\"1200\" \/>\n\t<meta property=\"og:image:type\" content=\"image\/webp\" \/>\n<script type=\"application\/ld+json\" class=\"yoast-schema-graph\">{\"@context\":\"https:\\\/\\\/schema.org\",\"@graph\":[{\"@type\":\"WebPage\",\"@id\":\"https:\\\/\\\/www.laertes.es\\\/ca\\\/llibre\\\/benin\\\/\",\"url\":\"https:\\\/\\\/www.laertes.es\\\/ca\\\/llibre\\\/benin\\\/\",\"name\":\"Ben\u00edn | Laertes ediciones\",\"isPartOf\":{\"@id\":\"https:\\\/\\\/www.laertes.es\\\/ca\\\/#website\"},\"primaryImageOfPage\":{\"@id\":\"https:\\\/\\\/www.laertes.es\\\/ca\\\/llibre\\\/benin\\\/#primaryimage\"},\"image\":{\"@id\":\"https:\\\/\\\/www.laertes.es\\\/ca\\\/llibre\\\/benin\\\/#primaryimage\"},\"thumbnailUrl\":\"https:\\\/\\\/www.laertes.es\\\/wp-content\\\/uploads\\\/2023\\\/03\\\/RUM079.webp\",\"datePublished\":\"2023-03-24T09:18:14+00:00\",\"dateModified\":\"2023-08-28T07:56:14+00:00\",\"description\":\"Tal y como cuenta Joan Riera en la presentaci\u00f3n de la gu\u00eda: visitar Ben\u00edn es como leer la edad de un tronco de \u00e1rbol varias veces centenario.\",\"breadcrumb\":{\"@id\":\"https:\\\/\\\/www.laertes.es\\\/ca\\\/llibre\\\/benin\\\/#breadcrumb\"},\"inLanguage\":\"ca\",\"potentialAction\":[{\"@type\":\"ReadAction\",\"target\":[\"https:\\\/\\\/www.laertes.es\\\/ca\\\/llibre\\\/benin\\\/\"]}]},{\"@type\":\"ImageObject\",\"inLanguage\":\"ca\",\"@id\":\"https:\\\/\\\/www.laertes.es\\\/ca\\\/llibre\\\/benin\\\/#primaryimage\",\"url\":\"https:\\\/\\\/www.laertes.es\\\/wp-content\\\/uploads\\\/2023\\\/03\\\/RUM079.webp\",\"contentUrl\":\"https:\\\/\\\/www.laertes.es\\\/wp-content\\\/uploads\\\/2023\\\/03\\\/RUM079.webp\",\"width\":802,\"height\":1200,\"caption\":\"Ben\u00edn\"},{\"@type\":\"BreadcrumbList\",\"@id\":\"https:\\\/\\\/www.laertes.es\\\/ca\\\/llibre\\\/benin\\\/#breadcrumb\",\"itemListElement\":[{\"@type\":\"ListItem\",\"position\":1,\"name\":\"Portada\",\"item\":\"https:\\\/\\\/www.laertes.es\\\/ca\\\/\"},{\"@type\":\"ListItem\",\"position\":2,\"name\":\"Tienda\",\"item\":\"https:\\\/\\\/www.laertes.es\\\/tienda\\\/\"},{\"@type\":\"ListItem\",\"position\":3,\"name\":\"Ben\u00edn\"}]},{\"@type\":\"WebSite\",\"@id\":\"https:\\\/\\\/www.laertes.es\\\/ca\\\/#website\",\"url\":\"https:\\\/\\\/www.laertes.es\\\/ca\\\/\",\"name\":\"Laertes Ediciones\",\"description\":\"Editorial independiente desde 1975\",\"alternateName\":\"Laertes\",\"potentialAction\":[{\"@type\":\"SearchAction\",\"target\":{\"@type\":\"EntryPoint\",\"urlTemplate\":\"https:\\\/\\\/www.laertes.es\\\/ca\\\/?s={search_term_string}\"},\"query-input\":{\"@type\":\"PropertyValueSpecification\",\"valueRequired\":true,\"valueName\":\"search_term_string\"}}],\"inLanguage\":\"ca\"}]}<\/script>\n<!-- \/ Yoast SEO plugin. -->","yoast_head_json":{"title":"Ben\u00edn | Laertes ediciones","description":"Tal y como cuenta Joan Riera en la presentaci\u00f3n de la gu\u00eda: visitar Ben\u00edn es como leer la edad de un tronco de \u00e1rbol varias veces centenario.","robots":{"index":"index","follow":"follow","max-snippet":"max-snippet:-1","max-image-preview":"max-image-preview:large","max-video-preview":"max-video-preview:-1"},"canonical":"https:\/\/www.laertes.es\/ca\/llibre\/benin\/","og_locale":"ca_ES","og_type":"article","og_title":"Ben\u00edn | Laertes ediciones","og_description":"Tal y como cuenta Joan Riera en la presentaci\u00f3n de la gu\u00eda: visitar Ben\u00edn es como leer la edad de un tronco de \u00e1rbol varias veces centenario.","og_url":"https:\/\/www.laertes.es\/ca\/llibre\/benin\/","og_site_name":"Laertes ediciones","article_modified_time":"2023-08-28T07:56:14+00:00","og_image":[{"width":802,"height":1200,"url":"https:\/\/www.laertes.es\/wp-content\/uploads\/2023\/03\/RUM079.webp","type":"image\/webp"}],"schema":{"@context":"https:\/\/schema.org","@graph":[{"@type":"WebPage","@id":"https:\/\/www.laertes.es\/ca\/llibre\/benin\/","url":"https:\/\/www.laertes.es\/ca\/llibre\/benin\/","name":"Ben\u00edn | Laertes ediciones","isPartOf":{"@id":"https:\/\/www.laertes.es\/ca\/#website"},"primaryImageOfPage":{"@id":"https:\/\/www.laertes.es\/ca\/llibre\/benin\/#primaryimage"},"image":{"@id":"https:\/\/www.laertes.es\/ca\/llibre\/benin\/#primaryimage"},"thumbnailUrl":"https:\/\/www.laertes.es\/wp-content\/uploads\/2023\/03\/RUM079.webp","datePublished":"2023-03-24T09:18:14+00:00","dateModified":"2023-08-28T07:56:14+00:00","description":"Tal y como cuenta Joan Riera en la presentaci\u00f3n de la gu\u00eda: visitar Ben\u00edn es como leer la edad de un tronco de \u00e1rbol varias veces centenario.","breadcrumb":{"@id":"https:\/\/www.laertes.es\/ca\/llibre\/benin\/#breadcrumb"},"inLanguage":"ca","potentialAction":[{"@type":"ReadAction","target":["https:\/\/www.laertes.es\/ca\/llibre\/benin\/"]}]},{"@type":"ImageObject","inLanguage":"ca","@id":"https:\/\/www.laertes.es\/ca\/llibre\/benin\/#primaryimage","url":"https:\/\/www.laertes.es\/wp-content\/uploads\/2023\/03\/RUM079.webp","contentUrl":"https:\/\/www.laertes.es\/wp-content\/uploads\/2023\/03\/RUM079.webp","width":802,"height":1200,"caption":"Ben\u00edn"},{"@type":"BreadcrumbList","@id":"https:\/\/www.laertes.es\/ca\/llibre\/benin\/#breadcrumb","itemListElement":[{"@type":"ListItem","position":1,"name":"Portada","item":"https:\/\/www.laertes.es\/ca\/"},{"@type":"ListItem","position":2,"name":"Tienda","item":"https:\/\/www.laertes.es\/tienda\/"},{"@type":"ListItem","position":3,"name":"Ben\u00edn"}]},{"@type":"WebSite","@id":"https:\/\/www.laertes.es\/ca\/#website","url":"https:\/\/www.laertes.es\/ca\/","name":"Laertes Ediciones","description":"Editorial independiente desde 1975","alternateName":"Laertes","potentialAction":[{"@type":"SearchAction","target":{"@type":"EntryPoint","urlTemplate":"https:\/\/www.laertes.es\/ca\/?s={search_term_string}"},"query-input":{"@type":"PropertyValueSpecification","valueRequired":true,"valueName":"search_term_string"}}],"inLanguage":"ca"}]}},"_links":{"self":[{"href":"https:\/\/www.laertes.es\/ca\/wp-json\/wp\/v2\/product\/13138","targetHints":{"allow":["GET"]}}],"collection":[{"href":"https:\/\/www.laertes.es\/ca\/wp-json\/wp\/v2\/product"}],"about":[{"href":"https:\/\/www.laertes.es\/ca\/wp-json\/wp\/v2\/types\/product"}],"version-history":[{"count":1,"href":"https:\/\/www.laertes.es\/ca\/wp-json\/wp\/v2\/product\/13138\/revisions"}],"predecessor-version":[{"id":14359,"href":"https:\/\/www.laertes.es\/ca\/wp-json\/wp\/v2\/product\/13138\/revisions\/14359"}],"wp:featuredmedia":[{"embeddable":true,"href":"https:\/\/www.laertes.es\/ca\/wp-json\/wp\/v2\/media\/14357"}],"wp:attachment":[{"href":"https:\/\/www.laertes.es\/ca\/wp-json\/wp\/v2\/media?parent=13138"}],"wp:term":[{"taxonomy":"product_brand","embeddable":true,"href":"https:\/\/www.laertes.es\/ca\/wp-json\/wp\/v2\/product_brand?post=13138"},{"taxonomy":"product_cat","embeddable":true,"href":"https:\/\/www.laertes.es\/ca\/wp-json\/wp\/v2\/product_cat?post=13138"},{"taxonomy":"product_tag","embeddable":true,"href":"https:\/\/www.laertes.es\/ca\/wp-json\/wp\/v2\/product_tag?post=13138"},{"taxonomy":"autores","embeddable":true,"href":"https:\/\/www.laertes.es\/ca\/wp-json\/wp\/v2\/autores?post=13138"},{"taxonomy":"formatos","embeddable":true,"href":"https:\/\/www.laertes.es\/ca\/wp-json\/wp\/v2\/formatos?post=13138"},{"taxonomy":"materias","embeddable":true,"href":"https:\/\/www.laertes.es\/ca\/wp-json\/wp\/v2\/materias?post=13138"}],"curies":[{"name":"wp","href":"https:\/\/api.w.org\/{rel}","templated":true}]}}