{"id":13137,"date":"2023-03-24T09:26:28","date_gmt":"2023-03-24T09:26:28","guid":{"rendered":"https:\/libro\/canal-del-midi\/"},"modified":"2025-02-05T06:33:38","modified_gmt":"2025-02-05T06:33:38","slug":"canal-del-midi","status":"publish","type":"product","link":"https:\/\/www.laertes.es\/ca\/llibre\/canal-del-midi\/","title":{"rendered":"Canal del Midi"},"content":{"rendered":"<p>Canal del Midi<\/p>\n<p>El Canal del Midi fue la proeza t\u00e9cnica m\u00e1s importante del siglo XVII y hasta la Revoluci\u00f3n Industrial. Esta obra tit\u00e1nica y que maravilla por su perfecci\u00f3n t\u00e9cnica fue producto del ingenio, tes\u00f3n y ambici\u00f3n del biterr\u00e9s Pierre-Pau Riquet. El Canal del Midi es mucho m\u00e1s que una v\u00eda fluvial que en otros tiempos cubri\u00f3 rutas de transporte de mercanc\u00edas y personas. Actualmente es, adem\u00e1s de una v\u00eda fluvial tur\u00edstica, una obra de arte en su totalidad. En nuestro recorrido pasaremos por ciudades tan emblem\u00e1ticas como Toulouse, Carcasona y B\u00e9ziers, por poblaciones con un encanto peculiar como Le Somail y Capestang. Cruzaremos el Lauregu\u00e9s y sus inmensos campos floridos en primavera, atravesaremos vi\u00f1edos y llegaremos al mar, en la Pointe des Onglous, dejando a ambos lados ci\u00e9nagas y pastos. Casi siempre bajo la tutela de la Monta\u00f1a Negra, desde donde se abastece el canal y lugar que merece ser visitado. La gu\u00eda que tienen entre sus manos es la m\u00e1s exhaustiva y completa sobre el canal. La autora ha hecho el viaje a pie, en bicicleta y en barco. Regresa a menudo a \u00e9l para seguir alimentando ese sue\u00f1o que con \u00e9l naci\u00f3. Las tres opciones tienen en com\u00fan el recorrido y en particular el medio, cada una de ellas har\u00e1n que se enamoren de \u00e9l y deseen regresar.<\/p>\n<p>El Canal del Midi fue la proeza t\u00e9cnica m\u00e1s importante del siglo XVII y hasta la Revoluci\u00f3n Industrial. Esta obra tit\u00e1nica y que maravilla por su perfecci\u00f3n t\u00e9cnica fue producto del ingenio, tes\u00f3n y ambici\u00f3n del biterr\u00e9s Pierre-Pau Riquet. El Canal del Midi es mucho m\u00e1s que una v\u00eda fluvial que en otros tiempos cubri\u00f3 rutas de transporte de mercanc\u00edas y personas. Actualmente es, adem\u00e1s de una v\u00eda fluvial tur\u00edstica, una obra de arte en su totalidad. En nuestro recorrido pasaremos por ciudades tan emblem\u00e1ticas como Toulouse, Carcasona y B\u00e9ziers, por poblaciones con un encanto peculiar como Le Somail y Capestang. Cruzaremos el Lauregu\u00e9s y sus inmensos campos floridos en primavera, atravesaremos vi\u00f1edos y llegaremos al mar, en la Pointe des Onglous, dejando a ambos lados ci\u00e9nagas y pastos. Casi siempre bajo la tutela de la Monta\u00f1a Negra, desde donde se abastece el canal y lugar que merece ser visitado.<\/p>\n","protected":false},"excerpt":{"rendered":"<p>Canal del Midi El Canal del Midi fue la proeza t\u00e9cnica m\u00e1s importante del siglo XVII y hasta la Revoluci\u00f3n<\/p>\n","protected":false},"featured_media":14351,"template":"","meta":[],"product_brand":[],"product_cat":[344],"product_tag":[839,836,815],"autores":[840],"formatos":[355],"materias":[370],"class_list":{"0":"post-13137","1":"product","2":"type-product","3":"status-publish","4":"has-post-thumbnail","6":"product_cat-rumbo-a-ca","7":"product_tag-europa-ca","8":"product_tag-guia-de-viajes-ca","9":"product_tag-mochilero-ca","10":"autores-rius-almoyner-montserrat-ca","11":"formatos-llibre","12":"materias-guias-de-viajes-ca","14":"first","15":"outofstock","16":"taxable","17":"shipping-taxable","18":"purchasable","19":"product-type-simple"},"yoast_head":"<!-- This site is optimized with the Yoast SEO plugin v27.3 - https:\/\/yoast.com\/product\/yoast-seo-wordpress\/ -->\n<title>Canal del Midi | Laertes ediciones<\/title>\n<meta name=\"description\" content=\"El Canal del Midi es mucho m\u00e1s que una v\u00eda fluvial. Actualmente es, adem\u00e1s de una v\u00eda fluvial tur\u00edstica, una obra de arte en su totalidad.\" \/>\n<meta name=\"robots\" content=\"index, follow, max-snippet:-1, max-image-preview:large, max-video-preview:-1\" \/>\n<link rel=\"canonical\" href=\"https:\/\/www.laertes.es\/ca\/llibre\/canal-del-midi\/\" \/>\n<meta property=\"og:locale\" content=\"ca_ES\" \/>\n<meta property=\"og:type\" content=\"article\" \/>\n<meta property=\"og:title\" content=\"Canal del Midi | Laertes ediciones\" \/>\n<meta property=\"og:description\" content=\"El Canal del Midi es mucho m\u00e1s que una v\u00eda fluvial. Actualmente es, adem\u00e1s de una v\u00eda fluvial tur\u00edstica, una obra de arte en su totalidad.\" \/>\n<meta property=\"og:url\" content=\"https:\/\/www.laertes.es\/ca\/llibre\/canal-del-midi\/\" \/>\n<meta property=\"og:site_name\" content=\"Laertes ediciones\" \/>\n<meta property=\"article:modified_time\" content=\"2025-02-05T06:33:38+00:00\" \/>\n<meta property=\"og:image\" content=\"https:\/\/www.laertes.es\/wp-content\/uploads\/2023\/03\/RUM070.webp\" \/>\n\t<meta property=\"og:image:width\" content=\"802\" \/>\n\t<meta property=\"og:image:height\" content=\"1200\" \/>\n\t<meta property=\"og:image:type\" content=\"image\/webp\" \/>\n<script type=\"application\/ld+json\" class=\"yoast-schema-graph\">{\"@context\":\"https:\\\/\\\/schema.org\",\"@graph\":[{\"@type\":\"WebPage\",\"@id\":\"https:\\\/\\\/www.laertes.es\\\/ca\\\/llibre\\\/canal-del-midi\\\/\",\"url\":\"https:\\\/\\\/www.laertes.es\\\/ca\\\/llibre\\\/canal-del-midi\\\/\",\"name\":\"Canal del Midi | Laertes ediciones\",\"isPartOf\":{\"@id\":\"https:\\\/\\\/www.laertes.es\\\/ca\\\/#website\"},\"primaryImageOfPage\":{\"@id\":\"https:\\\/\\\/www.laertes.es\\\/ca\\\/llibre\\\/canal-del-midi\\\/#primaryimage\"},\"image\":{\"@id\":\"https:\\\/\\\/www.laertes.es\\\/ca\\\/llibre\\\/canal-del-midi\\\/#primaryimage\"},\"thumbnailUrl\":\"https:\\\/\\\/www.laertes.es\\\/wp-content\\\/uploads\\\/2023\\\/03\\\/RUM070.webp\",\"datePublished\":\"2023-03-24T09:26:28+00:00\",\"dateModified\":\"2025-02-05T06:33:38+00:00\",\"description\":\"El Canal del Midi es mucho m\u00e1s que una v\u00eda fluvial. Actualmente es, adem\u00e1s de una v\u00eda fluvial tur\u00edstica, una obra de arte en su totalidad.\",\"breadcrumb\":{\"@id\":\"https:\\\/\\\/www.laertes.es\\\/ca\\\/llibre\\\/canal-del-midi\\\/#breadcrumb\"},\"inLanguage\":\"ca\",\"potentialAction\":[{\"@type\":\"ReadAction\",\"target\":[\"https:\\\/\\\/www.laertes.es\\\/ca\\\/llibre\\\/canal-del-midi\\\/\"]}]},{\"@type\":\"ImageObject\",\"inLanguage\":\"ca\",\"@id\":\"https:\\\/\\\/www.laertes.es\\\/ca\\\/llibre\\\/canal-del-midi\\\/#primaryimage\",\"url\":\"https:\\\/\\\/www.laertes.es\\\/wp-content\\\/uploads\\\/2023\\\/03\\\/RUM070.webp\",\"contentUrl\":\"https:\\\/\\\/www.laertes.es\\\/wp-content\\\/uploads\\\/2023\\\/03\\\/RUM070.webp\",\"width\":802,\"height\":1200,\"caption\":\"Canal del Midi\"},{\"@type\":\"BreadcrumbList\",\"@id\":\"https:\\\/\\\/www.laertes.es\\\/ca\\\/llibre\\\/canal-del-midi\\\/#breadcrumb\",\"itemListElement\":[{\"@type\":\"ListItem\",\"position\":1,\"name\":\"Portada\",\"item\":\"https:\\\/\\\/www.laertes.es\\\/ca\\\/\"},{\"@type\":\"ListItem\",\"position\":2,\"name\":\"Tienda\",\"item\":\"https:\\\/\\\/www.laertes.es\\\/tienda\\\/\"},{\"@type\":\"ListItem\",\"position\":3,\"name\":\"Canal del Midi\"}]},{\"@type\":\"WebSite\",\"@id\":\"https:\\\/\\\/www.laertes.es\\\/ca\\\/#website\",\"url\":\"https:\\\/\\\/www.laertes.es\\\/ca\\\/\",\"name\":\"Laertes Ediciones\",\"description\":\"Editorial independiente desde 1975\",\"alternateName\":\"Laertes\",\"potentialAction\":[{\"@type\":\"SearchAction\",\"target\":{\"@type\":\"EntryPoint\",\"urlTemplate\":\"https:\\\/\\\/www.laertes.es\\\/ca\\\/?s={search_term_string}\"},\"query-input\":{\"@type\":\"PropertyValueSpecification\",\"valueRequired\":true,\"valueName\":\"search_term_string\"}}],\"inLanguage\":\"ca\"}]}<\/script>\n<!-- \/ Yoast SEO plugin. -->","yoast_head_json":{"title":"Canal del Midi | Laertes ediciones","description":"El Canal del Midi es mucho m\u00e1s que una v\u00eda fluvial. Actualmente es, adem\u00e1s de una v\u00eda fluvial tur\u00edstica, una obra de arte en su totalidad.","robots":{"index":"index","follow":"follow","max-snippet":"max-snippet:-1","max-image-preview":"max-image-preview:large","max-video-preview":"max-video-preview:-1"},"canonical":"https:\/\/www.laertes.es\/ca\/llibre\/canal-del-midi\/","og_locale":"ca_ES","og_type":"article","og_title":"Canal del Midi | Laertes ediciones","og_description":"El Canal del Midi es mucho m\u00e1s que una v\u00eda fluvial. Actualmente es, adem\u00e1s de una v\u00eda fluvial tur\u00edstica, una obra de arte en su totalidad.","og_url":"https:\/\/www.laertes.es\/ca\/llibre\/canal-del-midi\/","og_site_name":"Laertes ediciones","article_modified_time":"2025-02-05T06:33:38+00:00","og_image":[{"width":802,"height":1200,"url":"https:\/\/www.laertes.es\/wp-content\/uploads\/2023\/03\/RUM070.webp","type":"image\/webp"}],"schema":{"@context":"https:\/\/schema.org","@graph":[{"@type":"WebPage","@id":"https:\/\/www.laertes.es\/ca\/llibre\/canal-del-midi\/","url":"https:\/\/www.laertes.es\/ca\/llibre\/canal-del-midi\/","name":"Canal del Midi | Laertes ediciones","isPartOf":{"@id":"https:\/\/www.laertes.es\/ca\/#website"},"primaryImageOfPage":{"@id":"https:\/\/www.laertes.es\/ca\/llibre\/canal-del-midi\/#primaryimage"},"image":{"@id":"https:\/\/www.laertes.es\/ca\/llibre\/canal-del-midi\/#primaryimage"},"thumbnailUrl":"https:\/\/www.laertes.es\/wp-content\/uploads\/2023\/03\/RUM070.webp","datePublished":"2023-03-24T09:26:28+00:00","dateModified":"2025-02-05T06:33:38+00:00","description":"El Canal del Midi es mucho m\u00e1s que una v\u00eda fluvial. Actualmente es, adem\u00e1s de una v\u00eda fluvial tur\u00edstica, una obra de arte en su totalidad.","breadcrumb":{"@id":"https:\/\/www.laertes.es\/ca\/llibre\/canal-del-midi\/#breadcrumb"},"inLanguage":"ca","potentialAction":[{"@type":"ReadAction","target":["https:\/\/www.laertes.es\/ca\/llibre\/canal-del-midi\/"]}]},{"@type":"ImageObject","inLanguage":"ca","@id":"https:\/\/www.laertes.es\/ca\/llibre\/canal-del-midi\/#primaryimage","url":"https:\/\/www.laertes.es\/wp-content\/uploads\/2023\/03\/RUM070.webp","contentUrl":"https:\/\/www.laertes.es\/wp-content\/uploads\/2023\/03\/RUM070.webp","width":802,"height":1200,"caption":"Canal del Midi"},{"@type":"BreadcrumbList","@id":"https:\/\/www.laertes.es\/ca\/llibre\/canal-del-midi\/#breadcrumb","itemListElement":[{"@type":"ListItem","position":1,"name":"Portada","item":"https:\/\/www.laertes.es\/ca\/"},{"@type":"ListItem","position":2,"name":"Tienda","item":"https:\/\/www.laertes.es\/tienda\/"},{"@type":"ListItem","position":3,"name":"Canal del Midi"}]},{"@type":"WebSite","@id":"https:\/\/www.laertes.es\/ca\/#website","url":"https:\/\/www.laertes.es\/ca\/","name":"Laertes Ediciones","description":"Editorial independiente desde 1975","alternateName":"Laertes","potentialAction":[{"@type":"SearchAction","target":{"@type":"EntryPoint","urlTemplate":"https:\/\/www.laertes.es\/ca\/?s={search_term_string}"},"query-input":{"@type":"PropertyValueSpecification","valueRequired":true,"valueName":"search_term_string"}}],"inLanguage":"ca"}]}},"_links":{"self":[{"href":"https:\/\/www.laertes.es\/ca\/wp-json\/wp\/v2\/product\/13137","targetHints":{"allow":["GET"]}}],"collection":[{"href":"https:\/\/www.laertes.es\/ca\/wp-json\/wp\/v2\/product"}],"about":[{"href":"https:\/\/www.laertes.es\/ca\/wp-json\/wp\/v2\/types\/product"}],"version-history":[{"count":1,"href":"https:\/\/www.laertes.es\/ca\/wp-json\/wp\/v2\/product\/13137\/revisions"}],"predecessor-version":[{"id":14354,"href":"https:\/\/www.laertes.es\/ca\/wp-json\/wp\/v2\/product\/13137\/revisions\/14354"}],"wp:featuredmedia":[{"embeddable":true,"href":"https:\/\/www.laertes.es\/ca\/wp-json\/wp\/v2\/media\/14351"}],"wp:attachment":[{"href":"https:\/\/www.laertes.es\/ca\/wp-json\/wp\/v2\/media?parent=13137"}],"wp:term":[{"taxonomy":"product_brand","embeddable":true,"href":"https:\/\/www.laertes.es\/ca\/wp-json\/wp\/v2\/product_brand?post=13137"},{"taxonomy":"product_cat","embeddable":true,"href":"https:\/\/www.laertes.es\/ca\/wp-json\/wp\/v2\/product_cat?post=13137"},{"taxonomy":"product_tag","embeddable":true,"href":"https:\/\/www.laertes.es\/ca\/wp-json\/wp\/v2\/product_tag?post=13137"},{"taxonomy":"autores","embeddable":true,"href":"https:\/\/www.laertes.es\/ca\/wp-json\/wp\/v2\/autores?post=13137"},{"taxonomy":"formatos","embeddable":true,"href":"https:\/\/www.laertes.es\/ca\/wp-json\/wp\/v2\/formatos?post=13137"},{"taxonomy":"materias","embeddable":true,"href":"https:\/\/www.laertes.es\/ca\/wp-json\/wp\/v2\/materias?post=13137"}],"curies":[{"name":"wp","href":"https:\/\/api.w.org\/{rel}","templated":true}]}}