{"id":13134,"date":"2023-03-24T09:38:29","date_gmt":"2023-03-24T09:38:29","guid":{"rendered":"https:\/libro\/guinea-bissau\/"},"modified":"2023-06-08T09:13:20","modified_gmt":"2023-06-08T09:13:20","slug":"guinea-bissau","status":"publish","type":"product","link":"https:\/\/www.laertes.es\/ca\/llibre\/guinea-bissau\/","title":{"rendered":"Guinea-Bissau"},"content":{"rendered":"<p>Guinea-Bissau<\/p>\n<p>Sea un pa\u00eds peque\u00f1o del Oeste de \u00c1frica, marcado por el Tr\u00f3pico y ba\u00f1ado por el Atl\u00e1ntico. En la \u00e9poca de lluvias el cielo se cubre r\u00e1pidamente y descarga en abundancia. A veces el sol est\u00e1tico golpea con fuerza sobre las carreteras coloniales. Sea un pa\u00eds de inmensos r\u00edos navegables y de manglares que se pierden en el horizonte. Sea el archipi\u00e9lago de Bijag\u00f3s, con sus playas de agua cristalina. Sea una fauna y flora exuberante. Sea la incre\u00edble amabilidad de los nativos, su bondad. Sea tambi\u00e9n la fragilidad de sus instituciones. La belleza exenta de peligros es artificial: esto es \u00c1frica y hay que tener cuidado con los mosquitos, hay que recordar el oscuro pasado colonial que ha configurado su presente, hay que recordar las lanzaderas de esclavos en que se convirtieron los puertos de Guinea-Bissau. Sea un pa\u00eds peque\u00f1o del Oeste de \u00c1frica, marcado por el Tr\u00f3pico y ba\u00f1ado por el Atl\u00e1ntico. En la \u00e9poca de lluvias el cielo se cubre r\u00e1pidamente y descarga en abundancia. A veces el sol est\u00e1tico golpea con fuerza sobre las carreteras coloniales. Sea un pa\u00eds de inmensos r\u00edos navegables y de manglares que se pierden en el horizonte. Sea el archipi\u00e9lago de Bijag\u00f3s, con sus playas de agua cristalina. Sea una fauna y flora exuberante. Sea la incre\u00edble amabilidad de los nativos, su bondad. Sea tambi\u00e9n la fragilidad de sus instituciones.<\/p>\n<p>Sea un pa\u00eds peque\u00f1o del Oeste de \u00c1frica, marcado por el Tr\u00f3pico y ba\u00f1ado por el Atl\u00e1ntico. En la \u00e9poca de lluvias el cielo se cubre r\u00e1pidamente y descarga en abundancia. A veces el sol est\u00e1tico golpea con fuerza sobre las carreteras coloniales. Sea un pa\u00eds de inmensos r\u00edos navegables y de manglares que se pierden en el horizonte. Sea el archipi\u00e9lago de Bijag\u00f3s, con sus playas de agua cristalina. Sea una fauna y flora exuberante. Sea la incre\u00edble amabilidad de los nativos, su bondad. Sea tambi\u00e9n la fragilidad de sus instituciones. La belleza exenta de peligros es artificial: esto es \u00c1frica y hay que tener cuidado con los mosquitos, hay que recordar el oscuro pasado colonial que ha configurado su presente, hay que recordar las lanzaderas de esclavos en que se convirtieron los puertos de Guinea-Bissau.<\/p>\n","protected":false},"excerpt":{"rendered":"<p>Guinea-Bissau Sea un pa\u00eds peque\u00f1o del Oeste de \u00c1frica, marcado por el Tr\u00f3pico y ba\u00f1ado por el Atl\u00e1ntico. En la<\/p>\n","protected":false},"featured_media":14341,"template":"","meta":[],"product_brand":[],"product_cat":[344],"product_tag":[835,836,815],"autores":[837],"formatos":[355],"materias":[370],"class_list":{"0":"post-13134","1":"product","2":"type-product","3":"status-publish","4":"has-post-thumbnail","6":"product_cat-rumbo-a-ca","7":"product_tag-africa-ca","8":"product_tag-guia-de-viajes-ca","9":"product_tag-mochilero-ca","10":"autores-aznar-fernandez-jose-luis-ca","11":"formatos-llibre","12":"materias-guias-de-viajes-ca","14":"first","15":"instock","16":"taxable","17":"shipping-taxable","18":"purchasable","19":"product-type-simple"},"yoast_head":"<!-- This site is optimized with the Yoast SEO plugin v27.4 - https:\/\/yoast.com\/product\/yoast-seo-wordpress\/ -->\n<title>Guinea-Bissau | Laertes ediciones<\/title>\n<meta name=\"description\" content=\"Sea un pa\u00eds peque\u00f1o del Atl\u00e1ntico, de inmensos r\u00edos navegables y de manglares que se pierden en el horizonte, de playas de agua cristalina. | Guinea-Bissau\" \/>\n<meta name=\"robots\" content=\"index, follow, max-snippet:-1, max-image-preview:large, max-video-preview:-1\" \/>\n<link rel=\"canonical\" href=\"https:\/\/www.laertes.es\/ca\/llibre\/guinea-bissau\/\" \/>\n<meta property=\"og:locale\" content=\"ca_ES\" \/>\n<meta property=\"og:type\" content=\"article\" \/>\n<meta property=\"og:title\" content=\"Guinea-Bissau | Laertes ediciones\" \/>\n<meta property=\"og:description\" content=\"Sea un pa\u00eds peque\u00f1o del Atl\u00e1ntico, de inmensos r\u00edos navegables y de manglares que se pierden en el horizonte, de playas de agua cristalina. | Guinea-Bissau\" \/>\n<meta property=\"og:url\" content=\"https:\/\/www.laertes.es\/ca\/llibre\/guinea-bissau\/\" \/>\n<meta property=\"og:site_name\" content=\"Laertes ediciones\" \/>\n<meta property=\"article:modified_time\" content=\"2023-06-08T09:13:20+00:00\" \/>\n<meta property=\"og:image\" content=\"https:\/\/www.laertes.es\/wp-content\/uploads\/2023\/03\/RUM074.webp\" \/>\n\t<meta property=\"og:image:width\" content=\"802\" \/>\n\t<meta property=\"og:image:height\" content=\"1200\" \/>\n\t<meta property=\"og:image:type\" content=\"image\/webp\" \/>\n<script type=\"application\/ld+json\" class=\"yoast-schema-graph\">{\"@context\":\"https:\\\/\\\/schema.org\",\"@graph\":[{\"@type\":\"WebPage\",\"@id\":\"https:\\\/\\\/www.laertes.es\\\/ca\\\/llibre\\\/guinea-bissau\\\/\",\"url\":\"https:\\\/\\\/www.laertes.es\\\/ca\\\/llibre\\\/guinea-bissau\\\/\",\"name\":\"Guinea-Bissau | Laertes ediciones\",\"isPartOf\":{\"@id\":\"https:\\\/\\\/www.laertes.es\\\/ca\\\/#website\"},\"primaryImageOfPage\":{\"@id\":\"https:\\\/\\\/www.laertes.es\\\/ca\\\/llibre\\\/guinea-bissau\\\/#primaryimage\"},\"image\":{\"@id\":\"https:\\\/\\\/www.laertes.es\\\/ca\\\/llibre\\\/guinea-bissau\\\/#primaryimage\"},\"thumbnailUrl\":\"https:\\\/\\\/www.laertes.es\\\/wp-content\\\/uploads\\\/2023\\\/03\\\/RUM074.webp\",\"datePublished\":\"2023-03-24T09:38:29+00:00\",\"dateModified\":\"2023-06-08T09:13:20+00:00\",\"description\":\"Sea un pa\u00eds peque\u00f1o del Atl\u00e1ntico, de inmensos r\u00edos navegables y de manglares que se pierden en el horizonte, de playas de agua cristalina. | Guinea-Bissau\",\"breadcrumb\":{\"@id\":\"https:\\\/\\\/www.laertes.es\\\/ca\\\/llibre\\\/guinea-bissau\\\/#breadcrumb\"},\"inLanguage\":\"ca\",\"potentialAction\":[{\"@type\":\"ReadAction\",\"target\":[\"https:\\\/\\\/www.laertes.es\\\/ca\\\/llibre\\\/guinea-bissau\\\/\"]}]},{\"@type\":\"ImageObject\",\"inLanguage\":\"ca\",\"@id\":\"https:\\\/\\\/www.laertes.es\\\/ca\\\/llibre\\\/guinea-bissau\\\/#primaryimage\",\"url\":\"https:\\\/\\\/www.laertes.es\\\/wp-content\\\/uploads\\\/2023\\\/03\\\/RUM074.webp\",\"contentUrl\":\"https:\\\/\\\/www.laertes.es\\\/wp-content\\\/uploads\\\/2023\\\/03\\\/RUM074.webp\",\"width\":802,\"height\":1200,\"caption\":\"Guinea-Bissau\"},{\"@type\":\"BreadcrumbList\",\"@id\":\"https:\\\/\\\/www.laertes.es\\\/ca\\\/llibre\\\/guinea-bissau\\\/#breadcrumb\",\"itemListElement\":[{\"@type\":\"ListItem\",\"position\":1,\"name\":\"Portada\",\"item\":\"https:\\\/\\\/www.laertes.es\\\/ca\\\/\"},{\"@type\":\"ListItem\",\"position\":2,\"name\":\"Tienda\",\"item\":\"https:\\\/\\\/www.laertes.es\\\/tienda\\\/\"},{\"@type\":\"ListItem\",\"position\":3,\"name\":\"Guinea-Bissau\"}]},{\"@type\":\"WebSite\",\"@id\":\"https:\\\/\\\/www.laertes.es\\\/ca\\\/#website\",\"url\":\"https:\\\/\\\/www.laertes.es\\\/ca\\\/\",\"name\":\"Laertes Ediciones\",\"description\":\"Editorial independiente desde 1975\",\"alternateName\":\"Laertes\",\"potentialAction\":[{\"@type\":\"SearchAction\",\"target\":{\"@type\":\"EntryPoint\",\"urlTemplate\":\"https:\\\/\\\/www.laertes.es\\\/ca\\\/?s={search_term_string}\"},\"query-input\":{\"@type\":\"PropertyValueSpecification\",\"valueRequired\":true,\"valueName\":\"search_term_string\"}}],\"inLanguage\":\"ca\"}]}<\/script>\n<!-- \/ Yoast SEO plugin. -->","yoast_head_json":{"title":"Guinea-Bissau | Laertes ediciones","description":"Sea un pa\u00eds peque\u00f1o del Atl\u00e1ntico, de inmensos r\u00edos navegables y de manglares que se pierden en el horizonte, de playas de agua cristalina. | Guinea-Bissau","robots":{"index":"index","follow":"follow","max-snippet":"max-snippet:-1","max-image-preview":"max-image-preview:large","max-video-preview":"max-video-preview:-1"},"canonical":"https:\/\/www.laertes.es\/ca\/llibre\/guinea-bissau\/","og_locale":"ca_ES","og_type":"article","og_title":"Guinea-Bissau | Laertes ediciones","og_description":"Sea un pa\u00eds peque\u00f1o del Atl\u00e1ntico, de inmensos r\u00edos navegables y de manglares que se pierden en el horizonte, de playas de agua cristalina. | Guinea-Bissau","og_url":"https:\/\/www.laertes.es\/ca\/llibre\/guinea-bissau\/","og_site_name":"Laertes ediciones","article_modified_time":"2023-06-08T09:13:20+00:00","og_image":[{"width":802,"height":1200,"url":"https:\/\/www.laertes.es\/wp-content\/uploads\/2023\/03\/RUM074.webp","type":"image\/webp"}],"schema":{"@context":"https:\/\/schema.org","@graph":[{"@type":"WebPage","@id":"https:\/\/www.laertes.es\/ca\/llibre\/guinea-bissau\/","url":"https:\/\/www.laertes.es\/ca\/llibre\/guinea-bissau\/","name":"Guinea-Bissau | Laertes ediciones","isPartOf":{"@id":"https:\/\/www.laertes.es\/ca\/#website"},"primaryImageOfPage":{"@id":"https:\/\/www.laertes.es\/ca\/llibre\/guinea-bissau\/#primaryimage"},"image":{"@id":"https:\/\/www.laertes.es\/ca\/llibre\/guinea-bissau\/#primaryimage"},"thumbnailUrl":"https:\/\/www.laertes.es\/wp-content\/uploads\/2023\/03\/RUM074.webp","datePublished":"2023-03-24T09:38:29+00:00","dateModified":"2023-06-08T09:13:20+00:00","description":"Sea un pa\u00eds peque\u00f1o del Atl\u00e1ntico, de inmensos r\u00edos navegables y de manglares que se pierden en el horizonte, de playas de agua cristalina. | Guinea-Bissau","breadcrumb":{"@id":"https:\/\/www.laertes.es\/ca\/llibre\/guinea-bissau\/#breadcrumb"},"inLanguage":"ca","potentialAction":[{"@type":"ReadAction","target":["https:\/\/www.laertes.es\/ca\/llibre\/guinea-bissau\/"]}]},{"@type":"ImageObject","inLanguage":"ca","@id":"https:\/\/www.laertes.es\/ca\/llibre\/guinea-bissau\/#primaryimage","url":"https:\/\/www.laertes.es\/wp-content\/uploads\/2023\/03\/RUM074.webp","contentUrl":"https:\/\/www.laertes.es\/wp-content\/uploads\/2023\/03\/RUM074.webp","width":802,"height":1200,"caption":"Guinea-Bissau"},{"@type":"BreadcrumbList","@id":"https:\/\/www.laertes.es\/ca\/llibre\/guinea-bissau\/#breadcrumb","itemListElement":[{"@type":"ListItem","position":1,"name":"Portada","item":"https:\/\/www.laertes.es\/ca\/"},{"@type":"ListItem","position":2,"name":"Tienda","item":"https:\/\/www.laertes.es\/tienda\/"},{"@type":"ListItem","position":3,"name":"Guinea-Bissau"}]},{"@type":"WebSite","@id":"https:\/\/www.laertes.es\/ca\/#website","url":"https:\/\/www.laertes.es\/ca\/","name":"Laertes Ediciones","description":"Editorial independiente desde 1975","alternateName":"Laertes","potentialAction":[{"@type":"SearchAction","target":{"@type":"EntryPoint","urlTemplate":"https:\/\/www.laertes.es\/ca\/?s={search_term_string}"},"query-input":{"@type":"PropertyValueSpecification","valueRequired":true,"valueName":"search_term_string"}}],"inLanguage":"ca"}]}},"_links":{"self":[{"href":"https:\/\/www.laertes.es\/ca\/wp-json\/wp\/v2\/product\/13134","targetHints":{"allow":["GET"]}}],"collection":[{"href":"https:\/\/www.laertes.es\/ca\/wp-json\/wp\/v2\/product"}],"about":[{"href":"https:\/\/www.laertes.es\/ca\/wp-json\/wp\/v2\/types\/product"}],"version-history":[{"count":1,"href":"https:\/\/www.laertes.es\/ca\/wp-json\/wp\/v2\/product\/13134\/revisions"}],"predecessor-version":[{"id":14344,"href":"https:\/\/www.laertes.es\/ca\/wp-json\/wp\/v2\/product\/13134\/revisions\/14344"}],"wp:featuredmedia":[{"embeddable":true,"href":"https:\/\/www.laertes.es\/ca\/wp-json\/wp\/v2\/media\/14341"}],"wp:attachment":[{"href":"https:\/\/www.laertes.es\/ca\/wp-json\/wp\/v2\/media?parent=13134"}],"wp:term":[{"taxonomy":"product_brand","embeddable":true,"href":"https:\/\/www.laertes.es\/ca\/wp-json\/wp\/v2\/product_brand?post=13134"},{"taxonomy":"product_cat","embeddable":true,"href":"https:\/\/www.laertes.es\/ca\/wp-json\/wp\/v2\/product_cat?post=13134"},{"taxonomy":"product_tag","embeddable":true,"href":"https:\/\/www.laertes.es\/ca\/wp-json\/wp\/v2\/product_tag?post=13134"},{"taxonomy":"autores","embeddable":true,"href":"https:\/\/www.laertes.es\/ca\/wp-json\/wp\/v2\/autores?post=13134"},{"taxonomy":"formatos","embeddable":true,"href":"https:\/\/www.laertes.es\/ca\/wp-json\/wp\/v2\/formatos?post=13134"},{"taxonomy":"materias","embeddable":true,"href":"https:\/\/www.laertes.es\/ca\/wp-json\/wp\/v2\/materias?post=13134"}],"curies":[{"name":"wp","href":"https:\/\/api.w.org\/{rel}","templated":true}]}}