{"id":13126,"date":"2023-03-29T08:15:05","date_gmt":"2023-03-29T08:15:05","guid":{"rendered":"https:\/libro\/la-confusion-de-los-sentimientos\/"},"modified":"2023-05-29T11:52:13","modified_gmt":"2023-05-29T11:52:13","slug":"la-confusion-de-los-sentimientos","status":"publish","type":"product","link":"https:\/\/www.laertes.es\/ca\/llibre\/la-confusion-de-los-sentimientos\/","title":{"rendered":"La confusi\u00f3n de los sentimientos"},"content":{"rendered":"<p>Cuando la llamada LGBTI no hab\u00eda logrado a\u00fan perfilarse como g\u00e9nero tem\u00e1tico, ni los homosexuales so\u00f1aban tan siquiera con tener una identidad p\u00fablica, La confusi\u00f3n de los sentimientos formaba, junto con Maurice y La m\u00e1scara de carne, uno de los espejos ficcionales donde los hom\u00f3filos m\u00e1s o menos cultivados corr\u00edan a reconocerse.<br \/>\n<em>\u00a0\u00a0\u00a0\u00a0<\/em>Escrita por uno de los autores que mejor han retratado las paradojas y avatares de la vieja respetabilidad burguesa, <em>La confusi\u00f3n de los sentimientos<\/em> deja de lado el esteticismo andr\u00f3gino de Muerte en Venecia, y las ambig\u00fcedades sadomasoquistas de El joven T\u00f6rles \u2014por citar dos cl\u00e1sicos ejemplos centroeuropeos de novelas recuperadas como hom\u00f3filas\u2014, para internarse en las angustias y bloqueos creadores de un intelectual hom\u00f3filo de los dorados veinte, cuyo enigma rememora con ribetes entre a\u00f1orantes y lombrosianos su ya anciano disc\u00edpulo.<\/p>\n<p>Cuando la llamada LGBTI no hab\u00eda logrado a\u00fan perfilarse como g\u00e9nero tem\u00e1tico, ni los homosexuales so\u00f1aban tan siquiera con tener una identidad p\u00fablica, La confusi\u00f3n de los sentimientos formaba, junto con Maurice y La m\u00e1scara de carne, uno de los espejos ficcionales donde los hom\u00f3filos m\u00e1s o menos cultivados corr\u00edan a reconocerse.<br \/>\nEscrita por uno de los autores que mejor han retratado las paradojas y avatares de la vieja respetabilidad burguesa, <em>La confusi\u00f3n de los sentimientos<\/em> deja de lado el esteticismo andr\u00f3gino de Muerte en Venecia, y las ambig\u00fcedades sadomasoquistas de El joven T\u00f6rles \u2014por citar dos cl\u00e1sicos ejemplos centroeuropeos de novelas recuperadas como hom\u00f3filas\u2014, para internarse en las angustias y bloqueos creadores de un intelectual hom\u00f3filo de los dorados veinte, cuyo enigma rememora con ribetes entre a\u00f1orantes y lombrosianos su ya anciano disc\u00edpulo.<\/p>\n","protected":false},"excerpt":{"rendered":"<p>Cuando la llamada LGBTI no hab\u00eda logrado a\u00fan perfilarse como g\u00e9nero tem\u00e1tico, ni los homosexuales so\u00f1aban tan siquiera con tener<\/p>\n","protected":false},"featured_media":14199,"template":"","meta":[],"product_brand":[],"product_cat":[343],"product_tag":[823,651,826],"autores":[827],"formatos":[355],"materias":[371],"class_list":{"0":"post-13126","1":"product","2":"type-product","3":"status-publish","4":"has-post-thumbnail","6":"product_cat-rey-de-bastos-ca","7":"product_tag-lgtbi-ca","8":"product_tag-memorias-ca","9":"product_tag-sexualidad-ca","10":"autores-zweig-stefan-ca","11":"formatos-llibre","12":"materias-genero-y-sexualidad-ca","14":"first","15":"instock","16":"taxable","17":"shipping-taxable","18":"purchasable","19":"product-type-simple"},"yoast_head":"<!-- This site is optimized with the Yoast SEO plugin v27.4 - https:\/\/yoast.com\/product\/yoast-seo-wordpress\/ -->\n<title>La confusi\u00f3n de los sentimientos | Laertes ediciones<\/title>\n<meta name=\"description\" content=\"La confusi\u00f3n de los sentimientos | Escrita por uno de los autores que mejor han retratado las paradojas y avatares de la vieja respetabilidad burguesa\" \/>\n<meta name=\"robots\" content=\"index, follow, max-snippet:-1, max-image-preview:large, max-video-preview:-1\" \/>\n<link rel=\"canonical\" href=\"https:\/\/www.laertes.es\/ca\/llibre\/la-confusion-de-los-sentimientos\/\" \/>\n<meta property=\"og:locale\" content=\"ca_ES\" \/>\n<meta property=\"og:type\" content=\"article\" \/>\n<meta property=\"og:title\" content=\"La confusi\u00f3n de los sentimientos | Laertes ediciones\" \/>\n<meta property=\"og:description\" content=\"La confusi\u00f3n de los sentimientos | Escrita por uno de los autores que mejor han retratado las paradojas y avatares de la vieja respetabilidad burguesa\" \/>\n<meta property=\"og:url\" content=\"https:\/\/www.laertes.es\/ca\/llibre\/la-confusion-de-los-sentimientos\/\" \/>\n<meta property=\"og:site_name\" content=\"Laertes ediciones\" \/>\n<meta property=\"article:modified_time\" content=\"2023-05-29T11:52:13+00:00\" \/>\n<meta property=\"og:image\" content=\"https:\/\/www.laertes.es\/wp-content\/uploads\/2023\/05\/REY015.webp\" \/>\n\t<meta property=\"og:image:width\" content=\"802\" \/>\n\t<meta property=\"og:image:height\" content=\"1200\" \/>\n\t<meta property=\"og:image:type\" content=\"image\/webp\" \/>\n<script type=\"application\/ld+json\" class=\"yoast-schema-graph\">{\"@context\":\"https:\\\/\\\/schema.org\",\"@graph\":[{\"@type\":\"WebPage\",\"@id\":\"https:\\\/\\\/www.laertes.es\\\/ca\\\/llibre\\\/la-confusion-de-los-sentimientos\\\/\",\"url\":\"https:\\\/\\\/www.laertes.es\\\/ca\\\/llibre\\\/la-confusion-de-los-sentimientos\\\/\",\"name\":\"La confusi\u00f3n de los sentimientos | Laertes ediciones\",\"isPartOf\":{\"@id\":\"https:\\\/\\\/www.laertes.es\\\/ca\\\/#website\"},\"primaryImageOfPage\":{\"@id\":\"https:\\\/\\\/www.laertes.es\\\/ca\\\/llibre\\\/la-confusion-de-los-sentimientos\\\/#primaryimage\"},\"image\":{\"@id\":\"https:\\\/\\\/www.laertes.es\\\/ca\\\/llibre\\\/la-confusion-de-los-sentimientos\\\/#primaryimage\"},\"thumbnailUrl\":\"https:\\\/\\\/www.laertes.es\\\/wp-content\\\/uploads\\\/2023\\\/05\\\/REY015.webp\",\"datePublished\":\"2023-03-29T08:15:05+00:00\",\"dateModified\":\"2023-05-29T11:52:13+00:00\",\"description\":\"La confusi\u00f3n de los sentimientos | Escrita por uno de los autores que mejor han retratado las paradojas y avatares de la vieja respetabilidad burguesa\",\"breadcrumb\":{\"@id\":\"https:\\\/\\\/www.laertes.es\\\/ca\\\/llibre\\\/la-confusion-de-los-sentimientos\\\/#breadcrumb\"},\"inLanguage\":\"ca\",\"potentialAction\":[{\"@type\":\"ReadAction\",\"target\":[\"https:\\\/\\\/www.laertes.es\\\/ca\\\/llibre\\\/la-confusion-de-los-sentimientos\\\/\"]}]},{\"@type\":\"ImageObject\",\"inLanguage\":\"ca\",\"@id\":\"https:\\\/\\\/www.laertes.es\\\/ca\\\/llibre\\\/la-confusion-de-los-sentimientos\\\/#primaryimage\",\"url\":\"https:\\\/\\\/www.laertes.es\\\/wp-content\\\/uploads\\\/2023\\\/05\\\/REY015.webp\",\"contentUrl\":\"https:\\\/\\\/www.laertes.es\\\/wp-content\\\/uploads\\\/2023\\\/05\\\/REY015.webp\",\"width\":802,\"height\":1200,\"caption\":\"La confusi\u00f3n de los sentimientos\"},{\"@type\":\"BreadcrumbList\",\"@id\":\"https:\\\/\\\/www.laertes.es\\\/ca\\\/llibre\\\/la-confusion-de-los-sentimientos\\\/#breadcrumb\",\"itemListElement\":[{\"@type\":\"ListItem\",\"position\":1,\"name\":\"Portada\",\"item\":\"https:\\\/\\\/www.laertes.es\\\/ca\\\/\"},{\"@type\":\"ListItem\",\"position\":2,\"name\":\"Tienda\",\"item\":\"https:\\\/\\\/www.laertes.es\\\/tienda\\\/\"},{\"@type\":\"ListItem\",\"position\":3,\"name\":\"La confusi\u00f3n de los sentimientos\"}]},{\"@type\":\"WebSite\",\"@id\":\"https:\\\/\\\/www.laertes.es\\\/ca\\\/#website\",\"url\":\"https:\\\/\\\/www.laertes.es\\\/ca\\\/\",\"name\":\"Laertes Ediciones\",\"description\":\"Editorial independiente desde 1975\",\"alternateName\":\"Laertes\",\"potentialAction\":[{\"@type\":\"SearchAction\",\"target\":{\"@type\":\"EntryPoint\",\"urlTemplate\":\"https:\\\/\\\/www.laertes.es\\\/ca\\\/?s={search_term_string}\"},\"query-input\":{\"@type\":\"PropertyValueSpecification\",\"valueRequired\":true,\"valueName\":\"search_term_string\"}}],\"inLanguage\":\"ca\"}]}<\/script>\n<!-- \/ Yoast SEO plugin. -->","yoast_head_json":{"title":"La confusi\u00f3n de los sentimientos | Laertes ediciones","description":"La confusi\u00f3n de los sentimientos | Escrita por uno de los autores que mejor han retratado las paradojas y avatares de la vieja respetabilidad burguesa","robots":{"index":"index","follow":"follow","max-snippet":"max-snippet:-1","max-image-preview":"max-image-preview:large","max-video-preview":"max-video-preview:-1"},"canonical":"https:\/\/www.laertes.es\/ca\/llibre\/la-confusion-de-los-sentimientos\/","og_locale":"ca_ES","og_type":"article","og_title":"La confusi\u00f3n de los sentimientos | Laertes ediciones","og_description":"La confusi\u00f3n de los sentimientos | Escrita por uno de los autores que mejor han retratado las paradojas y avatares de la vieja respetabilidad burguesa","og_url":"https:\/\/www.laertes.es\/ca\/llibre\/la-confusion-de-los-sentimientos\/","og_site_name":"Laertes ediciones","article_modified_time":"2023-05-29T11:52:13+00:00","og_image":[{"width":802,"height":1200,"url":"https:\/\/www.laertes.es\/wp-content\/uploads\/2023\/05\/REY015.webp","type":"image\/webp"}],"schema":{"@context":"https:\/\/schema.org","@graph":[{"@type":"WebPage","@id":"https:\/\/www.laertes.es\/ca\/llibre\/la-confusion-de-los-sentimientos\/","url":"https:\/\/www.laertes.es\/ca\/llibre\/la-confusion-de-los-sentimientos\/","name":"La confusi\u00f3n de los sentimientos | Laertes ediciones","isPartOf":{"@id":"https:\/\/www.laertes.es\/ca\/#website"},"primaryImageOfPage":{"@id":"https:\/\/www.laertes.es\/ca\/llibre\/la-confusion-de-los-sentimientos\/#primaryimage"},"image":{"@id":"https:\/\/www.laertes.es\/ca\/llibre\/la-confusion-de-los-sentimientos\/#primaryimage"},"thumbnailUrl":"https:\/\/www.laertes.es\/wp-content\/uploads\/2023\/05\/REY015.webp","datePublished":"2023-03-29T08:15:05+00:00","dateModified":"2023-05-29T11:52:13+00:00","description":"La confusi\u00f3n de los sentimientos | Escrita por uno de los autores que mejor han retratado las paradojas y avatares de la vieja respetabilidad burguesa","breadcrumb":{"@id":"https:\/\/www.laertes.es\/ca\/llibre\/la-confusion-de-los-sentimientos\/#breadcrumb"},"inLanguage":"ca","potentialAction":[{"@type":"ReadAction","target":["https:\/\/www.laertes.es\/ca\/llibre\/la-confusion-de-los-sentimientos\/"]}]},{"@type":"ImageObject","inLanguage":"ca","@id":"https:\/\/www.laertes.es\/ca\/llibre\/la-confusion-de-los-sentimientos\/#primaryimage","url":"https:\/\/www.laertes.es\/wp-content\/uploads\/2023\/05\/REY015.webp","contentUrl":"https:\/\/www.laertes.es\/wp-content\/uploads\/2023\/05\/REY015.webp","width":802,"height":1200,"caption":"La confusi\u00f3n de los sentimientos"},{"@type":"BreadcrumbList","@id":"https:\/\/www.laertes.es\/ca\/llibre\/la-confusion-de-los-sentimientos\/#breadcrumb","itemListElement":[{"@type":"ListItem","position":1,"name":"Portada","item":"https:\/\/www.laertes.es\/ca\/"},{"@type":"ListItem","position":2,"name":"Tienda","item":"https:\/\/www.laertes.es\/tienda\/"},{"@type":"ListItem","position":3,"name":"La confusi\u00f3n de los sentimientos"}]},{"@type":"WebSite","@id":"https:\/\/www.laertes.es\/ca\/#website","url":"https:\/\/www.laertes.es\/ca\/","name":"Laertes Ediciones","description":"Editorial independiente desde 1975","alternateName":"Laertes","potentialAction":[{"@type":"SearchAction","target":{"@type":"EntryPoint","urlTemplate":"https:\/\/www.laertes.es\/ca\/?s={search_term_string}"},"query-input":{"@type":"PropertyValueSpecification","valueRequired":true,"valueName":"search_term_string"}}],"inLanguage":"ca"}]}},"_links":{"self":[{"href":"https:\/\/www.laertes.es\/ca\/wp-json\/wp\/v2\/product\/13126","targetHints":{"allow":["GET"]}}],"collection":[{"href":"https:\/\/www.laertes.es\/ca\/wp-json\/wp\/v2\/product"}],"about":[{"href":"https:\/\/www.laertes.es\/ca\/wp-json\/wp\/v2\/types\/product"}],"version-history":[{"count":1,"href":"https:\/\/www.laertes.es\/ca\/wp-json\/wp\/v2\/product\/13126\/revisions"}],"predecessor-version":[{"id":14208,"href":"https:\/\/www.laertes.es\/ca\/wp-json\/wp\/v2\/product\/13126\/revisions\/14208"}],"wp:featuredmedia":[{"embeddable":true,"href":"https:\/\/www.laertes.es\/ca\/wp-json\/wp\/v2\/media\/14199"}],"wp:attachment":[{"href":"https:\/\/www.laertes.es\/ca\/wp-json\/wp\/v2\/media?parent=13126"}],"wp:term":[{"taxonomy":"product_brand","embeddable":true,"href":"https:\/\/www.laertes.es\/ca\/wp-json\/wp\/v2\/product_brand?post=13126"},{"taxonomy":"product_cat","embeddable":true,"href":"https:\/\/www.laertes.es\/ca\/wp-json\/wp\/v2\/product_cat?post=13126"},{"taxonomy":"product_tag","embeddable":true,"href":"https:\/\/www.laertes.es\/ca\/wp-json\/wp\/v2\/product_tag?post=13126"},{"taxonomy":"autores","embeddable":true,"href":"https:\/\/www.laertes.es\/ca\/wp-json\/wp\/v2\/autores?post=13126"},{"taxonomy":"formatos","embeddable":true,"href":"https:\/\/www.laertes.es\/ca\/wp-json\/wp\/v2\/formatos?post=13126"},{"taxonomy":"materias","embeddable":true,"href":"https:\/\/www.laertes.es\/ca\/wp-json\/wp\/v2\/materias?post=13126"}],"curies":[{"name":"wp","href":"https:\/\/api.w.org\/{rel}","templated":true}]}}