{"id":13112,"date":"2023-03-17T15:37:10","date_gmt":"2023-03-17T15:37:10","guid":{"rendered":"https:\/libro\/viaje-al-sur-del-yangtse\/"},"modified":"2023-06-08T08:50:41","modified_gmt":"2023-06-08T08:50:41","slug":"viaje-al-sur-del-yangtse","status":"publish","type":"product","link":"https:\/\/www.laertes.es\/ca\/llibre\/viaje-al-sur-del-yangtse\/","title":{"rendered":"Viaje al sur del Yangts\u00e9"},"content":{"rendered":"<p>Viaje al sur del Yangts\u00e9<\/p>\n<p>Viaje al sur del Yangts\u00e9\u00a0Viajar por China es navegar por la perplejidad ante un pasado milenario engullido por bosques de modernidad, pueblos de sofisticadas culturas en peligro de desaparici\u00f3n por un turismo \u00e9tnico implacable, y paisajes espectaculares domesticados para la visita de masas. Pero China es mucho m\u00e1s, en su descomunal territorio acoge m\u00faltiples realidades, y el viaje nos llevar\u00e1 tambi\u00e9n a un pa\u00eds fascinante y herm\u00e9tico, bello y complejo y, sobre todo, muy exigente para el viajero, porque nada es obvio, hay que esforzarse por desvelar lo invisible y, a\u00fan as\u00ed, el viaje terminar\u00e1 lleno de interrogantes abiertos.<br \/>\n<em>\u00a0\u00a0\u00a0<\/em>Este libro relata un viaje al sur de China desde Yunnan, tierra de fronteras y regi\u00f3n de gran riqueza natural, \u00e9tnica y cultural, siguiendo la llamada Ruta del T\u00e9 y el Caballo que, durante siglos, permiti\u00f3 la comunicaci\u00f3n entre el T\u00edbet y las tierras del sur, y entre distintas etnias como tibetanos, han, naxi, bai o hui. El viaje prosigue hacia el este por territorios al sur del r\u00edo Yangts\u00e9 de la provincia de Guizhou, donde habitan las minor\u00edas miao y dong, y de la provincia de Guanxi. En la costa, la antigua Cant\u00f3n reluce en el Delta del R\u00edo Perla, paradigma del \u00e9xito econ\u00f3mico, tecnol\u00f3gico y empresarial de la China contempor\u00e1nea. El final del viaje llega en Hong Kong, bosque de rascacielos, mar, conflictos y finanzas, s\u00edmbolo de las complejas contradicciones por las que atraviesa el pa\u00eds.<br \/>\n<em>\u00a0\u00a0\u00a0<\/em>Aventureros de otros tiempos, poetas, constructores de mitos, exploradoras, escritoras, sin\u00f3logos, se suman a viajeros contempor\u00e1neos y habitantes del pa\u00eds para abrir los ojos de la autora a una realidad fragmentaria, caleidosc\u00f3pica, laber\u00edntica, y siempre apasionante, China.<\/p>\n<p><em>\u00a0\u00a0\u00a0<\/em>Aventureros de otros tiempos, poetas, constructores de mitos, exploradoras, escritoras, sin\u00f3logos, se suman a viajeros contempor\u00e1neos y habitantes del pa\u00eds para abrir los ojos de la autora a una realidad fragmentaria, caleidosc\u00f3pica, laber\u00edntica, y siempre apasionante, China.<\/p>\n","protected":false},"excerpt":{"rendered":"<p>Viaje al sur del Yangts\u00e9 Viaje al sur del Yangts\u00e9\u00a0Viajar por China es navegar por la perplejidad ante un pasado<\/p>\n","protected":false},"featured_media":14313,"template":"","meta":[],"product_brand":[],"product_cat":[339],"product_tag":[641],"autores":[810],"formatos":[355],"materias":[375],"class_list":{"0":"post-13112","1":"product","2":"type-product","3":"status-publish","4":"has-post-thumbnail","6":"product_cat-nan-shan-ca","7":"product_tag-literatura-de-viajes-ca","8":"autores-torres-santo-domingo-marta-ca","9":"formatos-llibre","10":"materias-literatura-de-viajes-ca","12":"first","13":"instock","14":"taxable","15":"shipping-taxable","16":"purchasable","17":"product-type-simple"},"yoast_head":"<!-- This site is optimized with the Yoast SEO plugin v27.4 - https:\/\/yoast.com\/product\/yoast-seo-wordpress\/ -->\n<title>Viaje al sur del Yangts\u00e9 | Laertes ediciones<\/title>\n<meta name=\"description\" content=\"Viajar por China es navegar por la perplejidad ante un pasado milenario engullido por bosques de modernidad | Viaje al sur del Yangts\u00e9\" \/>\n<meta name=\"robots\" content=\"index, follow, max-snippet:-1, max-image-preview:large, max-video-preview:-1\" \/>\n<link rel=\"canonical\" href=\"https:\/\/www.laertes.es\/ca\/llibre\/viaje-al-sur-del-yangtse\/\" \/>\n<meta property=\"og:locale\" content=\"ca_ES\" \/>\n<meta property=\"og:type\" content=\"article\" \/>\n<meta property=\"og:title\" content=\"Viaje al sur del Yangts\u00e9 | Laertes ediciones\" \/>\n<meta property=\"og:description\" content=\"Viajar por China es navegar por la perplejidad ante un pasado milenario engullido por bosques de modernidad | Viaje al sur del Yangts\u00e9\" \/>\n<meta property=\"og:url\" content=\"https:\/\/www.laertes.es\/ca\/llibre\/viaje-al-sur-del-yangtse\/\" \/>\n<meta property=\"og:site_name\" content=\"Laertes ediciones\" \/>\n<meta property=\"article:modified_time\" content=\"2023-06-08T08:50:41+00:00\" \/>\n<meta property=\"og:image\" content=\"https:\/\/www.laertes.es\/wp-content\/uploads\/2023\/03\/NAN094.webp\" \/>\n\t<meta property=\"og:image:width\" content=\"802\" \/>\n\t<meta property=\"og:image:height\" content=\"1200\" \/>\n\t<meta property=\"og:image:type\" content=\"image\/webp\" \/>\n<script type=\"application\/ld+json\" class=\"yoast-schema-graph\">{\"@context\":\"https:\\\/\\\/schema.org\",\"@graph\":[{\"@type\":\"WebPage\",\"@id\":\"https:\\\/\\\/www.laertes.es\\\/ca\\\/llibre\\\/viaje-al-sur-del-yangtse\\\/\",\"url\":\"https:\\\/\\\/www.laertes.es\\\/ca\\\/llibre\\\/viaje-al-sur-del-yangtse\\\/\",\"name\":\"Viaje al sur del Yangts\u00e9 | Laertes ediciones\",\"isPartOf\":{\"@id\":\"https:\\\/\\\/www.laertes.es\\\/ca\\\/#website\"},\"primaryImageOfPage\":{\"@id\":\"https:\\\/\\\/www.laertes.es\\\/ca\\\/llibre\\\/viaje-al-sur-del-yangtse\\\/#primaryimage\"},\"image\":{\"@id\":\"https:\\\/\\\/www.laertes.es\\\/ca\\\/llibre\\\/viaje-al-sur-del-yangtse\\\/#primaryimage\"},\"thumbnailUrl\":\"https:\\\/\\\/www.laertes.es\\\/wp-content\\\/uploads\\\/2023\\\/03\\\/NAN094.webp\",\"datePublished\":\"2023-03-17T15:37:10+00:00\",\"dateModified\":\"2023-06-08T08:50:41+00:00\",\"description\":\"Viajar por China es navegar por la perplejidad ante un pasado milenario engullido por bosques de modernidad | Viaje al sur del Yangts\u00e9\",\"breadcrumb\":{\"@id\":\"https:\\\/\\\/www.laertes.es\\\/ca\\\/llibre\\\/viaje-al-sur-del-yangtse\\\/#breadcrumb\"},\"inLanguage\":\"ca\",\"potentialAction\":[{\"@type\":\"ReadAction\",\"target\":[\"https:\\\/\\\/www.laertes.es\\\/ca\\\/llibre\\\/viaje-al-sur-del-yangtse\\\/\"]}]},{\"@type\":\"ImageObject\",\"inLanguage\":\"ca\",\"@id\":\"https:\\\/\\\/www.laertes.es\\\/ca\\\/llibre\\\/viaje-al-sur-del-yangtse\\\/#primaryimage\",\"url\":\"https:\\\/\\\/www.laertes.es\\\/wp-content\\\/uploads\\\/2023\\\/03\\\/NAN094.webp\",\"contentUrl\":\"https:\\\/\\\/www.laertes.es\\\/wp-content\\\/uploads\\\/2023\\\/03\\\/NAN094.webp\",\"width\":802,\"height\":1200,\"caption\":\"Viaje al sur del Yangts\u00e9\"},{\"@type\":\"BreadcrumbList\",\"@id\":\"https:\\\/\\\/www.laertes.es\\\/ca\\\/llibre\\\/viaje-al-sur-del-yangtse\\\/#breadcrumb\",\"itemListElement\":[{\"@type\":\"ListItem\",\"position\":1,\"name\":\"Portada\",\"item\":\"https:\\\/\\\/www.laertes.es\\\/ca\\\/\"},{\"@type\":\"ListItem\",\"position\":2,\"name\":\"Tienda\",\"item\":\"https:\\\/\\\/www.laertes.es\\\/tienda\\\/\"},{\"@type\":\"ListItem\",\"position\":3,\"name\":\"Viaje al sur del Yangts\u00e9\"}]},{\"@type\":\"WebSite\",\"@id\":\"https:\\\/\\\/www.laertes.es\\\/ca\\\/#website\",\"url\":\"https:\\\/\\\/www.laertes.es\\\/ca\\\/\",\"name\":\"Laertes Ediciones\",\"description\":\"Editorial independiente desde 1975\",\"alternateName\":\"Laertes\",\"potentialAction\":[{\"@type\":\"SearchAction\",\"target\":{\"@type\":\"EntryPoint\",\"urlTemplate\":\"https:\\\/\\\/www.laertes.es\\\/ca\\\/?s={search_term_string}\"},\"query-input\":{\"@type\":\"PropertyValueSpecification\",\"valueRequired\":true,\"valueName\":\"search_term_string\"}}],\"inLanguage\":\"ca\"}]}<\/script>\n<!-- \/ Yoast SEO plugin. -->","yoast_head_json":{"title":"Viaje al sur del Yangts\u00e9 | Laertes ediciones","description":"Viajar por China es navegar por la perplejidad ante un pasado milenario engullido por bosques de modernidad | Viaje al sur del Yangts\u00e9","robots":{"index":"index","follow":"follow","max-snippet":"max-snippet:-1","max-image-preview":"max-image-preview:large","max-video-preview":"max-video-preview:-1"},"canonical":"https:\/\/www.laertes.es\/ca\/llibre\/viaje-al-sur-del-yangtse\/","og_locale":"ca_ES","og_type":"article","og_title":"Viaje al sur del Yangts\u00e9 | Laertes ediciones","og_description":"Viajar por China es navegar por la perplejidad ante un pasado milenario engullido por bosques de modernidad | Viaje al sur del Yangts\u00e9","og_url":"https:\/\/www.laertes.es\/ca\/llibre\/viaje-al-sur-del-yangtse\/","og_site_name":"Laertes ediciones","article_modified_time":"2023-06-08T08:50:41+00:00","og_image":[{"width":802,"height":1200,"url":"https:\/\/www.laertes.es\/wp-content\/uploads\/2023\/03\/NAN094.webp","type":"image\/webp"}],"schema":{"@context":"https:\/\/schema.org","@graph":[{"@type":"WebPage","@id":"https:\/\/www.laertes.es\/ca\/llibre\/viaje-al-sur-del-yangtse\/","url":"https:\/\/www.laertes.es\/ca\/llibre\/viaje-al-sur-del-yangtse\/","name":"Viaje al sur del Yangts\u00e9 | Laertes ediciones","isPartOf":{"@id":"https:\/\/www.laertes.es\/ca\/#website"},"primaryImageOfPage":{"@id":"https:\/\/www.laertes.es\/ca\/llibre\/viaje-al-sur-del-yangtse\/#primaryimage"},"image":{"@id":"https:\/\/www.laertes.es\/ca\/llibre\/viaje-al-sur-del-yangtse\/#primaryimage"},"thumbnailUrl":"https:\/\/www.laertes.es\/wp-content\/uploads\/2023\/03\/NAN094.webp","datePublished":"2023-03-17T15:37:10+00:00","dateModified":"2023-06-08T08:50:41+00:00","description":"Viajar por China es navegar por la perplejidad ante un pasado milenario engullido por bosques de modernidad | Viaje al sur del Yangts\u00e9","breadcrumb":{"@id":"https:\/\/www.laertes.es\/ca\/llibre\/viaje-al-sur-del-yangtse\/#breadcrumb"},"inLanguage":"ca","potentialAction":[{"@type":"ReadAction","target":["https:\/\/www.laertes.es\/ca\/llibre\/viaje-al-sur-del-yangtse\/"]}]},{"@type":"ImageObject","inLanguage":"ca","@id":"https:\/\/www.laertes.es\/ca\/llibre\/viaje-al-sur-del-yangtse\/#primaryimage","url":"https:\/\/www.laertes.es\/wp-content\/uploads\/2023\/03\/NAN094.webp","contentUrl":"https:\/\/www.laertes.es\/wp-content\/uploads\/2023\/03\/NAN094.webp","width":802,"height":1200,"caption":"Viaje al sur del Yangts\u00e9"},{"@type":"BreadcrumbList","@id":"https:\/\/www.laertes.es\/ca\/llibre\/viaje-al-sur-del-yangtse\/#breadcrumb","itemListElement":[{"@type":"ListItem","position":1,"name":"Portada","item":"https:\/\/www.laertes.es\/ca\/"},{"@type":"ListItem","position":2,"name":"Tienda","item":"https:\/\/www.laertes.es\/tienda\/"},{"@type":"ListItem","position":3,"name":"Viaje al sur del Yangts\u00e9"}]},{"@type":"WebSite","@id":"https:\/\/www.laertes.es\/ca\/#website","url":"https:\/\/www.laertes.es\/ca\/","name":"Laertes Ediciones","description":"Editorial independiente desde 1975","alternateName":"Laertes","potentialAction":[{"@type":"SearchAction","target":{"@type":"EntryPoint","urlTemplate":"https:\/\/www.laertes.es\/ca\/?s={search_term_string}"},"query-input":{"@type":"PropertyValueSpecification","valueRequired":true,"valueName":"search_term_string"}}],"inLanguage":"ca"}]}},"_links":{"self":[{"href":"https:\/\/www.laertes.es\/ca\/wp-json\/wp\/v2\/product\/13112","targetHints":{"allow":["GET"]}}],"collection":[{"href":"https:\/\/www.laertes.es\/ca\/wp-json\/wp\/v2\/product"}],"about":[{"href":"https:\/\/www.laertes.es\/ca\/wp-json\/wp\/v2\/types\/product"}],"version-history":[{"count":1,"href":"https:\/\/www.laertes.es\/ca\/wp-json\/wp\/v2\/product\/13112\/revisions"}],"predecessor-version":[{"id":14316,"href":"https:\/\/www.laertes.es\/ca\/wp-json\/wp\/v2\/product\/13112\/revisions\/14316"}],"wp:featuredmedia":[{"embeddable":true,"href":"https:\/\/www.laertes.es\/ca\/wp-json\/wp\/v2\/media\/14313"}],"wp:attachment":[{"href":"https:\/\/www.laertes.es\/ca\/wp-json\/wp\/v2\/media?parent=13112"}],"wp:term":[{"taxonomy":"product_brand","embeddable":true,"href":"https:\/\/www.laertes.es\/ca\/wp-json\/wp\/v2\/product_brand?post=13112"},{"taxonomy":"product_cat","embeddable":true,"href":"https:\/\/www.laertes.es\/ca\/wp-json\/wp\/v2\/product_cat?post=13112"},{"taxonomy":"product_tag","embeddable":true,"href":"https:\/\/www.laertes.es\/ca\/wp-json\/wp\/v2\/product_tag?post=13112"},{"taxonomy":"autores","embeddable":true,"href":"https:\/\/www.laertes.es\/ca\/wp-json\/wp\/v2\/autores?post=13112"},{"taxonomy":"formatos","embeddable":true,"href":"https:\/\/www.laertes.es\/ca\/wp-json\/wp\/v2\/formatos?post=13112"},{"taxonomy":"materias","embeddable":true,"href":"https:\/\/www.laertes.es\/ca\/wp-json\/wp\/v2\/materias?post=13112"}],"curies":[{"name":"wp","href":"https:\/\/api.w.org\/{rel}","templated":true}]}}