{"id":13095,"date":"2023-03-08T08:48:12","date_gmt":"2023-03-08T08:48:12","guid":{"rendered":"https:\/libro\/hijas-del-exilio\/"},"modified":"2025-03-10T10:40:43","modified_gmt":"2025-03-10T10:40:43","slug":"hijas-del-exilio","status":"publish","type":"product","link":"https:\/\/www.laertes.es\/ca\/llibre\/hijas-del-exilio\/","title":{"rendered":"Hijas del exilio"},"content":{"rendered":"<p><em>Hijas del exilio<\/em> es un ejercicio de recuperaci\u00f3n de memoria hist\u00f3rica a partir de la experiencia vital de diez mujeres pertenecientes a la segunda generaci\u00f3n del exilio republicano de 1939. Aunque la contextualizaci\u00f3n hist\u00f3rica del contenido de sus testimonios nos permite transitar a lo largo de un per\u00edodo, que va desde el \u00faltimo tercio del siglo xix hasta el momento actual, lo m\u00e1s relevante es que todas ellas, mayoritariamente nacidas en Francia, son herederas de los valores de la II Rep\u00fablica Espa\u00f1ola. Diez mujeres singulares que han ido conformando su identidad bajo el influjo de los valores de la Segunda Rep\u00fablica espa\u00f1ola (1931-1936) y del legado de la Rep\u00fablica en guerra (1936-1939) y se sienten unidas inquebrantablemente a la memoria de sus antepasados, a su historia familiar.<br \/>\nEl libro se estructura en dos partes. La primera se despliega a partir de cuatro bloques iniciales, los antecedentes y la Rep\u00fablica, la Rep\u00fablica en guerra, la Retirada y la Resistencia contra el fascismo, que corresponder\u00edan al pasado, a los precursores de las diez mujeres. La segunda se desarrolla en dos apartados \u2014la reconstrucci\u00f3n de las vidas truncadas y la supervivencia en la dualidad e historia y memoria: el legado de la Rep\u00fablica\u2014 y son ellas quienes toman conciencia de su realidad al realizar el ejercicio de aceptaci\u00f3n de una herencia, que reconocen como propia y que quieren preservar.<\/p>\n","protected":false},"excerpt":{"rendered":"<p>Hijas del exilio es un ejercicio de recuperaci\u00f3n de memoria hist\u00f3rica a partir de la experiencia vital de diez mujeres<\/p>\n","protected":false},"featured_media":12454,"template":"","meta":[],"product_brand":[],"product_cat":[334],"product_tag":[778,754,770,771],"autores":[779],"formatos":[355],"materias":[372,373],"class_list":{"0":"post-13095","1":"product","2":"type-product","3":"status-publish","4":"has-post-thumbnail","6":"product_cat-laertes-ca","7":"product_tag-exilio-ca","8":"product_tag-feminismo-ca","9":"product_tag-guerra-civil-ca","10":"product_tag-historia-ca","11":"autores-molina-javierre-maria-pilar-ca","12":"formatos-llibre","13":"materias-historia-ca","14":"materias-historia-contemporanea-ca","16":"first","17":"instock","18":"taxable","19":"shipping-taxable","20":"purchasable","21":"product-type-simple"},"yoast_head":"<!-- This site is optimized with the Yoast SEO plugin v27.3 - https:\/\/yoast.com\/product\/yoast-seo-wordpress\/ -->\n<title>Hijas del exilio | Laertes ediciones<\/title>\n<meta name=\"robots\" content=\"index, follow, max-snippet:-1, max-image-preview:large, max-video-preview:-1\" \/>\n<link rel=\"canonical\" href=\"https:\/\/www.laertes.es\/ca\/llibre\/hijas-del-exilio\/\" \/>\n<meta property=\"og:locale\" content=\"ca_ES\" \/>\n<meta property=\"og:type\" content=\"article\" \/>\n<meta property=\"og:title\" content=\"Hijas del exilio | Laertes ediciones\" \/>\n<meta property=\"og:description\" content=\"Hijas del exilio es un ejercicio de recuperaci\u00f3n de memoria hist\u00f3rica a partir de la experiencia vital de diez mujeres\" \/>\n<meta property=\"og:url\" content=\"https:\/\/www.laertes.es\/ca\/llibre\/hijas-del-exilio\/\" \/>\n<meta property=\"og:site_name\" content=\"Laertes ediciones\" \/>\n<meta property=\"article:modified_time\" content=\"2025-03-10T10:40:43+00:00\" \/>\n<meta property=\"og:image\" content=\"https:\/\/www.laertes.es\/wp-content\/uploads\/2023\/03\/LAE135.jpg\" \/>\n\t<meta property=\"og:image:width\" content=\"802\" \/>\n\t<meta property=\"og:image:height\" content=\"1200\" \/>\n\t<meta property=\"og:image:type\" content=\"image\/jpeg\" \/>\n<script type=\"application\/ld+json\" class=\"yoast-schema-graph\">{\"@context\":\"https:\\\/\\\/schema.org\",\"@graph\":[{\"@type\":\"WebPage\",\"@id\":\"https:\\\/\\\/www.laertes.es\\\/ca\\\/llibre\\\/hijas-del-exilio\\\/\",\"url\":\"https:\\\/\\\/www.laertes.es\\\/ca\\\/llibre\\\/hijas-del-exilio\\\/\",\"name\":\"Hijas del exilio | Laertes ediciones\",\"isPartOf\":{\"@id\":\"https:\\\/\\\/www.laertes.es\\\/ca\\\/#website\"},\"primaryImageOfPage\":{\"@id\":\"https:\\\/\\\/www.laertes.es\\\/ca\\\/llibre\\\/hijas-del-exilio\\\/#primaryimage\"},\"image\":{\"@id\":\"https:\\\/\\\/www.laertes.es\\\/ca\\\/llibre\\\/hijas-del-exilio\\\/#primaryimage\"},\"thumbnailUrl\":\"https:\\\/\\\/www.laertes.es\\\/wp-content\\\/uploads\\\/2023\\\/03\\\/LAE135.jpg\",\"datePublished\":\"2023-03-08T08:48:12+00:00\",\"dateModified\":\"2025-03-10T10:40:43+00:00\",\"breadcrumb\":{\"@id\":\"https:\\\/\\\/www.laertes.es\\\/ca\\\/llibre\\\/hijas-del-exilio\\\/#breadcrumb\"},\"inLanguage\":\"ca\",\"potentialAction\":[{\"@type\":\"ReadAction\",\"target\":[\"https:\\\/\\\/www.laertes.es\\\/ca\\\/llibre\\\/hijas-del-exilio\\\/\"]}]},{\"@type\":\"ImageObject\",\"inLanguage\":\"ca\",\"@id\":\"https:\\\/\\\/www.laertes.es\\\/ca\\\/llibre\\\/hijas-del-exilio\\\/#primaryimage\",\"url\":\"https:\\\/\\\/www.laertes.es\\\/wp-content\\\/uploads\\\/2023\\\/03\\\/LAE135.jpg\",\"contentUrl\":\"https:\\\/\\\/www.laertes.es\\\/wp-content\\\/uploads\\\/2023\\\/03\\\/LAE135.jpg\",\"width\":802,\"height\":1200},{\"@type\":\"BreadcrumbList\",\"@id\":\"https:\\\/\\\/www.laertes.es\\\/ca\\\/llibre\\\/hijas-del-exilio\\\/#breadcrumb\",\"itemListElement\":[{\"@type\":\"ListItem\",\"position\":1,\"name\":\"Portada\",\"item\":\"https:\\\/\\\/www.laertes.es\\\/ca\\\/\"},{\"@type\":\"ListItem\",\"position\":2,\"name\":\"Tienda\",\"item\":\"https:\\\/\\\/www.laertes.es\\\/tienda\\\/\"},{\"@type\":\"ListItem\",\"position\":3,\"name\":\"Hijas del exilio\"}]},{\"@type\":\"WebSite\",\"@id\":\"https:\\\/\\\/www.laertes.es\\\/ca\\\/#website\",\"url\":\"https:\\\/\\\/www.laertes.es\\\/ca\\\/\",\"name\":\"Laertes Ediciones\",\"description\":\"Editorial independiente desde 1975\",\"alternateName\":\"Laertes\",\"potentialAction\":[{\"@type\":\"SearchAction\",\"target\":{\"@type\":\"EntryPoint\",\"urlTemplate\":\"https:\\\/\\\/www.laertes.es\\\/ca\\\/?s={search_term_string}\"},\"query-input\":{\"@type\":\"PropertyValueSpecification\",\"valueRequired\":true,\"valueName\":\"search_term_string\"}}],\"inLanguage\":\"ca\"}]}<\/script>\n<!-- \/ Yoast SEO plugin. -->","yoast_head_json":{"title":"Hijas del exilio | Laertes ediciones","robots":{"index":"index","follow":"follow","max-snippet":"max-snippet:-1","max-image-preview":"max-image-preview:large","max-video-preview":"max-video-preview:-1"},"canonical":"https:\/\/www.laertes.es\/ca\/llibre\/hijas-del-exilio\/","og_locale":"ca_ES","og_type":"article","og_title":"Hijas del exilio | Laertes ediciones","og_description":"Hijas del exilio es un ejercicio de recuperaci\u00f3n de memoria hist\u00f3rica a partir de la experiencia vital de diez mujeres","og_url":"https:\/\/www.laertes.es\/ca\/llibre\/hijas-del-exilio\/","og_site_name":"Laertes ediciones","article_modified_time":"2025-03-10T10:40:43+00:00","og_image":[{"width":802,"height":1200,"url":"https:\/\/www.laertes.es\/wp-content\/uploads\/2023\/03\/LAE135.jpg","type":"image\/jpeg"}],"schema":{"@context":"https:\/\/schema.org","@graph":[{"@type":"WebPage","@id":"https:\/\/www.laertes.es\/ca\/llibre\/hijas-del-exilio\/","url":"https:\/\/www.laertes.es\/ca\/llibre\/hijas-del-exilio\/","name":"Hijas del exilio | Laertes ediciones","isPartOf":{"@id":"https:\/\/www.laertes.es\/ca\/#website"},"primaryImageOfPage":{"@id":"https:\/\/www.laertes.es\/ca\/llibre\/hijas-del-exilio\/#primaryimage"},"image":{"@id":"https:\/\/www.laertes.es\/ca\/llibre\/hijas-del-exilio\/#primaryimage"},"thumbnailUrl":"https:\/\/www.laertes.es\/wp-content\/uploads\/2023\/03\/LAE135.jpg","datePublished":"2023-03-08T08:48:12+00:00","dateModified":"2025-03-10T10:40:43+00:00","breadcrumb":{"@id":"https:\/\/www.laertes.es\/ca\/llibre\/hijas-del-exilio\/#breadcrumb"},"inLanguage":"ca","potentialAction":[{"@type":"ReadAction","target":["https:\/\/www.laertes.es\/ca\/llibre\/hijas-del-exilio\/"]}]},{"@type":"ImageObject","inLanguage":"ca","@id":"https:\/\/www.laertes.es\/ca\/llibre\/hijas-del-exilio\/#primaryimage","url":"https:\/\/www.laertes.es\/wp-content\/uploads\/2023\/03\/LAE135.jpg","contentUrl":"https:\/\/www.laertes.es\/wp-content\/uploads\/2023\/03\/LAE135.jpg","width":802,"height":1200},{"@type":"BreadcrumbList","@id":"https:\/\/www.laertes.es\/ca\/llibre\/hijas-del-exilio\/#breadcrumb","itemListElement":[{"@type":"ListItem","position":1,"name":"Portada","item":"https:\/\/www.laertes.es\/ca\/"},{"@type":"ListItem","position":2,"name":"Tienda","item":"https:\/\/www.laertes.es\/tienda\/"},{"@type":"ListItem","position":3,"name":"Hijas del exilio"}]},{"@type":"WebSite","@id":"https:\/\/www.laertes.es\/ca\/#website","url":"https:\/\/www.laertes.es\/ca\/","name":"Laertes Ediciones","description":"Editorial independiente desde 1975","alternateName":"Laertes","potentialAction":[{"@type":"SearchAction","target":{"@type":"EntryPoint","urlTemplate":"https:\/\/www.laertes.es\/ca\/?s={search_term_string}"},"query-input":{"@type":"PropertyValueSpecification","valueRequired":true,"valueName":"search_term_string"}}],"inLanguage":"ca"}]}},"_links":{"self":[{"href":"https:\/\/www.laertes.es\/ca\/wp-json\/wp\/v2\/product\/13095","targetHints":{"allow":["GET"]}}],"collection":[{"href":"https:\/\/www.laertes.es\/ca\/wp-json\/wp\/v2\/product"}],"about":[{"href":"https:\/\/www.laertes.es\/ca\/wp-json\/wp\/v2\/types\/product"}],"version-history":[{"count":2,"href":"https:\/\/www.laertes.es\/ca\/wp-json\/wp\/v2\/product\/13095\/revisions"}],"predecessor-version":[{"id":15495,"href":"https:\/\/www.laertes.es\/ca\/wp-json\/wp\/v2\/product\/13095\/revisions\/15495"}],"wp:featuredmedia":[{"embeddable":true,"href":"https:\/\/www.laertes.es\/ca\/wp-json\/wp\/v2\/media\/12454"}],"wp:attachment":[{"href":"https:\/\/www.laertes.es\/ca\/wp-json\/wp\/v2\/media?parent=13095"}],"wp:term":[{"taxonomy":"product_brand","embeddable":true,"href":"https:\/\/www.laertes.es\/ca\/wp-json\/wp\/v2\/product_brand?post=13095"},{"taxonomy":"product_cat","embeddable":true,"href":"https:\/\/www.laertes.es\/ca\/wp-json\/wp\/v2\/product_cat?post=13095"},{"taxonomy":"product_tag","embeddable":true,"href":"https:\/\/www.laertes.es\/ca\/wp-json\/wp\/v2\/product_tag?post=13095"},{"taxonomy":"autores","embeddable":true,"href":"https:\/\/www.laertes.es\/ca\/wp-json\/wp\/v2\/autores?post=13095"},{"taxonomy":"formatos","embeddable":true,"href":"https:\/\/www.laertes.es\/ca\/wp-json\/wp\/v2\/formatos?post=13095"},{"taxonomy":"materias","embeddable":true,"href":"https:\/\/www.laertes.es\/ca\/wp-json\/wp\/v2\/materias?post=13095"}],"curies":[{"name":"wp","href":"https:\/\/api.w.org\/{rel}","templated":true}]}}