{"id":13064,"date":"2023-03-08T10:32:36","date_gmt":"2023-03-08T10:32:36","guid":{"rendered":"https:\/libro\/la-matematica-nos-facilita-la-vida\/"},"modified":"2023-06-08T10:57:31","modified_gmt":"2023-06-08T10:57:31","slug":"la-matematica-nos-facilita-la-vida","status":"publish","type":"product","link":"https:\/\/www.laertes.es\/ca\/llibre\/la-matematica-nos-facilita-la-vida\/","title":{"rendered":"La matem\u00e1tica nos facilita la vida"},"content":{"rendered":"<h1>La matem\u00e1tica nos facilita la vida<\/h1>\n<p>La matem\u00e1tica nos facilita la vida La matem\u00e1tica siempre aparece como una necesidad de resolver problemas de la vida, no sirve para complicarnos la vida, sino para facilit\u00e1rnosla. El c\u00e1lculo aparece en la Edad de Piedra, donde en las cuevas prehist\u00f3ricas se encuentran s\u00edmbolos que representan los n\u00fameros, nuestros antepasados ten\u00edan la necesidad de contar. \u00bfQu\u00e9 fue primero, las letras o los n\u00fameros?&#8230; Seg\u00fan teor\u00edas de algunos antrop\u00f3logos, primero aparecieron los n\u00fameros que llamamos n\u00fameros naturales y a medida que la sociedad se fue aposentando aparecieron nuevas realidades y la matem\u00e1tica sale a su encuentro para resolver diferentes problemas. Hay muchos juegos divertidos cuya base es el c\u00e1lculo, sin el cual, no existir\u00edan. Tambi\u00e9n los magos utilizan recursos matem\u00e1ticos para realizar juegos de magia que nos resultan sorprendentes. En los diez cap\u00edtulos de que consta el libro se presentan algunos juegos sustentados por la matem\u00e1tica, as\u00ed como peque\u00f1as historias de grandes matem\u00e1ticos que han contribuido a la mejora de la ciencia y a lograr avances impensados hace unos a\u00f1os. La matem\u00e1tica al lado de la ciencia y del progreso. Una vez m\u00e1s, la matem\u00e1tica nos facilita la vida.<\/p>\n<p>La matem\u00e1tica siempre aparece como una necesidad de resolver problemas de\u00a0la vida, no sirve para complicarnos la vida, sino para facilit\u00e1rnosla. El c\u00e1lculo\u00a0aparece en la Edad de Piedra, donde en las cuevas prehist\u00f3ricas se encuentran\u00a0s\u00edmbolos que representan los n\u00fameros, nuestros antepasados ten\u00edan la necesidad\u00a0de contar. \u00bfQu\u00e9 fue primero, las letras o los n\u00fameros?&#8230; Seg\u00fan teor\u00edas de\u00a0algunos antrop\u00f3logos, primero aparecieron los n\u00fameros que llamamos n\u00fameros\u00a0naturales y a medida que la sociedad se fue aposentando aparecieron nuevas\u00a0realidades y la matem\u00e1tica sale a su encuentro para resolver diferentes problemas.\u00a0Hay muchos juegos divertidos cuya base es el c\u00e1lculo, sin el cual, no existir\u00edan.\u00a0Tambi\u00e9n los magos utilizan recursos matem\u00e1ticos para realizar juegos\u00a0de magia que nos resultan sorprendentes. En los diez cap\u00edtulos de que consta\u00a0el libro se presentan algunos juegos sustentados por la matem\u00e1tica, as\u00ed como\u00a0peque\u00f1as historias de grandes matem\u00e1ticos que han contribuido a la mejora de\u00a0la ciencia y a lograr avances impensados hace unos a\u00f1os. La matem\u00e1tica al lado\u00a0de la ciencia y del progreso. Una vez m\u00e1s, la matem\u00e1tica nos facilita la vida.<\/p>\n","protected":false},"excerpt":{"rendered":"<p>La matem\u00e1tica nos facilita la vida La matem\u00e1tica nos facilita la vida La matem\u00e1tica siempre aparece como una necesidad de<\/p>\n","protected":false},"featured_media":14464,"template":"","meta":[],"product_brand":[],"product_cat":[330],"product_tag":[656,740],"autores":[741],"formatos":[355],"materias":[365],"class_list":{"0":"post-13064","1":"product","2":"type-product","3":"status-publish","4":"has-post-thumbnail","6":"product_cat-educacion-ca","7":"product_tag-educacion-ca","8":"product_tag-matematicas-ca","9":"autores-vidal-ramentol-salvador-ca","10":"formatos-llibre","11":"materias-educacion-ca","13":"first","14":"instock","15":"taxable","16":"shipping-taxable","17":"purchasable","18":"product-type-simple"},"yoast_head":"<!-- This site is optimized with the Yoast SEO plugin v27.4 - https:\/\/yoast.com\/product\/yoast-seo-wordpress\/ -->\n<title>La matem\u00e1tica nos facilita la vida | Laertes ediciones<\/title>\n<meta name=\"description\" content=\"La matem\u00e1tica siempre aparece como una necesidad de resolver problemas de\u00a0la vida, no sirve para complicarnos la vida, sino para facilit\u00e1rnosla.\" \/>\n<meta name=\"robots\" content=\"index, follow, max-snippet:-1, max-image-preview:large, max-video-preview:-1\" \/>\n<link rel=\"canonical\" href=\"https:\/\/www.laertes.es\/ca\/llibre\/la-matematica-nos-facilita-la-vida\/\" \/>\n<meta property=\"og:locale\" content=\"ca_ES\" \/>\n<meta property=\"og:type\" content=\"article\" \/>\n<meta property=\"og:title\" content=\"La matem\u00e1tica nos facilita la vida | Laertes ediciones\" \/>\n<meta property=\"og:description\" content=\"La matem\u00e1tica siempre aparece como una necesidad de resolver problemas de\u00a0la vida, no sirve para complicarnos la vida, sino para facilit\u00e1rnosla.\" \/>\n<meta property=\"og:url\" content=\"https:\/\/www.laertes.es\/ca\/llibre\/la-matematica-nos-facilita-la-vida\/\" \/>\n<meta property=\"og:site_name\" content=\"Laertes ediciones\" \/>\n<meta property=\"article:modified_time\" content=\"2023-06-08T10:57:31+00:00\" \/>\n<meta property=\"og:image\" content=\"https:\/\/www.laertes.es\/wp-content\/uploads\/2023\/03\/EDU145.webp\" \/>\n\t<meta property=\"og:image:width\" content=\"802\" \/>\n\t<meta property=\"og:image:height\" content=\"1200\" \/>\n\t<meta property=\"og:image:type\" content=\"image\/webp\" \/>\n<script type=\"application\/ld+json\" class=\"yoast-schema-graph\">{\"@context\":\"https:\\\/\\\/schema.org\",\"@graph\":[{\"@type\":\"WebPage\",\"@id\":\"https:\\\/\\\/www.laertes.es\\\/ca\\\/llibre\\\/la-matematica-nos-facilita-la-vida\\\/\",\"url\":\"https:\\\/\\\/www.laertes.es\\\/ca\\\/llibre\\\/la-matematica-nos-facilita-la-vida\\\/\",\"name\":\"La matem\u00e1tica nos facilita la vida | Laertes ediciones\",\"isPartOf\":{\"@id\":\"https:\\\/\\\/www.laertes.es\\\/ca\\\/#website\"},\"primaryImageOfPage\":{\"@id\":\"https:\\\/\\\/www.laertes.es\\\/ca\\\/llibre\\\/la-matematica-nos-facilita-la-vida\\\/#primaryimage\"},\"image\":{\"@id\":\"https:\\\/\\\/www.laertes.es\\\/ca\\\/llibre\\\/la-matematica-nos-facilita-la-vida\\\/#primaryimage\"},\"thumbnailUrl\":\"https:\\\/\\\/www.laertes.es\\\/wp-content\\\/uploads\\\/2023\\\/03\\\/EDU145.webp\",\"datePublished\":\"2023-03-08T10:32:36+00:00\",\"dateModified\":\"2023-06-08T10:57:31+00:00\",\"description\":\"La matem\u00e1tica siempre aparece como una necesidad de resolver problemas de\u00a0la vida, no sirve para complicarnos la vida, sino para facilit\u00e1rnosla.\",\"breadcrumb\":{\"@id\":\"https:\\\/\\\/www.laertes.es\\\/ca\\\/llibre\\\/la-matematica-nos-facilita-la-vida\\\/#breadcrumb\"},\"inLanguage\":\"ca\",\"potentialAction\":[{\"@type\":\"ReadAction\",\"target\":[\"https:\\\/\\\/www.laertes.es\\\/ca\\\/llibre\\\/la-matematica-nos-facilita-la-vida\\\/\"]}]},{\"@type\":\"ImageObject\",\"inLanguage\":\"ca\",\"@id\":\"https:\\\/\\\/www.laertes.es\\\/ca\\\/llibre\\\/la-matematica-nos-facilita-la-vida\\\/#primaryimage\",\"url\":\"https:\\\/\\\/www.laertes.es\\\/wp-content\\\/uploads\\\/2023\\\/03\\\/EDU145.webp\",\"contentUrl\":\"https:\\\/\\\/www.laertes.es\\\/wp-content\\\/uploads\\\/2023\\\/03\\\/EDU145.webp\",\"width\":802,\"height\":1200,\"caption\":\"La matem\u00e1tica nos facilita la vida\"},{\"@type\":\"BreadcrumbList\",\"@id\":\"https:\\\/\\\/www.laertes.es\\\/ca\\\/llibre\\\/la-matematica-nos-facilita-la-vida\\\/#breadcrumb\",\"itemListElement\":[{\"@type\":\"ListItem\",\"position\":1,\"name\":\"Portada\",\"item\":\"https:\\\/\\\/www.laertes.es\\\/ca\\\/\"},{\"@type\":\"ListItem\",\"position\":2,\"name\":\"Tienda\",\"item\":\"https:\\\/\\\/www.laertes.es\\\/tienda\\\/\"},{\"@type\":\"ListItem\",\"position\":3,\"name\":\"La matem\u00e1tica nos facilita la vida\"}]},{\"@type\":\"WebSite\",\"@id\":\"https:\\\/\\\/www.laertes.es\\\/ca\\\/#website\",\"url\":\"https:\\\/\\\/www.laertes.es\\\/ca\\\/\",\"name\":\"Laertes Ediciones\",\"description\":\"Editorial independiente desde 1975\",\"alternateName\":\"Laertes\",\"potentialAction\":[{\"@type\":\"SearchAction\",\"target\":{\"@type\":\"EntryPoint\",\"urlTemplate\":\"https:\\\/\\\/www.laertes.es\\\/ca\\\/?s={search_term_string}\"},\"query-input\":{\"@type\":\"PropertyValueSpecification\",\"valueRequired\":true,\"valueName\":\"search_term_string\"}}],\"inLanguage\":\"ca\"}]}<\/script>\n<!-- \/ Yoast SEO plugin. -->","yoast_head_json":{"title":"La matem\u00e1tica nos facilita la vida | Laertes ediciones","description":"La matem\u00e1tica siempre aparece como una necesidad de resolver problemas de\u00a0la vida, no sirve para complicarnos la vida, sino para facilit\u00e1rnosla.","robots":{"index":"index","follow":"follow","max-snippet":"max-snippet:-1","max-image-preview":"max-image-preview:large","max-video-preview":"max-video-preview:-1"},"canonical":"https:\/\/www.laertes.es\/ca\/llibre\/la-matematica-nos-facilita-la-vida\/","og_locale":"ca_ES","og_type":"article","og_title":"La matem\u00e1tica nos facilita la vida | Laertes ediciones","og_description":"La matem\u00e1tica siempre aparece como una necesidad de resolver problemas de\u00a0la vida, no sirve para complicarnos la vida, sino para facilit\u00e1rnosla.","og_url":"https:\/\/www.laertes.es\/ca\/llibre\/la-matematica-nos-facilita-la-vida\/","og_site_name":"Laertes ediciones","article_modified_time":"2023-06-08T10:57:31+00:00","og_image":[{"width":802,"height":1200,"url":"https:\/\/www.laertes.es\/wp-content\/uploads\/2023\/03\/EDU145.webp","type":"image\/webp"}],"schema":{"@context":"https:\/\/schema.org","@graph":[{"@type":"WebPage","@id":"https:\/\/www.laertes.es\/ca\/llibre\/la-matematica-nos-facilita-la-vida\/","url":"https:\/\/www.laertes.es\/ca\/llibre\/la-matematica-nos-facilita-la-vida\/","name":"La matem\u00e1tica nos facilita la vida | Laertes ediciones","isPartOf":{"@id":"https:\/\/www.laertes.es\/ca\/#website"},"primaryImageOfPage":{"@id":"https:\/\/www.laertes.es\/ca\/llibre\/la-matematica-nos-facilita-la-vida\/#primaryimage"},"image":{"@id":"https:\/\/www.laertes.es\/ca\/llibre\/la-matematica-nos-facilita-la-vida\/#primaryimage"},"thumbnailUrl":"https:\/\/www.laertes.es\/wp-content\/uploads\/2023\/03\/EDU145.webp","datePublished":"2023-03-08T10:32:36+00:00","dateModified":"2023-06-08T10:57:31+00:00","description":"La matem\u00e1tica siempre aparece como una necesidad de resolver problemas de\u00a0la vida, no sirve para complicarnos la vida, sino para facilit\u00e1rnosla.","breadcrumb":{"@id":"https:\/\/www.laertes.es\/ca\/llibre\/la-matematica-nos-facilita-la-vida\/#breadcrumb"},"inLanguage":"ca","potentialAction":[{"@type":"ReadAction","target":["https:\/\/www.laertes.es\/ca\/llibre\/la-matematica-nos-facilita-la-vida\/"]}]},{"@type":"ImageObject","inLanguage":"ca","@id":"https:\/\/www.laertes.es\/ca\/llibre\/la-matematica-nos-facilita-la-vida\/#primaryimage","url":"https:\/\/www.laertes.es\/wp-content\/uploads\/2023\/03\/EDU145.webp","contentUrl":"https:\/\/www.laertes.es\/wp-content\/uploads\/2023\/03\/EDU145.webp","width":802,"height":1200,"caption":"La matem\u00e1tica nos facilita la vida"},{"@type":"BreadcrumbList","@id":"https:\/\/www.laertes.es\/ca\/llibre\/la-matematica-nos-facilita-la-vida\/#breadcrumb","itemListElement":[{"@type":"ListItem","position":1,"name":"Portada","item":"https:\/\/www.laertes.es\/ca\/"},{"@type":"ListItem","position":2,"name":"Tienda","item":"https:\/\/www.laertes.es\/tienda\/"},{"@type":"ListItem","position":3,"name":"La matem\u00e1tica nos facilita la vida"}]},{"@type":"WebSite","@id":"https:\/\/www.laertes.es\/ca\/#website","url":"https:\/\/www.laertes.es\/ca\/","name":"Laertes Ediciones","description":"Editorial independiente desde 1975","alternateName":"Laertes","potentialAction":[{"@type":"SearchAction","target":{"@type":"EntryPoint","urlTemplate":"https:\/\/www.laertes.es\/ca\/?s={search_term_string}"},"query-input":{"@type":"PropertyValueSpecification","valueRequired":true,"valueName":"search_term_string"}}],"inLanguage":"ca"}]}},"_links":{"self":[{"href":"https:\/\/www.laertes.es\/ca\/wp-json\/wp\/v2\/product\/13064","targetHints":{"allow":["GET"]}}],"collection":[{"href":"https:\/\/www.laertes.es\/ca\/wp-json\/wp\/v2\/product"}],"about":[{"href":"https:\/\/www.laertes.es\/ca\/wp-json\/wp\/v2\/types\/product"}],"version-history":[{"count":1,"href":"https:\/\/www.laertes.es\/ca\/wp-json\/wp\/v2\/product\/13064\/revisions"}],"predecessor-version":[{"id":14466,"href":"https:\/\/www.laertes.es\/ca\/wp-json\/wp\/v2\/product\/13064\/revisions\/14466"}],"wp:featuredmedia":[{"embeddable":true,"href":"https:\/\/www.laertes.es\/ca\/wp-json\/wp\/v2\/media\/14464"}],"wp:attachment":[{"href":"https:\/\/www.laertes.es\/ca\/wp-json\/wp\/v2\/media?parent=13064"}],"wp:term":[{"taxonomy":"product_brand","embeddable":true,"href":"https:\/\/www.laertes.es\/ca\/wp-json\/wp\/v2\/product_brand?post=13064"},{"taxonomy":"product_cat","embeddable":true,"href":"https:\/\/www.laertes.es\/ca\/wp-json\/wp\/v2\/product_cat?post=13064"},{"taxonomy":"product_tag","embeddable":true,"href":"https:\/\/www.laertes.es\/ca\/wp-json\/wp\/v2\/product_tag?post=13064"},{"taxonomy":"autores","embeddable":true,"href":"https:\/\/www.laertes.es\/ca\/wp-json\/wp\/v2\/autores?post=13064"},{"taxonomy":"formatos","embeddable":true,"href":"https:\/\/www.laertes.es\/ca\/wp-json\/wp\/v2\/formatos?post=13064"},{"taxonomy":"materias","embeddable":true,"href":"https:\/\/www.laertes.es\/ca\/wp-json\/wp\/v2\/materias?post=13064"}],"curies":[{"name":"wp","href":"https:\/\/api.w.org\/{rel}","templated":true}]}}