{"id":13060,"date":"2023-03-24T08:23:11","date_gmt":"2023-03-24T08:23:11","guid":{"rendered":"https:\/libro\/dialogos-con-manuel-b-cossio\/"},"modified":"2023-06-08T10:51:07","modified_gmt":"2023-06-08T10:51:07","slug":"dialogos-con-manuel-b-cossio","status":"publish","type":"product","link":"https:\/\/www.laertes.es\/ca\/llibre\/dialogos-con-manuel-b-cossio\/","title":{"rendered":"Di\u00e1logos con Manuel B. Coss\u00edo"},"content":{"rendered":"<h1>Di\u00e1logos con Manuel B. Coss\u00edo<\/h1>\n<p>Di\u00e1logos con Manuel B. Coss\u00edo El autor busca respuestas a la pregunta \u00bfqu\u00e9 podemos hacer para que en todos los centros de ense\u00f1anza se utilicen m\u00e9todos y pr\u00e1cticas que conecten mejor con el alumnado? Utiliza el recurso de un di\u00e1logo imaginario con Manuel Bartolom\u00e9 Coss\u00edo, el personaje m\u00e1s determinante en la renovaci\u00f3n educativa en nuestro pa\u00eds de las \u00faltimas d\u00e9cadas del siglo XIX y las primeras del XX, para ver c\u00f3mo se pueden superar los problemas que siguen dificultando la innovaci\u00f3n. En el recorrido, el texto recoge aportaciones de algunas de las experiencias innovadoras, desde la Instituci\u00f3n Libre de Ense\u00f1anza hasta el presente.<br \/>\n<em>\u00a0\u00a0\u00a0<\/em>El autor sugiere que se debe impulsar un gran pacto por la educaci\u00f3n \u0097que preserve el papel central de la ense\u00f1anza p\u00fablica y garantice su estabilidad\u0097 para establecer el compromiso de renovarla en todos los niveles. La aspiraci\u00f3n de los ciudadanos de conseguir una sociedad m\u00e1s justa y democr\u00e1tica s\u00f3lo se convertir\u00e1 en realidad si se apoya en un buen sistema educativo.<\/p>\n<p>Di\u00e1logos con Manuel B. Coss\u00edo El autor busca respuestas a la pregunta \u00bfqu\u00e9 podemos hacer para que en todos los centros de ense\u00f1anza se utilicen m\u00e9todos y pr\u00e1cticas que conecten mejor con el alumnado? Utiliza el recurso de un di\u00e1logo imaginario con Manuel Bartolom\u00e9 Coss\u00edo, el personaje m\u00e1s determinante en la renovaci\u00f3n educativa en nuestro pa\u00eds de las \u00faltimas d\u00e9cadas del siglo XIX y las primeras del XX, para ver c\u00f3mo se pueden superar los problemas que siguen dificultando la innovaci\u00f3n. En el recorrido, el texto recoge aportaciones de algunas de las experiencias innovadoras, desde la Instituci\u00f3n Libre de Ense\u00f1anza hasta el presente.<br \/>\n<em>\u00a0\u00a0\u00a0<\/em>El autor sugiere que se debe impulsar un gran pacto por la educaci\u00f3n \u0097que preserve el papel central de la ense\u00f1anza p\u00fablica y garantice su estabilidad\u0097 para establecer el compromiso de renovarla en todos los niveles. La aspiraci\u00f3n de los ciudadanos de conseguir una sociedad m\u00e1s justa y democr\u00e1tica s\u00f3lo se convertir\u00e1 en realidad si se apoya en un buen sistema educativo.<\/p>\n","protected":false},"excerpt":{"rendered":"<p>Di\u00e1logos con Manuel B. Coss\u00edo Di\u00e1logos con Manuel B. Coss\u00edo El autor busca respuestas a la pregunta \u00bfqu\u00e9 podemos hacer<\/p>\n","protected":false},"featured_media":14448,"template":"","meta":[],"product_brand":[],"product_cat":[330],"product_tag":[656],"autores":[658],"formatos":[355],"materias":[365],"class_list":{"0":"post-13060","1":"product","2":"type-product","3":"status-publish","4":"has-post-thumbnail","6":"product_cat-educacion-ca","7":"product_tag-educacion-ca","8":"autores-maceda-pio-ca","9":"formatos-llibre","10":"materias-educacion-ca","12":"first","13":"instock","14":"taxable","15":"shipping-taxable","16":"purchasable","17":"product-type-simple"},"yoast_head":"<!-- This site is optimized with the Yoast SEO plugin v27.4 - https:\/\/yoast.com\/product\/yoast-seo-wordpress\/ -->\n<title>Di\u00e1logos con Manuel B. Coss\u00edo | Laertes ediciones<\/title>\n<meta name=\"description\" content=\"Di\u00e1logos con Manuel B. Coss\u00edo \u00bfQu\u00e9 hacer para que en todos los centros de ense\u00f1anza se utilicen m\u00e9todos y pr\u00e1cticas que conecten mejor con el alumnado?\" \/>\n<meta name=\"robots\" content=\"index, follow, max-snippet:-1, max-image-preview:large, max-video-preview:-1\" \/>\n<link rel=\"canonical\" href=\"https:\/\/www.laertes.es\/ca\/llibre\/dialogos-con-manuel-b-cossio\/\" \/>\n<meta property=\"og:locale\" content=\"ca_ES\" \/>\n<meta property=\"og:type\" content=\"article\" \/>\n<meta property=\"og:title\" content=\"Di\u00e1logos con Manuel B. Coss\u00edo | Laertes ediciones\" \/>\n<meta property=\"og:description\" content=\"Di\u00e1logos con Manuel B. Coss\u00edo \u00bfQu\u00e9 hacer para que en todos los centros de ense\u00f1anza se utilicen m\u00e9todos y pr\u00e1cticas que conecten mejor con el alumnado?\" \/>\n<meta property=\"og:url\" content=\"https:\/\/www.laertes.es\/ca\/llibre\/dialogos-con-manuel-b-cossio\/\" \/>\n<meta property=\"og:site_name\" content=\"Laertes ediciones\" \/>\n<meta property=\"article:modified_time\" content=\"2023-06-08T10:51:07+00:00\" \/>\n<meta property=\"og:image\" content=\"https:\/\/www.laertes.es\/wp-content\/uploads\/2023\/03\/EDU141.webp\" \/>\n\t<meta property=\"og:image:width\" content=\"802\" \/>\n\t<meta property=\"og:image:height\" content=\"1200\" \/>\n\t<meta property=\"og:image:type\" content=\"image\/webp\" \/>\n<script type=\"application\/ld+json\" class=\"yoast-schema-graph\">{\"@context\":\"https:\\\/\\\/schema.org\",\"@graph\":[{\"@type\":\"WebPage\",\"@id\":\"https:\\\/\\\/www.laertes.es\\\/ca\\\/llibre\\\/dialogos-con-manuel-b-cossio\\\/\",\"url\":\"https:\\\/\\\/www.laertes.es\\\/ca\\\/llibre\\\/dialogos-con-manuel-b-cossio\\\/\",\"name\":\"Di\u00e1logos con Manuel B. Coss\u00edo | Laertes ediciones\",\"isPartOf\":{\"@id\":\"https:\\\/\\\/www.laertes.es\\\/ca\\\/#website\"},\"primaryImageOfPage\":{\"@id\":\"https:\\\/\\\/www.laertes.es\\\/ca\\\/llibre\\\/dialogos-con-manuel-b-cossio\\\/#primaryimage\"},\"image\":{\"@id\":\"https:\\\/\\\/www.laertes.es\\\/ca\\\/llibre\\\/dialogos-con-manuel-b-cossio\\\/#primaryimage\"},\"thumbnailUrl\":\"https:\\\/\\\/www.laertes.es\\\/wp-content\\\/uploads\\\/2023\\\/03\\\/EDU141.webp\",\"datePublished\":\"2023-03-24T08:23:11+00:00\",\"dateModified\":\"2023-06-08T10:51:07+00:00\",\"description\":\"Di\u00e1logos con Manuel B. Coss\u00edo \u00bfQu\u00e9 hacer para que en todos los centros de ense\u00f1anza se utilicen m\u00e9todos y pr\u00e1cticas que conecten mejor con el alumnado?\",\"breadcrumb\":{\"@id\":\"https:\\\/\\\/www.laertes.es\\\/ca\\\/llibre\\\/dialogos-con-manuel-b-cossio\\\/#breadcrumb\"},\"inLanguage\":\"ca\",\"potentialAction\":[{\"@type\":\"ReadAction\",\"target\":[\"https:\\\/\\\/www.laertes.es\\\/ca\\\/llibre\\\/dialogos-con-manuel-b-cossio\\\/\"]}]},{\"@type\":\"ImageObject\",\"inLanguage\":\"ca\",\"@id\":\"https:\\\/\\\/www.laertes.es\\\/ca\\\/llibre\\\/dialogos-con-manuel-b-cossio\\\/#primaryimage\",\"url\":\"https:\\\/\\\/www.laertes.es\\\/wp-content\\\/uploads\\\/2023\\\/03\\\/EDU141.webp\",\"contentUrl\":\"https:\\\/\\\/www.laertes.es\\\/wp-content\\\/uploads\\\/2023\\\/03\\\/EDU141.webp\",\"width\":802,\"height\":1200,\"caption\":\"Di\u00e1logos con Manuel B. Coss\u00edo\"},{\"@type\":\"BreadcrumbList\",\"@id\":\"https:\\\/\\\/www.laertes.es\\\/ca\\\/llibre\\\/dialogos-con-manuel-b-cossio\\\/#breadcrumb\",\"itemListElement\":[{\"@type\":\"ListItem\",\"position\":1,\"name\":\"Portada\",\"item\":\"https:\\\/\\\/www.laertes.es\\\/ca\\\/\"},{\"@type\":\"ListItem\",\"position\":2,\"name\":\"Tienda\",\"item\":\"https:\\\/\\\/www.laertes.es\\\/tienda\\\/\"},{\"@type\":\"ListItem\",\"position\":3,\"name\":\"Di\u00e1logos con Manuel B. Coss\u00edo\"}]},{\"@type\":\"WebSite\",\"@id\":\"https:\\\/\\\/www.laertes.es\\\/ca\\\/#website\",\"url\":\"https:\\\/\\\/www.laertes.es\\\/ca\\\/\",\"name\":\"Laertes Ediciones\",\"description\":\"Editorial independiente desde 1975\",\"alternateName\":\"Laertes\",\"potentialAction\":[{\"@type\":\"SearchAction\",\"target\":{\"@type\":\"EntryPoint\",\"urlTemplate\":\"https:\\\/\\\/www.laertes.es\\\/ca\\\/?s={search_term_string}\"},\"query-input\":{\"@type\":\"PropertyValueSpecification\",\"valueRequired\":true,\"valueName\":\"search_term_string\"}}],\"inLanguage\":\"ca\"}]}<\/script>\n<!-- \/ Yoast SEO plugin. -->","yoast_head_json":{"title":"Di\u00e1logos con Manuel B. Coss\u00edo | Laertes ediciones","description":"Di\u00e1logos con Manuel B. Coss\u00edo \u00bfQu\u00e9 hacer para que en todos los centros de ense\u00f1anza se utilicen m\u00e9todos y pr\u00e1cticas que conecten mejor con el alumnado?","robots":{"index":"index","follow":"follow","max-snippet":"max-snippet:-1","max-image-preview":"max-image-preview:large","max-video-preview":"max-video-preview:-1"},"canonical":"https:\/\/www.laertes.es\/ca\/llibre\/dialogos-con-manuel-b-cossio\/","og_locale":"ca_ES","og_type":"article","og_title":"Di\u00e1logos con Manuel B. Coss\u00edo | Laertes ediciones","og_description":"Di\u00e1logos con Manuel B. Coss\u00edo \u00bfQu\u00e9 hacer para que en todos los centros de ense\u00f1anza se utilicen m\u00e9todos y pr\u00e1cticas que conecten mejor con el alumnado?","og_url":"https:\/\/www.laertes.es\/ca\/llibre\/dialogos-con-manuel-b-cossio\/","og_site_name":"Laertes ediciones","article_modified_time":"2023-06-08T10:51:07+00:00","og_image":[{"width":802,"height":1200,"url":"https:\/\/www.laertes.es\/wp-content\/uploads\/2023\/03\/EDU141.webp","type":"image\/webp"}],"schema":{"@context":"https:\/\/schema.org","@graph":[{"@type":"WebPage","@id":"https:\/\/www.laertes.es\/ca\/llibre\/dialogos-con-manuel-b-cossio\/","url":"https:\/\/www.laertes.es\/ca\/llibre\/dialogos-con-manuel-b-cossio\/","name":"Di\u00e1logos con Manuel B. Coss\u00edo | Laertes ediciones","isPartOf":{"@id":"https:\/\/www.laertes.es\/ca\/#website"},"primaryImageOfPage":{"@id":"https:\/\/www.laertes.es\/ca\/llibre\/dialogos-con-manuel-b-cossio\/#primaryimage"},"image":{"@id":"https:\/\/www.laertes.es\/ca\/llibre\/dialogos-con-manuel-b-cossio\/#primaryimage"},"thumbnailUrl":"https:\/\/www.laertes.es\/wp-content\/uploads\/2023\/03\/EDU141.webp","datePublished":"2023-03-24T08:23:11+00:00","dateModified":"2023-06-08T10:51:07+00:00","description":"Di\u00e1logos con Manuel B. Coss\u00edo \u00bfQu\u00e9 hacer para que en todos los centros de ense\u00f1anza se utilicen m\u00e9todos y pr\u00e1cticas que conecten mejor con el alumnado?","breadcrumb":{"@id":"https:\/\/www.laertes.es\/ca\/llibre\/dialogos-con-manuel-b-cossio\/#breadcrumb"},"inLanguage":"ca","potentialAction":[{"@type":"ReadAction","target":["https:\/\/www.laertes.es\/ca\/llibre\/dialogos-con-manuel-b-cossio\/"]}]},{"@type":"ImageObject","inLanguage":"ca","@id":"https:\/\/www.laertes.es\/ca\/llibre\/dialogos-con-manuel-b-cossio\/#primaryimage","url":"https:\/\/www.laertes.es\/wp-content\/uploads\/2023\/03\/EDU141.webp","contentUrl":"https:\/\/www.laertes.es\/wp-content\/uploads\/2023\/03\/EDU141.webp","width":802,"height":1200,"caption":"Di\u00e1logos con Manuel B. Coss\u00edo"},{"@type":"BreadcrumbList","@id":"https:\/\/www.laertes.es\/ca\/llibre\/dialogos-con-manuel-b-cossio\/#breadcrumb","itemListElement":[{"@type":"ListItem","position":1,"name":"Portada","item":"https:\/\/www.laertes.es\/ca\/"},{"@type":"ListItem","position":2,"name":"Tienda","item":"https:\/\/www.laertes.es\/tienda\/"},{"@type":"ListItem","position":3,"name":"Di\u00e1logos con Manuel B. Coss\u00edo"}]},{"@type":"WebSite","@id":"https:\/\/www.laertes.es\/ca\/#website","url":"https:\/\/www.laertes.es\/ca\/","name":"Laertes Ediciones","description":"Editorial independiente desde 1975","alternateName":"Laertes","potentialAction":[{"@type":"SearchAction","target":{"@type":"EntryPoint","urlTemplate":"https:\/\/www.laertes.es\/ca\/?s={search_term_string}"},"query-input":{"@type":"PropertyValueSpecification","valueRequired":true,"valueName":"search_term_string"}}],"inLanguage":"ca"}]}},"_links":{"self":[{"href":"https:\/\/www.laertes.es\/ca\/wp-json\/wp\/v2\/product\/13060","targetHints":{"allow":["GET"]}}],"collection":[{"href":"https:\/\/www.laertes.es\/ca\/wp-json\/wp\/v2\/product"}],"about":[{"href":"https:\/\/www.laertes.es\/ca\/wp-json\/wp\/v2\/types\/product"}],"version-history":[{"count":1,"href":"https:\/\/www.laertes.es\/ca\/wp-json\/wp\/v2\/product\/13060\/revisions"}],"predecessor-version":[{"id":14451,"href":"https:\/\/www.laertes.es\/ca\/wp-json\/wp\/v2\/product\/13060\/revisions\/14451"}],"wp:featuredmedia":[{"embeddable":true,"href":"https:\/\/www.laertes.es\/ca\/wp-json\/wp\/v2\/media\/14448"}],"wp:attachment":[{"href":"https:\/\/www.laertes.es\/ca\/wp-json\/wp\/v2\/media?parent=13060"}],"wp:term":[{"taxonomy":"product_brand","embeddable":true,"href":"https:\/\/www.laertes.es\/ca\/wp-json\/wp\/v2\/product_brand?post=13060"},{"taxonomy":"product_cat","embeddable":true,"href":"https:\/\/www.laertes.es\/ca\/wp-json\/wp\/v2\/product_cat?post=13060"},{"taxonomy":"product_tag","embeddable":true,"href":"https:\/\/www.laertes.es\/ca\/wp-json\/wp\/v2\/product_tag?post=13060"},{"taxonomy":"autores","embeddable":true,"href":"https:\/\/www.laertes.es\/ca\/wp-json\/wp\/v2\/autores?post=13060"},{"taxonomy":"formatos","embeddable":true,"href":"https:\/\/www.laertes.es\/ca\/wp-json\/wp\/v2\/formatos?post=13060"},{"taxonomy":"materias","embeddable":true,"href":"https:\/\/www.laertes.es\/ca\/wp-json\/wp\/v2\/materias?post=13060"}],"curies":[{"name":"wp","href":"https:\/\/api.w.org\/{rel}","templated":true}]}}