{"id":13054,"date":"2023-03-08T06:27:35","date_gmt":"2023-03-08T06:27:35","guid":{"rendered":"https:\/libro\/la-hiena-de-la-pustza\/"},"modified":"2023-06-08T10:31:11","modified_gmt":"2023-06-08T10:31:11","slug":"la-hiena-de-la-pustza","status":"publish","type":"product","link":"https:\/\/www.laertes.es\/ca\/llibre\/la-hiena-de-la-pustza\/","title":{"rendered":"La hiena de la Pustza"},"content":{"rendered":"<h1>La hiena de la Pustza<\/h1>\n<p><em>La hiena de la Pustza<\/em>, es la historia de un duelo a muerte, una historia de yunque y martillo, en la que Anna Klauer, humillada y despreciada, cumplir\u00e1 una venganza terrible dirigida contra todos los hombres. La fulgurante ascensi\u00f3n social y su relaci\u00f3n con el bandolerismo, sirven para desencadenar la acci\u00f3n vertiginosa, las intrigas, el recurso a la hechicer\u00eda, vesan\u00edas sin l\u00edmite, espoleado todo ello por el inmenso vac\u00edo interior de quien persigue la belleza en el marco de una crueldad rara.<\/p>\n<p><em>La hiena de la Pustza<\/em>, es la historia de un duelo a muerte, una historia de yunque y martillo, en la que Anna Klauer, humillada y despreciada, cumplir\u00e1 una venganza terrible dirigida contra todos los hombres. La fulgurante ascensi\u00f3n social y su relaci\u00f3n con el bandolerismo, sirven para desencadenar la acci\u00f3n vertiginosa, las intrigas, el recurso a la hechicer\u00eda, vesan\u00edas sin l\u00edmite, espoleado todo ello por el inmenso vac\u00edo interior de quien persigue la belleza en el marco de una crueldad rara.<\/p>\n<p><em>La hiena de la Puszta<\/em>, es la historia de un duelo a muerte, una historia de yunque y martillo, en la que Anna Klauer, humillada y despreciada, cumplir\u00e1 una venganza terrible dirigida contra todos los hombres. La fulgurante ascensi\u00f3n social y su relaci\u00f3n con el bandolerismo, sirven para desencadenar la acci\u00f3n vertiginosa, las intrigas, el recurso a la hechicer\u00eda, vesan\u00edas sin l\u00edmite, espoleado todo ello por el inmenso vac\u00edo interior de quien persigue la belleza en el marco de una crueldad rara.<\/p>\n<p>&nbsp;<\/p>\n","protected":false},"excerpt":{"rendered":"<p>La hiena de la Pustza La hiena de la Pustza, es la historia de un duelo a muerte, una historia<\/p>\n","protected":false},"featured_media":14415,"template":"","meta":[],"product_brand":[],"product_cat":[328],"product_tag":[731,732,733],"autores":[734],"formatos":[355],"materias":[371,374],"class_list":{"0":"post-13054","1":"product","2":"type-product","3":"status-publish","4":"has-post-thumbnail","6":"product_cat-camelot-ca","7":"product_tag-erotismo-ca","8":"product_tag-masoquismo-ca","9":"product_tag-venganza-ca","10":"autores-von-sacher-masoch-leopold-ca","11":"formatos-llibre","12":"materias-genero-y-sexualidad-ca","13":"materias-literatura-ca","15":"first","16":"instock","17":"taxable","18":"shipping-taxable","19":"purchasable","20":"product-type-simple"},"yoast_head":"<!-- This site is optimized with the Yoast SEO plugin v27.4 - https:\/\/yoast.com\/product\/yoast-seo-wordpress\/ -->\n<title>La hiena de la Pustza | Laertes ediciones<\/title>\n<meta name=\"description\" content=\"La hiena de la Pustza, es la historia de Anna Klauer, humillada y despreciada, cumplir\u00e1 una venganza terrible dirigida contra todos los hombres.\" \/>\n<meta name=\"robots\" content=\"index, follow, max-snippet:-1, max-image-preview:large, max-video-preview:-1\" \/>\n<link rel=\"canonical\" href=\"https:\/\/www.laertes.es\/ca\/llibre\/la-hiena-de-la-pustza\/\" \/>\n<meta property=\"og:locale\" content=\"ca_ES\" \/>\n<meta property=\"og:type\" content=\"article\" \/>\n<meta property=\"og:title\" content=\"La hiena de la Pustza | Laertes ediciones\" \/>\n<meta property=\"og:description\" content=\"La hiena de la Pustza, es la historia de Anna Klauer, humillada y despreciada, cumplir\u00e1 una venganza terrible dirigida contra todos los hombres.\" \/>\n<meta property=\"og:url\" content=\"https:\/\/www.laertes.es\/ca\/llibre\/la-hiena-de-la-pustza\/\" \/>\n<meta property=\"og:site_name\" content=\"Laertes ediciones\" \/>\n<meta property=\"article:modified_time\" content=\"2023-06-08T10:31:11+00:00\" \/>\n<meta property=\"og:image\" content=\"https:\/\/www.laertes.es\/wp-content\/uploads\/2023\/03\/CAM040.webp\" \/>\n\t<meta property=\"og:image:width\" content=\"802\" \/>\n\t<meta property=\"og:image:height\" content=\"1200\" \/>\n\t<meta property=\"og:image:type\" content=\"image\/webp\" \/>\n<script type=\"application\/ld+json\" class=\"yoast-schema-graph\">{\"@context\":\"https:\\\/\\\/schema.org\",\"@graph\":[{\"@type\":\"WebPage\",\"@id\":\"https:\\\/\\\/www.laertes.es\\\/ca\\\/llibre\\\/la-hiena-de-la-pustza\\\/\",\"url\":\"https:\\\/\\\/www.laertes.es\\\/ca\\\/llibre\\\/la-hiena-de-la-pustza\\\/\",\"name\":\"La hiena de la Pustza | Laertes ediciones\",\"isPartOf\":{\"@id\":\"https:\\\/\\\/www.laertes.es\\\/ca\\\/#website\"},\"primaryImageOfPage\":{\"@id\":\"https:\\\/\\\/www.laertes.es\\\/ca\\\/llibre\\\/la-hiena-de-la-pustza\\\/#primaryimage\"},\"image\":{\"@id\":\"https:\\\/\\\/www.laertes.es\\\/ca\\\/llibre\\\/la-hiena-de-la-pustza\\\/#primaryimage\"},\"thumbnailUrl\":\"https:\\\/\\\/www.laertes.es\\\/wp-content\\\/uploads\\\/2023\\\/03\\\/CAM040.webp\",\"datePublished\":\"2023-03-08T06:27:35+00:00\",\"dateModified\":\"2023-06-08T10:31:11+00:00\",\"description\":\"La hiena de la Pustza, es la historia de Anna Klauer, humillada y despreciada, cumplir\u00e1 una venganza terrible dirigida contra todos los hombres.\",\"breadcrumb\":{\"@id\":\"https:\\\/\\\/www.laertes.es\\\/ca\\\/llibre\\\/la-hiena-de-la-pustza\\\/#breadcrumb\"},\"inLanguage\":\"ca\",\"potentialAction\":[{\"@type\":\"ReadAction\",\"target\":[\"https:\\\/\\\/www.laertes.es\\\/ca\\\/llibre\\\/la-hiena-de-la-pustza\\\/\"]}]},{\"@type\":\"ImageObject\",\"inLanguage\":\"ca\",\"@id\":\"https:\\\/\\\/www.laertes.es\\\/ca\\\/llibre\\\/la-hiena-de-la-pustza\\\/#primaryimage\",\"url\":\"https:\\\/\\\/www.laertes.es\\\/wp-content\\\/uploads\\\/2023\\\/03\\\/CAM040.webp\",\"contentUrl\":\"https:\\\/\\\/www.laertes.es\\\/wp-content\\\/uploads\\\/2023\\\/03\\\/CAM040.webp\",\"width\":802,\"height\":1200,\"caption\":\"La hiena de la Pustza\"},{\"@type\":\"BreadcrumbList\",\"@id\":\"https:\\\/\\\/www.laertes.es\\\/ca\\\/llibre\\\/la-hiena-de-la-pustza\\\/#breadcrumb\",\"itemListElement\":[{\"@type\":\"ListItem\",\"position\":1,\"name\":\"Portada\",\"item\":\"https:\\\/\\\/www.laertes.es\\\/ca\\\/\"},{\"@type\":\"ListItem\",\"position\":2,\"name\":\"Tienda\",\"item\":\"https:\\\/\\\/www.laertes.es\\\/tienda\\\/\"},{\"@type\":\"ListItem\",\"position\":3,\"name\":\"La hiena de la Pustza\"}]},{\"@type\":\"WebSite\",\"@id\":\"https:\\\/\\\/www.laertes.es\\\/ca\\\/#website\",\"url\":\"https:\\\/\\\/www.laertes.es\\\/ca\\\/\",\"name\":\"Laertes Ediciones\",\"description\":\"Editorial independiente desde 1975\",\"alternateName\":\"Laertes\",\"potentialAction\":[{\"@type\":\"SearchAction\",\"target\":{\"@type\":\"EntryPoint\",\"urlTemplate\":\"https:\\\/\\\/www.laertes.es\\\/ca\\\/?s={search_term_string}\"},\"query-input\":{\"@type\":\"PropertyValueSpecification\",\"valueRequired\":true,\"valueName\":\"search_term_string\"}}],\"inLanguage\":\"ca\"}]}<\/script>\n<!-- \/ Yoast SEO plugin. -->","yoast_head_json":{"title":"La hiena de la Pustza | Laertes ediciones","description":"La hiena de la Pustza, es la historia de Anna Klauer, humillada y despreciada, cumplir\u00e1 una venganza terrible dirigida contra todos los hombres.","robots":{"index":"index","follow":"follow","max-snippet":"max-snippet:-1","max-image-preview":"max-image-preview:large","max-video-preview":"max-video-preview:-1"},"canonical":"https:\/\/www.laertes.es\/ca\/llibre\/la-hiena-de-la-pustza\/","og_locale":"ca_ES","og_type":"article","og_title":"La hiena de la Pustza | Laertes ediciones","og_description":"La hiena de la Pustza, es la historia de Anna Klauer, humillada y despreciada, cumplir\u00e1 una venganza terrible dirigida contra todos los hombres.","og_url":"https:\/\/www.laertes.es\/ca\/llibre\/la-hiena-de-la-pustza\/","og_site_name":"Laertes ediciones","article_modified_time":"2023-06-08T10:31:11+00:00","og_image":[{"width":802,"height":1200,"url":"https:\/\/www.laertes.es\/wp-content\/uploads\/2023\/03\/CAM040.webp","type":"image\/webp"}],"schema":{"@context":"https:\/\/schema.org","@graph":[{"@type":"WebPage","@id":"https:\/\/www.laertes.es\/ca\/llibre\/la-hiena-de-la-pustza\/","url":"https:\/\/www.laertes.es\/ca\/llibre\/la-hiena-de-la-pustza\/","name":"La hiena de la Pustza | Laertes ediciones","isPartOf":{"@id":"https:\/\/www.laertes.es\/ca\/#website"},"primaryImageOfPage":{"@id":"https:\/\/www.laertes.es\/ca\/llibre\/la-hiena-de-la-pustza\/#primaryimage"},"image":{"@id":"https:\/\/www.laertes.es\/ca\/llibre\/la-hiena-de-la-pustza\/#primaryimage"},"thumbnailUrl":"https:\/\/www.laertes.es\/wp-content\/uploads\/2023\/03\/CAM040.webp","datePublished":"2023-03-08T06:27:35+00:00","dateModified":"2023-06-08T10:31:11+00:00","description":"La hiena de la Pustza, es la historia de Anna Klauer, humillada y despreciada, cumplir\u00e1 una venganza terrible dirigida contra todos los hombres.","breadcrumb":{"@id":"https:\/\/www.laertes.es\/ca\/llibre\/la-hiena-de-la-pustza\/#breadcrumb"},"inLanguage":"ca","potentialAction":[{"@type":"ReadAction","target":["https:\/\/www.laertes.es\/ca\/llibre\/la-hiena-de-la-pustza\/"]}]},{"@type":"ImageObject","inLanguage":"ca","@id":"https:\/\/www.laertes.es\/ca\/llibre\/la-hiena-de-la-pustza\/#primaryimage","url":"https:\/\/www.laertes.es\/wp-content\/uploads\/2023\/03\/CAM040.webp","contentUrl":"https:\/\/www.laertes.es\/wp-content\/uploads\/2023\/03\/CAM040.webp","width":802,"height":1200,"caption":"La hiena de la Pustza"},{"@type":"BreadcrumbList","@id":"https:\/\/www.laertes.es\/ca\/llibre\/la-hiena-de-la-pustza\/#breadcrumb","itemListElement":[{"@type":"ListItem","position":1,"name":"Portada","item":"https:\/\/www.laertes.es\/ca\/"},{"@type":"ListItem","position":2,"name":"Tienda","item":"https:\/\/www.laertes.es\/tienda\/"},{"@type":"ListItem","position":3,"name":"La hiena de la Pustza"}]},{"@type":"WebSite","@id":"https:\/\/www.laertes.es\/ca\/#website","url":"https:\/\/www.laertes.es\/ca\/","name":"Laertes Ediciones","description":"Editorial independiente desde 1975","alternateName":"Laertes","potentialAction":[{"@type":"SearchAction","target":{"@type":"EntryPoint","urlTemplate":"https:\/\/www.laertes.es\/ca\/?s={search_term_string}"},"query-input":{"@type":"PropertyValueSpecification","valueRequired":true,"valueName":"search_term_string"}}],"inLanguage":"ca"}]}},"_links":{"self":[{"href":"https:\/\/www.laertes.es\/ca\/wp-json\/wp\/v2\/product\/13054","targetHints":{"allow":["GET"]}}],"collection":[{"href":"https:\/\/www.laertes.es\/ca\/wp-json\/wp\/v2\/product"}],"about":[{"href":"https:\/\/www.laertes.es\/ca\/wp-json\/wp\/v2\/types\/product"}],"version-history":[{"count":2,"href":"https:\/\/www.laertes.es\/ca\/wp-json\/wp\/v2\/product\/13054\/revisions"}],"predecessor-version":[{"id":14424,"href":"https:\/\/www.laertes.es\/ca\/wp-json\/wp\/v2\/product\/13054\/revisions\/14424"}],"wp:featuredmedia":[{"embeddable":true,"href":"https:\/\/www.laertes.es\/ca\/wp-json\/wp\/v2\/media\/14415"}],"wp:attachment":[{"href":"https:\/\/www.laertes.es\/ca\/wp-json\/wp\/v2\/media?parent=13054"}],"wp:term":[{"taxonomy":"product_brand","embeddable":true,"href":"https:\/\/www.laertes.es\/ca\/wp-json\/wp\/v2\/product_brand?post=13054"},{"taxonomy":"product_cat","embeddable":true,"href":"https:\/\/www.laertes.es\/ca\/wp-json\/wp\/v2\/product_cat?post=13054"},{"taxonomy":"product_tag","embeddable":true,"href":"https:\/\/www.laertes.es\/ca\/wp-json\/wp\/v2\/product_tag?post=13054"},{"taxonomy":"autores","embeddable":true,"href":"https:\/\/www.laertes.es\/ca\/wp-json\/wp\/v2\/autores?post=13054"},{"taxonomy":"formatos","embeddable":true,"href":"https:\/\/www.laertes.es\/ca\/wp-json\/wp\/v2\/formatos?post=13054"},{"taxonomy":"materias","embeddable":true,"href":"https:\/\/www.laertes.es\/ca\/wp-json\/wp\/v2\/materias?post=13054"}],"curies":[{"name":"wp","href":"https:\/\/api.w.org\/{rel}","templated":true}]}}