{"id":13052,"date":"2023-03-29T08:46:56","date_gmt":"2023-03-29T08:46:56","guid":{"rendered":"https:\/libro\/regreso-al-planeta-de-los-simios\/"},"modified":"2023-06-08T10:24:54","modified_gmt":"2023-06-08T10:24:54","slug":"regreso-al-planeta-de-los-simios","status":"publish","type":"product","link":"https:\/\/www.laertes.es\/ca\/llibre\/regreso-al-planeta-de-los-simios\/","title":{"rendered":"Regreso al planeta de los simios"},"content":{"rendered":"<h1>Regreso al planeta de los simios<\/h1>\n<p>Regreso al planeta de los simios Un personaje afiliado a VOX aparece asesinado con el cl\u00e1sico garrote empleado en Espa\u00f1a para ejecutar a los condenados a muerte. Un caso que llevar\u00e1 de cabeza a la polic\u00eda madrile\u00f1a, y en cuya resoluci\u00f3n participar\u00e1 un curioso personaje de nombre Adri\u00e1n, viejo profesor retirado en un peque\u00f1o pueblecito de Asturias. Este, a la vez, ver\u00e1 c\u00f3mo su vida se complica cuando descubre que entre sus vecinos puede ocultarse un asesino.<\/p>\n<p>Un personaje afiliado a VOX aparece asesinado con el cl\u00e1sico garrote empleado en Espa\u00f1a para ejecutar a los condenados a muerte. Un caso que llevar\u00e1 de cabeza a la polic\u00eda madrile\u00f1a, y en cuya resoluci\u00f3n participar\u00e1 un curioso personaje de nombre Adri\u00e1n, viejo profesor retirado en un peque\u00f1o pueblecito de Asturias. Este, a la vez, ver\u00e1 c\u00f3mo su vida se complica cuando descubre que entre sus vecinos puede ocultarse un asesino.<\/p>\n<p>Un personaje afiliado a VOX aparece asesinado con el cl\u00e1sico garrote empleado en Espa\u00f1a para ejecutar a los condenados a muerte. Un caso que llevar\u00e1 de cabeza a la polic\u00eda madrile\u00f1a, y en cuya resoluci\u00f3n participar\u00e1 un curioso personaje de nombre Adri\u00e1n, viejo profesor retirado en un peque\u00f1o pueblecito de Asturias. Este, a la vez, ver\u00e1 c\u00f3mo su vida se complica cuando descubre que entre sus vecinos puede ocultarse un asesino.<\/p>\n<p>Un personaje afiliado a VOX aparece asesinado con el cl\u00e1sico garrote empleado en Espa\u00f1a para ejecutar a los condenados a muerte. Un caso que llevar\u00e1 de cabeza a la polic\u00eda madrile\u00f1a, y en cuya resoluci\u00f3n participar\u00e1 un curioso personaje de nombre Adri\u00e1n, viejo profesor retirado en un peque\u00f1o pueblecito de Asturias. Este, a la vez, ver\u00e1 c\u00f3mo su vida se complica cuando descubre que entre sus vecinos puede ocultarse un asesino.<\/p>\n","protected":false},"excerpt":{"rendered":"<p>Regreso al planeta de los simios Regreso al planeta de los simios Un personaje afiliado a VOX aparece asesinado con<\/p>\n","protected":false},"featured_media":14410,"template":"","meta":[],"product_brand":[],"product_cat":[328],"product_tag":[727,728,729,730],"autores":[649],"formatos":[355],"materias":[374],"class_list":{"0":"post-13052","1":"product","2":"type-product","3":"status-publish","4":"has-post-thumbnail","6":"product_cat-camelot-ca","7":"product_tag-intriga-ca","8":"product_tag-novela-negra-ca","9":"product_tag-policiaca-ca","10":"product_tag-vox-ca","11":"autores-romero-garcia-eladi-ca","12":"formatos-llibre","13":"materias-literatura-ca","15":"first","16":"instock","17":"taxable","18":"shipping-taxable","19":"purchasable","20":"product-type-simple"},"yoast_head":"<!-- This site is optimized with the Yoast SEO plugin v27.4 - https:\/\/yoast.com\/product\/yoast-seo-wordpress\/ -->\n<title>Regreso al planeta de los simios | Laertes ediciones<\/title>\n<meta name=\"description\" content=\"Un personaje afiliado a VOX aparece asesinado con el cl\u00e1sico garrote empleado en Espa\u00f1a para ejecutar a los condenados. Regreso al planeta de los simios\" \/>\n<meta name=\"robots\" content=\"index, follow, max-snippet:-1, max-image-preview:large, max-video-preview:-1\" \/>\n<link rel=\"canonical\" href=\"https:\/\/www.laertes.es\/ca\/llibre\/regreso-al-planeta-de-los-simios\/\" \/>\n<meta property=\"og:locale\" content=\"ca_ES\" \/>\n<meta property=\"og:type\" content=\"article\" \/>\n<meta property=\"og:title\" content=\"Regreso al planeta de los simios | Laertes ediciones\" \/>\n<meta property=\"og:description\" content=\"Un personaje afiliado a VOX aparece asesinado con el cl\u00e1sico garrote empleado en Espa\u00f1a para ejecutar a los condenados. Regreso al planeta de los simios\" \/>\n<meta property=\"og:url\" content=\"https:\/\/www.laertes.es\/ca\/llibre\/regreso-al-planeta-de-los-simios\/\" \/>\n<meta property=\"og:site_name\" content=\"Laertes ediciones\" \/>\n<meta property=\"article:modified_time\" content=\"2023-06-08T10:24:54+00:00\" \/>\n<meta property=\"og:image\" content=\"https:\/\/www.laertes.es\/wp-content\/uploads\/2023\/03\/CAM039.webp\" \/>\n\t<meta property=\"og:image:width\" content=\"802\" \/>\n\t<meta property=\"og:image:height\" content=\"1200\" \/>\n\t<meta property=\"og:image:type\" content=\"image\/webp\" \/>\n<script type=\"application\/ld+json\" class=\"yoast-schema-graph\">{\"@context\":\"https:\\\/\\\/schema.org\",\"@graph\":[{\"@type\":\"WebPage\",\"@id\":\"https:\\\/\\\/www.laertes.es\\\/ca\\\/llibre\\\/regreso-al-planeta-de-los-simios\\\/\",\"url\":\"https:\\\/\\\/www.laertes.es\\\/ca\\\/llibre\\\/regreso-al-planeta-de-los-simios\\\/\",\"name\":\"Regreso al planeta de los simios | Laertes ediciones\",\"isPartOf\":{\"@id\":\"https:\\\/\\\/www.laertes.es\\\/ca\\\/#website\"},\"primaryImageOfPage\":{\"@id\":\"https:\\\/\\\/www.laertes.es\\\/ca\\\/llibre\\\/regreso-al-planeta-de-los-simios\\\/#primaryimage\"},\"image\":{\"@id\":\"https:\\\/\\\/www.laertes.es\\\/ca\\\/llibre\\\/regreso-al-planeta-de-los-simios\\\/#primaryimage\"},\"thumbnailUrl\":\"https:\\\/\\\/www.laertes.es\\\/wp-content\\\/uploads\\\/2023\\\/03\\\/CAM039.webp\",\"datePublished\":\"2023-03-29T08:46:56+00:00\",\"dateModified\":\"2023-06-08T10:24:54+00:00\",\"description\":\"Un personaje afiliado a VOX aparece asesinado con el cl\u00e1sico garrote empleado en Espa\u00f1a para ejecutar a los condenados. Regreso al planeta de los simios\",\"breadcrumb\":{\"@id\":\"https:\\\/\\\/www.laertes.es\\\/ca\\\/llibre\\\/regreso-al-planeta-de-los-simios\\\/#breadcrumb\"},\"inLanguage\":\"ca\",\"potentialAction\":[{\"@type\":\"ReadAction\",\"target\":[\"https:\\\/\\\/www.laertes.es\\\/ca\\\/llibre\\\/regreso-al-planeta-de-los-simios\\\/\"]}]},{\"@type\":\"ImageObject\",\"inLanguage\":\"ca\",\"@id\":\"https:\\\/\\\/www.laertes.es\\\/ca\\\/llibre\\\/regreso-al-planeta-de-los-simios\\\/#primaryimage\",\"url\":\"https:\\\/\\\/www.laertes.es\\\/wp-content\\\/uploads\\\/2023\\\/03\\\/CAM039.webp\",\"contentUrl\":\"https:\\\/\\\/www.laertes.es\\\/wp-content\\\/uploads\\\/2023\\\/03\\\/CAM039.webp\",\"width\":802,\"height\":1200,\"caption\":\"Regreso al planeta de los simios\"},{\"@type\":\"BreadcrumbList\",\"@id\":\"https:\\\/\\\/www.laertes.es\\\/ca\\\/llibre\\\/regreso-al-planeta-de-los-simios\\\/#breadcrumb\",\"itemListElement\":[{\"@type\":\"ListItem\",\"position\":1,\"name\":\"Portada\",\"item\":\"https:\\\/\\\/www.laertes.es\\\/ca\\\/\"},{\"@type\":\"ListItem\",\"position\":2,\"name\":\"Tienda\",\"item\":\"https:\\\/\\\/www.laertes.es\\\/tienda\\\/\"},{\"@type\":\"ListItem\",\"position\":3,\"name\":\"Regreso al planeta de los simios\"}]},{\"@type\":\"WebSite\",\"@id\":\"https:\\\/\\\/www.laertes.es\\\/ca\\\/#website\",\"url\":\"https:\\\/\\\/www.laertes.es\\\/ca\\\/\",\"name\":\"Laertes Ediciones\",\"description\":\"Editorial independiente desde 1975\",\"alternateName\":\"Laertes\",\"potentialAction\":[{\"@type\":\"SearchAction\",\"target\":{\"@type\":\"EntryPoint\",\"urlTemplate\":\"https:\\\/\\\/www.laertes.es\\\/ca\\\/?s={search_term_string}\"},\"query-input\":{\"@type\":\"PropertyValueSpecification\",\"valueRequired\":true,\"valueName\":\"search_term_string\"}}],\"inLanguage\":\"ca\"}]}<\/script>\n<!-- \/ Yoast SEO plugin. -->","yoast_head_json":{"title":"Regreso al planeta de los simios | Laertes ediciones","description":"Un personaje afiliado a VOX aparece asesinado con el cl\u00e1sico garrote empleado en Espa\u00f1a para ejecutar a los condenados. Regreso al planeta de los simios","robots":{"index":"index","follow":"follow","max-snippet":"max-snippet:-1","max-image-preview":"max-image-preview:large","max-video-preview":"max-video-preview:-1"},"canonical":"https:\/\/www.laertes.es\/ca\/llibre\/regreso-al-planeta-de-los-simios\/","og_locale":"ca_ES","og_type":"article","og_title":"Regreso al planeta de los simios | Laertes ediciones","og_description":"Un personaje afiliado a VOX aparece asesinado con el cl\u00e1sico garrote empleado en Espa\u00f1a para ejecutar a los condenados. Regreso al planeta de los simios","og_url":"https:\/\/www.laertes.es\/ca\/llibre\/regreso-al-planeta-de-los-simios\/","og_site_name":"Laertes ediciones","article_modified_time":"2023-06-08T10:24:54+00:00","og_image":[{"width":802,"height":1200,"url":"https:\/\/www.laertes.es\/wp-content\/uploads\/2023\/03\/CAM039.webp","type":"image\/webp"}],"schema":{"@context":"https:\/\/schema.org","@graph":[{"@type":"WebPage","@id":"https:\/\/www.laertes.es\/ca\/llibre\/regreso-al-planeta-de-los-simios\/","url":"https:\/\/www.laertes.es\/ca\/llibre\/regreso-al-planeta-de-los-simios\/","name":"Regreso al planeta de los simios | Laertes ediciones","isPartOf":{"@id":"https:\/\/www.laertes.es\/ca\/#website"},"primaryImageOfPage":{"@id":"https:\/\/www.laertes.es\/ca\/llibre\/regreso-al-planeta-de-los-simios\/#primaryimage"},"image":{"@id":"https:\/\/www.laertes.es\/ca\/llibre\/regreso-al-planeta-de-los-simios\/#primaryimage"},"thumbnailUrl":"https:\/\/www.laertes.es\/wp-content\/uploads\/2023\/03\/CAM039.webp","datePublished":"2023-03-29T08:46:56+00:00","dateModified":"2023-06-08T10:24:54+00:00","description":"Un personaje afiliado a VOX aparece asesinado con el cl\u00e1sico garrote empleado en Espa\u00f1a para ejecutar a los condenados. Regreso al planeta de los simios","breadcrumb":{"@id":"https:\/\/www.laertes.es\/ca\/llibre\/regreso-al-planeta-de-los-simios\/#breadcrumb"},"inLanguage":"ca","potentialAction":[{"@type":"ReadAction","target":["https:\/\/www.laertes.es\/ca\/llibre\/regreso-al-planeta-de-los-simios\/"]}]},{"@type":"ImageObject","inLanguage":"ca","@id":"https:\/\/www.laertes.es\/ca\/llibre\/regreso-al-planeta-de-los-simios\/#primaryimage","url":"https:\/\/www.laertes.es\/wp-content\/uploads\/2023\/03\/CAM039.webp","contentUrl":"https:\/\/www.laertes.es\/wp-content\/uploads\/2023\/03\/CAM039.webp","width":802,"height":1200,"caption":"Regreso al planeta de los simios"},{"@type":"BreadcrumbList","@id":"https:\/\/www.laertes.es\/ca\/llibre\/regreso-al-planeta-de-los-simios\/#breadcrumb","itemListElement":[{"@type":"ListItem","position":1,"name":"Portada","item":"https:\/\/www.laertes.es\/ca\/"},{"@type":"ListItem","position":2,"name":"Tienda","item":"https:\/\/www.laertes.es\/tienda\/"},{"@type":"ListItem","position":3,"name":"Regreso al planeta de los simios"}]},{"@type":"WebSite","@id":"https:\/\/www.laertes.es\/ca\/#website","url":"https:\/\/www.laertes.es\/ca\/","name":"Laertes Ediciones","description":"Editorial independiente desde 1975","alternateName":"Laertes","potentialAction":[{"@type":"SearchAction","target":{"@type":"EntryPoint","urlTemplate":"https:\/\/www.laertes.es\/ca\/?s={search_term_string}"},"query-input":{"@type":"PropertyValueSpecification","valueRequired":true,"valueName":"search_term_string"}}],"inLanguage":"ca"}]}},"_links":{"self":[{"href":"https:\/\/www.laertes.es\/ca\/wp-json\/wp\/v2\/product\/13052","targetHints":{"allow":["GET"]}}],"collection":[{"href":"https:\/\/www.laertes.es\/ca\/wp-json\/wp\/v2\/product"}],"about":[{"href":"https:\/\/www.laertes.es\/ca\/wp-json\/wp\/v2\/types\/product"}],"version-history":[{"count":1,"href":"https:\/\/www.laertes.es\/ca\/wp-json\/wp\/v2\/product\/13052\/revisions"}],"predecessor-version":[{"id":14412,"href":"https:\/\/www.laertes.es\/ca\/wp-json\/wp\/v2\/product\/13052\/revisions\/14412"}],"wp:featuredmedia":[{"embeddable":true,"href":"https:\/\/www.laertes.es\/ca\/wp-json\/wp\/v2\/media\/14410"}],"wp:attachment":[{"href":"https:\/\/www.laertes.es\/ca\/wp-json\/wp\/v2\/media?parent=13052"}],"wp:term":[{"taxonomy":"product_brand","embeddable":true,"href":"https:\/\/www.laertes.es\/ca\/wp-json\/wp\/v2\/product_brand?post=13052"},{"taxonomy":"product_cat","embeddable":true,"href":"https:\/\/www.laertes.es\/ca\/wp-json\/wp\/v2\/product_cat?post=13052"},{"taxonomy":"product_tag","embeddable":true,"href":"https:\/\/www.laertes.es\/ca\/wp-json\/wp\/v2\/product_tag?post=13052"},{"taxonomy":"autores","embeddable":true,"href":"https:\/\/www.laertes.es\/ca\/wp-json\/wp\/v2\/autores?post=13052"},{"taxonomy":"formatos","embeddable":true,"href":"https:\/\/www.laertes.es\/ca\/wp-json\/wp\/v2\/formatos?post=13052"},{"taxonomy":"materias","embeddable":true,"href":"https:\/\/www.laertes.es\/ca\/wp-json\/wp\/v2\/materias?post=13052"}],"curies":[{"name":"wp","href":"https:\/\/api.w.org\/{rel}","templated":true}]}}