{"id":13049,"date":"2023-03-29T09:03:54","date_gmt":"2023-03-29T09:03:54","guid":{"rendered":"https:\/libro\/en-esta-noche-del-tiempo\/"},"modified":"2023-06-08T10:21:13","modified_gmt":"2023-06-08T10:21:13","slug":"en-esta-noche-del-tiempo","status":"publish","type":"product","link":"https:\/\/www.laertes.es\/ca\/llibre\/en-esta-noche-del-tiempo\/","title":{"rendered":"En esta noche del tiempo"},"content":{"rendered":"<h1>En esta noche del tiempo<\/h1>\n<p>En esta noche del tiempo es la historia del encuentro entre el fascista Telesio Interlandi, director de la revista <em>La difesa della razza<\/em>, y el abogado socialista Enzo Paroli. En el oto\u00f1o de 1945, tras la Liberaci\u00f3n italiana, Telesio Interlandi es arrestado y encarcelado junto a su hijo, Cesare, por su colaboraci\u00f3n con el r\u00e9gimen fascista de Mussolini. Enzo Paroli, que hab\u00eda asumido su defensa, acab\u00f3 escondiendo a Interlandi y su familia durante ocho meses en su casa de Brescia para impedir las represalias de los partisanos.<br \/>\n<em>\u00a0\u00a0\u00a0\u00a0<\/em>Una peque\u00f1a historia que une a dos hombres opuestos y que fascin\u00f3 a Leonardo Sciascia, hasta el punto de querer escribir un relato sobre ello. Poco antes de morir, Sciascia leg\u00f3 a su amigo Vincenzo Vitale toda la documentaci\u00f3n que hab\u00eda recopilado durante a\u00f1os y le pidi\u00f3 concluir su tarea. El resultado es una reflexi\u00f3n precisa acerca de la verdad como sin\u00f3nimo de justicia, de la piedad como \u00fanico recurso ante el odio y la discriminaci\u00f3n.<\/p>\n<p>En esta noche del tiempo es la historia del encuentro entre el fascista Telesio Interlandi, director de la revista <em>La difesa della razza<\/em>, y el abogado socialista Enzo Paroli. En el oto\u00f1o de 1945, tras la Liberaci\u00f3n italiana, Telesio Interlandi es arrestado y encarcelado junto a su hijo, Cesare, por su colaboraci\u00f3n con el r\u00e9gimen fascista de Mussolini. Enzo Paroli, que hab\u00eda asumido su defensa, acab\u00f3 escondiendo a Interlandi y su familia durante ocho meses en su casa de Brescia para impedir las represalias de los partisanos.<br \/>\n<em>\u00a0\u00a0\u00a0\u00a0<\/em>Una peque\u00f1a historia que une a dos hombres opuestos y que fascin\u00f3 a Leonardo Sciascia, hasta el punto de querer escribir un relato sobre ello. Poco antes de morir, Sciascia leg\u00f3 a su amigo Vincenzo Vitale toda la documentaci\u00f3n que hab\u00eda recopilado durante a\u00f1os y le pidi\u00f3 concluir su tarea. El resultado es una reflexi\u00f3n precisa acerca de la verdad como sin\u00f3nimo de justicia, de la piedad como \u00fanico recurso ante el odio y la discriminaci\u00f3n.<\/p>\n","protected":false},"excerpt":{"rendered":"<p>En esta noche del tiempo En esta noche del tiempo es la historia del encuentro entre el fascista Telesio Interlandi,<\/p>\n","protected":false},"featured_media":14400,"template":"","meta":[],"product_brand":[],"product_cat":[328],"product_tag":[720,721,722],"autores":[723],"formatos":[355],"materias":[],"class_list":{"0":"post-13049","1":"product","2":"type-product","3":"status-publish","4":"has-post-thumbnail","6":"product_cat-camelot-ca","7":"product_tag-fascismo-ca","8":"product_tag-literatura-contemporanea-italiana-ca","9":"product_tag-posguerra-ca","10":"autores-vitale-vincenzo-ca","11":"formatos-llibre","13":"first","14":"instock","15":"taxable","16":"shipping-taxable","17":"purchasable","18":"product-type-simple"},"yoast_head":"<!-- This site is optimized with the Yoast SEO plugin v27.3 - https:\/\/yoast.com\/product\/yoast-seo-wordpress\/ -->\n<title>En esta noche del tiempo | Laertes ediciones<\/title>\n<meta name=\"description\" content=\"En esta noche del tiempo es la historia del encuentro entre el fascista Telesio Interlandi y el abogado socialista Enzo Paroli. | Laertes ediciones\" \/>\n<meta name=\"robots\" content=\"index, follow, max-snippet:-1, max-image-preview:large, max-video-preview:-1\" \/>\n<link rel=\"canonical\" href=\"https:\/\/www.laertes.es\/ca\/llibre\/en-esta-noche-del-tiempo\/\" \/>\n<meta property=\"og:locale\" content=\"ca_ES\" \/>\n<meta property=\"og:type\" content=\"article\" \/>\n<meta property=\"og:title\" content=\"En esta noche del tiempo | Laertes ediciones\" \/>\n<meta property=\"og:description\" content=\"En esta noche del tiempo es la historia del encuentro entre el fascista Telesio Interlandi y el abogado socialista Enzo Paroli. | Laertes ediciones\" \/>\n<meta property=\"og:url\" content=\"https:\/\/www.laertes.es\/ca\/llibre\/en-esta-noche-del-tiempo\/\" \/>\n<meta property=\"og:site_name\" content=\"Laertes ediciones\" \/>\n<meta property=\"article:modified_time\" content=\"2023-06-08T10:21:13+00:00\" \/>\n<meta property=\"og:image\" content=\"https:\/\/www.laertes.es\/wp-content\/uploads\/2023\/03\/CAM038.webp\" \/>\n\t<meta property=\"og:image:width\" content=\"802\" \/>\n\t<meta property=\"og:image:height\" content=\"1200\" \/>\n\t<meta property=\"og:image:type\" content=\"image\/webp\" \/>\n<script type=\"application\/ld+json\" class=\"yoast-schema-graph\">{\"@context\":\"https:\\\/\\\/schema.org\",\"@graph\":[{\"@type\":\"WebPage\",\"@id\":\"https:\\\/\\\/www.laertes.es\\\/ca\\\/llibre\\\/en-esta-noche-del-tiempo\\\/\",\"url\":\"https:\\\/\\\/www.laertes.es\\\/ca\\\/llibre\\\/en-esta-noche-del-tiempo\\\/\",\"name\":\"En esta noche del tiempo | Laertes ediciones\",\"isPartOf\":{\"@id\":\"https:\\\/\\\/www.laertes.es\\\/ca\\\/#website\"},\"primaryImageOfPage\":{\"@id\":\"https:\\\/\\\/www.laertes.es\\\/ca\\\/llibre\\\/en-esta-noche-del-tiempo\\\/#primaryimage\"},\"image\":{\"@id\":\"https:\\\/\\\/www.laertes.es\\\/ca\\\/llibre\\\/en-esta-noche-del-tiempo\\\/#primaryimage\"},\"thumbnailUrl\":\"https:\\\/\\\/www.laertes.es\\\/wp-content\\\/uploads\\\/2023\\\/03\\\/CAM038.webp\",\"datePublished\":\"2023-03-29T09:03:54+00:00\",\"dateModified\":\"2023-06-08T10:21:13+00:00\",\"description\":\"En esta noche del tiempo es la historia del encuentro entre el fascista Telesio Interlandi y el abogado socialista Enzo Paroli. | Laertes ediciones\",\"breadcrumb\":{\"@id\":\"https:\\\/\\\/www.laertes.es\\\/ca\\\/llibre\\\/en-esta-noche-del-tiempo\\\/#breadcrumb\"},\"inLanguage\":\"ca\",\"potentialAction\":[{\"@type\":\"ReadAction\",\"target\":[\"https:\\\/\\\/www.laertes.es\\\/ca\\\/llibre\\\/en-esta-noche-del-tiempo\\\/\"]}]},{\"@type\":\"ImageObject\",\"inLanguage\":\"ca\",\"@id\":\"https:\\\/\\\/www.laertes.es\\\/ca\\\/llibre\\\/en-esta-noche-del-tiempo\\\/#primaryimage\",\"url\":\"https:\\\/\\\/www.laertes.es\\\/wp-content\\\/uploads\\\/2023\\\/03\\\/CAM038.webp\",\"contentUrl\":\"https:\\\/\\\/www.laertes.es\\\/wp-content\\\/uploads\\\/2023\\\/03\\\/CAM038.webp\",\"width\":802,\"height\":1200,\"caption\":\"En esta noche del tiempo\"},{\"@type\":\"BreadcrumbList\",\"@id\":\"https:\\\/\\\/www.laertes.es\\\/ca\\\/llibre\\\/en-esta-noche-del-tiempo\\\/#breadcrumb\",\"itemListElement\":[{\"@type\":\"ListItem\",\"position\":1,\"name\":\"Portada\",\"item\":\"https:\\\/\\\/www.laertes.es\\\/ca\\\/\"},{\"@type\":\"ListItem\",\"position\":2,\"name\":\"Tienda\",\"item\":\"https:\\\/\\\/www.laertes.es\\\/tienda\\\/\"},{\"@type\":\"ListItem\",\"position\":3,\"name\":\"En esta noche del tiempo\"}]},{\"@type\":\"WebSite\",\"@id\":\"https:\\\/\\\/www.laertes.es\\\/ca\\\/#website\",\"url\":\"https:\\\/\\\/www.laertes.es\\\/ca\\\/\",\"name\":\"Laertes Ediciones\",\"description\":\"Editorial independiente desde 1975\",\"alternateName\":\"Laertes\",\"potentialAction\":[{\"@type\":\"SearchAction\",\"target\":{\"@type\":\"EntryPoint\",\"urlTemplate\":\"https:\\\/\\\/www.laertes.es\\\/ca\\\/?s={search_term_string}\"},\"query-input\":{\"@type\":\"PropertyValueSpecification\",\"valueRequired\":true,\"valueName\":\"search_term_string\"}}],\"inLanguage\":\"ca\"}]}<\/script>\n<!-- \/ Yoast SEO plugin. -->","yoast_head_json":{"title":"En esta noche del tiempo | Laertes ediciones","description":"En esta noche del tiempo es la historia del encuentro entre el fascista Telesio Interlandi y el abogado socialista Enzo Paroli. | Laertes ediciones","robots":{"index":"index","follow":"follow","max-snippet":"max-snippet:-1","max-image-preview":"max-image-preview:large","max-video-preview":"max-video-preview:-1"},"canonical":"https:\/\/www.laertes.es\/ca\/llibre\/en-esta-noche-del-tiempo\/","og_locale":"ca_ES","og_type":"article","og_title":"En esta noche del tiempo | Laertes ediciones","og_description":"En esta noche del tiempo es la historia del encuentro entre el fascista Telesio Interlandi y el abogado socialista Enzo Paroli. | Laertes ediciones","og_url":"https:\/\/www.laertes.es\/ca\/llibre\/en-esta-noche-del-tiempo\/","og_site_name":"Laertes ediciones","article_modified_time":"2023-06-08T10:21:13+00:00","og_image":[{"width":802,"height":1200,"url":"https:\/\/www.laertes.es\/wp-content\/uploads\/2023\/03\/CAM038.webp","type":"image\/webp"}],"schema":{"@context":"https:\/\/schema.org","@graph":[{"@type":"WebPage","@id":"https:\/\/www.laertes.es\/ca\/llibre\/en-esta-noche-del-tiempo\/","url":"https:\/\/www.laertes.es\/ca\/llibre\/en-esta-noche-del-tiempo\/","name":"En esta noche del tiempo | Laertes ediciones","isPartOf":{"@id":"https:\/\/www.laertes.es\/ca\/#website"},"primaryImageOfPage":{"@id":"https:\/\/www.laertes.es\/ca\/llibre\/en-esta-noche-del-tiempo\/#primaryimage"},"image":{"@id":"https:\/\/www.laertes.es\/ca\/llibre\/en-esta-noche-del-tiempo\/#primaryimage"},"thumbnailUrl":"https:\/\/www.laertes.es\/wp-content\/uploads\/2023\/03\/CAM038.webp","datePublished":"2023-03-29T09:03:54+00:00","dateModified":"2023-06-08T10:21:13+00:00","description":"En esta noche del tiempo es la historia del encuentro entre el fascista Telesio Interlandi y el abogado socialista Enzo Paroli. | Laertes ediciones","breadcrumb":{"@id":"https:\/\/www.laertes.es\/ca\/llibre\/en-esta-noche-del-tiempo\/#breadcrumb"},"inLanguage":"ca","potentialAction":[{"@type":"ReadAction","target":["https:\/\/www.laertes.es\/ca\/llibre\/en-esta-noche-del-tiempo\/"]}]},{"@type":"ImageObject","inLanguage":"ca","@id":"https:\/\/www.laertes.es\/ca\/llibre\/en-esta-noche-del-tiempo\/#primaryimage","url":"https:\/\/www.laertes.es\/wp-content\/uploads\/2023\/03\/CAM038.webp","contentUrl":"https:\/\/www.laertes.es\/wp-content\/uploads\/2023\/03\/CAM038.webp","width":802,"height":1200,"caption":"En esta noche del tiempo"},{"@type":"BreadcrumbList","@id":"https:\/\/www.laertes.es\/ca\/llibre\/en-esta-noche-del-tiempo\/#breadcrumb","itemListElement":[{"@type":"ListItem","position":1,"name":"Portada","item":"https:\/\/www.laertes.es\/ca\/"},{"@type":"ListItem","position":2,"name":"Tienda","item":"https:\/\/www.laertes.es\/tienda\/"},{"@type":"ListItem","position":3,"name":"En esta noche del tiempo"}]},{"@type":"WebSite","@id":"https:\/\/www.laertes.es\/ca\/#website","url":"https:\/\/www.laertes.es\/ca\/","name":"Laertes Ediciones","description":"Editorial independiente desde 1975","alternateName":"Laertes","potentialAction":[{"@type":"SearchAction","target":{"@type":"EntryPoint","urlTemplate":"https:\/\/www.laertes.es\/ca\/?s={search_term_string}"},"query-input":{"@type":"PropertyValueSpecification","valueRequired":true,"valueName":"search_term_string"}}],"inLanguage":"ca"}]}},"_links":{"self":[{"href":"https:\/\/www.laertes.es\/ca\/wp-json\/wp\/v2\/product\/13049","targetHints":{"allow":["GET"]}}],"collection":[{"href":"https:\/\/www.laertes.es\/ca\/wp-json\/wp\/v2\/product"}],"about":[{"href":"https:\/\/www.laertes.es\/ca\/wp-json\/wp\/v2\/types\/product"}],"version-history":[{"count":1,"href":"https:\/\/www.laertes.es\/ca\/wp-json\/wp\/v2\/product\/13049\/revisions"}],"predecessor-version":[{"id":14402,"href":"https:\/\/www.laertes.es\/ca\/wp-json\/wp\/v2\/product\/13049\/revisions\/14402"}],"wp:featuredmedia":[{"embeddable":true,"href":"https:\/\/www.laertes.es\/ca\/wp-json\/wp\/v2\/media\/14400"}],"wp:attachment":[{"href":"https:\/\/www.laertes.es\/ca\/wp-json\/wp\/v2\/media?parent=13049"}],"wp:term":[{"taxonomy":"product_brand","embeddable":true,"href":"https:\/\/www.laertes.es\/ca\/wp-json\/wp\/v2\/product_brand?post=13049"},{"taxonomy":"product_cat","embeddable":true,"href":"https:\/\/www.laertes.es\/ca\/wp-json\/wp\/v2\/product_cat?post=13049"},{"taxonomy":"product_tag","embeddable":true,"href":"https:\/\/www.laertes.es\/ca\/wp-json\/wp\/v2\/product_tag?post=13049"},{"taxonomy":"autores","embeddable":true,"href":"https:\/\/www.laertes.es\/ca\/wp-json\/wp\/v2\/autores?post=13049"},{"taxonomy":"formatos","embeddable":true,"href":"https:\/\/www.laertes.es\/ca\/wp-json\/wp\/v2\/formatos?post=13049"},{"taxonomy":"materias","embeddable":true,"href":"https:\/\/www.laertes.es\/ca\/wp-json\/wp\/v2\/materias?post=13049"}],"curies":[{"name":"wp","href":"https:\/\/api.w.org\/{rel}","templated":true}]}}