{"id":13047,"date":"2023-03-29T09:09:34","date_gmt":"2023-03-29T09:09:34","guid":{"rendered":"https:\/libro\/el-informe-ene\/"},"modified":"2023-06-08T10:18:25","modified_gmt":"2023-06-08T10:18:25","slug":"el-informe-ene","status":"publish","type":"product","link":"https:\/\/www.laertes.es\/ca\/llibre\/el-informe-ene\/","title":{"rendered":"El informe ENE"},"content":{"rendered":"<h1>El informe ENE<\/h1>\n<p>El informe ENE Esta novela describe el proceso de creaci\u00f3n y desarrollo de un experimento de car\u00e1cter fundamentalmente psicol\u00f3gico que tiene como prop\u00f3sito estimular las capacidades mentales de los sujetos para que puedan alcanzar los objetivos intelectuales deseados.<br \/>\n<em>\u00a0\u00a0\u00a0<\/em>En un principio, las pruebas parecen que solo afectan al reducido \u00e1mbito vital de los sujetos que intervienen en la experiencia, pero el \u00absistema\u00bb no permanecer\u00e1 indiferente, pues detecta que sus consecuencias, en el caso de generalizarse, entra\u00f1an un peligro para la continuidad del modo de vida de la sociedad occidental.<br \/>\nLos acontecimientos de la trama est\u00e1n descritos desde la perspectiva de un observador que pretende mantenerse al margen de la experiencia, si bien tambi\u00e9n le alcanzan a \u00e9l de un modo u otro.<br \/>\n<em>\u00a0\u00a0\u00a0<\/em>La obra admite varios niveles de interpretaci\u00f3n, pero, en s\u00edntesis, pretende ser una reflexi\u00f3n sobre la racionalidad humana en una \u00e9poca en la que muchos acontecimientos insisten en mostrarnos su debilidad.<\/p>\n<p>El informe ENE Esta novela describe el proceso de creaci\u00f3n y desarrollo de un experimento de car\u00e1cter fundamentalmente psicol\u00f3gico que tiene como prop\u00f3sito estimular las capacidades mentales de los sujetos para que puedan alcanzar los objetivos intelectuales deseados.<br \/>\n<em>\u00a0\u00a0\u00a0<\/em>En un principio, las pruebas parecen que solo afectan al reducido \u00e1mbito vital de los sujetos que intervienen en la experiencia, pero el \u00absistema\u00bb no permanecer\u00e1 indiferente, pues detecta que sus consecuencias, en el caso de generalizarse, entra\u00f1an un peligro para la continuidad del modo de vida de la sociedad occidental.<br \/>\nLos acontecimientos de la trama est\u00e1n descritos desde la perspectiva de un observador que pretende mantenerse al margen de la experiencia, si bien tambi\u00e9n le alcanzan a \u00e9l de un modo u otro.<br \/>\n<em>\u00a0\u00a0\u00a0<\/em>La obra admite varios niveles de interpretaci\u00f3n, pero, en s\u00edntesis, pretende ser una reflexi\u00f3n sobre la racionalidad humana en una \u00e9poca en la que muchos acontecimientos insisten en mostrarnos su debilidad.<\/p>\n","protected":false},"excerpt":{"rendered":"<p>El informe ENE El informe ENE Esta novela describe el proceso de creaci\u00f3n y desarrollo de un experimento de car\u00e1cter<\/p>\n","protected":false},"featured_media":14394,"template":"","meta":[],"product_brand":[],"product_cat":[328],"product_tag":[718],"autores":[719],"formatos":[355],"materias":[374],"class_list":{"0":"post-13047","1":"product","2":"type-product","3":"status-publish","4":"has-post-thumbnail","6":"product_cat-camelot-ca","7":"product_tag-ficcion-moderna-ca","8":"autores-nunez-espallargas-jose-m-a-ca","9":"formatos-llibre","10":"materias-literatura-ca","12":"first","13":"instock","14":"taxable","15":"shipping-taxable","16":"purchasable","17":"product-type-simple"},"yoast_head":"<!-- This site is optimized with the Yoast SEO plugin v27.4 - https:\/\/yoast.com\/product\/yoast-seo-wordpress\/ -->\n<title>El informe ENE | Laertes ediciones<\/title>\n<meta name=\"description\" content=\"Esta novela describe el proceso de creaci\u00f3n y desarrollo de un experimento de car\u00e1cter fundamentalmente psicol\u00f3gico. | El informe ENE\" \/>\n<meta name=\"robots\" content=\"index, follow, max-snippet:-1, max-image-preview:large, max-video-preview:-1\" \/>\n<link rel=\"canonical\" href=\"https:\/\/www.laertes.es\/ca\/llibre\/el-informe-ene\/\" \/>\n<meta property=\"og:locale\" content=\"ca_ES\" \/>\n<meta property=\"og:type\" content=\"article\" \/>\n<meta property=\"og:title\" content=\"El informe ENE | Laertes ediciones\" \/>\n<meta property=\"og:description\" content=\"Esta novela describe el proceso de creaci\u00f3n y desarrollo de un experimento de car\u00e1cter fundamentalmente psicol\u00f3gico. | El informe ENE\" \/>\n<meta property=\"og:url\" content=\"https:\/\/www.laertes.es\/ca\/llibre\/el-informe-ene\/\" \/>\n<meta property=\"og:site_name\" content=\"Laertes ediciones\" \/>\n<meta property=\"article:modified_time\" content=\"2023-06-08T10:18:25+00:00\" \/>\n<meta property=\"og:image\" content=\"https:\/\/www.laertes.es\/wp-content\/uploads\/2023\/03\/CAM036.webp\" \/>\n\t<meta property=\"og:image:width\" content=\"802\" \/>\n\t<meta property=\"og:image:height\" content=\"1200\" \/>\n\t<meta property=\"og:image:type\" content=\"image\/webp\" \/>\n<script type=\"application\/ld+json\" class=\"yoast-schema-graph\">{\"@context\":\"https:\\\/\\\/schema.org\",\"@graph\":[{\"@type\":\"WebPage\",\"@id\":\"https:\\\/\\\/www.laertes.es\\\/ca\\\/llibre\\\/el-informe-ene\\\/\",\"url\":\"https:\\\/\\\/www.laertes.es\\\/ca\\\/llibre\\\/el-informe-ene\\\/\",\"name\":\"El informe ENE | Laertes ediciones\",\"isPartOf\":{\"@id\":\"https:\\\/\\\/www.laertes.es\\\/ca\\\/#website\"},\"primaryImageOfPage\":{\"@id\":\"https:\\\/\\\/www.laertes.es\\\/ca\\\/llibre\\\/el-informe-ene\\\/#primaryimage\"},\"image\":{\"@id\":\"https:\\\/\\\/www.laertes.es\\\/ca\\\/llibre\\\/el-informe-ene\\\/#primaryimage\"},\"thumbnailUrl\":\"https:\\\/\\\/www.laertes.es\\\/wp-content\\\/uploads\\\/2023\\\/03\\\/CAM036.webp\",\"datePublished\":\"2023-03-29T09:09:34+00:00\",\"dateModified\":\"2023-06-08T10:18:25+00:00\",\"description\":\"Esta novela describe el proceso de creaci\u00f3n y desarrollo de un experimento de car\u00e1cter fundamentalmente psicol\u00f3gico. | El informe ENE\",\"breadcrumb\":{\"@id\":\"https:\\\/\\\/www.laertes.es\\\/ca\\\/llibre\\\/el-informe-ene\\\/#breadcrumb\"},\"inLanguage\":\"ca\",\"potentialAction\":[{\"@type\":\"ReadAction\",\"target\":[\"https:\\\/\\\/www.laertes.es\\\/ca\\\/llibre\\\/el-informe-ene\\\/\"]}]},{\"@type\":\"ImageObject\",\"inLanguage\":\"ca\",\"@id\":\"https:\\\/\\\/www.laertes.es\\\/ca\\\/llibre\\\/el-informe-ene\\\/#primaryimage\",\"url\":\"https:\\\/\\\/www.laertes.es\\\/wp-content\\\/uploads\\\/2023\\\/03\\\/CAM036.webp\",\"contentUrl\":\"https:\\\/\\\/www.laertes.es\\\/wp-content\\\/uploads\\\/2023\\\/03\\\/CAM036.webp\",\"width\":802,\"height\":1200,\"caption\":\"El informe ENE\"},{\"@type\":\"BreadcrumbList\",\"@id\":\"https:\\\/\\\/www.laertes.es\\\/ca\\\/llibre\\\/el-informe-ene\\\/#breadcrumb\",\"itemListElement\":[{\"@type\":\"ListItem\",\"position\":1,\"name\":\"Portada\",\"item\":\"https:\\\/\\\/www.laertes.es\\\/ca\\\/\"},{\"@type\":\"ListItem\",\"position\":2,\"name\":\"Tienda\",\"item\":\"https:\\\/\\\/www.laertes.es\\\/tienda\\\/\"},{\"@type\":\"ListItem\",\"position\":3,\"name\":\"El informe ENE\"}]},{\"@type\":\"WebSite\",\"@id\":\"https:\\\/\\\/www.laertes.es\\\/ca\\\/#website\",\"url\":\"https:\\\/\\\/www.laertes.es\\\/ca\\\/\",\"name\":\"Laertes Ediciones\",\"description\":\"Editorial independiente desde 1975\",\"alternateName\":\"Laertes\",\"potentialAction\":[{\"@type\":\"SearchAction\",\"target\":{\"@type\":\"EntryPoint\",\"urlTemplate\":\"https:\\\/\\\/www.laertes.es\\\/ca\\\/?s={search_term_string}\"},\"query-input\":{\"@type\":\"PropertyValueSpecification\",\"valueRequired\":true,\"valueName\":\"search_term_string\"}}],\"inLanguage\":\"ca\"}]}<\/script>\n<!-- \/ Yoast SEO plugin. -->","yoast_head_json":{"title":"El informe ENE | Laertes ediciones","description":"Esta novela describe el proceso de creaci\u00f3n y desarrollo de un experimento de car\u00e1cter fundamentalmente psicol\u00f3gico. | El informe ENE","robots":{"index":"index","follow":"follow","max-snippet":"max-snippet:-1","max-image-preview":"max-image-preview:large","max-video-preview":"max-video-preview:-1"},"canonical":"https:\/\/www.laertes.es\/ca\/llibre\/el-informe-ene\/","og_locale":"ca_ES","og_type":"article","og_title":"El informe ENE | Laertes ediciones","og_description":"Esta novela describe el proceso de creaci\u00f3n y desarrollo de un experimento de car\u00e1cter fundamentalmente psicol\u00f3gico. | El informe ENE","og_url":"https:\/\/www.laertes.es\/ca\/llibre\/el-informe-ene\/","og_site_name":"Laertes ediciones","article_modified_time":"2023-06-08T10:18:25+00:00","og_image":[{"width":802,"height":1200,"url":"https:\/\/www.laertes.es\/wp-content\/uploads\/2023\/03\/CAM036.webp","type":"image\/webp"}],"schema":{"@context":"https:\/\/schema.org","@graph":[{"@type":"WebPage","@id":"https:\/\/www.laertes.es\/ca\/llibre\/el-informe-ene\/","url":"https:\/\/www.laertes.es\/ca\/llibre\/el-informe-ene\/","name":"El informe ENE | Laertes ediciones","isPartOf":{"@id":"https:\/\/www.laertes.es\/ca\/#website"},"primaryImageOfPage":{"@id":"https:\/\/www.laertes.es\/ca\/llibre\/el-informe-ene\/#primaryimage"},"image":{"@id":"https:\/\/www.laertes.es\/ca\/llibre\/el-informe-ene\/#primaryimage"},"thumbnailUrl":"https:\/\/www.laertes.es\/wp-content\/uploads\/2023\/03\/CAM036.webp","datePublished":"2023-03-29T09:09:34+00:00","dateModified":"2023-06-08T10:18:25+00:00","description":"Esta novela describe el proceso de creaci\u00f3n y desarrollo de un experimento de car\u00e1cter fundamentalmente psicol\u00f3gico. | El informe ENE","breadcrumb":{"@id":"https:\/\/www.laertes.es\/ca\/llibre\/el-informe-ene\/#breadcrumb"},"inLanguage":"ca","potentialAction":[{"@type":"ReadAction","target":["https:\/\/www.laertes.es\/ca\/llibre\/el-informe-ene\/"]}]},{"@type":"ImageObject","inLanguage":"ca","@id":"https:\/\/www.laertes.es\/ca\/llibre\/el-informe-ene\/#primaryimage","url":"https:\/\/www.laertes.es\/wp-content\/uploads\/2023\/03\/CAM036.webp","contentUrl":"https:\/\/www.laertes.es\/wp-content\/uploads\/2023\/03\/CAM036.webp","width":802,"height":1200,"caption":"El informe ENE"},{"@type":"BreadcrumbList","@id":"https:\/\/www.laertes.es\/ca\/llibre\/el-informe-ene\/#breadcrumb","itemListElement":[{"@type":"ListItem","position":1,"name":"Portada","item":"https:\/\/www.laertes.es\/ca\/"},{"@type":"ListItem","position":2,"name":"Tienda","item":"https:\/\/www.laertes.es\/tienda\/"},{"@type":"ListItem","position":3,"name":"El informe ENE"}]},{"@type":"WebSite","@id":"https:\/\/www.laertes.es\/ca\/#website","url":"https:\/\/www.laertes.es\/ca\/","name":"Laertes Ediciones","description":"Editorial independiente desde 1975","alternateName":"Laertes","potentialAction":[{"@type":"SearchAction","target":{"@type":"EntryPoint","urlTemplate":"https:\/\/www.laertes.es\/ca\/?s={search_term_string}"},"query-input":{"@type":"PropertyValueSpecification","valueRequired":true,"valueName":"search_term_string"}}],"inLanguage":"ca"}]}},"_links":{"self":[{"href":"https:\/\/www.laertes.es\/ca\/wp-json\/wp\/v2\/product\/13047","targetHints":{"allow":["GET"]}}],"collection":[{"href":"https:\/\/www.laertes.es\/ca\/wp-json\/wp\/v2\/product"}],"about":[{"href":"https:\/\/www.laertes.es\/ca\/wp-json\/wp\/v2\/types\/product"}],"version-history":[{"count":1,"href":"https:\/\/www.laertes.es\/ca\/wp-json\/wp\/v2\/product\/13047\/revisions"}],"predecessor-version":[{"id":14397,"href":"https:\/\/www.laertes.es\/ca\/wp-json\/wp\/v2\/product\/13047\/revisions\/14397"}],"wp:featuredmedia":[{"embeddable":true,"href":"https:\/\/www.laertes.es\/ca\/wp-json\/wp\/v2\/media\/14394"}],"wp:attachment":[{"href":"https:\/\/www.laertes.es\/ca\/wp-json\/wp\/v2\/media?parent=13047"}],"wp:term":[{"taxonomy":"product_brand","embeddable":true,"href":"https:\/\/www.laertes.es\/ca\/wp-json\/wp\/v2\/product_brand?post=13047"},{"taxonomy":"product_cat","embeddable":true,"href":"https:\/\/www.laertes.es\/ca\/wp-json\/wp\/v2\/product_cat?post=13047"},{"taxonomy":"product_tag","embeddable":true,"href":"https:\/\/www.laertes.es\/ca\/wp-json\/wp\/v2\/product_tag?post=13047"},{"taxonomy":"autores","embeddable":true,"href":"https:\/\/www.laertes.es\/ca\/wp-json\/wp\/v2\/autores?post=13047"},{"taxonomy":"formatos","embeddable":true,"href":"https:\/\/www.laertes.es\/ca\/wp-json\/wp\/v2\/formatos?post=13047"},{"taxonomy":"materias","embeddable":true,"href":"https:\/\/www.laertes.es\/ca\/wp-json\/wp\/v2\/materias?post=13047"}],"curies":[{"name":"wp","href":"https:\/\/api.w.org\/{rel}","templated":true}]}}