{"id":13031,"date":"2023-05-02T10:05:04","date_gmt":"2023-05-02T10:05:04","guid":{"rendered":"https:\/libro\/la-biblioteca-darkham\/"},"modified":"2023-06-17T15:56:08","modified_gmt":"2023-06-17T15:56:08","slug":"la-biblioteca-darkham","status":"publish","type":"product","link":"https:\/\/www.laertes.es\/ca\/llibre\/la-biblioteca-darkham\/","title":{"rendered":"La biblioteca d&#8217;Arkham"},"content":{"rendered":"<h1>La biblioteca d&#8217;Arkham<\/h1>\n<p>La biblioteca d&#8217;Arkham Qui no ha sentit a parlar de Cthulhu, Nyarlathotep o l\u2019infame <em>Necronomicon<\/em>? Lord Dunsany, Ambrose Bierce, R. W. Chambers, Arthur Machen o Algernon Blackwood van recollir l\u2019ess\u00e8ncia de tots aquells terrors d\u2019espant i van contribuir a la seva popularitzaci\u00f3, per\u00f2 correspon a H. P. Lovecraft l\u2019honor d\u2019haver-ne estat l\u2019inventor. Gr\u00e0cies a \u00abEls mites de Cthulhu\u00bb, la influ\u00e8ncia de Lovecraft en la literatura de terror dels \u00faltims cinquanta anys ha estat incommensurable, fins al punt que s\u2019ha acabat convertint en un aut\u00e8ntic autor de culte.<br \/>\n<strong>\u00a0\u00a0\u00a0<\/strong>Aquest primer volum, prologat i tradu\u00eft per Jordi Daus\u00e0, \u00e9s una selecci\u00f3 personal d\u2019alguns dels millors relats dels Mites i una bona porta d\u2019entrada als seus horrors c\u00f2smics.<\/p>\n<p>Qui no ha sentit a parlar de Cthulhu, Nyarlathotep o l\u2019infame <em>Necronomicon<\/em>? Lord Dunsany, Ambrose Bierce, R. W. Chambers, Arthur Machen o Algernon Blackwood van recollir l\u2019ess\u00e8ncia de tots aquells terrors d\u2019espant i van contribuir a la seva popularitzaci\u00f3, per\u00f2 correspon a H. P. Lovecraft l\u2019honor d\u2019haver-ne estat l\u2019inventor. Gr\u00e0cies a \u00abEls mites de Cthulhu\u00bb, la influ\u00e8ncia de Lovecraft en la literatura de terror dels \u00faltims cinquanta anys ha estat incommensurable, fins al punt que s\u2019ha acabat convertint en un aut\u00e8ntic autor de culte.<br \/>\n<strong>\u00a0\u00a0\u00a0<\/strong>Aquest primer volum, prologat i tradu\u00eft per Jordi Daus\u00e0, \u00e9s una selecci\u00f3 personal d\u2019alguns dels millors relats dels Mites i una bona porta d\u2019entrada als seus horrors c\u00f2smics. La biblioteca d&#8217;Arkham<\/p>\n<p>Qui no ha sentit a parlar de Cthulhu, Nyarlathotep o l\u2019infame <em>Necronomicon<\/em>? Lord Dunsany, Ambrose Bierce, R. W. Chambers, Arthur Machen o Algernon Blackwood van recollir l\u2019ess\u00e8ncia de tots aquells terrors d\u2019espant i van contribuir a la seva popularitzaci\u00f3, per\u00f2 correspon a H. P. Lovecraft l\u2019honor d\u2019haver-ne estat l\u2019inventor. Gr\u00e0cies a \u00abEls mites de Cthulhu\u00bb, la influ\u00e8ncia de Lovecraft en la literatura de terror dels \u00faltims cinquanta anys ha estat incommensurable, fins al punt que s\u2019ha acabat convertint en un aut\u00e8ntic autor de culte.<br \/>\n<strong>\u00a0\u00a0\u00a0<\/strong>Aquest primer volum, prologat i tradu\u00eft per Jordi Daus\u00e0, \u00e9s una selecci\u00f3 personal d\u2019alguns dels millors relats dels Mites i una bona porta d\u2019entrada als seus horrors c\u00f2smics. La biblioteca d&#8217;Arkham<\/p>\n","protected":false},"excerpt":{"rendered":"<p>La biblioteca d&#8217;Arkham La biblioteca d&#8217;Arkham Qui no ha sentit a parlar de Cthulhu, Nyarlathotep o l\u2019infame Necronomicon? Lord Dunsany,<\/p>\n","protected":false},"featured_media":13023,"template":"","meta":[],"product_brand":[],"product_cat":[296],"product_tag":[672,714,995,673],"autores":[396],"formatos":[355],"materias":[356],"class_list":{"0":"post-13031","1":"product","2":"type-product","3":"status-publish","4":"has-post-thumbnail","6":"product_cat-larca-ca","7":"product_tag-literatura-fantastica-ca","8":"product_tag-lovecraft-ca","9":"product_tag-mites-de-chtulhu-ca","10":"product_tag-terror-ca","11":"autores-lovecraft-howard-phillips-ca","12":"formatos-llibre","13":"materias-cuentos-clasicos-de-generos-fantasticos-ca","15":"first","16":"instock","17":"taxable","18":"shipping-taxable","19":"purchasable","20":"product-type-simple"},"yoast_head":"<!-- This site is optimized with the Yoast SEO plugin v27.3 - https:\/\/yoast.com\/product\/yoast-seo-wordpress\/ -->\n<title>La biblioteca d&#039;Arkham | Laertes ediciones<\/title>\n<meta name=\"description\" content=\"La biblioteca d&#039;Arkham Qui no ha sentit a parlar de Cthulhu, Nyarlathotep o l\u2019infame Necronomicon? Els mites de Chtulhu Lovecraft\" \/>\n<meta name=\"robots\" content=\"index, follow, max-snippet:-1, max-image-preview:large, max-video-preview:-1\" \/>\n<link rel=\"canonical\" href=\"https:\/\/www.laertes.es\/ca\/llibre\/la-biblioteca-darkham\/\" \/>\n<meta property=\"og:locale\" content=\"ca_ES\" \/>\n<meta property=\"og:type\" content=\"article\" \/>\n<meta property=\"og:title\" content=\"La biblioteca d&#039;Arkham | Laertes ediciones\" \/>\n<meta property=\"og:description\" content=\"La biblioteca d&#039;Arkham Qui no ha sentit a parlar de Cthulhu, Nyarlathotep o l\u2019infame Necronomicon? Els mites de Chtulhu Lovecraft\" \/>\n<meta property=\"og:url\" content=\"https:\/\/www.laertes.es\/ca\/llibre\/la-biblioteca-darkham\/\" \/>\n<meta property=\"og:site_name\" content=\"Laertes ediciones\" \/>\n<meta property=\"article:modified_time\" content=\"2023-06-17T15:56:08+00:00\" \/>\n<meta property=\"og:image\" content=\"https:\/\/www.laertes.es\/wp-content\/uploads\/2023\/05\/ARC111.webp\" \/>\n\t<meta property=\"og:image:width\" content=\"802\" \/>\n\t<meta property=\"og:image:height\" content=\"1200\" \/>\n\t<meta property=\"og:image:type\" content=\"image\/webp\" \/>\n<script type=\"application\/ld+json\" class=\"yoast-schema-graph\">{\"@context\":\"https:\\\/\\\/schema.org\",\"@graph\":[{\"@type\":\"WebPage\",\"@id\":\"https:\\\/\\\/www.laertes.es\\\/ca\\\/llibre\\\/la-biblioteca-darkham\\\/\",\"url\":\"https:\\\/\\\/www.laertes.es\\\/ca\\\/llibre\\\/la-biblioteca-darkham\\\/\",\"name\":\"La biblioteca d'Arkham | Laertes ediciones\",\"isPartOf\":{\"@id\":\"https:\\\/\\\/www.laertes.es\\\/ca\\\/#website\"},\"primaryImageOfPage\":{\"@id\":\"https:\\\/\\\/www.laertes.es\\\/ca\\\/llibre\\\/la-biblioteca-darkham\\\/#primaryimage\"},\"image\":{\"@id\":\"https:\\\/\\\/www.laertes.es\\\/ca\\\/llibre\\\/la-biblioteca-darkham\\\/#primaryimage\"},\"thumbnailUrl\":\"https:\\\/\\\/www.laertes.es\\\/wp-content\\\/uploads\\\/2023\\\/05\\\/ARC111.webp\",\"datePublished\":\"2023-05-02T10:05:04+00:00\",\"dateModified\":\"2023-06-17T15:56:08+00:00\",\"description\":\"La biblioteca d'Arkham Qui no ha sentit a parlar de Cthulhu, Nyarlathotep o l\u2019infame Necronomicon? Els mites de Chtulhu Lovecraft\",\"breadcrumb\":{\"@id\":\"https:\\\/\\\/www.laertes.es\\\/ca\\\/llibre\\\/la-biblioteca-darkham\\\/#breadcrumb\"},\"inLanguage\":\"ca\",\"potentialAction\":[{\"@type\":\"ReadAction\",\"target\":[\"https:\\\/\\\/www.laertes.es\\\/ca\\\/llibre\\\/la-biblioteca-darkham\\\/\"]}]},{\"@type\":\"ImageObject\",\"inLanguage\":\"ca\",\"@id\":\"https:\\\/\\\/www.laertes.es\\\/ca\\\/llibre\\\/la-biblioteca-darkham\\\/#primaryimage\",\"url\":\"https:\\\/\\\/www.laertes.es\\\/wp-content\\\/uploads\\\/2023\\\/05\\\/ARC111.webp\",\"contentUrl\":\"https:\\\/\\\/www.laertes.es\\\/wp-content\\\/uploads\\\/2023\\\/05\\\/ARC111.webp\",\"width\":802,\"height\":1200,\"caption\":\"La biblioteca d'Arkham\"},{\"@type\":\"BreadcrumbList\",\"@id\":\"https:\\\/\\\/www.laertes.es\\\/ca\\\/llibre\\\/la-biblioteca-darkham\\\/#breadcrumb\",\"itemListElement\":[{\"@type\":\"ListItem\",\"position\":1,\"name\":\"Portada\",\"item\":\"https:\\\/\\\/www.laertes.es\\\/ca\\\/\"},{\"@type\":\"ListItem\",\"position\":2,\"name\":\"Tienda\",\"item\":\"https:\\\/\\\/www.laertes.es\\\/tienda\\\/\"},{\"@type\":\"ListItem\",\"position\":3,\"name\":\"La biblioteca d&#8217;Arkham\"}]},{\"@type\":\"WebSite\",\"@id\":\"https:\\\/\\\/www.laertes.es\\\/ca\\\/#website\",\"url\":\"https:\\\/\\\/www.laertes.es\\\/ca\\\/\",\"name\":\"Laertes Ediciones\",\"description\":\"Editorial independiente desde 1975\",\"alternateName\":\"Laertes\",\"potentialAction\":[{\"@type\":\"SearchAction\",\"target\":{\"@type\":\"EntryPoint\",\"urlTemplate\":\"https:\\\/\\\/www.laertes.es\\\/ca\\\/?s={search_term_string}\"},\"query-input\":{\"@type\":\"PropertyValueSpecification\",\"valueRequired\":true,\"valueName\":\"search_term_string\"}}],\"inLanguage\":\"ca\"}]}<\/script>\n<!-- \/ Yoast SEO plugin. -->","yoast_head_json":{"title":"La biblioteca d'Arkham | Laertes ediciones","description":"La biblioteca d'Arkham Qui no ha sentit a parlar de Cthulhu, Nyarlathotep o l\u2019infame Necronomicon? Els mites de Chtulhu Lovecraft","robots":{"index":"index","follow":"follow","max-snippet":"max-snippet:-1","max-image-preview":"max-image-preview:large","max-video-preview":"max-video-preview:-1"},"canonical":"https:\/\/www.laertes.es\/ca\/llibre\/la-biblioteca-darkham\/","og_locale":"ca_ES","og_type":"article","og_title":"La biblioteca d'Arkham | Laertes ediciones","og_description":"La biblioteca d'Arkham Qui no ha sentit a parlar de Cthulhu, Nyarlathotep o l\u2019infame Necronomicon? Els mites de Chtulhu Lovecraft","og_url":"https:\/\/www.laertes.es\/ca\/llibre\/la-biblioteca-darkham\/","og_site_name":"Laertes ediciones","article_modified_time":"2023-06-17T15:56:08+00:00","og_image":[{"width":802,"height":1200,"url":"https:\/\/www.laertes.es\/wp-content\/uploads\/2023\/05\/ARC111.webp","type":"image\/webp"}],"schema":{"@context":"https:\/\/schema.org","@graph":[{"@type":"WebPage","@id":"https:\/\/www.laertes.es\/ca\/llibre\/la-biblioteca-darkham\/","url":"https:\/\/www.laertes.es\/ca\/llibre\/la-biblioteca-darkham\/","name":"La biblioteca d'Arkham | Laertes ediciones","isPartOf":{"@id":"https:\/\/www.laertes.es\/ca\/#website"},"primaryImageOfPage":{"@id":"https:\/\/www.laertes.es\/ca\/llibre\/la-biblioteca-darkham\/#primaryimage"},"image":{"@id":"https:\/\/www.laertes.es\/ca\/llibre\/la-biblioteca-darkham\/#primaryimage"},"thumbnailUrl":"https:\/\/www.laertes.es\/wp-content\/uploads\/2023\/05\/ARC111.webp","datePublished":"2023-05-02T10:05:04+00:00","dateModified":"2023-06-17T15:56:08+00:00","description":"La biblioteca d'Arkham Qui no ha sentit a parlar de Cthulhu, Nyarlathotep o l\u2019infame Necronomicon? Els mites de Chtulhu Lovecraft","breadcrumb":{"@id":"https:\/\/www.laertes.es\/ca\/llibre\/la-biblioteca-darkham\/#breadcrumb"},"inLanguage":"ca","potentialAction":[{"@type":"ReadAction","target":["https:\/\/www.laertes.es\/ca\/llibre\/la-biblioteca-darkham\/"]}]},{"@type":"ImageObject","inLanguage":"ca","@id":"https:\/\/www.laertes.es\/ca\/llibre\/la-biblioteca-darkham\/#primaryimage","url":"https:\/\/www.laertes.es\/wp-content\/uploads\/2023\/05\/ARC111.webp","contentUrl":"https:\/\/www.laertes.es\/wp-content\/uploads\/2023\/05\/ARC111.webp","width":802,"height":1200,"caption":"La biblioteca d'Arkham"},{"@type":"BreadcrumbList","@id":"https:\/\/www.laertes.es\/ca\/llibre\/la-biblioteca-darkham\/#breadcrumb","itemListElement":[{"@type":"ListItem","position":1,"name":"Portada","item":"https:\/\/www.laertes.es\/ca\/"},{"@type":"ListItem","position":2,"name":"Tienda","item":"https:\/\/www.laertes.es\/tienda\/"},{"@type":"ListItem","position":3,"name":"La biblioteca d&#8217;Arkham"}]},{"@type":"WebSite","@id":"https:\/\/www.laertes.es\/ca\/#website","url":"https:\/\/www.laertes.es\/ca\/","name":"Laertes Ediciones","description":"Editorial independiente desde 1975","alternateName":"Laertes","potentialAction":[{"@type":"SearchAction","target":{"@type":"EntryPoint","urlTemplate":"https:\/\/www.laertes.es\/ca\/?s={search_term_string}"},"query-input":{"@type":"PropertyValueSpecification","valueRequired":true,"valueName":"search_term_string"}}],"inLanguage":"ca"}]}},"_links":{"self":[{"href":"https:\/\/www.laertes.es\/ca\/wp-json\/wp\/v2\/product\/13031","targetHints":{"allow":["GET"]}}],"collection":[{"href":"https:\/\/www.laertes.es\/ca\/wp-json\/wp\/v2\/product"}],"about":[{"href":"https:\/\/www.laertes.es\/ca\/wp-json\/wp\/v2\/types\/product"}],"version-history":[{"count":2,"href":"https:\/\/www.laertes.es\/ca\/wp-json\/wp\/v2\/product\/13031\/revisions"}],"predecessor-version":[{"id":13325,"href":"https:\/\/www.laertes.es\/ca\/wp-json\/wp\/v2\/product\/13031\/revisions\/13325"}],"wp:featuredmedia":[{"embeddable":true,"href":"https:\/\/www.laertes.es\/ca\/wp-json\/wp\/v2\/media\/13023"}],"wp:attachment":[{"href":"https:\/\/www.laertes.es\/ca\/wp-json\/wp\/v2\/media?parent=13031"}],"wp:term":[{"taxonomy":"product_brand","embeddable":true,"href":"https:\/\/www.laertes.es\/ca\/wp-json\/wp\/v2\/product_brand?post=13031"},{"taxonomy":"product_cat","embeddable":true,"href":"https:\/\/www.laertes.es\/ca\/wp-json\/wp\/v2\/product_cat?post=13031"},{"taxonomy":"product_tag","embeddable":true,"href":"https:\/\/www.laertes.es\/ca\/wp-json\/wp\/v2\/product_tag?post=13031"},{"taxonomy":"autores","embeddable":true,"href":"https:\/\/www.laertes.es\/ca\/wp-json\/wp\/v2\/autores?post=13031"},{"taxonomy":"formatos","embeddable":true,"href":"https:\/\/www.laertes.es\/ca\/wp-json\/wp\/v2\/formatos?post=13031"},{"taxonomy":"materias","embeddable":true,"href":"https:\/\/www.laertes.es\/ca\/wp-json\/wp\/v2\/materias?post=13031"}],"curies":[{"name":"wp","href":"https:\/\/api.w.org\/{rel}","templated":true}]}}