{"id":13025,"date":"2023-05-02T09:53:11","date_gmt":"2023-05-02T09:53:11","guid":{"rendered":"https:\/libro\/conan-2\/"},"modified":"2023-05-06T03:57:26","modified_gmt":"2023-05-06T03:57:26","slug":"conan-4-2","status":"publish","type":"product","link":"https:\/\/www.laertes.es\/ca\/llibre\/conan-4-2\/","title":{"rendered":"C\u00f2nan 4"},"content":{"rendered":"<h1 style=\"text-align: justify\">C\u00f2nan 4<\/h1>\n<p style=\"text-align: justify\">c\u00f2nan 4 A El <em>Misteri\u00f3s desconegut<\/em>, relat llarg que dona t\u00edtol a aquest recull, Robert E. Howard ens narra amb el seu dinamisme habitual la hist\u00f2ria d\u2019un comte que ha hagut de fugir per establir-se en una fortificaci\u00f3 davant de la costa. All\u00e0 rebr\u00e0 la visita de dues naus pirates enemigues que cerquen un tresor amagat a la selva. L\u2019aparici\u00f3 de C\u00f2nan \u2014astut i poder\u00f3s com mai\u2014 ser\u00e0 el punt d\u2019inflexi\u00f3 d\u2019aquesta hist\u00f2ria de pirates, nobles, pictes ferotges, monstres, m\u00e0gia i espases.<br \/>\n<strong>\u00a0\u00a0\u00a0<\/strong>A<em> L\u2019estany dels negres,<\/em> despr\u00e9s d\u2019enrolar-se a la tripulaci\u00f3 pirata del Wastrel i acompanyat de la bell\u00edssima Sanxa, C\u00f2nan viur\u00e0 una breu per\u00f2 intensa aventura en desembarcar a una illa habitada per criatures gegantines que m\u00e9s s\u2019assemblen a dimonis que a abor\u00edgens.<\/p>\n<h2 style=\"text-align: justify\">C\u00f2nan 4<\/h2>\n<p>C\u00f2nan \u00e9s el personatge m\u00e9s rellevant de l\u2019escriptor de literatura pulp Robert E. Howard, pare del g\u00e8nere anomenat \u00abespasa i bruixeria\u00bb i un dels narradors m\u00e9s ic\u00f2nics de la revista <em>Weird Tales<\/em>. Creador d\u2019altres personatges com Solomon Kane o Kull, el Conqueridor, ha passat a la hist\u00f2ria sobretot per les narracions que va escriure sobre C\u00f2nan, qui, gr\u00e0cies a les recopilacions dels seus relats i les seves adaptacions al c\u00f2mic i al cinema, ha esdevingut una icona del segle xx.<\/p>\n<p>C\u00f2nan \u00e9s el personatge m\u00e9s rellevant de l\u2019escriptor de literatura pulp Robert E. Howard, pare del g\u00e8nere anomenat \u00abespasa i bruixeria\u00bb i un dels narradors m\u00e9s ic\u00f2nics de la revista <em>Weird Tales<\/em>. Creador d\u2019altres personatges com Solomon Kane o Kull, el Conqueridor, ha passat a la hist\u00f2ria sobretot per les narracions que va escriure sobre C\u00f2nan, qui, gr\u00e0cies a les recopilacions dels seus relats i les seves adaptacions al c\u00f2mic i al cinema, ha esdevingut una icona del segle xx. C\u00f2nan \u00e9s el personatge m\u00e9s rellevant de l\u2019escriptor de literatura pulp Robert E. Howard, pare del g\u00e8nere anomenat \u00abespasa i bruixeria\u00bb i un dels narradors m\u00e9s ic\u00f2nics de la revista <em>Weird Tales<\/em>. Creador d\u2019altres personatges com Solomon Kane o Kull, el Conqueridor, ha passat a la hist\u00f2ria sobretot per les narracions que va escriure sobre C\u00f2nan, qui, gr\u00e0cies a les recopilacions dels seus relats i les seves adaptacions al c\u00f2mic i al cinema, ha esdevingut una icona del segle xx.<\/p>\n","protected":false},"excerpt":{"rendered":"<p>C\u00f2nan 4 c\u00f2nan 4 A El Misteri\u00f3s desconegut, relat llarg que dona t\u00edtol a aquest recull, Robert E. Howard ens<\/p>\n","protected":false},"featured_media":13019,"template":"","meta":[],"product_brand":[],"product_cat":[296],"product_tag":[711,682,683],"autores":[451],"formatos":[355],"materias":[356],"class_list":{"0":"post-13025","1":"product","2":"type-product","3":"status-publish","4":"has-post-thumbnail","6":"product_cat-larca-ca","7":"product_tag-aventura-ca","8":"product_tag-espasa-i-bruixeria-ca","9":"product_tag-weird-tales-ca","10":"autores-howard-robert-e-ca","11":"formatos-llibre","12":"materias-cuentos-clasicos-de-generos-fantasticos-ca","14":"first","15":"instock","16":"taxable","17":"shipping-taxable","18":"purchasable","19":"product-type-simple"},"yoast_head":"<!-- This site is optimized with the Yoast SEO plugin v27.3 - https:\/\/yoast.com\/product\/yoast-seo-wordpress\/ -->\n<title>C\u00f2nan 4 | Laertes ediciones<\/title>\n<meta name=\"description\" content=\"C\u00f2nan 4 | C\u00f2nan \u00e9s el personatge m\u00e9s rellevant de l\u2019escriptor de literatura pulp Robert E. Howard, pare del g\u00e8nere anomenat \u00abespasa i bruixeria\u00bb.\" \/>\n<meta name=\"robots\" content=\"index, follow, max-snippet:-1, max-image-preview:large, max-video-preview:-1\" \/>\n<link rel=\"canonical\" href=\"https:\/\/www.laertes.es\/ca\/llibre\/conan-4-2\/\" \/>\n<meta property=\"og:locale\" content=\"ca_ES\" \/>\n<meta property=\"og:type\" content=\"article\" \/>\n<meta property=\"og:title\" content=\"C\u00f2nan 4 | Laertes ediciones\" \/>\n<meta property=\"og:description\" content=\"C\u00f2nan 4 | C\u00f2nan \u00e9s el personatge m\u00e9s rellevant de l\u2019escriptor de literatura pulp Robert E. Howard, pare del g\u00e8nere anomenat \u00abespasa i bruixeria\u00bb.\" \/>\n<meta property=\"og:url\" content=\"https:\/\/www.laertes.es\/ca\/llibre\/conan-4-2\/\" \/>\n<meta property=\"og:site_name\" content=\"Laertes ediciones\" \/>\n<meta property=\"article:modified_time\" content=\"2023-05-06T03:57:26+00:00\" \/>\n<meta property=\"og:image\" content=\"https:\/\/www.laertes.es\/wp-content\/uploads\/2023\/05\/ARC109.webp\" \/>\n\t<meta property=\"og:image:width\" content=\"802\" \/>\n\t<meta property=\"og:image:height\" content=\"1200\" \/>\n\t<meta property=\"og:image:type\" content=\"image\/webp\" \/>\n<script type=\"application\/ld+json\" class=\"yoast-schema-graph\">{\"@context\":\"https:\\\/\\\/schema.org\",\"@graph\":[{\"@type\":\"WebPage\",\"@id\":\"https:\\\/\\\/www.laertes.es\\\/ca\\\/llibre\\\/conan-4-2\\\/\",\"url\":\"https:\\\/\\\/www.laertes.es\\\/ca\\\/llibre\\\/conan-4-2\\\/\",\"name\":\"C\u00f2nan 4 | Laertes ediciones\",\"isPartOf\":{\"@id\":\"https:\\\/\\\/www.laertes.es\\\/ca\\\/#website\"},\"primaryImageOfPage\":{\"@id\":\"https:\\\/\\\/www.laertes.es\\\/ca\\\/llibre\\\/conan-4-2\\\/#primaryimage\"},\"image\":{\"@id\":\"https:\\\/\\\/www.laertes.es\\\/ca\\\/llibre\\\/conan-4-2\\\/#primaryimage\"},\"thumbnailUrl\":\"https:\\\/\\\/www.laertes.es\\\/wp-content\\\/uploads\\\/2023\\\/05\\\/ARC109.webp\",\"datePublished\":\"2023-05-02T09:53:11+00:00\",\"dateModified\":\"2023-05-06T03:57:26+00:00\",\"description\":\"C\u00f2nan 4 | C\u00f2nan \u00e9s el personatge m\u00e9s rellevant de l\u2019escriptor de literatura pulp Robert E. Howard, pare del g\u00e8nere anomenat \u00abespasa i bruixeria\u00bb.\",\"breadcrumb\":{\"@id\":\"https:\\\/\\\/www.laertes.es\\\/ca\\\/llibre\\\/conan-4-2\\\/#breadcrumb\"},\"inLanguage\":\"ca\",\"potentialAction\":[{\"@type\":\"ReadAction\",\"target\":[\"https:\\\/\\\/www.laertes.es\\\/ca\\\/llibre\\\/conan-4-2\\\/\"]}]},{\"@type\":\"ImageObject\",\"inLanguage\":\"ca\",\"@id\":\"https:\\\/\\\/www.laertes.es\\\/ca\\\/llibre\\\/conan-4-2\\\/#primaryimage\",\"url\":\"https:\\\/\\\/www.laertes.es\\\/wp-content\\\/uploads\\\/2023\\\/05\\\/ARC109.webp\",\"contentUrl\":\"https:\\\/\\\/www.laertes.es\\\/wp-content\\\/uploads\\\/2023\\\/05\\\/ARC109.webp\",\"width\":802,\"height\":1200,\"caption\":\"C\u00f2nan\"},{\"@type\":\"BreadcrumbList\",\"@id\":\"https:\\\/\\\/www.laertes.es\\\/ca\\\/llibre\\\/conan-4-2\\\/#breadcrumb\",\"itemListElement\":[{\"@type\":\"ListItem\",\"position\":1,\"name\":\"Portada\",\"item\":\"https:\\\/\\\/www.laertes.es\\\/ca\\\/\"},{\"@type\":\"ListItem\",\"position\":2,\"name\":\"Tienda\",\"item\":\"https:\\\/\\\/www.laertes.es\\\/tienda\\\/\"},{\"@type\":\"ListItem\",\"position\":3,\"name\":\"C\u00f2nan 4\"}]},{\"@type\":\"WebSite\",\"@id\":\"https:\\\/\\\/www.laertes.es\\\/ca\\\/#website\",\"url\":\"https:\\\/\\\/www.laertes.es\\\/ca\\\/\",\"name\":\"Laertes Ediciones\",\"description\":\"Editorial independiente desde 1975\",\"alternateName\":\"Laertes\",\"potentialAction\":[{\"@type\":\"SearchAction\",\"target\":{\"@type\":\"EntryPoint\",\"urlTemplate\":\"https:\\\/\\\/www.laertes.es\\\/ca\\\/?s={search_term_string}\"},\"query-input\":{\"@type\":\"PropertyValueSpecification\",\"valueRequired\":true,\"valueName\":\"search_term_string\"}}],\"inLanguage\":\"ca\"}]}<\/script>\n<!-- \/ Yoast SEO plugin. -->","yoast_head_json":{"title":"C\u00f2nan 4 | Laertes ediciones","description":"C\u00f2nan 4 | C\u00f2nan \u00e9s el personatge m\u00e9s rellevant de l\u2019escriptor de literatura pulp Robert E. Howard, pare del g\u00e8nere anomenat \u00abespasa i bruixeria\u00bb.","robots":{"index":"index","follow":"follow","max-snippet":"max-snippet:-1","max-image-preview":"max-image-preview:large","max-video-preview":"max-video-preview:-1"},"canonical":"https:\/\/www.laertes.es\/ca\/llibre\/conan-4-2\/","og_locale":"ca_ES","og_type":"article","og_title":"C\u00f2nan 4 | Laertes ediciones","og_description":"C\u00f2nan 4 | C\u00f2nan \u00e9s el personatge m\u00e9s rellevant de l\u2019escriptor de literatura pulp Robert E. Howard, pare del g\u00e8nere anomenat \u00abespasa i bruixeria\u00bb.","og_url":"https:\/\/www.laertes.es\/ca\/llibre\/conan-4-2\/","og_site_name":"Laertes ediciones","article_modified_time":"2023-05-06T03:57:26+00:00","og_image":[{"width":802,"height":1200,"url":"https:\/\/www.laertes.es\/wp-content\/uploads\/2023\/05\/ARC109.webp","type":"image\/webp"}],"schema":{"@context":"https:\/\/schema.org","@graph":[{"@type":"WebPage","@id":"https:\/\/www.laertes.es\/ca\/llibre\/conan-4-2\/","url":"https:\/\/www.laertes.es\/ca\/llibre\/conan-4-2\/","name":"C\u00f2nan 4 | Laertes ediciones","isPartOf":{"@id":"https:\/\/www.laertes.es\/ca\/#website"},"primaryImageOfPage":{"@id":"https:\/\/www.laertes.es\/ca\/llibre\/conan-4-2\/#primaryimage"},"image":{"@id":"https:\/\/www.laertes.es\/ca\/llibre\/conan-4-2\/#primaryimage"},"thumbnailUrl":"https:\/\/www.laertes.es\/wp-content\/uploads\/2023\/05\/ARC109.webp","datePublished":"2023-05-02T09:53:11+00:00","dateModified":"2023-05-06T03:57:26+00:00","description":"C\u00f2nan 4 | C\u00f2nan \u00e9s el personatge m\u00e9s rellevant de l\u2019escriptor de literatura pulp Robert E. Howard, pare del g\u00e8nere anomenat \u00abespasa i bruixeria\u00bb.","breadcrumb":{"@id":"https:\/\/www.laertes.es\/ca\/llibre\/conan-4-2\/#breadcrumb"},"inLanguage":"ca","potentialAction":[{"@type":"ReadAction","target":["https:\/\/www.laertes.es\/ca\/llibre\/conan-4-2\/"]}]},{"@type":"ImageObject","inLanguage":"ca","@id":"https:\/\/www.laertes.es\/ca\/llibre\/conan-4-2\/#primaryimage","url":"https:\/\/www.laertes.es\/wp-content\/uploads\/2023\/05\/ARC109.webp","contentUrl":"https:\/\/www.laertes.es\/wp-content\/uploads\/2023\/05\/ARC109.webp","width":802,"height":1200,"caption":"C\u00f2nan"},{"@type":"BreadcrumbList","@id":"https:\/\/www.laertes.es\/ca\/llibre\/conan-4-2\/#breadcrumb","itemListElement":[{"@type":"ListItem","position":1,"name":"Portada","item":"https:\/\/www.laertes.es\/ca\/"},{"@type":"ListItem","position":2,"name":"Tienda","item":"https:\/\/www.laertes.es\/tienda\/"},{"@type":"ListItem","position":3,"name":"C\u00f2nan 4"}]},{"@type":"WebSite","@id":"https:\/\/www.laertes.es\/ca\/#website","url":"https:\/\/www.laertes.es\/ca\/","name":"Laertes Ediciones","description":"Editorial independiente desde 1975","alternateName":"Laertes","potentialAction":[{"@type":"SearchAction","target":{"@type":"EntryPoint","urlTemplate":"https:\/\/www.laertes.es\/ca\/?s={search_term_string}"},"query-input":{"@type":"PropertyValueSpecification","valueRequired":true,"valueName":"search_term_string"}}],"inLanguage":"ca"}]}},"_links":{"self":[{"href":"https:\/\/www.laertes.es\/ca\/wp-json\/wp\/v2\/product\/13025","targetHints":{"allow":["GET"]}}],"collection":[{"href":"https:\/\/www.laertes.es\/ca\/wp-json\/wp\/v2\/product"}],"about":[{"href":"https:\/\/www.laertes.es\/ca\/wp-json\/wp\/v2\/types\/product"}],"version-history":[{"count":2,"href":"https:\/\/www.laertes.es\/ca\/wp-json\/wp\/v2\/product\/13025\/revisions"}],"predecessor-version":[{"id":13367,"href":"https:\/\/www.laertes.es\/ca\/wp-json\/wp\/v2\/product\/13025\/revisions\/13367"}],"wp:featuredmedia":[{"embeddable":true,"href":"https:\/\/www.laertes.es\/ca\/wp-json\/wp\/v2\/media\/13019"}],"wp:attachment":[{"href":"https:\/\/www.laertes.es\/ca\/wp-json\/wp\/v2\/media?parent=13025"}],"wp:term":[{"taxonomy":"product_brand","embeddable":true,"href":"https:\/\/www.laertes.es\/ca\/wp-json\/wp\/v2\/product_brand?post=13025"},{"taxonomy":"product_cat","embeddable":true,"href":"https:\/\/www.laertes.es\/ca\/wp-json\/wp\/v2\/product_cat?post=13025"},{"taxonomy":"product_tag","embeddable":true,"href":"https:\/\/www.laertes.es\/ca\/wp-json\/wp\/v2\/product_tag?post=13025"},{"taxonomy":"autores","embeddable":true,"href":"https:\/\/www.laertes.es\/ca\/wp-json\/wp\/v2\/autores?post=13025"},{"taxonomy":"formatos","embeddable":true,"href":"https:\/\/www.laertes.es\/ca\/wp-json\/wp\/v2\/formatos?post=13025"},{"taxonomy":"materias","embeddable":true,"href":"https:\/\/www.laertes.es\/ca\/wp-json\/wp\/v2\/materias?post=13025"}],"curies":[{"name":"wp","href":"https:\/\/api.w.org\/{rel}","templated":true}]}}