{"id":12930,"date":"2023-04-25T11:30:44","date_gmt":"2023-04-25T11:30:44","guid":{"rendered":"https:\/libro\/el-populisme\/"},"modified":"2023-05-06T03:15:46","modified_gmt":"2023-05-06T03:15:46","slug":"el-populisme","status":"publish","type":"product","link":"https:\/\/www.laertes.es\/ca\/llibre\/el-populisme\/","title":{"rendered":"El Populisme"},"content":{"rendered":"<h1>El populisme<\/h1>\n<p>Perrineau exposa l\u2019evoluci\u00f3 del significat del terme \u00abpopulisme\u00bb que en l\u2019origen designava un moviment antitsarista del segle XIX, fa un balan\u00e7 dels estudis m\u00e9s recents i n\u2019examina les noves formes en l\u2019era de les xarxes socials i les not\u00edcies falses.<br \/>\n<strong>\u00a0\u00a0\u00a0<\/strong>El populisme s\u2019alimenta de les m\u00faltiples crisis que travessen les nostres democr\u00e0cies liberals: globalitzaci\u00f3, crisis econ\u00f2miques, crisis migrat\u00f2ries, crisis de representaci\u00f3, elabora discursos i doctrines adre\u00e7ats al \u00abpoble\u00bb com si es tract\u00e9s d\u2019un cos pol\u00edtic indiferenciat, i s\u2019ofereix a satisfer les aspiracions menys lloables de les masses. El populisme \u00e9s un fenomen a la frontissa entre un m\u00f3n que neix i un que s\u2019est\u00e0 morint, o \u00e9s un s\u00edmptoma d\u2019una malaltia pol\u00edtica molt real i alhora un fals metge que proposa remeis equivocats?<\/p>\n<p>Perrineau exposa l\u2019evoluci\u00f3 del significat del terme \u00abpopulisme\u00bb que en l\u2019origen designava un moviment antitsarista del segle XIX, fa un balan\u00e7 dels estudis m\u00e9s recents i n\u2019examina les noves formes en l\u2019era de les xarxes socials i les not\u00edcies falses.<br \/>\n<strong>\u00a0\u00a0\u00a0<\/strong>El populisme s\u2019alimenta de les m\u00faltiples crisis que travessen les nostres democr\u00e0cies liberals: globalitzaci\u00f3, crisis econ\u00f2miques, crisis migrat\u00f2ries, crisis de representaci\u00f3, elabora discursos i doctrines adre\u00e7ats al \u00abpoble\u00bb com si es tract\u00e9s d\u2019un cos pol\u00edtic indiferenciat, i s\u2019ofereix a satisfer les aspiracions menys lloables de les masses. El populisme \u00e9s un fenomen a la frontissa entre un m\u00f3n que neix i un que s\u2019est\u00e0 morint, o \u00e9s un s\u00edmptoma d\u2019una malaltia pol\u00edtica molt real i alhora un fals metge que proposa remeis equivocats?<strong>\u00a0\u00a0\u00a0<\/strong>El populisme s\u2019alimenta de les m\u00faltiples crisis que travessen les nostres democr\u00e0cies liberals: globalitzaci\u00f3, crisis econ\u00f2miques, crisis migrat\u00f2ries, crisis de representaci\u00f3, elabora discursos i doctrines adre\u00e7ats al \u00abpoble\u00bb com si es tract\u00e9s d\u2019un cos pol\u00edtic indiferenciat, i s\u2019ofereix a satisfer les aspiracions menys lloables de les masses. El populisme \u00e9s un fenomen a la frontissa entre un m\u00f3n que neix i un que s\u2019est\u00e0 morint, o \u00e9s un s\u00edmptoma d\u2019una malaltia pol\u00edtica molt real i alhora un fals metge que proposa remeis equivocats?<\/p>\n","protected":false},"excerpt":{"rendered":"<p>El populisme Perrineau exposa l\u2019evoluci\u00f3 del significat del terme \u00abpopulisme\u00bb que en l\u2019origen designava un moviment antitsarista del segle XIX,<\/p>\n","protected":false},"featured_media":12928,"template":"","meta":[],"product_brand":[],"product_cat":[342],"product_tag":[669,662,968,657,663,969],"autores":[664],"formatos":[355],"materias":[361],"class_list":{"0":"post-12930","1":"product","2":"type-product","3":"status-publish","4":"has-post-thumbnail","6":"product_cat-punts-de-vista-ca","7":"product_tag-assaig-ca","8":"product_tag-ciencias-politicas-ca","9":"product_tag-ciencies-politiques-ca","10":"product_tag-ensayo-ca","11":"product_tag-historia-de-las-ideas-ca","12":"product_tag-historia-de-les-idees-ca","13":"autores-perrineau-pascal-ca","14":"formatos-llibre","15":"materias-ciencias-sociales-ca","17":"first","18":"instock","19":"taxable","20":"shipping-taxable","21":"purchasable","22":"product-type-simple"},"yoast_head":"<!-- This site is optimized with the Yoast SEO plugin v27.3 - https:\/\/yoast.com\/product\/yoast-seo-wordpress\/ -->\n<title>El Populisme | Laertes ediciones<\/title>\n<meta name=\"description\" content=\"El Populisme | Perrineau exposa l\u2019evoluci\u00f3 del significat del terme \u00abpopulisme\u00bb que en l\u2019origen designava un moviment antitsarista del segle XIX...\" \/>\n<meta name=\"robots\" content=\"index, follow, max-snippet:-1, max-image-preview:large, max-video-preview:-1\" \/>\n<link rel=\"canonical\" href=\"https:\/\/www.laertes.es\/ca\/llibre\/el-populisme\/\" \/>\n<meta property=\"og:locale\" content=\"ca_ES\" \/>\n<meta property=\"og:type\" content=\"article\" \/>\n<meta property=\"og:title\" content=\"El Populisme | Laertes ediciones\" \/>\n<meta property=\"og:description\" content=\"El Populisme | Perrineau exposa l\u2019evoluci\u00f3 del significat del terme \u00abpopulisme\u00bb que en l\u2019origen designava un moviment antitsarista del segle XIX...\" \/>\n<meta property=\"og:url\" content=\"https:\/\/www.laertes.es\/ca\/llibre\/el-populisme\/\" \/>\n<meta property=\"og:site_name\" content=\"Laertes ediciones\" \/>\n<meta property=\"article:modified_time\" content=\"2023-05-06T03:15:46+00:00\" \/>\n<meta property=\"og:image\" content=\"https:\/\/www.laertes.es\/wp-content\/uploads\/2023\/04\/PUN003.webp\" \/>\n\t<meta property=\"og:image:width\" content=\"802\" \/>\n\t<meta property=\"og:image:height\" content=\"1200\" \/>\n\t<meta property=\"og:image:type\" content=\"image\/webp\" \/>\n<script type=\"application\/ld+json\" class=\"yoast-schema-graph\">{\"@context\":\"https:\\\/\\\/schema.org\",\"@graph\":[{\"@type\":\"WebPage\",\"@id\":\"https:\\\/\\\/www.laertes.es\\\/ca\\\/llibre\\\/el-populisme\\\/\",\"url\":\"https:\\\/\\\/www.laertes.es\\\/ca\\\/llibre\\\/el-populisme\\\/\",\"name\":\"El Populisme | Laertes ediciones\",\"isPartOf\":{\"@id\":\"https:\\\/\\\/www.laertes.es\\\/ca\\\/#website\"},\"primaryImageOfPage\":{\"@id\":\"https:\\\/\\\/www.laertes.es\\\/ca\\\/llibre\\\/el-populisme\\\/#primaryimage\"},\"image\":{\"@id\":\"https:\\\/\\\/www.laertes.es\\\/ca\\\/llibre\\\/el-populisme\\\/#primaryimage\"},\"thumbnailUrl\":\"https:\\\/\\\/www.laertes.es\\\/wp-content\\\/uploads\\\/2023\\\/04\\\/PUN003.webp\",\"datePublished\":\"2023-04-25T11:30:44+00:00\",\"dateModified\":\"2023-05-06T03:15:46+00:00\",\"description\":\"El Populisme | Perrineau exposa l\u2019evoluci\u00f3 del significat del terme \u00abpopulisme\u00bb que en l\u2019origen designava un moviment antitsarista del segle XIX...\",\"breadcrumb\":{\"@id\":\"https:\\\/\\\/www.laertes.es\\\/ca\\\/llibre\\\/el-populisme\\\/#breadcrumb\"},\"inLanguage\":\"ca\",\"potentialAction\":[{\"@type\":\"ReadAction\",\"target\":[\"https:\\\/\\\/www.laertes.es\\\/ca\\\/llibre\\\/el-populisme\\\/\"]}]},{\"@type\":\"ImageObject\",\"inLanguage\":\"ca\",\"@id\":\"https:\\\/\\\/www.laertes.es\\\/ca\\\/llibre\\\/el-populisme\\\/#primaryimage\",\"url\":\"https:\\\/\\\/www.laertes.es\\\/wp-content\\\/uploads\\\/2023\\\/04\\\/PUN003.webp\",\"contentUrl\":\"https:\\\/\\\/www.laertes.es\\\/wp-content\\\/uploads\\\/2023\\\/04\\\/PUN003.webp\",\"width\":802,\"height\":1200,\"caption\":\"El populisme\"},{\"@type\":\"BreadcrumbList\",\"@id\":\"https:\\\/\\\/www.laertes.es\\\/ca\\\/llibre\\\/el-populisme\\\/#breadcrumb\",\"itemListElement\":[{\"@type\":\"ListItem\",\"position\":1,\"name\":\"Portada\",\"item\":\"https:\\\/\\\/www.laertes.es\\\/ca\\\/\"},{\"@type\":\"ListItem\",\"position\":2,\"name\":\"Tienda\",\"item\":\"https:\\\/\\\/www.laertes.es\\\/tienda\\\/\"},{\"@type\":\"ListItem\",\"position\":3,\"name\":\"El Populisme\"}]},{\"@type\":\"WebSite\",\"@id\":\"https:\\\/\\\/www.laertes.es\\\/ca\\\/#website\",\"url\":\"https:\\\/\\\/www.laertes.es\\\/ca\\\/\",\"name\":\"Laertes Ediciones\",\"description\":\"Editorial independiente desde 1975\",\"alternateName\":\"Laertes\",\"potentialAction\":[{\"@type\":\"SearchAction\",\"target\":{\"@type\":\"EntryPoint\",\"urlTemplate\":\"https:\\\/\\\/www.laertes.es\\\/ca\\\/?s={search_term_string}\"},\"query-input\":{\"@type\":\"PropertyValueSpecification\",\"valueRequired\":true,\"valueName\":\"search_term_string\"}}],\"inLanguage\":\"ca\"}]}<\/script>\n<!-- \/ Yoast SEO plugin. -->","yoast_head_json":{"title":"El Populisme | Laertes ediciones","description":"El Populisme | Perrineau exposa l\u2019evoluci\u00f3 del significat del terme \u00abpopulisme\u00bb que en l\u2019origen designava un moviment antitsarista del segle XIX...","robots":{"index":"index","follow":"follow","max-snippet":"max-snippet:-1","max-image-preview":"max-image-preview:large","max-video-preview":"max-video-preview:-1"},"canonical":"https:\/\/www.laertes.es\/ca\/llibre\/el-populisme\/","og_locale":"ca_ES","og_type":"article","og_title":"El Populisme | Laertes ediciones","og_description":"El Populisme | Perrineau exposa l\u2019evoluci\u00f3 del significat del terme \u00abpopulisme\u00bb que en l\u2019origen designava un moviment antitsarista del segle XIX...","og_url":"https:\/\/www.laertes.es\/ca\/llibre\/el-populisme\/","og_site_name":"Laertes ediciones","article_modified_time":"2023-05-06T03:15:46+00:00","og_image":[{"width":802,"height":1200,"url":"https:\/\/www.laertes.es\/wp-content\/uploads\/2023\/04\/PUN003.webp","type":"image\/webp"}],"schema":{"@context":"https:\/\/schema.org","@graph":[{"@type":"WebPage","@id":"https:\/\/www.laertes.es\/ca\/llibre\/el-populisme\/","url":"https:\/\/www.laertes.es\/ca\/llibre\/el-populisme\/","name":"El Populisme | Laertes ediciones","isPartOf":{"@id":"https:\/\/www.laertes.es\/ca\/#website"},"primaryImageOfPage":{"@id":"https:\/\/www.laertes.es\/ca\/llibre\/el-populisme\/#primaryimage"},"image":{"@id":"https:\/\/www.laertes.es\/ca\/llibre\/el-populisme\/#primaryimage"},"thumbnailUrl":"https:\/\/www.laertes.es\/wp-content\/uploads\/2023\/04\/PUN003.webp","datePublished":"2023-04-25T11:30:44+00:00","dateModified":"2023-05-06T03:15:46+00:00","description":"El Populisme | Perrineau exposa l\u2019evoluci\u00f3 del significat del terme \u00abpopulisme\u00bb que en l\u2019origen designava un moviment antitsarista del segle XIX...","breadcrumb":{"@id":"https:\/\/www.laertes.es\/ca\/llibre\/el-populisme\/#breadcrumb"},"inLanguage":"ca","potentialAction":[{"@type":"ReadAction","target":["https:\/\/www.laertes.es\/ca\/llibre\/el-populisme\/"]}]},{"@type":"ImageObject","inLanguage":"ca","@id":"https:\/\/www.laertes.es\/ca\/llibre\/el-populisme\/#primaryimage","url":"https:\/\/www.laertes.es\/wp-content\/uploads\/2023\/04\/PUN003.webp","contentUrl":"https:\/\/www.laertes.es\/wp-content\/uploads\/2023\/04\/PUN003.webp","width":802,"height":1200,"caption":"El populisme"},{"@type":"BreadcrumbList","@id":"https:\/\/www.laertes.es\/ca\/llibre\/el-populisme\/#breadcrumb","itemListElement":[{"@type":"ListItem","position":1,"name":"Portada","item":"https:\/\/www.laertes.es\/ca\/"},{"@type":"ListItem","position":2,"name":"Tienda","item":"https:\/\/www.laertes.es\/tienda\/"},{"@type":"ListItem","position":3,"name":"El Populisme"}]},{"@type":"WebSite","@id":"https:\/\/www.laertes.es\/ca\/#website","url":"https:\/\/www.laertes.es\/ca\/","name":"Laertes Ediciones","description":"Editorial independiente desde 1975","alternateName":"Laertes","potentialAction":[{"@type":"SearchAction","target":{"@type":"EntryPoint","urlTemplate":"https:\/\/www.laertes.es\/ca\/?s={search_term_string}"},"query-input":{"@type":"PropertyValueSpecification","valueRequired":true,"valueName":"search_term_string"}}],"inLanguage":"ca"}]}},"_links":{"self":[{"href":"https:\/\/www.laertes.es\/ca\/wp-json\/wp\/v2\/product\/12930","targetHints":{"allow":["GET"]}}],"collection":[{"href":"https:\/\/www.laertes.es\/ca\/wp-json\/wp\/v2\/product"}],"about":[{"href":"https:\/\/www.laertes.es\/ca\/wp-json\/wp\/v2\/types\/product"}],"version-history":[{"count":2,"href":"https:\/\/www.laertes.es\/ca\/wp-json\/wp\/v2\/product\/12930\/revisions"}],"predecessor-version":[{"id":13354,"href":"https:\/\/www.laertes.es\/ca\/wp-json\/wp\/v2\/product\/12930\/revisions\/13354"}],"wp:featuredmedia":[{"embeddable":true,"href":"https:\/\/www.laertes.es\/ca\/wp-json\/wp\/v2\/media\/12928"}],"wp:attachment":[{"href":"https:\/\/www.laertes.es\/ca\/wp-json\/wp\/v2\/media?parent=12930"}],"wp:term":[{"taxonomy":"product_brand","embeddable":true,"href":"https:\/\/www.laertes.es\/ca\/wp-json\/wp\/v2\/product_brand?post=12930"},{"taxonomy":"product_cat","embeddable":true,"href":"https:\/\/www.laertes.es\/ca\/wp-json\/wp\/v2\/product_cat?post=12930"},{"taxonomy":"product_tag","embeddable":true,"href":"https:\/\/www.laertes.es\/ca\/wp-json\/wp\/v2\/product_tag?post=12930"},{"taxonomy":"autores","embeddable":true,"href":"https:\/\/www.laertes.es\/ca\/wp-json\/wp\/v2\/autores?post=12930"},{"taxonomy":"formatos","embeddable":true,"href":"https:\/\/www.laertes.es\/ca\/wp-json\/wp\/v2\/formatos?post=12930"},{"taxonomy":"materias","embeddable":true,"href":"https:\/\/www.laertes.es\/ca\/wp-json\/wp\/v2\/materias?post=12930"}],"curies":[{"name":"wp","href":"https:\/\/api.w.org\/{rel}","templated":true}]}}