{"id":12916,"date":"2023-04-25T10:45:33","date_gmt":"2023-04-25T10:45:33","guid":{"rendered":"https:\/libro\/aprendi-a-no-llorar\/"},"modified":"2023-05-08T16:19:15","modified_gmt":"2023-05-08T16:19:15","slug":"aprendi-a-no-llorar","status":"publish","type":"product","link":"https:\/\/www.laertes.es\/ca\/llibre\/aprendi-a-no-llorar\/","title":{"rendered":"Aprend\u00ed a no llorar"},"content":{"rendered":"<h1>Aprend\u00ed a no llorar<\/h1>\n<p>Aprend\u00ed a no llorar Espa\u00f1a, 1931. Carmen y Vicente se imaginan un futuro feliz y pr\u00f3spero gracias a la Rep\u00fablica que acaban de estrenar, pero una sombra de conflicto oscurece pronto sus expectativas.<br \/>\n<strong>\u00a0\u00a0\u00a0<\/strong>Este relato nos introduce con crudeza en el d\u00eda a d\u00eda de una lucha injusta, que no deseaban y que les rompi\u00f3 la vida a millones de espa\u00f1oles; donde la crueldad, la miseria y el instinto de supervivencia asumen un protagonismo que nunca debieron tener.<br \/>\n<strong>\u00a0\u00a0\u00a0<\/strong>&#8220;Aprend\u00ed a no llorar&#8221; es una historia real, como real fue la Guerra Civil Espa\u00f1ola.<\/p>\n<p>Espa\u00f1a, 1931. Carmen y Vicente se imaginan un futuro feliz y pr\u00f3spero gracias a la Rep\u00fablica que acaban de estrenar, pero una sombra de conflicto oscurece pronto sus expectativas.<br \/>\n<strong>\u00a0\u00a0\u00a0<\/strong>Este relato nos introduce con crudeza en el d\u00eda a d\u00eda de una lucha injusta, que no deseaban y que les rompi\u00f3 la vida a millones de espa\u00f1oles; donde la crueldad, la miseria y el instinto de supervivencia asumen un protagonismo que nunca debieron tener.<br \/>\n<strong>\u00a0\u00a0\u00a0<\/strong>&#8220;Aprend\u00ed a no llorar&#8221; es una historia real, como real fue la Guerra Civil Espa\u00f1ola.<\/p>\n<p>Espa\u00f1a, 1931. Carmen y Vicente se imaginan un futuro feliz y pr\u00f3spero gracias a la Rep\u00fablica que acaban de estrenar, pero una sombra de conflicto oscurece pronto sus expectativas.<br \/>\n<strong>\u00a0\u00a0\u00a0<\/strong>Este relato nos introduce con crudeza en el d\u00eda a d\u00eda de una lucha injusta, que no deseaban y que les rompi\u00f3 la vida a millones de espa\u00f1oles; donde la crueldad, la miseria y el instinto de supervivencia asumen un protagonismo que nunca debieron tener.<\/p>\n<p>Espa\u00f1a, 1931. Carmen y Vicente se imaginan un futuro feliz y pr\u00f3spero gracias a la Rep\u00fablica que acaban de estrenar, pero una sombra de conflicto oscurece pronto sus expectativas.<br \/>\n<strong>\u00a0\u00a0\u00a0<\/strong>Este relato nos introduce con crudeza en el d\u00eda a d\u00eda de una lucha injusta, que no deseaban y que les rompi\u00f3 la vida a millones de espa\u00f1oles; donde la crueldad, la miseria y el instinto de supervivencia asumen un protagonismo que nunca debieron tener.<br \/>\n<strong>\u00a0\u00a0<\/strong><\/p>\n","protected":false},"excerpt":{"rendered":"<p>Aprend\u00ed a no llorar Aprend\u00ed a no llorar Espa\u00f1a, 1931. Carmen y Vicente se imaginan un futuro feliz y pr\u00f3spero<\/p>\n","protected":false},"featured_media":12914,"template":"","meta":[],"product_brand":[],"product_cat":[338],"product_tag":[651],"autores":[652],"formatos":[355],"materias":[374],"class_list":{"0":"post-12916","1":"product","2":"type-product","3":"status-publish","4":"has-post-thumbnail","6":"product_cat-otros-titulos-ca","7":"product_tag-memorias-ca","8":"autores-herrero-de-la-hoz-carmen-ca","9":"formatos-llibre","10":"materias-literatura-ca","12":"first","13":"instock","14":"taxable","15":"shipping-taxable","16":"purchasable","17":"product-type-simple"},"yoast_head":"<!-- This site is optimized with the Yoast SEO plugin v27.4 - https:\/\/yoast.com\/product\/yoast-seo-wordpress\/ -->\n<title>Aprend\u00ed a no llorar | Laertes ediciones<\/title>\n<meta name=\"description\" content=\"\u00a0&quot;Aprend\u00ed a no llorar&quot; es una historia real, como real fue la Guerra Civil Espa\u00f1ola. | Aprend\u00ed a no llorar | Laertes ediciones\" \/>\n<meta name=\"robots\" content=\"index, follow, max-snippet:-1, max-image-preview:large, max-video-preview:-1\" \/>\n<link rel=\"canonical\" href=\"https:\/\/www.laertes.es\/ca\/llibre\/aprendi-a-no-llorar\/\" \/>\n<meta property=\"og:locale\" content=\"ca_ES\" \/>\n<meta property=\"og:type\" content=\"article\" \/>\n<meta property=\"og:title\" content=\"Aprend\u00ed a no llorar | Laertes ediciones\" \/>\n<meta property=\"og:description\" content=\"\u00a0&quot;Aprend\u00ed a no llorar&quot; es una historia real, como real fue la Guerra Civil Espa\u00f1ola. | Aprend\u00ed a no llorar | Laertes ediciones\" \/>\n<meta property=\"og:url\" content=\"https:\/\/www.laertes.es\/ca\/llibre\/aprendi-a-no-llorar\/\" \/>\n<meta property=\"og:site_name\" content=\"Laertes ediciones\" \/>\n<meta property=\"article:modified_time\" content=\"2023-05-08T16:19:15+00:00\" \/>\n<meta property=\"og:image\" content=\"https:\/\/www.laertes.es\/wp-content\/uploads\/2023\/04\/OTR010.webp\" \/>\n\t<meta property=\"og:image:width\" content=\"802\" \/>\n\t<meta property=\"og:image:height\" content=\"1200\" \/>\n\t<meta property=\"og:image:type\" content=\"image\/webp\" \/>\n<script type=\"application\/ld+json\" class=\"yoast-schema-graph\">{\"@context\":\"https:\\\/\\\/schema.org\",\"@graph\":[{\"@type\":\"WebPage\",\"@id\":\"https:\\\/\\\/www.laertes.es\\\/ca\\\/llibre\\\/aprendi-a-no-llorar\\\/\",\"url\":\"https:\\\/\\\/www.laertes.es\\\/ca\\\/llibre\\\/aprendi-a-no-llorar\\\/\",\"name\":\"Aprend\u00ed a no llorar | Laertes ediciones\",\"isPartOf\":{\"@id\":\"https:\\\/\\\/www.laertes.es\\\/ca\\\/#website\"},\"primaryImageOfPage\":{\"@id\":\"https:\\\/\\\/www.laertes.es\\\/ca\\\/llibre\\\/aprendi-a-no-llorar\\\/#primaryimage\"},\"image\":{\"@id\":\"https:\\\/\\\/www.laertes.es\\\/ca\\\/llibre\\\/aprendi-a-no-llorar\\\/#primaryimage\"},\"thumbnailUrl\":\"https:\\\/\\\/www.laertes.es\\\/wp-content\\\/uploads\\\/2023\\\/04\\\/OTR010.webp\",\"datePublished\":\"2023-04-25T10:45:33+00:00\",\"dateModified\":\"2023-05-08T16:19:15+00:00\",\"description\":\"\u00a0\\\"Aprend\u00ed a no llorar\\\" es una historia real, como real fue la Guerra Civil Espa\u00f1ola. | Aprend\u00ed a no llorar | Laertes ediciones\",\"breadcrumb\":{\"@id\":\"https:\\\/\\\/www.laertes.es\\\/ca\\\/llibre\\\/aprendi-a-no-llorar\\\/#breadcrumb\"},\"inLanguage\":\"ca\",\"potentialAction\":[{\"@type\":\"ReadAction\",\"target\":[\"https:\\\/\\\/www.laertes.es\\\/ca\\\/llibre\\\/aprendi-a-no-llorar\\\/\"]}]},{\"@type\":\"ImageObject\",\"inLanguage\":\"ca\",\"@id\":\"https:\\\/\\\/www.laertes.es\\\/ca\\\/llibre\\\/aprendi-a-no-llorar\\\/#primaryimage\",\"url\":\"https:\\\/\\\/www.laertes.es\\\/wp-content\\\/uploads\\\/2023\\\/04\\\/OTR010.webp\",\"contentUrl\":\"https:\\\/\\\/www.laertes.es\\\/wp-content\\\/uploads\\\/2023\\\/04\\\/OTR010.webp\",\"width\":802,\"height\":1200,\"caption\":\"Aprend\u00ed a no llorar\"},{\"@type\":\"BreadcrumbList\",\"@id\":\"https:\\\/\\\/www.laertes.es\\\/ca\\\/llibre\\\/aprendi-a-no-llorar\\\/#breadcrumb\",\"itemListElement\":[{\"@type\":\"ListItem\",\"position\":1,\"name\":\"Portada\",\"item\":\"https:\\\/\\\/www.laertes.es\\\/ca\\\/\"},{\"@type\":\"ListItem\",\"position\":2,\"name\":\"Tienda\",\"item\":\"https:\\\/\\\/www.laertes.es\\\/tienda\\\/\"},{\"@type\":\"ListItem\",\"position\":3,\"name\":\"Aprend\u00ed a no llorar\"}]},{\"@type\":\"WebSite\",\"@id\":\"https:\\\/\\\/www.laertes.es\\\/ca\\\/#website\",\"url\":\"https:\\\/\\\/www.laertes.es\\\/ca\\\/\",\"name\":\"Laertes Ediciones\",\"description\":\"Editorial independiente desde 1975\",\"alternateName\":\"Laertes\",\"potentialAction\":[{\"@type\":\"SearchAction\",\"target\":{\"@type\":\"EntryPoint\",\"urlTemplate\":\"https:\\\/\\\/www.laertes.es\\\/ca\\\/?s={search_term_string}\"},\"query-input\":{\"@type\":\"PropertyValueSpecification\",\"valueRequired\":true,\"valueName\":\"search_term_string\"}}],\"inLanguage\":\"ca\"}]}<\/script>\n<!-- \/ Yoast SEO plugin. -->","yoast_head_json":{"title":"Aprend\u00ed a no llorar | Laertes ediciones","description":"\u00a0\"Aprend\u00ed a no llorar\" es una historia real, como real fue la Guerra Civil Espa\u00f1ola. | Aprend\u00ed a no llorar | Laertes ediciones","robots":{"index":"index","follow":"follow","max-snippet":"max-snippet:-1","max-image-preview":"max-image-preview:large","max-video-preview":"max-video-preview:-1"},"canonical":"https:\/\/www.laertes.es\/ca\/llibre\/aprendi-a-no-llorar\/","og_locale":"ca_ES","og_type":"article","og_title":"Aprend\u00ed a no llorar | Laertes ediciones","og_description":"\u00a0\"Aprend\u00ed a no llorar\" es una historia real, como real fue la Guerra Civil Espa\u00f1ola. | Aprend\u00ed a no llorar | Laertes ediciones","og_url":"https:\/\/www.laertes.es\/ca\/llibre\/aprendi-a-no-llorar\/","og_site_name":"Laertes ediciones","article_modified_time":"2023-05-08T16:19:15+00:00","og_image":[{"width":802,"height":1200,"url":"https:\/\/www.laertes.es\/wp-content\/uploads\/2023\/04\/OTR010.webp","type":"image\/webp"}],"schema":{"@context":"https:\/\/schema.org","@graph":[{"@type":"WebPage","@id":"https:\/\/www.laertes.es\/ca\/llibre\/aprendi-a-no-llorar\/","url":"https:\/\/www.laertes.es\/ca\/llibre\/aprendi-a-no-llorar\/","name":"Aprend\u00ed a no llorar | Laertes ediciones","isPartOf":{"@id":"https:\/\/www.laertes.es\/ca\/#website"},"primaryImageOfPage":{"@id":"https:\/\/www.laertes.es\/ca\/llibre\/aprendi-a-no-llorar\/#primaryimage"},"image":{"@id":"https:\/\/www.laertes.es\/ca\/llibre\/aprendi-a-no-llorar\/#primaryimage"},"thumbnailUrl":"https:\/\/www.laertes.es\/wp-content\/uploads\/2023\/04\/OTR010.webp","datePublished":"2023-04-25T10:45:33+00:00","dateModified":"2023-05-08T16:19:15+00:00","description":"\u00a0\"Aprend\u00ed a no llorar\" es una historia real, como real fue la Guerra Civil Espa\u00f1ola. | Aprend\u00ed a no llorar | Laertes ediciones","breadcrumb":{"@id":"https:\/\/www.laertes.es\/ca\/llibre\/aprendi-a-no-llorar\/#breadcrumb"},"inLanguage":"ca","potentialAction":[{"@type":"ReadAction","target":["https:\/\/www.laertes.es\/ca\/llibre\/aprendi-a-no-llorar\/"]}]},{"@type":"ImageObject","inLanguage":"ca","@id":"https:\/\/www.laertes.es\/ca\/llibre\/aprendi-a-no-llorar\/#primaryimage","url":"https:\/\/www.laertes.es\/wp-content\/uploads\/2023\/04\/OTR010.webp","contentUrl":"https:\/\/www.laertes.es\/wp-content\/uploads\/2023\/04\/OTR010.webp","width":802,"height":1200,"caption":"Aprend\u00ed a no llorar"},{"@type":"BreadcrumbList","@id":"https:\/\/www.laertes.es\/ca\/llibre\/aprendi-a-no-llorar\/#breadcrumb","itemListElement":[{"@type":"ListItem","position":1,"name":"Portada","item":"https:\/\/www.laertes.es\/ca\/"},{"@type":"ListItem","position":2,"name":"Tienda","item":"https:\/\/www.laertes.es\/tienda\/"},{"@type":"ListItem","position":3,"name":"Aprend\u00ed a no llorar"}]},{"@type":"WebSite","@id":"https:\/\/www.laertes.es\/ca\/#website","url":"https:\/\/www.laertes.es\/ca\/","name":"Laertes Ediciones","description":"Editorial independiente desde 1975","alternateName":"Laertes","potentialAction":[{"@type":"SearchAction","target":{"@type":"EntryPoint","urlTemplate":"https:\/\/www.laertes.es\/ca\/?s={search_term_string}"},"query-input":{"@type":"PropertyValueSpecification","valueRequired":true,"valueName":"search_term_string"}}],"inLanguage":"ca"}]}},"_links":{"self":[{"href":"https:\/\/www.laertes.es\/ca\/wp-json\/wp\/v2\/product\/12916","targetHints":{"allow":["GET"]}}],"collection":[{"href":"https:\/\/www.laertes.es\/ca\/wp-json\/wp\/v2\/product"}],"about":[{"href":"https:\/\/www.laertes.es\/ca\/wp-json\/wp\/v2\/types\/product"}],"version-history":[{"count":1,"href":"https:\/\/www.laertes.es\/ca\/wp-json\/wp\/v2\/product\/12916\/revisions"}],"predecessor-version":[{"id":13685,"href":"https:\/\/www.laertes.es\/ca\/wp-json\/wp\/v2\/product\/12916\/revisions\/13685"}],"wp:featuredmedia":[{"embeddable":true,"href":"https:\/\/www.laertes.es\/ca\/wp-json\/wp\/v2\/media\/12914"}],"wp:attachment":[{"href":"https:\/\/www.laertes.es\/ca\/wp-json\/wp\/v2\/media?parent=12916"}],"wp:term":[{"taxonomy":"product_brand","embeddable":true,"href":"https:\/\/www.laertes.es\/ca\/wp-json\/wp\/v2\/product_brand?post=12916"},{"taxonomy":"product_cat","embeddable":true,"href":"https:\/\/www.laertes.es\/ca\/wp-json\/wp\/v2\/product_cat?post=12916"},{"taxonomy":"product_tag","embeddable":true,"href":"https:\/\/www.laertes.es\/ca\/wp-json\/wp\/v2\/product_tag?post=12916"},{"taxonomy":"autores","embeddable":true,"href":"https:\/\/www.laertes.es\/ca\/wp-json\/wp\/v2\/autores?post=12916"},{"taxonomy":"formatos","embeddable":true,"href":"https:\/\/www.laertes.es\/ca\/wp-json\/wp\/v2\/formatos?post=12916"},{"taxonomy":"materias","embeddable":true,"href":"https:\/\/www.laertes.es\/ca\/wp-json\/wp\/v2\/materias?post=12916"}],"curies":[{"name":"wp","href":"https:\/\/api.w.org\/{rel}","templated":true}]}}