{"id":12909,"date":"2023-04-25T10:16:54","date_gmt":"2023-04-25T10:16:54","guid":{"rendered":"https:\/libro\/noche-de-bodas\/"},"modified":"2023-06-08T10:15:57","modified_gmt":"2023-06-08T10:15:57","slug":"noche-de-bodas","status":"publish","type":"product","link":"https:\/\/www.laertes.es\/ca\/llibre\/noche-de-bodas\/","title":{"rendered":"Noche de bodas"},"content":{"rendered":"<h1>Noche de bodas<\/h1>\n<p>Noche de bodas. Corre el a\u00f1o 1983 y nos encontramos en Lleida. Adri\u00e1n, un incorregible mujeriego, se ve envuelto en una trama criminal cuando su nueva amante, Elvira, le propone una noche de bodas muy particular que concluye con el hallazgo de un cad\u00e1ver decapitado junto a la v\u00eda del tren. Al estar ambos casados con otros c\u00f3nyuges, deciden no acudir a la polic\u00eda para evitar que su aventura sea descubierta, lo que complicar\u00e1 a\u00fan m\u00e1s el asunto cuando descubran que la prensa no informa de nada relativo a un cuerpo descabezado. Inevitablemente, la situaci\u00f3n acabar\u00e1 escap\u00e1ndoseles de las manos, y Adri\u00e1n se ver\u00e1 obligado a pasar por comisar\u00eda para ser interrogado como sospechoso de un caso criminal relacionado con el mundo de la ufolog\u00eda.<\/p>\n<p>Noche de bodas. Corre el a\u00f1o 1983 y nos encontramos en Lleida. Adri\u00e1n, un incorregible mujeriego, se ve envuelto en una trama criminal cuando su nueva amante, Elvira, le propone una noche de bodas muy particular que concluye con el hallazgo de un cad\u00e1ver decapitado junto a la v\u00eda del tren. Al estar ambos casados con otros c\u00f3nyuges, deciden no acudir a la polic\u00eda para evitar que su aventura sea descubierta, lo que complicar\u00e1 a\u00fan m\u00e1s el asunto cuando descubran que la prensa no informa de nada relativo a un cuerpo descabezado. Inevitablemente, la situaci\u00f3n acabar\u00e1 escap\u00e1ndoseles de las manos, y Adri\u00e1n se ver\u00e1 obligado a pasar por comisar\u00eda para ser interrogado como sospechoso de un caso criminal relacionado con el mundo de la ufolog\u00eda.<\/p>\n<p>Noche de bodas. Corre el a\u00f1o 1983 y nos encontramos en Lleida. Adri\u00e1n, un incorregible mujeriego, se ve envuelto en una trama criminal cuando su nueva amante, Elvira, le propone una noche de bodas muy particular que concluye con el hallazgo de un cad\u00e1ver decapitado junto a la v\u00eda del tren. Al estar ambos casados con otros c\u00f3nyuges, deciden no acudir a la polic\u00eda para evitar que su aventura sea descubierta, lo que complicar\u00e1 a\u00fan m\u00e1s el asunto cuando descubran que la prensa no informa de nada relativo a un cuerpo descabezado. Inevitablemente, la situaci\u00f3n acabar\u00e1 escap\u00e1ndoseles de las manos, y Adri\u00e1n se ver\u00e1 obligado a pasar por comisar\u00eda para ser interrogado como sospechoso de un caso criminal relacionado con el mundo de la ufolog\u00eda.<\/p>\n","protected":false},"excerpt":{"rendered":"<p>Noche de bodas Noche de bodas. Corre el a\u00f1o 1983 y nos encontramos en Lleida. Adri\u00e1n, un incorregible mujeriego, se<\/p>\n","protected":false},"featured_media":12907,"template":"","meta":[],"product_brand":[],"product_cat":[328],"product_tag":[647,648],"autores":[649],"formatos":[355],"materias":[374],"class_list":{"0":"post-12909","1":"product","2":"type-product","3":"status-publish","4":"has-post-thumbnail","6":"product_cat-camelot-ca","7":"product_tag-crimenes-ca","8":"product_tag-misterio-ca","9":"autores-romero-garcia-eladi-ca","10":"formatos-llibre","11":"materias-literatura-ca","13":"first","14":"instock","15":"taxable","16":"shipping-taxable","17":"purchasable","18":"product-type-simple"},"yoast_head":"<!-- This site is optimized with the Yoast SEO plugin v27.4 - https:\/\/yoast.com\/product\/yoast-seo-wordpress\/ -->\n<title>Noche de bodas | Laertes ediciones<\/title>\n<meta name=\"description\" content=\"Adri\u00e1n se ve envuelto en una trama criminal cuando Elvira, le propone una noche de bodas que concluye con un cad\u00e1ver decapitado. | Noche de bodas\" \/>\n<meta name=\"robots\" content=\"index, follow, max-snippet:-1, max-image-preview:large, max-video-preview:-1\" \/>\n<link rel=\"canonical\" href=\"https:\/\/www.laertes.es\/ca\/llibre\/noche-de-bodas\/\" \/>\n<meta property=\"og:locale\" content=\"ca_ES\" \/>\n<meta property=\"og:type\" content=\"article\" \/>\n<meta property=\"og:title\" content=\"Noche de bodas | Laertes ediciones\" \/>\n<meta property=\"og:description\" content=\"Adri\u00e1n se ve envuelto en una trama criminal cuando Elvira, le propone una noche de bodas que concluye con un cad\u00e1ver decapitado. | Noche de bodas\" \/>\n<meta property=\"og:url\" content=\"https:\/\/www.laertes.es\/ca\/llibre\/noche-de-bodas\/\" \/>\n<meta property=\"og:site_name\" content=\"Laertes ediciones\" \/>\n<meta property=\"article:modified_time\" content=\"2023-06-08T10:15:57+00:00\" \/>\n<meta property=\"og:image\" content=\"https:\/\/www.laertes.es\/wp-content\/uploads\/2023\/04\/CAM042.webp\" \/>\n\t<meta property=\"og:image:width\" content=\"802\" \/>\n\t<meta property=\"og:image:height\" content=\"1200\" \/>\n\t<meta property=\"og:image:type\" content=\"image\/webp\" \/>\n<script type=\"application\/ld+json\" class=\"yoast-schema-graph\">{\"@context\":\"https:\\\/\\\/schema.org\",\"@graph\":[{\"@type\":\"WebPage\",\"@id\":\"https:\\\/\\\/www.laertes.es\\\/ca\\\/llibre\\\/noche-de-bodas\\\/\",\"url\":\"https:\\\/\\\/www.laertes.es\\\/ca\\\/llibre\\\/noche-de-bodas\\\/\",\"name\":\"Noche de bodas | Laertes ediciones\",\"isPartOf\":{\"@id\":\"https:\\\/\\\/www.laertes.es\\\/ca\\\/#website\"},\"primaryImageOfPage\":{\"@id\":\"https:\\\/\\\/www.laertes.es\\\/ca\\\/llibre\\\/noche-de-bodas\\\/#primaryimage\"},\"image\":{\"@id\":\"https:\\\/\\\/www.laertes.es\\\/ca\\\/llibre\\\/noche-de-bodas\\\/#primaryimage\"},\"thumbnailUrl\":\"https:\\\/\\\/www.laertes.es\\\/wp-content\\\/uploads\\\/2023\\\/04\\\/CAM042.webp\",\"datePublished\":\"2023-04-25T10:16:54+00:00\",\"dateModified\":\"2023-06-08T10:15:57+00:00\",\"description\":\"Adri\u00e1n se ve envuelto en una trama criminal cuando Elvira, le propone una noche de bodas que concluye con un cad\u00e1ver decapitado. | Noche de bodas\",\"breadcrumb\":{\"@id\":\"https:\\\/\\\/www.laertes.es\\\/ca\\\/llibre\\\/noche-de-bodas\\\/#breadcrumb\"},\"inLanguage\":\"ca\",\"potentialAction\":[{\"@type\":\"ReadAction\",\"target\":[\"https:\\\/\\\/www.laertes.es\\\/ca\\\/llibre\\\/noche-de-bodas\\\/\"]}]},{\"@type\":\"ImageObject\",\"inLanguage\":\"ca\",\"@id\":\"https:\\\/\\\/www.laertes.es\\\/ca\\\/llibre\\\/noche-de-bodas\\\/#primaryimage\",\"url\":\"https:\\\/\\\/www.laertes.es\\\/wp-content\\\/uploads\\\/2023\\\/04\\\/CAM042.webp\",\"contentUrl\":\"https:\\\/\\\/www.laertes.es\\\/wp-content\\\/uploads\\\/2023\\\/04\\\/CAM042.webp\",\"width\":802,\"height\":1200,\"caption\":\"Noche de bodas\"},{\"@type\":\"BreadcrumbList\",\"@id\":\"https:\\\/\\\/www.laertes.es\\\/ca\\\/llibre\\\/noche-de-bodas\\\/#breadcrumb\",\"itemListElement\":[{\"@type\":\"ListItem\",\"position\":1,\"name\":\"Portada\",\"item\":\"https:\\\/\\\/www.laertes.es\\\/ca\\\/\"},{\"@type\":\"ListItem\",\"position\":2,\"name\":\"Tienda\",\"item\":\"https:\\\/\\\/www.laertes.es\\\/tienda\\\/\"},{\"@type\":\"ListItem\",\"position\":3,\"name\":\"Noche de bodas\"}]},{\"@type\":\"WebSite\",\"@id\":\"https:\\\/\\\/www.laertes.es\\\/ca\\\/#website\",\"url\":\"https:\\\/\\\/www.laertes.es\\\/ca\\\/\",\"name\":\"Laertes Ediciones\",\"description\":\"Editorial independiente desde 1975\",\"alternateName\":\"Laertes\",\"potentialAction\":[{\"@type\":\"SearchAction\",\"target\":{\"@type\":\"EntryPoint\",\"urlTemplate\":\"https:\\\/\\\/www.laertes.es\\\/ca\\\/?s={search_term_string}\"},\"query-input\":{\"@type\":\"PropertyValueSpecification\",\"valueRequired\":true,\"valueName\":\"search_term_string\"}}],\"inLanguage\":\"ca\"}]}<\/script>\n<!-- \/ Yoast SEO plugin. -->","yoast_head_json":{"title":"Noche de bodas | Laertes ediciones","description":"Adri\u00e1n se ve envuelto en una trama criminal cuando Elvira, le propone una noche de bodas que concluye con un cad\u00e1ver decapitado. | Noche de bodas","robots":{"index":"index","follow":"follow","max-snippet":"max-snippet:-1","max-image-preview":"max-image-preview:large","max-video-preview":"max-video-preview:-1"},"canonical":"https:\/\/www.laertes.es\/ca\/llibre\/noche-de-bodas\/","og_locale":"ca_ES","og_type":"article","og_title":"Noche de bodas | Laertes ediciones","og_description":"Adri\u00e1n se ve envuelto en una trama criminal cuando Elvira, le propone una noche de bodas que concluye con un cad\u00e1ver decapitado. | Noche de bodas","og_url":"https:\/\/www.laertes.es\/ca\/llibre\/noche-de-bodas\/","og_site_name":"Laertes ediciones","article_modified_time":"2023-06-08T10:15:57+00:00","og_image":[{"width":802,"height":1200,"url":"https:\/\/www.laertes.es\/wp-content\/uploads\/2023\/04\/CAM042.webp","type":"image\/webp"}],"schema":{"@context":"https:\/\/schema.org","@graph":[{"@type":"WebPage","@id":"https:\/\/www.laertes.es\/ca\/llibre\/noche-de-bodas\/","url":"https:\/\/www.laertes.es\/ca\/llibre\/noche-de-bodas\/","name":"Noche de bodas | Laertes ediciones","isPartOf":{"@id":"https:\/\/www.laertes.es\/ca\/#website"},"primaryImageOfPage":{"@id":"https:\/\/www.laertes.es\/ca\/llibre\/noche-de-bodas\/#primaryimage"},"image":{"@id":"https:\/\/www.laertes.es\/ca\/llibre\/noche-de-bodas\/#primaryimage"},"thumbnailUrl":"https:\/\/www.laertes.es\/wp-content\/uploads\/2023\/04\/CAM042.webp","datePublished":"2023-04-25T10:16:54+00:00","dateModified":"2023-06-08T10:15:57+00:00","description":"Adri\u00e1n se ve envuelto en una trama criminal cuando Elvira, le propone una noche de bodas que concluye con un cad\u00e1ver decapitado. | Noche de bodas","breadcrumb":{"@id":"https:\/\/www.laertes.es\/ca\/llibre\/noche-de-bodas\/#breadcrumb"},"inLanguage":"ca","potentialAction":[{"@type":"ReadAction","target":["https:\/\/www.laertes.es\/ca\/llibre\/noche-de-bodas\/"]}]},{"@type":"ImageObject","inLanguage":"ca","@id":"https:\/\/www.laertes.es\/ca\/llibre\/noche-de-bodas\/#primaryimage","url":"https:\/\/www.laertes.es\/wp-content\/uploads\/2023\/04\/CAM042.webp","contentUrl":"https:\/\/www.laertes.es\/wp-content\/uploads\/2023\/04\/CAM042.webp","width":802,"height":1200,"caption":"Noche de bodas"},{"@type":"BreadcrumbList","@id":"https:\/\/www.laertes.es\/ca\/llibre\/noche-de-bodas\/#breadcrumb","itemListElement":[{"@type":"ListItem","position":1,"name":"Portada","item":"https:\/\/www.laertes.es\/ca\/"},{"@type":"ListItem","position":2,"name":"Tienda","item":"https:\/\/www.laertes.es\/tienda\/"},{"@type":"ListItem","position":3,"name":"Noche de bodas"}]},{"@type":"WebSite","@id":"https:\/\/www.laertes.es\/ca\/#website","url":"https:\/\/www.laertes.es\/ca\/","name":"Laertes Ediciones","description":"Editorial independiente desde 1975","alternateName":"Laertes","potentialAction":[{"@type":"SearchAction","target":{"@type":"EntryPoint","urlTemplate":"https:\/\/www.laertes.es\/ca\/?s={search_term_string}"},"query-input":{"@type":"PropertyValueSpecification","valueRequired":true,"valueName":"search_term_string"}}],"inLanguage":"ca"}]}},"_links":{"self":[{"href":"https:\/\/www.laertes.es\/ca\/wp-json\/wp\/v2\/product\/12909","targetHints":{"allow":["GET"]}}],"collection":[{"href":"https:\/\/www.laertes.es\/ca\/wp-json\/wp\/v2\/product"}],"about":[{"href":"https:\/\/www.laertes.es\/ca\/wp-json\/wp\/v2\/types\/product"}],"version-history":[{"count":1,"href":"https:\/\/www.laertes.es\/ca\/wp-json\/wp\/v2\/product\/12909\/revisions"}],"predecessor-version":[{"id":14392,"href":"https:\/\/www.laertes.es\/ca\/wp-json\/wp\/v2\/product\/12909\/revisions\/14392"}],"wp:featuredmedia":[{"embeddable":true,"href":"https:\/\/www.laertes.es\/ca\/wp-json\/wp\/v2\/media\/12907"}],"wp:attachment":[{"href":"https:\/\/www.laertes.es\/ca\/wp-json\/wp\/v2\/media?parent=12909"}],"wp:term":[{"taxonomy":"product_brand","embeddable":true,"href":"https:\/\/www.laertes.es\/ca\/wp-json\/wp\/v2\/product_brand?post=12909"},{"taxonomy":"product_cat","embeddable":true,"href":"https:\/\/www.laertes.es\/ca\/wp-json\/wp\/v2\/product_cat?post=12909"},{"taxonomy":"product_tag","embeddable":true,"href":"https:\/\/www.laertes.es\/ca\/wp-json\/wp\/v2\/product_tag?post=12909"},{"taxonomy":"autores","embeddable":true,"href":"https:\/\/www.laertes.es\/ca\/wp-json\/wp\/v2\/autores?post=12909"},{"taxonomy":"formatos","embeddable":true,"href":"https:\/\/www.laertes.es\/ca\/wp-json\/wp\/v2\/formatos?post=12909"},{"taxonomy":"materias","embeddable":true,"href":"https:\/\/www.laertes.es\/ca\/wp-json\/wp\/v2\/materias?post=12909"}],"curies":[{"name":"wp","href":"https:\/\/api.w.org\/{rel}","templated":true}]}}