{"id":12903,"date":"2023-04-25T10:07:30","date_gmt":"2023-04-25T10:07:30","guid":{"rendered":"https:\/libro\/viaje-al-archipielago-malayo\/"},"modified":"2023-05-08T12:51:43","modified_gmt":"2023-05-08T12:51:43","slug":"viaje-al-archipielago-malayo","status":"publish","type":"product","link":"https:\/\/www.laertes.es\/ca\/llibre\/viaje-al-archipielago-malayo\/","title":{"rendered":"Viaje al Archipi\u00e9lago Malayo"},"content":{"rendered":"<p>Viaje al Archipi\u00e9lago Malayo<\/p>\n<p>Viaje al Archipi\u00e9lago Malayo Tras acompa\u00f1ar a H. W. Bates en su exploraci\u00f3n por el Amazonas (de 1848 a 1852), Alfred Russel Wallace emprende la exploraci\u00f3n del archipi\u00e9lago malayo con el objetivo de avanzar en los descubrimientos sobre la selecci\u00f3n natural de las especies. De resultas de este viaje (1854-1862), seis a\u00f1os despu\u00e9s, Wallace publica <em>The Malay Archipielago<\/em> (1869), obra cumbre de la literatura de viajes y un referente de los libros de ciencias del siglo XIX.<\/p>\n<p>Viaje al Archipi\u00e9lago Malayo Tras acompa\u00f1ar a H. W. Bates en su exploraci\u00f3n por el Amazonas (de 1848 a 1852), Alfred Russel Wallace emprende la exploraci\u00f3n del archipi\u00e9lago malayo con el objetivo de avanzar en los descubrimientos sobre la selecci\u00f3n natural de las especies. De resultas de este viaje (1854-1862), seis a\u00f1os despu\u00e9s, Wallace publica <em>The Malay Archipielago<\/em> (1869), obra cumbre de la literatura de viajes y un referente de los libros de ciencias del siglo XIX.<\/p>\n<p>Viaje al Archipi\u00e9lago Malayo Tras acompa\u00f1ar a H. W. Bates en su exploraci\u00f3n por el Amazonas (de 1848 a 1852), Alfred Russel Wallace emprende la exploraci\u00f3n del archipi\u00e9lago malayo con el objetivo de avanzar en los descubrimientos sobre la selecci\u00f3n natural de las especies. De resultas de este viaje (1854-1862), seis a\u00f1os despu\u00e9s, Wallace publica <em>The Malay Archipielago<\/em> (1869), obra cumbre de la literatura de viajes y un referente de los libros de ciencias del siglo XIX.<\/p>\n<p>Tras acompa\u00f1ar a H. W. Bates en su exploraci\u00f3n por el Amazonas (de 1848 a 1852), Alfred Russel Wallace emprende la exploraci\u00f3n del archipi\u00e9lago malayo con el objetivo de avanzar en los descubrimientos sobre la selecci\u00f3n natural de las especies. De resultas de este viaje (1854-1862), seis a\u00f1os despu\u00e9s, Wallace publica <em>The Malay Archipielago<\/em> (1869), obra cumbre de la literatura de viajes y un referente de los libros de ciencias del siglo XIX.<\/p>\n","protected":false},"excerpt":{"rendered":"<p>Viaje al Archipi\u00e9lago Malayo Viaje al Archipi\u00e9lago Malayo Tras acompa\u00f1ar a H. W. Bates en su exploraci\u00f3n por el Amazonas<\/p>\n","protected":false},"featured_media":12901,"template":"","meta":[],"product_brand":[],"product_cat":[339],"product_tag":[640,641,642,643],"autores":[644],"formatos":[355],"materias":[375,378],"class_list":{"0":"post-12903","1":"product","2":"type-product","3":"status-publish","4":"has-post-thumbnail","6":"product_cat-nan-shan-ca","7":"product_tag-expediciones-ca","8":"product_tag-literatura-de-viajes-ca","9":"product_tag-naturalismo-ca","10":"product_tag-viajes-ca","11":"autores-wallace-alfred-russel-ca","12":"formatos-llibre","13":"materias-literatura-de-viajes-ca","14":"materias-natura-ca","16":"first","17":"instock","18":"taxable","19":"shipping-taxable","20":"purchasable","21":"product-type-simple"},"yoast_head":"<!-- This site is optimized with the Yoast SEO plugin v27.3 - https:\/\/yoast.com\/product\/yoast-seo-wordpress\/ -->\n<title>Viaje al Archipi\u00e9lago Malayo | Laertes ediciones<\/title>\n<meta name=\"description\" content=\"Wallace emprende la exploraci\u00f3n del archipi\u00e9lago malayo con el objetivo de avanzar en los descubrimientos sobre la selecci\u00f3n natural de las especies.\" \/>\n<meta name=\"robots\" content=\"index, follow, max-snippet:-1, max-image-preview:large, max-video-preview:-1\" \/>\n<link rel=\"canonical\" href=\"https:\/\/www.laertes.es\/ca\/llibre\/viaje-al-archipielago-malayo\/\" \/>\n<meta property=\"og:locale\" content=\"ca_ES\" \/>\n<meta property=\"og:type\" content=\"article\" \/>\n<meta property=\"og:title\" content=\"Viaje al Archipi\u00e9lago Malayo | Laertes ediciones\" \/>\n<meta property=\"og:description\" content=\"Wallace emprende la exploraci\u00f3n del archipi\u00e9lago malayo con el objetivo de avanzar en los descubrimientos sobre la selecci\u00f3n natural de las especies.\" \/>\n<meta property=\"og:url\" content=\"https:\/\/www.laertes.es\/ca\/llibre\/viaje-al-archipielago-malayo\/\" \/>\n<meta property=\"og:site_name\" content=\"Laertes ediciones\" \/>\n<meta property=\"article:modified_time\" content=\"2023-05-08T12:51:43+00:00\" \/>\n<meta property=\"og:image\" content=\"https:\/\/www.laertes.es\/wp-content\/uploads\/2023\/04\/NAN096.webp\" \/>\n\t<meta property=\"og:image:width\" content=\"802\" \/>\n\t<meta property=\"og:image:height\" content=\"1200\" \/>\n\t<meta property=\"og:image:type\" content=\"image\/webp\" \/>\n<script type=\"application\/ld+json\" class=\"yoast-schema-graph\">{\"@context\":\"https:\\\/\\\/schema.org\",\"@graph\":[{\"@type\":\"WebPage\",\"@id\":\"https:\\\/\\\/www.laertes.es\\\/ca\\\/llibre\\\/viaje-al-archipielago-malayo\\\/\",\"url\":\"https:\\\/\\\/www.laertes.es\\\/ca\\\/llibre\\\/viaje-al-archipielago-malayo\\\/\",\"name\":\"Viaje al Archipi\u00e9lago Malayo | Laertes ediciones\",\"isPartOf\":{\"@id\":\"https:\\\/\\\/www.laertes.es\\\/ca\\\/#website\"},\"primaryImageOfPage\":{\"@id\":\"https:\\\/\\\/www.laertes.es\\\/ca\\\/llibre\\\/viaje-al-archipielago-malayo\\\/#primaryimage\"},\"image\":{\"@id\":\"https:\\\/\\\/www.laertes.es\\\/ca\\\/llibre\\\/viaje-al-archipielago-malayo\\\/#primaryimage\"},\"thumbnailUrl\":\"https:\\\/\\\/www.laertes.es\\\/wp-content\\\/uploads\\\/2023\\\/04\\\/NAN096.webp\",\"datePublished\":\"2023-04-25T10:07:30+00:00\",\"dateModified\":\"2023-05-08T12:51:43+00:00\",\"description\":\"Wallace emprende la exploraci\u00f3n del archipi\u00e9lago malayo con el objetivo de avanzar en los descubrimientos sobre la selecci\u00f3n natural de las especies.\",\"breadcrumb\":{\"@id\":\"https:\\\/\\\/www.laertes.es\\\/ca\\\/llibre\\\/viaje-al-archipielago-malayo\\\/#breadcrumb\"},\"inLanguage\":\"ca\",\"potentialAction\":[{\"@type\":\"ReadAction\",\"target\":[\"https:\\\/\\\/www.laertes.es\\\/ca\\\/llibre\\\/viaje-al-archipielago-malayo\\\/\"]}]},{\"@type\":\"ImageObject\",\"inLanguage\":\"ca\",\"@id\":\"https:\\\/\\\/www.laertes.es\\\/ca\\\/llibre\\\/viaje-al-archipielago-malayo\\\/#primaryimage\",\"url\":\"https:\\\/\\\/www.laertes.es\\\/wp-content\\\/uploads\\\/2023\\\/04\\\/NAN096.webp\",\"contentUrl\":\"https:\\\/\\\/www.laertes.es\\\/wp-content\\\/uploads\\\/2023\\\/04\\\/NAN096.webp\",\"width\":802,\"height\":1200,\"caption\":\"Viaje al Archipi\u00e9lago Malayo\"},{\"@type\":\"BreadcrumbList\",\"@id\":\"https:\\\/\\\/www.laertes.es\\\/ca\\\/llibre\\\/viaje-al-archipielago-malayo\\\/#breadcrumb\",\"itemListElement\":[{\"@type\":\"ListItem\",\"position\":1,\"name\":\"Portada\",\"item\":\"https:\\\/\\\/www.laertes.es\\\/ca\\\/\"},{\"@type\":\"ListItem\",\"position\":2,\"name\":\"Tienda\",\"item\":\"https:\\\/\\\/www.laertes.es\\\/tienda\\\/\"},{\"@type\":\"ListItem\",\"position\":3,\"name\":\"Viaje al Archipi\u00e9lago Malayo\"}]},{\"@type\":\"WebSite\",\"@id\":\"https:\\\/\\\/www.laertes.es\\\/ca\\\/#website\",\"url\":\"https:\\\/\\\/www.laertes.es\\\/ca\\\/\",\"name\":\"Laertes Ediciones\",\"description\":\"Editorial independiente desde 1975\",\"alternateName\":\"Laertes\",\"potentialAction\":[{\"@type\":\"SearchAction\",\"target\":{\"@type\":\"EntryPoint\",\"urlTemplate\":\"https:\\\/\\\/www.laertes.es\\\/ca\\\/?s={search_term_string}\"},\"query-input\":{\"@type\":\"PropertyValueSpecification\",\"valueRequired\":true,\"valueName\":\"search_term_string\"}}],\"inLanguage\":\"ca\"}]}<\/script>\n<!-- \/ Yoast SEO plugin. -->","yoast_head_json":{"title":"Viaje al Archipi\u00e9lago Malayo | Laertes ediciones","description":"Wallace emprende la exploraci\u00f3n del archipi\u00e9lago malayo con el objetivo de avanzar en los descubrimientos sobre la selecci\u00f3n natural de las especies.","robots":{"index":"index","follow":"follow","max-snippet":"max-snippet:-1","max-image-preview":"max-image-preview:large","max-video-preview":"max-video-preview:-1"},"canonical":"https:\/\/www.laertes.es\/ca\/llibre\/viaje-al-archipielago-malayo\/","og_locale":"ca_ES","og_type":"article","og_title":"Viaje al Archipi\u00e9lago Malayo | Laertes ediciones","og_description":"Wallace emprende la exploraci\u00f3n del archipi\u00e9lago malayo con el objetivo de avanzar en los descubrimientos sobre la selecci\u00f3n natural de las especies.","og_url":"https:\/\/www.laertes.es\/ca\/llibre\/viaje-al-archipielago-malayo\/","og_site_name":"Laertes ediciones","article_modified_time":"2023-05-08T12:51:43+00:00","og_image":[{"width":802,"height":1200,"url":"https:\/\/www.laertes.es\/wp-content\/uploads\/2023\/04\/NAN096.webp","type":"image\/webp"}],"schema":{"@context":"https:\/\/schema.org","@graph":[{"@type":"WebPage","@id":"https:\/\/www.laertes.es\/ca\/llibre\/viaje-al-archipielago-malayo\/","url":"https:\/\/www.laertes.es\/ca\/llibre\/viaje-al-archipielago-malayo\/","name":"Viaje al Archipi\u00e9lago Malayo | Laertes ediciones","isPartOf":{"@id":"https:\/\/www.laertes.es\/ca\/#website"},"primaryImageOfPage":{"@id":"https:\/\/www.laertes.es\/ca\/llibre\/viaje-al-archipielago-malayo\/#primaryimage"},"image":{"@id":"https:\/\/www.laertes.es\/ca\/llibre\/viaje-al-archipielago-malayo\/#primaryimage"},"thumbnailUrl":"https:\/\/www.laertes.es\/wp-content\/uploads\/2023\/04\/NAN096.webp","datePublished":"2023-04-25T10:07:30+00:00","dateModified":"2023-05-08T12:51:43+00:00","description":"Wallace emprende la exploraci\u00f3n del archipi\u00e9lago malayo con el objetivo de avanzar en los descubrimientos sobre la selecci\u00f3n natural de las especies.","breadcrumb":{"@id":"https:\/\/www.laertes.es\/ca\/llibre\/viaje-al-archipielago-malayo\/#breadcrumb"},"inLanguage":"ca","potentialAction":[{"@type":"ReadAction","target":["https:\/\/www.laertes.es\/ca\/llibre\/viaje-al-archipielago-malayo\/"]}]},{"@type":"ImageObject","inLanguage":"ca","@id":"https:\/\/www.laertes.es\/ca\/llibre\/viaje-al-archipielago-malayo\/#primaryimage","url":"https:\/\/www.laertes.es\/wp-content\/uploads\/2023\/04\/NAN096.webp","contentUrl":"https:\/\/www.laertes.es\/wp-content\/uploads\/2023\/04\/NAN096.webp","width":802,"height":1200,"caption":"Viaje al Archipi\u00e9lago Malayo"},{"@type":"BreadcrumbList","@id":"https:\/\/www.laertes.es\/ca\/llibre\/viaje-al-archipielago-malayo\/#breadcrumb","itemListElement":[{"@type":"ListItem","position":1,"name":"Portada","item":"https:\/\/www.laertes.es\/ca\/"},{"@type":"ListItem","position":2,"name":"Tienda","item":"https:\/\/www.laertes.es\/tienda\/"},{"@type":"ListItem","position":3,"name":"Viaje al Archipi\u00e9lago Malayo"}]},{"@type":"WebSite","@id":"https:\/\/www.laertes.es\/ca\/#website","url":"https:\/\/www.laertes.es\/ca\/","name":"Laertes Ediciones","description":"Editorial independiente desde 1975","alternateName":"Laertes","potentialAction":[{"@type":"SearchAction","target":{"@type":"EntryPoint","urlTemplate":"https:\/\/www.laertes.es\/ca\/?s={search_term_string}"},"query-input":{"@type":"PropertyValueSpecification","valueRequired":true,"valueName":"search_term_string"}}],"inLanguage":"ca"}]}},"_links":{"self":[{"href":"https:\/\/www.laertes.es\/ca\/wp-json\/wp\/v2\/product\/12903","targetHints":{"allow":["GET"]}}],"collection":[{"href":"https:\/\/www.laertes.es\/ca\/wp-json\/wp\/v2\/product"}],"about":[{"href":"https:\/\/www.laertes.es\/ca\/wp-json\/wp\/v2\/types\/product"}],"version-history":[{"count":2,"href":"https:\/\/www.laertes.es\/ca\/wp-json\/wp\/v2\/product\/12903\/revisions"}],"predecessor-version":[{"id":13641,"href":"https:\/\/www.laertes.es\/ca\/wp-json\/wp\/v2\/product\/12903\/revisions\/13641"}],"wp:featuredmedia":[{"embeddable":true,"href":"https:\/\/www.laertes.es\/ca\/wp-json\/wp\/v2\/media\/12901"}],"wp:attachment":[{"href":"https:\/\/www.laertes.es\/ca\/wp-json\/wp\/v2\/media?parent=12903"}],"wp:term":[{"taxonomy":"product_brand","embeddable":true,"href":"https:\/\/www.laertes.es\/ca\/wp-json\/wp\/v2\/product_brand?post=12903"},{"taxonomy":"product_cat","embeddable":true,"href":"https:\/\/www.laertes.es\/ca\/wp-json\/wp\/v2\/product_cat?post=12903"},{"taxonomy":"product_tag","embeddable":true,"href":"https:\/\/www.laertes.es\/ca\/wp-json\/wp\/v2\/product_tag?post=12903"},{"taxonomy":"autores","embeddable":true,"href":"https:\/\/www.laertes.es\/ca\/wp-json\/wp\/v2\/autores?post=12903"},{"taxonomy":"formatos","embeddable":true,"href":"https:\/\/www.laertes.es\/ca\/wp-json\/wp\/v2\/formatos?post=12903"},{"taxonomy":"materias","embeddable":true,"href":"https:\/\/www.laertes.es\/ca\/wp-json\/wp\/v2\/materias?post=12903"}],"curies":[{"name":"wp","href":"https:\/\/api.w.org\/{rel}","templated":true}]}}