{"id":12892,"date":"2023-04-25T08:57:59","date_gmt":"2023-04-25T08:57:59","guid":{"rendered":"https:\/libro\/el-descubrimiento-de-la-tumba-de-tut-ankh-amon\/"},"modified":"2023-05-12T14:31:54","modified_gmt":"2023-05-12T14:31:54","slug":"el-descubrimiento-de-la-tumba-de-tut-ankh-amon","status":"publish","type":"product","link":"https:\/\/www.laertes.es\/ca\/llibre\/el-descubrimiento-de-la-tumba-de-tut-ankh-amon\/","title":{"rendered":"El descubrimiento de la Tumba de Tut-Ankh-Amon"},"content":{"rendered":"<h1 style=\"text-align: justify\">El descubrimiento de la Tumba de Tut-Ankh-Amon<\/h1>\n<p style=\"text-align: justify\">El descubrimiento de la Tumba de Tut-Ankh-Amon El 4 de noviembre de 1922, Howard Carter que \u00abhab\u00eda estado excavando (en el Valle de los Reyes) durante seis temporadas enteras&#8230; (consigui\u00f3) un descubrimiento que sobrepasaba con mucho (sus) sue\u00f1os m\u00e1s audaces\u00bb, obviamente se estaba refiriendo al hallazgo de la tumba de Tut-Ankh-Am\u00f3n hito muy importante en el mundo de la arqueolog\u00eda y por descontado en el mundo de los descubrimientos contempor\u00e1neos.<\/p>\n<p style=\"text-align: left\">\u00abHab\u00edamos estado excavando (en el Valle de los Reyes) durante seis temporadas enteras&#8230; hab\u00edamos trabajado durante meses en una franja de tierra sin encontrar nada y s\u00f3lo un excavador sabe lo desesperantemente deprimente que eso puede resultar&#8230; nos est\u00e1bamos preparando para dejar el Valle (cuando) en un \u00faltimo esfuerzo desesperado hicimos un descubrimiento que sobrepasaba con mucho nuestros sue\u00f1os m\u00e1s audaces\u00bb.<br \/>\n<strong>\u00a0\u00a0\u00a0<\/strong>Este descubrimiento, equiparable por su importancia a otros descubrimientos de islas y nuevos continentes, exploraciones de r\u00edos y valles, escaladas de monta\u00f1as y vueltas al mundo&#8230; es el que nos narra Howard Carter, jefe de la expedici\u00f3n que financiada por lord Carnarvon descubri\u00f3 la tumba de Tut-Ankh-Am\u00f3n.<br \/>\n<strong>\u00a0\u00a0\u00a0<\/strong>Recordemos que dicho descubrimiento caus\u00f3 un gran impacto social en los felices a\u00f1os veinte creando, o relanzando, una moda egipcia de vestimenta, cinematogr\u00e1fica, oper\u00edstica, que no exclu\u00eda la novela de misterio. La que la muerte por picadura de mosquito, el 6 de abril de 1923, de lord Carnarvon contribuy\u00f3 en gran manera a la creaci\u00f3n de la leyenda de la maldici\u00f3n de la momia, claro que esta es otra historia y en cualquier caso otro libro.\u00abHab\u00edamos estado excavando (en el Valle de los Reyes) durante seis temporadas enteras&#8230; hab\u00edamos trabajado durante meses en una franja de tierra sin encontrar nada y s\u00f3lo un excavador sabe lo desesperantemente deprimente que eso puede resultar&#8230; nos est\u00e1bamos preparando para dejar el Valle (cuando) en un \u00faltimo esfuerzo desesperado hicimos un descubrimiento que sobrepasaba con mucho nuestros sue\u00f1os m\u00e1s audaces\u00bb.<\/p>\n","protected":false},"excerpt":{"rendered":"<p>El descubrimiento de la Tumba de Tut-Ankh-Amon El descubrimiento de la Tumba de Tut-Ankh-Amon El 4 de noviembre de 1922,<\/p>\n","protected":false},"featured_media":13690,"template":"","meta":[],"product_brand":[],"product_cat":[339],"product_tag":[629,630,631],"autores":[632],"formatos":[355],"materias":[375],"class_list":{"0":"post-12892","1":"product","2":"type-product","3":"status-publish","4":"has-post-thumbnail","6":"product_cat-nan-shan-ca","7":"product_tag-arqueologia-ca","8":"product_tag-egipto-ca","9":"product_tag-literatura-clasica-de-viajes-ca","10":"autores-carter-howard-ca","11":"formatos-llibre","12":"materias-literatura-de-viajes-ca","14":"first","15":"instock","16":"taxable","17":"shipping-taxable","18":"purchasable","19":"product-type-simple"},"yoast_head":"<!-- This site is optimized with the Yoast SEO plugin v27.3 - https:\/\/yoast.com\/product\/yoast-seo-wordpress\/ -->\n<title>El descubrimiento de la Tumba de Tut-Ankh-Amon | Laertes ediciones<\/title>\n<meta name=\"description\" content=\"El 4 de noviembre de 1922, Howard Carter que \u00abhab\u00eda estado excavando durante seis temporadas enteras... | El descubrimiento de la Tumba de Tut-Ankh-Amon\" \/>\n<meta name=\"robots\" content=\"index, follow, max-snippet:-1, max-image-preview:large, max-video-preview:-1\" \/>\n<link rel=\"canonical\" href=\"https:\/\/www.laertes.es\/ca\/llibre\/el-descubrimiento-de-la-tumba-de-tut-ankh-amon\/\" \/>\n<meta property=\"og:locale\" content=\"ca_ES\" \/>\n<meta property=\"og:type\" content=\"article\" \/>\n<meta property=\"og:title\" content=\"El descubrimiento de la Tumba de Tut-Ankh-Amon | Laertes ediciones\" \/>\n<meta property=\"og:description\" content=\"El 4 de noviembre de 1922, Howard Carter que \u00abhab\u00eda estado excavando durante seis temporadas enteras... | El descubrimiento de la Tumba de Tut-Ankh-Amon\" \/>\n<meta property=\"og:url\" content=\"https:\/\/www.laertes.es\/ca\/llibre\/el-descubrimiento-de-la-tumba-de-tut-ankh-amon\/\" \/>\n<meta property=\"og:site_name\" content=\"Laertes ediciones\" \/>\n<meta property=\"article:modified_time\" content=\"2023-05-12T14:31:54+00:00\" \/>\n<meta property=\"og:image\" content=\"https:\/\/www.laertes.es\/wp-content\/uploads\/2023\/04\/NAN010.webp\" \/>\n\t<meta property=\"og:image:width\" content=\"802\" \/>\n\t<meta property=\"og:image:height\" content=\"1200\" \/>\n\t<meta property=\"og:image:type\" content=\"image\/webp\" \/>\n<script type=\"application\/ld+json\" class=\"yoast-schema-graph\">{\"@context\":\"https:\\\/\\\/schema.org\",\"@graph\":[{\"@type\":\"WebPage\",\"@id\":\"https:\\\/\\\/www.laertes.es\\\/ca\\\/llibre\\\/el-descubrimiento-de-la-tumba-de-tut-ankh-amon\\\/\",\"url\":\"https:\\\/\\\/www.laertes.es\\\/ca\\\/llibre\\\/el-descubrimiento-de-la-tumba-de-tut-ankh-amon\\\/\",\"name\":\"El descubrimiento de la Tumba de Tut-Ankh-Amon | Laertes ediciones\",\"isPartOf\":{\"@id\":\"https:\\\/\\\/www.laertes.es\\\/ca\\\/#website\"},\"primaryImageOfPage\":{\"@id\":\"https:\\\/\\\/www.laertes.es\\\/ca\\\/llibre\\\/el-descubrimiento-de-la-tumba-de-tut-ankh-amon\\\/#primaryimage\"},\"image\":{\"@id\":\"https:\\\/\\\/www.laertes.es\\\/ca\\\/llibre\\\/el-descubrimiento-de-la-tumba-de-tut-ankh-amon\\\/#primaryimage\"},\"thumbnailUrl\":\"https:\\\/\\\/www.laertes.es\\\/wp-content\\\/uploads\\\/2023\\\/04\\\/NAN010.webp\",\"datePublished\":\"2023-04-25T08:57:59+00:00\",\"dateModified\":\"2023-05-12T14:31:54+00:00\",\"description\":\"El 4 de noviembre de 1922, Howard Carter que \u00abhab\u00eda estado excavando durante seis temporadas enteras... | El descubrimiento de la Tumba de Tut-Ankh-Amon\",\"breadcrumb\":{\"@id\":\"https:\\\/\\\/www.laertes.es\\\/ca\\\/llibre\\\/el-descubrimiento-de-la-tumba-de-tut-ankh-amon\\\/#breadcrumb\"},\"inLanguage\":\"ca\",\"potentialAction\":[{\"@type\":\"ReadAction\",\"target\":[\"https:\\\/\\\/www.laertes.es\\\/ca\\\/llibre\\\/el-descubrimiento-de-la-tumba-de-tut-ankh-amon\\\/\"]}]},{\"@type\":\"ImageObject\",\"inLanguage\":\"ca\",\"@id\":\"https:\\\/\\\/www.laertes.es\\\/ca\\\/llibre\\\/el-descubrimiento-de-la-tumba-de-tut-ankh-amon\\\/#primaryimage\",\"url\":\"https:\\\/\\\/www.laertes.es\\\/wp-content\\\/uploads\\\/2023\\\/04\\\/NAN010.webp\",\"contentUrl\":\"https:\\\/\\\/www.laertes.es\\\/wp-content\\\/uploads\\\/2023\\\/04\\\/NAN010.webp\",\"width\":802,\"height\":1200,\"caption\":\"El descubrimiento de la Tumba de Tut-Ankh-Amon\"},{\"@type\":\"BreadcrumbList\",\"@id\":\"https:\\\/\\\/www.laertes.es\\\/ca\\\/llibre\\\/el-descubrimiento-de-la-tumba-de-tut-ankh-amon\\\/#breadcrumb\",\"itemListElement\":[{\"@type\":\"ListItem\",\"position\":1,\"name\":\"Portada\",\"item\":\"https:\\\/\\\/www.laertes.es\\\/ca\\\/\"},{\"@type\":\"ListItem\",\"position\":2,\"name\":\"Tienda\",\"item\":\"https:\\\/\\\/www.laertes.es\\\/tienda\\\/\"},{\"@type\":\"ListItem\",\"position\":3,\"name\":\"El descubrimiento de la Tumba de Tut-Ankh-Amon\"}]},{\"@type\":\"WebSite\",\"@id\":\"https:\\\/\\\/www.laertes.es\\\/ca\\\/#website\",\"url\":\"https:\\\/\\\/www.laertes.es\\\/ca\\\/\",\"name\":\"Laertes Ediciones\",\"description\":\"Editorial independiente desde 1975\",\"alternateName\":\"Laertes\",\"potentialAction\":[{\"@type\":\"SearchAction\",\"target\":{\"@type\":\"EntryPoint\",\"urlTemplate\":\"https:\\\/\\\/www.laertes.es\\\/ca\\\/?s={search_term_string}\"},\"query-input\":{\"@type\":\"PropertyValueSpecification\",\"valueRequired\":true,\"valueName\":\"search_term_string\"}}],\"inLanguage\":\"ca\"}]}<\/script>\n<!-- \/ Yoast SEO plugin. -->","yoast_head_json":{"title":"El descubrimiento de la Tumba de Tut-Ankh-Amon | Laertes ediciones","description":"El 4 de noviembre de 1922, Howard Carter que \u00abhab\u00eda estado excavando durante seis temporadas enteras... | El descubrimiento de la Tumba de Tut-Ankh-Amon","robots":{"index":"index","follow":"follow","max-snippet":"max-snippet:-1","max-image-preview":"max-image-preview:large","max-video-preview":"max-video-preview:-1"},"canonical":"https:\/\/www.laertes.es\/ca\/llibre\/el-descubrimiento-de-la-tumba-de-tut-ankh-amon\/","og_locale":"ca_ES","og_type":"article","og_title":"El descubrimiento de la Tumba de Tut-Ankh-Amon | Laertes ediciones","og_description":"El 4 de noviembre de 1922, Howard Carter que \u00abhab\u00eda estado excavando durante seis temporadas enteras... | El descubrimiento de la Tumba de Tut-Ankh-Amon","og_url":"https:\/\/www.laertes.es\/ca\/llibre\/el-descubrimiento-de-la-tumba-de-tut-ankh-amon\/","og_site_name":"Laertes ediciones","article_modified_time":"2023-05-12T14:31:54+00:00","og_image":[{"width":802,"height":1200,"url":"https:\/\/www.laertes.es\/wp-content\/uploads\/2023\/04\/NAN010.webp","type":"image\/webp"}],"schema":{"@context":"https:\/\/schema.org","@graph":[{"@type":"WebPage","@id":"https:\/\/www.laertes.es\/ca\/llibre\/el-descubrimiento-de-la-tumba-de-tut-ankh-amon\/","url":"https:\/\/www.laertes.es\/ca\/llibre\/el-descubrimiento-de-la-tumba-de-tut-ankh-amon\/","name":"El descubrimiento de la Tumba de Tut-Ankh-Amon | Laertes ediciones","isPartOf":{"@id":"https:\/\/www.laertes.es\/ca\/#website"},"primaryImageOfPage":{"@id":"https:\/\/www.laertes.es\/ca\/llibre\/el-descubrimiento-de-la-tumba-de-tut-ankh-amon\/#primaryimage"},"image":{"@id":"https:\/\/www.laertes.es\/ca\/llibre\/el-descubrimiento-de-la-tumba-de-tut-ankh-amon\/#primaryimage"},"thumbnailUrl":"https:\/\/www.laertes.es\/wp-content\/uploads\/2023\/04\/NAN010.webp","datePublished":"2023-04-25T08:57:59+00:00","dateModified":"2023-05-12T14:31:54+00:00","description":"El 4 de noviembre de 1922, Howard Carter que \u00abhab\u00eda estado excavando durante seis temporadas enteras... | El descubrimiento de la Tumba de Tut-Ankh-Amon","breadcrumb":{"@id":"https:\/\/www.laertes.es\/ca\/llibre\/el-descubrimiento-de-la-tumba-de-tut-ankh-amon\/#breadcrumb"},"inLanguage":"ca","potentialAction":[{"@type":"ReadAction","target":["https:\/\/www.laertes.es\/ca\/llibre\/el-descubrimiento-de-la-tumba-de-tut-ankh-amon\/"]}]},{"@type":"ImageObject","inLanguage":"ca","@id":"https:\/\/www.laertes.es\/ca\/llibre\/el-descubrimiento-de-la-tumba-de-tut-ankh-amon\/#primaryimage","url":"https:\/\/www.laertes.es\/wp-content\/uploads\/2023\/04\/NAN010.webp","contentUrl":"https:\/\/www.laertes.es\/wp-content\/uploads\/2023\/04\/NAN010.webp","width":802,"height":1200,"caption":"El descubrimiento de la Tumba de Tut-Ankh-Amon"},{"@type":"BreadcrumbList","@id":"https:\/\/www.laertes.es\/ca\/llibre\/el-descubrimiento-de-la-tumba-de-tut-ankh-amon\/#breadcrumb","itemListElement":[{"@type":"ListItem","position":1,"name":"Portada","item":"https:\/\/www.laertes.es\/ca\/"},{"@type":"ListItem","position":2,"name":"Tienda","item":"https:\/\/www.laertes.es\/tienda\/"},{"@type":"ListItem","position":3,"name":"El descubrimiento de la Tumba de Tut-Ankh-Amon"}]},{"@type":"WebSite","@id":"https:\/\/www.laertes.es\/ca\/#website","url":"https:\/\/www.laertes.es\/ca\/","name":"Laertes Ediciones","description":"Editorial independiente desde 1975","alternateName":"Laertes","potentialAction":[{"@type":"SearchAction","target":{"@type":"EntryPoint","urlTemplate":"https:\/\/www.laertes.es\/ca\/?s={search_term_string}"},"query-input":{"@type":"PropertyValueSpecification","valueRequired":true,"valueName":"search_term_string"}}],"inLanguage":"ca"}]}},"_links":{"self":[{"href":"https:\/\/www.laertes.es\/ca\/wp-json\/wp\/v2\/product\/12892","targetHints":{"allow":["GET"]}}],"collection":[{"href":"https:\/\/www.laertes.es\/ca\/wp-json\/wp\/v2\/product"}],"about":[{"href":"https:\/\/www.laertes.es\/ca\/wp-json\/wp\/v2\/types\/product"}],"version-history":[{"count":2,"href":"https:\/\/www.laertes.es\/ca\/wp-json\/wp\/v2\/product\/12892\/revisions"}],"predecessor-version":[{"id":13693,"href":"https:\/\/www.laertes.es\/ca\/wp-json\/wp\/v2\/product\/12892\/revisions\/13693"}],"wp:featuredmedia":[{"embeddable":true,"href":"https:\/\/www.laertes.es\/ca\/wp-json\/wp\/v2\/media\/13690"}],"wp:attachment":[{"href":"https:\/\/www.laertes.es\/ca\/wp-json\/wp\/v2\/media?parent=12892"}],"wp:term":[{"taxonomy":"product_brand","embeddable":true,"href":"https:\/\/www.laertes.es\/ca\/wp-json\/wp\/v2\/product_brand?post=12892"},{"taxonomy":"product_cat","embeddable":true,"href":"https:\/\/www.laertes.es\/ca\/wp-json\/wp\/v2\/product_cat?post=12892"},{"taxonomy":"product_tag","embeddable":true,"href":"https:\/\/www.laertes.es\/ca\/wp-json\/wp\/v2\/product_tag?post=12892"},{"taxonomy":"autores","embeddable":true,"href":"https:\/\/www.laertes.es\/ca\/wp-json\/wp\/v2\/autores?post=12892"},{"taxonomy":"formatos","embeddable":true,"href":"https:\/\/www.laertes.es\/ca\/wp-json\/wp\/v2\/formatos?post=12892"},{"taxonomy":"materias","embeddable":true,"href":"https:\/\/www.laertes.es\/ca\/wp-json\/wp\/v2\/materias?post=12892"}],"curies":[{"name":"wp","href":"https:\/\/api.w.org\/{rel}","templated":true}]}}