{"id":11945,"date":"2023-01-16T17:22:03","date_gmt":"2023-01-16T17:22:03","guid":{"rendered":"https:\/libro\/la-casa-infernal\/"},"modified":"2023-05-08T12:58:13","modified_gmt":"2023-05-08T12:58:13","slug":"la-casa-infernal","status":"publish","type":"product","link":"https:\/\/www.laertes.es\/ca\/llibre\/la-casa-infernal\/","title":{"rendered":"La casa infernal"},"content":{"rendered":"<h1 style=\"text-align: justify\">La casa infernal<\/h1>\n<p style=\"text-align: justify\">La casa infernal El 1940, cinc persones es van internar a la Casa Belasco amb la intenci\u00f3 d&#8217;esbrinar els secrets i posar llum als misteris de la que era considerada la casa encantada m\u00e9s perillosa del m\u00f3n. Nom\u00e9s una va aconseguir sortir-ne amb vida. Trenta anys despr\u00e9s, el milionari Rolf Randolph Deutsch contracta quatre estranys, entre ells l&#8217;\u00fanic supervivent de la massacre del 1940, per demostrar l&#8217;exist\u00e8ncia de la vida despr\u00e9s de la mort. Per aix\u00f2 hauran de passar una setmana a la Casa Belasco. La Casa Infernal els ha perm\u00e8s entrar, per\u00f2 els deixar\u00e0 sortir? La Casa Infernal \u00e9s la novel\u00b7la de cases encantades m\u00e9s terror\u00edfica que s&#8217;ha escrit mai.<\/p>\n<p style=\"text-align: center\">Sobresurt per sobre de la resta igual que les muntanyes sobresurten per sobre dels turons.<br \/>\nStephen King<\/p>\n<p style=\"text-align: center\">Un dels escriptors m\u00e9s importants del segle xx<br \/>\nRay Bradbury<\/p>\n<p style=\"text-align: justify\">El 1940, cinc persones es van internar a la Casa Belasco amb la intenci\u00f3 d&#8217;esbrinar els secrets i posar llum als misteris de la que era considerada la casa encantada m\u00e9s perillosa del m\u00f3n. Nom\u00e9s una va aconseguir sortir-ne amb vida. Trenta anys despr\u00e9s, el milionari Rolf Randolph Deutsch contracta quatre estranys, entre ells l&#8217;\u00fanic supervivent de la massacre del 1940, per demostrar l&#8217;exist\u00e8ncia de la vida despr\u00e9s de la mort. Per aix\u00f2 hauran de passar una setmana a la Casa Belasco. La Casa Infernal els ha perm\u00e8s entrar, per\u00f2 els deixar\u00e0 sortir? La Casa Infernal \u00e9s la novel\u00b7la de cases encantades m\u00e9s terror\u00edfica que s&#8217;ha escrit mai.<\/p>\n<p style=\"text-align: center\">Sobresurt per sobre de la resta igual que les muntanyes sobresurten per sobre dels turons.<br \/>\nStephen King<\/p>\n<p style=\"text-align: center\">Un dels escriptors m\u00e9s importants del segle xx<br \/>\nRay Bradbury<\/p>\n","protected":false},"excerpt":{"rendered":"<p>El 1940, cinc persones es van internar a la Casa Belasco amb la intenci\u00f3 d&#8217;esbrinar els secrets i posar llum als misteris de la que era considerada la casa encantada m\u00e9s perillosa del m\u00f3n. Nom\u00e9s una va aconseguir sortir-ne amb vida. Trenta anys despr\u00e9s, el milionari Rolf Randolph Deutsch contracta quatre estranys, entre ells l?\u00fanic supervivent de la massacre del 1940, per demostrar l&#8217;exist\u00e8ncia de la vida despr\u00e9s de la mort. Per aix\u00f2 hauran de passar una setmana a la Casa Belasco. La Casa Infernal els ha perm\u00e8s entrar, per\u00f2 els deixar\u00e0 sortir? La Casa Infernal \u00e9s la novel\u00b7la de cases encantades m\u00e9s terror\u00edfica que s&#8217;ha escrit mai.<\/p>\n<p>Sobresurt per sobre de la resta igual que les muntanyes sobresurten per sobre dels turons.<br \/>\nStephen King<\/p>\n<p>Un dels escriptors m\u00e9s importants del segle xx<br \/>\nRay Bradbury<\/p>\n","protected":false},"featured_media":13648,"template":"","meta":[],"product_brand":[],"product_cat":[296],"product_tag":[679,672,673],"autores":[405],"formatos":[353,355],"materias":[356],"class_list":{"0":"post-11945","1":"product","2":"type-product","3":"status-publish","4":"has-post-thumbnail","6":"product_cat-larca-ca","7":"product_tag-casa-encantada-ca","8":"product_tag-literatura-fantastica-ca","9":"product_tag-terror-ca","10":"autores-matheson-richard-ca","11":"formatos-ebook","12":"formatos-llibre","13":"materias-cuentos-clasicos-de-generos-fantasticos-ca","15":"first","16":"instock","17":"purchasable","18":"product-type-variable"},"yoast_head":"<!-- This site is optimized with the Yoast SEO plugin v27.3 - https:\/\/yoast.com\/product\/yoast-seo-wordpress\/ -->\n<title>La casa infernal | Laertes ediciones<\/title>\n<meta name=\"description\" content=\"La casa infernal | Cinc persones amb la intenci\u00f3 d&#039;esbrinar els secrets i posar llum als misteris de la casa encantada m\u00e9s perillosa del m\u00f3n.\" \/>\n<meta name=\"robots\" content=\"index, follow, max-snippet:-1, max-image-preview:large, max-video-preview:-1\" \/>\n<link rel=\"canonical\" href=\"https:\/\/www.laertes.es\/ca\/llibre\/la-casa-infernal\/\" \/>\n<meta property=\"og:locale\" content=\"ca_ES\" \/>\n<meta property=\"og:type\" content=\"article\" \/>\n<meta property=\"og:title\" content=\"La casa infernal | Laertes ediciones\" \/>\n<meta property=\"og:description\" content=\"La casa infernal | Cinc persones amb la intenci\u00f3 d&#039;esbrinar els secrets i posar llum als misteris de la casa encantada m\u00e9s perillosa del m\u00f3n.\" \/>\n<meta property=\"og:url\" content=\"https:\/\/www.laertes.es\/ca\/llibre\/la-casa-infernal\/\" \/>\n<meta property=\"og:site_name\" content=\"Laertes ediciones\" \/>\n<meta property=\"article:modified_time\" content=\"2023-05-08T12:58:13+00:00\" \/>\n<meta property=\"og:image\" content=\"https:\/\/www.laertes.es\/wp-content\/uploads\/2023\/01\/ARC100.webp\" \/>\n\t<meta property=\"og:image:width\" content=\"802\" \/>\n\t<meta property=\"og:image:height\" content=\"1200\" \/>\n\t<meta property=\"og:image:type\" content=\"image\/webp\" \/>\n<meta name=\"twitter:label1\" content=\"Temps estimat de lectura\" \/>\n\t<meta name=\"twitter:data1\" content=\"1 minut\" \/>\n<script type=\"application\/ld+json\" class=\"yoast-schema-graph\">{\"@context\":\"https:\\\/\\\/schema.org\",\"@graph\":[{\"@type\":\"WebPage\",\"@id\":\"https:\\\/\\\/www.laertes.es\\\/ca\\\/llibre\\\/la-casa-infernal\\\/\",\"url\":\"https:\\\/\\\/www.laertes.es\\\/ca\\\/llibre\\\/la-casa-infernal\\\/\",\"name\":\"La casa infernal | Laertes ediciones\",\"isPartOf\":{\"@id\":\"https:\\\/\\\/www.laertes.es\\\/ca\\\/#website\"},\"primaryImageOfPage\":{\"@id\":\"https:\\\/\\\/www.laertes.es\\\/ca\\\/llibre\\\/la-casa-infernal\\\/#primaryimage\"},\"image\":{\"@id\":\"https:\\\/\\\/www.laertes.es\\\/ca\\\/llibre\\\/la-casa-infernal\\\/#primaryimage\"},\"thumbnailUrl\":\"https:\\\/\\\/www.laertes.es\\\/wp-content\\\/uploads\\\/2023\\\/01\\\/ARC100.webp\",\"datePublished\":\"2023-01-16T17:22:03+00:00\",\"dateModified\":\"2023-05-08T12:58:13+00:00\",\"description\":\"La casa infernal | Cinc persones amb la intenci\u00f3 d'esbrinar els secrets i posar llum als misteris de la casa encantada m\u00e9s perillosa del m\u00f3n.\",\"breadcrumb\":{\"@id\":\"https:\\\/\\\/www.laertes.es\\\/ca\\\/llibre\\\/la-casa-infernal\\\/#breadcrumb\"},\"inLanguage\":\"ca\",\"potentialAction\":[{\"@type\":\"ReadAction\",\"target\":[\"https:\\\/\\\/www.laertes.es\\\/ca\\\/llibre\\\/la-casa-infernal\\\/\"]}]},{\"@type\":\"ImageObject\",\"inLanguage\":\"ca\",\"@id\":\"https:\\\/\\\/www.laertes.es\\\/ca\\\/llibre\\\/la-casa-infernal\\\/#primaryimage\",\"url\":\"https:\\\/\\\/www.laertes.es\\\/wp-content\\\/uploads\\\/2023\\\/01\\\/ARC100.webp\",\"contentUrl\":\"https:\\\/\\\/www.laertes.es\\\/wp-content\\\/uploads\\\/2023\\\/01\\\/ARC100.webp\",\"width\":802,\"height\":1200,\"caption\":\"La casa infernal\"},{\"@type\":\"BreadcrumbList\",\"@id\":\"https:\\\/\\\/www.laertes.es\\\/ca\\\/llibre\\\/la-casa-infernal\\\/#breadcrumb\",\"itemListElement\":[{\"@type\":\"ListItem\",\"position\":1,\"name\":\"Portada\",\"item\":\"https:\\\/\\\/www.laertes.es\\\/ca\\\/\"},{\"@type\":\"ListItem\",\"position\":2,\"name\":\"Tienda\",\"item\":\"https:\\\/\\\/www.laertes.es\\\/tienda\\\/\"},{\"@type\":\"ListItem\",\"position\":3,\"name\":\"La casa infernal\"}]},{\"@type\":\"WebSite\",\"@id\":\"https:\\\/\\\/www.laertes.es\\\/ca\\\/#website\",\"url\":\"https:\\\/\\\/www.laertes.es\\\/ca\\\/\",\"name\":\"Laertes Ediciones\",\"description\":\"Editorial independiente desde 1975\",\"alternateName\":\"Laertes\",\"potentialAction\":[{\"@type\":\"SearchAction\",\"target\":{\"@type\":\"EntryPoint\",\"urlTemplate\":\"https:\\\/\\\/www.laertes.es\\\/ca\\\/?s={search_term_string}\"},\"query-input\":{\"@type\":\"PropertyValueSpecification\",\"valueRequired\":true,\"valueName\":\"search_term_string\"}}],\"inLanguage\":\"ca\"}]}<\/script>\n<!-- \/ Yoast SEO plugin. -->","yoast_head_json":{"title":"La casa infernal | Laertes ediciones","description":"La casa infernal | Cinc persones amb la intenci\u00f3 d'esbrinar els secrets i posar llum als misteris de la casa encantada m\u00e9s perillosa del m\u00f3n.","robots":{"index":"index","follow":"follow","max-snippet":"max-snippet:-1","max-image-preview":"max-image-preview:large","max-video-preview":"max-video-preview:-1"},"canonical":"https:\/\/www.laertes.es\/ca\/llibre\/la-casa-infernal\/","og_locale":"ca_ES","og_type":"article","og_title":"La casa infernal | Laertes ediciones","og_description":"La casa infernal | Cinc persones amb la intenci\u00f3 d'esbrinar els secrets i posar llum als misteris de la casa encantada m\u00e9s perillosa del m\u00f3n.","og_url":"https:\/\/www.laertes.es\/ca\/llibre\/la-casa-infernal\/","og_site_name":"Laertes ediciones","article_modified_time":"2023-05-08T12:58:13+00:00","og_image":[{"width":802,"height":1200,"url":"https:\/\/www.laertes.es\/wp-content\/uploads\/2023\/01\/ARC100.webp","type":"image\/webp"}],"twitter_misc":{"Temps estimat de lectura":"1 minut"},"schema":{"@context":"https:\/\/schema.org","@graph":[{"@type":"WebPage","@id":"https:\/\/www.laertes.es\/ca\/llibre\/la-casa-infernal\/","url":"https:\/\/www.laertes.es\/ca\/llibre\/la-casa-infernal\/","name":"La casa infernal | Laertes ediciones","isPartOf":{"@id":"https:\/\/www.laertes.es\/ca\/#website"},"primaryImageOfPage":{"@id":"https:\/\/www.laertes.es\/ca\/llibre\/la-casa-infernal\/#primaryimage"},"image":{"@id":"https:\/\/www.laertes.es\/ca\/llibre\/la-casa-infernal\/#primaryimage"},"thumbnailUrl":"https:\/\/www.laertes.es\/wp-content\/uploads\/2023\/01\/ARC100.webp","datePublished":"2023-01-16T17:22:03+00:00","dateModified":"2023-05-08T12:58:13+00:00","description":"La casa infernal | Cinc persones amb la intenci\u00f3 d'esbrinar els secrets i posar llum als misteris de la casa encantada m\u00e9s perillosa del m\u00f3n.","breadcrumb":{"@id":"https:\/\/www.laertes.es\/ca\/llibre\/la-casa-infernal\/#breadcrumb"},"inLanguage":"ca","potentialAction":[{"@type":"ReadAction","target":["https:\/\/www.laertes.es\/ca\/llibre\/la-casa-infernal\/"]}]},{"@type":"ImageObject","inLanguage":"ca","@id":"https:\/\/www.laertes.es\/ca\/llibre\/la-casa-infernal\/#primaryimage","url":"https:\/\/www.laertes.es\/wp-content\/uploads\/2023\/01\/ARC100.webp","contentUrl":"https:\/\/www.laertes.es\/wp-content\/uploads\/2023\/01\/ARC100.webp","width":802,"height":1200,"caption":"La casa infernal"},{"@type":"BreadcrumbList","@id":"https:\/\/www.laertes.es\/ca\/llibre\/la-casa-infernal\/#breadcrumb","itemListElement":[{"@type":"ListItem","position":1,"name":"Portada","item":"https:\/\/www.laertes.es\/ca\/"},{"@type":"ListItem","position":2,"name":"Tienda","item":"https:\/\/www.laertes.es\/tienda\/"},{"@type":"ListItem","position":3,"name":"La casa infernal"}]},{"@type":"WebSite","@id":"https:\/\/www.laertes.es\/ca\/#website","url":"https:\/\/www.laertes.es\/ca\/","name":"Laertes Ediciones","description":"Editorial independiente desde 1975","alternateName":"Laertes","potentialAction":[{"@type":"SearchAction","target":{"@type":"EntryPoint","urlTemplate":"https:\/\/www.laertes.es\/ca\/?s={search_term_string}"},"query-input":{"@type":"PropertyValueSpecification","valueRequired":true,"valueName":"search_term_string"}}],"inLanguage":"ca"}]}},"_links":{"self":[{"href":"https:\/\/www.laertes.es\/ca\/wp-json\/wp\/v2\/product\/11945","targetHints":{"allow":["GET"]}}],"collection":[{"href":"https:\/\/www.laertes.es\/ca\/wp-json\/wp\/v2\/product"}],"about":[{"href":"https:\/\/www.laertes.es\/ca\/wp-json\/wp\/v2\/types\/product"}],"version-history":[{"count":1,"href":"https:\/\/www.laertes.es\/ca\/wp-json\/wp\/v2\/product\/11945\/revisions"}],"predecessor-version":[{"id":13650,"href":"https:\/\/www.laertes.es\/ca\/wp-json\/wp\/v2\/product\/11945\/revisions\/13650"}],"wp:featuredmedia":[{"embeddable":true,"href":"https:\/\/www.laertes.es\/ca\/wp-json\/wp\/v2\/media\/13648"}],"wp:attachment":[{"href":"https:\/\/www.laertes.es\/ca\/wp-json\/wp\/v2\/media?parent=11945"}],"wp:term":[{"taxonomy":"product_brand","embeddable":true,"href":"https:\/\/www.laertes.es\/ca\/wp-json\/wp\/v2\/product_brand?post=11945"},{"taxonomy":"product_cat","embeddable":true,"href":"https:\/\/www.laertes.es\/ca\/wp-json\/wp\/v2\/product_cat?post=11945"},{"taxonomy":"product_tag","embeddable":true,"href":"https:\/\/www.laertes.es\/ca\/wp-json\/wp\/v2\/product_tag?post=11945"},{"taxonomy":"autores","embeddable":true,"href":"https:\/\/www.laertes.es\/ca\/wp-json\/wp\/v2\/autores?post=11945"},{"taxonomy":"formatos","embeddable":true,"href":"https:\/\/www.laertes.es\/ca\/wp-json\/wp\/v2\/formatos?post=11945"},{"taxonomy":"materias","embeddable":true,"href":"https:\/\/www.laertes.es\/ca\/wp-json\/wp\/v2\/materias?post=11945"}],"curies":[{"name":"wp","href":"https:\/\/api.w.org\/{rel}","templated":true}]}}