{"id":11939,"date":"2023-01-16T17:22:03","date_gmt":"2023-01-16T17:22:03","guid":{"rendered":"https:\/libro\/gargantua-i-pantagruel\/"},"modified":"2023-05-08T13:10:12","modified_gmt":"2023-05-08T13:10:12","slug":"gargantua-i-pantagruel","status":"publish","type":"product","link":"https:\/\/www.laertes.es\/ca\/llibre\/gargantua-i-pantagruel\/","title":{"rendered":"Gargantua i Pantagruel"},"content":{"rendered":"<p>El conjunt format per <em>Gargantua i Pantagruel<\/em> \u00e9s una de les obres capitals de la literatura universal i un dels cims de la comicitat, l&#8217;eina que empra Rabelais no tan sols per satiritzar la rutina mental i la hipocresia moral sin\u00f3 tamb\u00e9 i sobretot per dur a terme l&#8217;acte revolucionari de situar en el centre del m\u00f3n l&#8217;\u00e9sser hum\u00e0, no pas idealitzat sin\u00f3 dignificat en la seva realitat f\u00edsica. A trav\u00e9s de les aventures de Gargantua i Pantagruel, Rabelais atorga una visibilitat literalment gegantina a les funcions g\u00e0striques, glandulars i excrementals; enalteix els &#8220;baixos instints&#8221;, el sadollament, la secreci\u00f3 i excreci\u00f3 dels fluids corporals; construeix la narraci\u00f3 sobre gegantades, grolleries i acudits obscens i blasfems de taverna i de bordell, i tot aix\u00f2 ho transmuta en una meravellosa obra mestra liter\u00e0ria que dona forma al somni dels alquimistes: l&#8217;assoliment de la identitat de contraris, la uni\u00f3 dels extrems oposats, la s\u00edntesi d&#8217;all\u00f2 que \u00e9s &#8220;alt&#8221; i all\u00f2 que \u00e9s &#8220;baix&#8221;. Aquesta edici\u00f3, a c\u00e0rrec del narrador i assagista Emili Olcina, ofereix per primera vegada en catal\u00e0 el text \u00edntegre de <em>Gargantua i de Pantagruel<\/em>.<\/p>\n<p>El conjunt format per <em>Gargantua i Pantagruel<\/em> \u00e9s una de les obres capitals de la literatura universal i un dels cims de la comicitat, l&#8217;eina que empra Rabelais no tan sols per satiritzar la rutina mental i la hipocresia moral sin\u00f3 tamb\u00e9 i sobretot per dur a terme l&#8217;acte revolucionari de situar en el centre del m\u00f3n l&#8217;\u00e9sser hum\u00e0, no pas idealitzat sin\u00f3 dignificat en la seva realitat f\u00edsica. A trav\u00e9s de les aventures de Gargantua i Pantagruel, Rabelais atorga una visibilitat literalment gegantina a les funcions g\u00e0striques, glandulars i excrementals; enalteix els &#8220;baixos instints&#8221;, el sadollament, la secreci\u00f3 i excreci\u00f3 dels fluids corporals; construeix la narraci\u00f3 sobre gegantades, grolleries i acudits obscens i blasfems de taverna i de bordell, i tot aix\u00f2 ho transmuta en una meravellosa obra mestra liter\u00e0ria que dona forma al somni dels alquimistes: l&#8217;assoliment de la identitat de contraris, la uni\u00f3 dels extrems oposats, la s\u00edntesi d&#8217;all\u00f2 que \u00e9s &#8220;alt&#8221; i all\u00f2 que \u00e9s &#8220;baix&#8221;. Aquesta edici\u00f3, a c\u00e0rrec del narrador i assagista Emili Olcina, ofereix per primera vegada en catal\u00e0 el text \u00edntegre de <em>Gargantua i de Pantagruel<\/em>.<\/p>\n","protected":false},"excerpt":{"rendered":"<p>El conjunt format per Gargantua i Pantagruel \u00e9s una de les obres capitals de la literatura universal i un dels cims de la comicitat, l&#8217;eina que empra Rabelais no tan sols per satiritzar la rutina mental i la hipocresia moral sin\u00f3 tamb\u00e9 i sobretot per dur a terme l&#8217;acte revolucionari de situar en el centre del m\u00f3n l&#8217;\u00e9sser hum\u00e0, no pas idealitzat sin\u00f3 dignificat en la seva realitat f\u00edsica. A trav\u00e9s de les aventures de Gargantua i Pantagruel, Rabelais atorga una visibilitat literalment gegantina a les funcions g\u00e0striques, glandulars i excrementals; enalteix els &#8220;baixos instints&#8221;, el sadollament, la secreci\u00f3 i excreci\u00f3 dels fluids corporals; construeix la narraci\u00f3 sobre gegantades, grolleries i acudits obscens i blasfems de taverna i de bordell, i tot aix\u00f2 ho transmuta en una meravellosa obra mestra liter\u00e0ria que d\u00f3na forma al somni dels alquimistes: l&#8217;assoliment de la identitat de contraris, la uni\u00f3 dels extrems oposats, la s\u00edntesi d&#8217;all\u00f2 que \u00e9s &#8220;alt&#8221; i all\u00f2 que \u00e9s &#8220;baix&#8221;. Aquesta edici\u00f3, a c\u00e0rrec del narrador i assagista Emili Olcina, ofereix per primera vegada en catal\u00e0 el text \u00edntegre de Gargantua i de Pantagruel.<\/p>\n","protected":false},"featured_media":13660,"template":"","meta":[],"product_brand":[],"product_cat":[296],"product_tag":[693,893],"autores":[440],"formatos":[353,355],"materias":[356],"class_list":{"0":"post-11939","1":"product","2":"type-product","3":"status-publish","4":"has-post-thumbnail","6":"product_cat-larca-ca","7":"product_tag-comedia-ca","8":"product_tag-gegants-ca","9":"autores-rabelais-francois-ca","10":"formatos-ebook","11":"formatos-llibre","12":"materias-cuentos-clasicos-de-generos-fantasticos-ca","14":"first","15":"instock","16":"purchasable","17":"product-type-variable"},"yoast_head":"<!-- This site is optimized with the Yoast SEO plugin v27.4 - https:\/\/yoast.com\/product\/yoast-seo-wordpress\/ -->\n<title>Gargantua i Pantagruel | Laertes ediciones<\/title>\n<meta name=\"description\" content=\"El conjunt format per Gargantua i Pantagruel \u00e9s una de les obres capitals de la literatura universal i un dels cims de la comicitat.\" \/>\n<meta name=\"robots\" content=\"index, follow, max-snippet:-1, max-image-preview:large, max-video-preview:-1\" \/>\n<link rel=\"canonical\" href=\"https:\/\/www.laertes.es\/ca\/llibre\/gargantua-i-pantagruel\/\" \/>\n<meta property=\"og:locale\" content=\"ca_ES\" \/>\n<meta property=\"og:type\" content=\"article\" \/>\n<meta property=\"og:title\" content=\"Gargantua i Pantagruel | Laertes ediciones\" \/>\n<meta property=\"og:description\" content=\"El conjunt format per Gargantua i Pantagruel \u00e9s una de les obres capitals de la literatura universal i un dels cims de la comicitat.\" \/>\n<meta property=\"og:url\" content=\"https:\/\/www.laertes.es\/ca\/llibre\/gargantua-i-pantagruel\/\" \/>\n<meta property=\"og:site_name\" content=\"Laertes ediciones\" \/>\n<meta property=\"article:modified_time\" content=\"2023-05-08T13:10:12+00:00\" \/>\n<meta property=\"og:image\" content=\"https:\/\/www.laertes.es\/wp-content\/uploads\/2023\/01\/ARC087.webp\" \/>\n\t<meta property=\"og:image:width\" content=\"802\" \/>\n\t<meta property=\"og:image:height\" content=\"1200\" \/>\n\t<meta property=\"og:image:type\" content=\"image\/webp\" \/>\n<meta name=\"twitter:label1\" content=\"Temps estimat de lectura\" \/>\n\t<meta name=\"twitter:data1\" content=\"2 minuts\" \/>\n<script type=\"application\/ld+json\" class=\"yoast-schema-graph\">{\"@context\":\"https:\\\/\\\/schema.org\",\"@graph\":[{\"@type\":\"WebPage\",\"@id\":\"https:\\\/\\\/www.laertes.es\\\/ca\\\/llibre\\\/gargantua-i-pantagruel\\\/\",\"url\":\"https:\\\/\\\/www.laertes.es\\\/ca\\\/llibre\\\/gargantua-i-pantagruel\\\/\",\"name\":\"Gargantua i Pantagruel | Laertes ediciones\",\"isPartOf\":{\"@id\":\"https:\\\/\\\/www.laertes.es\\\/ca\\\/#website\"},\"primaryImageOfPage\":{\"@id\":\"https:\\\/\\\/www.laertes.es\\\/ca\\\/llibre\\\/gargantua-i-pantagruel\\\/#primaryimage\"},\"image\":{\"@id\":\"https:\\\/\\\/www.laertes.es\\\/ca\\\/llibre\\\/gargantua-i-pantagruel\\\/#primaryimage\"},\"thumbnailUrl\":\"https:\\\/\\\/www.laertes.es\\\/wp-content\\\/uploads\\\/2023\\\/01\\\/ARC087.webp\",\"datePublished\":\"2023-01-16T17:22:03+00:00\",\"dateModified\":\"2023-05-08T13:10:12+00:00\",\"description\":\"El conjunt format per Gargantua i Pantagruel \u00e9s una de les obres capitals de la literatura universal i un dels cims de la comicitat.\",\"breadcrumb\":{\"@id\":\"https:\\\/\\\/www.laertes.es\\\/ca\\\/llibre\\\/gargantua-i-pantagruel\\\/#breadcrumb\"},\"inLanguage\":\"ca\",\"potentialAction\":[{\"@type\":\"ReadAction\",\"target\":[\"https:\\\/\\\/www.laertes.es\\\/ca\\\/llibre\\\/gargantua-i-pantagruel\\\/\"]}]},{\"@type\":\"ImageObject\",\"inLanguage\":\"ca\",\"@id\":\"https:\\\/\\\/www.laertes.es\\\/ca\\\/llibre\\\/gargantua-i-pantagruel\\\/#primaryimage\",\"url\":\"https:\\\/\\\/www.laertes.es\\\/wp-content\\\/uploads\\\/2023\\\/01\\\/ARC087.webp\",\"contentUrl\":\"https:\\\/\\\/www.laertes.es\\\/wp-content\\\/uploads\\\/2023\\\/01\\\/ARC087.webp\",\"width\":802,\"height\":1200,\"caption\":\"Gargantua i Pantagruel\"},{\"@type\":\"BreadcrumbList\",\"@id\":\"https:\\\/\\\/www.laertes.es\\\/ca\\\/llibre\\\/gargantua-i-pantagruel\\\/#breadcrumb\",\"itemListElement\":[{\"@type\":\"ListItem\",\"position\":1,\"name\":\"Portada\",\"item\":\"https:\\\/\\\/www.laertes.es\\\/ca\\\/\"},{\"@type\":\"ListItem\",\"position\":2,\"name\":\"Tienda\",\"item\":\"https:\\\/\\\/www.laertes.es\\\/tienda\\\/\"},{\"@type\":\"ListItem\",\"position\":3,\"name\":\"Gargantua i Pantagruel\"}]},{\"@type\":\"WebSite\",\"@id\":\"https:\\\/\\\/www.laertes.es\\\/ca\\\/#website\",\"url\":\"https:\\\/\\\/www.laertes.es\\\/ca\\\/\",\"name\":\"Laertes Ediciones\",\"description\":\"Editorial independiente desde 1975\",\"alternateName\":\"Laertes\",\"potentialAction\":[{\"@type\":\"SearchAction\",\"target\":{\"@type\":\"EntryPoint\",\"urlTemplate\":\"https:\\\/\\\/www.laertes.es\\\/ca\\\/?s={search_term_string}\"},\"query-input\":{\"@type\":\"PropertyValueSpecification\",\"valueRequired\":true,\"valueName\":\"search_term_string\"}}],\"inLanguage\":\"ca\"}]}<\/script>\n<!-- \/ Yoast SEO plugin. -->","yoast_head_json":{"title":"Gargantua i Pantagruel | Laertes ediciones","description":"El conjunt format per Gargantua i Pantagruel \u00e9s una de les obres capitals de la literatura universal i un dels cims de la comicitat.","robots":{"index":"index","follow":"follow","max-snippet":"max-snippet:-1","max-image-preview":"max-image-preview:large","max-video-preview":"max-video-preview:-1"},"canonical":"https:\/\/www.laertes.es\/ca\/llibre\/gargantua-i-pantagruel\/","og_locale":"ca_ES","og_type":"article","og_title":"Gargantua i Pantagruel | Laertes ediciones","og_description":"El conjunt format per Gargantua i Pantagruel \u00e9s una de les obres capitals de la literatura universal i un dels cims de la comicitat.","og_url":"https:\/\/www.laertes.es\/ca\/llibre\/gargantua-i-pantagruel\/","og_site_name":"Laertes ediciones","article_modified_time":"2023-05-08T13:10:12+00:00","og_image":[{"width":802,"height":1200,"url":"https:\/\/www.laertes.es\/wp-content\/uploads\/2023\/01\/ARC087.webp","type":"image\/webp"}],"twitter_misc":{"Temps estimat de lectura":"2 minuts"},"schema":{"@context":"https:\/\/schema.org","@graph":[{"@type":"WebPage","@id":"https:\/\/www.laertes.es\/ca\/llibre\/gargantua-i-pantagruel\/","url":"https:\/\/www.laertes.es\/ca\/llibre\/gargantua-i-pantagruel\/","name":"Gargantua i Pantagruel | Laertes ediciones","isPartOf":{"@id":"https:\/\/www.laertes.es\/ca\/#website"},"primaryImageOfPage":{"@id":"https:\/\/www.laertes.es\/ca\/llibre\/gargantua-i-pantagruel\/#primaryimage"},"image":{"@id":"https:\/\/www.laertes.es\/ca\/llibre\/gargantua-i-pantagruel\/#primaryimage"},"thumbnailUrl":"https:\/\/www.laertes.es\/wp-content\/uploads\/2023\/01\/ARC087.webp","datePublished":"2023-01-16T17:22:03+00:00","dateModified":"2023-05-08T13:10:12+00:00","description":"El conjunt format per Gargantua i Pantagruel \u00e9s una de les obres capitals de la literatura universal i un dels cims de la comicitat.","breadcrumb":{"@id":"https:\/\/www.laertes.es\/ca\/llibre\/gargantua-i-pantagruel\/#breadcrumb"},"inLanguage":"ca","potentialAction":[{"@type":"ReadAction","target":["https:\/\/www.laertes.es\/ca\/llibre\/gargantua-i-pantagruel\/"]}]},{"@type":"ImageObject","inLanguage":"ca","@id":"https:\/\/www.laertes.es\/ca\/llibre\/gargantua-i-pantagruel\/#primaryimage","url":"https:\/\/www.laertes.es\/wp-content\/uploads\/2023\/01\/ARC087.webp","contentUrl":"https:\/\/www.laertes.es\/wp-content\/uploads\/2023\/01\/ARC087.webp","width":802,"height":1200,"caption":"Gargantua i Pantagruel"},{"@type":"BreadcrumbList","@id":"https:\/\/www.laertes.es\/ca\/llibre\/gargantua-i-pantagruel\/#breadcrumb","itemListElement":[{"@type":"ListItem","position":1,"name":"Portada","item":"https:\/\/www.laertes.es\/ca\/"},{"@type":"ListItem","position":2,"name":"Tienda","item":"https:\/\/www.laertes.es\/tienda\/"},{"@type":"ListItem","position":3,"name":"Gargantua i Pantagruel"}]},{"@type":"WebSite","@id":"https:\/\/www.laertes.es\/ca\/#website","url":"https:\/\/www.laertes.es\/ca\/","name":"Laertes Ediciones","description":"Editorial independiente desde 1975","alternateName":"Laertes","potentialAction":[{"@type":"SearchAction","target":{"@type":"EntryPoint","urlTemplate":"https:\/\/www.laertes.es\/ca\/?s={search_term_string}"},"query-input":{"@type":"PropertyValueSpecification","valueRequired":true,"valueName":"search_term_string"}}],"inLanguage":"ca"}]}},"_links":{"self":[{"href":"https:\/\/www.laertes.es\/ca\/wp-json\/wp\/v2\/product\/11939","targetHints":{"allow":["GET"]}}],"collection":[{"href":"https:\/\/www.laertes.es\/ca\/wp-json\/wp\/v2\/product"}],"about":[{"href":"https:\/\/www.laertes.es\/ca\/wp-json\/wp\/v2\/types\/product"}],"version-history":[{"count":2,"href":"https:\/\/www.laertes.es\/ca\/wp-json\/wp\/v2\/product\/11939\/revisions"}],"predecessor-version":[{"id":13663,"href":"https:\/\/www.laertes.es\/ca\/wp-json\/wp\/v2\/product\/11939\/revisions\/13663"}],"wp:featuredmedia":[{"embeddable":true,"href":"https:\/\/www.laertes.es\/ca\/wp-json\/wp\/v2\/media\/13660"}],"wp:attachment":[{"href":"https:\/\/www.laertes.es\/ca\/wp-json\/wp\/v2\/media?parent=11939"}],"wp:term":[{"taxonomy":"product_brand","embeddable":true,"href":"https:\/\/www.laertes.es\/ca\/wp-json\/wp\/v2\/product_brand?post=11939"},{"taxonomy":"product_cat","embeddable":true,"href":"https:\/\/www.laertes.es\/ca\/wp-json\/wp\/v2\/product_cat?post=11939"},{"taxonomy":"product_tag","embeddable":true,"href":"https:\/\/www.laertes.es\/ca\/wp-json\/wp\/v2\/product_tag?post=11939"},{"taxonomy":"autores","embeddable":true,"href":"https:\/\/www.laertes.es\/ca\/wp-json\/wp\/v2\/autores?post=11939"},{"taxonomy":"formatos","embeddable":true,"href":"https:\/\/www.laertes.es\/ca\/wp-json\/wp\/v2\/formatos?post=11939"},{"taxonomy":"materias","embeddable":true,"href":"https:\/\/www.laertes.es\/ca\/wp-json\/wp\/v2\/materias?post=11939"}],"curies":[{"name":"wp","href":"https:\/\/api.w.org\/{rel}","templated":true}]}}