{"id":11933,"date":"2023-01-16T17:22:03","date_gmt":"2023-01-16T17:22:03","guid":{"rendered":"https:\/libro\/planilandia\/"},"modified":"2023-05-08T13:14:30","modified_gmt":"2023-05-08T13:14:30","slug":"planilandia","status":"publish","type":"product","link":"https:\/\/www.laertes.es\/ca\/llibre\/planilandia\/","title":{"rendered":"Planil\u00e0ndia"},"content":{"rendered":"<h1>Planil\u00e0ndia<\/h1>\n<p>Benvinguts a Planil\u00e0ndia, el pa\u00eds de les dues dimensions. Benvinguts a les seves tradicions, a les seves lleis, a la seva religi\u00f3 i a la seva hist\u00f2ria, totes elles producte de la m\u00e9s estricta tradici\u00f3 angular que regeix les vides de cadascun dels seus poliedres; des de la del m\u00e9s miserable dels triangles irregulars fins a la del m\u00e9s savi dels Cercles. Aix\u00f2 s\u00ed: no poseu mai en dubte cap de les seves Veritats Matem\u00e0tiques, no goseu q\u00fcestionar la dimensionalitat de les coses, no us atreviu a somiar dimensions possibles. El pes de la llei pot caure sobre vostre de manera implacable\u2026 <em>Planil\u00e0ndia<\/em> \u00e9s una de les par\u00e0boles socials m\u00e9s enginyoses que s&#8217;han escrit. La condici\u00f3 bidimensional del m\u00f3n de Planil\u00e0ndia funciona com una efica\u00e7 s\u00e0tira de l&#8217;estretor de mires d&#8217;una societat regida per una elit satisfeta de si mateixa, el prestigi de la qual es fonamenta en la desigualtat m\u00e9s institucionalitzada. Despr\u00e9s de m\u00e9s de cent anys de la seva publicaci\u00f3, <em>Planil\u00e0ndia<\/em> \u00e9s un imprescindible relat de desbordant enginy matem\u00e0tic alhora que una inquietant i aguda s\u00e0tira social.<\/p>\n<p>Benvinguts a Planil\u00e0ndia, el pa\u00eds de les dues dimensions. Benvinguts a les seves tradicions, a les seves lleis, a la seva religi\u00f3 i a la seva hist\u00f2ria, totes elles producte de la m\u00e9s estricta tradici\u00f3 angular que regeix les vides de cadascun dels seus poliedres; des de la del m\u00e9s miserable dels triangles irregulars fins a la del m\u00e9s savi dels Cercles. Aix\u00f2 s\u00ed: no poseu mai en dubte cap de les seves Veritats Matem\u00e0tiques, no goseu q\u00fcestionar la dimensionalitat de les coses, no us atreviu a somiar dimensions possibles. El pes de la llei pot caure sobre vostre de manera implacable\u2026 <em>Planil\u00e0ndia<\/em> \u00e9s una de les par\u00e0boles socials m\u00e9s enginyoses que s&#8217;han escrit. La condici\u00f3 bidimensional del m\u00f3n de Planil\u00e0ndia funciona com una efica\u00e7 s\u00e0tira de l&#8217;estretor de mires d&#8217;una societat regida per una elit satisfeta de si mateixa, el prestigi de la qual es fonamenta en la desigualtat m\u00e9s institucionalitzada. Despr\u00e9s de m\u00e9s de cent anys de la seva publicaci\u00f3, <em>Planil\u00e0ndia<\/em> \u00e9s un imprescindible relat de desbordant enginy matem\u00e0tic alhora que una inquietant i aguda s\u00e0tira social.<\/p>\n","protected":false},"excerpt":{"rendered":"<p>Benvinguts a Planil\u00e0ndia, el pa\u00eds de les dues dimensions. Benvinguts a les seves tradicions, a les seves lleis, a la seva religi\u00f3 i a la seva hist\u00f2ria, totes elles producte de la m\u00e9s estricta tradici\u00f3 angular que regeix les vides de cadascun dels seus poliedres; des de la del m\u00e9s miserable dels triangles irregulars fins a la del m\u00e9s savi dels Cercles. Aix\u00f2 s\u00ed: no poseu mai en dubte cap de les seves Veritats Matem\u00e0tiques, no goseu q\u00fcestionar la dimensionalitat de les coses, no us atreviu a somiar dimensions possibles. El pes de la llei pot caure sobre vostre de manera implacable\u2026 Planil\u00e0ndia \u00e9s una de les par\u00e0boles socials m\u00e9s enginyoses que s&#8217;han escrit. La condici\u00f3 bidimensional del m\u00f3n de Planil\u00e0ndia funciona com una efica\u00e7 s\u00e0tira de l&#8217;estretor de mires d&#8217;una societat regida per una elit satisfeta de si mateixa, el prestigi de la qual es fonamenta en la desigualtat m\u00e9s institucionalitzada. Despr\u00e9s de m\u00e9s de cent anys de la seva publicaci\u00f3, Planil\u00e0ndia \u00e9s un imprescindible relat de desbordant enginy matem\u00e0tic alhora que una inquietant i aguda s\u00e0tira social.<\/p>\n","protected":false},"featured_media":13665,"template":"","meta":[],"product_brand":[],"product_cat":[296],"product_tag":[978,672,1120],"autores":[421],"formatos":[353,355],"materias":[356],"class_list":{"0":"post-11933","1":"product","2":"type-product","3":"status-publish","4":"has-post-thumbnail","6":"product_cat-larca-ca","7":"product_tag-educacio-ca","8":"product_tag-literatura-fantastica-ca","9":"product_tag-matematiques-ca","10":"autores-abbott-edwin-a-ca","11":"formatos-ebook","12":"formatos-llibre","13":"materias-cuentos-clasicos-de-generos-fantasticos-ca","15":"first","16":"instock","17":"purchasable","18":"product-type-variable"},"yoast_head":"<!-- This site is optimized with the Yoast SEO plugin v27.5 - https:\/\/yoast.com\/product\/yoast-seo-wordpress\/ -->\n<title>Planil\u00e0ndia | Laertes ediciones<\/title>\n<meta name=\"description\" content=\"Planil\u00e0ndia \u00e9s un imprescindible relat de desbordant enginy matem\u00e0tic alhora que una inquietant i aguda s\u00e0tira social. | Laertes ediciones\" \/>\n<meta name=\"robots\" content=\"index, follow, max-snippet:-1, max-image-preview:large, max-video-preview:-1\" \/>\n<link rel=\"canonical\" href=\"https:\/\/www.laertes.es\/ca\/llibre\/planilandia\/\" \/>\n<meta property=\"og:locale\" content=\"ca_ES\" \/>\n<meta property=\"og:type\" content=\"article\" \/>\n<meta property=\"og:title\" content=\"Planil\u00e0ndia | Laertes ediciones\" \/>\n<meta property=\"og:description\" content=\"Planil\u00e0ndia \u00e9s un imprescindible relat de desbordant enginy matem\u00e0tic alhora que una inquietant i aguda s\u00e0tira social. | Laertes ediciones\" \/>\n<meta property=\"og:url\" content=\"https:\/\/www.laertes.es\/ca\/llibre\/planilandia\/\" \/>\n<meta property=\"og:site_name\" content=\"Laertes ediciones\" \/>\n<meta property=\"article:modified_time\" content=\"2023-05-08T13:14:30+00:00\" \/>\n<meta property=\"og:image\" content=\"https:\/\/www.laertes.es\/wp-content\/uploads\/2023\/01\/ARC060.webp\" \/>\n\t<meta property=\"og:image:width\" content=\"802\" \/>\n\t<meta property=\"og:image:height\" content=\"1200\" \/>\n\t<meta property=\"og:image:type\" content=\"image\/webp\" \/>\n<meta name=\"twitter:label1\" content=\"Temps estimat de lectura\" \/>\n\t<meta name=\"twitter:data1\" content=\"2 minuts\" \/>\n<script type=\"application\/ld+json\" class=\"yoast-schema-graph\">{\"@context\":\"https:\\\/\\\/schema.org\",\"@graph\":[{\"@type\":\"WebPage\",\"@id\":\"https:\\\/\\\/www.laertes.es\\\/ca\\\/llibre\\\/planilandia\\\/\",\"url\":\"https:\\\/\\\/www.laertes.es\\\/ca\\\/llibre\\\/planilandia\\\/\",\"name\":\"Planil\u00e0ndia | Laertes ediciones\",\"isPartOf\":{\"@id\":\"https:\\\/\\\/www.laertes.es\\\/ca\\\/#website\"},\"primaryImageOfPage\":{\"@id\":\"https:\\\/\\\/www.laertes.es\\\/ca\\\/llibre\\\/planilandia\\\/#primaryimage\"},\"image\":{\"@id\":\"https:\\\/\\\/www.laertes.es\\\/ca\\\/llibre\\\/planilandia\\\/#primaryimage\"},\"thumbnailUrl\":\"https:\\\/\\\/www.laertes.es\\\/wp-content\\\/uploads\\\/2023\\\/01\\\/ARC060.webp\",\"datePublished\":\"2023-01-16T17:22:03+00:00\",\"dateModified\":\"2023-05-08T13:14:30+00:00\",\"description\":\"Planil\u00e0ndia \u00e9s un imprescindible relat de desbordant enginy matem\u00e0tic alhora que una inquietant i aguda s\u00e0tira social. | Laertes ediciones\",\"breadcrumb\":{\"@id\":\"https:\\\/\\\/www.laertes.es\\\/ca\\\/llibre\\\/planilandia\\\/#breadcrumb\"},\"inLanguage\":\"ca\",\"potentialAction\":[{\"@type\":\"ReadAction\",\"target\":[\"https:\\\/\\\/www.laertes.es\\\/ca\\\/llibre\\\/planilandia\\\/\"]}]},{\"@type\":\"ImageObject\",\"inLanguage\":\"ca\",\"@id\":\"https:\\\/\\\/www.laertes.es\\\/ca\\\/llibre\\\/planilandia\\\/#primaryimage\",\"url\":\"https:\\\/\\\/www.laertes.es\\\/wp-content\\\/uploads\\\/2023\\\/01\\\/ARC060.webp\",\"contentUrl\":\"https:\\\/\\\/www.laertes.es\\\/wp-content\\\/uploads\\\/2023\\\/01\\\/ARC060.webp\",\"width\":802,\"height\":1200,\"caption\":\"Planil\u00e0ndia\"},{\"@type\":\"BreadcrumbList\",\"@id\":\"https:\\\/\\\/www.laertes.es\\\/ca\\\/llibre\\\/planilandia\\\/#breadcrumb\",\"itemListElement\":[{\"@type\":\"ListItem\",\"position\":1,\"name\":\"Portada\",\"item\":\"https:\\\/\\\/www.laertes.es\\\/ca\\\/\"},{\"@type\":\"ListItem\",\"position\":2,\"name\":\"Tienda\",\"item\":\"https:\\\/\\\/www.laertes.es\\\/tienda\\\/\"},{\"@type\":\"ListItem\",\"position\":3,\"name\":\"Planil\u00e0ndia\"}]},{\"@type\":\"WebSite\",\"@id\":\"https:\\\/\\\/www.laertes.es\\\/ca\\\/#website\",\"url\":\"https:\\\/\\\/www.laertes.es\\\/ca\\\/\",\"name\":\"Laertes Ediciones\",\"description\":\"Editorial independiente desde 1975\",\"alternateName\":\"Laertes\",\"potentialAction\":[{\"@type\":\"SearchAction\",\"target\":{\"@type\":\"EntryPoint\",\"urlTemplate\":\"https:\\\/\\\/www.laertes.es\\\/ca\\\/?s={search_term_string}\"},\"query-input\":{\"@type\":\"PropertyValueSpecification\",\"valueRequired\":true,\"valueName\":\"search_term_string\"}}],\"inLanguage\":\"ca\"}]}<\/script>\n<!-- \/ Yoast SEO plugin. -->","yoast_head_json":{"title":"Planil\u00e0ndia | Laertes ediciones","description":"Planil\u00e0ndia \u00e9s un imprescindible relat de desbordant enginy matem\u00e0tic alhora que una inquietant i aguda s\u00e0tira social. | Laertes ediciones","robots":{"index":"index","follow":"follow","max-snippet":"max-snippet:-1","max-image-preview":"max-image-preview:large","max-video-preview":"max-video-preview:-1"},"canonical":"https:\/\/www.laertes.es\/ca\/llibre\/planilandia\/","og_locale":"ca_ES","og_type":"article","og_title":"Planil\u00e0ndia | Laertes ediciones","og_description":"Planil\u00e0ndia \u00e9s un imprescindible relat de desbordant enginy matem\u00e0tic alhora que una inquietant i aguda s\u00e0tira social. | Laertes ediciones","og_url":"https:\/\/www.laertes.es\/ca\/llibre\/planilandia\/","og_site_name":"Laertes ediciones","article_modified_time":"2023-05-08T13:14:30+00:00","og_image":[{"width":802,"height":1200,"url":"https:\/\/www.laertes.es\/wp-content\/uploads\/2023\/01\/ARC060.webp","type":"image\/webp"}],"twitter_misc":{"Temps estimat de lectura":"2 minuts"},"schema":{"@context":"https:\/\/schema.org","@graph":[{"@type":"WebPage","@id":"https:\/\/www.laertes.es\/ca\/llibre\/planilandia\/","url":"https:\/\/www.laertes.es\/ca\/llibre\/planilandia\/","name":"Planil\u00e0ndia | Laertes ediciones","isPartOf":{"@id":"https:\/\/www.laertes.es\/ca\/#website"},"primaryImageOfPage":{"@id":"https:\/\/www.laertes.es\/ca\/llibre\/planilandia\/#primaryimage"},"image":{"@id":"https:\/\/www.laertes.es\/ca\/llibre\/planilandia\/#primaryimage"},"thumbnailUrl":"https:\/\/www.laertes.es\/wp-content\/uploads\/2023\/01\/ARC060.webp","datePublished":"2023-01-16T17:22:03+00:00","dateModified":"2023-05-08T13:14:30+00:00","description":"Planil\u00e0ndia \u00e9s un imprescindible relat de desbordant enginy matem\u00e0tic alhora que una inquietant i aguda s\u00e0tira social. | Laertes ediciones","breadcrumb":{"@id":"https:\/\/www.laertes.es\/ca\/llibre\/planilandia\/#breadcrumb"},"inLanguage":"ca","potentialAction":[{"@type":"ReadAction","target":["https:\/\/www.laertes.es\/ca\/llibre\/planilandia\/"]}]},{"@type":"ImageObject","inLanguage":"ca","@id":"https:\/\/www.laertes.es\/ca\/llibre\/planilandia\/#primaryimage","url":"https:\/\/www.laertes.es\/wp-content\/uploads\/2023\/01\/ARC060.webp","contentUrl":"https:\/\/www.laertes.es\/wp-content\/uploads\/2023\/01\/ARC060.webp","width":802,"height":1200,"caption":"Planil\u00e0ndia"},{"@type":"BreadcrumbList","@id":"https:\/\/www.laertes.es\/ca\/llibre\/planilandia\/#breadcrumb","itemListElement":[{"@type":"ListItem","position":1,"name":"Portada","item":"https:\/\/www.laertes.es\/ca\/"},{"@type":"ListItem","position":2,"name":"Tienda","item":"https:\/\/www.laertes.es\/tienda\/"},{"@type":"ListItem","position":3,"name":"Planil\u00e0ndia"}]},{"@type":"WebSite","@id":"https:\/\/www.laertes.es\/ca\/#website","url":"https:\/\/www.laertes.es\/ca\/","name":"Laertes Ediciones","description":"Editorial independiente desde 1975","alternateName":"Laertes","potentialAction":[{"@type":"SearchAction","target":{"@type":"EntryPoint","urlTemplate":"https:\/\/www.laertes.es\/ca\/?s={search_term_string}"},"query-input":{"@type":"PropertyValueSpecification","valueRequired":true,"valueName":"search_term_string"}}],"inLanguage":"ca"}]}},"_links":{"self":[{"href":"https:\/\/www.laertes.es\/ca\/wp-json\/wp\/v2\/product\/11933","targetHints":{"allow":["GET"]}}],"collection":[{"href":"https:\/\/www.laertes.es\/ca\/wp-json\/wp\/v2\/product"}],"about":[{"href":"https:\/\/www.laertes.es\/ca\/wp-json\/wp\/v2\/types\/product"}],"version-history":[{"count":1,"href":"https:\/\/www.laertes.es\/ca\/wp-json\/wp\/v2\/product\/11933\/revisions"}],"predecessor-version":[{"id":13668,"href":"https:\/\/www.laertes.es\/ca\/wp-json\/wp\/v2\/product\/11933\/revisions\/13668"}],"wp:featuredmedia":[{"embeddable":true,"href":"https:\/\/www.laertes.es\/ca\/wp-json\/wp\/v2\/media\/13665"}],"wp:attachment":[{"href":"https:\/\/www.laertes.es\/ca\/wp-json\/wp\/v2\/media?parent=11933"}],"wp:term":[{"taxonomy":"product_brand","embeddable":true,"href":"https:\/\/www.laertes.es\/ca\/wp-json\/wp\/v2\/product_brand?post=11933"},{"taxonomy":"product_cat","embeddable":true,"href":"https:\/\/www.laertes.es\/ca\/wp-json\/wp\/v2\/product_cat?post=11933"},{"taxonomy":"product_tag","embeddable":true,"href":"https:\/\/www.laertes.es\/ca\/wp-json\/wp\/v2\/product_tag?post=11933"},{"taxonomy":"autores","embeddable":true,"href":"https:\/\/www.laertes.es\/ca\/wp-json\/wp\/v2\/autores?post=11933"},{"taxonomy":"formatos","embeddable":true,"href":"https:\/\/www.laertes.es\/ca\/wp-json\/wp\/v2\/formatos?post=11933"},{"taxonomy":"materias","embeddable":true,"href":"https:\/\/www.laertes.es\/ca\/wp-json\/wp\/v2\/materias?post=11933"}],"curies":[{"name":"wp","href":"https:\/\/api.w.org\/{rel}","templated":true}]}}