{"id":11927,"date":"2023-01-16T17:22:11","date_gmt":"2023-01-16T17:22:11","guid":{"rendered":"https:\/libro\/lhorror-de-dunwic\/"},"modified":"2023-05-09T08:53:05","modified_gmt":"2023-05-09T08:53:05","slug":"horror-de-dunwich","status":"publish","type":"product","link":"https:\/\/www.laertes.es\/ca\/llibre\/horror-de-dunwich\/","title":{"rendered":"L&#8217;horror de Dunwich"},"content":{"rendered":"<h1>L&#8217;horror de Dunwich<\/h1>\n<p style=\"text-align: justify\">L&#8217;horror de Dunwich En el poblet de Dunwich, Massachusetts, neix i creix Wilbur Whateley, una criatura horrible que des de ben petit t\u00e9 atemorits persones i animals. Instru\u00eft pel seu avi en la m\u00e0gia negra i la bruixeria, voldr\u00e0 accedir als coneixements d&#8217;un llibre prohibit, el Necronomicon, per obrir el portal dimensional que permeti el retorn de Yog-Sothoth, i aix\u00ed propiciar l&#8217;apocalipsi. Tres professors de la Universitat d&#8217;Arkham, per\u00f2, provaran d&#8217;impedir-ho, a risc de perdre-hi la vida&#8230; i el seny. Publicat per primer cop el 1929 a la revista Weird Tales, \u00abL&#8217;horror de Dunwich\u00bb \u00e9s un dels \u00abgrans textos\u00bb de Lovecraft i una de les peces centrals dels seus c\u00e8lebres Mites de Cthulhu.<\/p>\n<p style=\"text-align: center\">\u00abEls millors relats d&#8217;H. P. Lovecraft s\u00f3n el m\u00e9s terror\u00edfic que ha donat la literatura nord-americana, i conserven intacte tot el seu poder.\u00bb<br \/>\nStephen King<\/p>\n<p style=\"text-align: justify\">En el poblet de Dunwich, Massachusetts, neix i creix Wilbur Whateley, una criatura horrible que des de ben petit t\u00e9 atemorits persones i animals. Instru\u00eft pel seu avi en la m\u00e0gia negra i la bruixeria, voldr\u00e0 accedir als coneixements d&#8217;un llibre prohibit, el Necronomicon, per obrir el portal dimensional que permeti el retorn de Yog-Sothoth, i aix\u00ed propiciar l&#8217;apocalipsi. Tres professors de la Universitat d&#8217;Arkham, per\u00f2, provaran d&#8217;impedir-ho, a risc de perdre-hi la vida&#8230; i el seny. Publicat per primer cop el 1929 a la revista Weird Tales, \u00abL&#8217;horror de Dunwich\u00bb \u00e9s un dels \u00abgrans textos\u00bb de Lovecraft i una de les peces centrals dels seus c\u00e8lebres Mites de Cthulhu.<\/p>\n<p style=\"text-align: center\">\u00abEls millors relats d&#8217;H. P. Lovecraft s\u00f3n el m\u00e9s terror\u00edfic que ha donat la literatura nord-americana, i conserven intacte tot el seu poder.\u00bb<br \/>\nStephen King<\/p>\n<p style=\"text-align: justify\">En el poblet de Dunwich, Massachusetts, neix i creix Wilbur Whateley, una criatura horrible que des de ben petit t\u00e9 atemorits persones i animals. Instru\u00eft pel seu avi en la m\u00e0gia negra i la bruixeria, voldr\u00e0 accedir als coneixements d&#8217;un llibre prohibit, el Necronomicon, per obrir el portal dimensional que permeti el retorn de Yog-Sothoth, i aix\u00ed propiciar l&#8217;apocalipsi. Tres professors de la Universitat d&#8217;Arkham, per\u00f2, provaran d&#8217;impedir-ho, a risc de perdre-hi la vida&#8230; i el seny. Publicat per primer cop el 1929 a la revista Weird Tales, \u00abL&#8217;horror de Dunwich\u00bb \u00e9s un dels \u00abgrans textos\u00bb de Lovecraft i una de les peces centrals dels seus c\u00e8lebres Mites de Cthulhu.<\/p>\n<p style=\"text-align: center\">\u00abEls millors relats d&#8217;H. P. Lovecraft s\u00f3n el m\u00e9s terror\u00edfic que ha donat la literatura nord-americana, i conserven intacte tot el seu poder.\u00bb<br \/>\nStephen King<\/p>\n","protected":false},"excerpt":{"rendered":"<p>En el poblet de Dunwich, Massachusetts, neix i creix Wilbur Whateley, una criatura horrible que des de ben petit t\u00e9 atemorits persones i animals. Instru\u00eft pel seu avi en la m\u00e0gia negra i la bruixeria, voldr\u00e0 accedir als coneixements d&#8217;un llibre prohibit, el Necronomicon, per obrir el portal dimensional que permeti el retorn de Yog-Sothoth, i aix\u00ed propiciar l&#8217;apocalipsi. Tres professors de la Universitat d&#8217;Arkham, per\u00f2, provaran d&#8217;impedir-ho, a risc de perdre-hi la vida&#8230; i el seny. Publicat per primer cop el 1929 a la revista Weird Tales, \u00abL&#8217;horror de Dunwich\u00bb \u00e9s un dels \u00abgrans textos\u00bb de Lovecraft i una de les peces centrals dels seus c\u00e8lebres Mites de Cthulhu.<br \/>\n\u00abEls millors relats d&#8217;H. P. Lovecraft s\u00f3n el m\u00e9s terror\u00edfic que ha donat la literatura nord-americana, i conserven intacte tot el seu poder.\u00bb<br \/>\nStephen King<\/p>\n","protected":false},"featured_media":13395,"template":"","meta":[],"product_brand":[],"product_cat":[296],"product_tag":[714,677,673],"autores":[396],"formatos":[353,355],"materias":[356],"class_list":{"0":"post-11927","1":"product","2":"type-product","3":"status-publish","4":"has-post-thumbnail","6":"product_cat-larca-ca","7":"product_tag-lovecraft-ca","8":"product_tag-misteri-ca","9":"product_tag-terror-ca","10":"autores-lovecraft-howard-phillips-ca","11":"formatos-ebook","12":"formatos-llibre","13":"materias-cuentos-clasicos-de-generos-fantasticos-ca","15":"first","16":"instock","17":"purchasable","18":"product-type-variable"},"yoast_head":"<!-- This site is optimized with the Yoast SEO plugin v27.3 - https:\/\/yoast.com\/product\/yoast-seo-wordpress\/ -->\n<title>L&#039;horror de Dunwich | Laertes ediciones<\/title>\n<meta name=\"description\" content=\"L&#039;horror de Dunwich | En el poblet de Dunwich neix i creix Wilbur Whateley, una criatura horrible que des de ben petit t\u00e9 atemorits persones i animals.\" \/>\n<meta name=\"robots\" content=\"index, follow, max-snippet:-1, max-image-preview:large, max-video-preview:-1\" \/>\n<link rel=\"canonical\" href=\"https:\/\/www.laertes.es\/ca\/llibre\/horror-de-dunwich\/\" \/>\n<meta property=\"og:locale\" content=\"ca_ES\" \/>\n<meta property=\"og:type\" content=\"article\" \/>\n<meta property=\"og:title\" content=\"L&#039;horror de Dunwich | Laertes ediciones\" \/>\n<meta property=\"og:description\" content=\"L&#039;horror de Dunwich | En el poblet de Dunwich neix i creix Wilbur Whateley, una criatura horrible que des de ben petit t\u00e9 atemorits persones i animals.\" \/>\n<meta property=\"og:url\" content=\"https:\/\/www.laertes.es\/ca\/llibre\/horror-de-dunwich\/\" \/>\n<meta property=\"og:site_name\" content=\"Laertes ediciones\" \/>\n<meta property=\"article:modified_time\" content=\"2023-05-09T08:53:05+00:00\" \/>\n<meta property=\"og:image\" content=\"https:\/\/www.laertes.es\/wp-content\/uploads\/2023\/01\/ARC101.webp\" \/>\n\t<meta property=\"og:image:width\" content=\"802\" \/>\n\t<meta property=\"og:image:height\" content=\"1200\" \/>\n\t<meta property=\"og:image:type\" content=\"image\/webp\" \/>\n<meta name=\"twitter:label1\" content=\"Temps estimat de lectura\" \/>\n\t<meta name=\"twitter:data1\" content=\"2 minuts\" \/>\n<script type=\"application\/ld+json\" class=\"yoast-schema-graph\">{\"@context\":\"https:\\\/\\\/schema.org\",\"@graph\":[{\"@type\":\"WebPage\",\"@id\":\"https:\\\/\\\/www.laertes.es\\\/ca\\\/llibre\\\/horror-de-dunwich\\\/\",\"url\":\"https:\\\/\\\/www.laertes.es\\\/ca\\\/llibre\\\/horror-de-dunwich\\\/\",\"name\":\"L'horror de Dunwich | Laertes ediciones\",\"isPartOf\":{\"@id\":\"https:\\\/\\\/www.laertes.es\\\/ca\\\/#website\"},\"primaryImageOfPage\":{\"@id\":\"https:\\\/\\\/www.laertes.es\\\/ca\\\/llibre\\\/horror-de-dunwich\\\/#primaryimage\"},\"image\":{\"@id\":\"https:\\\/\\\/www.laertes.es\\\/ca\\\/llibre\\\/horror-de-dunwich\\\/#primaryimage\"},\"thumbnailUrl\":\"https:\\\/\\\/www.laertes.es\\\/wp-content\\\/uploads\\\/2023\\\/01\\\/ARC101.webp\",\"datePublished\":\"2023-01-16T17:22:11+00:00\",\"dateModified\":\"2023-05-09T08:53:05+00:00\",\"description\":\"L'horror de Dunwich | En el poblet de Dunwich neix i creix Wilbur Whateley, una criatura horrible que des de ben petit t\u00e9 atemorits persones i animals.\",\"breadcrumb\":{\"@id\":\"https:\\\/\\\/www.laertes.es\\\/ca\\\/llibre\\\/horror-de-dunwich\\\/#breadcrumb\"},\"inLanguage\":\"ca\",\"potentialAction\":[{\"@type\":\"ReadAction\",\"target\":[\"https:\\\/\\\/www.laertes.es\\\/ca\\\/llibre\\\/horror-de-dunwich\\\/\"]}]},{\"@type\":\"ImageObject\",\"inLanguage\":\"ca\",\"@id\":\"https:\\\/\\\/www.laertes.es\\\/ca\\\/llibre\\\/horror-de-dunwich\\\/#primaryimage\",\"url\":\"https:\\\/\\\/www.laertes.es\\\/wp-content\\\/uploads\\\/2023\\\/01\\\/ARC101.webp\",\"contentUrl\":\"https:\\\/\\\/www.laertes.es\\\/wp-content\\\/uploads\\\/2023\\\/01\\\/ARC101.webp\",\"width\":802,\"height\":1200,\"caption\":\"L'horror de Dunwich\"},{\"@type\":\"BreadcrumbList\",\"@id\":\"https:\\\/\\\/www.laertes.es\\\/ca\\\/llibre\\\/horror-de-dunwich\\\/#breadcrumb\",\"itemListElement\":[{\"@type\":\"ListItem\",\"position\":1,\"name\":\"Portada\",\"item\":\"https:\\\/\\\/www.laertes.es\\\/ca\\\/\"},{\"@type\":\"ListItem\",\"position\":2,\"name\":\"Tienda\",\"item\":\"https:\\\/\\\/www.laertes.es\\\/tienda\\\/\"},{\"@type\":\"ListItem\",\"position\":3,\"name\":\"L&#8217;horror de Dunwich\"}]},{\"@type\":\"WebSite\",\"@id\":\"https:\\\/\\\/www.laertes.es\\\/ca\\\/#website\",\"url\":\"https:\\\/\\\/www.laertes.es\\\/ca\\\/\",\"name\":\"Laertes Ediciones\",\"description\":\"Editorial independiente desde 1975\",\"alternateName\":\"Laertes\",\"potentialAction\":[{\"@type\":\"SearchAction\",\"target\":{\"@type\":\"EntryPoint\",\"urlTemplate\":\"https:\\\/\\\/www.laertes.es\\\/ca\\\/?s={search_term_string}\"},\"query-input\":{\"@type\":\"PropertyValueSpecification\",\"valueRequired\":true,\"valueName\":\"search_term_string\"}}],\"inLanguage\":\"ca\"}]}<\/script>\n<!-- \/ Yoast SEO plugin. -->","yoast_head_json":{"title":"L'horror de Dunwich | Laertes ediciones","description":"L'horror de Dunwich | En el poblet de Dunwich neix i creix Wilbur Whateley, una criatura horrible que des de ben petit t\u00e9 atemorits persones i animals.","robots":{"index":"index","follow":"follow","max-snippet":"max-snippet:-1","max-image-preview":"max-image-preview:large","max-video-preview":"max-video-preview:-1"},"canonical":"https:\/\/www.laertes.es\/ca\/llibre\/horror-de-dunwich\/","og_locale":"ca_ES","og_type":"article","og_title":"L'horror de Dunwich | Laertes ediciones","og_description":"L'horror de Dunwich | En el poblet de Dunwich neix i creix Wilbur Whateley, una criatura horrible que des de ben petit t\u00e9 atemorits persones i animals.","og_url":"https:\/\/www.laertes.es\/ca\/llibre\/horror-de-dunwich\/","og_site_name":"Laertes ediciones","article_modified_time":"2023-05-09T08:53:05+00:00","og_image":[{"width":802,"height":1200,"url":"https:\/\/www.laertes.es\/wp-content\/uploads\/2023\/01\/ARC101.webp","type":"image\/webp"}],"twitter_misc":{"Temps estimat de lectura":"2 minuts"},"schema":{"@context":"https:\/\/schema.org","@graph":[{"@type":"WebPage","@id":"https:\/\/www.laertes.es\/ca\/llibre\/horror-de-dunwich\/","url":"https:\/\/www.laertes.es\/ca\/llibre\/horror-de-dunwich\/","name":"L'horror de Dunwich | Laertes ediciones","isPartOf":{"@id":"https:\/\/www.laertes.es\/ca\/#website"},"primaryImageOfPage":{"@id":"https:\/\/www.laertes.es\/ca\/llibre\/horror-de-dunwich\/#primaryimage"},"image":{"@id":"https:\/\/www.laertes.es\/ca\/llibre\/horror-de-dunwich\/#primaryimage"},"thumbnailUrl":"https:\/\/www.laertes.es\/wp-content\/uploads\/2023\/01\/ARC101.webp","datePublished":"2023-01-16T17:22:11+00:00","dateModified":"2023-05-09T08:53:05+00:00","description":"L'horror de Dunwich | En el poblet de Dunwich neix i creix Wilbur Whateley, una criatura horrible que des de ben petit t\u00e9 atemorits persones i animals.","breadcrumb":{"@id":"https:\/\/www.laertes.es\/ca\/llibre\/horror-de-dunwich\/#breadcrumb"},"inLanguage":"ca","potentialAction":[{"@type":"ReadAction","target":["https:\/\/www.laertes.es\/ca\/llibre\/horror-de-dunwich\/"]}]},{"@type":"ImageObject","inLanguage":"ca","@id":"https:\/\/www.laertes.es\/ca\/llibre\/horror-de-dunwich\/#primaryimage","url":"https:\/\/www.laertes.es\/wp-content\/uploads\/2023\/01\/ARC101.webp","contentUrl":"https:\/\/www.laertes.es\/wp-content\/uploads\/2023\/01\/ARC101.webp","width":802,"height":1200,"caption":"L'horror de Dunwich"},{"@type":"BreadcrumbList","@id":"https:\/\/www.laertes.es\/ca\/llibre\/horror-de-dunwich\/#breadcrumb","itemListElement":[{"@type":"ListItem","position":1,"name":"Portada","item":"https:\/\/www.laertes.es\/ca\/"},{"@type":"ListItem","position":2,"name":"Tienda","item":"https:\/\/www.laertes.es\/tienda\/"},{"@type":"ListItem","position":3,"name":"L&#8217;horror de Dunwich"}]},{"@type":"WebSite","@id":"https:\/\/www.laertes.es\/ca\/#website","url":"https:\/\/www.laertes.es\/ca\/","name":"Laertes Ediciones","description":"Editorial independiente desde 1975","alternateName":"Laertes","potentialAction":[{"@type":"SearchAction","target":{"@type":"EntryPoint","urlTemplate":"https:\/\/www.laertes.es\/ca\/?s={search_term_string}"},"query-input":{"@type":"PropertyValueSpecification","valueRequired":true,"valueName":"search_term_string"}}],"inLanguage":"ca"}]}},"_links":{"self":[{"href":"https:\/\/www.laertes.es\/ca\/wp-json\/wp\/v2\/product\/11927","targetHints":{"allow":["GET"]}}],"collection":[{"href":"https:\/\/www.laertes.es\/ca\/wp-json\/wp\/v2\/product"}],"about":[{"href":"https:\/\/www.laertes.es\/ca\/wp-json\/wp\/v2\/types\/product"}],"version-history":[{"count":2,"href":"https:\/\/www.laertes.es\/ca\/wp-json\/wp\/v2\/product\/11927\/revisions"}],"predecessor-version":[{"id":13397,"href":"https:\/\/www.laertes.es\/ca\/wp-json\/wp\/v2\/product\/11927\/revisions\/13397"}],"wp:featuredmedia":[{"embeddable":true,"href":"https:\/\/www.laertes.es\/ca\/wp-json\/wp\/v2\/media\/13395"}],"wp:attachment":[{"href":"https:\/\/www.laertes.es\/ca\/wp-json\/wp\/v2\/media?parent=11927"}],"wp:term":[{"taxonomy":"product_brand","embeddable":true,"href":"https:\/\/www.laertes.es\/ca\/wp-json\/wp\/v2\/product_brand?post=11927"},{"taxonomy":"product_cat","embeddable":true,"href":"https:\/\/www.laertes.es\/ca\/wp-json\/wp\/v2\/product_cat?post=11927"},{"taxonomy":"product_tag","embeddable":true,"href":"https:\/\/www.laertes.es\/ca\/wp-json\/wp\/v2\/product_tag?post=11927"},{"taxonomy":"autores","embeddable":true,"href":"https:\/\/www.laertes.es\/ca\/wp-json\/wp\/v2\/autores?post=11927"},{"taxonomy":"formatos","embeddable":true,"href":"https:\/\/www.laertes.es\/ca\/wp-json\/wp\/v2\/formatos?post=11927"},{"taxonomy":"materias","embeddable":true,"href":"https:\/\/www.laertes.es\/ca\/wp-json\/wp\/v2\/materias?post=11927"}],"curies":[{"name":"wp","href":"https:\/\/api.w.org\/{rel}","templated":true}]}}