{"id":11925,"date":"2023-01-24T15:06:23","date_gmt":"2023-01-24T15:06:23","guid":{"rendered":"https:\/libro\/a-les-muntanyes-de-la-follia\/"},"modified":"2023-05-06T05:56:36","modified_gmt":"2023-05-06T05:56:36","slug":"a-les-muntanyes-de-la-follia","status":"publish","type":"product","link":"https:\/\/www.laertes.es\/ca\/llibre\/a-les-muntanyes-de-la-follia\/","title":{"rendered":"A les muntanyes de la follia"},"content":{"rendered":"<h1 style=\"text-align: justify\"><em>A les muntanyes de la follia <\/em><\/h1>\n<p style=\"text-align: justify\"><em>A les muntanyes de la follia <\/em>\u00abI tot d&#8217;una ens vei\u00e9rem precipitats en l&#8217;abra\u00e7ada de la cascada i un abisme s&#8217;obr\u00ed en ella per a rebre&#8217;ns. Per\u00f2 sorg\u00ed al nostre pas una figura humana velada, les proporcions de la qual eren molt m\u00e9s grans que les de qualsevol habitant de la terra. I la pell d&#8217;aquella figura tenia la perfecta blancor de la neu&#8230;\u00bb<\/p>\n<p style=\"text-align: justify\">Els misteriosos i suggestius punts suspensius amb qu\u00e8 acaba l&#8217;estranya i fascinant narraci\u00f3 de<em> Les aventures d&#8217;Arthur Gordon Pym<\/em> (1838) han inquietat molts cr\u00edtics i han temptat de manera irresistible encara m\u00e9s escriptors. Mentre que Jules Veme, a <em>Le sphinx des glaces<\/em>, intenta d&#8217;aclarir-ne el misteri i proporciona un final a l&#8217;enigma de Poe, H. P. Lovecraft no cau en aquest error i dona una continu\u00eftat a all\u00f2 que en el gran mestre nord-americ\u00e0 restava susp\u00e8s en l&#8217;horror fant\u00e0stic, mitjan\u00e7ant l&#8217;enfrontament entre el blanc i el negre. Efectivament, amb <em>A les muntanyes de la follia<\/em>, Lovecraft aconsegueix una excel\u00b7lent novel\u00b7la a meitat de cam\u00ed entre la novel\u00b7la de terror decimon\u00f2nic i la ja consolidada novel\u00b7la de ci\u00e8ncia-ficci\u00f3.<\/p>\n<p style=\"text-align: justify\">\u00abI tot d&#8217;una ens vei\u00e9rem precipitats en l&#8217;abra\u00e7ada de la cascada i un abisme s&#8217;obr\u00ed en ella per a rebre&#8217;ns. Per\u00f2 sorg\u00ed al nostre pas una figura humana velada, les proporcions de la qual eren molt m\u00e9s grans que les de qualsevol habitant de la terra. I la pell d&#8217;aquella figura tenia la perfecta blancor de la neu&#8230;\u00bb<\/p>\n<p style=\"text-align: justify\">Els misteriosos i suggestius punts suspensius amb qu\u00e8 acaba l&#8217;estranya i fascinant narraci\u00f3 de<em> Les aventures d&#8217;Arthur Gordon Pym<\/em> (1838) han inquietat molts cr\u00edtics i han temptat de manera irresistible encara m\u00e9s escriptors. Mentre que Jules Veme, a <em>Le sphinx des glaces<\/em>, intenta d&#8217;aclarir-ne el misteri i proporciona un final a l&#8217;enigma de Poe, H. P. Lovecraft no cau en aquest error i dona una continu\u00eftat a all\u00f2 que en el gran mestre nord-americ\u00e0 restava susp\u00e8s en l&#8217;horror fant\u00e0stic, mitjan\u00e7ant l&#8217;enfrontament entre el blanc i el negre. Efectivament, amb <em>A les muntanyes de la follia<\/em>, Lovecraft aconsegueix una excel\u00b7lent novel\u00b7la a meitat de cam\u00ed entre la novel\u00b7la de terror decimon\u00f2nic i la ja consolidada novel\u00b7la de ci\u00e8ncia-ficci\u00f3.<\/p>\n","protected":false},"excerpt":{"rendered":"<p>\u00abI tot d&#8217;una ens vei\u00e9rem precipitats en l&#8217;abra\u00e7ada de la cascada i un abisme s&#8217;obr\u00ed en ella per a rebre&#8217;ns. Per\u00f2 sorg\u00ed al nostre pas una figura humana velada, les proporcions de la qual eren molt m\u00e9s grans que les de qualsevol habitant de la terra. I la pell d&#8217;aquella figura tenia la perfecta blancor de la neu&#8230;\u00bb Els misteriosos i suggestius punts suspensius amb qu\u00e8 acaba l&#8217;estranya i fascinant narraci\u00f3 de Les aventures d&#8217;Arthur Gordon Pym (1838) han inquietat molts cr\u00edtics i han temptat de manera irresistible encara m\u00e9s escriptors. Mentre que Jules Veme, a Le sphinx des glaces, intenta d&#8217;aclarir-ne el misteri i proporciona un final a l&#8217;enigma de Poe, H. P. Lovecraft no cau en aquest error i dona una continu\u00eftat a all\u00f2 que en el gran mestre nord-americ\u00e0 restava susp\u00e8s en l&#8217;horror fant\u00e0stic, mitjan\u00e7ant l&#8217;enfrontament entre el blanc i el negre. Efectivament, amb A les muntanyes de la follia, Lovecraft aconsegueix una excel\u00b7lent novel\u00b7la a meitat de cam\u00ed entre la novel\u00b7la de terror decimon\u00f2nica i la ja consolidada novel\u00b7la de ci\u00e8ncia-ficci\u00f3.<\/p>\n","protected":false},"featured_media":13414,"template":"","meta":[],"product_brand":[],"product_cat":[296],"product_tag":[672,985,714,673],"autores":[396],"formatos":[355],"materias":[357],"class_list":{"0":"post-11925","1":"product","2":"type-product","3":"status-publish","4":"has-post-thumbnail","6":"product_cat-larca-ca","7":"product_tag-literatura-fantastica-ca","8":"product_tag-literatura-sobrenatural-ca","9":"product_tag-lovecraft-ca","10":"product_tag-terror-ca","11":"autores-lovecraft-howard-phillips-ca","12":"formatos-llibre","13":"materias-terror-ca-ca","15":"first","16":"instock","17":"purchasable","18":"product-type-simple"},"yoast_head":"<!-- This site is optimized with the Yoast SEO plugin v27.3 - https:\/\/yoast.com\/product\/yoast-seo-wordpress\/ -->\n<title>A les muntanyes de la follia | Laertes ediciones<\/title>\n<meta name=\"description\" content=\"A les muntanyes de la follia, Lovecraft aconsegueix una excel\u00b7lent novel\u00b7la a meitat de cam\u00ed entre la novel\u00b7la de terror decimon\u00f2nic i la ci\u00e8ncia-ficci\u00f3.\" \/>\n<meta name=\"robots\" content=\"index, follow, max-snippet:-1, max-image-preview:large, max-video-preview:-1\" \/>\n<link rel=\"canonical\" href=\"https:\/\/www.laertes.es\/ca\/llibre\/a-les-muntanyes-de-la-follia\/\" \/>\n<meta property=\"og:locale\" content=\"ca_ES\" \/>\n<meta property=\"og:type\" content=\"article\" \/>\n<meta property=\"og:title\" content=\"A les muntanyes de la follia | Laertes ediciones\" \/>\n<meta property=\"og:description\" content=\"A les muntanyes de la follia, Lovecraft aconsegueix una excel\u00b7lent novel\u00b7la a meitat de cam\u00ed entre la novel\u00b7la de terror decimon\u00f2nic i la ci\u00e8ncia-ficci\u00f3.\" \/>\n<meta property=\"og:url\" content=\"https:\/\/www.laertes.es\/ca\/llibre\/a-les-muntanyes-de-la-follia\/\" \/>\n<meta property=\"og:site_name\" content=\"Laertes ediciones\" \/>\n<meta property=\"article:modified_time\" content=\"2023-05-06T05:56:36+00:00\" \/>\n<meta property=\"og:image\" content=\"https:\/\/www.laertes.es\/wp-content\/uploads\/2023\/01\/ARC013.webp\" \/>\n\t<meta property=\"og:image:width\" content=\"802\" \/>\n\t<meta property=\"og:image:height\" content=\"1200\" \/>\n\t<meta property=\"og:image:type\" content=\"image\/webp\" \/>\n<meta name=\"twitter:label1\" content=\"Temps estimat de lectura\" \/>\n\t<meta name=\"twitter:data1\" content=\"2 minuts\" \/>\n<script type=\"application\/ld+json\" class=\"yoast-schema-graph\">{\"@context\":\"https:\\\/\\\/schema.org\",\"@graph\":[{\"@type\":\"WebPage\",\"@id\":\"https:\\\/\\\/www.laertes.es\\\/ca\\\/llibre\\\/a-les-muntanyes-de-la-follia\\\/\",\"url\":\"https:\\\/\\\/www.laertes.es\\\/ca\\\/llibre\\\/a-les-muntanyes-de-la-follia\\\/\",\"name\":\"A les muntanyes de la follia | Laertes ediciones\",\"isPartOf\":{\"@id\":\"https:\\\/\\\/www.laertes.es\\\/ca\\\/#website\"},\"primaryImageOfPage\":{\"@id\":\"https:\\\/\\\/www.laertes.es\\\/ca\\\/llibre\\\/a-les-muntanyes-de-la-follia\\\/#primaryimage\"},\"image\":{\"@id\":\"https:\\\/\\\/www.laertes.es\\\/ca\\\/llibre\\\/a-les-muntanyes-de-la-follia\\\/#primaryimage\"},\"thumbnailUrl\":\"https:\\\/\\\/www.laertes.es\\\/wp-content\\\/uploads\\\/2023\\\/01\\\/ARC013.webp\",\"datePublished\":\"2023-01-24T15:06:23+00:00\",\"dateModified\":\"2023-05-06T05:56:36+00:00\",\"description\":\"A les muntanyes de la follia, Lovecraft aconsegueix una excel\u00b7lent novel\u00b7la a meitat de cam\u00ed entre la novel\u00b7la de terror decimon\u00f2nic i la ci\u00e8ncia-ficci\u00f3.\",\"breadcrumb\":{\"@id\":\"https:\\\/\\\/www.laertes.es\\\/ca\\\/llibre\\\/a-les-muntanyes-de-la-follia\\\/#breadcrumb\"},\"inLanguage\":\"ca\",\"potentialAction\":[{\"@type\":\"ReadAction\",\"target\":[\"https:\\\/\\\/www.laertes.es\\\/ca\\\/llibre\\\/a-les-muntanyes-de-la-follia\\\/\"]}]},{\"@type\":\"ImageObject\",\"inLanguage\":\"ca\",\"@id\":\"https:\\\/\\\/www.laertes.es\\\/ca\\\/llibre\\\/a-les-muntanyes-de-la-follia\\\/#primaryimage\",\"url\":\"https:\\\/\\\/www.laertes.es\\\/wp-content\\\/uploads\\\/2023\\\/01\\\/ARC013.webp\",\"contentUrl\":\"https:\\\/\\\/www.laertes.es\\\/wp-content\\\/uploads\\\/2023\\\/01\\\/ARC013.webp\",\"width\":802,\"height\":1200,\"caption\":\"A les muntanyes de la follia\"},{\"@type\":\"BreadcrumbList\",\"@id\":\"https:\\\/\\\/www.laertes.es\\\/ca\\\/llibre\\\/a-les-muntanyes-de-la-follia\\\/#breadcrumb\",\"itemListElement\":[{\"@type\":\"ListItem\",\"position\":1,\"name\":\"Portada\",\"item\":\"https:\\\/\\\/www.laertes.es\\\/ca\\\/\"},{\"@type\":\"ListItem\",\"position\":2,\"name\":\"Tienda\",\"item\":\"https:\\\/\\\/www.laertes.es\\\/tienda\\\/\"},{\"@type\":\"ListItem\",\"position\":3,\"name\":\"A les muntanyes de la follia\"}]},{\"@type\":\"WebSite\",\"@id\":\"https:\\\/\\\/www.laertes.es\\\/ca\\\/#website\",\"url\":\"https:\\\/\\\/www.laertes.es\\\/ca\\\/\",\"name\":\"Laertes Ediciones\",\"description\":\"Editorial independiente desde 1975\",\"alternateName\":\"Laertes\",\"potentialAction\":[{\"@type\":\"SearchAction\",\"target\":{\"@type\":\"EntryPoint\",\"urlTemplate\":\"https:\\\/\\\/www.laertes.es\\\/ca\\\/?s={search_term_string}\"},\"query-input\":{\"@type\":\"PropertyValueSpecification\",\"valueRequired\":true,\"valueName\":\"search_term_string\"}}],\"inLanguage\":\"ca\"}]}<\/script>\n<!-- \/ Yoast SEO plugin. -->","yoast_head_json":{"title":"A les muntanyes de la follia | Laertes ediciones","description":"A les muntanyes de la follia, Lovecraft aconsegueix una excel\u00b7lent novel\u00b7la a meitat de cam\u00ed entre la novel\u00b7la de terror decimon\u00f2nic i la ci\u00e8ncia-ficci\u00f3.","robots":{"index":"index","follow":"follow","max-snippet":"max-snippet:-1","max-image-preview":"max-image-preview:large","max-video-preview":"max-video-preview:-1"},"canonical":"https:\/\/www.laertes.es\/ca\/llibre\/a-les-muntanyes-de-la-follia\/","og_locale":"ca_ES","og_type":"article","og_title":"A les muntanyes de la follia | Laertes ediciones","og_description":"A les muntanyes de la follia, Lovecraft aconsegueix una excel\u00b7lent novel\u00b7la a meitat de cam\u00ed entre la novel\u00b7la de terror decimon\u00f2nic i la ci\u00e8ncia-ficci\u00f3.","og_url":"https:\/\/www.laertes.es\/ca\/llibre\/a-les-muntanyes-de-la-follia\/","og_site_name":"Laertes ediciones","article_modified_time":"2023-05-06T05:56:36+00:00","og_image":[{"width":802,"height":1200,"url":"https:\/\/www.laertes.es\/wp-content\/uploads\/2023\/01\/ARC013.webp","type":"image\/webp"}],"twitter_misc":{"Temps estimat de lectura":"2 minuts"},"schema":{"@context":"https:\/\/schema.org","@graph":[{"@type":"WebPage","@id":"https:\/\/www.laertes.es\/ca\/llibre\/a-les-muntanyes-de-la-follia\/","url":"https:\/\/www.laertes.es\/ca\/llibre\/a-les-muntanyes-de-la-follia\/","name":"A les muntanyes de la follia | Laertes ediciones","isPartOf":{"@id":"https:\/\/www.laertes.es\/ca\/#website"},"primaryImageOfPage":{"@id":"https:\/\/www.laertes.es\/ca\/llibre\/a-les-muntanyes-de-la-follia\/#primaryimage"},"image":{"@id":"https:\/\/www.laertes.es\/ca\/llibre\/a-les-muntanyes-de-la-follia\/#primaryimage"},"thumbnailUrl":"https:\/\/www.laertes.es\/wp-content\/uploads\/2023\/01\/ARC013.webp","datePublished":"2023-01-24T15:06:23+00:00","dateModified":"2023-05-06T05:56:36+00:00","description":"A les muntanyes de la follia, Lovecraft aconsegueix una excel\u00b7lent novel\u00b7la a meitat de cam\u00ed entre la novel\u00b7la de terror decimon\u00f2nic i la ci\u00e8ncia-ficci\u00f3.","breadcrumb":{"@id":"https:\/\/www.laertes.es\/ca\/llibre\/a-les-muntanyes-de-la-follia\/#breadcrumb"},"inLanguage":"ca","potentialAction":[{"@type":"ReadAction","target":["https:\/\/www.laertes.es\/ca\/llibre\/a-les-muntanyes-de-la-follia\/"]}]},{"@type":"ImageObject","inLanguage":"ca","@id":"https:\/\/www.laertes.es\/ca\/llibre\/a-les-muntanyes-de-la-follia\/#primaryimage","url":"https:\/\/www.laertes.es\/wp-content\/uploads\/2023\/01\/ARC013.webp","contentUrl":"https:\/\/www.laertes.es\/wp-content\/uploads\/2023\/01\/ARC013.webp","width":802,"height":1200,"caption":"A les muntanyes de la follia"},{"@type":"BreadcrumbList","@id":"https:\/\/www.laertes.es\/ca\/llibre\/a-les-muntanyes-de-la-follia\/#breadcrumb","itemListElement":[{"@type":"ListItem","position":1,"name":"Portada","item":"https:\/\/www.laertes.es\/ca\/"},{"@type":"ListItem","position":2,"name":"Tienda","item":"https:\/\/www.laertes.es\/tienda\/"},{"@type":"ListItem","position":3,"name":"A les muntanyes de la follia"}]},{"@type":"WebSite","@id":"https:\/\/www.laertes.es\/ca\/#website","url":"https:\/\/www.laertes.es\/ca\/","name":"Laertes Ediciones","description":"Editorial independiente desde 1975","alternateName":"Laertes","potentialAction":[{"@type":"SearchAction","target":{"@type":"EntryPoint","urlTemplate":"https:\/\/www.laertes.es\/ca\/?s={search_term_string}"},"query-input":{"@type":"PropertyValueSpecification","valueRequired":true,"valueName":"search_term_string"}}],"inLanguage":"ca"}]}},"_links":{"self":[{"href":"https:\/\/www.laertes.es\/ca\/wp-json\/wp\/v2\/product\/11925","targetHints":{"allow":["GET"]}}],"collection":[{"href":"https:\/\/www.laertes.es\/ca\/wp-json\/wp\/v2\/product"}],"about":[{"href":"https:\/\/www.laertes.es\/ca\/wp-json\/wp\/v2\/types\/product"}],"version-history":[{"count":1,"href":"https:\/\/www.laertes.es\/ca\/wp-json\/wp\/v2\/product\/11925\/revisions"}],"predecessor-version":[{"id":13417,"href":"https:\/\/www.laertes.es\/ca\/wp-json\/wp\/v2\/product\/11925\/revisions\/13417"}],"wp:featuredmedia":[{"embeddable":true,"href":"https:\/\/www.laertes.es\/ca\/wp-json\/wp\/v2\/media\/13414"}],"wp:attachment":[{"href":"https:\/\/www.laertes.es\/ca\/wp-json\/wp\/v2\/media?parent=11925"}],"wp:term":[{"taxonomy":"product_brand","embeddable":true,"href":"https:\/\/www.laertes.es\/ca\/wp-json\/wp\/v2\/product_brand?post=11925"},{"taxonomy":"product_cat","embeddable":true,"href":"https:\/\/www.laertes.es\/ca\/wp-json\/wp\/v2\/product_cat?post=11925"},{"taxonomy":"product_tag","embeddable":true,"href":"https:\/\/www.laertes.es\/ca\/wp-json\/wp\/v2\/product_tag?post=11925"},{"taxonomy":"autores","embeddable":true,"href":"https:\/\/www.laertes.es\/ca\/wp-json\/wp\/v2\/autores?post=11925"},{"taxonomy":"formatos","embeddable":true,"href":"https:\/\/www.laertes.es\/ca\/wp-json\/wp\/v2\/formatos?post=11925"},{"taxonomy":"materias","embeddable":true,"href":"https:\/\/www.laertes.es\/ca\/wp-json\/wp\/v2\/materias?post=11925"}],"curies":[{"name":"wp","href":"https:\/\/api.w.org\/{rel}","templated":true}]}}