{"id":11924,"date":"2023-01-24T15:06:23","date_gmt":"2023-01-24T15:06:23","guid":{"rendered":"https:\/libro\/la-venus-dilla\/"},"modified":"2023-05-09T08:52:08","modified_gmt":"2023-05-09T08:52:08","slug":"la-venus-dilla","status":"publish","type":"product","link":"https:\/\/www.laertes.es\/ca\/llibre\/la-venus-dilla\/","title":{"rendered":"La venus d&#8217;illa"},"content":{"rendered":"<p>Les formes espirituals s\u00f3n tan variades, tan oposades, no sols en la literatura sin\u00f3 en el m\u00f3n, que nom\u00e9s Baudelaire i M\u00e9rim\u00e9e tenen el dret de menysprear-se m\u00fatuament. Aquestes particularitats formen, en totes les persones, un sistema de mirades, de discursos, d&#8217;accions, tan coherent, tan desp\u00f2tic, que quan ens les trobem davant ens sembla superior a la\u00a0resta.&#8221; (Proust, \u00c0 la Recherche du Temps Perdu.) &#8220;La Venus d&#8217;Illa \u00e9s l&#8217;obra mestra de M\u00e9rim\u00e9e, perqu\u00e8 en ella ha aconseguit de donar el m\u00e0xim de versemblan\u00e7a al m\u00e0xim de sobrenatural.&#8221; (Val\u00e9ry Larbaud, Prefaci a Carmen, 1927.)<\/p>\n<p>Les formes espirituals s\u00f3n tan variades, tan oposades, no sols en la literatura sin\u00f3 en el m\u00f3n, que nom\u00e9s Baudelaire i M\u00e9rim\u00e9e tenen el dret de menysprear-se m\u00fatuament. Aquestes particularitats formen, en totes les persones, un sistema de mirades, de discursos, d&#8217;accions, tan coherent, tan desp\u00f2tic, que quan ens les trobem davant ens sembla superior a la\u00a0resta.&#8221; (Proust, \u00c0 la Recherche du Temps Perdu.) &#8220;La Venus d&#8217;Illa \u00e9s l&#8217;obra mestra de M\u00e9rim\u00e9e, perqu\u00e8 en ella ha aconseguit de donar el m\u00e0xim de versemblan\u00e7a al m\u00e0xim de sobrenatural.&#8221; (Val\u00e9ry Larbaud, Prefaci a Carmen, 1927.)<\/p>\n<p>Les formes espirituals s\u00f3n tan variades, tan oposades, no sols en la literatura sin\u00f3 en el m\u00f3n, que nom\u00e9s Baudelaire i M\u00e9rim\u00e9e tenen el dret de menysprear-se m\u00fatuament. Aquestes particularitats formen, en totes les persones, un sistema de mirades, de discursos, d&#8217;accions, tan coherent, tan desp\u00f2tic, que quan ens les trobem davant ens sembla superior a la\u00a0resta.&#8221; (Proust, \u00c0 la Recherche du Temps Perdu.) &#8220;La Venus d&#8217;Illa \u00e9s l&#8217;obra mestra de M\u00e9rim\u00e9e, perqu\u00e8 en ella ha aconseguit de donar el m\u00e0xim de versemblan\u00e7a al m\u00e0xim de sobrenatural.&#8221; (Val\u00e9ry Larbaud, Prefaci a Carmen, 1927.)<\/p>\n","protected":false},"excerpt":{"rendered":"<p>Les formes espirituals s\u00f3n tan variades, tan oposades, no sols en la literatura sin\u00f3 en el m\u00f3n, que nom\u00e9s Baudelaire i M\u00e9rim\u00e9e tenen el dret de menysprear-se m\u00fatuament. Aquestes particularitats formen, en totes les persones, un sistema de mirades, de discursos, d&#8217;accions, tan coherent, tan desp\u00f2tic, que quan ens les trobem davant ens sembla superior a la\u00a0resta.&#8221; (Proust, \u00c0 la Recherche du Temps Perdu.) &#8220;La Venus d&#8217;Illa \u00e9s l&#8217;obra mestra de M\u00e9rim\u00e9e, perqu\u00e8 en ella ha aconseguit de donar el m\u00e0xim de versemblan\u00e7a al m\u00e0xim de sobrenatural.&#8221; (Val\u00e9ry Larbaud, Prefaci a Carmen, 1927.)<\/p>\n","protected":false},"featured_media":13706,"template":"","meta":[],"product_brand":[],"product_cat":[296],"product_tag":[],"autores":[390],"formatos":[355],"materias":[356],"class_list":{"0":"post-11924","1":"product","2":"type-product","3":"status-publish","4":"has-post-thumbnail","6":"product_cat-larca-ca","7":"autores-merimee-prosper-ca","8":"formatos-llibre","9":"materias-cuentos-clasicos-de-generos-fantasticos-ca","11":"first","12":"outofstock","13":"product-type-simple"},"yoast_head":"<!-- This site is optimized with the Yoast SEO plugin v27.3 - https:\/\/yoast.com\/product\/yoast-seo-wordpress\/ -->\n<title>La venus d&#039;illa | Laertes ediciones<\/title>\n<meta name=\"description\" content=\"La Venus d&#039;Illa \u00e9s l&#039;obra mestra de M\u00e9rim\u00e9e, perqu\u00e8 en ella ha aconseguit de donar el m\u00e0xim de versemblan\u00e7a al m\u00e0xim de sobrenatural.\" \/>\n<meta name=\"robots\" content=\"index, follow, max-snippet:-1, max-image-preview:large, max-video-preview:-1\" \/>\n<link rel=\"canonical\" href=\"https:\/\/www.laertes.es\/ca\/llibre\/la-venus-dilla\/\" \/>\n<meta property=\"og:locale\" content=\"ca_ES\" \/>\n<meta property=\"og:type\" content=\"article\" \/>\n<meta property=\"og:title\" content=\"La venus d&#039;illa | Laertes ediciones\" \/>\n<meta property=\"og:description\" content=\"La Venus d&#039;Illa \u00e9s l&#039;obra mestra de M\u00e9rim\u00e9e, perqu\u00e8 en ella ha aconseguit de donar el m\u00e0xim de versemblan\u00e7a al m\u00e0xim de sobrenatural.\" \/>\n<meta property=\"og:url\" content=\"https:\/\/www.laertes.es\/ca\/llibre\/la-venus-dilla\/\" \/>\n<meta property=\"og:site_name\" content=\"Laertes ediciones\" \/>\n<meta property=\"article:modified_time\" content=\"2023-05-09T08:52:08+00:00\" \/>\n<meta property=\"og:image\" content=\"https:\/\/www.laertes.es\/wp-content\/uploads\/2023\/01\/ARC014.webp\" \/>\n\t<meta property=\"og:image:width\" content=\"802\" \/>\n\t<meta property=\"og:image:height\" content=\"1200\" \/>\n\t<meta property=\"og:image:type\" content=\"image\/webp\" \/>\n<meta name=\"twitter:label1\" content=\"Temps estimat de lectura\" \/>\n\t<meta name=\"twitter:data1\" content=\"2 minuts\" \/>\n<script type=\"application\/ld+json\" class=\"yoast-schema-graph\">{\"@context\":\"https:\\\/\\\/schema.org\",\"@graph\":[{\"@type\":\"WebPage\",\"@id\":\"https:\\\/\\\/www.laertes.es\\\/ca\\\/llibre\\\/la-venus-dilla\\\/\",\"url\":\"https:\\\/\\\/www.laertes.es\\\/ca\\\/llibre\\\/la-venus-dilla\\\/\",\"name\":\"La venus d'illa | Laertes ediciones\",\"isPartOf\":{\"@id\":\"https:\\\/\\\/www.laertes.es\\\/ca\\\/#website\"},\"primaryImageOfPage\":{\"@id\":\"https:\\\/\\\/www.laertes.es\\\/ca\\\/llibre\\\/la-venus-dilla\\\/#primaryimage\"},\"image\":{\"@id\":\"https:\\\/\\\/www.laertes.es\\\/ca\\\/llibre\\\/la-venus-dilla\\\/#primaryimage\"},\"thumbnailUrl\":\"https:\\\/\\\/www.laertes.es\\\/wp-content\\\/uploads\\\/2023\\\/01\\\/ARC014.webp\",\"datePublished\":\"2023-01-24T15:06:23+00:00\",\"dateModified\":\"2023-05-09T08:52:08+00:00\",\"description\":\"La Venus d'Illa \u00e9s l'obra mestra de M\u00e9rim\u00e9e, perqu\u00e8 en ella ha aconseguit de donar el m\u00e0xim de versemblan\u00e7a al m\u00e0xim de sobrenatural.\",\"breadcrumb\":{\"@id\":\"https:\\\/\\\/www.laertes.es\\\/ca\\\/llibre\\\/la-venus-dilla\\\/#breadcrumb\"},\"inLanguage\":\"ca\",\"potentialAction\":[{\"@type\":\"ReadAction\",\"target\":[\"https:\\\/\\\/www.laertes.es\\\/ca\\\/llibre\\\/la-venus-dilla\\\/\"]}]},{\"@type\":\"ImageObject\",\"inLanguage\":\"ca\",\"@id\":\"https:\\\/\\\/www.laertes.es\\\/ca\\\/llibre\\\/la-venus-dilla\\\/#primaryimage\",\"url\":\"https:\\\/\\\/www.laertes.es\\\/wp-content\\\/uploads\\\/2023\\\/01\\\/ARC014.webp\",\"contentUrl\":\"https:\\\/\\\/www.laertes.es\\\/wp-content\\\/uploads\\\/2023\\\/01\\\/ARC014.webp\",\"width\":802,\"height\":1200,\"caption\":\"La venus d'illa\"},{\"@type\":\"BreadcrumbList\",\"@id\":\"https:\\\/\\\/www.laertes.es\\\/ca\\\/llibre\\\/la-venus-dilla\\\/#breadcrumb\",\"itemListElement\":[{\"@type\":\"ListItem\",\"position\":1,\"name\":\"Portada\",\"item\":\"https:\\\/\\\/www.laertes.es\\\/ca\\\/\"},{\"@type\":\"ListItem\",\"position\":2,\"name\":\"Tienda\",\"item\":\"https:\\\/\\\/www.laertes.es\\\/tienda\\\/\"},{\"@type\":\"ListItem\",\"position\":3,\"name\":\"La venus d&#8217;illa\"}]},{\"@type\":\"WebSite\",\"@id\":\"https:\\\/\\\/www.laertes.es\\\/ca\\\/#website\",\"url\":\"https:\\\/\\\/www.laertes.es\\\/ca\\\/\",\"name\":\"Laertes Ediciones\",\"description\":\"Editorial independiente desde 1975\",\"alternateName\":\"Laertes\",\"potentialAction\":[{\"@type\":\"SearchAction\",\"target\":{\"@type\":\"EntryPoint\",\"urlTemplate\":\"https:\\\/\\\/www.laertes.es\\\/ca\\\/?s={search_term_string}\"},\"query-input\":{\"@type\":\"PropertyValueSpecification\",\"valueRequired\":true,\"valueName\":\"search_term_string\"}}],\"inLanguage\":\"ca\"}]}<\/script>\n<!-- \/ Yoast SEO plugin. -->","yoast_head_json":{"title":"La venus d'illa | Laertes ediciones","description":"La Venus d'Illa \u00e9s l'obra mestra de M\u00e9rim\u00e9e, perqu\u00e8 en ella ha aconseguit de donar el m\u00e0xim de versemblan\u00e7a al m\u00e0xim de sobrenatural.","robots":{"index":"index","follow":"follow","max-snippet":"max-snippet:-1","max-image-preview":"max-image-preview:large","max-video-preview":"max-video-preview:-1"},"canonical":"https:\/\/www.laertes.es\/ca\/llibre\/la-venus-dilla\/","og_locale":"ca_ES","og_type":"article","og_title":"La venus d'illa | Laertes ediciones","og_description":"La Venus d'Illa \u00e9s l'obra mestra de M\u00e9rim\u00e9e, perqu\u00e8 en ella ha aconseguit de donar el m\u00e0xim de versemblan\u00e7a al m\u00e0xim de sobrenatural.","og_url":"https:\/\/www.laertes.es\/ca\/llibre\/la-venus-dilla\/","og_site_name":"Laertes ediciones","article_modified_time":"2023-05-09T08:52:08+00:00","og_image":[{"width":802,"height":1200,"url":"https:\/\/www.laertes.es\/wp-content\/uploads\/2023\/01\/ARC014.webp","type":"image\/webp"}],"twitter_misc":{"Temps estimat de lectura":"2 minuts"},"schema":{"@context":"https:\/\/schema.org","@graph":[{"@type":"WebPage","@id":"https:\/\/www.laertes.es\/ca\/llibre\/la-venus-dilla\/","url":"https:\/\/www.laertes.es\/ca\/llibre\/la-venus-dilla\/","name":"La venus d'illa | Laertes ediciones","isPartOf":{"@id":"https:\/\/www.laertes.es\/ca\/#website"},"primaryImageOfPage":{"@id":"https:\/\/www.laertes.es\/ca\/llibre\/la-venus-dilla\/#primaryimage"},"image":{"@id":"https:\/\/www.laertes.es\/ca\/llibre\/la-venus-dilla\/#primaryimage"},"thumbnailUrl":"https:\/\/www.laertes.es\/wp-content\/uploads\/2023\/01\/ARC014.webp","datePublished":"2023-01-24T15:06:23+00:00","dateModified":"2023-05-09T08:52:08+00:00","description":"La Venus d'Illa \u00e9s l'obra mestra de M\u00e9rim\u00e9e, perqu\u00e8 en ella ha aconseguit de donar el m\u00e0xim de versemblan\u00e7a al m\u00e0xim de sobrenatural.","breadcrumb":{"@id":"https:\/\/www.laertes.es\/ca\/llibre\/la-venus-dilla\/#breadcrumb"},"inLanguage":"ca","potentialAction":[{"@type":"ReadAction","target":["https:\/\/www.laertes.es\/ca\/llibre\/la-venus-dilla\/"]}]},{"@type":"ImageObject","inLanguage":"ca","@id":"https:\/\/www.laertes.es\/ca\/llibre\/la-venus-dilla\/#primaryimage","url":"https:\/\/www.laertes.es\/wp-content\/uploads\/2023\/01\/ARC014.webp","contentUrl":"https:\/\/www.laertes.es\/wp-content\/uploads\/2023\/01\/ARC014.webp","width":802,"height":1200,"caption":"La venus d'illa"},{"@type":"BreadcrumbList","@id":"https:\/\/www.laertes.es\/ca\/llibre\/la-venus-dilla\/#breadcrumb","itemListElement":[{"@type":"ListItem","position":1,"name":"Portada","item":"https:\/\/www.laertes.es\/ca\/"},{"@type":"ListItem","position":2,"name":"Tienda","item":"https:\/\/www.laertes.es\/tienda\/"},{"@type":"ListItem","position":3,"name":"La venus d&#8217;illa"}]},{"@type":"WebSite","@id":"https:\/\/www.laertes.es\/ca\/#website","url":"https:\/\/www.laertes.es\/ca\/","name":"Laertes Ediciones","description":"Editorial independiente desde 1975","alternateName":"Laertes","potentialAction":[{"@type":"SearchAction","target":{"@type":"EntryPoint","urlTemplate":"https:\/\/www.laertes.es\/ca\/?s={search_term_string}"},"query-input":{"@type":"PropertyValueSpecification","valueRequired":true,"valueName":"search_term_string"}}],"inLanguage":"ca"}]}},"_links":{"self":[{"href":"https:\/\/www.laertes.es\/ca\/wp-json\/wp\/v2\/product\/11924","targetHints":{"allow":["GET"]}}],"collection":[{"href":"https:\/\/www.laertes.es\/ca\/wp-json\/wp\/v2\/product"}],"about":[{"href":"https:\/\/www.laertes.es\/ca\/wp-json\/wp\/v2\/types\/product"}],"version-history":[{"count":1,"href":"https:\/\/www.laertes.es\/ca\/wp-json\/wp\/v2\/product\/11924\/revisions"}],"predecessor-version":[{"id":13709,"href":"https:\/\/www.laertes.es\/ca\/wp-json\/wp\/v2\/product\/11924\/revisions\/13709"}],"wp:featuredmedia":[{"embeddable":true,"href":"https:\/\/www.laertes.es\/ca\/wp-json\/wp\/v2\/media\/13706"}],"wp:attachment":[{"href":"https:\/\/www.laertes.es\/ca\/wp-json\/wp\/v2\/media?parent=11924"}],"wp:term":[{"taxonomy":"product_brand","embeddable":true,"href":"https:\/\/www.laertes.es\/ca\/wp-json\/wp\/v2\/product_brand?post=11924"},{"taxonomy":"product_cat","embeddable":true,"href":"https:\/\/www.laertes.es\/ca\/wp-json\/wp\/v2\/product_cat?post=11924"},{"taxonomy":"product_tag","embeddable":true,"href":"https:\/\/www.laertes.es\/ca\/wp-json\/wp\/v2\/product_tag?post=11924"},{"taxonomy":"autores","embeddable":true,"href":"https:\/\/www.laertes.es\/ca\/wp-json\/wp\/v2\/autores?post=11924"},{"taxonomy":"formatos","embeddable":true,"href":"https:\/\/www.laertes.es\/ca\/wp-json\/wp\/v2\/formatos?post=11924"},{"taxonomy":"materias","embeddable":true,"href":"https:\/\/www.laertes.es\/ca\/wp-json\/wp\/v2\/materias?post=11924"}],"curies":[{"name":"wp","href":"https:\/\/api.w.org\/{rel}","templated":true}]}}