{"id":11916,"date":"2023-01-24T15:06:23","date_gmt":"2023-01-24T15:06:23","guid":{"rendered":"https:\/libro\/lstradivarius-perdut\/"},"modified":"2024-08-20T20:44:35","modified_gmt":"2024-08-20T20:44:35","slug":"lstradivarius-perdut","status":"publish","type":"product","link":"https:\/\/www.laertes.es\/ca\/llibre\/lstradivarius-perdut\/","title":{"rendered":"L&#8217;Stradivarius perdut"},"content":{"rendered":"<p><em>L&#8217;Stradivarius perdut <\/em>John Meade Falkner (1858-1932), autor que avui presentem per primera vegada tradu\u00eft a una llengua hisp\u00e0nica, fou un singular i paradoxal personatge. Antiquari, interessat en paleografia i ritus antics, en els quals arrib\u00e0 a ser una important autoritat, va ser preceptor d&#8217;un dels fills d&#8217;un dels propietaris de l&#8217;Armstrong, Whitworh and Co., en aquells temps una de les empreses de primera fila en la fabricaci\u00f3 i venda d&#8217;armes. Gr\u00e0cies a aquella feina, amb els anys va esdevenir-ne director general, c\u00e0rrec al qual va dedicar tan poc temps com li fou possible; no obstant aix\u00f2, sorprenentment, l&#8217;empresa no va anar a la bancarrota fins molts anys despr\u00e9s de la Primera Guerra Mundial. Va exercir sempre de mecenes, per\u00f2 mai d&#8217;escriptor professional. Fruit d&#8217;aquesta singularitat s\u00f3n tan sols tres novel\u00b7les: <em>L&#8217;Stradivarius perdut<\/em> (1895), on l&#8217;erudici\u00f3 sobre els ritus antics constitueix una de les claus de l&#8217;obra; <em>Moonfleet<\/em> (1898), una excel\u00b7lent novel\u00b7la d&#8217;aventures que va donar origen a una encara millor pel\u00b7l\u00edcula de Fritz Lang i en la qual el protagonista, un nen, ens remet a <em>L&#8217;illa del tresor<\/em>, si b\u00e9 aquesta \u00faltima, \u00f2bviament, en qualitat de predecessora; i <em>The Nebuly Coat<\/em> (1903), l&#8217;original de la qual es va perdre en una curta travessia en tren, an\u00e8cdota que, a m\u00e9s de servir de refer\u00e8ncia obligada a escriptors de barra de bar, ens deixa entreveure la displic\u00e8ncia d&#8217;un pacifista que s&#8217;ha vist ficat a fabricar i vendre armes.<\/p>\n<p><em>L&#8217;Stradivarius perdut<\/em> (1895), on l&#8217;erudici\u00f3 sobre els ritus antics constitueix una de les claus de l&#8217;obra<\/p>\n<p><em>L&#8217;Stradivarius perdut<\/em> (1895), on l&#8217;erudici\u00f3 sobre els ritus antics constitueix una de les claus de l&#8217;obra; <em>Moonfleet<\/em> (1898), una excel\u00b7lent novel\u00b7la d&#8217;aventures que va donar origen a una encara millor pel\u00b7l\u00edcula de Fritz Lang i en la qual el protagonista, un nen, ens remet a <em>L&#8217;illa del tresor<\/em>, si b\u00e9 aquesta \u00faltima, \u00f2bviament, en qualitat de predecessora; i <em>The Nebuly Coat<\/em> (1903), l&#8217;original de la qual es va perdre en una curta travessia en tren, an\u00e8cdota que, a m\u00e9s de servir de refer\u00e8ncia obligada a escriptors de barra de bar, ens deixa entreveure la displic\u00e8ncia d&#8217;un pacifista que s&#8217;ha vist ficat a fabricar i vendre armes.<\/p>\n","protected":false},"excerpt":{"rendered":"<p>John Meade Falkner (1858-1932), autor que avui presentem per primera vegada tradu\u00eft a una llengua hisp\u00e0nica, fou un singular i paradoxal personatge. Antiquari, interessat en paleografia i ritus antics, en els quals arrib\u00e0 a ser una important autoritat, va ser preceptor d&#8217;un dels fills d&#8217;un dels propietaris de l&#8217;Armstrong, Whitworh and Co., en aquells temps una de les empreses de primera fila en la fabricaci\u00f3 i venda d&#8217;armes. Gr\u00e0cies a aquella feina, amb els anys va esdevenir-ne director general, c\u00e0rrec al qual va dedicar tan poc temps com li fou possible; no obstant aix\u00f2, sorprenentment, l&#8217;empresa no va anar a la bancarrota fins molts anys despr\u00e9s de la primera guerra mundial. Va exercir sempre de mecenas, per\u00f2 mai d&#8217;escriptor professional. Fruit d&#8217;aquesta singularitat s\u00f3n tan sols tres novel\u00b7les: L&#8217;Stradivarius perdut (1895), on l&#8217;erudici\u00f3 sobre els ritus antics constitueix una de les claus de l&#8217;obra; Moonfleet (1898), una excel\u00b7lent novel\u00b7la d&#8217;aventures que va donar origen a una encara millor pel\u00b7l\u00edcula de Fritz Lang i en la qual el protagonista, un nen, ens remet a L&#8217;illa del tresor, si b\u00e9 aquesta \u00faltima, \u00f2bviament, en qualitat de predecessora; i The Nebuly Coat (1903), l&#8217;original de la qual es va perdre en una curta travessia en tren, an\u00e9cdota que, a m\u00e9s de servir de refer\u00e8ncia obligada a escriptors de barra de bar, ens deixa entreveure la displic\u00e8ncia d&#8217;un pacifista que s&#8217;ha vist ficat a fabricar i vendre armes.<\/p>\n","protected":false},"featured_media":13716,"template":"","meta":[],"product_brand":[],"product_cat":[296],"product_tag":[672],"autores":[392],"formatos":[355],"materias":[356],"class_list":{"0":"post-11916","1":"product","2":"type-product","3":"status-publish","4":"has-post-thumbnail","6":"product_cat-larca-ca","7":"product_tag-literatura-fantastica-ca","8":"autores-falkner-john-meade-ca","9":"formatos-llibre","10":"materias-cuentos-clasicos-de-generos-fantasticos-ca","12":"first","13":"outofstock","14":"purchasable","15":"product-type-simple"},"yoast_head":"<!-- This site is optimized with the Yoast SEO plugin v27.3 - https:\/\/yoast.com\/product\/yoast-seo-wordpress\/ -->\n<title>L&#039;Stradivarius perdut | Laertes ediciones<\/title>\n<meta name=\"description\" content=\"L&#039;Stradivarius perdut (1895), on l&#039;erudici\u00f3 sobre els ritus antics constitueix una de les claus de l&#039;obra. | L&#039;Stradivarius perdut\" \/>\n<meta name=\"robots\" content=\"index, follow, max-snippet:-1, max-image-preview:large, max-video-preview:-1\" \/>\n<link rel=\"canonical\" href=\"https:\/\/www.laertes.es\/ca\/llibre\/lstradivarius-perdut\/\" \/>\n<meta property=\"og:locale\" content=\"ca_ES\" \/>\n<meta property=\"og:type\" content=\"article\" \/>\n<meta property=\"og:title\" content=\"L&#039;Stradivarius perdut | Laertes ediciones\" \/>\n<meta property=\"og:description\" content=\"L&#039;Stradivarius perdut (1895), on l&#039;erudici\u00f3 sobre els ritus antics constitueix una de les claus de l&#039;obra. | L&#039;Stradivarius perdut\" \/>\n<meta property=\"og:url\" content=\"https:\/\/www.laertes.es\/ca\/llibre\/lstradivarius-perdut\/\" \/>\n<meta property=\"og:site_name\" content=\"Laertes ediciones\" \/>\n<meta property=\"article:modified_time\" content=\"2024-08-20T20:44:35+00:00\" \/>\n<meta property=\"og:image\" content=\"https:\/\/www.laertes.es\/wp-content\/uploads\/2023\/01\/ARC009.webp\" \/>\n\t<meta property=\"og:image:width\" content=\"802\" \/>\n\t<meta property=\"og:image:height\" content=\"1200\" \/>\n\t<meta property=\"og:image:type\" content=\"image\/webp\" \/>\n<meta name=\"twitter:label1\" content=\"Temps estimat de lectura\" \/>\n\t<meta name=\"twitter:data1\" content=\"2 minuts\" \/>\n<script type=\"application\/ld+json\" class=\"yoast-schema-graph\">{\"@context\":\"https:\\\/\\\/schema.org\",\"@graph\":[{\"@type\":\"WebPage\",\"@id\":\"https:\\\/\\\/www.laertes.es\\\/ca\\\/llibre\\\/lstradivarius-perdut\\\/\",\"url\":\"https:\\\/\\\/www.laertes.es\\\/ca\\\/llibre\\\/lstradivarius-perdut\\\/\",\"name\":\"L'Stradivarius perdut | Laertes ediciones\",\"isPartOf\":{\"@id\":\"https:\\\/\\\/www.laertes.es\\\/ca\\\/#website\"},\"primaryImageOfPage\":{\"@id\":\"https:\\\/\\\/www.laertes.es\\\/ca\\\/llibre\\\/lstradivarius-perdut\\\/#primaryimage\"},\"image\":{\"@id\":\"https:\\\/\\\/www.laertes.es\\\/ca\\\/llibre\\\/lstradivarius-perdut\\\/#primaryimage\"},\"thumbnailUrl\":\"https:\\\/\\\/www.laertes.es\\\/wp-content\\\/uploads\\\/2023\\\/01\\\/ARC009.webp\",\"datePublished\":\"2023-01-24T15:06:23+00:00\",\"dateModified\":\"2024-08-20T20:44:35+00:00\",\"description\":\"L'Stradivarius perdut (1895), on l'erudici\u00f3 sobre els ritus antics constitueix una de les claus de l'obra. | L'Stradivarius perdut\",\"breadcrumb\":{\"@id\":\"https:\\\/\\\/www.laertes.es\\\/ca\\\/llibre\\\/lstradivarius-perdut\\\/#breadcrumb\"},\"inLanguage\":\"ca\",\"potentialAction\":[{\"@type\":\"ReadAction\",\"target\":[\"https:\\\/\\\/www.laertes.es\\\/ca\\\/llibre\\\/lstradivarius-perdut\\\/\"]}]},{\"@type\":\"ImageObject\",\"inLanguage\":\"ca\",\"@id\":\"https:\\\/\\\/www.laertes.es\\\/ca\\\/llibre\\\/lstradivarius-perdut\\\/#primaryimage\",\"url\":\"https:\\\/\\\/www.laertes.es\\\/wp-content\\\/uploads\\\/2023\\\/01\\\/ARC009.webp\",\"contentUrl\":\"https:\\\/\\\/www.laertes.es\\\/wp-content\\\/uploads\\\/2023\\\/01\\\/ARC009.webp\",\"width\":802,\"height\":1200,\"caption\":\"L'Stradivarius perdut\"},{\"@type\":\"BreadcrumbList\",\"@id\":\"https:\\\/\\\/www.laertes.es\\\/ca\\\/llibre\\\/lstradivarius-perdut\\\/#breadcrumb\",\"itemListElement\":[{\"@type\":\"ListItem\",\"position\":1,\"name\":\"Portada\",\"item\":\"https:\\\/\\\/www.laertes.es\\\/ca\\\/\"},{\"@type\":\"ListItem\",\"position\":2,\"name\":\"Tienda\",\"item\":\"https:\\\/\\\/www.laertes.es\\\/tienda\\\/\"},{\"@type\":\"ListItem\",\"position\":3,\"name\":\"L&#8217;Stradivarius perdut\"}]},{\"@type\":\"WebSite\",\"@id\":\"https:\\\/\\\/www.laertes.es\\\/ca\\\/#website\",\"url\":\"https:\\\/\\\/www.laertes.es\\\/ca\\\/\",\"name\":\"Laertes Ediciones\",\"description\":\"Editorial independiente desde 1975\",\"alternateName\":\"Laertes\",\"potentialAction\":[{\"@type\":\"SearchAction\",\"target\":{\"@type\":\"EntryPoint\",\"urlTemplate\":\"https:\\\/\\\/www.laertes.es\\\/ca\\\/?s={search_term_string}\"},\"query-input\":{\"@type\":\"PropertyValueSpecification\",\"valueRequired\":true,\"valueName\":\"search_term_string\"}}],\"inLanguage\":\"ca\"}]}<\/script>\n<!-- \/ Yoast SEO plugin. -->","yoast_head_json":{"title":"L'Stradivarius perdut | Laertes ediciones","description":"L'Stradivarius perdut (1895), on l'erudici\u00f3 sobre els ritus antics constitueix una de les claus de l'obra. | L'Stradivarius perdut","robots":{"index":"index","follow":"follow","max-snippet":"max-snippet:-1","max-image-preview":"max-image-preview:large","max-video-preview":"max-video-preview:-1"},"canonical":"https:\/\/www.laertes.es\/ca\/llibre\/lstradivarius-perdut\/","og_locale":"ca_ES","og_type":"article","og_title":"L'Stradivarius perdut | Laertes ediciones","og_description":"L'Stradivarius perdut (1895), on l'erudici\u00f3 sobre els ritus antics constitueix una de les claus de l'obra. | L'Stradivarius perdut","og_url":"https:\/\/www.laertes.es\/ca\/llibre\/lstradivarius-perdut\/","og_site_name":"Laertes ediciones","article_modified_time":"2024-08-20T20:44:35+00:00","og_image":[{"width":802,"height":1200,"url":"https:\/\/www.laertes.es\/wp-content\/uploads\/2023\/01\/ARC009.webp","type":"image\/webp"}],"twitter_misc":{"Temps estimat de lectura":"2 minuts"},"schema":{"@context":"https:\/\/schema.org","@graph":[{"@type":"WebPage","@id":"https:\/\/www.laertes.es\/ca\/llibre\/lstradivarius-perdut\/","url":"https:\/\/www.laertes.es\/ca\/llibre\/lstradivarius-perdut\/","name":"L'Stradivarius perdut | Laertes ediciones","isPartOf":{"@id":"https:\/\/www.laertes.es\/ca\/#website"},"primaryImageOfPage":{"@id":"https:\/\/www.laertes.es\/ca\/llibre\/lstradivarius-perdut\/#primaryimage"},"image":{"@id":"https:\/\/www.laertes.es\/ca\/llibre\/lstradivarius-perdut\/#primaryimage"},"thumbnailUrl":"https:\/\/www.laertes.es\/wp-content\/uploads\/2023\/01\/ARC009.webp","datePublished":"2023-01-24T15:06:23+00:00","dateModified":"2024-08-20T20:44:35+00:00","description":"L'Stradivarius perdut (1895), on l'erudici\u00f3 sobre els ritus antics constitueix una de les claus de l'obra. | L'Stradivarius perdut","breadcrumb":{"@id":"https:\/\/www.laertes.es\/ca\/llibre\/lstradivarius-perdut\/#breadcrumb"},"inLanguage":"ca","potentialAction":[{"@type":"ReadAction","target":["https:\/\/www.laertes.es\/ca\/llibre\/lstradivarius-perdut\/"]}]},{"@type":"ImageObject","inLanguage":"ca","@id":"https:\/\/www.laertes.es\/ca\/llibre\/lstradivarius-perdut\/#primaryimage","url":"https:\/\/www.laertes.es\/wp-content\/uploads\/2023\/01\/ARC009.webp","contentUrl":"https:\/\/www.laertes.es\/wp-content\/uploads\/2023\/01\/ARC009.webp","width":802,"height":1200,"caption":"L'Stradivarius perdut"},{"@type":"BreadcrumbList","@id":"https:\/\/www.laertes.es\/ca\/llibre\/lstradivarius-perdut\/#breadcrumb","itemListElement":[{"@type":"ListItem","position":1,"name":"Portada","item":"https:\/\/www.laertes.es\/ca\/"},{"@type":"ListItem","position":2,"name":"Tienda","item":"https:\/\/www.laertes.es\/tienda\/"},{"@type":"ListItem","position":3,"name":"L&#8217;Stradivarius perdut"}]},{"@type":"WebSite","@id":"https:\/\/www.laertes.es\/ca\/#website","url":"https:\/\/www.laertes.es\/ca\/","name":"Laertes Ediciones","description":"Editorial independiente desde 1975","alternateName":"Laertes","potentialAction":[{"@type":"SearchAction","target":{"@type":"EntryPoint","urlTemplate":"https:\/\/www.laertes.es\/ca\/?s={search_term_string}"},"query-input":{"@type":"PropertyValueSpecification","valueRequired":true,"valueName":"search_term_string"}}],"inLanguage":"ca"}]}},"_links":{"self":[{"href":"https:\/\/www.laertes.es\/ca\/wp-json\/wp\/v2\/product\/11916","targetHints":{"allow":["GET"]}}],"collection":[{"href":"https:\/\/www.laertes.es\/ca\/wp-json\/wp\/v2\/product"}],"about":[{"href":"https:\/\/www.laertes.es\/ca\/wp-json\/wp\/v2\/types\/product"}],"version-history":[{"count":1,"href":"https:\/\/www.laertes.es\/ca\/wp-json\/wp\/v2\/product\/11916\/revisions"}],"predecessor-version":[{"id":13719,"href":"https:\/\/www.laertes.es\/ca\/wp-json\/wp\/v2\/product\/11916\/revisions\/13719"}],"wp:featuredmedia":[{"embeddable":true,"href":"https:\/\/www.laertes.es\/ca\/wp-json\/wp\/v2\/media\/13716"}],"wp:attachment":[{"href":"https:\/\/www.laertes.es\/ca\/wp-json\/wp\/v2\/media?parent=11916"}],"wp:term":[{"taxonomy":"product_brand","embeddable":true,"href":"https:\/\/www.laertes.es\/ca\/wp-json\/wp\/v2\/product_brand?post=11916"},{"taxonomy":"product_cat","embeddable":true,"href":"https:\/\/www.laertes.es\/ca\/wp-json\/wp\/v2\/product_cat?post=11916"},{"taxonomy":"product_tag","embeddable":true,"href":"https:\/\/www.laertes.es\/ca\/wp-json\/wp\/v2\/product_tag?post=11916"},{"taxonomy":"autores","embeddable":true,"href":"https:\/\/www.laertes.es\/ca\/wp-json\/wp\/v2\/autores?post=11916"},{"taxonomy":"formatos","embeddable":true,"href":"https:\/\/www.laertes.es\/ca\/wp-json\/wp\/v2\/formatos?post=11916"},{"taxonomy":"materias","embeddable":true,"href":"https:\/\/www.laertes.es\/ca\/wp-json\/wp\/v2\/materias?post=11916"}],"curies":[{"name":"wp","href":"https:\/\/api.w.org\/{rel}","templated":true}]}}