{"id":11914,"date":"2023-01-24T15:06:23","date_gmt":"2023-01-24T15:06:23","guid":{"rendered":"https:\/libro\/per-a-llegir-quan-es-fa-fosc\/"},"modified":"2024-08-20T20:45:08","modified_gmt":"2024-08-20T20:45:08","slug":"per-a-llegir-quan-es-fa-fosc","status":"publish","type":"product","link":"https:\/\/www.laertes.es\/ca\/llibre\/per-a-llegir-quan-es-fa-fosc\/","title":{"rendered":"Per a llegir quan es fa fosc"},"content":{"rendered":"","protected":false},"excerpt":{"rendered":"<p>Tot i que la gran fama de Dickens est\u00e0 fonamentada en la seva producci\u00f3 realista, no \u00e9s possible considerar simple factor marginal de les seves preocupacions liter\u00e0ries l\u2019inter\u00e8s que va dedicar a la tem\u00e0tica sobrenatural i a l\u2019extranormal\/terror\u00edfica. Oferim en el present volum una selecci\u00f3 que considerem representativa de la narrativa breu de dickens en l\u2019\u00e0mbit de la fantasmagoria. Aquesta ordenaci\u00f3, que el criteri m\u00e9s natural aconsella fer cronol\u00f2gica, permetr\u00e0 constatar que els elements c\u00f2mics, tan abundants en Dickens, van cedint progressivament terreny, en aquestes narracions, davant del terror en estat pur.<\/p>\n","protected":false},"featured_media":9924,"template":"","meta":[],"product_brand":[],"product_cat":[296],"product_tag":[],"autores":[385],"formatos":[355],"materias":[356],"class_list":{"0":"post-11914","1":"product","2":"type-product","3":"status-publish","4":"has-post-thumbnail","6":"product_cat-larca-ca","7":"autores-dickens-charles-ca","8":"formatos-llibre","9":"materias-cuentos-clasicos-de-generos-fantasticos-ca","11":"first","12":"outofstock","13":"purchasable","14":"product-type-simple"},"yoast_head":"<!-- This site is optimized with the Yoast SEO plugin v27.3 - https:\/\/yoast.com\/product\/yoast-seo-wordpress\/ -->\n<title>Per a llegir quan es fa fosc | Laertes ediciones<\/title>\n<meta name=\"robots\" content=\"index, follow, max-snippet:-1, max-image-preview:large, max-video-preview:-1\" \/>\n<link rel=\"canonical\" href=\"https:\/\/www.laertes.es\/ca\/llibre\/per-a-llegir-quan-es-fa-fosc\/\" \/>\n<meta property=\"og:locale\" content=\"ca_ES\" \/>\n<meta property=\"og:type\" content=\"article\" \/>\n<meta property=\"og:title\" content=\"Per a llegir quan es fa fosc | Laertes ediciones\" \/>\n<meta property=\"og:description\" content=\"Tot i que la gran fama de Dickens est\u00e0 fonamentada en la seva producci\u00f3 realista, no \u00e9s possible considerar simple factor marginal de les seves preocupacions liter\u00e0ries l\u2019inter\u00e8s que va dedicar a la tem\u00e0tica sobrenatural i a l\u2019extranormal\/terror\u00edfica. Oferim en el present volum una selecci\u00f3 que considerem representativa de la narrativa breu de dickens en l\u2019\u00e0mbit de la fantasmagoria. Aquesta ordenaci\u00f3, que el criteri m\u00e9s natural aconsella fer cronol\u00f2gica, permetr\u00e0 constatar que els elements c\u00f2mics, tan abundants en Dickens, van cedint progressivament terreny, en aquestes narracions, davant del terror en estat pur.\" \/>\n<meta property=\"og:url\" content=\"https:\/\/www.laertes.es\/ca\/llibre\/per-a-llegir-quan-es-fa-fosc\/\" \/>\n<meta property=\"og:site_name\" content=\"Laertes ediciones\" \/>\n<meta property=\"article:modified_time\" content=\"2024-08-20T20:45:08+00:00\" \/>\n<meta property=\"og:image\" content=\"https:\/\/www.laertes.es\/wp-content\/uploads\/2023\/01\/9788475840772.jpg\" \/>\n\t<meta property=\"og:image:width\" content=\"718\" \/>\n\t<meta property=\"og:image:height\" content=\"1166\" \/>\n\t<meta property=\"og:image:type\" content=\"image\/jpeg\" \/>\n<script type=\"application\/ld+json\" class=\"yoast-schema-graph\">{\"@context\":\"https:\\\/\\\/schema.org\",\"@graph\":[{\"@type\":\"WebPage\",\"@id\":\"https:\\\/\\\/www.laertes.es\\\/ca\\\/llibre\\\/per-a-llegir-quan-es-fa-fosc\\\/\",\"url\":\"https:\\\/\\\/www.laertes.es\\\/ca\\\/llibre\\\/per-a-llegir-quan-es-fa-fosc\\\/\",\"name\":\"Per a llegir quan es fa fosc | Laertes ediciones\",\"isPartOf\":{\"@id\":\"https:\\\/\\\/www.laertes.es\\\/ca\\\/#website\"},\"primaryImageOfPage\":{\"@id\":\"https:\\\/\\\/www.laertes.es\\\/ca\\\/llibre\\\/per-a-llegir-quan-es-fa-fosc\\\/#primaryimage\"},\"image\":{\"@id\":\"https:\\\/\\\/www.laertes.es\\\/ca\\\/llibre\\\/per-a-llegir-quan-es-fa-fosc\\\/#primaryimage\"},\"thumbnailUrl\":\"https:\\\/\\\/www.laertes.es\\\/wp-content\\\/uploads\\\/2023\\\/01\\\/9788475840772.jpg\",\"datePublished\":\"2023-01-24T15:06:23+00:00\",\"dateModified\":\"2024-08-20T20:45:08+00:00\",\"breadcrumb\":{\"@id\":\"https:\\\/\\\/www.laertes.es\\\/ca\\\/llibre\\\/per-a-llegir-quan-es-fa-fosc\\\/#breadcrumb\"},\"inLanguage\":\"ca\",\"potentialAction\":[{\"@type\":\"ReadAction\",\"target\":[\"https:\\\/\\\/www.laertes.es\\\/ca\\\/llibre\\\/per-a-llegir-quan-es-fa-fosc\\\/\"]}]},{\"@type\":\"ImageObject\",\"inLanguage\":\"ca\",\"@id\":\"https:\\\/\\\/www.laertes.es\\\/ca\\\/llibre\\\/per-a-llegir-quan-es-fa-fosc\\\/#primaryimage\",\"url\":\"https:\\\/\\\/www.laertes.es\\\/wp-content\\\/uploads\\\/2023\\\/01\\\/9788475840772.jpg\",\"contentUrl\":\"https:\\\/\\\/www.laertes.es\\\/wp-content\\\/uploads\\\/2023\\\/01\\\/9788475840772.jpg\",\"width\":718,\"height\":1166},{\"@type\":\"BreadcrumbList\",\"@id\":\"https:\\\/\\\/www.laertes.es\\\/ca\\\/llibre\\\/per-a-llegir-quan-es-fa-fosc\\\/#breadcrumb\",\"itemListElement\":[{\"@type\":\"ListItem\",\"position\":1,\"name\":\"Portada\",\"item\":\"https:\\\/\\\/www.laertes.es\\\/ca\\\/\"},{\"@type\":\"ListItem\",\"position\":2,\"name\":\"Tienda\",\"item\":\"https:\\\/\\\/www.laertes.es\\\/tienda\\\/\"},{\"@type\":\"ListItem\",\"position\":3,\"name\":\"Per a llegir quan es fa fosc\"}]},{\"@type\":\"WebSite\",\"@id\":\"https:\\\/\\\/www.laertes.es\\\/ca\\\/#website\",\"url\":\"https:\\\/\\\/www.laertes.es\\\/ca\\\/\",\"name\":\"Laertes Ediciones\",\"description\":\"Editorial independiente desde 1975\",\"alternateName\":\"Laertes\",\"potentialAction\":[{\"@type\":\"SearchAction\",\"target\":{\"@type\":\"EntryPoint\",\"urlTemplate\":\"https:\\\/\\\/www.laertes.es\\\/ca\\\/?s={search_term_string}\"},\"query-input\":{\"@type\":\"PropertyValueSpecification\",\"valueRequired\":true,\"valueName\":\"search_term_string\"}}],\"inLanguage\":\"ca\"}]}<\/script>\n<!-- \/ Yoast SEO plugin. -->","yoast_head_json":{"title":"Per a llegir quan es fa fosc | Laertes ediciones","robots":{"index":"index","follow":"follow","max-snippet":"max-snippet:-1","max-image-preview":"max-image-preview:large","max-video-preview":"max-video-preview:-1"},"canonical":"https:\/\/www.laertes.es\/ca\/llibre\/per-a-llegir-quan-es-fa-fosc\/","og_locale":"ca_ES","og_type":"article","og_title":"Per a llegir quan es fa fosc | Laertes ediciones","og_description":"Tot i que la gran fama de Dickens est\u00e0 fonamentada en la seva producci\u00f3 realista, no \u00e9s possible considerar simple factor marginal de les seves preocupacions liter\u00e0ries l\u2019inter\u00e8s que va dedicar a la tem\u00e0tica sobrenatural i a l\u2019extranormal\/terror\u00edfica. Oferim en el present volum una selecci\u00f3 que considerem representativa de la narrativa breu de dickens en l\u2019\u00e0mbit de la fantasmagoria. Aquesta ordenaci\u00f3, que el criteri m\u00e9s natural aconsella fer cronol\u00f2gica, permetr\u00e0 constatar que els elements c\u00f2mics, tan abundants en Dickens, van cedint progressivament terreny, en aquestes narracions, davant del terror en estat pur.","og_url":"https:\/\/www.laertes.es\/ca\/llibre\/per-a-llegir-quan-es-fa-fosc\/","og_site_name":"Laertes ediciones","article_modified_time":"2024-08-20T20:45:08+00:00","og_image":[{"width":718,"height":1166,"url":"https:\/\/www.laertes.es\/wp-content\/uploads\/2023\/01\/9788475840772.jpg","type":"image\/jpeg"}],"schema":{"@context":"https:\/\/schema.org","@graph":[{"@type":"WebPage","@id":"https:\/\/www.laertes.es\/ca\/llibre\/per-a-llegir-quan-es-fa-fosc\/","url":"https:\/\/www.laertes.es\/ca\/llibre\/per-a-llegir-quan-es-fa-fosc\/","name":"Per a llegir quan es fa fosc | Laertes ediciones","isPartOf":{"@id":"https:\/\/www.laertes.es\/ca\/#website"},"primaryImageOfPage":{"@id":"https:\/\/www.laertes.es\/ca\/llibre\/per-a-llegir-quan-es-fa-fosc\/#primaryimage"},"image":{"@id":"https:\/\/www.laertes.es\/ca\/llibre\/per-a-llegir-quan-es-fa-fosc\/#primaryimage"},"thumbnailUrl":"https:\/\/www.laertes.es\/wp-content\/uploads\/2023\/01\/9788475840772.jpg","datePublished":"2023-01-24T15:06:23+00:00","dateModified":"2024-08-20T20:45:08+00:00","breadcrumb":{"@id":"https:\/\/www.laertes.es\/ca\/llibre\/per-a-llegir-quan-es-fa-fosc\/#breadcrumb"},"inLanguage":"ca","potentialAction":[{"@type":"ReadAction","target":["https:\/\/www.laertes.es\/ca\/llibre\/per-a-llegir-quan-es-fa-fosc\/"]}]},{"@type":"ImageObject","inLanguage":"ca","@id":"https:\/\/www.laertes.es\/ca\/llibre\/per-a-llegir-quan-es-fa-fosc\/#primaryimage","url":"https:\/\/www.laertes.es\/wp-content\/uploads\/2023\/01\/9788475840772.jpg","contentUrl":"https:\/\/www.laertes.es\/wp-content\/uploads\/2023\/01\/9788475840772.jpg","width":718,"height":1166},{"@type":"BreadcrumbList","@id":"https:\/\/www.laertes.es\/ca\/llibre\/per-a-llegir-quan-es-fa-fosc\/#breadcrumb","itemListElement":[{"@type":"ListItem","position":1,"name":"Portada","item":"https:\/\/www.laertes.es\/ca\/"},{"@type":"ListItem","position":2,"name":"Tienda","item":"https:\/\/www.laertes.es\/tienda\/"},{"@type":"ListItem","position":3,"name":"Per a llegir quan es fa fosc"}]},{"@type":"WebSite","@id":"https:\/\/www.laertes.es\/ca\/#website","url":"https:\/\/www.laertes.es\/ca\/","name":"Laertes Ediciones","description":"Editorial independiente desde 1975","alternateName":"Laertes","potentialAction":[{"@type":"SearchAction","target":{"@type":"EntryPoint","urlTemplate":"https:\/\/www.laertes.es\/ca\/?s={search_term_string}"},"query-input":{"@type":"PropertyValueSpecification","valueRequired":true,"valueName":"search_term_string"}}],"inLanguage":"ca"}]}},"_links":{"self":[{"href":"https:\/\/www.laertes.es\/ca\/wp-json\/wp\/v2\/product\/11914","targetHints":{"allow":["GET"]}}],"collection":[{"href":"https:\/\/www.laertes.es\/ca\/wp-json\/wp\/v2\/product"}],"about":[{"href":"https:\/\/www.laertes.es\/ca\/wp-json\/wp\/v2\/types\/product"}],"version-history":[{"count":1,"href":"https:\/\/www.laertes.es\/ca\/wp-json\/wp\/v2\/product\/11914\/revisions"}],"predecessor-version":[{"id":15244,"href":"https:\/\/www.laertes.es\/ca\/wp-json\/wp\/v2\/product\/11914\/revisions\/15244"}],"wp:featuredmedia":[{"embeddable":true,"href":"https:\/\/www.laertes.es\/ca\/wp-json\/wp\/v2\/media\/9924"}],"wp:attachment":[{"href":"https:\/\/www.laertes.es\/ca\/wp-json\/wp\/v2\/media?parent=11914"}],"wp:term":[{"taxonomy":"product_brand","embeddable":true,"href":"https:\/\/www.laertes.es\/ca\/wp-json\/wp\/v2\/product_brand?post=11914"},{"taxonomy":"product_cat","embeddable":true,"href":"https:\/\/www.laertes.es\/ca\/wp-json\/wp\/v2\/product_cat?post=11914"},{"taxonomy":"product_tag","embeddable":true,"href":"https:\/\/www.laertes.es\/ca\/wp-json\/wp\/v2\/product_tag?post=11914"},{"taxonomy":"autores","embeddable":true,"href":"https:\/\/www.laertes.es\/ca\/wp-json\/wp\/v2\/autores?post=11914"},{"taxonomy":"formatos","embeddable":true,"href":"https:\/\/www.laertes.es\/ca\/wp-json\/wp\/v2\/formatos?post=11914"},{"taxonomy":"materias","embeddable":true,"href":"https:\/\/www.laertes.es\/ca\/wp-json\/wp\/v2\/materias?post=11914"}],"curies":[{"name":"wp","href":"https:\/\/api.w.org\/{rel}","templated":true}]}}