{"id":11912,"date":"2023-01-24T15:06:23","date_gmt":"2023-01-24T15:06:23","guid":{"rendered":"https:\/libro\/la-lloba-que-fou\/"},"modified":"2024-08-20T20:43:42","modified_gmt":"2024-08-20T20:43:42","slug":"la-lloba-que-fou","status":"publish","type":"product","link":"https:\/\/www.laertes.es\/ca\/llibre\/la-lloba-que-fou\/","title":{"rendered":"La lloba que fou"},"content":{"rendered":"","protected":false},"excerpt":{"rendered":"<p>Protagonista o no,\u00a0sempre important dins les obres de Sir Walter Scott, de Vigny, Baudelaire, London, Hesse, entre altres, l&#8217;home-llop t\u00e9 pocs rivals, pel que fa entre els monstres de la literatura de terror, del cinema de terror i, darrerament, dins de les \u00faltimes expressions art\u00edstiques (com ara el v\u00eddeo de Michael Jackson, Thriller, que \u00e9s un aut\u00e8ntic best-seller). A Anglaterra, el 1837, un capit\u00e0 de la Royal Navy, Frederick Marryat, d\u00f3na a la llum, en forma de serial, la seva m\u00e9s gran novel\u00b7la, The Phanthom Ship (El vaixell fantasma), publicada dos anys despr\u00e9s en volum. En ella insereix una extraordin\u00e0ria hist\u00f2ria d&#8217;home-llop, la que avui presentem: La lloba que fou&#8230;,\u00a0on un lic\u00e0ntrop es materialitza en un bosc male\u00eft, i el llop\u00a0\u00e9s la transfiguraci\u00f3 d&#8217;una figura humana que, al seu torn, \u00e9s l&#8217;encarnaci\u00f3 a un dels esperits mal\u00e8fics del bosc. Amb aquesta m\u00faltiple identificaci\u00f3, l autor restaura liter\u00e0riament el vell triangle home-diable-llop, i ens remet, inevitablement, a la demonologia pre-cristiana.<\/p>\n","protected":false},"featured_media":9918,"template":"","meta":[],"product_brand":[],"product_cat":[296],"product_tag":[],"autores":[387],"formatos":[355],"materias":[356],"class_list":{"0":"post-11912","1":"product","2":"type-product","3":"status-publish","4":"has-post-thumbnail","6":"product_cat-larca-ca","7":"autores-marryat-frederick-ca","8":"formatos-llibre","9":"materias-cuentos-clasicos-de-generos-fantasticos-ca","11":"first","12":"outofstock","13":"purchasable","14":"product-type-simple"},"yoast_head":"<!-- This site is optimized with the Yoast SEO plugin v27.5 - https:\/\/yoast.com\/product\/yoast-seo-wordpress\/ -->\n<title>La lloba que fou | Laertes ediciones<\/title>\n<meta name=\"robots\" content=\"index, follow, max-snippet:-1, max-image-preview:large, max-video-preview:-1\" \/>\n<link rel=\"canonical\" href=\"https:\/\/www.laertes.es\/ca\/llibre\/la-lloba-que-fou\/\" \/>\n<meta property=\"og:locale\" content=\"ca_ES\" \/>\n<meta property=\"og:type\" content=\"article\" \/>\n<meta property=\"og:title\" content=\"La lloba que fou | Laertes ediciones\" \/>\n<meta property=\"og:description\" content=\"Protagonista o no,\u00a0sempre important dins les obres de Sir Walter Scott, de Vigny, Baudelaire, London, Hesse, entre altres, l&#039;home-llop t\u00e9 pocs rivals, pel que fa entre els monstres de la literatura de terror, del cinema de terror i, darrerament, dins de les \u00faltimes expressions art\u00edstiques (com ara el v\u00eddeo de Michael Jackson, Thriller, que \u00e9s un aut\u00e8ntic best-seller). A Anglaterra, el 1837, un capit\u00e0 de la Royal Navy, Frederick Marryat, d\u00f3na a la llum, en forma de serial, la seva m\u00e9s gran novel\u00b7la, The Phanthom Ship (El vaixell fantasma), publicada dos anys despr\u00e9s en volum. En ella insereix una extraordin\u00e0ria hist\u00f2ria d&#039;home-llop, la que avui presentem: La lloba que fou...,\u00a0on un lic\u00e0ntrop es materialitza en un bosc male\u00eft, i el llop\u00a0\u00e9s la transfiguraci\u00f3 d&#039;una figura humana que, al seu torn, \u00e9s l&#039;encarnaci\u00f3 a un dels esperits mal\u00e8fics del bosc. Amb aquesta m\u00faltiple identificaci\u00f3, l autor restaura liter\u00e0riament el vell triangle home-diable-llop, i ens remet, inevitablement, a la demonologia pre-cristiana.\" \/>\n<meta property=\"og:url\" content=\"https:\/\/www.laertes.es\/ca\/llibre\/la-lloba-que-fou\/\" \/>\n<meta property=\"og:site_name\" content=\"Laertes ediciones\" \/>\n<meta property=\"article:modified_time\" content=\"2024-08-20T20:43:42+00:00\" \/>\n<meta property=\"og:image\" content=\"https:\/\/www.laertes.es\/wp-content\/uploads\/2023\/01\/9788475840123.jpg\" \/>\n\t<meta property=\"og:image:width\" content=\"709\" \/>\n\t<meta property=\"og:image:height\" content=\"1166\" \/>\n\t<meta property=\"og:image:type\" content=\"image\/jpeg\" \/>\n<script type=\"application\/ld+json\" class=\"yoast-schema-graph\">{\"@context\":\"https:\\\/\\\/schema.org\",\"@graph\":[{\"@type\":\"WebPage\",\"@id\":\"https:\\\/\\\/www.laertes.es\\\/ca\\\/llibre\\\/la-lloba-que-fou\\\/\",\"url\":\"https:\\\/\\\/www.laertes.es\\\/ca\\\/llibre\\\/la-lloba-que-fou\\\/\",\"name\":\"La lloba que fou | Laertes ediciones\",\"isPartOf\":{\"@id\":\"https:\\\/\\\/www.laertes.es\\\/ca\\\/#website\"},\"primaryImageOfPage\":{\"@id\":\"https:\\\/\\\/www.laertes.es\\\/ca\\\/llibre\\\/la-lloba-que-fou\\\/#primaryimage\"},\"image\":{\"@id\":\"https:\\\/\\\/www.laertes.es\\\/ca\\\/llibre\\\/la-lloba-que-fou\\\/#primaryimage\"},\"thumbnailUrl\":\"https:\\\/\\\/www.laertes.es\\\/wp-content\\\/uploads\\\/2023\\\/01\\\/9788475840123.jpg\",\"datePublished\":\"2023-01-24T15:06:23+00:00\",\"dateModified\":\"2024-08-20T20:43:42+00:00\",\"breadcrumb\":{\"@id\":\"https:\\\/\\\/www.laertes.es\\\/ca\\\/llibre\\\/la-lloba-que-fou\\\/#breadcrumb\"},\"inLanguage\":\"ca\",\"potentialAction\":[{\"@type\":\"ReadAction\",\"target\":[\"https:\\\/\\\/www.laertes.es\\\/ca\\\/llibre\\\/la-lloba-que-fou\\\/\"]}]},{\"@type\":\"ImageObject\",\"inLanguage\":\"ca\",\"@id\":\"https:\\\/\\\/www.laertes.es\\\/ca\\\/llibre\\\/la-lloba-que-fou\\\/#primaryimage\",\"url\":\"https:\\\/\\\/www.laertes.es\\\/wp-content\\\/uploads\\\/2023\\\/01\\\/9788475840123.jpg\",\"contentUrl\":\"https:\\\/\\\/www.laertes.es\\\/wp-content\\\/uploads\\\/2023\\\/01\\\/9788475840123.jpg\",\"width\":709,\"height\":1166},{\"@type\":\"BreadcrumbList\",\"@id\":\"https:\\\/\\\/www.laertes.es\\\/ca\\\/llibre\\\/la-lloba-que-fou\\\/#breadcrumb\",\"itemListElement\":[{\"@type\":\"ListItem\",\"position\":1,\"name\":\"Portada\",\"item\":\"https:\\\/\\\/www.laertes.es\\\/ca\\\/\"},{\"@type\":\"ListItem\",\"position\":2,\"name\":\"Tienda\",\"item\":\"https:\\\/\\\/www.laertes.es\\\/tienda\\\/\"},{\"@type\":\"ListItem\",\"position\":3,\"name\":\"La lloba que fou\"}]},{\"@type\":\"WebSite\",\"@id\":\"https:\\\/\\\/www.laertes.es\\\/ca\\\/#website\",\"url\":\"https:\\\/\\\/www.laertes.es\\\/ca\\\/\",\"name\":\"Laertes Ediciones\",\"description\":\"Editorial independiente desde 1975\",\"alternateName\":\"Laertes\",\"potentialAction\":[{\"@type\":\"SearchAction\",\"target\":{\"@type\":\"EntryPoint\",\"urlTemplate\":\"https:\\\/\\\/www.laertes.es\\\/ca\\\/?s={search_term_string}\"},\"query-input\":{\"@type\":\"PropertyValueSpecification\",\"valueRequired\":true,\"valueName\":\"search_term_string\"}}],\"inLanguage\":\"ca\"}]}<\/script>\n<!-- \/ Yoast SEO plugin. -->","yoast_head_json":{"title":"La lloba que fou | Laertes ediciones","robots":{"index":"index","follow":"follow","max-snippet":"max-snippet:-1","max-image-preview":"max-image-preview:large","max-video-preview":"max-video-preview:-1"},"canonical":"https:\/\/www.laertes.es\/ca\/llibre\/la-lloba-que-fou\/","og_locale":"ca_ES","og_type":"article","og_title":"La lloba que fou | Laertes ediciones","og_description":"Protagonista o no,\u00a0sempre important dins les obres de Sir Walter Scott, de Vigny, Baudelaire, London, Hesse, entre altres, l'home-llop t\u00e9 pocs rivals, pel que fa entre els monstres de la literatura de terror, del cinema de terror i, darrerament, dins de les \u00faltimes expressions art\u00edstiques (com ara el v\u00eddeo de Michael Jackson, Thriller, que \u00e9s un aut\u00e8ntic best-seller). A Anglaterra, el 1837, un capit\u00e0 de la Royal Navy, Frederick Marryat, d\u00f3na a la llum, en forma de serial, la seva m\u00e9s gran novel\u00b7la, The Phanthom Ship (El vaixell fantasma), publicada dos anys despr\u00e9s en volum. En ella insereix una extraordin\u00e0ria hist\u00f2ria d'home-llop, la que avui presentem: La lloba que fou...,\u00a0on un lic\u00e0ntrop es materialitza en un bosc male\u00eft, i el llop\u00a0\u00e9s la transfiguraci\u00f3 d'una figura humana que, al seu torn, \u00e9s l'encarnaci\u00f3 a un dels esperits mal\u00e8fics del bosc. Amb aquesta m\u00faltiple identificaci\u00f3, l autor restaura liter\u00e0riament el vell triangle home-diable-llop, i ens remet, inevitablement, a la demonologia pre-cristiana.","og_url":"https:\/\/www.laertes.es\/ca\/llibre\/la-lloba-que-fou\/","og_site_name":"Laertes ediciones","article_modified_time":"2024-08-20T20:43:42+00:00","og_image":[{"width":709,"height":1166,"url":"https:\/\/www.laertes.es\/wp-content\/uploads\/2023\/01\/9788475840123.jpg","type":"image\/jpeg"}],"schema":{"@context":"https:\/\/schema.org","@graph":[{"@type":"WebPage","@id":"https:\/\/www.laertes.es\/ca\/llibre\/la-lloba-que-fou\/","url":"https:\/\/www.laertes.es\/ca\/llibre\/la-lloba-que-fou\/","name":"La lloba que fou | Laertes ediciones","isPartOf":{"@id":"https:\/\/www.laertes.es\/ca\/#website"},"primaryImageOfPage":{"@id":"https:\/\/www.laertes.es\/ca\/llibre\/la-lloba-que-fou\/#primaryimage"},"image":{"@id":"https:\/\/www.laertes.es\/ca\/llibre\/la-lloba-que-fou\/#primaryimage"},"thumbnailUrl":"https:\/\/www.laertes.es\/wp-content\/uploads\/2023\/01\/9788475840123.jpg","datePublished":"2023-01-24T15:06:23+00:00","dateModified":"2024-08-20T20:43:42+00:00","breadcrumb":{"@id":"https:\/\/www.laertes.es\/ca\/llibre\/la-lloba-que-fou\/#breadcrumb"},"inLanguage":"ca","potentialAction":[{"@type":"ReadAction","target":["https:\/\/www.laertes.es\/ca\/llibre\/la-lloba-que-fou\/"]}]},{"@type":"ImageObject","inLanguage":"ca","@id":"https:\/\/www.laertes.es\/ca\/llibre\/la-lloba-que-fou\/#primaryimage","url":"https:\/\/www.laertes.es\/wp-content\/uploads\/2023\/01\/9788475840123.jpg","contentUrl":"https:\/\/www.laertes.es\/wp-content\/uploads\/2023\/01\/9788475840123.jpg","width":709,"height":1166},{"@type":"BreadcrumbList","@id":"https:\/\/www.laertes.es\/ca\/llibre\/la-lloba-que-fou\/#breadcrumb","itemListElement":[{"@type":"ListItem","position":1,"name":"Portada","item":"https:\/\/www.laertes.es\/ca\/"},{"@type":"ListItem","position":2,"name":"Tienda","item":"https:\/\/www.laertes.es\/tienda\/"},{"@type":"ListItem","position":3,"name":"La lloba que fou"}]},{"@type":"WebSite","@id":"https:\/\/www.laertes.es\/ca\/#website","url":"https:\/\/www.laertes.es\/ca\/","name":"Laertes Ediciones","description":"Editorial independiente desde 1975","alternateName":"Laertes","potentialAction":[{"@type":"SearchAction","target":{"@type":"EntryPoint","urlTemplate":"https:\/\/www.laertes.es\/ca\/?s={search_term_string}"},"query-input":{"@type":"PropertyValueSpecification","valueRequired":true,"valueName":"search_term_string"}}],"inLanguage":"ca"}]}},"_links":{"self":[{"href":"https:\/\/www.laertes.es\/ca\/wp-json\/wp\/v2\/product\/11912","targetHints":{"allow":["GET"]}}],"collection":[{"href":"https:\/\/www.laertes.es\/ca\/wp-json\/wp\/v2\/product"}],"about":[{"href":"https:\/\/www.laertes.es\/ca\/wp-json\/wp\/v2\/types\/product"}],"version-history":[{"count":1,"href":"https:\/\/www.laertes.es\/ca\/wp-json\/wp\/v2\/product\/11912\/revisions"}],"predecessor-version":[{"id":15237,"href":"https:\/\/www.laertes.es\/ca\/wp-json\/wp\/v2\/product\/11912\/revisions\/15237"}],"wp:featuredmedia":[{"embeddable":true,"href":"https:\/\/www.laertes.es\/ca\/wp-json\/wp\/v2\/media\/9918"}],"wp:attachment":[{"href":"https:\/\/www.laertes.es\/ca\/wp-json\/wp\/v2\/media?parent=11912"}],"wp:term":[{"taxonomy":"product_brand","embeddable":true,"href":"https:\/\/www.laertes.es\/ca\/wp-json\/wp\/v2\/product_brand?post=11912"},{"taxonomy":"product_cat","embeddable":true,"href":"https:\/\/www.laertes.es\/ca\/wp-json\/wp\/v2\/product_cat?post=11912"},{"taxonomy":"product_tag","embeddable":true,"href":"https:\/\/www.laertes.es\/ca\/wp-json\/wp\/v2\/product_tag?post=11912"},{"taxonomy":"autores","embeddable":true,"href":"https:\/\/www.laertes.es\/ca\/wp-json\/wp\/v2\/autores?post=11912"},{"taxonomy":"formatos","embeddable":true,"href":"https:\/\/www.laertes.es\/ca\/wp-json\/wp\/v2\/formatos?post=11912"},{"taxonomy":"materias","embeddable":true,"href":"https:\/\/www.laertes.es\/ca\/wp-json\/wp\/v2\/materias?post=11912"}],"curies":[{"name":"wp","href":"https:\/\/api.w.org\/{rel}","templated":true}]}}