{"id":11911,"date":"2023-01-24T15:06:23","date_gmt":"2023-01-24T15:06:23","guid":{"rendered":"https:\/libro\/estudi-en-escarlata\/"},"modified":"2023-01-24T15:06:23","modified_gmt":"2023-01-24T15:06:23","slug":"estudi-en-escarlata","status":"publish","type":"product","link":"https:\/\/www.laertes.es\/ca\/llibre\/estudi-en-escarlata\/","title":{"rendered":"Estudi en escarlata"},"content":{"rendered":"","protected":false},"excerpt":{"rendered":"<p>Metge fracassat als mars polars i a l&#8217;\u00c0frica, ocultista sense clientela suficient a Alemanya, obligat per la necessitat, Sir Arthur Conan Doyle, despr\u00e9s d&#8217;un seguit de publicacions sense gaire \u00e8xit en revistes, el 1888 irromp amb Estudi en escarlata en el relat de tipus detectivesc que el far\u00e0 fam\u00f3s. Si b\u00e9 en el moment de la seva aparici\u00f3, Estudi en escarlata no va aconseguir un ress\u00f2 esclatant, va atraure tot seguit l&#8217;atenci\u00f3 dels editors nord-americans.  Estudi en escarlata cont\u00e9 dos relats diferenciats. En el primer, despr\u00e9s de presentar-nos les figures de Sherlock Holmes i el seu inseparable doctor watson, Conan Doyle planteja el cas de l&#8217;assassinat d&#8217;Enock J. Drebber, i les investigacions que porta aterme Sherlock Holmes. A la segona part, Doyle ens explica els antecedents del cas resolt per Holmes.<\/p>\n","protected":false},"featured_media":10020,"template":"","meta":[],"product_brand":[],"product_cat":[296],"product_tag":[],"autores":[388],"formatos":[355],"materias":[356],"class_list":{"0":"post-11911","1":"product","2":"type-product","3":"status-publish","4":"has-post-thumbnail","6":"product_cat-larca-ca","7":"autores-doyle-sir-arthur-conan-ca","8":"formatos-llibre","9":"materias-cuentos-clasicos-de-generos-fantasticos-ca","11":"first","12":"instock","13":"purchasable","14":"product-type-simple"},"yoast_head":"<!-- This site is optimized with the Yoast SEO plugin v27.3 - https:\/\/yoast.com\/product\/yoast-seo-wordpress\/ -->\n<title>Estudi en escarlata | Laertes ediciones<\/title>\n<meta name=\"robots\" content=\"index, follow, max-snippet:-1, max-image-preview:large, max-video-preview:-1\" \/>\n<link rel=\"canonical\" href=\"https:\/\/www.laertes.es\/ca\/llibre\/estudi-en-escarlata\/\" \/>\n<meta property=\"og:locale\" content=\"ca_ES\" \/>\n<meta property=\"og:type\" content=\"article\" \/>\n<meta property=\"og:title\" content=\"Estudi en escarlata | Laertes ediciones\" \/>\n<meta property=\"og:description\" content=\"Metge fracassat als mars polars i a l&#039;\u00c0frica, ocultista sense clientela suficient a Alemanya, obligat per la necessitat, Sir Arthur Conan Doyle, despr\u00e9s d&#039;un seguit de publicacions sense gaire \u00e8xit en revistes, el 1888 irromp amb Estudi en escarlata en el relat de tipus detectivesc que el far\u00e0 fam\u00f3s. Si b\u00e9 en el moment de la seva aparici\u00f3, Estudi en escarlata no va aconseguir un ress\u00f2 esclatant, va atraure tot seguit l&#039;atenci\u00f3 dels editors nord-americans. Estudi en escarlata cont\u00e9 dos relats diferenciats. En el primer, despr\u00e9s de presentar-nos les figures de Sherlock Holmes i el seu inseparable doctor watson, Conan Doyle planteja el cas de l&#039;assassinat d&#039;Enock J. Drebber, i les investigacions que porta aterme Sherlock Holmes. A la segona part, Doyle ens explica els antecedents del cas resolt per Holmes.\" \/>\n<meta property=\"og:url\" content=\"https:\/\/www.laertes.es\/ca\/llibre\/estudi-en-escarlata\/\" \/>\n<meta property=\"og:site_name\" content=\"Laertes ediciones\" \/>\n<meta property=\"og:image\" content=\"https:\/\/www.laertes.es\/wp-content\/uploads\/2023\/01\/9788475843674.jpg\" \/>\n\t<meta property=\"og:image:width\" content=\"709\" \/>\n\t<meta property=\"og:image:height\" content=\"1166\" \/>\n\t<meta property=\"og:image:type\" content=\"image\/jpeg\" \/>\n<script type=\"application\/ld+json\" class=\"yoast-schema-graph\">{\"@context\":\"https:\\\/\\\/schema.org\",\"@graph\":[{\"@type\":\"WebPage\",\"@id\":\"https:\\\/\\\/www.laertes.es\\\/ca\\\/llibre\\\/estudi-en-escarlata\\\/\",\"url\":\"https:\\\/\\\/www.laertes.es\\\/ca\\\/llibre\\\/estudi-en-escarlata\\\/\",\"name\":\"Estudi en escarlata | Laertes ediciones\",\"isPartOf\":{\"@id\":\"https:\\\/\\\/www.laertes.es\\\/ca\\\/#website\"},\"primaryImageOfPage\":{\"@id\":\"https:\\\/\\\/www.laertes.es\\\/ca\\\/llibre\\\/estudi-en-escarlata\\\/#primaryimage\"},\"image\":{\"@id\":\"https:\\\/\\\/www.laertes.es\\\/ca\\\/llibre\\\/estudi-en-escarlata\\\/#primaryimage\"},\"thumbnailUrl\":\"https:\\\/\\\/www.laertes.es\\\/wp-content\\\/uploads\\\/2023\\\/01\\\/9788475843674.jpg\",\"datePublished\":\"2023-01-24T15:06:23+00:00\",\"breadcrumb\":{\"@id\":\"https:\\\/\\\/www.laertes.es\\\/ca\\\/llibre\\\/estudi-en-escarlata\\\/#breadcrumb\"},\"inLanguage\":\"ca\",\"potentialAction\":[{\"@type\":\"ReadAction\",\"target\":[\"https:\\\/\\\/www.laertes.es\\\/ca\\\/llibre\\\/estudi-en-escarlata\\\/\"]}]},{\"@type\":\"ImageObject\",\"inLanguage\":\"ca\",\"@id\":\"https:\\\/\\\/www.laertes.es\\\/ca\\\/llibre\\\/estudi-en-escarlata\\\/#primaryimage\",\"url\":\"https:\\\/\\\/www.laertes.es\\\/wp-content\\\/uploads\\\/2023\\\/01\\\/9788475843674.jpg\",\"contentUrl\":\"https:\\\/\\\/www.laertes.es\\\/wp-content\\\/uploads\\\/2023\\\/01\\\/9788475843674.jpg\",\"width\":709,\"height\":1166},{\"@type\":\"BreadcrumbList\",\"@id\":\"https:\\\/\\\/www.laertes.es\\\/ca\\\/llibre\\\/estudi-en-escarlata\\\/#breadcrumb\",\"itemListElement\":[{\"@type\":\"ListItem\",\"position\":1,\"name\":\"Portada\",\"item\":\"https:\\\/\\\/www.laertes.es\\\/ca\\\/\"},{\"@type\":\"ListItem\",\"position\":2,\"name\":\"Tienda\",\"item\":\"https:\\\/\\\/www.laertes.es\\\/tienda\\\/\"},{\"@type\":\"ListItem\",\"position\":3,\"name\":\"Estudi en escarlata\"}]},{\"@type\":\"WebSite\",\"@id\":\"https:\\\/\\\/www.laertes.es\\\/ca\\\/#website\",\"url\":\"https:\\\/\\\/www.laertes.es\\\/ca\\\/\",\"name\":\"Laertes Ediciones\",\"description\":\"Editorial independiente desde 1975\",\"alternateName\":\"Laertes\",\"potentialAction\":[{\"@type\":\"SearchAction\",\"target\":{\"@type\":\"EntryPoint\",\"urlTemplate\":\"https:\\\/\\\/www.laertes.es\\\/ca\\\/?s={search_term_string}\"},\"query-input\":{\"@type\":\"PropertyValueSpecification\",\"valueRequired\":true,\"valueName\":\"search_term_string\"}}],\"inLanguage\":\"ca\"}]}<\/script>\n<!-- \/ Yoast SEO plugin. -->","yoast_head_json":{"title":"Estudi en escarlata | Laertes ediciones","robots":{"index":"index","follow":"follow","max-snippet":"max-snippet:-1","max-image-preview":"max-image-preview:large","max-video-preview":"max-video-preview:-1"},"canonical":"https:\/\/www.laertes.es\/ca\/llibre\/estudi-en-escarlata\/","og_locale":"ca_ES","og_type":"article","og_title":"Estudi en escarlata | Laertes ediciones","og_description":"Metge fracassat als mars polars i a l'\u00c0frica, ocultista sense clientela suficient a Alemanya, obligat per la necessitat, Sir Arthur Conan Doyle, despr\u00e9s d'un seguit de publicacions sense gaire \u00e8xit en revistes, el 1888 irromp amb Estudi en escarlata en el relat de tipus detectivesc que el far\u00e0 fam\u00f3s. Si b\u00e9 en el moment de la seva aparici\u00f3, Estudi en escarlata no va aconseguir un ress\u00f2 esclatant, va atraure tot seguit l'atenci\u00f3 dels editors nord-americans. Estudi en escarlata cont\u00e9 dos relats diferenciats. En el primer, despr\u00e9s de presentar-nos les figures de Sherlock Holmes i el seu inseparable doctor watson, Conan Doyle planteja el cas de l'assassinat d'Enock J. Drebber, i les investigacions que porta aterme Sherlock Holmes. A la segona part, Doyle ens explica els antecedents del cas resolt per Holmes.","og_url":"https:\/\/www.laertes.es\/ca\/llibre\/estudi-en-escarlata\/","og_site_name":"Laertes ediciones","og_image":[{"width":709,"height":1166,"url":"https:\/\/www.laertes.es\/wp-content\/uploads\/2023\/01\/9788475843674.jpg","type":"image\/jpeg"}],"schema":{"@context":"https:\/\/schema.org","@graph":[{"@type":"WebPage","@id":"https:\/\/www.laertes.es\/ca\/llibre\/estudi-en-escarlata\/","url":"https:\/\/www.laertes.es\/ca\/llibre\/estudi-en-escarlata\/","name":"Estudi en escarlata | Laertes ediciones","isPartOf":{"@id":"https:\/\/www.laertes.es\/ca\/#website"},"primaryImageOfPage":{"@id":"https:\/\/www.laertes.es\/ca\/llibre\/estudi-en-escarlata\/#primaryimage"},"image":{"@id":"https:\/\/www.laertes.es\/ca\/llibre\/estudi-en-escarlata\/#primaryimage"},"thumbnailUrl":"https:\/\/www.laertes.es\/wp-content\/uploads\/2023\/01\/9788475843674.jpg","datePublished":"2023-01-24T15:06:23+00:00","breadcrumb":{"@id":"https:\/\/www.laertes.es\/ca\/llibre\/estudi-en-escarlata\/#breadcrumb"},"inLanguage":"ca","potentialAction":[{"@type":"ReadAction","target":["https:\/\/www.laertes.es\/ca\/llibre\/estudi-en-escarlata\/"]}]},{"@type":"ImageObject","inLanguage":"ca","@id":"https:\/\/www.laertes.es\/ca\/llibre\/estudi-en-escarlata\/#primaryimage","url":"https:\/\/www.laertes.es\/wp-content\/uploads\/2023\/01\/9788475843674.jpg","contentUrl":"https:\/\/www.laertes.es\/wp-content\/uploads\/2023\/01\/9788475843674.jpg","width":709,"height":1166},{"@type":"BreadcrumbList","@id":"https:\/\/www.laertes.es\/ca\/llibre\/estudi-en-escarlata\/#breadcrumb","itemListElement":[{"@type":"ListItem","position":1,"name":"Portada","item":"https:\/\/www.laertes.es\/ca\/"},{"@type":"ListItem","position":2,"name":"Tienda","item":"https:\/\/www.laertes.es\/tienda\/"},{"@type":"ListItem","position":3,"name":"Estudi en escarlata"}]},{"@type":"WebSite","@id":"https:\/\/www.laertes.es\/ca\/#website","url":"https:\/\/www.laertes.es\/ca\/","name":"Laertes Ediciones","description":"Editorial independiente desde 1975","alternateName":"Laertes","potentialAction":[{"@type":"SearchAction","target":{"@type":"EntryPoint","urlTemplate":"https:\/\/www.laertes.es\/ca\/?s={search_term_string}"},"query-input":{"@type":"PropertyValueSpecification","valueRequired":true,"valueName":"search_term_string"}}],"inLanguage":"ca"}]}},"_links":{"self":[{"href":"https:\/\/www.laertes.es\/ca\/wp-json\/wp\/v2\/product\/11911","targetHints":{"allow":["GET"]}}],"collection":[{"href":"https:\/\/www.laertes.es\/ca\/wp-json\/wp\/v2\/product"}],"about":[{"href":"https:\/\/www.laertes.es\/ca\/wp-json\/wp\/v2\/types\/product"}],"version-history":[{"count":0,"href":"https:\/\/www.laertes.es\/ca\/wp-json\/wp\/v2\/product\/11911\/revisions"}],"wp:featuredmedia":[{"embeddable":true,"href":"https:\/\/www.laertes.es\/ca\/wp-json\/wp\/v2\/media\/10020"}],"wp:attachment":[{"href":"https:\/\/www.laertes.es\/ca\/wp-json\/wp\/v2\/media?parent=11911"}],"wp:term":[{"taxonomy":"product_brand","embeddable":true,"href":"https:\/\/www.laertes.es\/ca\/wp-json\/wp\/v2\/product_brand?post=11911"},{"taxonomy":"product_cat","embeddable":true,"href":"https:\/\/www.laertes.es\/ca\/wp-json\/wp\/v2\/product_cat?post=11911"},{"taxonomy":"product_tag","embeddable":true,"href":"https:\/\/www.laertes.es\/ca\/wp-json\/wp\/v2\/product_tag?post=11911"},{"taxonomy":"autores","embeddable":true,"href":"https:\/\/www.laertes.es\/ca\/wp-json\/wp\/v2\/autores?post=11911"},{"taxonomy":"formatos","embeddable":true,"href":"https:\/\/www.laertes.es\/ca\/wp-json\/wp\/v2\/formatos?post=11911"},{"taxonomy":"materias","embeddable":true,"href":"https:\/\/www.laertes.es\/ca\/wp-json\/wp\/v2\/materias?post=11911"}],"curies":[{"name":"wp","href":"https:\/\/api.w.org\/{rel}","templated":true}]}}